{"id":198850,"date":"2025-06-09T18:14:17","date_gmt":"2025-06-09T16:14:17","guid":{"rendered":"https:\/\/jogapiekna.com\/?post_type=product&#038;p=198850"},"modified":"2026-02-11T15:06:01","modified_gmt":"2026-02-11T14:06:01","slug":"olejek-do-ciala-neroli-paczula-100ml","status":"publish","type":"product","link":"https:\/\/jogapiekna.com\/en\/product\/olejek-do-ciala-neroli-paczula-100ml\/","title":{"rendered":"Body Oil - Neroli &amp; Patchouli - 100ml"},"content":{"rendered":"<h2>Aromatherapeutic composition of neroli, patchouli and black pepper<\/h2>\n<p>Neroli &amp; Patchouli Body Oil is a luxurious formula based on carefully selected natural plant oils that comprehensively nourish and regenerate dry and tired skin. Avocado, Japanese camellia, almond, grape seed and argan oils provide the skin with valuable vitamins, antioxidants and unsaturated fatty acids that strengthen the protective barrier, soothe irritation and improve elasticity.<\/p>\n<p>The aromatherapeutic blend of essential oils of bitter orange blossom (neroli), patchouli and black pepper has a calming effect on the mind, reduces tension and stress, and brings the body into a state of blissful relaxation. The scent is subtle yet distinctive, ideal for evening beauty rituals or a relaxing massage.<\/p>\n<p>Thanks to the lightness of the formula and the natural emollient content, the oil is quickly absorbed without leaving a greasy film on the skin. Regular use improves firmness, smooths the surface of the skin and promotes its natural regeneration.<\/p>\n<p>Neroli &amp; Patchouli Oil is the perfect combination of aromatherapy and care that not only nourishes the body, but also soothes the senses, helping you recover from a hard day.<\/p>\n<p>&nbsp;<\/p>\n<h2>Composition:<\/h2>\n<p>Helianthus Annuus Seed Oil, Oryza Sativa Bran Oil, Vitis Vinifera Seed Oil, Prunus Amygdalus Dulcis Oil, Coco-Caprylate\/Caprate, Piper Nigrum Oil, Argania Spinosa Kernel Oil, Aurantium Flower Oil, Pogostemon Cablin Oil, Camellia Japonica Seed Oil, Persea Gratissima Oil, Tocopherol (Vitamin E), Limonene, Linalool, Citral, Geraniol, Farnesol<\/p>\n<p>&nbsp;<\/p>\n<h2>Application:<\/h2>\n<p>Apply a small amount of the oil to clean, dry or slightly damp skin and gently massage in a circular motion until completely absorbed. The product is ideal as daily skin care, a component of evening wellness rituals or as a relaxing massage oil.<\/p>\n<p>The oil is particularly recommended for dry, tired, lacking elasticity skin and in need of regeneration and soothing.<\/p>\n<p>&nbsp;<\/p>\n<h3>Contraindications:<\/h3>\n<p>Do not use with hypersensitivity to the components of the drug.<\/p>\n<p>&nbsp;<\/p>\n<h3>Storage:<\/h3>\n<p>Store in a cool, dry and shaded place, away from sources of light and heat. Storage temperature should be below 20\u00b0C. Do not heat. Avoid contact with eyes. In case of eye contact, rinse with warm water. Product intended for external use only.<\/p>","protected":false},"excerpt":{"rendered":"<p>Neroli &amp; Patchouli Oil is a natural blend of nourishing oils and aromatic essential oils that intensely moisturise, regenerate the skin and relax the senses. Ideal for massage and daily care of dry, tired skin.<\/p>\n<ul>\n<li>Rich blend of nourishing avocado, camellia, almond, grape seed and argan oils<\/li>\n<li>Intensive hydration, regeneration and deep relaxation<\/li>\n<li>100% of ingredients of natural origin<\/li>\n<li>Capacity: 100ml<\/li>\n<li>Purpose: Body care<\/li>\n<\/ul>","protected":false},"featured_media":198851,"comment_status":"closed","ping_status":"closed","template":"","meta":{"_acf_changed":false,"site-sidebar-layout":"default","site-content-layout":"","ast-site-content-layout":"default","site-content-style":"default","site-sidebar-style":"default","ast-global-header-display":"","ast-banner-title-visibility":"","ast-main-header-display":"","ast-hfb-above-header-display":"","ast-hfb-below-header-display":"","ast-hfb-mobile-header-display":"","site-post-title":"","ast-breadcrumbs-content":"","ast-featured-img":"","footer-sml-layout":"","ast-disable-related-posts":"","theme-transparent-header-meta":"","adv-header-id-meta":"","stick-header-meta":"","header-above-stick-meta":"","header-main-stick-meta":"","header-below-stick-meta":"","astra-migrate-meta-layouts":"default","ast-page-background-enabled":"default","ast-page-background-meta":{"desktop":{"background-color":"var(--ast-global-color-5)","background-image":"","background-repeat":"repeat","background-position":"center center","background-size":"auto","background-attachment":"scroll","background-type":"","background-media":"","overlay-type":"","overlay-color":"","overlay-opacity":"","overlay-gradient":""},"tablet":{"background-color":"","background-image":"","background-repeat":"repeat","background-position":"center center","background-size":"auto","background-attachment":"scroll","background-type":"","background-media":"","overlay-type":"","overlay-color":"","overlay-opacity":"","overlay-gradient":""},"mobile":{"background-color":"","background-image":"","background-repeat":"repeat","background-position":"center center","background-size":"auto","background-attachment":"scroll","background-type":"","background-media":"","overlay-type":"","overlay-color":"","overlay-opacity":"","overlay-gradient":""}},"ast-content-background-meta":{"desktop":{"background-color":"var(--ast-global-color-4)","background-image":"","background-repeat":"repeat","background-position":"center center","background-size":"auto","background-attachment":"scroll","background-type":"","background-media":"","overlay-type":"","overlay-color":"","overlay-opacity":"","overlay-gradient":""},"tablet":{"background-color":"var(--ast-global-color-4)","background-image":"","background-repeat":"repeat","background-position":"center center","background-size":"auto","background-attachment":"scroll","background-type":"","background-media":"","overlay-type":"","overlay-color":"","overlay-opacity":"","overlay-gradient":""},"mobile":{"background-color":"var(--ast-global-color-4)","background-image":"","background-repeat":"repeat","background-position":"center center","background-size":"auto","background-attachment":"scroll","background-type":"","background-media":"","overlay-type":"","overlay-color":"","overlay-opacity":"","overlay-gradient":""}}},"product_brand":[],"product_cat":[331],"product_tag":[897,559,896,898,485,566],"class_list":{"0":"post-198850","1":"product","2":"type-product","3":"status-publish","4":"has-post-thumbnail","6":"product_cat-kosmetyki","7":"product_tag-neroli","8":"product_tag-odzywienie-skory","9":"product_tag-olejek-do-ciala","10":"product_tag-paczula","11":"product_tag-regeneracja","12":"product_tag-relaks","13":"desktop-align-left","14":"tablet-align-left","15":"mobile-align-left","17":"first","18":"outofstock","19":"taxable","20":"shipping-taxable","21":"purchasable","22":"product-type-simple"},"acf":[],"yoast_head":"<!-- This site is optimized with the Yoast SEO plugin v27.2 - https:\/\/yoast.com\/product\/yoast-seo-wordpress\/ -->\n<title>Olejek do cia\u0142a Neroli &amp; Paczula 100ml<\/title>\n<meta name=\"description\" content=\"Olejek Neroli &amp; Paczula to naturalna mieszanka od\u017cywczych olej\u00f3w i aromatycznych olejk\u00f3w eterycznych, kt\u00f3re intensywnie nawil\u017caj\u0105, regeneruj\u0105 sk\u00f3r\u0119 oraz odpr\u0119\u017caj\u0105 zmys\u0142y. Idealny do masa\u017cu i codziennej piel\u0119gnacji suchej, zm\u0119czonej sk\u00f3ry.\" \/>\n<meta name=\"robots\" content=\"index, follow, max-snippet:-1, max-image-preview:large, max-video-preview:-1\" \/>\n<link rel=\"canonical\" href=\"https:\/\/jogapiekna.com\/en\/product\/olejek-do-ciala-neroli-paczula-100ml\/\" \/>\n<meta property=\"og:locale\" content=\"en_GB\" \/>\n<meta property=\"og:type\" content=\"article\" \/>\n<meta property=\"og:title\" content=\"Olejek do cia\u0142a Neroli &amp; Paczula 100ml\" \/>\n<meta property=\"og:description\" content=\"Olejek Neroli &amp; Paczula to naturalna mieszanka od\u017cywczych olej\u00f3w i aromatycznych olejk\u00f3w eterycznych, kt\u00f3re intensywnie nawil\u017caj\u0105, regeneruj\u0105 sk\u00f3r\u0119 oraz odpr\u0119\u017caj\u0105 zmys\u0142y. Idealny do masa\u017cu i codziennej piel\u0119gnacji suchej, zm\u0119czonej sk\u00f3ry.\" \/>\n<meta property=\"og:url\" content=\"https:\/\/jogapiekna.com\/en\/product\/olejek-do-ciala-neroli-paczula-100ml\/\" \/>\n<meta property=\"og:site_name\" content=\"JOGA PI\u0118KNA | Joga Twarzy\" \/>\n<meta property=\"article:publisher\" content=\"https:\/\/www.facebook.com\/JogaPieknaCom\/\" \/>\n<meta property=\"article:modified_time\" content=\"2026-02-11T14:06:01+00:00\" \/>\n<meta property=\"og:image\" content=\"https:\/\/jogapiekna.com\/wp-content\/uploads\/2025\/06\/olejek-do-ciala-neroli-paczula-100ml.jpg\" \/>\n\t<meta property=\"og:image:width\" content=\"1000\" \/>\n\t<meta property=\"og:image:height\" content=\"1000\" \/>\n\t<meta property=\"og:image:type\" content=\"image\/jpeg\" \/>\n<meta name=\"twitter:card\" content=\"summary_large_image\" \/>\n<meta name=\"twitter:label1\" content=\"Estimated reading time\" \/>\n\t<meta name=\"twitter:data1\" content=\"2 minutes\" \/>\n<script type=\"application\/ld+json\" class=\"yoast-schema-graph\">{\"@context\":\"https:\/\/schema.org\",\"@graph\":[{\"@type\":\"WebPage\",\"@id\":\"https:\/\/jogapiekna.com\/produkt\/olejek-do-ciala-neroli-paczula-100ml\/\",\"url\":\"https:\/\/jogapiekna.com\/produkt\/olejek-do-ciala-neroli-paczula-100ml\/\",\"name\":\"Olejek do cia\u0142a Neroli & Paczula 100ml\",\"isPartOf\":{\"@id\":\"https:\/\/jogapiekna.com\/#website\"},\"primaryImageOfPage\":{\"@id\":\"https:\/\/jogapiekna.com\/produkt\/olejek-do-ciala-neroli-paczula-100ml\/#primaryimage\"},\"image\":{\"@id\":\"https:\/\/jogapiekna.com\/produkt\/olejek-do-ciala-neroli-paczula-100ml\/#primaryimage\"},\"thumbnailUrl\":\"https:\/\/jogapiekna.com\/wp-content\/uploads\/2025\/06\/olejek-do-ciala-neroli-paczula-100ml.jpg\",\"datePublished\":\"2025-06-09T16:14:17+00:00\",\"dateModified\":\"2026-02-11T14:06:01+00:00\",\"description\":\"Olejek Neroli & Paczula to naturalna mieszanka od\u017cywczych olej\u00f3w i aromatycznych olejk\u00f3w eterycznych, kt\u00f3re intensywnie nawil\u017caj\u0105, regeneruj\u0105 sk\u00f3r\u0119 oraz odpr\u0119\u017caj\u0105 zmys\u0142y. Idealny do masa\u017cu i codziennej piel\u0119gnacji suchej, zm\u0119czonej sk\u00f3ry.\",\"breadcrumb\":{\"@id\":\"https:\/\/jogapiekna.com\/produkt\/olejek-do-ciala-neroli-paczula-100ml\/#breadcrumb\"},\"inLanguage\":\"en-GB\",\"potentialAction\":[{\"@type\":\"ReadAction\",\"target\":[\"https:\/\/jogapiekna.com\/produkt\/olejek-do-ciala-neroli-paczula-100ml\/\"]}]},{\"@type\":\"ImageObject\",\"inLanguage\":\"en-GB\",\"@id\":\"https:\/\/jogapiekna.com\/produkt\/olejek-do-ciala-neroli-paczula-100ml\/#primaryimage\",\"url\":\"https:\/\/jogapiekna.com\/wp-content\/uploads\/2025\/06\/olejek-do-ciala-neroli-paczula-100ml.jpg\",\"contentUrl\":\"https:\/\/jogapiekna.com\/wp-content\/uploads\/2025\/06\/olejek-do-ciala-neroli-paczula-100ml.jpg\",\"width\":1000,\"height\":1000,\"caption\":\"Olejek do cia\u0142a Neroli & Paczula 100ml\"},{\"@type\":\"BreadcrumbList\",\"@id\":\"https:\/\/jogapiekna.com\/produkt\/olejek-do-ciala-neroli-paczula-100ml\/#breadcrumb\",\"itemListElement\":[{\"@type\":\"ListItem\",\"position\":1,\"name\":\"Strona g\u0142\u00f3wna\",\"item\":\"https:\/\/jogapiekna.com\/\"},{\"@type\":\"ListItem\",\"position\":2,\"name\":\"Sklep\",\"item\":\"https:\/\/jogapiekna.com\/sklep\/\"},{\"@type\":\"ListItem\",\"position\":3,\"name\":\"Olejek do cia\u0142a \u2022 Neroli &#038; Paczula \u2022 100ml\"}]},{\"@type\":\"WebSite\",\"@id\":\"https:\/\/jogapiekna.com\/#website\",\"url\":\"https:\/\/jogapiekna.com\/\",\"name\":\"Joga Pi\u0119kna Marta Kuci\u0144ska\",\"description\":\"Joga Pi\u0119kna pomaga kobietom zachowa\u0107 urod\u0119, cofn\u0105\u0107 oznaki up\u0142ywaj\u0105cego czasu i zm\u0119czenia, odzyska\u0107 promienny wygl\u0105d, naturalny u\u015bmiech i popraw\u0119 w\u0142asnej samooceny.\",\"publisher\":{\"@id\":\"https:\/\/jogapiekna.com\/#organization\"},\"potentialAction\":[{\"@type\":\"SearchAction\",\"target\":{\"@type\":\"EntryPoint\",\"urlTemplate\":\"https:\/\/jogapiekna.com\/?s={search_term_string}\"},\"query-input\":{\"@type\":\"PropertyValueSpecification\",\"valueRequired\":true,\"valueName\":\"search_term_string\"}}],\"inLanguage\":\"en-GB\"},{\"@type\":\"Organization\",\"@id\":\"https:\/\/jogapiekna.com\/#organization\",\"name\":\"Joga Pi\u0119kna Marta Kuci\u0144ska\",\"url\":\"https:\/\/jogapiekna.com\/\",\"logo\":{\"@type\":\"ImageObject\",\"inLanguage\":\"en-GB\",\"@id\":\"https:\/\/jogapiekna.com\/#\/schema\/logo\/image\/\",\"url\":\"https:\/\/jogapiekna.com\/wp-content\/uploads\/2022\/09\/joga-piekna-logo_Rka.png\",\"contentUrl\":\"https:\/\/jogapiekna.com\/wp-content\/uploads\/2022\/09\/joga-piekna-logo_Rka.png\",\"width\":231,\"height\":124,\"caption\":\"Joga Pi\u0119kna Marta Kuci\u0144ska\"},\"image\":{\"@id\":\"https:\/\/jogapiekna.com\/#\/schema\/logo\/image\/\"},\"sameAs\":[\"https:\/\/www.facebook.com\/JogaPieknaCom\/\",\"https:\/\/www.instagram.com\/jogapieknacom\/\"]}]}<\/script>\n<!-- \/ Yoast SEO plugin. -->","yoast_head_json":{"title":"Olejek do cia\u0142a Neroli & Paczula 100ml","description":"Olejek Neroli & Paczula to naturalna mieszanka od\u017cywczych olej\u00f3w i aromatycznych olejk\u00f3w eterycznych, kt\u00f3re intensywnie nawil\u017caj\u0105, regeneruj\u0105 sk\u00f3r\u0119 oraz odpr\u0119\u017caj\u0105 zmys\u0142y. Idealny do masa\u017cu i codziennej piel\u0119gnacji suchej, zm\u0119czonej sk\u00f3ry.","robots":{"index":"index","follow":"follow","max-snippet":"max-snippet:-1","max-image-preview":"max-image-preview:large","max-video-preview":"max-video-preview:-1"},"canonical":"https:\/\/jogapiekna.com\/en\/product\/olejek-do-ciala-neroli-paczula-100ml\/","og_locale":"en_GB","og_type":"article","og_title":"Olejek do cia\u0142a Neroli & Paczula 100ml","og_description":"Olejek Neroli & Paczula to naturalna mieszanka od\u017cywczych olej\u00f3w i aromatycznych olejk\u00f3w eterycznych, kt\u00f3re intensywnie nawil\u017caj\u0105, regeneruj\u0105 sk\u00f3r\u0119 oraz odpr\u0119\u017caj\u0105 zmys\u0142y. Idealny do masa\u017cu i codziennej piel\u0119gnacji suchej, zm\u0119czonej sk\u00f3ry.","og_url":"https:\/\/jogapiekna.com\/en\/product\/olejek-do-ciala-neroli-paczula-100ml\/","og_site_name":"JOGA PI\u0118KNA | Joga Twarzy","article_publisher":"https:\/\/www.facebook.com\/JogaPieknaCom\/","article_modified_time":"2026-02-11T14:06:01+00:00","og_image":[{"width":1000,"height":1000,"url":"https:\/\/jogapiekna.com\/wp-content\/uploads\/2025\/06\/olejek-do-ciala-neroli-paczula-100ml.jpg","type":"image\/jpeg"}],"twitter_card":"summary_large_image","twitter_misc":{"Estimated reading time":"2 minutes"},"schema":{"@context":"https:\/\/schema.org","@graph":[{"@type":"WebPage","@id":"https:\/\/jogapiekna.com\/produkt\/olejek-do-ciala-neroli-paczula-100ml\/","url":"https:\/\/jogapiekna.com\/produkt\/olejek-do-ciala-neroli-paczula-100ml\/","name":"Olejek do cia\u0142a Neroli & Paczula 100ml","isPartOf":{"@id":"https:\/\/jogapiekna.com\/#website"},"primaryImageOfPage":{"@id":"https:\/\/jogapiekna.com\/produkt\/olejek-do-ciala-neroli-paczula-100ml\/#primaryimage"},"image":{"@id":"https:\/\/jogapiekna.com\/produkt\/olejek-do-ciala-neroli-paczula-100ml\/#primaryimage"},"thumbnailUrl":"https:\/\/jogapiekna.com\/wp-content\/uploads\/2025\/06\/olejek-do-ciala-neroli-paczula-100ml.jpg","datePublished":"2025-06-09T16:14:17+00:00","dateModified":"2026-02-11T14:06:01+00:00","description":"Olejek Neroli & Paczula to naturalna mieszanka od\u017cywczych olej\u00f3w i aromatycznych olejk\u00f3w eterycznych, kt\u00f3re intensywnie nawil\u017caj\u0105, regeneruj\u0105 sk\u00f3r\u0119 oraz odpr\u0119\u017caj\u0105 zmys\u0142y. Idealny do masa\u017cu i codziennej piel\u0119gnacji suchej, zm\u0119czonej sk\u00f3ry.","breadcrumb":{"@id":"https:\/\/jogapiekna.com\/produkt\/olejek-do-ciala-neroli-paczula-100ml\/#breadcrumb"},"inLanguage":"en-GB","potentialAction":[{"@type":"ReadAction","target":["https:\/\/jogapiekna.com\/produkt\/olejek-do-ciala-neroli-paczula-100ml\/"]}]},{"@type":"ImageObject","inLanguage":"en-GB","@id":"https:\/\/jogapiekna.com\/produkt\/olejek-do-ciala-neroli-paczula-100ml\/#primaryimage","url":"https:\/\/jogapiekna.com\/wp-content\/uploads\/2025\/06\/olejek-do-ciala-neroli-paczula-100ml.jpg","contentUrl":"https:\/\/jogapiekna.com\/wp-content\/uploads\/2025\/06\/olejek-do-ciala-neroli-paczula-100ml.jpg","width":1000,"height":1000,"caption":"Olejek do cia\u0142a Neroli & Paczula 100ml"},{"@type":"BreadcrumbList","@id":"https:\/\/jogapiekna.com\/produkt\/olejek-do-ciala-neroli-paczula-100ml\/#breadcrumb","itemListElement":[{"@type":"ListItem","position":1,"name":"Strona g\u0142\u00f3wna","item":"https:\/\/jogapiekna.com\/"},{"@type":"ListItem","position":2,"name":"Sklep","item":"https:\/\/jogapiekna.com\/sklep\/"},{"@type":"ListItem","position":3,"name":"Olejek do cia\u0142a \u2022 Neroli &#038; Paczula \u2022 100ml"}]},{"@type":"WebSite","@id":"https:\/\/jogapiekna.com\/#website","url":"https:\/\/jogapiekna.com\/","name":"Yoga Beauty Marta Kuci\u0144ska","description":"Beauty Yoga helps women to maintain their beauty, reverse the signs of passing time and fatigue, regain a radiant appearance, natural smile and improve their self-esteem.","publisher":{"@id":"https:\/\/jogapiekna.com\/#organization"},"potentialAction":[{"@type":"SearchAction","target":{"@type":"EntryPoint","urlTemplate":"https:\/\/jogapiekna.com\/?s={search_term_string}"},"query-input":{"@type":"PropertyValueSpecification","valueRequired":true,"valueName":"search_term_string"}}],"inLanguage":"en-GB"},{"@type":"Organization","@id":"https:\/\/jogapiekna.com\/#organization","name":"Yoga Beauty Marta Kuci\u0144ska","url":"https:\/\/jogapiekna.com\/","logo":{"@type":"ImageObject","inLanguage":"en-GB","@id":"https:\/\/jogapiekna.com\/#\/schema\/logo\/image\/","url":"https:\/\/jogapiekna.com\/wp-content\/uploads\/2022\/09\/joga-piekna-logo_Rka.png","contentUrl":"https:\/\/jogapiekna.com\/wp-content\/uploads\/2022\/09\/joga-piekna-logo_Rka.png","width":231,"height":124,"caption":"Joga Pi\u0119kna Marta Kuci\u0144ska"},"image":{"@id":"https:\/\/jogapiekna.com\/#\/schema\/logo\/image\/"},"sameAs":["https:\/\/www.facebook.com\/JogaPieknaCom\/","https:\/\/www.instagram.com\/jogapieknacom\/"]}]}},"_links":{"self":[{"href":"https:\/\/jogapiekna.com\/en\/wp-json\/wp\/v2\/product\/198850","targetHints":{"allow":["GET"]}}],"collection":[{"href":"https:\/\/jogapiekna.com\/en\/wp-json\/wp\/v2\/product"}],"about":[{"href":"https:\/\/jogapiekna.com\/en\/wp-json\/wp\/v2\/types\/product"}],"replies":[{"embeddable":true,"href":"https:\/\/jogapiekna.com\/en\/wp-json\/wp\/v2\/comments?post=198850"}],"version-history":[{"count":0,"href":"https:\/\/jogapiekna.com\/en\/wp-json\/wp\/v2\/product\/198850\/revisions"}],"wp:featuredmedia":[{"embeddable":true,"href":"https:\/\/jogapiekna.com\/en\/wp-json\/wp\/v2\/media\/198851"}],"wp:attachment":[{"href":"https:\/\/jogapiekna.com\/en\/wp-json\/wp\/v2\/media?parent=198850"}],"wp:term":[{"taxonomy":"product_brand","embeddable":true,"href":"https:\/\/jogapiekna.com\/en\/wp-json\/wp\/v2\/product_brand?post=198850"},{"taxonomy":"product_cat","embeddable":true,"href":"https:\/\/jogapiekna.com\/en\/wp-json\/wp\/v2\/product_cat?post=198850"},{"taxonomy":"product_tag","embeddable":true,"href":"https:\/\/jogapiekna.com\/en\/wp-json\/wp\/v2\/product_tag?post=198850"}],"curies":[{"name":"wp","href":"https:\/\/api.w.org\/{rel}","templated":true}]}}