{"id":199130,"date":"2025-06-12T12:19:13","date_gmt":"2025-06-12T10:19:13","guid":{"rendered":"https:\/\/jogapiekna.com\/?post_type=product&#038;p=199130"},"modified":"2026-03-15T06:01:05","modified_gmt":"2026-03-15T05:01:05","slug":"peeling-do-ciala-pomarancza-300-ml","status":"publish","type":"product","link":"https:\/\/jogapiekna.com\/en\/product\/peeling-do-ciala-pomarancza-300-ml\/","title":{"rendered":"Orange body scrub - 300 ml"},"content":{"rendered":"<h2>Refreshing, smoothing and nourishing the skin in its natural rhythm<\/h2>\n<p>Immerse yourself in the energising aroma of succulent orange and give your skin care that refreshes the body and senses. The sugar scrub with strawberry seed particles is a natural way to exfoliate dead skin cells and improve microcirculation. The gentle yet effective formula is based on five natural oils \u2013 sunflower, almond, rice, grapeseed, and argan \u2013 which intensely moisturise, nourish and support skin regeneration.<\/p>\n<p>Shea butter and vitamin E support the skin's natural protective barrier, shielding it from dryness while bestowing a silky softness. The natural essential oil from sweet orange not only boasts a fresh and invigorating scent but also has firming and anti-cellulite properties \u2013 making it the ideal choice for skin in need of revitalisation.<\/p>\n<p>Effect? Skin becomes smooth, soft, and visibly more radiant after just one use. Ideal for year-round use \u2013 especially recommended after winter months, when skin loses firmness and elasticity.<\/p>\n<p>&nbsp;<\/p>\n<h2>Why is it worth it?<\/h2>\n<ul>\n<li>Exfoliates and smooths the epidermis<\/li>\n<li>Supports microcirculation and improves skin tone<\/li>\n<li>Nourishes, regenerates and protects against dryness<\/li>\n<li>It is relaxing and invigorating thanks to the natural orange aroma<\/li>\n<li>Suitable for all skin types, especially dry and tired skin<\/li>\n<\/ul>\n<p>&nbsp;<\/p>\n<h2>Active ingredients:<\/h2>\n<p><strong>Cane sugar<\/strong><br \/>\nNatural exfoliation<\/p>\n<p><strong>Strawberry seeds<\/strong><br \/>\ngentle exfoliating effect<\/p>\n<p><strong>Sunflower, almond, rice, grapeseed and argan oil<\/strong><br \/>\nIntensive hydration and regeneration<\/p>\n<p><strong>Shea butter and vitamin E<\/strong><br \/>\nprotection, flexibility and smoothness<\/p>\n<p><strong>Sweet orange essential oil<\/strong><br \/>\nAromatherapy, refreshment, and supporting the fight against cellulite<\/p>\n<p>&nbsp;<\/p>\n<h2>INCI composition:<\/h2>\n<p>Sucrose, Helianthus Annuus Seed Oil, Butyrospermum Parkii (Shea) Butter, Vitis Vinifera Seed Oil, Citrus Sinensis Dulcis Peel Oil, Oryza Sativa Bran Oil, Prunus Amygdalus Dulcis Oil, Argania Spinosa Kernel Oil, Fragaria Ananassa Seed, Tocopherol, Limonene, Linalool.<\/p>\n<p>&nbsp;<\/p>\n<h2>Using:<\/h2>\n<p>Apply the scrub to dry or slightly damp skin and massage in circular motions for a few minutes. Focus on areas that require smoothing. Rinse with warm water \u2013 you don't need to use moisturiser afterwards, as a nourishing oil layer will remain on the skin.<\/p>\n<p>&nbsp;<\/p>\n<h3>Precautions:<\/h3>\n<p>For external use only. Avoid contact with eyes. Do not use if you are hypersensitive to any of the ingredients.<\/p>","protected":false},"excerpt":{"rendered":"<p>A natural sugar scrub with strawberry seeds and sweet orange oil effectively exfoliates dead skin cells, smooths and moisturises the skin. It contains five nourishing plant oils, shea butter and vitamin E, which support regeneration and protect against dryness. The juicy, citrus scent stimulates the senses and has a relaxing effect. Ideal for dry, tired, and dull skin.<\/p>\n<ul>\n<li>99% of ingredients of natural origin<\/li>\n<li>Capacity: 300 ml<\/li>\n<li>Purpose: Body care<\/li>\n<\/ul>","protected":false},"featured_media":199131,"comment_status":"closed","ping_status":"closed","template":"","meta":{"_acf_changed":false,"site-sidebar-layout":"default","site-content-layout":"","ast-site-content-layout":"default","site-content-style":"default","site-sidebar-style":"default","ast-global-header-display":"","ast-banner-title-visibility":"","ast-main-header-display":"","ast-hfb-above-header-display":"","ast-hfb-below-header-display":"","ast-hfb-mobile-header-display":"","site-post-title":"","ast-breadcrumbs-content":"","ast-featured-img":"","footer-sml-layout":"","ast-disable-related-posts":"","theme-transparent-header-meta":"","adv-header-id-meta":"","stick-header-meta":"","header-above-stick-meta":"","header-main-stick-meta":"","header-below-stick-meta":"","astra-migrate-meta-layouts":"default","ast-page-background-enabled":"default","ast-page-background-meta":{"desktop":{"background-color":"var(--ast-global-color-5)","background-image":"","background-repeat":"repeat","background-position":"center center","background-size":"auto","background-attachment":"scroll","background-type":"","background-media":"","overlay-type":"","overlay-color":"","overlay-opacity":"","overlay-gradient":""},"tablet":{"background-color":"","background-image":"","background-repeat":"repeat","background-position":"center center","background-size":"auto","background-attachment":"scroll","background-type":"","background-media":"","overlay-type":"","overlay-color":"","overlay-opacity":"","overlay-gradient":""},"mobile":{"background-color":"","background-image":"","background-repeat":"repeat","background-position":"center center","background-size":"auto","background-attachment":"scroll","background-type":"","background-media":"","overlay-type":"","overlay-color":"","overlay-opacity":"","overlay-gradient":""}},"ast-content-background-meta":{"desktop":{"background-color":"var(--ast-global-color-4)","background-image":"","background-repeat":"repeat","background-position":"center center","background-size":"auto","background-attachment":"scroll","background-type":"","background-media":"","overlay-type":"","overlay-color":"","overlay-opacity":"","overlay-gradient":""},"tablet":{"background-color":"var(--ast-global-color-4)","background-image":"","background-repeat":"repeat","background-position":"center center","background-size":"auto","background-attachment":"scroll","background-type":"","background-media":"","overlay-type":"","overlay-color":"","overlay-opacity":"","overlay-gradient":""},"mobile":{"background-color":"var(--ast-global-color-4)","background-image":"","background-repeat":"repeat","background-position":"center center","background-size":"auto","background-attachment":"scroll","background-type":"","background-media":"","overlay-type":"","overlay-color":"","overlay-opacity":"","overlay-gradient":""}}},"product_brand":[],"product_cat":[331],"product_tag":[452,559,433,485,566,901],"class_list":{"0":"post-199130","1":"product","2":"type-product","3":"status-publish","4":"has-post-thumbnail","6":"product_cat-kosmetyki","7":"product_tag-lawenda","8":"product_tag-odzywienie-skory","9":"product_tag-peeling","10":"product_tag-regeneracja","11":"product_tag-relaks","12":"product_tag-szalwia","13":"desktop-align-left","14":"tablet-align-left","15":"mobile-align-left","17":"first","18":"outofstock","19":"taxable","20":"shipping-taxable","21":"purchasable","22":"product-type-simple"},"acf":[],"yoast_head":"<!-- This site is optimized with the Yoast SEO plugin v27.2 - https:\/\/yoast.com\/product\/yoast-seo-wordpress\/ -->\n<title>Peeling do cia\u0142a pomara\u0144cza \u2022 300 ml<\/title>\n<meta name=\"description\" content=\"Naturalny peeling cukrowy z pestkami truskawek i olejkiem ze s\u0142odkiej pomara\u0144czy skutecznie z\u0142uszcza martwy nask\u00f3rek, wyg\u0142adza i nawil\u017ca sk\u00f3r\u0119. Zawiera pi\u0119\u0107 od\u017cywczych olej\u00f3w ro\u015blinnych, mas\u0142o shea i witamin\u0119 E, kt\u00f3re wspieraj\u0105 regeneracj\u0119 i chroni\u0105 przed wysuszeniem.\" \/>\n<meta name=\"robots\" content=\"index, follow, max-snippet:-1, max-image-preview:large, max-video-preview:-1\" \/>\n<link rel=\"canonical\" href=\"https:\/\/jogapiekna.com\/en\/product\/peeling-do-ciala-pomarancza-300-ml\/\" \/>\n<meta property=\"og:locale\" content=\"en_GB\" \/>\n<meta property=\"og:type\" content=\"article\" \/>\n<meta property=\"og:title\" content=\"Peeling do cia\u0142a pomara\u0144cza \u2022 300 ml\" \/>\n<meta property=\"og:description\" content=\"Naturalny peeling cukrowy z pestkami truskawek i olejkiem ze s\u0142odkiej pomara\u0144czy skutecznie z\u0142uszcza martwy nask\u00f3rek, wyg\u0142adza i nawil\u017ca sk\u00f3r\u0119. Zawiera pi\u0119\u0107 od\u017cywczych olej\u00f3w ro\u015blinnych, mas\u0142o shea i witamin\u0119 E, kt\u00f3re wspieraj\u0105 regeneracj\u0119 i chroni\u0105 przed wysuszeniem.\" \/>\n<meta property=\"og:url\" content=\"https:\/\/jogapiekna.com\/en\/product\/peeling-do-ciala-pomarancza-300-ml\/\" \/>\n<meta property=\"og:site_name\" content=\"JOGA PI\u0118KNA | Joga Twarzy\" \/>\n<meta property=\"article:publisher\" content=\"https:\/\/www.facebook.com\/JogaPieknaCom\/\" \/>\n<meta property=\"article:modified_time\" content=\"2026-03-15T05:01:05+00:00\" \/>\n<meta property=\"og:image\" content=\"https:\/\/jogapiekna.com\/wp-content\/uploads\/2025\/06\/peeling-do-ciala-pomarancza-300ml.jpg\" \/>\n\t<meta property=\"og:image:width\" content=\"1000\" \/>\n\t<meta property=\"og:image:height\" content=\"1000\" \/>\n\t<meta property=\"og:image:type\" content=\"image\/jpeg\" \/>\n<meta name=\"twitter:card\" content=\"summary_large_image\" \/>\n<meta name=\"twitter:label1\" content=\"Estimated reading time\" \/>\n\t<meta name=\"twitter:data1\" content=\"2 minutes\" \/>\n<script type=\"application\/ld+json\" class=\"yoast-schema-graph\">{\"@context\":\"https:\/\/schema.org\",\"@graph\":[{\"@type\":\"WebPage\",\"@id\":\"https:\/\/jogapiekna.com\/produkt\/peeling-do-ciala-pomarancza-300-ml\/\",\"url\":\"https:\/\/jogapiekna.com\/produkt\/peeling-do-ciala-pomarancza-300-ml\/\",\"name\":\"Peeling do cia\u0142a pomara\u0144cza \u2022 300 ml\",\"isPartOf\":{\"@id\":\"https:\/\/jogapiekna.com\/#website\"},\"primaryImageOfPage\":{\"@id\":\"https:\/\/jogapiekna.com\/produkt\/peeling-do-ciala-pomarancza-300-ml\/#primaryimage\"},\"image\":{\"@id\":\"https:\/\/jogapiekna.com\/produkt\/peeling-do-ciala-pomarancza-300-ml\/#primaryimage\"},\"thumbnailUrl\":\"https:\/\/jogapiekna.com\/wp-content\/uploads\/2025\/06\/peeling-do-ciala-pomarancza-300ml.jpg\",\"datePublished\":\"2025-06-12T10:19:13+00:00\",\"dateModified\":\"2026-03-15T05:01:05+00:00\",\"description\":\"Naturalny peeling cukrowy z pestkami truskawek i olejkiem ze s\u0142odkiej pomara\u0144czy skutecznie z\u0142uszcza martwy nask\u00f3rek, wyg\u0142adza i nawil\u017ca sk\u00f3r\u0119. Zawiera pi\u0119\u0107 od\u017cywczych olej\u00f3w ro\u015blinnych, mas\u0142o shea i witamin\u0119 E, kt\u00f3re wspieraj\u0105 regeneracj\u0119 i chroni\u0105 przed wysuszeniem.\",\"breadcrumb\":{\"@id\":\"https:\/\/jogapiekna.com\/produkt\/peeling-do-ciala-pomarancza-300-ml\/#breadcrumb\"},\"inLanguage\":\"en-GB\",\"potentialAction\":[{\"@type\":\"ReadAction\",\"target\":[\"https:\/\/jogapiekna.com\/produkt\/peeling-do-ciala-pomarancza-300-ml\/\"]}]},{\"@type\":\"ImageObject\",\"inLanguage\":\"en-GB\",\"@id\":\"https:\/\/jogapiekna.com\/produkt\/peeling-do-ciala-pomarancza-300-ml\/#primaryimage\",\"url\":\"https:\/\/jogapiekna.com\/wp-content\/uploads\/2025\/06\/peeling-do-ciala-pomarancza-300ml.jpg\",\"contentUrl\":\"https:\/\/jogapiekna.com\/wp-content\/uploads\/2025\/06\/peeling-do-ciala-pomarancza-300ml.jpg\",\"width\":1000,\"height\":1000,\"caption\":\"Peeling do cia\u0142a pomara\u0144cza \u2022 300 ml\"},{\"@type\":\"BreadcrumbList\",\"@id\":\"https:\/\/jogapiekna.com\/produkt\/peeling-do-ciala-pomarancza-300-ml\/#breadcrumb\",\"itemListElement\":[{\"@type\":\"ListItem\",\"position\":1,\"name\":\"Strona g\u0142\u00f3wna\",\"item\":\"https:\/\/jogapiekna.com\/\"},{\"@type\":\"ListItem\",\"position\":2,\"name\":\"Sklep\",\"item\":\"https:\/\/jogapiekna.com\/sklep\/\"},{\"@type\":\"ListItem\",\"position\":3,\"name\":\"Peeling do cia\u0142a pomara\u0144cza \u2022 300 ml\"}]},{\"@type\":\"WebSite\",\"@id\":\"https:\/\/jogapiekna.com\/#website\",\"url\":\"https:\/\/jogapiekna.com\/\",\"name\":\"Joga Pi\u0119kna Marta Kuci\u0144ska\",\"description\":\"Joga Pi\u0119kna pomaga kobietom zachowa\u0107 urod\u0119, cofn\u0105\u0107 oznaki up\u0142ywaj\u0105cego czasu i zm\u0119czenia, odzyska\u0107 promienny wygl\u0105d, naturalny u\u015bmiech i popraw\u0119 w\u0142asnej samooceny.\",\"publisher\":{\"@id\":\"https:\/\/jogapiekna.com\/#organization\"},\"potentialAction\":[{\"@type\":\"SearchAction\",\"target\":{\"@type\":\"EntryPoint\",\"urlTemplate\":\"https:\/\/jogapiekna.com\/?s={search_term_string}\"},\"query-input\":{\"@type\":\"PropertyValueSpecification\",\"valueRequired\":true,\"valueName\":\"search_term_string\"}}],\"inLanguage\":\"en-GB\"},{\"@type\":\"Organization\",\"@id\":\"https:\/\/jogapiekna.com\/#organization\",\"name\":\"Joga Pi\u0119kna Marta Kuci\u0144ska\",\"url\":\"https:\/\/jogapiekna.com\/\",\"logo\":{\"@type\":\"ImageObject\",\"inLanguage\":\"en-GB\",\"@id\":\"https:\/\/jogapiekna.com\/#\/schema\/logo\/image\/\",\"url\":\"https:\/\/jogapiekna.com\/wp-content\/uploads\/2022\/09\/joga-piekna-logo_Rka.png\",\"contentUrl\":\"https:\/\/jogapiekna.com\/wp-content\/uploads\/2022\/09\/joga-piekna-logo_Rka.png\",\"width\":231,\"height\":124,\"caption\":\"Joga Pi\u0119kna Marta Kuci\u0144ska\"},\"image\":{\"@id\":\"https:\/\/jogapiekna.com\/#\/schema\/logo\/image\/\"},\"sameAs\":[\"https:\/\/www.facebook.com\/JogaPieknaCom\/\",\"https:\/\/www.instagram.com\/jogapieknacom\/\"]}]}<\/script>\n<!-- \/ Yoast SEO plugin. -->","yoast_head_json":{"title":"Orange body scrub - 300 ml","description":"Naturalny peeling cukrowy z pestkami truskawek i olejkiem ze s\u0142odkiej pomara\u0144czy skutecznie z\u0142uszcza martwy nask\u00f3rek, wyg\u0142adza i nawil\u017ca sk\u00f3r\u0119. Zawiera pi\u0119\u0107 od\u017cywczych olej\u00f3w ro\u015blinnych, mas\u0142o shea i witamin\u0119 E, kt\u00f3re wspieraj\u0105 regeneracj\u0119 i chroni\u0105 przed wysuszeniem.","robots":{"index":"index","follow":"follow","max-snippet":"max-snippet:-1","max-image-preview":"max-image-preview:large","max-video-preview":"max-video-preview:-1"},"canonical":"https:\/\/jogapiekna.com\/en\/product\/peeling-do-ciala-pomarancza-300-ml\/","og_locale":"en_GB","og_type":"article","og_title":"Peeling do cia\u0142a pomara\u0144cza \u2022 300 ml","og_description":"Naturalny peeling cukrowy z pestkami truskawek i olejkiem ze s\u0142odkiej pomara\u0144czy skutecznie z\u0142uszcza martwy nask\u00f3rek, wyg\u0142adza i nawil\u017ca sk\u00f3r\u0119. Zawiera pi\u0119\u0107 od\u017cywczych olej\u00f3w ro\u015blinnych, mas\u0142o shea i witamin\u0119 E, kt\u00f3re wspieraj\u0105 regeneracj\u0119 i chroni\u0105 przed wysuszeniem.","og_url":"https:\/\/jogapiekna.com\/en\/product\/peeling-do-ciala-pomarancza-300-ml\/","og_site_name":"JOGA PI\u0118KNA | Joga Twarzy","article_publisher":"https:\/\/www.facebook.com\/JogaPieknaCom\/","article_modified_time":"2026-03-15T05:01:05+00:00","og_image":[{"width":1000,"height":1000,"url":"https:\/\/jogapiekna.com\/wp-content\/uploads\/2025\/06\/peeling-do-ciala-pomarancza-300ml.jpg","type":"image\/jpeg"}],"twitter_card":"summary_large_image","twitter_misc":{"Estimated reading time":"2 minutes"},"schema":{"@context":"https:\/\/schema.org","@graph":[{"@type":"WebPage","@id":"https:\/\/jogapiekna.com\/produkt\/peeling-do-ciala-pomarancza-300-ml\/","url":"https:\/\/jogapiekna.com\/produkt\/peeling-do-ciala-pomarancza-300-ml\/","name":"Orange body scrub - 300 ml","isPartOf":{"@id":"https:\/\/jogapiekna.com\/#website"},"primaryImageOfPage":{"@id":"https:\/\/jogapiekna.com\/produkt\/peeling-do-ciala-pomarancza-300-ml\/#primaryimage"},"image":{"@id":"https:\/\/jogapiekna.com\/produkt\/peeling-do-ciala-pomarancza-300-ml\/#primaryimage"},"thumbnailUrl":"https:\/\/jogapiekna.com\/wp-content\/uploads\/2025\/06\/peeling-do-ciala-pomarancza-300ml.jpg","datePublished":"2025-06-12T10:19:13+00:00","dateModified":"2026-03-15T05:01:05+00:00","description":"Naturalny peeling cukrowy z pestkami truskawek i olejkiem ze s\u0142odkiej pomara\u0144czy skutecznie z\u0142uszcza martwy nask\u00f3rek, wyg\u0142adza i nawil\u017ca sk\u00f3r\u0119. Zawiera pi\u0119\u0107 od\u017cywczych olej\u00f3w ro\u015blinnych, mas\u0142o shea i witamin\u0119 E, kt\u00f3re wspieraj\u0105 regeneracj\u0119 i chroni\u0105 przed wysuszeniem.","breadcrumb":{"@id":"https:\/\/jogapiekna.com\/produkt\/peeling-do-ciala-pomarancza-300-ml\/#breadcrumb"},"inLanguage":"en-GB","potentialAction":[{"@type":"ReadAction","target":["https:\/\/jogapiekna.com\/produkt\/peeling-do-ciala-pomarancza-300-ml\/"]}]},{"@type":"ImageObject","inLanguage":"en-GB","@id":"https:\/\/jogapiekna.com\/produkt\/peeling-do-ciala-pomarancza-300-ml\/#primaryimage","url":"https:\/\/jogapiekna.com\/wp-content\/uploads\/2025\/06\/peeling-do-ciala-pomarancza-300ml.jpg","contentUrl":"https:\/\/jogapiekna.com\/wp-content\/uploads\/2025\/06\/peeling-do-ciala-pomarancza-300ml.jpg","width":1000,"height":1000,"caption":"Peeling do cia\u0142a pomara\u0144cza \u2022 300 ml"},{"@type":"BreadcrumbList","@id":"https:\/\/jogapiekna.com\/produkt\/peeling-do-ciala-pomarancza-300-ml\/#breadcrumb","itemListElement":[{"@type":"ListItem","position":1,"name":"Strona g\u0142\u00f3wna","item":"https:\/\/jogapiekna.com\/"},{"@type":"ListItem","position":2,"name":"Sklep","item":"https:\/\/jogapiekna.com\/sklep\/"},{"@type":"ListItem","position":3,"name":"Peeling do cia\u0142a pomara\u0144cza \u2022 300 ml"}]},{"@type":"WebSite","@id":"https:\/\/jogapiekna.com\/#website","url":"https:\/\/jogapiekna.com\/","name":"Yoga Beauty Marta Kuci\u0144ska","description":"Beauty Yoga helps women to maintain their beauty, reverse the signs of passing time and fatigue, regain a radiant appearance, natural smile and improve their self-esteem.","publisher":{"@id":"https:\/\/jogapiekna.com\/#organization"},"potentialAction":[{"@type":"SearchAction","target":{"@type":"EntryPoint","urlTemplate":"https:\/\/jogapiekna.com\/?s={search_term_string}"},"query-input":{"@type":"PropertyValueSpecification","valueRequired":true,"valueName":"search_term_string"}}],"inLanguage":"en-GB"},{"@type":"Organization","@id":"https:\/\/jogapiekna.com\/#organization","name":"Yoga Beauty Marta Kuci\u0144ska","url":"https:\/\/jogapiekna.com\/","logo":{"@type":"ImageObject","inLanguage":"en-GB","@id":"https:\/\/jogapiekna.com\/#\/schema\/logo\/image\/","url":"https:\/\/jogapiekna.com\/wp-content\/uploads\/2022\/09\/joga-piekna-logo_Rka.png","contentUrl":"https:\/\/jogapiekna.com\/wp-content\/uploads\/2022\/09\/joga-piekna-logo_Rka.png","width":231,"height":124,"caption":"Joga Pi\u0119kna Marta Kuci\u0144ska"},"image":{"@id":"https:\/\/jogapiekna.com\/#\/schema\/logo\/image\/"},"sameAs":["https:\/\/www.facebook.com\/JogaPieknaCom\/","https:\/\/www.instagram.com\/jogapieknacom\/"]}]}},"_links":{"self":[{"href":"https:\/\/jogapiekna.com\/en\/wp-json\/wp\/v2\/product\/199130","targetHints":{"allow":["GET"]}}],"collection":[{"href":"https:\/\/jogapiekna.com\/en\/wp-json\/wp\/v2\/product"}],"about":[{"href":"https:\/\/jogapiekna.com\/en\/wp-json\/wp\/v2\/types\/product"}],"replies":[{"embeddable":true,"href":"https:\/\/jogapiekna.com\/en\/wp-json\/wp\/v2\/comments?post=199130"}],"version-history":[{"count":1,"href":"https:\/\/jogapiekna.com\/en\/wp-json\/wp\/v2\/product\/199130\/revisions"}],"predecessor-version":[{"id":216000,"href":"https:\/\/jogapiekna.com\/en\/wp-json\/wp\/v2\/product\/199130\/revisions\/216000"}],"wp:featuredmedia":[{"embeddable":true,"href":"https:\/\/jogapiekna.com\/en\/wp-json\/wp\/v2\/media\/199131"}],"wp:attachment":[{"href":"https:\/\/jogapiekna.com\/en\/wp-json\/wp\/v2\/media?parent=199130"}],"wp:term":[{"taxonomy":"product_brand","embeddable":true,"href":"https:\/\/jogapiekna.com\/en\/wp-json\/wp\/v2\/product_brand?post=199130"},{"taxonomy":"product_cat","embeddable":true,"href":"https:\/\/jogapiekna.com\/en\/wp-json\/wp\/v2\/product_cat?post=199130"},{"taxonomy":"product_tag","embeddable":true,"href":"https:\/\/jogapiekna.com\/en\/wp-json\/wp\/v2\/product_tag?post=199130"}],"curies":[{"name":"wp","href":"https:\/\/api.w.org\/{rel}","templated":true}]}}