{"id":199253,"date":"2025-06-15T20:30:53","date_gmt":"2025-06-15T18:30:53","guid":{"rendered":"https:\/\/jogapiekna.com\/?post_type=product&#038;p=199253"},"modified":"2026-03-09T09:24:44","modified_gmt":"2026-03-09T08:24:44","slug":"kinesiotaping-estetyczny-pro_jogapiekna-kurs-online","status":"publish","type":"product","link":"https:\/\/jogapiekna.com\/en\/product\/kinesiotaping-estetyczny-pro_jogapiekna-kurs-online\/","title":{"rendered":"Kinesiotaping aesthetic PRO Yoga Beauty - online course"},"content":{"rendered":"<p><strong>Face taping course with Beauty yoga-why is it worth it?<\/strong><br \/>\nAesthetic kinesiotaping is a technique that brilliantly complements and enhances the effects of facial yoga exercises and self-massage.<\/p>\n<p>It uses elastic tapes (known as towelettes) to stimulate the natural regeneration processes of the skin and tissues underneath. Tape <strong>gently lifts the skin<\/strong>, creating a space that improves blood and lymph circulation. This reduces swelling, muscle tension and the appearance of wrinkles.<\/p>\n<p>&nbsp;<\/p>\n<h3>Kinesiotaping aesthetic effects<\/h3>\n<p>* You will completely or completely eliminate wrinkles: m.in lion&#039;s wrinkle, crow&#039;s feet, hamsters, nasolabial furrows<br \/>\n* Tones and tightens the skin of the face, neck and decollete<br \/>\n* You&#039;ll get rid of unsightly, aging puffiness and puffiness<br \/>\n* You will expand and enhance the effects of facial yoga and automation<br \/>\n* You will naturally improve blood and lymph circulation and thus restore a youthful, radiant appearance<br \/>\n* Every day you will be happy to look at yourself in the mirror and feel better<br \/>\n* You will get a natural lifting effect without using a scalpel<br \/>\n- Facial features will be more expressive<\/p>\n<p>&nbsp;<\/p>\n<h2>How to make a face ribbon?<\/h2>\n<p>* You need a good quality kinesiotaping tape.<br \/>\n- To learn how to stick facial towelettes, all you need to do is start the lessons in my Aesthetic Kinesiotaping PRO course. I will guide you from A to Z through learning effective kinesiotaping.<br \/>\n* The feed should be performed regularly. During the first 2 weeks, preferably daily, later 2-3 times a week.<br \/>\nYou may notice the first results in a few days.<\/p>\n<p>&nbsp;<\/p>\n<h3>What will you learn in the Kinesiotaping aesthetic PRO Yoga Beauty course?<\/h3>\n<p>- How to apply aesthetic kinesiotaping safely and effectively at home - without spending a fortune on treatments.<br \/>\n- How to cut the tapes, how to stretch them, in which direction to guide the application - all step by step, without insinuation.<br \/>\n- How to prepare the skin and the tapes, where and how to apply them, and... how to take them off so that they work, not harm.<br \/>\n- Why the course of the lymphatic pathways matters and how to work with the face holistically, not just \u201epoint-wise\u201d.<br \/>\n- How to use the patch to smooth wrinkles, improve facial contours, reduce puffiness and restore radiant skin.<br \/>\n- How to add to your daily routine a simple yet effective ritual that promotes skin regeneration and pleasantly relaxes tensions.<\/p>\n<p>&nbsp;<\/p>\n<h2>The PRO Yoga Beauty Aesthetic Kinesiotaping course includes:<\/h2>\n<p>* video recordings on the face, neck and decollete: from preparing tejps and skin to sticking and removing patches<br \/>\n* the necessary knowledge about kinesiotaping that will allow you to safely apply it at home<br \/>\n* additional PDF materials on using the feed<\/p>\n<p><strong>and bonuses:<\/strong><br \/>\n* video recording of a set of yoga exercises for the face<br \/>\n* video recording of face and neck massage with gua sha plate<\/p>\n<p>You can redo the Aesthetic Kinesiotaping PRO course when it is convenient for you. You get up to <strong>3-year access to a convenient e-learning platform<\/strong>which you can use anytime, anywhere. On the platform you will find all recordings and additional materials for downloading. All you have to do is log in to the course platform to use the materials.<\/p>\n<p>Course materials will be available on 27.06.2025.<br \/>\n<strong>Your access to the course belongs only to you!!! Any copying, processing, distribution of these materials in whole or in part, as well as providing Usernames to third parties is prohibited.<\/strong><\/p>\n<p><strong>The PRO Aesthetic Kiesiotaping course is designed for personal use, to be applied at home. It is not an instructor-led course. <\/strong><\/p>\n<p>&nbsp;<\/p>\n<h2>Face taping contraindications<\/h2>\n<p>* Face tape can not be used for skin inflammations with any basis, scratches, wounds, fresh scars, vascular diseases \u2013 at this time, you can not stick the tape.<br \/>\n* Contraindication is also the acute phase of psoriasis, herpes, acne, rosacea.<br \/>\n* Cancer and neurological diseases exclude the possibility of using aesthetic kinesiotaping.<br \/>\n\u2022 In other cases, unless otherwise prescribed by the doctor, this method can be used every day.<\/p>\n<p>\u2013\u2013\u2013<br \/>\n<strong>IMPORTANT INFORMATION:<\/strong><br \/>\n<strong> Read before you order the Kinesiotaping aesthetic PRO course: <\/strong><\/p>\n<ul>\n<li>Check if you are sure <strong>right<\/strong> you enter your email address.<\/li>\n<li>Please make sure that the email containing your data is not included in spam. This often happens.<\/li>\n<li>If you pay with a regular transfer, please note that it may take up to 3 business days to place the payment (depending on the operation of your bank).<\/li>\n<li>After payment, you will receive an email from us with a link to <strong>Course Panel<\/strong>.<\/li>\n<li>Your login credentials: Login is the name of your email address and password-if you created an account in the store, you are working with the same one. If you have not created an account, you will receive a password generated from the system in Yandex. Mail after the order is approved.<\/li>\n<li>By clicking \"Order with obligation to pay\", I agree that the performance will commence before the end of the withdrawal period and acknowledge that I lose my right of withdrawal once the digital content has been made available.<\/li>\n<li><img fetchpriority=\"high\" decoding=\"async\" class=\"alignleft wp-image-15473 size-full\" src=\"https:\/\/jogapiekna.com\/wp-content\/uploads\/2022\/06\/potwierdzenie-zamowienia-kurs-online.jpg\" alt=\"joga twarzy kurs\" width=\"612\" height=\"412\" \/><\/li>\n<\/ul>","protected":false},"excerpt":{"rendered":"<p>Are you looking to rejuvenate your skin, smooth out wrinkles and firm your skin? Do you want to take care of your skin's appearance naturally and without much effort?<\/p>\n<p>Take the PRO Beauty Yoga aesthetic Kinesiotaping online course. I will show you how to use tejping to add freshness, lightness and life to your face.<\/p>\n<p><strong> The PRO Yoga Beauty Aesthetic Kinesiotaping course includes: <\/strong><br \/>\n* video recordings on the front band: from preparing tejps and skin to sticking and removing patches<br \/>\n* necessary knowledge about kinesiotaping<br \/>\n- 24 videos on face, neck and d\u00e9collet\u00e9 taping<br \/>\n* additional PDF materials on using the feed<br \/>\n- 3-year access<\/p>\n<p><strong>and bonuses:<\/strong><br \/>\n* video recording of a set of yoga exercises for the face<br \/>\n* video recording of face and neck massage with gua sha plate<\/p>","protected":false},"featured_media":199257,"comment_status":"closed","ping_status":"closed","template":"","meta":{"_acf_changed":false,"site-sidebar-layout":"default","site-content-layout":"","ast-site-content-layout":"default","site-content-style":"default","site-sidebar-style":"default","ast-global-header-display":"","ast-banner-title-visibility":"","ast-main-header-display":"","ast-hfb-above-header-display":"","ast-hfb-below-header-display":"","ast-hfb-mobile-header-display":"","site-post-title":"","ast-breadcrumbs-content":"","ast-featured-img":"","footer-sml-layout":"","ast-disable-related-posts":"","theme-transparent-header-meta":"","adv-header-id-meta":"","stick-header-meta":"","header-above-stick-meta":"","header-main-stick-meta":"","header-below-stick-meta":"","astra-migrate-meta-layouts":"default","ast-page-background-enabled":"default","ast-page-background-meta":{"desktop":{"background-color":"var(--ast-global-color-5)","background-image":"","background-repeat":"repeat","background-position":"center center","background-size":"auto","background-attachment":"scroll","background-type":"","background-media":"","overlay-type":"","overlay-color":"","overlay-opacity":"","overlay-gradient":""},"tablet":{"background-color":"","background-image":"","background-repeat":"repeat","background-position":"center center","background-size":"auto","background-attachment":"scroll","background-type":"","background-media":"","overlay-type":"","overlay-color":"","overlay-opacity":"","overlay-gradient":""},"mobile":{"background-color":"","background-image":"","background-repeat":"repeat","background-position":"center center","background-size":"auto","background-attachment":"scroll","background-type":"","background-media":"","overlay-type":"","overlay-color":"","overlay-opacity":"","overlay-gradient":""}},"ast-content-background-meta":{"desktop":{"background-color":"var(--ast-global-color-4)","background-image":"","background-repeat":"repeat","background-position":"center center","background-size":"auto","background-attachment":"scroll","background-type":"","background-media":"","overlay-type":"","overlay-color":"","overlay-opacity":"","overlay-gradient":""},"tablet":{"background-color":"var(--ast-global-color-4)","background-image":"","background-repeat":"repeat","background-position":"center center","background-size":"auto","background-attachment":"scroll","background-type":"","background-media":"","overlay-type":"","overlay-color":"","overlay-opacity":"","overlay-gradient":""},"mobile":{"background-color":"var(--ast-global-color-4)","background-image":"","background-repeat":"repeat","background-position":"center center","background-size":"auto","background-attachment":"scroll","background-type":"","background-media":"","overlay-type":"","overlay-color":"","overlay-opacity":"","overlay-gradient":""}}},"product_brand":[],"product_cat":[621,203],"product_tag":[207,235,509,206],"class_list":{"0":"post-199253","1":"product","2":"type-product","3":"status-publish","4":"has-post-thumbnail","6":"product_cat-kinesiotaping-estetyczny","7":"product_cat-kursy-online","8":"product_tag-autoodmladzanie","9":"product_tag-kinesiotaping","10":"product_tag-kursy-i-warsztaty","11":"product_tag-taping","12":"desktop-align-left","13":"tablet-align-left","14":"mobile-align-left","16":"first","17":"instock","18":"downloadable","19":"virtual","20":"taxable","21":"purchasable","22":"product-type-simple"},"acf":[],"yoast_head":"<!-- This site is optimized with the Yoast SEO plugin v27.2 - https:\/\/yoast.com\/product\/yoast-seo-wordpress\/ -->\n<title>Kinesiotaping estetyczny PRO z Jog\u0105 Pi\u0119kna \u2013 kurs online\u00a0<\/title>\n<meta name=\"description\" content=\"Poznaj technik\u0119 naturalnego odm\u0142adzania. Kurs Kinesiotaping estetyczny twarzy z Jog\u0105 Pi\u0119kna to spos\u00f3b na modelowanie twarzy i wyg\u0142adzenie zmarszczek.\u00a0\" \/>\n<meta name=\"robots\" content=\"index, follow, max-snippet:-1, max-image-preview:large, max-video-preview:-1\" \/>\n<link rel=\"canonical\" href=\"https:\/\/jogapiekna.com\/en\/product\/kinesiotaping-estetyczny-pro_jogapiekna-kurs-online\/\" \/>\n<meta property=\"og:locale\" content=\"en_GB\" \/>\n<meta property=\"og:type\" content=\"article\" \/>\n<meta property=\"og:title\" content=\"Kinesiotaping estetyczny PRO z Jog\u0105 Pi\u0119kna \u2013 kurs online\u00a0\" \/>\n<meta property=\"og:description\" content=\"Poznaj technik\u0119 naturalnego odm\u0142adzania. Kurs Kinesiotaping estetyczny twarzy z Jog\u0105 Pi\u0119kna to spos\u00f3b na modelowanie twarzy i wyg\u0142adzenie zmarszczek.\u00a0\" \/>\n<meta property=\"og:url\" content=\"https:\/\/jogapiekna.com\/en\/product\/kinesiotaping-estetyczny-pro_jogapiekna-kurs-online\/\" \/>\n<meta property=\"og:site_name\" content=\"JOGA PI\u0118KNA | Joga Twarzy\" \/>\n<meta property=\"article:publisher\" content=\"https:\/\/www.facebook.com\/JogaPieknaCom\/\" \/>\n<meta property=\"article:modified_time\" content=\"2026-03-09T08:24:44+00:00\" \/>\n<meta property=\"og:image\" content=\"https:\/\/jogapiekna.com\/wp-content\/uploads\/2025\/06\/kinesiotaping-estetyczny_kurs-online_sklep_joga-piekna2.jpg\" \/>\n\t<meta property=\"og:image:width\" content=\"1000\" \/>\n\t<meta property=\"og:image:height\" content=\"1000\" \/>\n\t<meta property=\"og:image:type\" content=\"image\/jpeg\" \/>\n<meta name=\"twitter:card\" content=\"summary_large_image\" \/>\n<meta name=\"twitter:label1\" content=\"Estimated reading time\" \/>\n\t<meta name=\"twitter:data1\" content=\"5 minutes\" \/>\n<script type=\"application\/ld+json\" class=\"yoast-schema-graph\">{\"@context\":\"https:\/\/schema.org\",\"@graph\":[{\"@type\":\"WebPage\",\"@id\":\"https:\/\/jogapiekna.com\/produkt\/kinesiotaping-estetyczny-pro_jogapiekna-kurs-online\/\",\"url\":\"https:\/\/jogapiekna.com\/produkt\/kinesiotaping-estetyczny-pro_jogapiekna-kurs-online\/\",\"name\":\"Kinesiotaping estetyczny PRO z Jog\u0105 Pi\u0119kna \u2013 kurs online\u00a0\",\"isPartOf\":{\"@id\":\"https:\/\/jogapiekna.com\/#website\"},\"primaryImageOfPage\":{\"@id\":\"https:\/\/jogapiekna.com\/produkt\/kinesiotaping-estetyczny-pro_jogapiekna-kurs-online\/#primaryimage\"},\"image\":{\"@id\":\"https:\/\/jogapiekna.com\/produkt\/kinesiotaping-estetyczny-pro_jogapiekna-kurs-online\/#primaryimage\"},\"thumbnailUrl\":\"https:\/\/jogapiekna.com\/wp-content\/uploads\/2025\/06\/kinesiotaping-estetyczny_kurs-online_sklep_joga-piekna2.jpg\",\"datePublished\":\"2025-06-15T18:30:53+00:00\",\"dateModified\":\"2026-03-09T08:24:44+00:00\",\"description\":\"Poznaj technik\u0119 naturalnego odm\u0142adzania. Kurs Kinesiotaping estetyczny twarzy z Jog\u0105 Pi\u0119kna to spos\u00f3b na modelowanie twarzy i wyg\u0142adzenie zmarszczek.\u00a0\",\"breadcrumb\":{\"@id\":\"https:\/\/jogapiekna.com\/produkt\/kinesiotaping-estetyczny-pro_jogapiekna-kurs-online\/#breadcrumb\"},\"inLanguage\":\"en-GB\",\"potentialAction\":[{\"@type\":\"ReadAction\",\"target\":[\"https:\/\/jogapiekna.com\/produkt\/kinesiotaping-estetyczny-pro_jogapiekna-kurs-online\/\"]}]},{\"@type\":\"ImageObject\",\"inLanguage\":\"en-GB\",\"@id\":\"https:\/\/jogapiekna.com\/produkt\/kinesiotaping-estetyczny-pro_jogapiekna-kurs-online\/#primaryimage\",\"url\":\"https:\/\/jogapiekna.com\/wp-content\/uploads\/2025\/06\/kinesiotaping-estetyczny_kurs-online_sklep_joga-piekna2.jpg\",\"contentUrl\":\"https:\/\/jogapiekna.com\/wp-content\/uploads\/2025\/06\/kinesiotaping-estetyczny_kurs-online_sklep_joga-piekna2.jpg\",\"width\":1000,\"height\":1000},{\"@type\":\"BreadcrumbList\",\"@id\":\"https:\/\/jogapiekna.com\/produkt\/kinesiotaping-estetyczny-pro_jogapiekna-kurs-online\/#breadcrumb\",\"itemListElement\":[{\"@type\":\"ListItem\",\"position\":1,\"name\":\"Strona g\u0142\u00f3wna\",\"item\":\"https:\/\/jogapiekna.com\/\"},{\"@type\":\"ListItem\",\"position\":2,\"name\":\"Sklep\",\"item\":\"https:\/\/jogapiekna.com\/sklep\/\"},{\"@type\":\"ListItem\",\"position\":3,\"name\":\"Kinesiotaping estetyczny PRO Joga Pi\u0119kna \u2013 kurs online\"}]},{\"@type\":\"WebSite\",\"@id\":\"https:\/\/jogapiekna.com\/#website\",\"url\":\"https:\/\/jogapiekna.com\/\",\"name\":\"Joga Pi\u0119kna Marta Kuci\u0144ska\",\"description\":\"Joga Pi\u0119kna pomaga kobietom zachowa\u0107 urod\u0119, cofn\u0105\u0107 oznaki up\u0142ywaj\u0105cego czasu i zm\u0119czenia, odzyska\u0107 promienny wygl\u0105d, naturalny u\u015bmiech i popraw\u0119 w\u0142asnej samooceny.\",\"publisher\":{\"@id\":\"https:\/\/jogapiekna.com\/#organization\"},\"potentialAction\":[{\"@type\":\"SearchAction\",\"target\":{\"@type\":\"EntryPoint\",\"urlTemplate\":\"https:\/\/jogapiekna.com\/?s={search_term_string}\"},\"query-input\":{\"@type\":\"PropertyValueSpecification\",\"valueRequired\":true,\"valueName\":\"search_term_string\"}}],\"inLanguage\":\"en-GB\"},{\"@type\":\"Organization\",\"@id\":\"https:\/\/jogapiekna.com\/#organization\",\"name\":\"Joga Pi\u0119kna Marta Kuci\u0144ska\",\"url\":\"https:\/\/jogapiekna.com\/\",\"logo\":{\"@type\":\"ImageObject\",\"inLanguage\":\"en-GB\",\"@id\":\"https:\/\/jogapiekna.com\/#\/schema\/logo\/image\/\",\"url\":\"https:\/\/jogapiekna.com\/wp-content\/uploads\/2022\/09\/joga-piekna-logo_Rka.png\",\"contentUrl\":\"https:\/\/jogapiekna.com\/wp-content\/uploads\/2022\/09\/joga-piekna-logo_Rka.png\",\"width\":231,\"height\":124,\"caption\":\"Joga Pi\u0119kna Marta Kuci\u0144ska\"},\"image\":{\"@id\":\"https:\/\/jogapiekna.com\/#\/schema\/logo\/image\/\"},\"sameAs\":[\"https:\/\/www.facebook.com\/JogaPieknaCom\/\",\"https:\/\/www.instagram.com\/jogapieknacom\/\"]}]}<\/script>\n<!-- \/ Yoast SEO plugin. -->","yoast_head_json":{"title":"Kinesiotaping estetyczny PRO z Jog\u0105 Pi\u0119kna \u2013 kurs online\u00a0","description":"Poznaj technik\u0119 naturalnego odm\u0142adzania. Kurs Kinesiotaping estetyczny twarzy z Jog\u0105 Pi\u0119kna to spos\u00f3b na modelowanie twarzy i wyg\u0142adzenie zmarszczek.\u00a0","robots":{"index":"index","follow":"follow","max-snippet":"max-snippet:-1","max-image-preview":"max-image-preview:large","max-video-preview":"max-video-preview:-1"},"canonical":"https:\/\/jogapiekna.com\/en\/product\/kinesiotaping-estetyczny-pro_jogapiekna-kurs-online\/","og_locale":"en_GB","og_type":"article","og_title":"Kinesiotaping estetyczny PRO z Jog\u0105 Pi\u0119kna \u2013 kurs online\u00a0","og_description":"Poznaj technik\u0119 naturalnego odm\u0142adzania. Kurs Kinesiotaping estetyczny twarzy z Jog\u0105 Pi\u0119kna to spos\u00f3b na modelowanie twarzy i wyg\u0142adzenie zmarszczek.\u00a0","og_url":"https:\/\/jogapiekna.com\/en\/product\/kinesiotaping-estetyczny-pro_jogapiekna-kurs-online\/","og_site_name":"JOGA PI\u0118KNA | Joga Twarzy","article_publisher":"https:\/\/www.facebook.com\/JogaPieknaCom\/","article_modified_time":"2026-03-09T08:24:44+00:00","og_image":[{"width":1000,"height":1000,"url":"https:\/\/jogapiekna.com\/wp-content\/uploads\/2025\/06\/kinesiotaping-estetyczny_kurs-online_sklep_joga-piekna2.jpg","type":"image\/jpeg"}],"twitter_card":"summary_large_image","twitter_misc":{"Estimated reading time":"5 minutes"},"schema":{"@context":"https:\/\/schema.org","@graph":[{"@type":"WebPage","@id":"https:\/\/jogapiekna.com\/produkt\/kinesiotaping-estetyczny-pro_jogapiekna-kurs-online\/","url":"https:\/\/jogapiekna.com\/produkt\/kinesiotaping-estetyczny-pro_jogapiekna-kurs-online\/","name":"Kinesiotaping estetyczny PRO z Jog\u0105 Pi\u0119kna \u2013 kurs online\u00a0","isPartOf":{"@id":"https:\/\/jogapiekna.com\/#website"},"primaryImageOfPage":{"@id":"https:\/\/jogapiekna.com\/produkt\/kinesiotaping-estetyczny-pro_jogapiekna-kurs-online\/#primaryimage"},"image":{"@id":"https:\/\/jogapiekna.com\/produkt\/kinesiotaping-estetyczny-pro_jogapiekna-kurs-online\/#primaryimage"},"thumbnailUrl":"https:\/\/jogapiekna.com\/wp-content\/uploads\/2025\/06\/kinesiotaping-estetyczny_kurs-online_sklep_joga-piekna2.jpg","datePublished":"2025-06-15T18:30:53+00:00","dateModified":"2026-03-09T08:24:44+00:00","description":"Poznaj technik\u0119 naturalnego odm\u0142adzania. Kurs Kinesiotaping estetyczny twarzy z Jog\u0105 Pi\u0119kna to spos\u00f3b na modelowanie twarzy i wyg\u0142adzenie zmarszczek.\u00a0","breadcrumb":{"@id":"https:\/\/jogapiekna.com\/produkt\/kinesiotaping-estetyczny-pro_jogapiekna-kurs-online\/#breadcrumb"},"inLanguage":"en-GB","potentialAction":[{"@type":"ReadAction","target":["https:\/\/jogapiekna.com\/produkt\/kinesiotaping-estetyczny-pro_jogapiekna-kurs-online\/"]}]},{"@type":"ImageObject","inLanguage":"en-GB","@id":"https:\/\/jogapiekna.com\/produkt\/kinesiotaping-estetyczny-pro_jogapiekna-kurs-online\/#primaryimage","url":"https:\/\/jogapiekna.com\/wp-content\/uploads\/2025\/06\/kinesiotaping-estetyczny_kurs-online_sklep_joga-piekna2.jpg","contentUrl":"https:\/\/jogapiekna.com\/wp-content\/uploads\/2025\/06\/kinesiotaping-estetyczny_kurs-online_sklep_joga-piekna2.jpg","width":1000,"height":1000},{"@type":"BreadcrumbList","@id":"https:\/\/jogapiekna.com\/produkt\/kinesiotaping-estetyczny-pro_jogapiekna-kurs-online\/#breadcrumb","itemListElement":[{"@type":"ListItem","position":1,"name":"Strona g\u0142\u00f3wna","item":"https:\/\/jogapiekna.com\/"},{"@type":"ListItem","position":2,"name":"Sklep","item":"https:\/\/jogapiekna.com\/sklep\/"},{"@type":"ListItem","position":3,"name":"Kinesiotaping estetyczny PRO Joga Pi\u0119kna \u2013 kurs online"}]},{"@type":"WebSite","@id":"https:\/\/jogapiekna.com\/#website","url":"https:\/\/jogapiekna.com\/","name":"Yoga Beauty Marta Kuci\u0144ska","description":"Beauty Yoga helps women to maintain their beauty, reverse the signs of passing time and fatigue, regain a radiant appearance, natural smile and improve their self-esteem.","publisher":{"@id":"https:\/\/jogapiekna.com\/#organization"},"potentialAction":[{"@type":"SearchAction","target":{"@type":"EntryPoint","urlTemplate":"https:\/\/jogapiekna.com\/?s={search_term_string}"},"query-input":{"@type":"PropertyValueSpecification","valueRequired":true,"valueName":"search_term_string"}}],"inLanguage":"en-GB"},{"@type":"Organization","@id":"https:\/\/jogapiekna.com\/#organization","name":"Yoga Beauty Marta Kuci\u0144ska","url":"https:\/\/jogapiekna.com\/","logo":{"@type":"ImageObject","inLanguage":"en-GB","@id":"https:\/\/jogapiekna.com\/#\/schema\/logo\/image\/","url":"https:\/\/jogapiekna.com\/wp-content\/uploads\/2022\/09\/joga-piekna-logo_Rka.png","contentUrl":"https:\/\/jogapiekna.com\/wp-content\/uploads\/2022\/09\/joga-piekna-logo_Rka.png","width":231,"height":124,"caption":"Joga Pi\u0119kna Marta Kuci\u0144ska"},"image":{"@id":"https:\/\/jogapiekna.com\/#\/schema\/logo\/image\/"},"sameAs":["https:\/\/www.facebook.com\/JogaPieknaCom\/","https:\/\/www.instagram.com\/jogapieknacom\/"]}]}},"_links":{"self":[{"href":"https:\/\/jogapiekna.com\/en\/wp-json\/wp\/v2\/product\/199253","targetHints":{"allow":["GET"]}}],"collection":[{"href":"https:\/\/jogapiekna.com\/en\/wp-json\/wp\/v2\/product"}],"about":[{"href":"https:\/\/jogapiekna.com\/en\/wp-json\/wp\/v2\/types\/product"}],"replies":[{"embeddable":true,"href":"https:\/\/jogapiekna.com\/en\/wp-json\/wp\/v2\/comments?post=199253"}],"version-history":[{"count":2,"href":"https:\/\/jogapiekna.com\/en\/wp-json\/wp\/v2\/product\/199253\/revisions"}],"predecessor-version":[{"id":210784,"href":"https:\/\/jogapiekna.com\/en\/wp-json\/wp\/v2\/product\/199253\/revisions\/210784"}],"wp:featuredmedia":[{"embeddable":true,"href":"https:\/\/jogapiekna.com\/en\/wp-json\/wp\/v2\/media\/199257"}],"wp:attachment":[{"href":"https:\/\/jogapiekna.com\/en\/wp-json\/wp\/v2\/media?parent=199253"}],"wp:term":[{"taxonomy":"product_brand","embeddable":true,"href":"https:\/\/jogapiekna.com\/en\/wp-json\/wp\/v2\/product_brand?post=199253"},{"taxonomy":"product_cat","embeddable":true,"href":"https:\/\/jogapiekna.com\/en\/wp-json\/wp\/v2\/product_cat?post=199253"},{"taxonomy":"product_tag","embeddable":true,"href":"https:\/\/jogapiekna.com\/en\/wp-json\/wp\/v2\/product_tag?post=199253"}],"curies":[{"name":"wp","href":"https:\/\/api.w.org\/{rel}","templated":true}]}}