{"id":200215,"date":"2025-07-04T14:06:10","date_gmt":"2025-07-04T12:06:10","guid":{"rendered":"https:\/\/jogapiekna.com\/?post_type=product&#038;p=200215"},"modified":"2026-02-03T11:25:35","modified_gmt":"2026-02-03T10:25:35","slug":"total-glow-box","status":"publish","type":"product","link":"https:\/\/jogapiekna.com\/en\/product\/total-glow-box\/","title":{"rendered":"TOTAL GLOW BOX \u2022 Natural lifting and regeneration at night"},"content":{"rendered":"<h2>The set includes:<\/h2>\n<ul>\n<li><a href=\"https:\/\/jogapiekna.com\/en\/product\/citrus-glow-olejek-do-masazu-50ml\/\"><strong>Citrus Glow Oil 50 ml<\/strong><\/a> - An illuminating serum based on natural oils and vitamins with an energising citrus fragrance.<\/li>\n<li><a href=\"https:\/\/jogapiekna.com\/en\/product\/masazer-3d-z-rozowym-kwarcem-zloty\/\"><strong>3D rose quartz massager<\/strong><\/a> - A lifting facial massager that stimulates micro-circulation and firms the skin.<\/li>\n<li><a href=\"https:\/\/jogapiekna.com\/en\/product\/masazer-kamien-gua-sha-kwarc-rozowy\/\"><strong>Gua Sha plate made of pink quartz<\/strong><\/a> - A classic Gua Sha plate designed for massage to improve skin tone and promote lymphatic circulation.<\/li>\n<li><a href=\"https:\/\/jogapiekna.com\/en\/product\/plastry-mimiczne-przeciwzmarszczkowe-joga-piekna-na-cala-twarz-160-sztuk\/\"><strong>Facial patches (160 pcs)<\/strong><\/a> - innovative wrinkle patches that help reduce facial wrinkles and consolidate the effects of massages.<\/li>\n<li><a href=\"https:\/\/jogapiekna.com\/en\/product\/poduszka-antyzmarszczkowa-z-poszewka-jedwabna\/\"><strong>Anti-wrinkle pillow with silk pillowcase<\/strong><\/a> - An ergonomic anti-wrinkle pillow that supports the correct position of the spine and prevents the formation and deepening of sleep wrinkles.<\/li>\n<\/ul>\n<p>&nbsp;<\/p>\n<h2>For whom?<\/h2>\n<p>For anyone who wants to incorporate more than just a cream into their skincare routine - it's a ritual that improves the look of your skin, your mood and the quality of your sleep.<\/p>\n<p>&nbsp;<\/p>\n<h2>How to use?<\/h2>\n<p><strong>Take a few minutes for yourself each day:<\/strong><\/p>\n<ol>\n<li>Apply Citrus Glow oil to cleansed skin on face and neck.<\/li>\n<li>Perform a massage with a 3D massager or Gua Sha stone.<\/li>\n<li>Apply facial patches at night after thoroughly cleansing the skin to help smooth wrinkles.<\/li>\n<li>Use an anti-wrinkle pillow at bedtime to prevent sleep wrinkles and ensure proper skin regeneration.<\/li>\n<\/ol>\n<p>Regular use produces visible results after just a few days.<\/p>\n<p><strong> What do you gain? <\/strong><\/p>\n<ol>\n<li>Brightened and firm skin.<\/li>\n<li>Smoothed facial features.<\/li>\n<li>A calmer mind and better sleep.<\/li>\n<li>Natural care without chemicals.<\/li>\n<li>A moment of relaxation just for yourself.<\/li>\n<\/ol>","protected":false},"excerpt":{"rendered":"<p>A set created for women and men who want to take care of themselves in a natural, effective and pleasant way. The Beauty Ritual is a daily moment of relaxation and attentiveness that brings real results: a glowing complexion, smoother features and a calmer mind.<\/p>","protected":false},"featured_media":201005,"comment_status":"closed","ping_status":"closed","template":"","meta":{"_acf_changed":false,"site-sidebar-layout":"default","site-content-layout":"","ast-site-content-layout":"default","site-content-style":"default","site-sidebar-style":"default","ast-global-header-display":"","ast-banner-title-visibility":"","ast-main-header-display":"","ast-hfb-above-header-display":"","ast-hfb-below-header-display":"","ast-hfb-mobile-header-display":"","site-post-title":"","ast-breadcrumbs-content":"","ast-featured-img":"","footer-sml-layout":"","ast-disable-related-posts":"","theme-transparent-header-meta":"default","adv-header-id-meta":"","stick-header-meta":"","header-above-stick-meta":"","header-main-stick-meta":"","header-below-stick-meta":"","astra-migrate-meta-layouts":"set","ast-page-background-enabled":"default","ast-page-background-meta":{"desktop":{"background-color":"var(--ast-global-color-5)","background-image":"","background-repeat":"repeat","background-position":"center center","background-size":"auto","background-attachment":"scroll","background-type":"","background-media":"","overlay-type":"","overlay-color":"","overlay-opacity":"","overlay-gradient":""},"tablet":{"background-color":"","background-image":"","background-repeat":"repeat","background-position":"center center","background-size":"auto","background-attachment":"scroll","background-type":"","background-media":"","overlay-type":"","overlay-color":"","overlay-opacity":"","overlay-gradient":""},"mobile":{"background-color":"","background-image":"","background-repeat":"repeat","background-position":"center center","background-size":"auto","background-attachment":"scroll","background-type":"","background-media":"","overlay-type":"","overlay-color":"","overlay-opacity":"","overlay-gradient":""}},"ast-content-background-meta":{"desktop":{"background-color":"var(--ast-global-color-4)","background-image":"","background-repeat":"repeat","background-position":"center center","background-size":"auto","background-attachment":"scroll","background-type":"","background-media":"","overlay-type":"","overlay-color":"","overlay-opacity":"","overlay-gradient":""},"tablet":{"background-color":"var(--ast-global-color-4)","background-image":"","background-repeat":"repeat","background-position":"center center","background-size":"auto","background-attachment":"scroll","background-type":"","background-media":"","overlay-type":"","overlay-color":"","overlay-opacity":"","overlay-gradient":""},"mobile":{"background-color":"var(--ast-global-color-4)","background-image":"","background-repeat":"repeat","background-position":"center center","background-size":"auto","background-attachment":"scroll","background-type":"","background-media":"","overlay-type":"","overlay-color":"","overlay-opacity":"","overlay-gradient":""}}},"product_brand":[],"product_cat":[21,904,610,625,305],"product_tag":[],"class_list":{"0":"post-200215","1":"product","2":"type-product","3":"status-publish","4":"has-post-thumbnail","6":"product_cat-akcesoria","7":"product_cat-glow-box","8":"product_cat-masaz-twarzy-i-szyi","9":"product_cat-promocje","10":"product_cat-zestawy","11":"desktop-align-left","12":"tablet-align-left","13":"mobile-align-left","15":"first","16":"instock","17":"sale","18":"taxable","19":"shipping-taxable","20":"purchasable","21":"product-type-variable"},"acf":[],"yoast_head":"<!-- This site is optimized with the Yoast SEO plugin v27.2 - https:\/\/yoast.com\/product\/yoast-seo-wordpress\/ -->\n<title>TOTAL GLOW BOX - Naturalny lifting i regeneracja noc\u0105<\/title>\n<meta name=\"description\" content=\"Zestaw stworzony z my\u015bl\u0105 o kobietach i m\u0119\u017cczyznach, kt\u00f3rzy pragn\u0105 zadba\u0107 o siebie w spos\u00f3b naturalny, skuteczny i przyjemny. Rytua\u0142 Pi\u0119kna to codzienna chwila relaksu i uwa\u017cno\u015bci, kt\u00f3ra przynosi realne efekty: roz\u015bwietlon\u0105 cer\u0119, wyg\u0142adzone rysy i spokojniejszy umys\u0142.\" \/>\n<meta name=\"robots\" content=\"index, follow, max-snippet:-1, max-image-preview:large, max-video-preview:-1\" \/>\n<link rel=\"canonical\" href=\"https:\/\/jogapiekna.com\/en\/product\/total-glow-box\/\" \/>\n<meta property=\"og:locale\" content=\"en_GB\" \/>\n<meta property=\"og:type\" content=\"article\" \/>\n<meta property=\"og:title\" content=\"TOTAL GLOW BOX - Naturalny lifting i regeneracja noc\u0105\" \/>\n<meta property=\"og:description\" content=\"Zestaw stworzony z my\u015bl\u0105 o kobietach i m\u0119\u017cczyznach, kt\u00f3rzy pragn\u0105 zadba\u0107 o siebie w spos\u00f3b naturalny, skuteczny i przyjemny. Rytua\u0142 Pi\u0119kna to codzienna chwila relaksu i uwa\u017cno\u015bci, kt\u00f3ra przynosi realne efekty: roz\u015bwietlon\u0105 cer\u0119, wyg\u0142adzone rysy i spokojniejszy umys\u0142.\" \/>\n<meta property=\"og:url\" content=\"https:\/\/jogapiekna.com\/en\/product\/total-glow-box\/\" \/>\n<meta property=\"og:site_name\" content=\"JOGA PI\u0118KNA | Joga Twarzy\" \/>\n<meta property=\"article:publisher\" content=\"https:\/\/www.facebook.com\/JogaPieknaCom\/\" \/>\n<meta property=\"article:modified_time\" content=\"2026-02-03T10:25:35+00:00\" \/>\n<meta property=\"og:image\" content=\"https:\/\/jogapiekna.com\/wp-content\/uploads\/2025\/07\/total_glow-box-jogapiekna_sklep.jpg\" \/>\n\t<meta property=\"og:image:width\" content=\"1000\" \/>\n\t<meta property=\"og:image:height\" content=\"1000\" \/>\n\t<meta property=\"og:image:type\" content=\"image\/jpeg\" \/>\n<meta name=\"twitter:card\" content=\"summary_large_image\" \/>\n<meta name=\"twitter:label1\" content=\"Estimated reading time\" \/>\n\t<meta name=\"twitter:data1\" content=\"2 minutes\" \/>\n<script type=\"application\/ld+json\" class=\"yoast-schema-graph\">{\"@context\":\"https:\/\/schema.org\",\"@graph\":[{\"@type\":\"WebPage\",\"@id\":\"https:\/\/jogapiekna.com\/produkt\/total-glow-box\/\",\"url\":\"https:\/\/jogapiekna.com\/produkt\/total-glow-box\/\",\"name\":\"TOTAL GLOW BOX - Naturalny lifting i regeneracja noc\u0105\",\"isPartOf\":{\"@id\":\"https:\/\/jogapiekna.com\/#website\"},\"primaryImageOfPage\":{\"@id\":\"https:\/\/jogapiekna.com\/produkt\/total-glow-box\/#primaryimage\"},\"image\":{\"@id\":\"https:\/\/jogapiekna.com\/produkt\/total-glow-box\/#primaryimage\"},\"thumbnailUrl\":\"https:\/\/jogapiekna.com\/wp-content\/uploads\/2025\/07\/total_glow-box-jogapiekna_sklep.jpg\",\"datePublished\":\"2025-07-04T12:06:10+00:00\",\"dateModified\":\"2026-02-03T10:25:35+00:00\",\"description\":\"Zestaw stworzony z my\u015bl\u0105 o kobietach i m\u0119\u017cczyznach, kt\u00f3rzy pragn\u0105 zadba\u0107 o siebie w spos\u00f3b naturalny, skuteczny i przyjemny. Rytua\u0142 Pi\u0119kna to codzienna chwila relaksu i uwa\u017cno\u015bci, kt\u00f3ra przynosi realne efekty: roz\u015bwietlon\u0105 cer\u0119, wyg\u0142adzone rysy i spokojniejszy umys\u0142.\",\"breadcrumb\":{\"@id\":\"https:\/\/jogapiekna.com\/produkt\/total-glow-box\/#breadcrumb\"},\"inLanguage\":\"en-GB\",\"potentialAction\":[{\"@type\":\"ReadAction\",\"target\":[\"https:\/\/jogapiekna.com\/produkt\/total-glow-box\/\"]}]},{\"@type\":\"ImageObject\",\"inLanguage\":\"en-GB\",\"@id\":\"https:\/\/jogapiekna.com\/produkt\/total-glow-box\/#primaryimage\",\"url\":\"https:\/\/jogapiekna.com\/wp-content\/uploads\/2025\/07\/total_glow-box-jogapiekna_sklep.jpg\",\"contentUrl\":\"https:\/\/jogapiekna.com\/wp-content\/uploads\/2025\/07\/total_glow-box-jogapiekna_sklep.jpg\",\"width\":1000,\"height\":1000,\"caption\":\"TOTAL GLOW BOX - Naturalny lifting i regeneracja noc\u0105\"},{\"@type\":\"BreadcrumbList\",\"@id\":\"https:\/\/jogapiekna.com\/produkt\/total-glow-box\/#breadcrumb\",\"itemListElement\":[{\"@type\":\"ListItem\",\"position\":1,\"name\":\"Strona g\u0142\u00f3wna\",\"item\":\"https:\/\/jogapiekna.com\/\"},{\"@type\":\"ListItem\",\"position\":2,\"name\":\"Sklep\",\"item\":\"https:\/\/jogapiekna.com\/sklep\/\"},{\"@type\":\"ListItem\",\"position\":3,\"name\":\"TOTAL GLOW BOX \u2022 Naturalny lifting i regeneracja noc\u0105\"}]},{\"@type\":\"WebSite\",\"@id\":\"https:\/\/jogapiekna.com\/#website\",\"url\":\"https:\/\/jogapiekna.com\/\",\"name\":\"Joga Pi\u0119kna Marta Kuci\u0144ska\",\"description\":\"Joga Pi\u0119kna pomaga kobietom zachowa\u0107 urod\u0119, cofn\u0105\u0107 oznaki up\u0142ywaj\u0105cego czasu i zm\u0119czenia, odzyska\u0107 promienny wygl\u0105d, naturalny u\u015bmiech i popraw\u0119 w\u0142asnej samooceny.\",\"publisher\":{\"@id\":\"https:\/\/jogapiekna.com\/#organization\"},\"potentialAction\":[{\"@type\":\"SearchAction\",\"target\":{\"@type\":\"EntryPoint\",\"urlTemplate\":\"https:\/\/jogapiekna.com\/?s={search_term_string}\"},\"query-input\":{\"@type\":\"PropertyValueSpecification\",\"valueRequired\":true,\"valueName\":\"search_term_string\"}}],\"inLanguage\":\"en-GB\"},{\"@type\":\"Organization\",\"@id\":\"https:\/\/jogapiekna.com\/#organization\",\"name\":\"Joga Pi\u0119kna Marta Kuci\u0144ska\",\"url\":\"https:\/\/jogapiekna.com\/\",\"logo\":{\"@type\":\"ImageObject\",\"inLanguage\":\"en-GB\",\"@id\":\"https:\/\/jogapiekna.com\/#\/schema\/logo\/image\/\",\"url\":\"https:\/\/jogapiekna.com\/wp-content\/uploads\/2022\/09\/joga-piekna-logo_Rka.png\",\"contentUrl\":\"https:\/\/jogapiekna.com\/wp-content\/uploads\/2022\/09\/joga-piekna-logo_Rka.png\",\"width\":231,\"height\":124,\"caption\":\"Joga Pi\u0119kna Marta Kuci\u0144ska\"},\"image\":{\"@id\":\"https:\/\/jogapiekna.com\/#\/schema\/logo\/image\/\"},\"sameAs\":[\"https:\/\/www.facebook.com\/JogaPieknaCom\/\",\"https:\/\/www.instagram.com\/jogapieknacom\/\"]}]}<\/script>\n<!-- \/ Yoast SEO plugin. -->","yoast_head_json":{"title":"TOTAL GLOW BOX - Naturalny lifting i regeneracja noc\u0105","description":"A set created for women and men who want to take care of themselves in a natural, effective and pleasant way. The Beauty Ritual is a daily moment of relaxation and attentiveness that brings real results: a glowing complexion, smoother features and a calmer mind.","robots":{"index":"index","follow":"follow","max-snippet":"max-snippet:-1","max-image-preview":"max-image-preview:large","max-video-preview":"max-video-preview:-1"},"canonical":"https:\/\/jogapiekna.com\/en\/product\/total-glow-box\/","og_locale":"en_GB","og_type":"article","og_title":"TOTAL GLOW BOX - Naturalny lifting i regeneracja noc\u0105","og_description":"Zestaw stworzony z my\u015bl\u0105 o kobietach i m\u0119\u017cczyznach, kt\u00f3rzy pragn\u0105 zadba\u0107 o siebie w spos\u00f3b naturalny, skuteczny i przyjemny. Rytua\u0142 Pi\u0119kna to codzienna chwila relaksu i uwa\u017cno\u015bci, kt\u00f3ra przynosi realne efekty: roz\u015bwietlon\u0105 cer\u0119, wyg\u0142adzone rysy i spokojniejszy umys\u0142.","og_url":"https:\/\/jogapiekna.com\/en\/product\/total-glow-box\/","og_site_name":"JOGA PI\u0118KNA | Joga Twarzy","article_publisher":"https:\/\/www.facebook.com\/JogaPieknaCom\/","article_modified_time":"2026-02-03T10:25:35+00:00","og_image":[{"width":1000,"height":1000,"url":"https:\/\/jogapiekna.com\/wp-content\/uploads\/2025\/07\/total_glow-box-jogapiekna_sklep.jpg","type":"image\/jpeg"}],"twitter_card":"summary_large_image","twitter_misc":{"Estimated reading time":"2 minutes"},"schema":{"@context":"https:\/\/schema.org","@graph":[{"@type":"WebPage","@id":"https:\/\/jogapiekna.com\/produkt\/total-glow-box\/","url":"https:\/\/jogapiekna.com\/produkt\/total-glow-box\/","name":"TOTAL GLOW BOX - Naturalny lifting i regeneracja noc\u0105","isPartOf":{"@id":"https:\/\/jogapiekna.com\/#website"},"primaryImageOfPage":{"@id":"https:\/\/jogapiekna.com\/produkt\/total-glow-box\/#primaryimage"},"image":{"@id":"https:\/\/jogapiekna.com\/produkt\/total-glow-box\/#primaryimage"},"thumbnailUrl":"https:\/\/jogapiekna.com\/wp-content\/uploads\/2025\/07\/total_glow-box-jogapiekna_sklep.jpg","datePublished":"2025-07-04T12:06:10+00:00","dateModified":"2026-02-03T10:25:35+00:00","description":"A set created for women and men who want to take care of themselves in a natural, effective and pleasant way. The Beauty Ritual is a daily moment of relaxation and attentiveness that brings real results: a glowing complexion, smoother features and a calmer mind.","breadcrumb":{"@id":"https:\/\/jogapiekna.com\/produkt\/total-glow-box\/#breadcrumb"},"inLanguage":"en-GB","potentialAction":[{"@type":"ReadAction","target":["https:\/\/jogapiekna.com\/produkt\/total-glow-box\/"]}]},{"@type":"ImageObject","inLanguage":"en-GB","@id":"https:\/\/jogapiekna.com\/produkt\/total-glow-box\/#primaryimage","url":"https:\/\/jogapiekna.com\/wp-content\/uploads\/2025\/07\/total_glow-box-jogapiekna_sklep.jpg","contentUrl":"https:\/\/jogapiekna.com\/wp-content\/uploads\/2025\/07\/total_glow-box-jogapiekna_sklep.jpg","width":1000,"height":1000,"caption":"TOTAL GLOW BOX - Naturalny lifting i regeneracja noc\u0105"},{"@type":"BreadcrumbList","@id":"https:\/\/jogapiekna.com\/produkt\/total-glow-box\/#breadcrumb","itemListElement":[{"@type":"ListItem","position":1,"name":"Strona g\u0142\u00f3wna","item":"https:\/\/jogapiekna.com\/"},{"@type":"ListItem","position":2,"name":"Sklep","item":"https:\/\/jogapiekna.com\/sklep\/"},{"@type":"ListItem","position":3,"name":"TOTAL GLOW BOX \u2022 Naturalny lifting i regeneracja noc\u0105"}]},{"@type":"WebSite","@id":"https:\/\/jogapiekna.com\/#website","url":"https:\/\/jogapiekna.com\/","name":"Yoga Beauty Marta Kuci\u0144ska","description":"Beauty Yoga helps women to maintain their beauty, reverse the signs of passing time and fatigue, regain a radiant appearance, natural smile and improve their self-esteem.","publisher":{"@id":"https:\/\/jogapiekna.com\/#organization"},"potentialAction":[{"@type":"SearchAction","target":{"@type":"EntryPoint","urlTemplate":"https:\/\/jogapiekna.com\/?s={search_term_string}"},"query-input":{"@type":"PropertyValueSpecification","valueRequired":true,"valueName":"search_term_string"}}],"inLanguage":"en-GB"},{"@type":"Organization","@id":"https:\/\/jogapiekna.com\/#organization","name":"Yoga Beauty Marta Kuci\u0144ska","url":"https:\/\/jogapiekna.com\/","logo":{"@type":"ImageObject","inLanguage":"en-GB","@id":"https:\/\/jogapiekna.com\/#\/schema\/logo\/image\/","url":"https:\/\/jogapiekna.com\/wp-content\/uploads\/2022\/09\/joga-piekna-logo_Rka.png","contentUrl":"https:\/\/jogapiekna.com\/wp-content\/uploads\/2022\/09\/joga-piekna-logo_Rka.png","width":231,"height":124,"caption":"Joga Pi\u0119kna Marta Kuci\u0144ska"},"image":{"@id":"https:\/\/jogapiekna.com\/#\/schema\/logo\/image\/"},"sameAs":["https:\/\/www.facebook.com\/JogaPieknaCom\/","https:\/\/www.instagram.com\/jogapieknacom\/"]}]}},"_links":{"self":[{"href":"https:\/\/jogapiekna.com\/en\/wp-json\/wp\/v2\/product\/200215","targetHints":{"allow":["GET"]}}],"collection":[{"href":"https:\/\/jogapiekna.com\/en\/wp-json\/wp\/v2\/product"}],"about":[{"href":"https:\/\/jogapiekna.com\/en\/wp-json\/wp\/v2\/types\/product"}],"replies":[{"embeddable":true,"href":"https:\/\/jogapiekna.com\/en\/wp-json\/wp\/v2\/comments?post=200215"}],"version-history":[{"count":1,"href":"https:\/\/jogapiekna.com\/en\/wp-json\/wp\/v2\/product\/200215\/revisions"}],"predecessor-version":[{"id":210892,"href":"https:\/\/jogapiekna.com\/en\/wp-json\/wp\/v2\/product\/200215\/revisions\/210892"}],"wp:featuredmedia":[{"embeddable":true,"href":"https:\/\/jogapiekna.com\/en\/wp-json\/wp\/v2\/media\/201005"}],"wp:attachment":[{"href":"https:\/\/jogapiekna.com\/en\/wp-json\/wp\/v2\/media?parent=200215"}],"wp:term":[{"taxonomy":"product_brand","embeddable":true,"href":"https:\/\/jogapiekna.com\/en\/wp-json\/wp\/v2\/product_brand?post=200215"},{"taxonomy":"product_cat","embeddable":true,"href":"https:\/\/jogapiekna.com\/en\/wp-json\/wp\/v2\/product_cat?post=200215"},{"taxonomy":"product_tag","embeddable":true,"href":"https:\/\/jogapiekna.com\/en\/wp-json\/wp\/v2\/product_tag?post=200215"}],"curies":[{"name":"wp","href":"https:\/\/api.w.org\/{rel}","templated":true}]}}