{"id":200254,"date":"2025-07-04T15:41:02","date_gmt":"2025-07-04T13:41:02","guid":{"rendered":"https:\/\/jogapiekna.com\/?post_type=product&#038;p=200254"},"modified":"2026-02-24T14:41:13","modified_gmt":"2026-02-24T13:41:13","slug":"tape-start-box","status":"publish","type":"product","link":"https:\/\/jogapiekna.com\/en\/product\/tape-start-box\/","title":{"rendered":"TAPE START BOX \u2022 Facial Taping for Beginners"},"content":{"rendered":"<h2>What the kit contains:<\/h2>\n<ul>\n<li><a href=\"https:\/\/jogapiekna.com\/en\/product\/tasma-do-kinesiotapingu-classic-curetape5cm\/\"><strong>Kinesiotaping tape Classic CureTape 5 cm<\/strong><\/a> - Standard width facial taping tape, ideal for application to larger areas of facial skin. Made of natural cotton, coated with hypoallergenic acrylic adhesive, waterproof and breathable.<\/li>\n<li><a href=\"https:\/\/jogapiekna.com\/en\/product\/tasma-do-kinesiotapingu-twarzy-waska\/\"><strong>Facial kinesiotaping tape narrow<\/strong><\/a> - Ideal for precise application around the eyes, lips or on fine lines. It is hypoallergenic, waterproof and flexible.<\/li>\n<li><a href=\"https:\/\/jogapiekna.com\/en\/product\/tasma-do-kinesiotapingu-centymetrowa\/\"><strong>Kinesiotaping centimetre tape<\/strong><\/a> - the narrowest facial tape in the kit, designed for application in hard-to-reach areas such as around the corners of the eyes or nasolabial furrows.<\/li>\n<li><a href=\"https:\/\/jogapiekna.com\/en\/product\/kolorowa-tasma-do-tapingu-twarzy\/\"><strong>Coloured face taping<\/strong><\/a> - Custom tapes with a unique design, combining aesthetics with functionality. Made from the same materials as the Classic facial kinesiotaping tights, it provides effective application with an added artistic touch.<\/li>\n<li><a href=\"https:\/\/jogapiekna.com\/en\/product\/cure-tape-dispenser-podajnik-na-tasmy\/\"><strong>Cure Tape Dispenser<\/strong><\/a> - A practical tool that makes storing, cutting and applying tape easier. It allows you to accurately measure the required length of tape for convenience and material savings.<\/li>\n<\/ul>\n<p>&nbsp;<\/p>\n<h2>For whom?<\/h2>\n<p>For those wishing to care for the condition of facial skin in a professional and precise manner. An ideal kit for those who want to get started with kinesiotaping tapes to improve the firmness and appearance of the skin.<\/p>\n<p>&nbsp;<\/p>\n<h2>How to use?<\/h2>\n<ol>\n<li>Skin preparation: Cleanse your face of all impurities and cosmetic residues.<\/li>\n<li>Tape application: Depending on your needs, choose the appropriate width and length of tape and then stick it on the skin according to the taping technique. Make sure you perform the treatment according to the instructions.<\/li>\n<li>Fixation: After applying the tape, rub it gently with the palm of your hand to activate the adhesive and ensure better adhesion.<\/li>\n<li>Wearing time: Tapes can be worn for up to 24 hours, depending on individual needs and skin tolerance.<\/li>\n<li>Note: Before removing the tape, soak it with water or oil, then gently begin to roll the tape starting at the edges. Once the tape is completely removed, clean the face of any residual adhesive.<\/li>\n<\/ol>\n<p>&nbsp;<\/p>\n<h2>Effects:<\/h2>\n<ul>\n<li>Improving skin firmness and elasticity.<\/li>\n<li>Reduction of fine lines and wrinkles.<\/li>\n<li>Firming the facial oval.<\/li>\n<li>Improving blood and lymph circulation in the face.<\/li>\n<\/ul>","protected":false},"excerpt":{"rendered":"<p>TAPE START BOX is a kit that combines professional kinesiotaping accessories with tools, enabling the effective and safe application of tapes to the face. With different tape widths and a practical dispenser, this kit is ideal for those wishing to take care of the skin condition of the face and neck at home.<\/p>","protected":false},"featured_media":201017,"comment_status":"closed","ping_status":"closed","template":"","meta":{"_acf_changed":false,"site-sidebar-layout":"default","site-content-layout":"","ast-site-content-layout":"default","site-content-style":"default","site-sidebar-style":"default","ast-global-header-display":"","ast-banner-title-visibility":"","ast-main-header-display":"","ast-hfb-above-header-display":"","ast-hfb-below-header-display":"","ast-hfb-mobile-header-display":"","site-post-title":"","ast-breadcrumbs-content":"","ast-featured-img":"","footer-sml-layout":"","ast-disable-related-posts":"","theme-transparent-header-meta":"default","adv-header-id-meta":"","stick-header-meta":"","header-above-stick-meta":"","header-main-stick-meta":"","header-below-stick-meta":"","astra-migrate-meta-layouts":"set","ast-page-background-enabled":"default","ast-page-background-meta":{"desktop":{"background-color":"var(--ast-global-color-5)","background-image":"","background-repeat":"repeat","background-position":"center center","background-size":"auto","background-attachment":"scroll","background-type":"","background-media":"","overlay-type":"","overlay-color":"","overlay-opacity":"","overlay-gradient":""},"tablet":{"background-color":"","background-image":"","background-repeat":"repeat","background-position":"center center","background-size":"auto","background-attachment":"scroll","background-type":"","background-media":"","overlay-type":"","overlay-color":"","overlay-opacity":"","overlay-gradient":""},"mobile":{"background-color":"","background-image":"","background-repeat":"repeat","background-position":"center center","background-size":"auto","background-attachment":"scroll","background-type":"","background-media":"","overlay-type":"","overlay-color":"","overlay-opacity":"","overlay-gradient":""}},"ast-content-background-meta":{"desktop":{"background-color":"var(--ast-global-color-4)","background-image":"","background-repeat":"repeat","background-position":"center center","background-size":"auto","background-attachment":"scroll","background-type":"","background-media":"","overlay-type":"","overlay-color":"","overlay-opacity":"","overlay-gradient":""},"tablet":{"background-color":"var(--ast-global-color-4)","background-image":"","background-repeat":"repeat","background-position":"center center","background-size":"auto","background-attachment":"scroll","background-type":"","background-media":"","overlay-type":"","overlay-color":"","overlay-opacity":"","overlay-gradient":""},"mobile":{"background-color":"var(--ast-global-color-4)","background-image":"","background-repeat":"repeat","background-position":"center center","background-size":"auto","background-attachment":"scroll","background-type":"","background-media":"","overlay-type":"","overlay-color":"","overlay-opacity":"","overlay-gradient":""}}},"product_brand":[],"product_cat":[21,904,621,625,305],"product_tag":[],"class_list":{"0":"post-200254","1":"product","2":"type-product","3":"status-publish","4":"has-post-thumbnail","6":"product_cat-akcesoria","7":"product_cat-glow-box","8":"product_cat-kinesiotaping-estetyczny","9":"product_cat-promocje","10":"product_cat-zestawy","11":"desktop-align-left","12":"tablet-align-left","13":"mobile-align-left","15":"first","16":"instock","17":"sale","18":"taxable","19":"shipping-taxable","20":"purchasable","21":"product-type-simple"},"acf":[],"yoast_head":"<!-- This site is optimized with the Yoast SEO plugin v27.2 - https:\/\/yoast.com\/product\/yoast-seo-wordpress\/ -->\n<title>TAPE START BOX - Taping twarzy dla pocz\u0105tkuj\u0105cych<\/title>\n<meta name=\"description\" content=\"TAPE START BOX to zestaw, kt\u00f3ry \u0142\u0105czy profesjonalne akcesoria do kinesiotapingu z narz\u0119dziami, umo\u017cliwiaj\u0105c skuteczn\u0105 i bezpieczn\u0105 aplikacj\u0119 ta\u015bm na twarzy. Dzi\u0119ki r\u00f3\u017cnym szeroko\u015bciom ta\u015bm oraz praktycznemu podajnikowi, zestaw ten jest idealnym rozwi\u0105zaniem dla os\u00f3b pragn\u0105cych zadba\u0107 o kondycj\u0119 sk\u00f3ry twarzy i szyi w domowym zaciszu.\" \/>\n<meta name=\"robots\" content=\"index, follow, max-snippet:-1, max-image-preview:large, max-video-preview:-1\" \/>\n<link rel=\"canonical\" href=\"https:\/\/jogapiekna.com\/en\/product\/tape-start-box\/\" \/>\n<meta property=\"og:locale\" content=\"en_GB\" \/>\n<meta property=\"og:type\" content=\"article\" \/>\n<meta property=\"og:title\" content=\"TAPE START BOX - Taping twarzy dla pocz\u0105tkuj\u0105cych\" \/>\n<meta property=\"og:description\" content=\"TAPE START BOX to zestaw, kt\u00f3ry \u0142\u0105czy profesjonalne akcesoria do kinesiotapingu z narz\u0119dziami, umo\u017cliwiaj\u0105c skuteczn\u0105 i bezpieczn\u0105 aplikacj\u0119 ta\u015bm na twarzy. Dzi\u0119ki r\u00f3\u017cnym szeroko\u015bciom ta\u015bm oraz praktycznemu podajnikowi, zestaw ten jest idealnym rozwi\u0105zaniem dla os\u00f3b pragn\u0105cych zadba\u0107 o kondycj\u0119 sk\u00f3ry twarzy i szyi w domowym zaciszu.\" \/>\n<meta property=\"og:url\" content=\"https:\/\/jogapiekna.com\/en\/product\/tape-start-box\/\" \/>\n<meta property=\"og:site_name\" content=\"JOGA PI\u0118KNA | Joga Twarzy\" \/>\n<meta property=\"article:publisher\" content=\"https:\/\/www.facebook.com\/JogaPieknaCom\/\" \/>\n<meta property=\"article:modified_time\" content=\"2026-02-24T13:41:13+00:00\" \/>\n<meta property=\"og:image\" content=\"https:\/\/jogapiekna.com\/wp-content\/uploads\/2025\/07\/tape_start-box-jogapiekna_sklep.jpg\" \/>\n\t<meta property=\"og:image:width\" content=\"1000\" \/>\n\t<meta property=\"og:image:height\" content=\"1000\" \/>\n\t<meta property=\"og:image:type\" content=\"image\/jpeg\" \/>\n<meta name=\"twitter:card\" content=\"summary_large_image\" \/>\n<meta name=\"twitter:label1\" content=\"Estimated reading time\" \/>\n\t<meta name=\"twitter:data1\" content=\"3 minutes\" \/>\n<script type=\"application\/ld+json\" class=\"yoast-schema-graph\">{\"@context\":\"https:\/\/schema.org\",\"@graph\":[{\"@type\":\"WebPage\",\"@id\":\"https:\/\/jogapiekna.com\/produkt\/tape-start-box\/\",\"url\":\"https:\/\/jogapiekna.com\/produkt\/tape-start-box\/\",\"name\":\"TAPE START BOX - Taping twarzy dla pocz\u0105tkuj\u0105cych\",\"isPartOf\":{\"@id\":\"https:\/\/jogapiekna.com\/#website\"},\"primaryImageOfPage\":{\"@id\":\"https:\/\/jogapiekna.com\/produkt\/tape-start-box\/#primaryimage\"},\"image\":{\"@id\":\"https:\/\/jogapiekna.com\/produkt\/tape-start-box\/#primaryimage\"},\"thumbnailUrl\":\"https:\/\/jogapiekna.com\/wp-content\/uploads\/2025\/07\/tape_start-box-jogapiekna_sklep.jpg\",\"datePublished\":\"2025-07-04T13:41:02+00:00\",\"dateModified\":\"2026-02-24T13:41:13+00:00\",\"description\":\"TAPE START BOX to zestaw, kt\u00f3ry \u0142\u0105czy profesjonalne akcesoria do kinesiotapingu z narz\u0119dziami, umo\u017cliwiaj\u0105c skuteczn\u0105 i bezpieczn\u0105 aplikacj\u0119 ta\u015bm na twarzy. Dzi\u0119ki r\u00f3\u017cnym szeroko\u015bciom ta\u015bm oraz praktycznemu podajnikowi, zestaw ten jest idealnym rozwi\u0105zaniem dla os\u00f3b pragn\u0105cych zadba\u0107 o kondycj\u0119 sk\u00f3ry twarzy i szyi w domowym zaciszu.\",\"breadcrumb\":{\"@id\":\"https:\/\/jogapiekna.com\/produkt\/tape-start-box\/#breadcrumb\"},\"inLanguage\":\"en-GB\",\"potentialAction\":[{\"@type\":\"ReadAction\",\"target\":[\"https:\/\/jogapiekna.com\/produkt\/tape-start-box\/\"]}]},{\"@type\":\"ImageObject\",\"inLanguage\":\"en-GB\",\"@id\":\"https:\/\/jogapiekna.com\/produkt\/tape-start-box\/#primaryimage\",\"url\":\"https:\/\/jogapiekna.com\/wp-content\/uploads\/2025\/07\/tape_start-box-jogapiekna_sklep.jpg\",\"contentUrl\":\"https:\/\/jogapiekna.com\/wp-content\/uploads\/2025\/07\/tape_start-box-jogapiekna_sklep.jpg\",\"width\":1000,\"height\":1000,\"caption\":\"TAPE START BOX - Taping twarzy dla pocz\u0105tkuj\u0105cych\"},{\"@type\":\"BreadcrumbList\",\"@id\":\"https:\/\/jogapiekna.com\/produkt\/tape-start-box\/#breadcrumb\",\"itemListElement\":[{\"@type\":\"ListItem\",\"position\":1,\"name\":\"Strona g\u0142\u00f3wna\",\"item\":\"https:\/\/jogapiekna.com\/\"},{\"@type\":\"ListItem\",\"position\":2,\"name\":\"Sklep\",\"item\":\"https:\/\/jogapiekna.com\/sklep\/\"},{\"@type\":\"ListItem\",\"position\":3,\"name\":\"TAPE START BOX \u2022 Taping twarzy dla pocz\u0105tkuj\u0105cych\"}]},{\"@type\":\"WebSite\",\"@id\":\"https:\/\/jogapiekna.com\/#website\",\"url\":\"https:\/\/jogapiekna.com\/\",\"name\":\"Joga Pi\u0119kna Marta Kuci\u0144ska\",\"description\":\"Joga Pi\u0119kna pomaga kobietom zachowa\u0107 urod\u0119, cofn\u0105\u0107 oznaki up\u0142ywaj\u0105cego czasu i zm\u0119czenia, odzyska\u0107 promienny wygl\u0105d, naturalny u\u015bmiech i popraw\u0119 w\u0142asnej samooceny.\",\"publisher\":{\"@id\":\"https:\/\/jogapiekna.com\/#organization\"},\"potentialAction\":[{\"@type\":\"SearchAction\",\"target\":{\"@type\":\"EntryPoint\",\"urlTemplate\":\"https:\/\/jogapiekna.com\/?s={search_term_string}\"},\"query-input\":{\"@type\":\"PropertyValueSpecification\",\"valueRequired\":true,\"valueName\":\"search_term_string\"}}],\"inLanguage\":\"en-GB\"},{\"@type\":\"Organization\",\"@id\":\"https:\/\/jogapiekna.com\/#organization\",\"name\":\"Joga Pi\u0119kna Marta Kuci\u0144ska\",\"url\":\"https:\/\/jogapiekna.com\/\",\"logo\":{\"@type\":\"ImageObject\",\"inLanguage\":\"en-GB\",\"@id\":\"https:\/\/jogapiekna.com\/#\/schema\/logo\/image\/\",\"url\":\"https:\/\/jogapiekna.com\/wp-content\/uploads\/2022\/09\/joga-piekna-logo_Rka.png\",\"contentUrl\":\"https:\/\/jogapiekna.com\/wp-content\/uploads\/2022\/09\/joga-piekna-logo_Rka.png\",\"width\":231,\"height\":124,\"caption\":\"Joga Pi\u0119kna Marta Kuci\u0144ska\"},\"image\":{\"@id\":\"https:\/\/jogapiekna.com\/#\/schema\/logo\/image\/\"},\"sameAs\":[\"https:\/\/www.facebook.com\/JogaPieknaCom\/\",\"https:\/\/www.instagram.com\/jogapieknacom\/\"]}]}<\/script>\n<!-- \/ Yoast SEO plugin. -->","yoast_head_json":{"title":"TAPE START BOX - Taping twarzy dla pocz\u0105tkuj\u0105cych","description":"TAPE START BOX is a kit that combines professional kinesiotaping accessories with tools, enabling the effective and safe application of tapes to the face. With different tape widths and a practical dispenser, this kit is ideal for those wishing to take care of the skin condition of the face and neck at home.","robots":{"index":"index","follow":"follow","max-snippet":"max-snippet:-1","max-image-preview":"max-image-preview:large","max-video-preview":"max-video-preview:-1"},"canonical":"https:\/\/jogapiekna.com\/en\/product\/tape-start-box\/","og_locale":"en_GB","og_type":"article","og_title":"TAPE START BOX - Taping twarzy dla pocz\u0105tkuj\u0105cych","og_description":"TAPE START BOX to zestaw, kt\u00f3ry \u0142\u0105czy profesjonalne akcesoria do kinesiotapingu z narz\u0119dziami, umo\u017cliwiaj\u0105c skuteczn\u0105 i bezpieczn\u0105 aplikacj\u0119 ta\u015bm na twarzy. Dzi\u0119ki r\u00f3\u017cnym szeroko\u015bciom ta\u015bm oraz praktycznemu podajnikowi, zestaw ten jest idealnym rozwi\u0105zaniem dla os\u00f3b pragn\u0105cych zadba\u0107 o kondycj\u0119 sk\u00f3ry twarzy i szyi w domowym zaciszu.","og_url":"https:\/\/jogapiekna.com\/en\/product\/tape-start-box\/","og_site_name":"JOGA PI\u0118KNA | Joga Twarzy","article_publisher":"https:\/\/www.facebook.com\/JogaPieknaCom\/","article_modified_time":"2026-02-24T13:41:13+00:00","og_image":[{"width":1000,"height":1000,"url":"https:\/\/jogapiekna.com\/wp-content\/uploads\/2025\/07\/tape_start-box-jogapiekna_sklep.jpg","type":"image\/jpeg"}],"twitter_card":"summary_large_image","twitter_misc":{"Estimated reading time":"3 minutes"},"schema":{"@context":"https:\/\/schema.org","@graph":[{"@type":"WebPage","@id":"https:\/\/jogapiekna.com\/produkt\/tape-start-box\/","url":"https:\/\/jogapiekna.com\/produkt\/tape-start-box\/","name":"TAPE START BOX - Taping twarzy dla pocz\u0105tkuj\u0105cych","isPartOf":{"@id":"https:\/\/jogapiekna.com\/#website"},"primaryImageOfPage":{"@id":"https:\/\/jogapiekna.com\/produkt\/tape-start-box\/#primaryimage"},"image":{"@id":"https:\/\/jogapiekna.com\/produkt\/tape-start-box\/#primaryimage"},"thumbnailUrl":"https:\/\/jogapiekna.com\/wp-content\/uploads\/2025\/07\/tape_start-box-jogapiekna_sklep.jpg","datePublished":"2025-07-04T13:41:02+00:00","dateModified":"2026-02-24T13:41:13+00:00","description":"TAPE START BOX is a kit that combines professional kinesiotaping accessories with tools, enabling the effective and safe application of tapes to the face. With different tape widths and a practical dispenser, this kit is ideal for those wishing to take care of the skin condition of the face and neck at home.","breadcrumb":{"@id":"https:\/\/jogapiekna.com\/produkt\/tape-start-box\/#breadcrumb"},"inLanguage":"en-GB","potentialAction":[{"@type":"ReadAction","target":["https:\/\/jogapiekna.com\/produkt\/tape-start-box\/"]}]},{"@type":"ImageObject","inLanguage":"en-GB","@id":"https:\/\/jogapiekna.com\/produkt\/tape-start-box\/#primaryimage","url":"https:\/\/jogapiekna.com\/wp-content\/uploads\/2025\/07\/tape_start-box-jogapiekna_sklep.jpg","contentUrl":"https:\/\/jogapiekna.com\/wp-content\/uploads\/2025\/07\/tape_start-box-jogapiekna_sklep.jpg","width":1000,"height":1000,"caption":"TAPE START BOX - Taping twarzy dla pocz\u0105tkuj\u0105cych"},{"@type":"BreadcrumbList","@id":"https:\/\/jogapiekna.com\/produkt\/tape-start-box\/#breadcrumb","itemListElement":[{"@type":"ListItem","position":1,"name":"Strona g\u0142\u00f3wna","item":"https:\/\/jogapiekna.com\/"},{"@type":"ListItem","position":2,"name":"Sklep","item":"https:\/\/jogapiekna.com\/sklep\/"},{"@type":"ListItem","position":3,"name":"TAPE START BOX \u2022 Taping twarzy dla pocz\u0105tkuj\u0105cych"}]},{"@type":"WebSite","@id":"https:\/\/jogapiekna.com\/#website","url":"https:\/\/jogapiekna.com\/","name":"Yoga Beauty Marta Kuci\u0144ska","description":"Beauty Yoga helps women to maintain their beauty, reverse the signs of passing time and fatigue, regain a radiant appearance, natural smile and improve their self-esteem.","publisher":{"@id":"https:\/\/jogapiekna.com\/#organization"},"potentialAction":[{"@type":"SearchAction","target":{"@type":"EntryPoint","urlTemplate":"https:\/\/jogapiekna.com\/?s={search_term_string}"},"query-input":{"@type":"PropertyValueSpecification","valueRequired":true,"valueName":"search_term_string"}}],"inLanguage":"en-GB"},{"@type":"Organization","@id":"https:\/\/jogapiekna.com\/#organization","name":"Yoga Beauty Marta Kuci\u0144ska","url":"https:\/\/jogapiekna.com\/","logo":{"@type":"ImageObject","inLanguage":"en-GB","@id":"https:\/\/jogapiekna.com\/#\/schema\/logo\/image\/","url":"https:\/\/jogapiekna.com\/wp-content\/uploads\/2022\/09\/joga-piekna-logo_Rka.png","contentUrl":"https:\/\/jogapiekna.com\/wp-content\/uploads\/2022\/09\/joga-piekna-logo_Rka.png","width":231,"height":124,"caption":"Joga Pi\u0119kna Marta Kuci\u0144ska"},"image":{"@id":"https:\/\/jogapiekna.com\/#\/schema\/logo\/image\/"},"sameAs":["https:\/\/www.facebook.com\/JogaPieknaCom\/","https:\/\/www.instagram.com\/jogapieknacom\/"]}]}},"_links":{"self":[{"href":"https:\/\/jogapiekna.com\/en\/wp-json\/wp\/v2\/product\/200254","targetHints":{"allow":["GET"]}}],"collection":[{"href":"https:\/\/jogapiekna.com\/en\/wp-json\/wp\/v2\/product"}],"about":[{"href":"https:\/\/jogapiekna.com\/en\/wp-json\/wp\/v2\/types\/product"}],"replies":[{"embeddable":true,"href":"https:\/\/jogapiekna.com\/en\/wp-json\/wp\/v2\/comments?post=200254"}],"version-history":[{"count":2,"href":"https:\/\/jogapiekna.com\/en\/wp-json\/wp\/v2\/product\/200254\/revisions"}],"predecessor-version":[{"id":210897,"href":"https:\/\/jogapiekna.com\/en\/wp-json\/wp\/v2\/product\/200254\/revisions\/210897"}],"wp:featuredmedia":[{"embeddable":true,"href":"https:\/\/jogapiekna.com\/en\/wp-json\/wp\/v2\/media\/201017"}],"wp:attachment":[{"href":"https:\/\/jogapiekna.com\/en\/wp-json\/wp\/v2\/media?parent=200254"}],"wp:term":[{"taxonomy":"product_brand","embeddable":true,"href":"https:\/\/jogapiekna.com\/en\/wp-json\/wp\/v2\/product_brand?post=200254"},{"taxonomy":"product_cat","embeddable":true,"href":"https:\/\/jogapiekna.com\/en\/wp-json\/wp\/v2\/product_cat?post=200254"},{"taxonomy":"product_tag","embeddable":true,"href":"https:\/\/jogapiekna.com\/en\/wp-json\/wp\/v2\/product_tag?post=200254"}],"curies":[{"name":"wp","href":"https:\/\/api.w.org\/{rel}","templated":true}]}}