{"id":205763,"date":"2025-10-07T15:27:46","date_gmt":"2025-10-07T13:27:46","guid":{"rendered":"https:\/\/jogapiekna.com\/?post_type=product&#038;p=205763"},"modified":"2026-04-10T13:06:26","modified_gmt":"2026-04-10T11:06:26","slug":"zestaw-masazerow-glow-lift-ems-elektryczny-masazer-skora-glowy","status":"publish","type":"product","link":"https:\/\/jogapiekna.com\/en\/product\/zestaw-masazerow-glow-lift-ems-elektryczny-masazer-skora-glowy\/","title":{"rendered":"Massager set: Glow Lift EMS + Electric scalp massager Yoga Beauty"},"content":{"rendered":"<h2><strong><a href=\"https:\/\/jogapiekna.com\/en\/product\/glow-lift-ems-by-joga-piekna-ujedrniajace-urzadzenie-do-masazu\/\">Glow Lift EMS<\/a><\/strong> - advanced lifting and firming<\/h2>\n<p>The Glow Lift EMS is a new-generation massager that acts as a workout for the facial muscles and at the same time as a skin-regenerating treatment. With a combination of EMS, LED light therapy and a heating function, the device stimulates muscles, boosts collagen and elastin production, improves circulation and increases the absorption of active ingredients from cosmetics. By massaging your face and neck for just a few minutes a day, you will notice that your skin becomes tighter, denser and more radiant.<\/p>\n<p>Three modes allow you to adapt the massage to your current needs: <strong>Tighten Mode<\/strong> intensively firms and smoothes wrinkles, <strong>Brighten Mode<\/strong> brightens the complexion and evens out skin tone, and <strong>Soothe Mode<\/strong> soothes and promotes skin regeneration. Thanks to the ergonomic head, the massage is extremely comfortable and the effects are visible after just a few sessions.<\/p>\n<h2><strong><a href=\"https:\/\/jogapiekna.com\/en\/product\/elektryczny-masazer-skora-glowy\/\">Electric Scalp Massager Yoga Beauty<\/a><\/strong> - advanced lifting and firming<\/h2>\n<p>Do you want thick, healthy hair? Do you want them to regenerate or grow faster? Make regular scalp massages part of your routine.<\/p>\n<p>The Yoga Beauty electric massager will improve microcirculation, strengthen and nourish hair follicles, inhibit excessive hair loss and hair breakage. The scalp massager has up to 84 massaging spikes. It is waterproof, so you can use it while washing your hair or applying regenerating masks.<\/p>","protected":false},"excerpt":{"rendered":"<ul>\n<li>Glow Lift EMS intensively firms, improves density and reduces wrinkles with the power of EMS, LED and a heating function.<\/li>\n<li>The Yoga Beauty electric scalp massager will improve microcirculation, strengthen and nourish hair follicles, inhibit excessive hair loss and hair breakage.<\/li>\n<\/ul>","protected":false},"featured_media":205783,"comment_status":"closed","ping_status":"closed","template":"","meta":{"_acf_changed":false,"site-sidebar-layout":"default","site-content-layout":"","ast-site-content-layout":"default","site-content-style":"default","site-sidebar-style":"default","ast-global-header-display":"","ast-banner-title-visibility":"","ast-main-header-display":"","ast-hfb-above-header-display":"","ast-hfb-below-header-display":"","ast-hfb-mobile-header-display":"","site-post-title":"","ast-breadcrumbs-content":"","ast-featured-img":"","footer-sml-layout":"","ast-disable-related-posts":"","theme-transparent-header-meta":"default","adv-header-id-meta":"","stick-header-meta":"","header-above-stick-meta":"","header-main-stick-meta":"","header-below-stick-meta":"","astra-migrate-meta-layouts":"set","ast-page-background-enabled":"default","ast-page-background-meta":{"desktop":{"background-color":"var(--ast-global-color-5)","background-image":"","background-repeat":"repeat","background-position":"center center","background-size":"auto","background-attachment":"scroll","background-type":"","background-media":"","overlay-type":"","overlay-color":"","overlay-opacity":"","overlay-gradient":""},"tablet":{"background-color":"","background-image":"","background-repeat":"repeat","background-position":"center center","background-size":"auto","background-attachment":"scroll","background-type":"","background-media":"","overlay-type":"","overlay-color":"","overlay-opacity":"","overlay-gradient":""},"mobile":{"background-color":"","background-image":"","background-repeat":"repeat","background-position":"center center","background-size":"auto","background-attachment":"scroll","background-type":"","background-media":"","overlay-type":"","overlay-color":"","overlay-opacity":"","overlay-gradient":""}},"ast-content-background-meta":{"desktop":{"background-color":"var(--ast-global-color-4)","background-image":"","background-repeat":"repeat","background-position":"center center","background-size":"auto","background-attachment":"scroll","background-type":"","background-media":"","overlay-type":"","overlay-color":"","overlay-opacity":"","overlay-gradient":""},"tablet":{"background-color":"var(--ast-global-color-4)","background-image":"","background-repeat":"repeat","background-position":"center center","background-size":"auto","background-attachment":"scroll","background-type":"","background-media":"","overlay-type":"","overlay-color":"","overlay-opacity":"","overlay-gradient":""},"mobile":{"background-color":"var(--ast-global-color-4)","background-image":"","background-repeat":"repeat","background-position":"center center","background-size":"auto","background-attachment":"scroll","background-type":"","background-media":"","overlay-type":"","overlay-color":"","overlay-opacity":"","overlay-gradient":""}}},"product_brand":[],"product_cat":[21,610,666,625,305],"product_tag":[918,917,250,547,916,359,883,919,882,920,511,921,922,259,689,485,566,697,884],"class_list":{"0":"post-205763","1":"product","2":"type-product","3":"status-publish","4":"has-post-thumbnail","6":"product_cat-akcesoria","7":"product_cat-masaz-twarzy-i-szyi","8":"product_cat-masazery-premium","9":"product_cat-promocje","10":"product_cat-zestawy","11":"product_tag-age","12":"product_tag-ageless","13":"product_tag-akcesoria","14":"product_tag-akcesoria-do-masazu","15":"product_tag-anty-aging","16":"product_tag-dobre-samopoczucie","17":"product_tag-efekt-rozswietlenia","18":"product_tag-glow","19":"product_tag-intensywny-lifting","20":"product_tag-lift","21":"product_tag-lifting","22":"product_tag-mloda-twarz","23":"product_tag-mlodsza-skora","24":"product_tag-odmladzanie","25":"product_tag-premium","26":"product_tag-regeneracja","27":"product_tag-relaks","28":"product_tag-splycenie-zmarszczek","29":"product_tag-ukojenie","30":"desktop-align-left","31":"tablet-align-left","32":"mobile-align-left","34":"first","35":"instock","36":"sale","37":"taxable","38":"shipping-taxable","39":"purchasable","40":"product-type-simple"},"acf":[],"yoast_head":"<!-- This site is optimized with the Yoast SEO plugin v27.4 - https:\/\/yoast.com\/product\/yoast-seo-wordpress\/ -->\n<title>Zestaw masa\u017cer\u00f3w \u2022 Glow Lift EMS + Elektryczny masa\u017cer do sk\u00f3ry g\u0142owy<\/title>\n<meta name=\"description\" content=\"Zestaw masa\u017cer\u00f3w GLOW LIFT i elektryczny masa\u017cer do g\u0142owy\" \/>\n<meta name=\"robots\" content=\"index, follow, max-snippet:-1, max-image-preview:large, max-video-preview:-1\" \/>\n<link rel=\"canonical\" href=\"https:\/\/jogapiekna.com\/en\/product\/zestaw-masazerow-glow-lift-ems-elektryczny-masazer-skora-glowy\/\" \/>\n<meta property=\"og:locale\" content=\"en_GB\" \/>\n<meta property=\"og:type\" content=\"article\" \/>\n<meta property=\"og:title\" content=\"Zestaw masa\u017cer\u00f3w \u2022 Glow Lift EMS + Elektryczny masa\u017cer do sk\u00f3ry g\u0142owy\" \/>\n<meta property=\"og:description\" content=\"Zestaw masa\u017cer\u00f3w GLOW LIFT i elektryczny masa\u017cer do g\u0142owy\" \/>\n<meta property=\"og:url\" content=\"https:\/\/jogapiekna.com\/en\/product\/zestaw-masazerow-glow-lift-ems-elektryczny-masazer-skora-glowy\/\" \/>\n<meta property=\"og:site_name\" content=\"JOGA PI\u0118KNA | Joga Twarzy\" \/>\n<meta property=\"article:publisher\" content=\"https:\/\/www.facebook.com\/JogaPieknaCom\/\" \/>\n<meta property=\"article:modified_time\" content=\"2026-04-10T11:06:26+00:00\" \/>\n<meta property=\"og:image\" content=\"https:\/\/jogapiekna.com\/wp-content\/uploads\/2025\/10\/Glow-Lift-EMS-elektryczny-masazer-do-skory-glowy.jpg\" \/>\n\t<meta property=\"og:image:width\" content=\"1000\" \/>\n\t<meta property=\"og:image:height\" content=\"1000\" \/>\n\t<meta property=\"og:image:type\" content=\"image\/jpeg\" \/>\n<meta name=\"twitter:card\" content=\"summary_large_image\" \/>\n<meta name=\"twitter:label1\" content=\"Estimated reading time\" \/>\n\t<meta name=\"twitter:data1\" content=\"2 minutes\" \/>\n<script type=\"application\/ld+json\" class=\"yoast-schema-graph\">{\"@context\":\"https:\\\/\\\/schema.org\",\"@graph\":[{\"@type\":\"WebPage\",\"@id\":\"https:\\\/\\\/jogapiekna.com\\\/produkt\\\/zestaw-masazerow-glow-lift-ems-elektryczny-masazer-skora-glowy\\\/\",\"url\":\"https:\\\/\\\/jogapiekna.com\\\/produkt\\\/zestaw-masazerow-glow-lift-ems-elektryczny-masazer-skora-glowy\\\/\",\"name\":\"Zestaw masa\u017cer\u00f3w \u2022 Glow Lift EMS + Elektryczny masa\u017cer do sk\u00f3ry g\u0142owy\",\"isPartOf\":{\"@id\":\"https:\\\/\\\/jogapiekna.com\\\/#website\"},\"primaryImageOfPage\":{\"@id\":\"https:\\\/\\\/jogapiekna.com\\\/produkt\\\/zestaw-masazerow-glow-lift-ems-elektryczny-masazer-skora-glowy\\\/#primaryimage\"},\"image\":{\"@id\":\"https:\\\/\\\/jogapiekna.com\\\/produkt\\\/zestaw-masazerow-glow-lift-ems-elektryczny-masazer-skora-glowy\\\/#primaryimage\"},\"thumbnailUrl\":\"https:\\\/\\\/jogapiekna.com\\\/wp-content\\\/uploads\\\/2025\\\/10\\\/Glow-Lift-EMS-elektryczny-masazer-do-skory-glowy.jpg\",\"datePublished\":\"2025-10-07T13:27:46+00:00\",\"dateModified\":\"2026-04-10T11:06:26+00:00\",\"description\":\"Zestaw masa\u017cer\u00f3w GLOW LIFT i elektryczny masa\u017cer do g\u0142owy\",\"breadcrumb\":{\"@id\":\"https:\\\/\\\/jogapiekna.com\\\/produkt\\\/zestaw-masazerow-glow-lift-ems-elektryczny-masazer-skora-glowy\\\/#breadcrumb\"},\"inLanguage\":\"en-GB\",\"potentialAction\":[{\"@type\":\"ReadAction\",\"target\":[\"https:\\\/\\\/jogapiekna.com\\\/produkt\\\/zestaw-masazerow-glow-lift-ems-elektryczny-masazer-skora-glowy\\\/\"]}]},{\"@type\":\"ImageObject\",\"inLanguage\":\"en-GB\",\"@id\":\"https:\\\/\\\/jogapiekna.com\\\/produkt\\\/zestaw-masazerow-glow-lift-ems-elektryczny-masazer-skora-glowy\\\/#primaryimage\",\"url\":\"https:\\\/\\\/jogapiekna.com\\\/wp-content\\\/uploads\\\/2025\\\/10\\\/Glow-Lift-EMS-elektryczny-masazer-do-skory-glowy.jpg\",\"contentUrl\":\"https:\\\/\\\/jogapiekna.com\\\/wp-content\\\/uploads\\\/2025\\\/10\\\/Glow-Lift-EMS-elektryczny-masazer-do-skory-glowy.jpg\",\"width\":1000,\"height\":1000,\"caption\":\"Glow Lift plus elektryczny masa\u017cer do sk\u00f3ry g\u0142owy\"},{\"@type\":\"BreadcrumbList\",\"@id\":\"https:\\\/\\\/jogapiekna.com\\\/produkt\\\/zestaw-masazerow-glow-lift-ems-elektryczny-masazer-skora-glowy\\\/#breadcrumb\",\"itemListElement\":[{\"@type\":\"ListItem\",\"position\":1,\"name\":\"Strona g\u0142\u00f3wna\",\"item\":\"https:\\\/\\\/jogapiekna.com\\\/\"},{\"@type\":\"ListItem\",\"position\":2,\"name\":\"Sklep\",\"item\":\"https:\\\/\\\/jogapiekna.com\\\/sklep\\\/\"},{\"@type\":\"ListItem\",\"position\":3,\"name\":\"Zestaw masa\u017cer\u00f3w: Glow Lift EMS + Elektryczny masa\u017cer do sk\u00f3ry g\u0142owy Joga Pi\u0119kna\"}]},{\"@type\":\"WebSite\",\"@id\":\"https:\\\/\\\/jogapiekna.com\\\/#website\",\"url\":\"https:\\\/\\\/jogapiekna.com\\\/\",\"name\":\"Joga Pi\u0119kna Marta Kuci\u0144ska\",\"description\":\"Joga Pi\u0119kna pomaga kobietom zachowa\u0107 urod\u0119, cofn\u0105\u0107 oznaki up\u0142ywaj\u0105cego czasu i zm\u0119czenia, odzyska\u0107 promienny wygl\u0105d, naturalny u\u015bmiech i popraw\u0119 w\u0142asnej samooceny.\",\"publisher\":{\"@id\":\"https:\\\/\\\/jogapiekna.com\\\/#organization\"},\"potentialAction\":[{\"@type\":\"SearchAction\",\"target\":{\"@type\":\"EntryPoint\",\"urlTemplate\":\"https:\\\/\\\/jogapiekna.com\\\/?s={search_term_string}\"},\"query-input\":{\"@type\":\"PropertyValueSpecification\",\"valueRequired\":true,\"valueName\":\"search_term_string\"}}],\"inLanguage\":\"en-GB\"},{\"@type\":\"Organization\",\"@id\":\"https:\\\/\\\/jogapiekna.com\\\/#organization\",\"name\":\"Joga Pi\u0119kna Marta Kuci\u0144ska\",\"url\":\"https:\\\/\\\/jogapiekna.com\\\/\",\"logo\":{\"@type\":\"ImageObject\",\"inLanguage\":\"en-GB\",\"@id\":\"https:\\\/\\\/jogapiekna.com\\\/#\\\/schema\\\/logo\\\/image\\\/\",\"url\":\"https:\\\/\\\/jogapiekna.com\\\/wp-content\\\/uploads\\\/2022\\\/09\\\/joga-piekna-logo_Rka.png\",\"contentUrl\":\"https:\\\/\\\/jogapiekna.com\\\/wp-content\\\/uploads\\\/2022\\\/09\\\/joga-piekna-logo_Rka.png\",\"width\":231,\"height\":124,\"caption\":\"Joga Pi\u0119kna Marta Kuci\u0144ska\"},\"image\":{\"@id\":\"https:\\\/\\\/jogapiekna.com\\\/#\\\/schema\\\/logo\\\/image\\\/\"},\"sameAs\":[\"https:\\\/\\\/www.facebook.com\\\/JogaPieknaCom\\\/\",\"https:\\\/\\\/www.instagram.com\\\/jogapieknacom\\\/\"]}]}<\/script>\n<!-- \/ Yoast SEO plugin. -->","yoast_head_json":{"title":"Zestaw masa\u017cer\u00f3w \u2022 Glow Lift EMS + Elektryczny masa\u017cer do sk\u00f3ry g\u0142owy","description":"Zestaw masa\u017cer\u00f3w GLOW LIFT i elektryczny masa\u017cer do g\u0142owy","robots":{"index":"index","follow":"follow","max-snippet":"max-snippet:-1","max-image-preview":"max-image-preview:large","max-video-preview":"max-video-preview:-1"},"canonical":"https:\/\/jogapiekna.com\/en\/product\/zestaw-masazerow-glow-lift-ems-elektryczny-masazer-skora-glowy\/","og_locale":"en_GB","og_type":"article","og_title":"Zestaw masa\u017cer\u00f3w \u2022 Glow Lift EMS + Elektryczny masa\u017cer do sk\u00f3ry g\u0142owy","og_description":"Zestaw masa\u017cer\u00f3w GLOW LIFT i elektryczny masa\u017cer do g\u0142owy","og_url":"https:\/\/jogapiekna.com\/en\/product\/zestaw-masazerow-glow-lift-ems-elektryczny-masazer-skora-glowy\/","og_site_name":"JOGA PI\u0118KNA | Joga Twarzy","article_publisher":"https:\/\/www.facebook.com\/JogaPieknaCom\/","article_modified_time":"2026-04-10T11:06:26+00:00","og_image":[{"width":1000,"height":1000,"url":"https:\/\/jogapiekna.com\/wp-content\/uploads\/2025\/10\/Glow-Lift-EMS-elektryczny-masazer-do-skory-glowy.jpg","type":"image\/jpeg"}],"twitter_card":"summary_large_image","twitter_misc":{"Estimated reading time":"2 minutes"},"schema":{"@context":"https:\/\/schema.org","@graph":[{"@type":"WebPage","@id":"https:\/\/jogapiekna.com\/produkt\/zestaw-masazerow-glow-lift-ems-elektryczny-masazer-skora-glowy\/","url":"https:\/\/jogapiekna.com\/produkt\/zestaw-masazerow-glow-lift-ems-elektryczny-masazer-skora-glowy\/","name":"Zestaw masa\u017cer\u00f3w \u2022 Glow Lift EMS + Elektryczny masa\u017cer do sk\u00f3ry g\u0142owy","isPartOf":{"@id":"https:\/\/jogapiekna.com\/#website"},"primaryImageOfPage":{"@id":"https:\/\/jogapiekna.com\/produkt\/zestaw-masazerow-glow-lift-ems-elektryczny-masazer-skora-glowy\/#primaryimage"},"image":{"@id":"https:\/\/jogapiekna.com\/produkt\/zestaw-masazerow-glow-lift-ems-elektryczny-masazer-skora-glowy\/#primaryimage"},"thumbnailUrl":"https:\/\/jogapiekna.com\/wp-content\/uploads\/2025\/10\/Glow-Lift-EMS-elektryczny-masazer-do-skory-glowy.jpg","datePublished":"2025-10-07T13:27:46+00:00","dateModified":"2026-04-10T11:06:26+00:00","description":"Zestaw masa\u017cer\u00f3w GLOW LIFT i elektryczny masa\u017cer do g\u0142owy","breadcrumb":{"@id":"https:\/\/jogapiekna.com\/produkt\/zestaw-masazerow-glow-lift-ems-elektryczny-masazer-skora-glowy\/#breadcrumb"},"inLanguage":"en-GB","potentialAction":[{"@type":"ReadAction","target":["https:\/\/jogapiekna.com\/produkt\/zestaw-masazerow-glow-lift-ems-elektryczny-masazer-skora-glowy\/"]}]},{"@type":"ImageObject","inLanguage":"en-GB","@id":"https:\/\/jogapiekna.com\/produkt\/zestaw-masazerow-glow-lift-ems-elektryczny-masazer-skora-glowy\/#primaryimage","url":"https:\/\/jogapiekna.com\/wp-content\/uploads\/2025\/10\/Glow-Lift-EMS-elektryczny-masazer-do-skory-glowy.jpg","contentUrl":"https:\/\/jogapiekna.com\/wp-content\/uploads\/2025\/10\/Glow-Lift-EMS-elektryczny-masazer-do-skory-glowy.jpg","width":1000,"height":1000,"caption":"Glow Lift plus elektryczny masa\u017cer do sk\u00f3ry g\u0142owy"},{"@type":"BreadcrumbList","@id":"https:\/\/jogapiekna.com\/produkt\/zestaw-masazerow-glow-lift-ems-elektryczny-masazer-skora-glowy\/#breadcrumb","itemListElement":[{"@type":"ListItem","position":1,"name":"Strona g\u0142\u00f3wna","item":"https:\/\/jogapiekna.com\/"},{"@type":"ListItem","position":2,"name":"Sklep","item":"https:\/\/jogapiekna.com\/sklep\/"},{"@type":"ListItem","position":3,"name":"Zestaw masa\u017cer\u00f3w: Glow Lift EMS + Elektryczny masa\u017cer do sk\u00f3ry g\u0142owy Joga Pi\u0119kna"}]},{"@type":"WebSite","@id":"https:\/\/jogapiekna.com\/#website","url":"https:\/\/jogapiekna.com\/","name":"Yoga Beauty Marta Kuci\u0144ska","description":"Beauty Yoga helps women to maintain their beauty, reverse the signs of passing time and fatigue, regain a radiant appearance, natural smile and improve their self-esteem.","publisher":{"@id":"https:\/\/jogapiekna.com\/#organization"},"potentialAction":[{"@type":"SearchAction","target":{"@type":"EntryPoint","urlTemplate":"https:\/\/jogapiekna.com\/?s={search_term_string}"},"query-input":{"@type":"PropertyValueSpecification","valueRequired":true,"valueName":"search_term_string"}}],"inLanguage":"en-GB"},{"@type":"Organization","@id":"https:\/\/jogapiekna.com\/#organization","name":"Yoga Beauty Marta Kuci\u0144ska","url":"https:\/\/jogapiekna.com\/","logo":{"@type":"ImageObject","inLanguage":"en-GB","@id":"https:\/\/jogapiekna.com\/#\/schema\/logo\/image\/","url":"https:\/\/jogapiekna.com\/wp-content\/uploads\/2022\/09\/joga-piekna-logo_Rka.png","contentUrl":"https:\/\/jogapiekna.com\/wp-content\/uploads\/2022\/09\/joga-piekna-logo_Rka.png","width":231,"height":124,"caption":"Joga Pi\u0119kna Marta Kuci\u0144ska"},"image":{"@id":"https:\/\/jogapiekna.com\/#\/schema\/logo\/image\/"},"sameAs":["https:\/\/www.facebook.com\/JogaPieknaCom\/","https:\/\/www.instagram.com\/jogapieknacom\/"]}]}},"_links":{"self":[{"href":"https:\/\/jogapiekna.com\/en\/wp-json\/wp\/v2\/product\/205763","targetHints":{"allow":["GET"]}}],"collection":[{"href":"https:\/\/jogapiekna.com\/en\/wp-json\/wp\/v2\/product"}],"about":[{"href":"https:\/\/jogapiekna.com\/en\/wp-json\/wp\/v2\/types\/product"}],"replies":[{"embeddable":true,"href":"https:\/\/jogapiekna.com\/en\/wp-json\/wp\/v2\/comments?post=205763"}],"version-history":[{"count":3,"href":"https:\/\/jogapiekna.com\/en\/wp-json\/wp\/v2\/product\/205763\/revisions"}],"predecessor-version":[{"id":213141,"href":"https:\/\/jogapiekna.com\/en\/wp-json\/wp\/v2\/product\/205763\/revisions\/213141"}],"wp:featuredmedia":[{"embeddable":true,"href":"https:\/\/jogapiekna.com\/en\/wp-json\/wp\/v2\/media\/205783"}],"wp:attachment":[{"href":"https:\/\/jogapiekna.com\/en\/wp-json\/wp\/v2\/media?parent=205763"}],"wp:term":[{"taxonomy":"product_brand","embeddable":true,"href":"https:\/\/jogapiekna.com\/en\/wp-json\/wp\/v2\/product_brand?post=205763"},{"taxonomy":"product_cat","embeddable":true,"href":"https:\/\/jogapiekna.com\/en\/wp-json\/wp\/v2\/product_cat?post=205763"},{"taxonomy":"product_tag","embeddable":true,"href":"https:\/\/jogapiekna.com\/en\/wp-json\/wp\/v2\/product_tag?post=205763"}],"curies":[{"name":"wp","href":"https:\/\/api.w.org\/{rel}","templated":true}]}}