{"id":206006,"date":"2025-10-12T15:05:55","date_gmt":"2025-10-12T13:05:55","guid":{"rendered":"https:\/\/jogapiekna.com\/?post_type=product&#038;p=206006"},"modified":"2026-02-04T15:25:02","modified_gmt":"2026-02-04T14:25:02","slug":"masazer-lyapko-mata-max","status":"publish","type":"product","link":"https:\/\/jogapiekna.com\/en\/product\/masazer-lyapko-mata-max\/","title":{"rendered":"Lyapko Massager Mata Max 6.2 (nickel-free)"},"content":{"rendered":"<p>Massage mat\u00a0<strong>Lyapko MAX 6.2\u00a0<\/strong>is the largest multi-needle mat in the Lyapko range, created for comprehensive stimulation and regeneration of the entire body. Its surface area (288\u00d7556 mm) allows it to cover almost the entire length of the spine, making it an ideal tool for massage in a lying position. Regular use of the mat helps to prevent and support the treatment of musculoskeletal complaints such as sciatica, muscle tension, discopathy or spinal overload.<\/p>\n<p>Equipped with\u00a0<strong>4494 needles<\/strong>\u00a0made of high-quality metals (iron, zinc, copper, silver), the mat stimulates microcirculation, supports metabolic processes and activates the body's natural regeneration mechanisms. The gentle action of the needles improves blood circulation in the skin, relaxes tensions and induces a state of deep relaxation. As they are applied, the unpleasant prickling sensation gives way to pleasant warmth and vibrations, which often lead to a relaxing sleep.<\/p>\n<p>The Lyapko MAX 6.2 mat can be used not only on the back, but also as a reflexology mat for foot or abdominal massage. Regular daily treatments for 1-2 weeks promote regeneration, improve well-being, increase vitality and can contribute to tension and weight reduction.<\/p>\n<p>&nbsp;<\/p>\n<h2>Technical data:<\/h2>\n<p>- Dimensions: 288 \u00d7 556 mm<br \/>\n- Needle spacing: 6.2 mm<br \/>\n- Number of needles: 4494<br \/>\n- Weight: 1.2 kg<br \/>\n- Purpose: massage, reflexology, acupressure<br \/>\n- The product is not a medical device<\/p>\n<p><strong>Material composition:<\/strong>\u00a0<br \/>\nnatural rubber, metal needles (Fe, Zn, Cu, Ag)<br \/>\n\u00a0<br \/>\n<strong>Safety:<\/strong>\u00a0<br \/>\nThe mat has stops to protect the skin from damage; it can be used by people of normal or higher body weight. For those with sensitive skin, it is recommended to place a thin cloth between the mat and the body.<\/p>\n<p>&nbsp;<\/p>\n<h2>Contraindications to the use of Lyapko massagers<\/h2>\n<ul>\n<li>acute infectious diseases<\/li>\n<li>acute or febrile stages of chronic diseases<\/li>\n<li>acute injuries or illnesses (for example, bone fractures, blood clots, or thrombosis)<\/li>\n<li>decompensated state with cardiovascular, pulmonary, liver, kidney diseases<\/li>\n<li>acute respiratory diseases<\/li>\n<li>varicose veins, acute thrombophlebitis<\/li>\n<li>after surgery, wounds, burns, and frostbite<\/li>\n<li>decompensated diseases of the blood and blood-forming organs<\/li>\n<li>for skin diseases<\/li>\n<li>taking anticoagulants(anticoagulants)<\/li>\n<li>allergy to any metal contained in the massager needles<\/li>\n<li>violation of the integrity of the skin: wounds, burns, frostbite<\/li>\n<li>pregnancy<\/li>\n<\/ul>","protected":false},"excerpt":{"rendered":"<p>The Lyapko MAX 6,2 massage mat is the largest model in the multi-needle mat series, designed for intensive acupressure and full-body reflexotherapy. Thanks to its dense needle spacing (6.2 mm) and large surface area (288\u00d7556 mm), it effectively stimulates circulation, relaxes muscles and promotes body regeneration. Made of high-quality natural rubber and metal needles (iron, zinc, copper, silver), it combines safety with exceptional effectiveness.<\/p>\n<p>\u2022\u00a0<strong>Size:<\/strong> 288 \u00d7 556 mm<br \/>\n\u2022\u00a0<strong>Needle spacing:<\/strong> 6.2 mm<br \/>\n\u2022\u00a0<strong>Number of needles:<\/strong> 4494<br \/>\n\u2022\u00a0<strong>Weight:<\/strong> 1.2 kg<br \/>\n\u2022\u00a0<strong>Destiny<\/strong> Massage, reflexology, acupressure<br \/>\n\u2022\u00a0<strong>The product is not a medical device<\/strong><\/p>\n<p><a href=\"https:\/\/jogapiekna.com\/wp-content\/uploads\/2025\/10\/INSTRUKCJA-UZYTKOWANIA-I-BEZPIECZENSTWA-MASAZEROW-LYAPKO.pdf\" target=\"_blank\">LYAPKO MASSAGERS' USER AND SAFETY INSTRUCTIONS<\/a><\/p>","protected":false},"featured_media":206453,"comment_status":"closed","ping_status":"closed","template":"","meta":{"_acf_changed":false,"site-sidebar-layout":"default","site-content-layout":"","ast-site-content-layout":"default","site-content-style":"default","site-sidebar-style":"default","ast-global-header-display":"","ast-banner-title-visibility":"","ast-main-header-display":"","ast-hfb-above-header-display":"","ast-hfb-below-header-display":"","ast-hfb-mobile-header-display":"","site-post-title":"","ast-breadcrumbs-content":"","ast-featured-img":"","footer-sml-layout":"","ast-disable-related-posts":"","theme-transparent-header-meta":"","adv-header-id-meta":"","stick-header-meta":"","header-above-stick-meta":"","header-main-stick-meta":"","header-below-stick-meta":"","astra-migrate-meta-layouts":"default","ast-page-background-enabled":"default","ast-page-background-meta":{"desktop":{"background-color":"var(--ast-global-color-5)","background-image":"","background-repeat":"repeat","background-position":"center center","background-size":"auto","background-attachment":"scroll","background-type":"","background-media":"","overlay-type":"","overlay-color":"","overlay-opacity":"","overlay-gradient":""},"tablet":{"background-color":"","background-image":"","background-repeat":"repeat","background-position":"center center","background-size":"auto","background-attachment":"scroll","background-type":"","background-media":"","overlay-type":"","overlay-color":"","overlay-opacity":"","overlay-gradient":""},"mobile":{"background-color":"","background-image":"","background-repeat":"repeat","background-position":"center center","background-size":"auto","background-attachment":"scroll","background-type":"","background-media":"","overlay-type":"","overlay-color":"","overlay-opacity":"","overlay-gradient":""}},"ast-content-background-meta":{"desktop":{"background-color":"var(--ast-global-color-4)","background-image":"","background-repeat":"repeat","background-position":"center center","background-size":"auto","background-attachment":"scroll","background-type":"","background-media":"","overlay-type":"","overlay-color":"","overlay-opacity":"","overlay-gradient":""},"tablet":{"background-color":"var(--ast-global-color-4)","background-image":"","background-repeat":"repeat","background-position":"center center","background-size":"auto","background-attachment":"scroll","background-type":"","background-media":"","overlay-type":"","overlay-color":"","overlay-opacity":"","overlay-gradient":""},"mobile":{"background-color":"var(--ast-global-color-4)","background-image":"","background-repeat":"repeat","background-position":"center center","background-size":"auto","background-attachment":"scroll","background-type":"","background-media":"","overlay-type":"","overlay-color":"","overlay-opacity":"","overlay-gradient":""}}},"product_brand":[],"product_cat":[21,618,620,610],"product_tag":[250,237,359,304,566],"class_list":{"0":"post-206006","1":"product","2":"type-product","3":"status-publish","4":"has-post-thumbnail","6":"product_cat-akcesoria","7":"product_cat-inne","8":"product_cat-masaz-ciala","9":"product_cat-masaz-twarzy-i-szyi","10":"product_tag-akcesoria","11":"product_tag-akupresura","12":"product_tag-dobre-samopoczucie","13":"product_tag-masaz","14":"product_tag-relaks","15":"desktop-align-left","16":"tablet-align-left","17":"mobile-align-left","19":"first","20":"instock","21":"taxable","22":"shipping-taxable","23":"purchasable","24":"product-type-variable"},"acf":[],"yoast_head":"<!-- This site is optimized with the Yoast SEO plugin v27.2 - https:\/\/yoast.com\/product\/yoast-seo-wordpress\/ -->\n<title>Masa\u017cer Lyapko Mata Max 6,2 (nie zawiera niklu)<\/title>\n<meta name=\"description\" content=\"Mata do masa\u017cu Lyapko MAX 6,2 to najwi\u0119kszy model z serii mat wieloig\u0142owych, zaprojektowany do intensywnej akupresury i refleksoterapii ca\u0142ego cia\u0142a.\" \/>\n<meta name=\"robots\" content=\"index, follow, max-snippet:-1, max-image-preview:large, max-video-preview:-1\" \/>\n<link rel=\"canonical\" href=\"https:\/\/jogapiekna.com\/en\/product\/masazer-lyapko-mata-max\/\" \/>\n<meta property=\"og:locale\" content=\"en_GB\" \/>\n<meta property=\"og:type\" content=\"article\" \/>\n<meta property=\"og:title\" content=\"Masa\u017cer Lyapko Mata Max 6,2 (nie zawiera niklu)\" \/>\n<meta property=\"og:description\" content=\"Mata do masa\u017cu Lyapko MAX 6,2 to najwi\u0119kszy model z serii mat wieloig\u0142owych, zaprojektowany do intensywnej akupresury i refleksoterapii ca\u0142ego cia\u0142a.\" \/>\n<meta property=\"og:url\" content=\"https:\/\/jogapiekna.com\/en\/product\/masazer-lyapko-mata-max\/\" \/>\n<meta property=\"og:site_name\" content=\"JOGA PI\u0118KNA | Joga Twarzy\" \/>\n<meta property=\"article:publisher\" content=\"https:\/\/www.facebook.com\/JogaPieknaCom\/\" \/>\n<meta property=\"article:modified_time\" content=\"2026-02-04T14:25:02+00:00\" \/>\n<meta property=\"og:image\" content=\"https:\/\/jogapiekna.com\/wp-content\/uploads\/2025\/10\/masazer-lyapko-mata-max_orange.jpg\" \/>\n\t<meta property=\"og:image:width\" content=\"1000\" \/>\n\t<meta property=\"og:image:height\" content=\"1000\" \/>\n\t<meta property=\"og:image:type\" content=\"image\/jpeg\" \/>\n<meta name=\"twitter:card\" content=\"summary_large_image\" \/>\n<meta name=\"twitter:label1\" content=\"Estimated reading time\" \/>\n\t<meta name=\"twitter:data1\" content=\"3 minutes\" \/>\n<script type=\"application\/ld+json\" class=\"yoast-schema-graph\">{\"@context\":\"https:\/\/schema.org\",\"@graph\":[{\"@type\":\"WebPage\",\"@id\":\"https:\/\/jogapiekna.com\/produkt\/masazer-lyapko-mata-max\/\",\"url\":\"https:\/\/jogapiekna.com\/produkt\/masazer-lyapko-mata-max\/\",\"name\":\"Masa\u017cer Lyapko Mata Max 6,2 (nie zawiera niklu)\",\"isPartOf\":{\"@id\":\"https:\/\/jogapiekna.com\/#website\"},\"primaryImageOfPage\":{\"@id\":\"https:\/\/jogapiekna.com\/produkt\/masazer-lyapko-mata-max\/#primaryimage\"},\"image\":{\"@id\":\"https:\/\/jogapiekna.com\/produkt\/masazer-lyapko-mata-max\/#primaryimage\"},\"thumbnailUrl\":\"https:\/\/jogapiekna.com\/wp-content\/uploads\/2025\/10\/masazer-lyapko-mata-max_orange.jpg\",\"datePublished\":\"2025-10-12T13:05:55+00:00\",\"dateModified\":\"2026-02-04T14:25:02+00:00\",\"description\":\"Mata do masa\u017cu Lyapko MAX 6,2 to najwi\u0119kszy model z serii mat wieloig\u0142owych, zaprojektowany do intensywnej akupresury i refleksoterapii ca\u0142ego cia\u0142a.\",\"breadcrumb\":{\"@id\":\"https:\/\/jogapiekna.com\/produkt\/masazer-lyapko-mata-max\/#breadcrumb\"},\"inLanguage\":\"en-GB\",\"potentialAction\":[{\"@type\":\"ReadAction\",\"target\":[\"https:\/\/jogapiekna.com\/produkt\/masazer-lyapko-mata-max\/\"]}]},{\"@type\":\"ImageObject\",\"inLanguage\":\"en-GB\",\"@id\":\"https:\/\/jogapiekna.com\/produkt\/masazer-lyapko-mata-max\/#primaryimage\",\"url\":\"https:\/\/jogapiekna.com\/wp-content\/uploads\/2025\/10\/masazer-lyapko-mata-max_orange.jpg\",\"contentUrl\":\"https:\/\/jogapiekna.com\/wp-content\/uploads\/2025\/10\/masazer-lyapko-mata-max_orange.jpg\",\"width\":1000,\"height\":1000,\"caption\":\"Masa\u017cer Lyapko Mata Max 6,2 (nie zawiera niklu)\"},{\"@type\":\"BreadcrumbList\",\"@id\":\"https:\/\/jogapiekna.com\/produkt\/masazer-lyapko-mata-max\/#breadcrumb\",\"itemListElement\":[{\"@type\":\"ListItem\",\"position\":1,\"name\":\"Strona g\u0142\u00f3wna\",\"item\":\"https:\/\/jogapiekna.com\/\"},{\"@type\":\"ListItem\",\"position\":2,\"name\":\"Sklep\",\"item\":\"https:\/\/jogapiekna.com\/sklep\/\"},{\"@type\":\"ListItem\",\"position\":3,\"name\":\"Masa\u017cer Lyapko Mata Max 6,2 (nie zawiera niklu)\"}]},{\"@type\":\"WebSite\",\"@id\":\"https:\/\/jogapiekna.com\/#website\",\"url\":\"https:\/\/jogapiekna.com\/\",\"name\":\"Joga Pi\u0119kna Marta Kuci\u0144ska\",\"description\":\"Joga Pi\u0119kna pomaga kobietom zachowa\u0107 urod\u0119, cofn\u0105\u0107 oznaki up\u0142ywaj\u0105cego czasu i zm\u0119czenia, odzyska\u0107 promienny wygl\u0105d, naturalny u\u015bmiech i popraw\u0119 w\u0142asnej samooceny.\",\"publisher\":{\"@id\":\"https:\/\/jogapiekna.com\/#organization\"},\"potentialAction\":[{\"@type\":\"SearchAction\",\"target\":{\"@type\":\"EntryPoint\",\"urlTemplate\":\"https:\/\/jogapiekna.com\/?s={search_term_string}\"},\"query-input\":{\"@type\":\"PropertyValueSpecification\",\"valueRequired\":true,\"valueName\":\"search_term_string\"}}],\"inLanguage\":\"en-GB\"},{\"@type\":\"Organization\",\"@id\":\"https:\/\/jogapiekna.com\/#organization\",\"name\":\"Joga Pi\u0119kna Marta Kuci\u0144ska\",\"url\":\"https:\/\/jogapiekna.com\/\",\"logo\":{\"@type\":\"ImageObject\",\"inLanguage\":\"en-GB\",\"@id\":\"https:\/\/jogapiekna.com\/#\/schema\/logo\/image\/\",\"url\":\"https:\/\/jogapiekna.com\/wp-content\/uploads\/2022\/09\/joga-piekna-logo_Rka.png\",\"contentUrl\":\"https:\/\/jogapiekna.com\/wp-content\/uploads\/2022\/09\/joga-piekna-logo_Rka.png\",\"width\":231,\"height\":124,\"caption\":\"Joga Pi\u0119kna Marta Kuci\u0144ska\"},\"image\":{\"@id\":\"https:\/\/jogapiekna.com\/#\/schema\/logo\/image\/\"},\"sameAs\":[\"https:\/\/www.facebook.com\/JogaPieknaCom\/\",\"https:\/\/www.instagram.com\/jogapieknacom\/\"]}]}<\/script>\n<!-- \/ Yoast SEO plugin. -->","yoast_head_json":{"title":"Lyapko Massager Mata Max 6.2 (nickel-free)","description":"Mata do masa\u017cu Lyapko MAX 6,2 to najwi\u0119kszy model z serii mat wieloig\u0142owych, zaprojektowany do intensywnej akupresury i refleksoterapii ca\u0142ego cia\u0142a.","robots":{"index":"index","follow":"follow","max-snippet":"max-snippet:-1","max-image-preview":"max-image-preview:large","max-video-preview":"max-video-preview:-1"},"canonical":"https:\/\/jogapiekna.com\/en\/product\/masazer-lyapko-mata-max\/","og_locale":"en_GB","og_type":"article","og_title":"Masa\u017cer Lyapko Mata Max 6,2 (nie zawiera niklu)","og_description":"Mata do masa\u017cu Lyapko MAX 6,2 to najwi\u0119kszy model z serii mat wieloig\u0142owych, zaprojektowany do intensywnej akupresury i refleksoterapii ca\u0142ego cia\u0142a.","og_url":"https:\/\/jogapiekna.com\/en\/product\/masazer-lyapko-mata-max\/","og_site_name":"JOGA PI\u0118KNA | Joga Twarzy","article_publisher":"https:\/\/www.facebook.com\/JogaPieknaCom\/","article_modified_time":"2026-02-04T14:25:02+00:00","og_image":[{"width":1000,"height":1000,"url":"https:\/\/jogapiekna.com\/wp-content\/uploads\/2025\/10\/masazer-lyapko-mata-max_orange.jpg","type":"image\/jpeg"}],"twitter_card":"summary_large_image","twitter_misc":{"Estimated reading time":"3 minutes"},"schema":{"@context":"https:\/\/schema.org","@graph":[{"@type":"WebPage","@id":"https:\/\/jogapiekna.com\/produkt\/masazer-lyapko-mata-max\/","url":"https:\/\/jogapiekna.com\/produkt\/masazer-lyapko-mata-max\/","name":"Lyapko Massager Mata Max 6.2 (nickel-free)","isPartOf":{"@id":"https:\/\/jogapiekna.com\/#website"},"primaryImageOfPage":{"@id":"https:\/\/jogapiekna.com\/produkt\/masazer-lyapko-mata-max\/#primaryimage"},"image":{"@id":"https:\/\/jogapiekna.com\/produkt\/masazer-lyapko-mata-max\/#primaryimage"},"thumbnailUrl":"https:\/\/jogapiekna.com\/wp-content\/uploads\/2025\/10\/masazer-lyapko-mata-max_orange.jpg","datePublished":"2025-10-12T13:05:55+00:00","dateModified":"2026-02-04T14:25:02+00:00","description":"Mata do masa\u017cu Lyapko MAX 6,2 to najwi\u0119kszy model z serii mat wieloig\u0142owych, zaprojektowany do intensywnej akupresury i refleksoterapii ca\u0142ego cia\u0142a.","breadcrumb":{"@id":"https:\/\/jogapiekna.com\/produkt\/masazer-lyapko-mata-max\/#breadcrumb"},"inLanguage":"en-GB","potentialAction":[{"@type":"ReadAction","target":["https:\/\/jogapiekna.com\/produkt\/masazer-lyapko-mata-max\/"]}]},{"@type":"ImageObject","inLanguage":"en-GB","@id":"https:\/\/jogapiekna.com\/produkt\/masazer-lyapko-mata-max\/#primaryimage","url":"https:\/\/jogapiekna.com\/wp-content\/uploads\/2025\/10\/masazer-lyapko-mata-max_orange.jpg","contentUrl":"https:\/\/jogapiekna.com\/wp-content\/uploads\/2025\/10\/masazer-lyapko-mata-max_orange.jpg","width":1000,"height":1000,"caption":"Masa\u017cer Lyapko Mata Max 6,2 (nie zawiera niklu)"},{"@type":"BreadcrumbList","@id":"https:\/\/jogapiekna.com\/produkt\/masazer-lyapko-mata-max\/#breadcrumb","itemListElement":[{"@type":"ListItem","position":1,"name":"Strona g\u0142\u00f3wna","item":"https:\/\/jogapiekna.com\/"},{"@type":"ListItem","position":2,"name":"Sklep","item":"https:\/\/jogapiekna.com\/sklep\/"},{"@type":"ListItem","position":3,"name":"Masa\u017cer Lyapko Mata Max 6,2 (nie zawiera niklu)"}]},{"@type":"WebSite","@id":"https:\/\/jogapiekna.com\/#website","url":"https:\/\/jogapiekna.com\/","name":"Yoga Beauty Marta Kuci\u0144ska","description":"Beauty Yoga helps women to maintain their beauty, reverse the signs of passing time and fatigue, regain a radiant appearance, natural smile and improve their self-esteem.","publisher":{"@id":"https:\/\/jogapiekna.com\/#organization"},"potentialAction":[{"@type":"SearchAction","target":{"@type":"EntryPoint","urlTemplate":"https:\/\/jogapiekna.com\/?s={search_term_string}"},"query-input":{"@type":"PropertyValueSpecification","valueRequired":true,"valueName":"search_term_string"}}],"inLanguage":"en-GB"},{"@type":"Organization","@id":"https:\/\/jogapiekna.com\/#organization","name":"Yoga Beauty Marta Kuci\u0144ska","url":"https:\/\/jogapiekna.com\/","logo":{"@type":"ImageObject","inLanguage":"en-GB","@id":"https:\/\/jogapiekna.com\/#\/schema\/logo\/image\/","url":"https:\/\/jogapiekna.com\/wp-content\/uploads\/2022\/09\/joga-piekna-logo_Rka.png","contentUrl":"https:\/\/jogapiekna.com\/wp-content\/uploads\/2022\/09\/joga-piekna-logo_Rka.png","width":231,"height":124,"caption":"Joga Pi\u0119kna Marta Kuci\u0144ska"},"image":{"@id":"https:\/\/jogapiekna.com\/#\/schema\/logo\/image\/"},"sameAs":["https:\/\/www.facebook.com\/JogaPieknaCom\/","https:\/\/www.instagram.com\/jogapieknacom\/"]}]}},"_links":{"self":[{"href":"https:\/\/jogapiekna.com\/en\/wp-json\/wp\/v2\/product\/206006","targetHints":{"allow":["GET"]}}],"collection":[{"href":"https:\/\/jogapiekna.com\/en\/wp-json\/wp\/v2\/product"}],"about":[{"href":"https:\/\/jogapiekna.com\/en\/wp-json\/wp\/v2\/types\/product"}],"replies":[{"embeddable":true,"href":"https:\/\/jogapiekna.com\/en\/wp-json\/wp\/v2\/comments?post=206006"}],"version-history":[{"count":1,"href":"https:\/\/jogapiekna.com\/en\/wp-json\/wp\/v2\/product\/206006\/revisions"}],"predecessor-version":[{"id":214598,"href":"https:\/\/jogapiekna.com\/en\/wp-json\/wp\/v2\/product\/206006\/revisions\/214598"}],"wp:featuredmedia":[{"embeddable":true,"href":"https:\/\/jogapiekna.com\/en\/wp-json\/wp\/v2\/media\/206453"}],"wp:attachment":[{"href":"https:\/\/jogapiekna.com\/en\/wp-json\/wp\/v2\/media?parent=206006"}],"wp:term":[{"taxonomy":"product_brand","embeddable":true,"href":"https:\/\/jogapiekna.com\/en\/wp-json\/wp\/v2\/product_brand?post=206006"},{"taxonomy":"product_cat","embeddable":true,"href":"https:\/\/jogapiekna.com\/en\/wp-json\/wp\/v2\/product_cat?post=206006"},{"taxonomy":"product_tag","embeddable":true,"href":"https:\/\/jogapiekna.com\/en\/wp-json\/wp\/v2\/product_tag?post=206006"}],"curies":[{"name":"wp","href":"https:\/\/api.w.org\/{rel}","templated":true}]}}