{"id":206455,"date":"2025-10-20T22:33:03","date_gmt":"2025-10-20T20:33:03","guid":{"rendered":"https:\/\/jogapiekna.com\/?post_type=product&#038;p=206455"},"modified":"2026-02-19T15:22:32","modified_gmt":"2026-02-19T14:22:32","slug":"masazer-lyapko-mata-poduszka-58","status":"publish","type":"product","link":"https:\/\/jogapiekna.com\/en\/product\/masazer-lyapko-mata-poduszka-58\/","title":{"rendered":"Lyapko Massager Mat Cushion 5.8"},"content":{"rendered":"<p>The Lyapko Massager Mat Pillow 5.8 is a professional product for reflexology, massage, and acupressure, developed by Doctor Nikolay Lyapko \u2013 a doctor and reflexologist. It combines a mat surface with needles spaced 5.8 mm apart with an air chamber, allowing it to perfectly conform to the physiological curves of the body and enable individual adjustment of massage intensity.<\/p>\n<p>The pillow has been designed for massage of the neck, shoulders and lumbar spine, but can also be used on other parts of the body. The air chamber allows for hardness adjustment \u2013 the more it is inflated, the more decisive the sensations during the massage are; less filling provides a gentler relaxing effect.<\/p>\n<p>The mat is made of high-quality, natural rubber and needles containing iron, zinc, copper and silver. The silver acts as a natural disinfectant, neutralising bacteria and viruses. The design of the product ensures an even distribution of body weight and optimal safety of use.<\/p>\n<p>&nbsp;<\/p>\n<h2>Product advantages:<\/h2>\n<p>\u2022 adapts to the shape of the body thanks to the air chamber,<br \/>\n\u2022 eliminates muscle tension and supports recovery,<br \/>\n\u2022 stimulates circulation and improves general well-being,<br \/>\n\u2022 can be used in a lying, sitting, or standing position,<br \/>\n\u2022 easy to transport \u2013 it can be folded down after the air is released.<\/p>\n<p>The needle-free surface can be used for gentle acupressure massage or as an anti-slip protector during treatment. The product is intended for individual use and is not a medical device.<\/p>\n<p><strong>Material composition:<\/strong><br \/>\nnatural rubber, metal needles (Fe, Zn, Cu, Ag)<\/p>\n<p><strong>Safety:<\/strong><br \/>\nThe cushion has stops to protect the skin from damage; it can be used by people of normal or higher body weight. For people with delicate skin, it is recommended to place a thin fabric between the mat and the body.<\/p>\n<p><strong>Technical parameters:<\/strong><br \/>\n\u2022\u00a0<strong>Size:<\/strong> 165 \u00d7 385 mm<br \/>\n\u2022\u00a0<strong>Needle spacing:<\/strong> 5.8 mm<br \/>\n\u2022\u00a0<strong>Number of needles:<\/strong> 1856<br \/>\n\u2022\u00a0<strong>Weight:<\/strong> 0.8 kg<br \/>\n\u2022\u00a0<strong>Destiny<\/strong> Massage, reflexology, acupressure<br \/>\n\u2022\u00a0<strong>The product is not a medical device<\/strong><\/p>\n<p>&nbsp;<\/p>\n<h2>Contraindications to the use of Lyapko massagers<\/h2>\n<ul>\n<li>acute infectious diseases<\/li>\n<li>acute or febrile stages of chronic diseases<\/li>\n<li>acute injuries or illnesses (for example, bone fractures, blood clots, or thrombosis)<\/li>\n<li>decompensated state with cardiovascular, pulmonary, liver, kidney diseases<\/li>\n<li>acute respiratory diseases<\/li>\n<li>varicose veins, acute thrombophlebitis<\/li>\n<li>after surgery, wounds, burns, and frostbite<\/li>\n<li>decompensated diseases of the blood and blood-forming organs<\/li>\n<li>for skin diseases<\/li>\n<li>taking anticoagulants(anticoagulants)<\/li>\n<li>allergy to any metal contained in the massager needles<\/li>\n<li>violation of the integrity of the skin: wounds, burns, frostbite<\/li>\n<li>pregnancy<\/li>\n<\/ul>","protected":false},"excerpt":{"rendered":"<p>The Lyapko Massage Mat Pillow 5.8 is an innovative acupressure mat with adjustable pressure thanks to an air chamber. It combines the properties of a classic mat with the functionality of a cushion, adapting perfectly to the natural curves of the body. Ideal for massage of the neck, shoulders, lumbar spine and other parts of the body. Promotes relaxation, improves circulation and reduces muscle tension. The product is not a medical device.<\/p>\n<p>\u2022\u00a0<strong>Size:<\/strong> 165 \u00d7 385 mm<br \/>\n\u2022\u00a0<strong>Needle spacing:<\/strong> 5.8 mm<br \/>\n\u2022\u00a0<strong>Number of needles:<\/strong> 1856<br \/>\n\u2022\u00a0<strong>Weight:<\/strong> 0.8 kg<br \/>\n\u2022\u00a0<strong>Destiny<\/strong> Massage, reflexology, acupressure<br \/>\n\u2022\u00a0<strong>The product is not a medical device<\/strong><\/p>\n<p><a href=\"https:\/\/jogapiekna.com\/wp-content\/uploads\/2025\/10\/INSTRUKCJA-UZYTKOWANIA-I-BEZPIECZENSTWA-MASAZEROW-LYAPKO.pdf\" target=\"_blank\" rel=\"noopener\">LYAPKO MASSAGERS' USER AND SAFETY INSTRUCTIONS<\/a><\/p>","protected":false},"featured_media":206461,"comment_status":"closed","ping_status":"closed","template":"","meta":{"_acf_changed":false,"site-sidebar-layout":"default","site-content-layout":"","ast-site-content-layout":"default","site-content-style":"default","site-sidebar-style":"default","ast-global-header-display":"","ast-banner-title-visibility":"","ast-main-header-display":"","ast-hfb-above-header-display":"","ast-hfb-below-header-display":"","ast-hfb-mobile-header-display":"","site-post-title":"","ast-breadcrumbs-content":"","ast-featured-img":"","footer-sml-layout":"","ast-disable-related-posts":"","theme-transparent-header-meta":"default","adv-header-id-meta":"","stick-header-meta":"","header-above-stick-meta":"","header-main-stick-meta":"","header-below-stick-meta":"","astra-migrate-meta-layouts":"set","ast-page-background-enabled":"default","ast-page-background-meta":{"desktop":{"background-color":"var(--ast-global-color-5)","background-image":"","background-repeat":"repeat","background-position":"center center","background-size":"auto","background-attachment":"scroll","background-type":"","background-media":"","overlay-type":"","overlay-color":"","overlay-opacity":"","overlay-gradient":""},"tablet":{"background-color":"","background-image":"","background-repeat":"repeat","background-position":"center center","background-size":"auto","background-attachment":"scroll","background-type":"","background-media":"","overlay-type":"","overlay-color":"","overlay-opacity":"","overlay-gradient":""},"mobile":{"background-color":"","background-image":"","background-repeat":"repeat","background-position":"center center","background-size":"auto","background-attachment":"scroll","background-type":"","background-media":"","overlay-type":"","overlay-color":"","overlay-opacity":"","overlay-gradient":""}},"ast-content-background-meta":{"desktop":{"background-color":"var(--ast-global-color-4)","background-image":"","background-repeat":"repeat","background-position":"center center","background-size":"auto","background-attachment":"scroll","background-type":"","background-media":"","overlay-type":"","overlay-color":"","overlay-opacity":"","overlay-gradient":""},"tablet":{"background-color":"var(--ast-global-color-4)","background-image":"","background-repeat":"repeat","background-position":"center center","background-size":"auto","background-attachment":"scroll","background-type":"","background-media":"","overlay-type":"","overlay-color":"","overlay-opacity":"","overlay-gradient":""},"mobile":{"background-color":"var(--ast-global-color-4)","background-image":"","background-repeat":"repeat","background-position":"center center","background-size":"auto","background-attachment":"scroll","background-type":"","background-media":"","overlay-type":"","overlay-color":"","overlay-opacity":"","overlay-gradient":""}}},"product_brand":[],"product_cat":[21,618,620,619,610],"product_tag":[250,237,359,304,259,566,263],"class_list":{"0":"post-206455","1":"product","2":"type-product","3":"status-publish","4":"has-post-thumbnail","6":"product_cat-akcesoria","7":"product_cat-inne","8":"product_cat-masaz-ciala","9":"product_cat-masaz-glowy","10":"product_cat-masaz-twarzy-i-szyi","11":"product_tag-akcesoria","12":"product_tag-akupresura","13":"product_tag-dobre-samopoczucie","14":"product_tag-masaz","15":"product_tag-odmladzanie","16":"product_tag-relaks","17":"product_tag-zdrowy-sen","18":"desktop-align-left","19":"tablet-align-left","20":"mobile-align-left","22":"first","23":"instock","24":"taxable","25":"shipping-taxable","26":"purchasable","27":"product-type-variable"},"acf":[],"yoast_head":"<!-- This site is optimized with the Yoast SEO plugin v27.2 - https:\/\/yoast.com\/product\/yoast-seo-wordpress\/ -->\n<title>Masa\u017cer Lyapko Mata Poduszka 5,8<\/title>\n<meta name=\"description\" content=\"Poduszka do masa\u017cu to najwi\u0119kszy model z serii mat wieloig\u0142owych, zaprojektowany do intensywnej akupresury i refleksoterapii ca\u0142ego cia\u0142a.\" \/>\n<meta name=\"robots\" content=\"index, follow, max-snippet:-1, max-image-preview:large, max-video-preview:-1\" \/>\n<link rel=\"canonical\" href=\"https:\/\/jogapiekna.com\/en\/product\/masazer-lyapko-mata-poduszka-58\/\" \/>\n<meta property=\"og:locale\" content=\"en_GB\" \/>\n<meta property=\"og:type\" content=\"article\" \/>\n<meta property=\"og:title\" content=\"Masa\u017cer Lyapko Mata Poduszka 5,8\" \/>\n<meta property=\"og:description\" content=\"Poduszka do masa\u017cu to najwi\u0119kszy model z serii mat wieloig\u0142owych, zaprojektowany do intensywnej akupresury i refleksoterapii ca\u0142ego cia\u0142a.\" \/>\n<meta property=\"og:url\" content=\"https:\/\/jogapiekna.com\/en\/product\/masazer-lyapko-mata-poduszka-58\/\" \/>\n<meta property=\"og:site_name\" content=\"JOGA PI\u0118KNA | Joga Twarzy\" \/>\n<meta property=\"article:publisher\" content=\"https:\/\/www.facebook.com\/JogaPieknaCom\/\" \/>\n<meta property=\"article:modified_time\" content=\"2026-02-19T14:22:32+00:00\" \/>\n<meta property=\"og:image\" content=\"https:\/\/jogapiekna.com\/wp-content\/uploads\/2025\/10\/masazer-lyapko-poduszka_orange.jpg\" \/>\n\t<meta property=\"og:image:width\" content=\"1000\" \/>\n\t<meta property=\"og:image:height\" content=\"1000\" \/>\n\t<meta property=\"og:image:type\" content=\"image\/jpeg\" \/>\n<meta name=\"twitter:card\" content=\"summary_large_image\" \/>\n<meta name=\"twitter:label1\" content=\"Estimated reading time\" \/>\n\t<meta name=\"twitter:data1\" content=\"3 minutes\" \/>\n<script type=\"application\/ld+json\" class=\"yoast-schema-graph\">{\"@context\":\"https:\/\/schema.org\",\"@graph\":[{\"@type\":\"WebPage\",\"@id\":\"https:\/\/jogapiekna.com\/produkt\/masazer-lyapko-mata-poduszka-58\/\",\"url\":\"https:\/\/jogapiekna.com\/produkt\/masazer-lyapko-mata-poduszka-58\/\",\"name\":\"Masa\u017cer Lyapko Mata Poduszka 5,8\",\"isPartOf\":{\"@id\":\"https:\/\/jogapiekna.com\/#website\"},\"primaryImageOfPage\":{\"@id\":\"https:\/\/jogapiekna.com\/produkt\/masazer-lyapko-mata-poduszka-58\/#primaryimage\"},\"image\":{\"@id\":\"https:\/\/jogapiekna.com\/produkt\/masazer-lyapko-mata-poduszka-58\/#primaryimage\"},\"thumbnailUrl\":\"https:\/\/jogapiekna.com\/wp-content\/uploads\/2025\/10\/masazer-lyapko-poduszka_orange.jpg\",\"datePublished\":\"2025-10-20T20:33:03+00:00\",\"dateModified\":\"2026-02-19T14:22:32+00:00\",\"description\":\"Poduszka do masa\u017cu to najwi\u0119kszy model z serii mat wieloig\u0142owych, zaprojektowany do intensywnej akupresury i refleksoterapii ca\u0142ego cia\u0142a.\",\"breadcrumb\":{\"@id\":\"https:\/\/jogapiekna.com\/produkt\/masazer-lyapko-mata-poduszka-58\/#breadcrumb\"},\"inLanguage\":\"en-GB\",\"potentialAction\":[{\"@type\":\"ReadAction\",\"target\":[\"https:\/\/jogapiekna.com\/produkt\/masazer-lyapko-mata-poduszka-58\/\"]}]},{\"@type\":\"ImageObject\",\"inLanguage\":\"en-GB\",\"@id\":\"https:\/\/jogapiekna.com\/produkt\/masazer-lyapko-mata-poduszka-58\/#primaryimage\",\"url\":\"https:\/\/jogapiekna.com\/wp-content\/uploads\/2025\/10\/masazer-lyapko-poduszka_orange.jpg\",\"contentUrl\":\"https:\/\/jogapiekna.com\/wp-content\/uploads\/2025\/10\/masazer-lyapko-poduszka_orange.jpg\",\"width\":1000,\"height\":1000,\"caption\":\"Masa\u017cer Lyapko Mata Poduszka 5,8\"},{\"@type\":\"BreadcrumbList\",\"@id\":\"https:\/\/jogapiekna.com\/produkt\/masazer-lyapko-mata-poduszka-58\/#breadcrumb\",\"itemListElement\":[{\"@type\":\"ListItem\",\"position\":1,\"name\":\"Strona g\u0142\u00f3wna\",\"item\":\"https:\/\/jogapiekna.com\/\"},{\"@type\":\"ListItem\",\"position\":2,\"name\":\"Sklep\",\"item\":\"https:\/\/jogapiekna.com\/sklep\/\"},{\"@type\":\"ListItem\",\"position\":3,\"name\":\"Masa\u017cer Lyapko Mata Poduszka 5,8\"}]},{\"@type\":\"WebSite\",\"@id\":\"https:\/\/jogapiekna.com\/#website\",\"url\":\"https:\/\/jogapiekna.com\/\",\"name\":\"Joga Pi\u0119kna Marta Kuci\u0144ska\",\"description\":\"Joga Pi\u0119kna pomaga kobietom zachowa\u0107 urod\u0119, cofn\u0105\u0107 oznaki up\u0142ywaj\u0105cego czasu i zm\u0119czenia, odzyska\u0107 promienny wygl\u0105d, naturalny u\u015bmiech i popraw\u0119 w\u0142asnej samooceny.\",\"publisher\":{\"@id\":\"https:\/\/jogapiekna.com\/#organization\"},\"potentialAction\":[{\"@type\":\"SearchAction\",\"target\":{\"@type\":\"EntryPoint\",\"urlTemplate\":\"https:\/\/jogapiekna.com\/?s={search_term_string}\"},\"query-input\":{\"@type\":\"PropertyValueSpecification\",\"valueRequired\":true,\"valueName\":\"search_term_string\"}}],\"inLanguage\":\"en-GB\"},{\"@type\":\"Organization\",\"@id\":\"https:\/\/jogapiekna.com\/#organization\",\"name\":\"Joga Pi\u0119kna Marta Kuci\u0144ska\",\"url\":\"https:\/\/jogapiekna.com\/\",\"logo\":{\"@type\":\"ImageObject\",\"inLanguage\":\"en-GB\",\"@id\":\"https:\/\/jogapiekna.com\/#\/schema\/logo\/image\/\",\"url\":\"https:\/\/jogapiekna.com\/wp-content\/uploads\/2022\/09\/joga-piekna-logo_Rka.png\",\"contentUrl\":\"https:\/\/jogapiekna.com\/wp-content\/uploads\/2022\/09\/joga-piekna-logo_Rka.png\",\"width\":231,\"height\":124,\"caption\":\"Joga Pi\u0119kna Marta Kuci\u0144ska\"},\"image\":{\"@id\":\"https:\/\/jogapiekna.com\/#\/schema\/logo\/image\/\"},\"sameAs\":[\"https:\/\/www.facebook.com\/JogaPieknaCom\/\",\"https:\/\/www.instagram.com\/jogapieknacom\/\"]}]}<\/script>\n<!-- \/ Yoast SEO plugin. -->","yoast_head_json":{"title":"Lyapko Massager Mat Cushion 5.8","description":"Poduszka do masa\u017cu to najwi\u0119kszy model z serii mat wieloig\u0142owych, zaprojektowany do intensywnej akupresury i refleksoterapii ca\u0142ego cia\u0142a.","robots":{"index":"index","follow":"follow","max-snippet":"max-snippet:-1","max-image-preview":"max-image-preview:large","max-video-preview":"max-video-preview:-1"},"canonical":"https:\/\/jogapiekna.com\/en\/product\/masazer-lyapko-mata-poduszka-58\/","og_locale":"en_GB","og_type":"article","og_title":"Masa\u017cer Lyapko Mata Poduszka 5,8","og_description":"Poduszka do masa\u017cu to najwi\u0119kszy model z serii mat wieloig\u0142owych, zaprojektowany do intensywnej akupresury i refleksoterapii ca\u0142ego cia\u0142a.","og_url":"https:\/\/jogapiekna.com\/en\/product\/masazer-lyapko-mata-poduszka-58\/","og_site_name":"JOGA PI\u0118KNA | Joga Twarzy","article_publisher":"https:\/\/www.facebook.com\/JogaPieknaCom\/","article_modified_time":"2026-02-19T14:22:32+00:00","og_image":[{"width":1000,"height":1000,"url":"https:\/\/jogapiekna.com\/wp-content\/uploads\/2025\/10\/masazer-lyapko-poduszka_orange.jpg","type":"image\/jpeg"}],"twitter_card":"summary_large_image","twitter_misc":{"Estimated reading time":"3 minutes"},"schema":{"@context":"https:\/\/schema.org","@graph":[{"@type":"WebPage","@id":"https:\/\/jogapiekna.com\/produkt\/masazer-lyapko-mata-poduszka-58\/","url":"https:\/\/jogapiekna.com\/produkt\/masazer-lyapko-mata-poduszka-58\/","name":"Lyapko Massager Mat Cushion 5.8","isPartOf":{"@id":"https:\/\/jogapiekna.com\/#website"},"primaryImageOfPage":{"@id":"https:\/\/jogapiekna.com\/produkt\/masazer-lyapko-mata-poduszka-58\/#primaryimage"},"image":{"@id":"https:\/\/jogapiekna.com\/produkt\/masazer-lyapko-mata-poduszka-58\/#primaryimage"},"thumbnailUrl":"https:\/\/jogapiekna.com\/wp-content\/uploads\/2025\/10\/masazer-lyapko-poduszka_orange.jpg","datePublished":"2025-10-20T20:33:03+00:00","dateModified":"2026-02-19T14:22:32+00:00","description":"Poduszka do masa\u017cu to najwi\u0119kszy model z serii mat wieloig\u0142owych, zaprojektowany do intensywnej akupresury i refleksoterapii ca\u0142ego cia\u0142a.","breadcrumb":{"@id":"https:\/\/jogapiekna.com\/produkt\/masazer-lyapko-mata-poduszka-58\/#breadcrumb"},"inLanguage":"en-GB","potentialAction":[{"@type":"ReadAction","target":["https:\/\/jogapiekna.com\/produkt\/masazer-lyapko-mata-poduszka-58\/"]}]},{"@type":"ImageObject","inLanguage":"en-GB","@id":"https:\/\/jogapiekna.com\/produkt\/masazer-lyapko-mata-poduszka-58\/#primaryimage","url":"https:\/\/jogapiekna.com\/wp-content\/uploads\/2025\/10\/masazer-lyapko-poduszka_orange.jpg","contentUrl":"https:\/\/jogapiekna.com\/wp-content\/uploads\/2025\/10\/masazer-lyapko-poduszka_orange.jpg","width":1000,"height":1000,"caption":"Masa\u017cer Lyapko Mata Poduszka 5,8"},{"@type":"BreadcrumbList","@id":"https:\/\/jogapiekna.com\/produkt\/masazer-lyapko-mata-poduszka-58\/#breadcrumb","itemListElement":[{"@type":"ListItem","position":1,"name":"Strona g\u0142\u00f3wna","item":"https:\/\/jogapiekna.com\/"},{"@type":"ListItem","position":2,"name":"Sklep","item":"https:\/\/jogapiekna.com\/sklep\/"},{"@type":"ListItem","position":3,"name":"Masa\u017cer Lyapko Mata Poduszka 5,8"}]},{"@type":"WebSite","@id":"https:\/\/jogapiekna.com\/#website","url":"https:\/\/jogapiekna.com\/","name":"Yoga Beauty Marta Kuci\u0144ska","description":"Beauty Yoga helps women to maintain their beauty, reverse the signs of passing time and fatigue, regain a radiant appearance, natural smile and improve their self-esteem.","publisher":{"@id":"https:\/\/jogapiekna.com\/#organization"},"potentialAction":[{"@type":"SearchAction","target":{"@type":"EntryPoint","urlTemplate":"https:\/\/jogapiekna.com\/?s={search_term_string}"},"query-input":{"@type":"PropertyValueSpecification","valueRequired":true,"valueName":"search_term_string"}}],"inLanguage":"en-GB"},{"@type":"Organization","@id":"https:\/\/jogapiekna.com\/#organization","name":"Yoga Beauty Marta Kuci\u0144ska","url":"https:\/\/jogapiekna.com\/","logo":{"@type":"ImageObject","inLanguage":"en-GB","@id":"https:\/\/jogapiekna.com\/#\/schema\/logo\/image\/","url":"https:\/\/jogapiekna.com\/wp-content\/uploads\/2022\/09\/joga-piekna-logo_Rka.png","contentUrl":"https:\/\/jogapiekna.com\/wp-content\/uploads\/2022\/09\/joga-piekna-logo_Rka.png","width":231,"height":124,"caption":"Joga Pi\u0119kna Marta Kuci\u0144ska"},"image":{"@id":"https:\/\/jogapiekna.com\/#\/schema\/logo\/image\/"},"sameAs":["https:\/\/www.facebook.com\/JogaPieknaCom\/","https:\/\/www.instagram.com\/jogapieknacom\/"]}]}},"_links":{"self":[{"href":"https:\/\/jogapiekna.com\/en\/wp-json\/wp\/v2\/product\/206455","targetHints":{"allow":["GET"]}}],"collection":[{"href":"https:\/\/jogapiekna.com\/en\/wp-json\/wp\/v2\/product"}],"about":[{"href":"https:\/\/jogapiekna.com\/en\/wp-json\/wp\/v2\/types\/product"}],"replies":[{"embeddable":true,"href":"https:\/\/jogapiekna.com\/en\/wp-json\/wp\/v2\/comments?post=206455"}],"version-history":[{"count":1,"href":"https:\/\/jogapiekna.com\/en\/wp-json\/wp\/v2\/product\/206455\/revisions"}],"predecessor-version":[{"id":217395,"href":"https:\/\/jogapiekna.com\/en\/wp-json\/wp\/v2\/product\/206455\/revisions\/217395"}],"wp:featuredmedia":[{"embeddable":true,"href":"https:\/\/jogapiekna.com\/en\/wp-json\/wp\/v2\/media\/206461"}],"wp:attachment":[{"href":"https:\/\/jogapiekna.com\/en\/wp-json\/wp\/v2\/media?parent=206455"}],"wp:term":[{"taxonomy":"product_brand","embeddable":true,"href":"https:\/\/jogapiekna.com\/en\/wp-json\/wp\/v2\/product_brand?post=206455"},{"taxonomy":"product_cat","embeddable":true,"href":"https:\/\/jogapiekna.com\/en\/wp-json\/wp\/v2\/product_cat?post=206455"},{"taxonomy":"product_tag","embeddable":true,"href":"https:\/\/jogapiekna.com\/en\/wp-json\/wp\/v2\/product_tag?post=206455"}],"curies":[{"name":"wp","href":"https:\/\/api.w.org\/{rel}","templated":true}]}}