{"id":216352,"date":"2026-02-08T16:12:47","date_gmt":"2026-02-08T15:12:47","guid":{"rendered":"https:\/\/jogapiekna.com\/?post_type=product&#038;p=216352"},"modified":"2026-03-25T09:48:49","modified_gmt":"2026-03-25T08:48:49","slug":"warsztaty-stacjonarne-joga-twarzy-automasaz","status":"publish","type":"product","link":"https:\/\/jogapiekna.com\/en\/product\/warsztaty-stacjonarne-joga-twarzy-automasaz\/","title":{"rendered":"Stationary workshop - Facial yoga - Self-massage - \u0141\u00f3d\u017a 18 April 2026"},"content":{"rendered":"<p>&nbsp;<\/p>\n<h2>BEAUTIFUL YOGA - facial yoga and self-massage workshops<\/h2>\n<p><strong>Natural rejuvenation that starts... with understanding your own face.<\/strong><\/p>\n<p>Your face does not age just because time passes.She changes every day: in the tensions, in the facial expressions, in the habits, in the emotions you carry within you.<\/p>\n<p>At this workshop, we will not be fighting against time.We will be <strong>explore<\/strong>\u00a0face from scratch and learn to work with it so that it looks fresher, calmer and more radiant. Naturally, gently and in harmony with yourself.<\/p>\n<h3>What is the Yoga Beauty method?<\/h3>\n<p>It is a proprietary method based on:<br \/>\n- exercising the muscles of the face and neck,<br \/>\n- self-massage,<br \/>\n- conscious work on habits, attitude and care,<br \/>\n- and <strong>facial attentiveness<\/strong>, i.e. observing one's own facial expressions and emotions, which are outlined in the features.<\/p>\n<p>With this practice, you strengthen what should work, loosen what is in constant tension and learn to read facial signals before they turn into fixed lines, \u201ehamsters\u201d, a heavier oval or a tense forehead.<\/p>\n<h3>Did you know that we have more than 80 muscles in our face and neck?<\/h3>\n<p>Over time, muscles can lose firmness and volume, some get into permanent tension and the skin starts to sag. Added to this are changes in tissue structure and the natural effects of gravity. Care alone will not stop these processes.<\/p>\n<p>But the good news is:<br \/>\nwhen you understand,\u00a0<strong>what exactly is going on in the face<\/strong>, you can dramatically change your approach and start acting wisely, every day, without pressure, but with visible results.<\/p>\n<h3>What makes this workshop special?<\/h3>\n<p>This is not just a \u201eset of exercises\u201d.<br \/>\nIt is a meeting at which:<br \/>\n\u2705 you will learn to be attentive to your face<br \/>\n\u2705 you will see how your facial expressions \u201ework\u201d during the day and how this affects the oval, cheek droop, facial expression, the appearance of the eye zone, any furrows, the forehead, etc.<br \/>\n\u2705 you will understand how emotions and stress are recorded in tensions (jaw, eyebrows, neck) \u2705 you will be given concrete tools: exercise + massage + change of habits that positively change your appearance<\/p>\n<p>And above all:\u00a0<strong>we will practice<\/strong>, so that you leave the workshop with a skill that you can apply for months and years.<\/p>\n<h3>PROGRAMME of the workshop \u201eBeauty Yoga - Facial Yoga. Self-Massage\u201d:<\/h3>\n<p><strong>Theoretical part:<\/strong><br \/>\n- basics of face and neck anatomy<br \/>\n- ageing processes of the face and neck<br \/>\n- the effect of posture and posture on the appearance of the face and neck<br \/>\n- habits that alter features (facial expressions, tension, bruxism, body positions, screen work)<br \/>\n- emotions and the face: how stress and tension are recorded in facial expressions and tissues<br \/>\n- facial attentiveness: how to observe yourself in order to stop acting \u201eblindly\u201d<br \/>\n- basics of natural face and neck care<\/p>\n<p><strong>The practical part:<\/strong><br \/>\n- exercises for specific areas: improving the oval, lifting the cheeks, working on the double chin, the eye area, smoothing the forehead<br \/>\n- manual self-massage<br \/>\n- tile self-massage\u00a0<strong>Gua Sha<\/strong><\/p>\n<p><strong>\ud83c\udf81 A gift for each participant:\u00a0<\/strong>Gua Sha plate made from the natural mineral aventurine (value: PLN 89)<\/p>\n<p><strong>Materials and accessories:<\/strong><\/p>\n<p>- PDF materials sent by e-mail after the class<br \/>\n- massage video (after the workshop)<br \/>\n- certificate of participation<\/p>\n<h3>How soon will you see results?<\/h3>\n<p>All it takes is practice\u00a0<strong>2 times a day for 10 minutes each<\/strong>, to notice the first changes even after about 2 weeks, especially in the freshness, tightness of the tissues and the \u201ecalmer\u201d appearance of the face.<\/p>\n<p><strong>Important:<\/strong><br \/>\nThis\u00a0<strong>is not an instructor course<\/strong>\u00a0entitlement to teach or consult.<\/p>\n<p><strong>Where and when?<\/strong><br \/>\n<strong>Date:<\/strong> 18 April 2026<br \/>\n<strong>Hour:<\/strong> 10.00-14.00<br \/>\n<strong>Location:<\/strong> \u0141\u00f3d\u017a, Hotel Ibis al. Pi\u0142sudskiego 11<br \/>\n<strong>Cost:<\/strong> PLN 597<br \/>\n<strong>Places limited.<\/strong><br \/>\nWater, biscuits and fruit will be available at the workshop.<\/p>","protected":false},"excerpt":{"rendered":"<p><strong>Date:<\/strong> 18 April 2026<br \/>\n<strong>Hours:<\/strong> 10.00 - 14.00<br \/>\n<strong>Location:<\/strong> \u0141\u00f3d\u017a, Hotel Ibis al. Pi\u0142sudskiego 11<br \/>\n<strong>Places limited.<\/strong><br \/>\nWater, biscuits and fruit will be available at the workshop.<\/p>","protected":false},"featured_media":217715,"comment_status":"closed","ping_status":"closed","template":"","meta":{"_acf_changed":false,"site-sidebar-layout":"default","site-content-layout":"","ast-site-content-layout":"default","site-content-style":"default","site-sidebar-style":"default","ast-global-header-display":"","ast-banner-title-visibility":"","ast-main-header-display":"","ast-hfb-above-header-display":"","ast-hfb-below-header-display":"","ast-hfb-mobile-header-display":"","site-post-title":"","ast-breadcrumbs-content":"","ast-featured-img":"","footer-sml-layout":"","ast-disable-related-posts":"","theme-transparent-header-meta":"default","adv-header-id-meta":"","stick-header-meta":"","header-above-stick-meta":"","header-main-stick-meta":"","header-below-stick-meta":"","astra-migrate-meta-layouts":"set","ast-page-background-enabled":"default","ast-page-background-meta":{"desktop":{"background-color":"var(--ast-global-color-5)","background-image":"","background-repeat":"repeat","background-position":"center center","background-size":"auto","background-attachment":"scroll","background-type":"","background-media":"","overlay-type":"","overlay-color":"","overlay-opacity":"","overlay-gradient":""},"tablet":{"background-color":"","background-image":"","background-repeat":"repeat","background-position":"center center","background-size":"auto","background-attachment":"scroll","background-type":"","background-media":"","overlay-type":"","overlay-color":"","overlay-opacity":"","overlay-gradient":""},"mobile":{"background-color":"","background-image":"","background-repeat":"repeat","background-position":"center center","background-size":"auto","background-attachment":"scroll","background-type":"","background-media":"","overlay-type":"","overlay-color":"","overlay-opacity":"","overlay-gradient":""}},"ast-content-background-meta":{"desktop":{"background-color":"var(--ast-global-color-4)","background-image":"","background-repeat":"repeat","background-position":"center center","background-size":"auto","background-attachment":"scroll","background-type":"","background-media":"","overlay-type":"","overlay-color":"","overlay-opacity":"","overlay-gradient":""},"tablet":{"background-color":"var(--ast-global-color-4)","background-image":"","background-repeat":"repeat","background-position":"center center","background-size":"auto","background-attachment":"scroll","background-type":"","background-media":"","overlay-type":"","overlay-color":"","overlay-opacity":"","overlay-gradient":""},"mobile":{"background-color":"var(--ast-global-color-4)","background-image":"","background-repeat":"repeat","background-position":"center center","background-size":"auto","background-attachment":"scroll","background-type":"","background-media":"","overlay-type":"","overlay-color":"","overlay-opacity":"","overlay-gradient":""}}},"product_brand":[],"product_cat":[19],"product_tag":[205,41],"class_list":{"0":"post-216352","1":"product","2":"type-product","3":"status-publish","4":"has-post-thumbnail","6":"product_cat-warsztaty-stacjonarne","7":"product_tag-automasaz","8":"product_tag-joga-twarzy","9":"desktop-align-left","10":"tablet-align-left","11":"mobile-align-left","13":"first","14":"instock","15":"virtual","16":"taxable","17":"purchasable","18":"product-type-simple"},"acf":[],"yoast_head":"<!-- This site is optimized with the Yoast SEO plugin v27.2 - https:\/\/yoast.com\/product\/yoast-seo-wordpress\/ -->\n<title>Warsztaty stacjonarne \u2022 Joga twarzy \u2022 Automasa\u017c \u2022 \u0141\u00f3d\u017a 14 marca 2026<\/title>\n<meta name=\"description\" content=\"Joga twarzy to naturalny spos\u00f3b na spowolnienie zachodz\u0105cych z wiekiem zmian na twarzy. Daje efekt odm\u0142odzenia, redukuje zmarszczki.\" \/>\n<meta name=\"robots\" content=\"index, follow, max-snippet:-1, max-image-preview:large, max-video-preview:-1\" \/>\n<link rel=\"canonical\" href=\"https:\/\/jogapiekna.com\/en\/product\/warsztaty-stacjonarne-joga-twarzy-automasaz\/\" \/>\n<meta property=\"og:locale\" content=\"en_GB\" \/>\n<meta property=\"og:type\" content=\"article\" \/>\n<meta property=\"og:title\" content=\"Warsztaty stacjonarne \u2022 Joga twarzy \u2022 Automasa\u017c \u2022 \u0141\u00f3d\u017a 14 marca 2026\" \/>\n<meta property=\"og:description\" content=\"Joga twarzy to naturalny spos\u00f3b na spowolnienie zachodz\u0105cych z wiekiem zmian na twarzy. Daje efekt odm\u0142odzenia, redukuje zmarszczki.\" \/>\n<meta property=\"og:url\" content=\"https:\/\/jogapiekna.com\/en\/product\/warsztaty-stacjonarne-joga-twarzy-automasaz\/\" \/>\n<meta property=\"og:site_name\" content=\"JOGA PI\u0118KNA | Joga Twarzy\" \/>\n<meta property=\"article:publisher\" content=\"https:\/\/www.facebook.com\/JogaPieknaCom\/\" \/>\n<meta property=\"article:modified_time\" content=\"2026-03-25T08:48:49+00:00\" \/>\n<meta property=\"og:image\" content=\"https:\/\/jogapiekna.com\/wp-content\/uploads\/2026\/02\/warsztaty-stacjonarne_lodz-18-04_kwadrat.jpg\" \/>\n\t<meta property=\"og:image:width\" content=\"1000\" \/>\n\t<meta property=\"og:image:height\" content=\"1000\" \/>\n\t<meta property=\"og:image:type\" content=\"image\/jpeg\" \/>\n<meta name=\"twitter:card\" content=\"summary_large_image\" \/>\n<meta name=\"twitter:label1\" content=\"Estimated reading time\" \/>\n\t<meta name=\"twitter:data1\" content=\"4 minutes\" \/>\n<script type=\"application\/ld+json\" class=\"yoast-schema-graph\">{\"@context\":\"https:\/\/schema.org\",\"@graph\":[{\"@type\":\"WebPage\",\"@id\":\"https:\/\/jogapiekna.com\/produkt\/warsztaty-stacjonarne-joga-twarzy-automasaz\/\",\"url\":\"https:\/\/jogapiekna.com\/produkt\/warsztaty-stacjonarne-joga-twarzy-automasaz\/\",\"name\":\"Warsztaty stacjonarne \u2022 Joga twarzy \u2022 Automasa\u017c \u2022 \u0141\u00f3d\u017a 14 marca 2026\",\"isPartOf\":{\"@id\":\"https:\/\/jogapiekna.com\/#website\"},\"primaryImageOfPage\":{\"@id\":\"https:\/\/jogapiekna.com\/produkt\/warsztaty-stacjonarne-joga-twarzy-automasaz\/#primaryimage\"},\"image\":{\"@id\":\"https:\/\/jogapiekna.com\/produkt\/warsztaty-stacjonarne-joga-twarzy-automasaz\/#primaryimage\"},\"thumbnailUrl\":\"https:\/\/jogapiekna.com\/wp-content\/uploads\/2026\/02\/warsztaty-stacjonarne_lodz-18-04_kwadrat.jpg\",\"datePublished\":\"2026-02-08T15:12:47+00:00\",\"dateModified\":\"2026-03-25T08:48:49+00:00\",\"description\":\"Joga twarzy to naturalny spos\u00f3b na spowolnienie zachodz\u0105cych z wiekiem zmian na twarzy. Daje efekt odm\u0142odzenia, redukuje zmarszczki.\",\"breadcrumb\":{\"@id\":\"https:\/\/jogapiekna.com\/produkt\/warsztaty-stacjonarne-joga-twarzy-automasaz\/#breadcrumb\"},\"inLanguage\":\"en-GB\",\"potentialAction\":[{\"@type\":\"ReadAction\",\"target\":[\"https:\/\/jogapiekna.com\/produkt\/warsztaty-stacjonarne-joga-twarzy-automasaz\/\"]}]},{\"@type\":\"ImageObject\",\"inLanguage\":\"en-GB\",\"@id\":\"https:\/\/jogapiekna.com\/produkt\/warsztaty-stacjonarne-joga-twarzy-automasaz\/#primaryimage\",\"url\":\"https:\/\/jogapiekna.com\/wp-content\/uploads\/2026\/02\/warsztaty-stacjonarne_lodz-18-04_kwadrat.jpg\",\"contentUrl\":\"https:\/\/jogapiekna.com\/wp-content\/uploads\/2026\/02\/warsztaty-stacjonarne_lodz-18-04_kwadrat.jpg\",\"width\":1000,\"height\":1000},{\"@type\":\"BreadcrumbList\",\"@id\":\"https:\/\/jogapiekna.com\/produkt\/warsztaty-stacjonarne-joga-twarzy-automasaz\/#breadcrumb\",\"itemListElement\":[{\"@type\":\"ListItem\",\"position\":1,\"name\":\"Strona g\u0142\u00f3wna\",\"item\":\"https:\/\/jogapiekna.com\/\"},{\"@type\":\"ListItem\",\"position\":2,\"name\":\"Sklep\",\"item\":\"https:\/\/jogapiekna.com\/sklep\/\"},{\"@type\":\"ListItem\",\"position\":3,\"name\":\"Warsztaty stacjonarne \u2022 Joga twarzy \u2022 Automasa\u017c \u2022 \u0141\u00f3d\u017a 18 kwietnia 2026\"}]},{\"@type\":\"WebSite\",\"@id\":\"https:\/\/jogapiekna.com\/#website\",\"url\":\"https:\/\/jogapiekna.com\/\",\"name\":\"Joga Pi\u0119kna Marta Kuci\u0144ska\",\"description\":\"Joga Pi\u0119kna pomaga kobietom zachowa\u0107 urod\u0119, cofn\u0105\u0107 oznaki up\u0142ywaj\u0105cego czasu i zm\u0119czenia, odzyska\u0107 promienny wygl\u0105d, naturalny u\u015bmiech i popraw\u0119 w\u0142asnej samooceny.\",\"publisher\":{\"@id\":\"https:\/\/jogapiekna.com\/#organization\"},\"potentialAction\":[{\"@type\":\"SearchAction\",\"target\":{\"@type\":\"EntryPoint\",\"urlTemplate\":\"https:\/\/jogapiekna.com\/?s={search_term_string}\"},\"query-input\":{\"@type\":\"PropertyValueSpecification\",\"valueRequired\":true,\"valueName\":\"search_term_string\"}}],\"inLanguage\":\"en-GB\"},{\"@type\":\"Organization\",\"@id\":\"https:\/\/jogapiekna.com\/#organization\",\"name\":\"Joga Pi\u0119kna Marta Kuci\u0144ska\",\"url\":\"https:\/\/jogapiekna.com\/\",\"logo\":{\"@type\":\"ImageObject\",\"inLanguage\":\"en-GB\",\"@id\":\"https:\/\/jogapiekna.com\/#\/schema\/logo\/image\/\",\"url\":\"https:\/\/jogapiekna.com\/wp-content\/uploads\/2022\/09\/joga-piekna-logo_Rka.png\",\"contentUrl\":\"https:\/\/jogapiekna.com\/wp-content\/uploads\/2022\/09\/joga-piekna-logo_Rka.png\",\"width\":231,\"height\":124,\"caption\":\"Joga Pi\u0119kna Marta Kuci\u0144ska\"},\"image\":{\"@id\":\"https:\/\/jogapiekna.com\/#\/schema\/logo\/image\/\"},\"sameAs\":[\"https:\/\/www.facebook.com\/JogaPieknaCom\/\",\"https:\/\/www.instagram.com\/jogapieknacom\/\"]}]}<\/script>\n<!-- \/ Yoast SEO plugin. -->","yoast_head_json":{"title":"Warsztaty stacjonarne \u2022 Joga twarzy \u2022 Automasa\u017c \u2022 \u0141\u00f3d\u017a 14 marca 2026","description":"Joga twarzy to naturalny spos\u00f3b na spowolnienie zachodz\u0105cych z wiekiem zmian na twarzy. Daje efekt odm\u0142odzenia, redukuje zmarszczki.","robots":{"index":"index","follow":"follow","max-snippet":"max-snippet:-1","max-image-preview":"max-image-preview:large","max-video-preview":"max-video-preview:-1"},"canonical":"https:\/\/jogapiekna.com\/en\/product\/warsztaty-stacjonarne-joga-twarzy-automasaz\/","og_locale":"en_GB","og_type":"article","og_title":"Warsztaty stacjonarne \u2022 Joga twarzy \u2022 Automasa\u017c \u2022 \u0141\u00f3d\u017a 14 marca 2026","og_description":"Joga twarzy to naturalny spos\u00f3b na spowolnienie zachodz\u0105cych z wiekiem zmian na twarzy. Daje efekt odm\u0142odzenia, redukuje zmarszczki.","og_url":"https:\/\/jogapiekna.com\/en\/product\/warsztaty-stacjonarne-joga-twarzy-automasaz\/","og_site_name":"JOGA PI\u0118KNA | Joga Twarzy","article_publisher":"https:\/\/www.facebook.com\/JogaPieknaCom\/","article_modified_time":"2026-03-25T08:48:49+00:00","og_image":[{"width":1000,"height":1000,"url":"https:\/\/jogapiekna.com\/wp-content\/uploads\/2026\/02\/warsztaty-stacjonarne_lodz-18-04_kwadrat.jpg","type":"image\/jpeg"}],"twitter_card":"summary_large_image","twitter_misc":{"Estimated reading time":"4 minutes"},"schema":{"@context":"https:\/\/schema.org","@graph":[{"@type":"WebPage","@id":"https:\/\/jogapiekna.com\/produkt\/warsztaty-stacjonarne-joga-twarzy-automasaz\/","url":"https:\/\/jogapiekna.com\/produkt\/warsztaty-stacjonarne-joga-twarzy-automasaz\/","name":"Warsztaty stacjonarne \u2022 Joga twarzy \u2022 Automasa\u017c \u2022 \u0141\u00f3d\u017a 14 marca 2026","isPartOf":{"@id":"https:\/\/jogapiekna.com\/#website"},"primaryImageOfPage":{"@id":"https:\/\/jogapiekna.com\/produkt\/warsztaty-stacjonarne-joga-twarzy-automasaz\/#primaryimage"},"image":{"@id":"https:\/\/jogapiekna.com\/produkt\/warsztaty-stacjonarne-joga-twarzy-automasaz\/#primaryimage"},"thumbnailUrl":"https:\/\/jogapiekna.com\/wp-content\/uploads\/2026\/02\/warsztaty-stacjonarne_lodz-18-04_kwadrat.jpg","datePublished":"2026-02-08T15:12:47+00:00","dateModified":"2026-03-25T08:48:49+00:00","description":"Joga twarzy to naturalny spos\u00f3b na spowolnienie zachodz\u0105cych z wiekiem zmian na twarzy. Daje efekt odm\u0142odzenia, redukuje zmarszczki.","breadcrumb":{"@id":"https:\/\/jogapiekna.com\/produkt\/warsztaty-stacjonarne-joga-twarzy-automasaz\/#breadcrumb"},"inLanguage":"en-GB","potentialAction":[{"@type":"ReadAction","target":["https:\/\/jogapiekna.com\/produkt\/warsztaty-stacjonarne-joga-twarzy-automasaz\/"]}]},{"@type":"ImageObject","inLanguage":"en-GB","@id":"https:\/\/jogapiekna.com\/produkt\/warsztaty-stacjonarne-joga-twarzy-automasaz\/#primaryimage","url":"https:\/\/jogapiekna.com\/wp-content\/uploads\/2026\/02\/warsztaty-stacjonarne_lodz-18-04_kwadrat.jpg","contentUrl":"https:\/\/jogapiekna.com\/wp-content\/uploads\/2026\/02\/warsztaty-stacjonarne_lodz-18-04_kwadrat.jpg","width":1000,"height":1000},{"@type":"BreadcrumbList","@id":"https:\/\/jogapiekna.com\/produkt\/warsztaty-stacjonarne-joga-twarzy-automasaz\/#breadcrumb","itemListElement":[{"@type":"ListItem","position":1,"name":"Strona g\u0142\u00f3wna","item":"https:\/\/jogapiekna.com\/"},{"@type":"ListItem","position":2,"name":"Sklep","item":"https:\/\/jogapiekna.com\/sklep\/"},{"@type":"ListItem","position":3,"name":"Warsztaty stacjonarne \u2022 Joga twarzy \u2022 Automasa\u017c \u2022 \u0141\u00f3d\u017a 18 kwietnia 2026"}]},{"@type":"WebSite","@id":"https:\/\/jogapiekna.com\/#website","url":"https:\/\/jogapiekna.com\/","name":"Yoga Beauty Marta Kuci\u0144ska","description":"Beauty Yoga helps women to maintain their beauty, reverse the signs of passing time and fatigue, regain a radiant appearance, natural smile and improve their self-esteem.","publisher":{"@id":"https:\/\/jogapiekna.com\/#organization"},"potentialAction":[{"@type":"SearchAction","target":{"@type":"EntryPoint","urlTemplate":"https:\/\/jogapiekna.com\/?s={search_term_string}"},"query-input":{"@type":"PropertyValueSpecification","valueRequired":true,"valueName":"search_term_string"}}],"inLanguage":"en-GB"},{"@type":"Organization","@id":"https:\/\/jogapiekna.com\/#organization","name":"Yoga Beauty Marta Kuci\u0144ska","url":"https:\/\/jogapiekna.com\/","logo":{"@type":"ImageObject","inLanguage":"en-GB","@id":"https:\/\/jogapiekna.com\/#\/schema\/logo\/image\/","url":"https:\/\/jogapiekna.com\/wp-content\/uploads\/2022\/09\/joga-piekna-logo_Rka.png","contentUrl":"https:\/\/jogapiekna.com\/wp-content\/uploads\/2022\/09\/joga-piekna-logo_Rka.png","width":231,"height":124,"caption":"Joga Pi\u0119kna Marta Kuci\u0144ska"},"image":{"@id":"https:\/\/jogapiekna.com\/#\/schema\/logo\/image\/"},"sameAs":["https:\/\/www.facebook.com\/JogaPieknaCom\/","https:\/\/www.instagram.com\/jogapieknacom\/"]}]}},"_links":{"self":[{"href":"https:\/\/jogapiekna.com\/en\/wp-json\/wp\/v2\/product\/216352","targetHints":{"allow":["GET"]}}],"collection":[{"href":"https:\/\/jogapiekna.com\/en\/wp-json\/wp\/v2\/product"}],"about":[{"href":"https:\/\/jogapiekna.com\/en\/wp-json\/wp\/v2\/types\/product"}],"replies":[{"embeddable":true,"href":"https:\/\/jogapiekna.com\/en\/wp-json\/wp\/v2\/comments?post=216352"}],"version-history":[{"count":7,"href":"https:\/\/jogapiekna.com\/en\/wp-json\/wp\/v2\/product\/216352\/revisions"}],"predecessor-version":[{"id":221230,"href":"https:\/\/jogapiekna.com\/en\/wp-json\/wp\/v2\/product\/216352\/revisions\/221230"}],"wp:featuredmedia":[{"embeddable":true,"href":"https:\/\/jogapiekna.com\/en\/wp-json\/wp\/v2\/media\/217715"}],"wp:attachment":[{"href":"https:\/\/jogapiekna.com\/en\/wp-json\/wp\/v2\/media?parent=216352"}],"wp:term":[{"taxonomy":"product_brand","embeddable":true,"href":"https:\/\/jogapiekna.com\/en\/wp-json\/wp\/v2\/product_brand?post=216352"},{"taxonomy":"product_cat","embeddable":true,"href":"https:\/\/jogapiekna.com\/en\/wp-json\/wp\/v2\/product_cat?post=216352"},{"taxonomy":"product_tag","embeddable":true,"href":"https:\/\/jogapiekna.com\/en\/wp-json\/wp\/v2\/product_tag?post=216352"}],"curies":[{"name":"wp","href":"https:\/\/api.w.org\/{rel}","templated":true}]}}