{"id":217584,"date":"2026-02-23T13:43:26","date_gmt":"2026-02-23T12:43:26","guid":{"rendered":"https:\/\/jogapiekna.com\/?post_type=product&#038;p=217584"},"modified":"2026-04-06T09:26:07","modified_gmt":"2026-04-06T07:26:07","slug":"kolagen-zloty-serum-odmladzajace","status":"publish","type":"product","link":"https:\/\/jogapiekna.com\/en\/product\/kolagen-zloty-serum-odmladzajace\/","title":{"rendered":"24K gold collagen - a luxurious rejuvenating serum - Yoga Beauty"},"content":{"rendered":"<p>&nbsp;<\/p>\n<h2>24K gold collagen - advanced skin regeneration and rejuvenation<\/h2>\n<p>A formula based on native marine collagen, low molecular weight hyaluronic acid, plant isoflavones and 24-carat gold supports natural processes <strong>skin renewal<\/strong>. A complex of 6 Asian teas has antioxidant and protective effects, enhancing the regenerative effect.<\/p>\n<p>The serum improves skin density, elasticity, and firmness, evens out <strong>tone<\/strong> and gives it a healthy <strong>Shine<\/strong>. Additionally, it protects against free radicals and supports protection against <strong>photoageing<\/strong>.<\/p>\n<p>&nbsp;<\/p>\n<h3>The effect of regular use<\/h3>\n<p>\u2022 Stimulating the production of collagen and elastin.<br \/>\n- Delaying the skin ageing process.<br \/>\n\u2022 Improvement of skin density and firmness.<br \/>\n\u2022 Evens out skin tone and adds radiance.<br \/>\nStrong <strong>hydration<\/strong>, nutrition and firming.<br \/>\n\u2022 Reduction of wrinkles and support for regeneration.<br \/>\n- Protection against free radicals.<\/p>\n<p>&nbsp;<\/p>\n<h3>Technical specifications<\/h3>\n<p>\u2022 Product type: collagen serum<br \/>\n\u2022 For: face and d\u00e9colletage<br \/>\nSkin type: all skin types, particularly mature<br \/>\n- Consistency: gel-like<\/p>\n<p>&nbsp;<\/p>\n<h3>24K Gold Collagen Composition<\/h3>\n<p>Aqua\/Water, Glycerin, Polyglyceryl-3 PCA, Lecithin, Chaenomeles Sinensis Fruit Extract, Diospyros Kaki Leaf Extract, Cinnamomum Cassia Bark Extract, Chrysanthellum Indicum Extract, Camellia Sinensis Leaf Extract, Artemisia Princeps Leaf Extract, Soy Isoflavones, Soluble Collagen, Hyaluronic Acid, Sodium Polyacrylate Starch, Gold, Alcohol, Polysorbate 20, Polysorbate 80, Sodium Phytate, Propanediol, Citric Acid, Sodium Citrate, Dehydroacetic Acid, Parfum\/Fragrance, Sodium Benzoate, Benzyl Alcohol, CI 77400.<\/p>","protected":false},"excerpt":{"rendered":"<p>Golden Collagen, containing 24-carat gold, is a luxurious serum with a strong anti-ageing effect. Created for comprehensive care of all skin types, with particular attention to the needs of mature skin. It intensely regenerates, moisturises, and supports the reduction of visible wrinkles.<\/p>","protected":false},"featured_media":217588,"comment_status":"closed","ping_status":"closed","template":"","meta":{"_acf_changed":false,"site-sidebar-layout":"default","site-content-layout":"","ast-site-content-layout":"default","site-content-style":"default","site-sidebar-style":"default","ast-global-header-display":"","ast-banner-title-visibility":"","ast-main-header-display":"","ast-hfb-above-header-display":"","ast-hfb-below-header-display":"","ast-hfb-mobile-header-display":"","site-post-title":"","ast-breadcrumbs-content":"","ast-featured-img":"","footer-sml-layout":"","ast-disable-related-posts":"","theme-transparent-header-meta":"default","adv-header-id-meta":"","stick-header-meta":"","header-above-stick-meta":"","header-main-stick-meta":"","header-below-stick-meta":"","astra-migrate-meta-layouts":"set","ast-page-background-enabled":"default","ast-page-background-meta":{"desktop":{"background-color":"var(--ast-global-color-5)","background-image":"","background-repeat":"repeat","background-position":"center center","background-size":"auto","background-attachment":"scroll","background-type":"","background-media":"","overlay-type":"","overlay-color":"","overlay-opacity":"","overlay-gradient":""},"tablet":{"background-color":"","background-image":"","background-repeat":"repeat","background-position":"center center","background-size":"auto","background-attachment":"scroll","background-type":"","background-media":"","overlay-type":"","overlay-color":"","overlay-opacity":"","overlay-gradient":""},"mobile":{"background-color":"","background-image":"","background-repeat":"repeat","background-position":"center center","background-size":"auto","background-attachment":"scroll","background-type":"","background-media":"","overlay-type":"","overlay-color":"","overlay-opacity":"","overlay-gradient":""}},"ast-content-background-meta":{"desktop":{"background-color":"var(--ast-global-color-4)","background-image":"","background-repeat":"repeat","background-position":"center center","background-size":"auto","background-attachment":"scroll","background-type":"","background-media":"","overlay-type":"","overlay-color":"","overlay-opacity":"","overlay-gradient":""},"tablet":{"background-color":"var(--ast-global-color-4)","background-image":"","background-repeat":"repeat","background-position":"center center","background-size":"auto","background-attachment":"scroll","background-type":"","background-media":"","overlay-type":"","overlay-color":"","overlay-opacity":"","overlay-gradient":""},"mobile":{"background-color":"var(--ast-global-color-4)","background-image":"","background-repeat":"repeat","background-position":"center center","background-size":"auto","background-attachment":"scroll","background-type":"","background-media":"","overlay-type":"","overlay-color":"","overlay-opacity":"","overlay-gradient":""}}},"product_brand":[],"product_cat":[331,625],"product_tag":[948,945,949,947,946],"class_list":{"0":"post-217584","1":"product","2":"type-product","3":"status-publish","4":"has-post-thumbnail","6":"product_cat-kosmetyki","7":"product_cat-promocje","8":"product_tag-kolagen-na-twarz","9":"product_tag-kolagen-zloty","10":"product_tag-serum-odmladzajace","11":"product_tag-serum-przeciwzmarszczkowe","12":"product_tag-serum-z-24k-zlotem","13":"desktop-align-left","14":"tablet-align-left","15":"mobile-align-left","17":"first","18":"instock","19":"sale","20":"taxable","21":"shipping-taxable","22":"purchasable","23":"product-type-simple"},"acf":[],"yoast_head":"<!-- This site is optimized with the Yoast SEO plugin v27.2 - https:\/\/yoast.com\/product\/yoast-seo-wordpress\/ -->\n<title>Kolagen z\u0142oty 24K - luksusowe serum odm\u0142adzaj\u0105ce | Joga Pi\u0119kna<\/title>\n<meta name=\"description\" content=\"Kolagen z\u0142oty z 24-karatowym z\u0142otem to serum przeciwzmarszczkowe. Intensywnie nawil\u017ca, regeneruje i poprawia wygl\u0105d sk\u00f3ry.\" \/>\n<meta name=\"robots\" content=\"index, follow, max-snippet:-1, max-image-preview:large, max-video-preview:-1\" \/>\n<link rel=\"canonical\" href=\"https:\/\/jogapiekna.com\/en\/product\/kolagen-zloty-serum-odmladzajace\/\" \/>\n<meta property=\"og:locale\" content=\"en_GB\" \/>\n<meta property=\"og:type\" content=\"article\" \/>\n<meta property=\"og:title\" content=\"Kolagen z\u0142oty 24K - luksusowe serum odm\u0142adzaj\u0105ce | Joga Pi\u0119kna\" \/>\n<meta property=\"og:description\" content=\"Kolagen z\u0142oty z 24-karatowym z\u0142otem to serum przeciwzmarszczkowe. Intensywnie nawil\u017ca, regeneruje i poprawia wygl\u0105d sk\u00f3ry.\" \/>\n<meta property=\"og:url\" content=\"https:\/\/jogapiekna.com\/en\/product\/kolagen-zloty-serum-odmladzajace\/\" \/>\n<meta property=\"og:site_name\" content=\"JOGA PI\u0118KNA | Joga Twarzy\" \/>\n<meta property=\"article:publisher\" content=\"https:\/\/www.facebook.com\/JogaPieknaCom\/\" \/>\n<meta property=\"article:modified_time\" content=\"2026-04-06T07:26:07+00:00\" \/>\n<meta property=\"og:image\" content=\"https:\/\/jogapiekna.com\/wp-content\/uploads\/2026\/02\/kolagen-zloty_24k-luksusowe-serum-odmladzajace_jogapiekna_01.jpg\" \/>\n\t<meta property=\"og:image:width\" content=\"1000\" \/>\n\t<meta property=\"og:image:height\" content=\"1000\" \/>\n\t<meta property=\"og:image:type\" content=\"image\/jpeg\" \/>\n<meta name=\"twitter:card\" content=\"summary_large_image\" \/>\n<meta name=\"twitter:label1\" content=\"Estimated reading time\" \/>\n\t<meta name=\"twitter:data1\" content=\"2 minutes\" \/>\n<script type=\"application\/ld+json\" class=\"yoast-schema-graph\">{\"@context\":\"https:\/\/schema.org\",\"@graph\":[{\"@type\":\"WebPage\",\"@id\":\"https:\/\/jogapiekna.com\/produkt\/kolagen-zloty-serum-odmladzajace\/\",\"url\":\"https:\/\/jogapiekna.com\/produkt\/kolagen-zloty-serum-odmladzajace\/\",\"name\":\"Kolagen z\u0142oty 24K - luksusowe serum odm\u0142adzaj\u0105ce | Joga Pi\u0119kna\",\"isPartOf\":{\"@id\":\"https:\/\/jogapiekna.com\/#website\"},\"primaryImageOfPage\":{\"@id\":\"https:\/\/jogapiekna.com\/produkt\/kolagen-zloty-serum-odmladzajace\/#primaryimage\"},\"image\":{\"@id\":\"https:\/\/jogapiekna.com\/produkt\/kolagen-zloty-serum-odmladzajace\/#primaryimage\"},\"thumbnailUrl\":\"https:\/\/jogapiekna.com\/wp-content\/uploads\/2026\/02\/kolagen-zloty_24k-luksusowe-serum-odmladzajace_jogapiekna_01.jpg\",\"datePublished\":\"2026-02-23T12:43:26+00:00\",\"dateModified\":\"2026-04-06T07:26:07+00:00\",\"description\":\"Kolagen z\u0142oty z 24-karatowym z\u0142otem to serum przeciwzmarszczkowe. Intensywnie nawil\u017ca, regeneruje i poprawia wygl\u0105d sk\u00f3ry.\",\"breadcrumb\":{\"@id\":\"https:\/\/jogapiekna.com\/produkt\/kolagen-zloty-serum-odmladzajace\/#breadcrumb\"},\"inLanguage\":\"en-GB\",\"potentialAction\":[{\"@type\":\"ReadAction\",\"target\":[\"https:\/\/jogapiekna.com\/produkt\/kolagen-zloty-serum-odmladzajace\/\"]}]},{\"@type\":\"ImageObject\",\"inLanguage\":\"en-GB\",\"@id\":\"https:\/\/jogapiekna.com\/produkt\/kolagen-zloty-serum-odmladzajace\/#primaryimage\",\"url\":\"https:\/\/jogapiekna.com\/wp-content\/uploads\/2026\/02\/kolagen-zloty_24k-luksusowe-serum-odmladzajace_jogapiekna_01.jpg\",\"contentUrl\":\"https:\/\/jogapiekna.com\/wp-content\/uploads\/2026\/02\/kolagen-zloty_24k-luksusowe-serum-odmladzajace_jogapiekna_01.jpg\",\"width\":1000,\"height\":1000,\"caption\":\"Kolagen z\u0142oty z 24-karatowym z\u0142otem to serum przeciwzmarszczkowe. Intensywnie nawil\u017ca, regeneruje i poprawia wygl\u0105d sk\u00f3ry.\"},{\"@type\":\"BreadcrumbList\",\"@id\":\"https:\/\/jogapiekna.com\/produkt\/kolagen-zloty-serum-odmladzajace\/#breadcrumb\",\"itemListElement\":[{\"@type\":\"ListItem\",\"position\":1,\"name\":\"Strona g\u0142\u00f3wna\",\"item\":\"https:\/\/jogapiekna.com\/\"},{\"@type\":\"ListItem\",\"position\":2,\"name\":\"Sklep\",\"item\":\"https:\/\/jogapiekna.com\/sklep\/\"},{\"@type\":\"ListItem\",\"position\":3,\"name\":\"Kolagen z\u0142oty 24K \u2022 luksusowe serum odm\u0142adzaj\u0105ce \u2022 Joga Pi\u0119kna\"}]},{\"@type\":\"WebSite\",\"@id\":\"https:\/\/jogapiekna.com\/#website\",\"url\":\"https:\/\/jogapiekna.com\/\",\"name\":\"Joga Pi\u0119kna Marta Kuci\u0144ska\",\"description\":\"Joga Pi\u0119kna pomaga kobietom zachowa\u0107 urod\u0119, cofn\u0105\u0107 oznaki up\u0142ywaj\u0105cego czasu i zm\u0119czenia, odzyska\u0107 promienny wygl\u0105d, naturalny u\u015bmiech i popraw\u0119 w\u0142asnej samooceny.\",\"publisher\":{\"@id\":\"https:\/\/jogapiekna.com\/#organization\"},\"potentialAction\":[{\"@type\":\"SearchAction\",\"target\":{\"@type\":\"EntryPoint\",\"urlTemplate\":\"https:\/\/jogapiekna.com\/?s={search_term_string}\"},\"query-input\":{\"@type\":\"PropertyValueSpecification\",\"valueRequired\":true,\"valueName\":\"search_term_string\"}}],\"inLanguage\":\"en-GB\"},{\"@type\":\"Organization\",\"@id\":\"https:\/\/jogapiekna.com\/#organization\",\"name\":\"Joga Pi\u0119kna Marta Kuci\u0144ska\",\"url\":\"https:\/\/jogapiekna.com\/\",\"logo\":{\"@type\":\"ImageObject\",\"inLanguage\":\"en-GB\",\"@id\":\"https:\/\/jogapiekna.com\/#\/schema\/logo\/image\/\",\"url\":\"https:\/\/jogapiekna.com\/wp-content\/uploads\/2022\/09\/joga-piekna-logo_Rka.png\",\"contentUrl\":\"https:\/\/jogapiekna.com\/wp-content\/uploads\/2022\/09\/joga-piekna-logo_Rka.png\",\"width\":231,\"height\":124,\"caption\":\"Joga Pi\u0119kna Marta Kuci\u0144ska\"},\"image\":{\"@id\":\"https:\/\/jogapiekna.com\/#\/schema\/logo\/image\/\"},\"sameAs\":[\"https:\/\/www.facebook.com\/JogaPieknaCom\/\",\"https:\/\/www.instagram.com\/jogapieknacom\/\"]}]}<\/script>\n<!-- \/ Yoast SEO plugin. -->","yoast_head_json":{"title":"Kolagen z\u0142oty 24K - luksusowe serum odm\u0142adzaj\u0105ce | Joga Pi\u0119kna","description":"Kolagen z\u0142oty z 24-karatowym z\u0142otem to serum przeciwzmarszczkowe. Intensywnie nawil\u017ca, regeneruje i poprawia wygl\u0105d sk\u00f3ry.","robots":{"index":"index","follow":"follow","max-snippet":"max-snippet:-1","max-image-preview":"max-image-preview:large","max-video-preview":"max-video-preview:-1"},"canonical":"https:\/\/jogapiekna.com\/en\/product\/kolagen-zloty-serum-odmladzajace\/","og_locale":"en_GB","og_type":"article","og_title":"Kolagen z\u0142oty 24K - luksusowe serum odm\u0142adzaj\u0105ce | Joga Pi\u0119kna","og_description":"Kolagen z\u0142oty z 24-karatowym z\u0142otem to serum przeciwzmarszczkowe. Intensywnie nawil\u017ca, regeneruje i poprawia wygl\u0105d sk\u00f3ry.","og_url":"https:\/\/jogapiekna.com\/en\/product\/kolagen-zloty-serum-odmladzajace\/","og_site_name":"JOGA PI\u0118KNA | Joga Twarzy","article_publisher":"https:\/\/www.facebook.com\/JogaPieknaCom\/","article_modified_time":"2026-04-06T07:26:07+00:00","og_image":[{"width":1000,"height":1000,"url":"https:\/\/jogapiekna.com\/wp-content\/uploads\/2026\/02\/kolagen-zloty_24k-luksusowe-serum-odmladzajace_jogapiekna_01.jpg","type":"image\/jpeg"}],"twitter_card":"summary_large_image","twitter_misc":{"Estimated reading time":"2 minutes"},"schema":{"@context":"https:\/\/schema.org","@graph":[{"@type":"WebPage","@id":"https:\/\/jogapiekna.com\/produkt\/kolagen-zloty-serum-odmladzajace\/","url":"https:\/\/jogapiekna.com\/produkt\/kolagen-zloty-serum-odmladzajace\/","name":"Kolagen z\u0142oty 24K - luksusowe serum odm\u0142adzaj\u0105ce | Joga Pi\u0119kna","isPartOf":{"@id":"https:\/\/jogapiekna.com\/#website"},"primaryImageOfPage":{"@id":"https:\/\/jogapiekna.com\/produkt\/kolagen-zloty-serum-odmladzajace\/#primaryimage"},"image":{"@id":"https:\/\/jogapiekna.com\/produkt\/kolagen-zloty-serum-odmladzajace\/#primaryimage"},"thumbnailUrl":"https:\/\/jogapiekna.com\/wp-content\/uploads\/2026\/02\/kolagen-zloty_24k-luksusowe-serum-odmladzajace_jogapiekna_01.jpg","datePublished":"2026-02-23T12:43:26+00:00","dateModified":"2026-04-06T07:26:07+00:00","description":"Kolagen z\u0142oty z 24-karatowym z\u0142otem to serum przeciwzmarszczkowe. Intensywnie nawil\u017ca, regeneruje i poprawia wygl\u0105d sk\u00f3ry.","breadcrumb":{"@id":"https:\/\/jogapiekna.com\/produkt\/kolagen-zloty-serum-odmladzajace\/#breadcrumb"},"inLanguage":"en-GB","potentialAction":[{"@type":"ReadAction","target":["https:\/\/jogapiekna.com\/produkt\/kolagen-zloty-serum-odmladzajace\/"]}]},{"@type":"ImageObject","inLanguage":"en-GB","@id":"https:\/\/jogapiekna.com\/produkt\/kolagen-zloty-serum-odmladzajace\/#primaryimage","url":"https:\/\/jogapiekna.com\/wp-content\/uploads\/2026\/02\/kolagen-zloty_24k-luksusowe-serum-odmladzajace_jogapiekna_01.jpg","contentUrl":"https:\/\/jogapiekna.com\/wp-content\/uploads\/2026\/02\/kolagen-zloty_24k-luksusowe-serum-odmladzajace_jogapiekna_01.jpg","width":1000,"height":1000,"caption":"Kolagen z\u0142oty z 24-karatowym z\u0142otem to serum przeciwzmarszczkowe. Intensywnie nawil\u017ca, regeneruje i poprawia wygl\u0105d sk\u00f3ry."},{"@type":"BreadcrumbList","@id":"https:\/\/jogapiekna.com\/produkt\/kolagen-zloty-serum-odmladzajace\/#breadcrumb","itemListElement":[{"@type":"ListItem","position":1,"name":"Strona g\u0142\u00f3wna","item":"https:\/\/jogapiekna.com\/"},{"@type":"ListItem","position":2,"name":"Sklep","item":"https:\/\/jogapiekna.com\/sklep\/"},{"@type":"ListItem","position":3,"name":"Kolagen z\u0142oty 24K \u2022 luksusowe serum odm\u0142adzaj\u0105ce \u2022 Joga Pi\u0119kna"}]},{"@type":"WebSite","@id":"https:\/\/jogapiekna.com\/#website","url":"https:\/\/jogapiekna.com\/","name":"Yoga Beauty Marta Kuci\u0144ska","description":"Beauty Yoga helps women to maintain their beauty, reverse the signs of passing time and fatigue, regain a radiant appearance, natural smile and improve their self-esteem.","publisher":{"@id":"https:\/\/jogapiekna.com\/#organization"},"potentialAction":[{"@type":"SearchAction","target":{"@type":"EntryPoint","urlTemplate":"https:\/\/jogapiekna.com\/?s={search_term_string}"},"query-input":{"@type":"PropertyValueSpecification","valueRequired":true,"valueName":"search_term_string"}}],"inLanguage":"en-GB"},{"@type":"Organization","@id":"https:\/\/jogapiekna.com\/#organization","name":"Yoga Beauty Marta Kuci\u0144ska","url":"https:\/\/jogapiekna.com\/","logo":{"@type":"ImageObject","inLanguage":"en-GB","@id":"https:\/\/jogapiekna.com\/#\/schema\/logo\/image\/","url":"https:\/\/jogapiekna.com\/wp-content\/uploads\/2022\/09\/joga-piekna-logo_Rka.png","contentUrl":"https:\/\/jogapiekna.com\/wp-content\/uploads\/2022\/09\/joga-piekna-logo_Rka.png","width":231,"height":124,"caption":"Joga Pi\u0119kna Marta Kuci\u0144ska"},"image":{"@id":"https:\/\/jogapiekna.com\/#\/schema\/logo\/image\/"},"sameAs":["https:\/\/www.facebook.com\/JogaPieknaCom\/","https:\/\/www.instagram.com\/jogapieknacom\/"]}]}},"_links":{"self":[{"href":"https:\/\/jogapiekna.com\/en\/wp-json\/wp\/v2\/product\/217584","targetHints":{"allow":["GET"]}}],"collection":[{"href":"https:\/\/jogapiekna.com\/en\/wp-json\/wp\/v2\/product"}],"about":[{"href":"https:\/\/jogapiekna.com\/en\/wp-json\/wp\/v2\/types\/product"}],"replies":[{"embeddable":true,"href":"https:\/\/jogapiekna.com\/en\/wp-json\/wp\/v2\/comments?post=217584"}],"version-history":[{"count":2,"href":"https:\/\/jogapiekna.com\/en\/wp-json\/wp\/v2\/product\/217584\/revisions"}],"predecessor-version":[{"id":218987,"href":"https:\/\/jogapiekna.com\/en\/wp-json\/wp\/v2\/product\/217584\/revisions\/218987"}],"wp:featuredmedia":[{"embeddable":true,"href":"https:\/\/jogapiekna.com\/en\/wp-json\/wp\/v2\/media\/217588"}],"wp:attachment":[{"href":"https:\/\/jogapiekna.com\/en\/wp-json\/wp\/v2\/media?parent=217584"}],"wp:term":[{"taxonomy":"product_brand","embeddable":true,"href":"https:\/\/jogapiekna.com\/en\/wp-json\/wp\/v2\/product_brand?post=217584"},{"taxonomy":"product_cat","embeddable":true,"href":"https:\/\/jogapiekna.com\/en\/wp-json\/wp\/v2\/product_cat?post=217584"},{"taxonomy":"product_tag","embeddable":true,"href":"https:\/\/jogapiekna.com\/en\/wp-json\/wp\/v2\/product_tag?post=217584"}],"curies":[{"name":"wp","href":"https:\/\/api.w.org\/{rel}","templated":true}]}}