{"id":23498,"date":"2020-02-17T00:05:09","date_gmt":"2020-02-16T23:05:09","guid":{"rendered":"https:\/\/jogapiekna.com\/?post_type=product&#038;p=23498"},"modified":"2026-04-02T11:31:41","modified_gmt":"2026-04-02T09:31:41","slug":"poduszka-antyzmarszczkowa-z-poszewka-bambusowa-z-algami","status":"publish","type":"product","link":"https:\/\/jogapiekna.com\/en\/product\/poduszka-antyzmarszczkowa-z-poszewka-bambusowa-z-algami\/","title":{"rendered":"NATURAL Anti-wrinkle pillow with seaweed and bamboo pillowcase * ECO-friendly pillow"},"content":{"rendered":"<p><strong>Eco anti-wrinkle cushion Bye Bye Wrinkles NATURAL with bamboo cover with added algae <\/strong><\/p>\n<p>Do you have problems falling asleep or do you often wake up during the night? Are you looking for a pillow that will support your sleep comfort, skin condition, while - at the same time - taking care of the environment?<\/p>\n<p>The Bye Bye Wrinkles NATURAL YOGA BEAUTY eco anti-wrinkle pillow with buckwheat filling and bamboo-algae pillowcase will take care of your sleep hygiene in many areas at the same time. Algae are rich in nutrients and antioxidants. They improve skin elasticity and promote skin regeneration. In addition, they have an antimicrobial effect.<\/p>\n<p>Buckwheat hulls will take care of your sensory experience. They gently massage and make it easier to fall asleep. They alleviate stress and have an antibacterial effect, which promotes skin condition.<\/p>\n<p>The special design of the butterfly pillow ensures that the skin does not wrinkle or bend at night. This way, you will avoid the problem of sleep wrinkles, and your skin will stay smooth and supple longer (without deep wrinkles and furrows).<\/p>\n<p><strong>Do you wake up at night in a position on your side or stomach, even though you try to fall asleep on your back? This is very common. Many people have difficulty sleeping on their back. <\/strong><\/p>\n<p>Remember that sleeping on your side and stomach perpetuates wrinkle lines, which are very difficult to reduce and smooth out. In addition, it promotes puffiness, which makes the face look tired.<\/p>\n<p>Where do they appear <a href=\"https:\/\/jogapiekna.com\/en\/ogolne\/zmarszczki-senne\/\">sleep wrinkles<\/a>? Most often in the delicate eye area, on the temples, between the eyebrows (lion's wrinkle), on the chin and cheeks. If you want to avoid them - reach for an eco pillow with winged cut-outs. This shape helps to reduce contact between the delicate facial tissues and the bedding, and also provides comfortable support for the forehead and jaw.<\/p>\n<p><img fetchpriority=\"high\" decoding=\"async\" class=\"img-responsive\" src=\"https:\/\/jogapiekna.com\/wp-content\/uploads\/2021\/04\/poduszka-zwykla-poduszka-bbw-porownanie.jpg\" alt=\"Dlaczego warto wybra\u0107 poduszk\u0119 przeciwzmarszczkow\u0105 Bye Bye Wrinkles?\" width=\"800\" height=\"273\" \/><\/p>\n<p>&nbsp;<\/p>\n<h2>Why choose an eco-friendly Anti-wrinkle Pillow <em>Bye Bye Wrinkles<\/em>?<\/h2>\n<p><strong>Manufacturing accuracy <\/strong><br \/>\nMore than 17 years of experience in a clothing company have taught me that quality is the most important thing. Already at the design stage, a large number of so-called testing and peeling prototypes were created. Later, it was time to test the pillow before it went on sale. Every detail counts.<\/p>\n<p><strong>Poland production <\/strong><br \/>\nPillows are made in Polish sewing workshops, so we support the domestic business.<\/p>\n<p><strong>National Institute of Public Health PZH Certificate <\/strong><br \/>\nThe pillow has been carefully analyzed in terms of chemical composition, mechanical properties and quality. You are sure that this does not have a negative impact on human health and the environment in any way.<\/p>\n<p><strong>Pillow design is patented<\/strong><br \/>\nThe final look of the pillow was created on the basis of many tests, tests so that it not only protects the face from sleepy wrinkles, but also serves as a support for the cervical region.<\/p>\n<p>&nbsp;<\/p>\n<h2>Natural Anti-wrinkle Pillow-check if this size is right for you<\/h2>\n<p>Pillow<em> Bye Bye Wrinkles Natural<\/em> successfully <strong>it will replace your standard pillow<\/strong> sleep. The large wings have a span of about 45 cm. Of course, you need 2-3 nights to get used to the new head position. However, in a few days, I can assure you that it will be difficult for you to part with it(as many of my clients do).<\/p>\n<p>Do you like to sleep &#034;high&#034;? You can adjust the thickness of the pillow yourself (by adding \/ subtracting the filler) or choose <a href=\"https:\/\/jogapiekna.com\/en\/product\/poduszka-antyzmarszczkowa-mini-bye-bye-wrinkles-joga-piekna-z-poszewka-jedwabna\/\">mini anti-wrinkle pillow<\/a>, which works as a yasek placed on a standard pillow.<\/p>\n<p>Do you want to know which pillow to choose? Take a look at the tutorial video I&#039;ve prepared: <a href=\"https:\/\/www.youtube.com\/watch?v=TnspmD1CNOQ\"><strong>Anti-wrinkle Pillow ByeBye Wrinkles Classic Natural vs Mini<\/strong><\/a><\/p>\n<p>&nbsp;<\/p>\n<h2>Natural Anti-wrinkle Pillow-size<\/h2>\n<p><img decoding=\"async\" class=\"alignnone size-full wp-image-145973\" src=\"https:\/\/jogapiekna.com\/wp-content\/uploads\/2019\/04\/classic_byebye-wrinkles-poduszka_wymiar.jpg\" alt=\"Poduszka przeciwzmarszczkowa Classic \u2014 rozmiar\" width=\"800\" height=\"642\" srcset=\"https:\/\/jogapiekna.com\/wp-content\/uploads\/2019\/04\/classic_byebye-wrinkles-poduszka_wymiar.jpg 800w, https:\/\/jogapiekna.com\/wp-content\/uploads\/2019\/04\/classic_byebye-wrinkles-poduszka_wymiar-300x241.jpg 300w, https:\/\/jogapiekna.com\/wp-content\/uploads\/2019\/04\/classic_byebye-wrinkles-poduszka_wymiar-768x616.jpg 768w, https:\/\/jogapiekna.com\/wp-content\/uploads\/2019\/04\/classic_byebye-wrinkles-poduszka_wymiar-600x482.jpg 600w\" sizes=\"(max-width: 800px) 100vw, 800px\" \/><\/p>\n<p><strong>Width of upper wings:<\/strong> 45 cm<br \/>\n<strong>Width of lower wings:<\/strong> 30 cm<br \/>\n<strong>Height:<\/strong> 28 cm<\/p>\n<ul>\n<li>The size of the pillow is measured flat and can change under the influence of filling.<\/li>\n<li>Exceptional pillow advantage <em>Bye Bye Wrinkles<\/em> NATURAL is <strong>ability to adjust its thickness independently<\/strong>. The pillow closes with a zipper, so you can subtract or add the filler yourself.<\/li>\n<\/ul>\n<p>&nbsp;<\/p>\n<h2>Natural pillow with buckwheat filling<\/h2>\n<p>Eco pillow <em>Bye Bye Wrinkles<\/em> NATURAL is an option for those who like to enjoy the benefits of nature. It&#039;s full <strong>peeled buckwheat husk<\/strong>which provide a number of advantages.<\/p>\n<ul>\n<li>Natural filling <strong>it has relaxing properties<\/strong>. It reduces stress, makes it easier to fall asleep, and provides deeper sleep.<\/li>\n<li><strong>Buckwheat has natural thermoregulatory properties<\/strong>which means that the pillow maintains the correct temperature. It doesn&#039;t heat up too much, preventing sweating. It is cooler on warmer days and warmer on colder nights, which contributes to a comfortable sleep.<\/li>\n<li>Buckwheat filling has a porous structure that <strong>provides good air circulation<\/strong>. This allows you to effectively absorb moisture and regulate the humidity of the pillow, which helps keep the surface dry and fresh.<\/li>\n<li>The buckwheat husk filling is freely crumbled inside the lid. It adapts to the shape and contours of your body, so that your neck and head will have <strong>adequate support<\/strong>.<\/li>\n<li>Pillow with buckwheat filling NATURAL <strong>this can help you reduce muscle tone and stress<\/strong>. Its flexibility and natural properties will allow you to relax the neck and shoulder muscles, which brings relief, especially if you work in a sitting position, suffer from headaches, migraines or muscle rigidity.<\/li>\n<li><strong>Buckwheat-HYPOALLERGENIC MATERIAL<\/strong>which means that it rarely causes allergic reactions. Thus, buckwheat pillows are suitable for people suffering from allergies, asthma or other respiratory diseases.<\/li>\n<li>Buckwheat husk, thanks to its natural tannin content, inhibits the growth of bacteria and mites.<\/li>\n<\/ul>\n<p>&nbsp;<\/p>\n<h2>What does a pillowcase made of bamboo fibre and algae offer? What properties does it have?<\/h2>\n<ul>\n<li>The eco pillow cover is sewn from bamboo fibre with added algae. It is a natural plant fibre, which means it is skin-friendly.<\/li>\n<li>Bamboo has <strong>natural hypoallergenic properties<\/strong>this means that it is less susceptible to collecting dust, mites, and allergens that can cause allergic reactions in sensitive people.<\/li>\n<li>Fabric used <strong>it has properties that promote skin care<\/strong>. Soothes minor irritations, accelerates the healing of wounds and scratches.<\/li>\n<li>Pillowcase <strong>it has an anti-allergic effect<\/strong> and antibacterial (supports acne treatment).<\/li>\n<li>Bamboo is a plant that grows quickly and requires less water and pesticides compared to other plants grown for fiber. Therefore <strong>bamboo pillowcases are more eco-friendly<\/strong> than from other materials.<\/li>\n<li>Seaweed contains natural moisturizers, such as hyaluronic acid, which help maintain adequate levels of hydration in the skin.<\/li>\n<\/ul>\n<p>&nbsp;<\/p>\n<h2>Eco anti-wheat cushion - maintenance and care<\/h2>\n<ul>\n<li>Natural Linen Pillowcase for Sleeping <strong>it is equipped with a zipper closure<\/strong>, with which you can easily pour the buckwheat husk filling into a container or glass dish. After that, the coating can be washed according to the recipe on the tag.<\/li>\n<li>Attention! Buckwheat husks are not cleaned in the standard way. Only periodic ventilation is recommended, which significantly prolongs their health.<\/li>\n<\/ul>\n<p>&nbsp;<\/p>\n<h3>Additional information<\/h3>\n<ul>\n<li>The pillow is a hygienic product and is non-refundable.<\/li>\n<\/ul>","protected":false},"excerpt":{"rendered":"<p>Take care of the condition of your skin. Natural eco anti-wrinkle pillow <em>Bye Bye Wrinkles<\/em> with an algae-infused bamboo pillowcase has skin care and soothing properties. The filling with purified buckwheat hulls makes it easier to fall asleep and takes care of your comfort during sleep.<\/p>\n<ul>\n<li>smooths and prevents the formation of sleep wrinkles<\/li>\n<li>the butterfly shape ensures good support of the cervical region<\/li>\n<li>prevents sweating during sleep, is anti-allergenic<\/li>\n<li>reduces puffiness on the face<\/li>\n<li>it has skin-nourishing and regenerating properties (thanks to algae)<\/li>\n<\/ul>","protected":false},"featured_media":202133,"comment_status":"closed","ping_status":"closed","template":"","meta":{"_acf_changed":false,"site-sidebar-layout":"default","site-content-layout":"","ast-site-content-layout":"default","site-content-style":"default","site-sidebar-style":"default","ast-global-header-display":"","ast-banner-title-visibility":"","ast-main-header-display":"","ast-hfb-above-header-display":"","ast-hfb-below-header-display":"","ast-hfb-mobile-header-display":"","site-post-title":"","ast-breadcrumbs-content":"","ast-featured-img":"","footer-sml-layout":"","ast-disable-related-posts":"","theme-transparent-header-meta":"default","adv-header-id-meta":"","stick-header-meta":"","header-above-stick-meta":"","header-main-stick-meta":"","header-below-stick-meta":"","astra-migrate-meta-layouts":"set","ast-page-background-enabled":"default","ast-page-background-meta":{"desktop":{"background-color":"var(--ast-global-color-5)","background-image":"","background-repeat":"repeat","background-position":"center center","background-size":"auto","background-attachment":"scroll","background-type":"","background-media":"","overlay-type":"","overlay-color":"","overlay-opacity":"","overlay-gradient":""},"tablet":{"background-color":"","background-image":"","background-repeat":"repeat","background-position":"center center","background-size":"auto","background-attachment":"scroll","background-type":"","background-media":"","overlay-type":"","overlay-color":"","overlay-opacity":"","overlay-gradient":""},"mobile":{"background-color":"","background-image":"","background-repeat":"repeat","background-position":"center center","background-size":"auto","background-attachment":"scroll","background-type":"","background-media":"","overlay-type":"","overlay-color":"","overlay-opacity":"","overlay-gradient":""}},"ast-content-background-meta":{"desktop":{"background-color":"var(--ast-global-color-4)","background-image":"","background-repeat":"repeat","background-position":"center center","background-size":"auto","background-attachment":"scroll","background-type":"","background-media":"","overlay-type":"","overlay-color":"","overlay-opacity":"","overlay-gradient":""},"tablet":{"background-color":"var(--ast-global-color-4)","background-image":"","background-repeat":"repeat","background-position":"center center","background-size":"auto","background-attachment":"scroll","background-type":"","background-media":"","overlay-type":"","overlay-color":"","overlay-opacity":"","overlay-gradient":""},"mobile":{"background-color":"var(--ast-global-color-4)","background-image":"","background-repeat":"repeat","background-position":"center center","background-size":"auto","background-attachment":"scroll","background-type":"","background-media":"","overlay-type":"","overlay-color":"","overlay-opacity":"","overlay-gradient":""}}},"product_brand":[],"product_cat":[217,112],"product_tag":[174,262,256,255,173,264,263],"class_list":{"0":"post-23498","1":"product","2":"type-product","3":"status-publish","4":"has-post-thumbnail","6":"product_cat-natural","7":"product_cat-poduszki-antyzmarszczkowe","8":"product_tag-byebyewrinkles","9":"product_tag-likwidowanie-zmarszczek","10":"product_tag-pielegnacja-skory","11":"product_tag-pielegnacja-twarzy","12":"product_tag-poduszka-antyzmarszczkowa","13":"product_tag-zapobieganie-zmarszczkom","14":"product_tag-zdrowy-sen","15":"desktop-align-left","16":"tablet-align-left","17":"mobile-align-left","19":"first","20":"instock","21":"taxable","22":"shipping-taxable","23":"purchasable","24":"product-type-variable"},"acf":[],"yoast_head":"<!-- This site is optimized with the Yoast SEO plugin v27.2 - https:\/\/yoast.com\/product\/yoast-seo-wordpress\/ -->\n<title>Eko poduszka przeciwzmarszczkowa algi bambus | anti-aging<\/title>\n<meta name=\"description\" content=\"Eko poduszka z naturalnego wype\u0142nienia z poszewk\u0105 algow\u0105 bambusow\u0105 zadba o kondycj\u0119 Twojej sk\u00f3ry i zahamuje powstawanie zmarszczek. Zam\u00f3w teraz online!\" \/>\n<meta name=\"robots\" content=\"index, follow, max-snippet:-1, max-image-preview:large, max-video-preview:-1\" \/>\n<link rel=\"canonical\" href=\"https:\/\/jogapiekna.com\/en\/product\/poduszka-antyzmarszczkowa-z-poszewka-bambusowa-z-algami\/\" \/>\n<meta property=\"og:locale\" content=\"en_GB\" \/>\n<meta property=\"og:type\" content=\"article\" \/>\n<meta property=\"og:title\" content=\"Eko poduszka przeciwzmarszczkowa algi bambus | anti-aging\" \/>\n<meta property=\"og:description\" content=\"Eko poduszka z naturalnego wype\u0142nienia z poszewk\u0105 algow\u0105 bambusow\u0105 zadba o kondycj\u0119 Twojej sk\u00f3ry i zahamuje powstawanie zmarszczek. Zam\u00f3w teraz online!\" \/>\n<meta property=\"og:url\" content=\"https:\/\/jogapiekna.com\/en\/product\/poduszka-antyzmarszczkowa-z-poszewka-bambusowa-z-algami\/\" \/>\n<meta property=\"og:site_name\" content=\"JOGA PI\u0118KNA | Joga Twarzy\" \/>\n<meta property=\"article:publisher\" content=\"https:\/\/www.facebook.com\/JogaPieknaCom\/\" \/>\n<meta property=\"article:modified_time\" content=\"2026-04-02T09:31:41+00:00\" \/>\n<meta property=\"og:image\" content=\"https:\/\/jogapiekna.com\/wp-content\/uploads\/2020\/02\/Poduszka-antyzmarszczkowa-NATURAL-ByeByeWrinkles-algi-bambus-kolory_2025.jpg\" \/>\n\t<meta property=\"og:image:width\" content=\"1000\" \/>\n\t<meta property=\"og:image:height\" content=\"1000\" \/>\n\t<meta property=\"og:image:type\" content=\"image\/jpeg\" \/>\n<meta name=\"twitter:card\" content=\"summary_large_image\" \/>\n<meta name=\"twitter:label1\" content=\"Estimated reading time\" \/>\n\t<meta name=\"twitter:data1\" content=\"7 minutes\" \/>\n<script type=\"application\/ld+json\" class=\"yoast-schema-graph\">{\"@context\":\"https:\/\/schema.org\",\"@graph\":[{\"@type\":\"WebPage\",\"@id\":\"https:\/\/jogapiekna.com\/produkt\/poduszka-antyzmarszczkowa-z-poszewka-bambusowa-z-algami\/\",\"url\":\"https:\/\/jogapiekna.com\/produkt\/poduszka-antyzmarszczkowa-z-poszewka-bambusowa-z-algami\/\",\"name\":\"Eko poduszka przeciwzmarszczkowa algi bambus | anti-aging\",\"isPartOf\":{\"@id\":\"https:\/\/jogapiekna.com\/#website\"},\"primaryImageOfPage\":{\"@id\":\"https:\/\/jogapiekna.com\/produkt\/poduszka-antyzmarszczkowa-z-poszewka-bambusowa-z-algami\/#primaryimage\"},\"image\":{\"@id\":\"https:\/\/jogapiekna.com\/produkt\/poduszka-antyzmarszczkowa-z-poszewka-bambusowa-z-algami\/#primaryimage\"},\"thumbnailUrl\":\"https:\/\/jogapiekna.com\/wp-content\/uploads\/2020\/02\/Poduszka-antyzmarszczkowa-NATURAL-ByeByeWrinkles-algi-bambus-kolory_2025.jpg\",\"datePublished\":\"2020-02-16T23:05:09+00:00\",\"dateModified\":\"2026-04-02T09:31:41+00:00\",\"description\":\"Eko poduszka z naturalnego wype\u0142nienia z poszewk\u0105 algow\u0105 bambusow\u0105 zadba o kondycj\u0119 Twojej sk\u00f3ry i zahamuje powstawanie zmarszczek. Zam\u00f3w teraz online!\",\"breadcrumb\":{\"@id\":\"https:\/\/jogapiekna.com\/produkt\/poduszka-antyzmarszczkowa-z-poszewka-bambusowa-z-algami\/#breadcrumb\"},\"inLanguage\":\"en-GB\",\"potentialAction\":[{\"@type\":\"ReadAction\",\"target\":[\"https:\/\/jogapiekna.com\/produkt\/poduszka-antyzmarszczkowa-z-poszewka-bambusowa-z-algami\/\"]}]},{\"@type\":\"ImageObject\",\"inLanguage\":\"en-GB\",\"@id\":\"https:\/\/jogapiekna.com\/produkt\/poduszka-antyzmarszczkowa-z-poszewka-bambusowa-z-algami\/#primaryimage\",\"url\":\"https:\/\/jogapiekna.com\/wp-content\/uploads\/2020\/02\/Poduszka-antyzmarszczkowa-NATURAL-ByeByeWrinkles-algi-bambus-kolory_2025.jpg\",\"contentUrl\":\"https:\/\/jogapiekna.com\/wp-content\/uploads\/2020\/02\/Poduszka-antyzmarszczkowa-NATURAL-ByeByeWrinkles-algi-bambus-kolory_2025.jpg\",\"width\":1000,\"height\":1000,\"caption\":\"NATURAL Poduszka antyzmarszczkowa BYE BYE WRINKLES\"},{\"@type\":\"BreadcrumbList\",\"@id\":\"https:\/\/jogapiekna.com\/produkt\/poduszka-antyzmarszczkowa-z-poszewka-bambusowa-z-algami\/#breadcrumb\",\"itemListElement\":[{\"@type\":\"ListItem\",\"position\":1,\"name\":\"Strona g\u0142\u00f3wna\",\"item\":\"https:\/\/jogapiekna.com\/\"},{\"@type\":\"ListItem\",\"position\":2,\"name\":\"Sklep\",\"item\":\"https:\/\/jogapiekna.com\/sklep\/\"},{\"@type\":\"ListItem\",\"position\":3,\"name\":\"Poduszka antyzmarszczkowa NATURAL z poszewk\u0105 algi i bambus \u2022 eko poduszka\"}]},{\"@type\":\"WebSite\",\"@id\":\"https:\/\/jogapiekna.com\/#website\",\"url\":\"https:\/\/jogapiekna.com\/\",\"name\":\"Joga Pi\u0119kna Marta Kuci\u0144ska\",\"description\":\"Joga Pi\u0119kna pomaga kobietom zachowa\u0107 urod\u0119, cofn\u0105\u0107 oznaki up\u0142ywaj\u0105cego czasu i zm\u0119czenia, odzyska\u0107 promienny wygl\u0105d, naturalny u\u015bmiech i popraw\u0119 w\u0142asnej samooceny.\",\"publisher\":{\"@id\":\"https:\/\/jogapiekna.com\/#organization\"},\"potentialAction\":[{\"@type\":\"SearchAction\",\"target\":{\"@type\":\"EntryPoint\",\"urlTemplate\":\"https:\/\/jogapiekna.com\/?s={search_term_string}\"},\"query-input\":{\"@type\":\"PropertyValueSpecification\",\"valueRequired\":true,\"valueName\":\"search_term_string\"}}],\"inLanguage\":\"en-GB\"},{\"@type\":\"Organization\",\"@id\":\"https:\/\/jogapiekna.com\/#organization\",\"name\":\"Joga Pi\u0119kna Marta Kuci\u0144ska\",\"url\":\"https:\/\/jogapiekna.com\/\",\"logo\":{\"@type\":\"ImageObject\",\"inLanguage\":\"en-GB\",\"@id\":\"https:\/\/jogapiekna.com\/#\/schema\/logo\/image\/\",\"url\":\"https:\/\/jogapiekna.com\/wp-content\/uploads\/2022\/09\/joga-piekna-logo_Rka.png\",\"contentUrl\":\"https:\/\/jogapiekna.com\/wp-content\/uploads\/2022\/09\/joga-piekna-logo_Rka.png\",\"width\":231,\"height\":124,\"caption\":\"Joga Pi\u0119kna Marta Kuci\u0144ska\"},\"image\":{\"@id\":\"https:\/\/jogapiekna.com\/#\/schema\/logo\/image\/\"},\"sameAs\":[\"https:\/\/www.facebook.com\/JogaPieknaCom\/\",\"https:\/\/www.instagram.com\/jogapieknacom\/\"]}]}<\/script>\n<!-- \/ Yoast SEO plugin. -->","yoast_head_json":{"title":"Eko poduszka przeciwzmarszczkowa algi bambus | anti-aging","description":"Eko poduszka z naturalnego wype\u0142nienia z poszewk\u0105 algow\u0105 bambusow\u0105 zadba o kondycj\u0119 Twojej sk\u00f3ry i zahamuje powstawanie zmarszczek. Zam\u00f3w teraz online!","robots":{"index":"index","follow":"follow","max-snippet":"max-snippet:-1","max-image-preview":"max-image-preview:large","max-video-preview":"max-video-preview:-1"},"canonical":"https:\/\/jogapiekna.com\/en\/product\/poduszka-antyzmarszczkowa-z-poszewka-bambusowa-z-algami\/","og_locale":"en_GB","og_type":"article","og_title":"Eko poduszka przeciwzmarszczkowa algi bambus | anti-aging","og_description":"Eko poduszka z naturalnego wype\u0142nienia z poszewk\u0105 algow\u0105 bambusow\u0105 zadba o kondycj\u0119 Twojej sk\u00f3ry i zahamuje powstawanie zmarszczek. Zam\u00f3w teraz online!","og_url":"https:\/\/jogapiekna.com\/en\/product\/poduszka-antyzmarszczkowa-z-poszewka-bambusowa-z-algami\/","og_site_name":"JOGA PI\u0118KNA | Joga Twarzy","article_publisher":"https:\/\/www.facebook.com\/JogaPieknaCom\/","article_modified_time":"2026-04-02T09:31:41+00:00","og_image":[{"width":1000,"height":1000,"url":"https:\/\/jogapiekna.com\/wp-content\/uploads\/2020\/02\/Poduszka-antyzmarszczkowa-NATURAL-ByeByeWrinkles-algi-bambus-kolory_2025.jpg","type":"image\/jpeg"}],"twitter_card":"summary_large_image","twitter_misc":{"Estimated reading time":"7 minutes"},"schema":{"@context":"https:\/\/schema.org","@graph":[{"@type":"WebPage","@id":"https:\/\/jogapiekna.com\/produkt\/poduszka-antyzmarszczkowa-z-poszewka-bambusowa-z-algami\/","url":"https:\/\/jogapiekna.com\/produkt\/poduszka-antyzmarszczkowa-z-poszewka-bambusowa-z-algami\/","name":"Eko poduszka przeciwzmarszczkowa algi bambus | anti-aging","isPartOf":{"@id":"https:\/\/jogapiekna.com\/#website"},"primaryImageOfPage":{"@id":"https:\/\/jogapiekna.com\/produkt\/poduszka-antyzmarszczkowa-z-poszewka-bambusowa-z-algami\/#primaryimage"},"image":{"@id":"https:\/\/jogapiekna.com\/produkt\/poduszka-antyzmarszczkowa-z-poszewka-bambusowa-z-algami\/#primaryimage"},"thumbnailUrl":"https:\/\/jogapiekna.com\/wp-content\/uploads\/2020\/02\/Poduszka-antyzmarszczkowa-NATURAL-ByeByeWrinkles-algi-bambus-kolory_2025.jpg","datePublished":"2020-02-16T23:05:09+00:00","dateModified":"2026-04-02T09:31:41+00:00","description":"Eko poduszka z naturalnego wype\u0142nienia z poszewk\u0105 algow\u0105 bambusow\u0105 zadba o kondycj\u0119 Twojej sk\u00f3ry i zahamuje powstawanie zmarszczek. Zam\u00f3w teraz online!","breadcrumb":{"@id":"https:\/\/jogapiekna.com\/produkt\/poduszka-antyzmarszczkowa-z-poszewka-bambusowa-z-algami\/#breadcrumb"},"inLanguage":"en-GB","potentialAction":[{"@type":"ReadAction","target":["https:\/\/jogapiekna.com\/produkt\/poduszka-antyzmarszczkowa-z-poszewka-bambusowa-z-algami\/"]}]},{"@type":"ImageObject","inLanguage":"en-GB","@id":"https:\/\/jogapiekna.com\/produkt\/poduszka-antyzmarszczkowa-z-poszewka-bambusowa-z-algami\/#primaryimage","url":"https:\/\/jogapiekna.com\/wp-content\/uploads\/2020\/02\/Poduszka-antyzmarszczkowa-NATURAL-ByeByeWrinkles-algi-bambus-kolory_2025.jpg","contentUrl":"https:\/\/jogapiekna.com\/wp-content\/uploads\/2020\/02\/Poduszka-antyzmarszczkowa-NATURAL-ByeByeWrinkles-algi-bambus-kolory_2025.jpg","width":1000,"height":1000,"caption":"NATURAL Poduszka antyzmarszczkowa BYE BYE WRINKLES"},{"@type":"BreadcrumbList","@id":"https:\/\/jogapiekna.com\/produkt\/poduszka-antyzmarszczkowa-z-poszewka-bambusowa-z-algami\/#breadcrumb","itemListElement":[{"@type":"ListItem","position":1,"name":"Strona g\u0142\u00f3wna","item":"https:\/\/jogapiekna.com\/"},{"@type":"ListItem","position":2,"name":"Sklep","item":"https:\/\/jogapiekna.com\/sklep\/"},{"@type":"ListItem","position":3,"name":"Poduszka antyzmarszczkowa NATURAL z poszewk\u0105 algi i bambus \u2022 eko poduszka"}]},{"@type":"WebSite","@id":"https:\/\/jogapiekna.com\/#website","url":"https:\/\/jogapiekna.com\/","name":"Yoga Beauty Marta Kuci\u0144ska","description":"Beauty Yoga helps women to maintain their beauty, reverse the signs of passing time and fatigue, regain a radiant appearance, natural smile and improve their self-esteem.","publisher":{"@id":"https:\/\/jogapiekna.com\/#organization"},"potentialAction":[{"@type":"SearchAction","target":{"@type":"EntryPoint","urlTemplate":"https:\/\/jogapiekna.com\/?s={search_term_string}"},"query-input":{"@type":"PropertyValueSpecification","valueRequired":true,"valueName":"search_term_string"}}],"inLanguage":"en-GB"},{"@type":"Organization","@id":"https:\/\/jogapiekna.com\/#organization","name":"Yoga Beauty Marta Kuci\u0144ska","url":"https:\/\/jogapiekna.com\/","logo":{"@type":"ImageObject","inLanguage":"en-GB","@id":"https:\/\/jogapiekna.com\/#\/schema\/logo\/image\/","url":"https:\/\/jogapiekna.com\/wp-content\/uploads\/2022\/09\/joga-piekna-logo_Rka.png","contentUrl":"https:\/\/jogapiekna.com\/wp-content\/uploads\/2022\/09\/joga-piekna-logo_Rka.png","width":231,"height":124,"caption":"Joga Pi\u0119kna Marta Kuci\u0144ska"},"image":{"@id":"https:\/\/jogapiekna.com\/#\/schema\/logo\/image\/"},"sameAs":["https:\/\/www.facebook.com\/JogaPieknaCom\/","https:\/\/www.instagram.com\/jogapieknacom\/"]}]}},"_links":{"self":[{"href":"https:\/\/jogapiekna.com\/en\/wp-json\/wp\/v2\/product\/23498","targetHints":{"allow":["GET"]}}],"collection":[{"href":"https:\/\/jogapiekna.com\/en\/wp-json\/wp\/v2\/product"}],"about":[{"href":"https:\/\/jogapiekna.com\/en\/wp-json\/wp\/v2\/types\/product"}],"replies":[{"embeddable":true,"href":"https:\/\/jogapiekna.com\/en\/wp-json\/wp\/v2\/comments?post=23498"}],"version-history":[{"count":4,"href":"https:\/\/jogapiekna.com\/en\/wp-json\/wp\/v2\/product\/23498\/revisions"}],"predecessor-version":[{"id":23554,"href":"https:\/\/jogapiekna.com\/en\/wp-json\/wp\/v2\/product\/23498\/revisions\/23554"}],"wp:featuredmedia":[{"embeddable":true,"href":"https:\/\/jogapiekna.com\/en\/wp-json\/wp\/v2\/media\/202133"}],"wp:attachment":[{"href":"https:\/\/jogapiekna.com\/en\/wp-json\/wp\/v2\/media?parent=23498"}],"wp:term":[{"taxonomy":"product_brand","embeddable":true,"href":"https:\/\/jogapiekna.com\/en\/wp-json\/wp\/v2\/product_brand?post=23498"},{"taxonomy":"product_cat","embeddable":true,"href":"https:\/\/jogapiekna.com\/en\/wp-json\/wp\/v2\/product_cat?post=23498"},{"taxonomy":"product_tag","embeddable":true,"href":"https:\/\/jogapiekna.com\/en\/wp-json\/wp\/v2\/product_tag?post=23498"}],"curies":[{"name":"wp","href":"https:\/\/api.w.org\/{rel}","templated":true}]}}