{"id":23516,"date":"2020-02-17T00:45:09","date_gmt":"2020-02-16T23:45:09","guid":{"rendered":"https:\/\/jogapiekna.com\/?post_type=product&#038;p=23516"},"modified":"2026-04-02T11:31:22","modified_gmt":"2026-04-02T09:31:22","slug":"poszewka-bambusowa-z-algami","status":"publish","type":"product","link":"https:\/\/jogapiekna.com\/en\/product\/poszewka-bambusowa-z-algami\/","title":{"rendered":"Bamboo Seaweed Pillowcase for Bye Bye Wrinkles Pillow"},"content":{"rendered":"<h2>Bamboo pillowcase with algae for dry, acne-prone, sensitive, problematic skin<\/h2>\n<p>Which pillowcase you choose can have an impact on your skin condition. If you struggle with acne, your skin is oily, prone to blemishes - go for natural materials that have additional antibacterial, anti-allergenic and soothing properties. Just such a choice is the bamboo pillowcase with algae, which was designed for our Bye Bye Wrinkles anti-aging pillow.<\/p>\n<p>The bamboo and algae pillowcase has a butterfly shape and a zip fastening. Bamboo is known for its softness and delicacy, making the pillowcase extremely pleasant against the skin. The seaweed fibres, on the other hand, have regenerative and moisturising properties thanks to their content of natural minerals and vitamins.<\/p>\n<p>The combination of both fibres means that these pillowcases not only take care of your sleeping comfort, but also actively promote the health and beauty of your skin.<\/p>\n<p>&nbsp;<\/p>\n<h3>Bamboo pillowcase with algae - who is it ideal for?<\/h3>\n<ul>\n<li>for people with sensitive skin<\/li>\n<li>for allergy sufferers<\/li>\n<li>for people with dry skin<\/li>\n<li>for those who care for the youthful appearance of the skin<\/li>\n<li>for people who value the environment<\/li>\n<\/ul>\n<p>&nbsp;<\/p>\n<h2>Anti-wrinkle Pillow <em>Bye Bye Wrinkles<\/em> - what is it?<\/h2>\n<p><a href=\"https:\/\/jogapiekna.com\/en\/product-category\/poduszki-antyzmarszczkowe\/\">Pillow <em>Bye Bye Wrinkles<\/em><\/a> this <strong>guarantee a wrinkle-free sleep experience<\/strong>. A unique product that minimises the folds of skin on the face during sleep, thus reducing wrinkles that develop during the night, including under the eyes, on the temples, between the eyebrows, on the chin and on the cheeks. The winged cut-outs help to reduce contact between delicate facial tissues and the pillow, and provide comfortable support for the forehead and jaw.<\/p>\n<p>Pillow<em> Bye Bye Wrinkles<\/em> people will enjoy sleeping on their side and on their back-the comfortable ergonomic shape allows you to properly support the cervical region, while maintaining the correct position of this part of the spine. At the same time, the optimal size ensures that the face does not move to another place during sleep, and when turning the head to the side, the face is constantly protected from creases.<\/p>\n<p>&nbsp;<\/p>\n<h2>Bamboo pillowcase with algae - fabric properties<\/h2>\n<ul>\n<li>The bamboo fibres with the addition of algae are all-natural, which means it is a skin-friendly combination.<\/li>\n<li>Bamboo has <strong>natural hypoallergenic properties<\/strong>this means that it is less susceptible to collecting dust, mites, and allergens that can cause allergic reactions in sensitive people.<\/li>\n<li>The fabric used has <strong>skin care properties<\/strong>. Soothes minor irritations, accelerates the healing of wounds and scratches.<\/li>\n<li>The pillowcase has <strong>anti-allergic effect<\/strong> and antibacterial (supports acne treatment).<\/li>\n<li>Bamboo is a plant that grows quickly and requires less water and pesticides compared to other plants grown for fiber. Therefore <strong>bamboo pillowcases are more eco-friendly<\/strong> than from other materials.<\/li>\n<li><strong>Algae<\/strong> contain natural moisturisers, such as hyaluronic acid, which help to keep the skin hydrated, which is particularly beneficial for those with dry or sensitive skin.<\/li>\n<\/ul>\n<p>&nbsp;<\/p>\n<h2>Care of the bamboo and algae pillowcase<\/h2>\n<p>The care of bamboo-algae pillowcases is simple, but requires following a few basic rules. First of all, the pillowcase should be washed on a gentle cycle at a low temperature, preferably in cold or lukewarm water to avoid shrinking the fabric.<\/p>\n<p>Use mild detergents that do not contain bleach or strong chemicals to protect the natural bamboo fibres.<\/p>\n<p>Air drying the pillowcase is most recommended, but if you are using a tumble dryer, set it to a low temperature so as not to damage the fabric. Please refer to the care instructions included with your pillowcase for details.<\/p>\n<p>&nbsp;<\/p>\n<h3>Additional information<\/h3>\n<ul>\n<li>The pillowcase is a hygienic product and is not returnable.<\/li>\n<li>A patented and legally protected design (Article 26027).<\/li>\n<li>In our shop you will also find <a href=\"https:\/\/jogapiekna.com\/en\/product\/poszewka-bambusowa-z-algami-na-poduszke-bye-bye-wrinkles-mini\/\">bamboo and algae pillowcase in mini version<\/a> (for a smaller cushion).<\/li>\n<\/ul>","protected":false},"excerpt":{"rendered":"<p>Do you have problems with acne or dry skin? Are you looking for the perfect pillowcase to take care of the condition and health of your skin while you sleep too? The Bye Bye Wrinkles bamboo algae pillowcase has skin-caring properties. It has an antibacterial effect, accelerates the healing of wounds and irritations, moisturises and protects the skin from water loss. It exhibits anti-allergenic properties, making it suitable even for people with sensitive, problematic skin.<\/p>\n<ul>\n<li>Composition: 60% bamboo, 30% algae, 10% cotton<\/li>\n<li>The pillowcase is fitted with a zip<\/li>\n<\/ul>","protected":false},"featured_media":202168,"comment_status":"closed","ping_status":"closed","template":"","meta":{"_acf_changed":false,"site-sidebar-layout":"default","site-content-layout":"","ast-site-content-layout":"default","site-content-style":"default","site-sidebar-style":"default","ast-global-header-display":"","ast-banner-title-visibility":"","ast-main-header-display":"","ast-hfb-above-header-display":"","ast-hfb-below-header-display":"","ast-hfb-mobile-header-display":"","site-post-title":"","ast-breadcrumbs-content":"","ast-featured-img":"","footer-sml-layout":"","ast-disable-related-posts":"","theme-transparent-header-meta":"default","adv-header-id-meta":"","stick-header-meta":"","header-above-stick-meta":"","header-main-stick-meta":"","header-below-stick-meta":"","astra-migrate-meta-layouts":"set","ast-page-background-enabled":"default","ast-page-background-meta":{"desktop":{"background-color":"var(--ast-global-color-5)","background-image":"","background-repeat":"repeat","background-position":"center center","background-size":"auto","background-attachment":"scroll","background-type":"","background-media":"","overlay-type":"","overlay-color":"","overlay-opacity":"","overlay-gradient":""},"tablet":{"background-color":"","background-image":"","background-repeat":"repeat","background-position":"center center","background-size":"auto","background-attachment":"scroll","background-type":"","background-media":"","overlay-type":"","overlay-color":"","overlay-opacity":"","overlay-gradient":""},"mobile":{"background-color":"","background-image":"","background-repeat":"repeat","background-position":"center center","background-size":"auto","background-attachment":"scroll","background-type":"","background-media":"","overlay-type":"","overlay-color":"","overlay-opacity":"","overlay-gradient":""}},"ast-content-background-meta":{"desktop":{"background-color":"var(--ast-global-color-4)","background-image":"","background-repeat":"repeat","background-position":"center center","background-size":"auto","background-attachment":"scroll","background-type":"","background-media":"","overlay-type":"","overlay-color":"","overlay-opacity":"","overlay-gradient":""},"tablet":{"background-color":"var(--ast-global-color-4)","background-image":"","background-repeat":"repeat","background-position":"center center","background-size":"auto","background-attachment":"scroll","background-type":"","background-media":"","overlay-type":"","overlay-color":"","overlay-opacity":"","overlay-gradient":""},"mobile":{"background-color":"var(--ast-global-color-4)","background-image":"","background-repeat":"repeat","background-position":"center center","background-size":"auto","background-attachment":"scroll","background-type":"","background-media":"","overlay-type":"","overlay-color":"","overlay-opacity":"","overlay-gradient":""}}},"product_brand":[],"product_cat":[695,117],"product_tag":[572,174,262,256,255,173,264,263],"class_list":{"0":"post-23516","1":"product","2":"type-product","3":"status-publish","4":"has-post-thumbnail","6":"product_cat-do-poduszek-classic-natural-travel","7":"product_cat-poszewki-do-poduszek","8":"product_tag-4urodziny","9":"product_tag-byebyewrinkles","10":"product_tag-likwidowanie-zmarszczek","11":"product_tag-pielegnacja-skory","12":"product_tag-pielegnacja-twarzy","13":"product_tag-poduszka-antyzmarszczkowa","14":"product_tag-zapobieganie-zmarszczkom","15":"product_tag-zdrowy-sen","16":"desktop-align-left","17":"tablet-align-left","18":"mobile-align-left","20":"first","21":"instock","22":"taxable","23":"shipping-taxable","24":"purchasable","25":"product-type-variable"},"acf":[],"yoast_head":"<!-- This site is optimized with the Yoast SEO plugin v27.2 - https:\/\/yoast.com\/product\/yoast-seo-wordpress\/ -->\n<title>Poszewka bambusowa z algami na poduszk\u0119 Bye Bye Wrinkles<\/title>\n<meta name=\"description\" content=\"Poszewka bambusowa z algami zadba o kondycj\u0119 Twojej cery tak\u017ce w nocy. Jest idealna dla os\u00f3b z tr\u0105dzikiem, cer\u0105 wra\u017cliw\u0105 i such\u0105. Poznaj jej w\u0142a\u015bciwo\u015bci.\" \/>\n<meta name=\"robots\" content=\"index, follow, max-snippet:-1, max-image-preview:large, max-video-preview:-1\" \/>\n<link rel=\"canonical\" href=\"https:\/\/jogapiekna.com\/en\/product\/poszewka-bambusowa-z-algami\/\" \/>\n<meta property=\"og:locale\" content=\"en_GB\" \/>\n<meta property=\"og:type\" content=\"article\" \/>\n<meta property=\"og:title\" content=\"Poszewka bambusowa z algami na poduszk\u0119 Bye Bye Wrinkles\" \/>\n<meta property=\"og:description\" content=\"Poszewka bambusowa z algami zadba o kondycj\u0119 Twojej cery tak\u017ce w nocy. Jest idealna dla os\u00f3b z tr\u0105dzikiem, cer\u0105 wra\u017cliw\u0105 i such\u0105. Poznaj jej w\u0142a\u015bciwo\u015bci.\" \/>\n<meta property=\"og:url\" content=\"https:\/\/jogapiekna.com\/en\/product\/poszewka-bambusowa-z-algami\/\" \/>\n<meta property=\"og:site_name\" content=\"JOGA PI\u0118KNA | Joga Twarzy\" \/>\n<meta property=\"article:publisher\" content=\"https:\/\/www.facebook.com\/JogaPieknaCom\/\" \/>\n<meta property=\"article:modified_time\" content=\"2026-04-02T09:31:22+00:00\" \/>\n<meta property=\"og:image\" content=\"https:\/\/jogapiekna.com\/wp-content\/uploads\/2020\/02\/Poszewka-bambusowa-z-algami-na-poduszke-antyzmarszczkowa_ByeByeWrinkles-kolory_2025.jpg\" \/>\n\t<meta property=\"og:image:width\" content=\"1000\" \/>\n\t<meta property=\"og:image:height\" content=\"1000\" \/>\n\t<meta property=\"og:image:type\" content=\"image\/jpeg\" \/>\n<meta name=\"twitter:card\" content=\"summary_large_image\" \/>\n<meta name=\"twitter:label1\" content=\"Estimated reading time\" \/>\n\t<meta name=\"twitter:data1\" content=\"4 minutes\" \/>\n<script type=\"application\/ld+json\" class=\"yoast-schema-graph\">{\"@context\":\"https:\/\/schema.org\",\"@graph\":[{\"@type\":\"WebPage\",\"@id\":\"https:\/\/jogapiekna.com\/produkt\/poszewka-bambusowa-z-algami\/\",\"url\":\"https:\/\/jogapiekna.com\/produkt\/poszewka-bambusowa-z-algami\/\",\"name\":\"Poszewka bambusowa z algami na poduszk\u0119 Bye Bye Wrinkles\",\"isPartOf\":{\"@id\":\"https:\/\/jogapiekna.com\/#website\"},\"primaryImageOfPage\":{\"@id\":\"https:\/\/jogapiekna.com\/produkt\/poszewka-bambusowa-z-algami\/#primaryimage\"},\"image\":{\"@id\":\"https:\/\/jogapiekna.com\/produkt\/poszewka-bambusowa-z-algami\/#primaryimage\"},\"thumbnailUrl\":\"https:\/\/jogapiekna.com\/wp-content\/uploads\/2020\/02\/Poszewka-bambusowa-z-algami-na-poduszke-antyzmarszczkowa_ByeByeWrinkles-kolory_2025.jpg\",\"datePublished\":\"2020-02-16T23:45:09+00:00\",\"dateModified\":\"2026-04-02T09:31:22+00:00\",\"description\":\"Poszewka bambusowa z algami zadba o kondycj\u0119 Twojej cery tak\u017ce w nocy. Jest idealna dla os\u00f3b z tr\u0105dzikiem, cer\u0105 wra\u017cliw\u0105 i such\u0105. Poznaj jej w\u0142a\u015bciwo\u015bci.\",\"breadcrumb\":{\"@id\":\"https:\/\/jogapiekna.com\/produkt\/poszewka-bambusowa-z-algami\/#breadcrumb\"},\"inLanguage\":\"en-GB\",\"potentialAction\":[{\"@type\":\"ReadAction\",\"target\":[\"https:\/\/jogapiekna.com\/produkt\/poszewka-bambusowa-z-algami\/\"]}]},{\"@type\":\"ImageObject\",\"inLanguage\":\"en-GB\",\"@id\":\"https:\/\/jogapiekna.com\/produkt\/poszewka-bambusowa-z-algami\/#primaryimage\",\"url\":\"https:\/\/jogapiekna.com\/wp-content\/uploads\/2020\/02\/Poszewka-bambusowa-z-algami-na-poduszke-antyzmarszczkowa_ByeByeWrinkles-kolory_2025.jpg\",\"contentUrl\":\"https:\/\/jogapiekna.com\/wp-content\/uploads\/2020\/02\/Poszewka-bambusowa-z-algami-na-poduszke-antyzmarszczkowa_ByeByeWrinkles-kolory_2025.jpg\",\"width\":1000,\"height\":1000,\"caption\":\"Poszewka bambusowa z algami na poduszk\u0119 antyzmarszczkow\u0105 Bye Bye Wrinkles\"},{\"@type\":\"BreadcrumbList\",\"@id\":\"https:\/\/jogapiekna.com\/produkt\/poszewka-bambusowa-z-algami\/#breadcrumb\",\"itemListElement\":[{\"@type\":\"ListItem\",\"position\":1,\"name\":\"Strona g\u0142\u00f3wna\",\"item\":\"https:\/\/jogapiekna.com\/\"},{\"@type\":\"ListItem\",\"position\":2,\"name\":\"Sklep\",\"item\":\"https:\/\/jogapiekna.com\/sklep\/\"},{\"@type\":\"ListItem\",\"position\":3,\"name\":\"Poszewka bambusowa z algami na poduszk\u0119 Bye Bye Wrinkles\"}]},{\"@type\":\"WebSite\",\"@id\":\"https:\/\/jogapiekna.com\/#website\",\"url\":\"https:\/\/jogapiekna.com\/\",\"name\":\"Joga Pi\u0119kna Marta Kuci\u0144ska\",\"description\":\"Joga Pi\u0119kna pomaga kobietom zachowa\u0107 urod\u0119, cofn\u0105\u0107 oznaki up\u0142ywaj\u0105cego czasu i zm\u0119czenia, odzyska\u0107 promienny wygl\u0105d, naturalny u\u015bmiech i popraw\u0119 w\u0142asnej samooceny.\",\"publisher\":{\"@id\":\"https:\/\/jogapiekna.com\/#organization\"},\"potentialAction\":[{\"@type\":\"SearchAction\",\"target\":{\"@type\":\"EntryPoint\",\"urlTemplate\":\"https:\/\/jogapiekna.com\/?s={search_term_string}\"},\"query-input\":{\"@type\":\"PropertyValueSpecification\",\"valueRequired\":true,\"valueName\":\"search_term_string\"}}],\"inLanguage\":\"en-GB\"},{\"@type\":\"Organization\",\"@id\":\"https:\/\/jogapiekna.com\/#organization\",\"name\":\"Joga Pi\u0119kna Marta Kuci\u0144ska\",\"url\":\"https:\/\/jogapiekna.com\/\",\"logo\":{\"@type\":\"ImageObject\",\"inLanguage\":\"en-GB\",\"@id\":\"https:\/\/jogapiekna.com\/#\/schema\/logo\/image\/\",\"url\":\"https:\/\/jogapiekna.com\/wp-content\/uploads\/2022\/09\/joga-piekna-logo_Rka.png\",\"contentUrl\":\"https:\/\/jogapiekna.com\/wp-content\/uploads\/2022\/09\/joga-piekna-logo_Rka.png\",\"width\":231,\"height\":124,\"caption\":\"Joga Pi\u0119kna Marta Kuci\u0144ska\"},\"image\":{\"@id\":\"https:\/\/jogapiekna.com\/#\/schema\/logo\/image\/\"},\"sameAs\":[\"https:\/\/www.facebook.com\/JogaPieknaCom\/\",\"https:\/\/www.instagram.com\/jogapieknacom\/\"]}]}<\/script>\n<!-- \/ Yoast SEO plugin. -->","yoast_head_json":{"title":"Bamboo Seaweed Pillowcase for Bye Bye Wrinkles Pillow","description":"Poszewka bambusowa z algami zadba o kondycj\u0119 Twojej cery tak\u017ce w nocy. Jest idealna dla os\u00f3b z tr\u0105dzikiem, cer\u0105 wra\u017cliw\u0105 i such\u0105. Poznaj jej w\u0142a\u015bciwo\u015bci.","robots":{"index":"index","follow":"follow","max-snippet":"max-snippet:-1","max-image-preview":"max-image-preview:large","max-video-preview":"max-video-preview:-1"},"canonical":"https:\/\/jogapiekna.com\/en\/product\/poszewka-bambusowa-z-algami\/","og_locale":"en_GB","og_type":"article","og_title":"Poszewka bambusowa z algami na poduszk\u0119 Bye Bye Wrinkles","og_description":"Poszewka bambusowa z algami zadba o kondycj\u0119 Twojej cery tak\u017ce w nocy. Jest idealna dla os\u00f3b z tr\u0105dzikiem, cer\u0105 wra\u017cliw\u0105 i such\u0105. Poznaj jej w\u0142a\u015bciwo\u015bci.","og_url":"https:\/\/jogapiekna.com\/en\/product\/poszewka-bambusowa-z-algami\/","og_site_name":"JOGA PI\u0118KNA | Joga Twarzy","article_publisher":"https:\/\/www.facebook.com\/JogaPieknaCom\/","article_modified_time":"2026-04-02T09:31:22+00:00","og_image":[{"width":1000,"height":1000,"url":"https:\/\/jogapiekna.com\/wp-content\/uploads\/2020\/02\/Poszewka-bambusowa-z-algami-na-poduszke-antyzmarszczkowa_ByeByeWrinkles-kolory_2025.jpg","type":"image\/jpeg"}],"twitter_card":"summary_large_image","twitter_misc":{"Estimated reading time":"4 minutes"},"schema":{"@context":"https:\/\/schema.org","@graph":[{"@type":"WebPage","@id":"https:\/\/jogapiekna.com\/produkt\/poszewka-bambusowa-z-algami\/","url":"https:\/\/jogapiekna.com\/produkt\/poszewka-bambusowa-z-algami\/","name":"Bamboo Seaweed Pillowcase for Bye Bye Wrinkles Pillow","isPartOf":{"@id":"https:\/\/jogapiekna.com\/#website"},"primaryImageOfPage":{"@id":"https:\/\/jogapiekna.com\/produkt\/poszewka-bambusowa-z-algami\/#primaryimage"},"image":{"@id":"https:\/\/jogapiekna.com\/produkt\/poszewka-bambusowa-z-algami\/#primaryimage"},"thumbnailUrl":"https:\/\/jogapiekna.com\/wp-content\/uploads\/2020\/02\/Poszewka-bambusowa-z-algami-na-poduszke-antyzmarszczkowa_ByeByeWrinkles-kolory_2025.jpg","datePublished":"2020-02-16T23:45:09+00:00","dateModified":"2026-04-02T09:31:22+00:00","description":"Poszewka bambusowa z algami zadba o kondycj\u0119 Twojej cery tak\u017ce w nocy. Jest idealna dla os\u00f3b z tr\u0105dzikiem, cer\u0105 wra\u017cliw\u0105 i such\u0105. Poznaj jej w\u0142a\u015bciwo\u015bci.","breadcrumb":{"@id":"https:\/\/jogapiekna.com\/produkt\/poszewka-bambusowa-z-algami\/#breadcrumb"},"inLanguage":"en-GB","potentialAction":[{"@type":"ReadAction","target":["https:\/\/jogapiekna.com\/produkt\/poszewka-bambusowa-z-algami\/"]}]},{"@type":"ImageObject","inLanguage":"en-GB","@id":"https:\/\/jogapiekna.com\/produkt\/poszewka-bambusowa-z-algami\/#primaryimage","url":"https:\/\/jogapiekna.com\/wp-content\/uploads\/2020\/02\/Poszewka-bambusowa-z-algami-na-poduszke-antyzmarszczkowa_ByeByeWrinkles-kolory_2025.jpg","contentUrl":"https:\/\/jogapiekna.com\/wp-content\/uploads\/2020\/02\/Poszewka-bambusowa-z-algami-na-poduszke-antyzmarszczkowa_ByeByeWrinkles-kolory_2025.jpg","width":1000,"height":1000,"caption":"Poszewka bambusowa z algami na poduszk\u0119 antyzmarszczkow\u0105 Bye Bye Wrinkles"},{"@type":"BreadcrumbList","@id":"https:\/\/jogapiekna.com\/produkt\/poszewka-bambusowa-z-algami\/#breadcrumb","itemListElement":[{"@type":"ListItem","position":1,"name":"Strona g\u0142\u00f3wna","item":"https:\/\/jogapiekna.com\/"},{"@type":"ListItem","position":2,"name":"Sklep","item":"https:\/\/jogapiekna.com\/sklep\/"},{"@type":"ListItem","position":3,"name":"Poszewka bambusowa z algami na poduszk\u0119 Bye Bye Wrinkles"}]},{"@type":"WebSite","@id":"https:\/\/jogapiekna.com\/#website","url":"https:\/\/jogapiekna.com\/","name":"Yoga Beauty Marta Kuci\u0144ska","description":"Beauty Yoga helps women to maintain their beauty, reverse the signs of passing time and fatigue, regain a radiant appearance, natural smile and improve their self-esteem.","publisher":{"@id":"https:\/\/jogapiekna.com\/#organization"},"potentialAction":[{"@type":"SearchAction","target":{"@type":"EntryPoint","urlTemplate":"https:\/\/jogapiekna.com\/?s={search_term_string}"},"query-input":{"@type":"PropertyValueSpecification","valueRequired":true,"valueName":"search_term_string"}}],"inLanguage":"en-GB"},{"@type":"Organization","@id":"https:\/\/jogapiekna.com\/#organization","name":"Yoga Beauty Marta Kuci\u0144ska","url":"https:\/\/jogapiekna.com\/","logo":{"@type":"ImageObject","inLanguage":"en-GB","@id":"https:\/\/jogapiekna.com\/#\/schema\/logo\/image\/","url":"https:\/\/jogapiekna.com\/wp-content\/uploads\/2022\/09\/joga-piekna-logo_Rka.png","contentUrl":"https:\/\/jogapiekna.com\/wp-content\/uploads\/2022\/09\/joga-piekna-logo_Rka.png","width":231,"height":124,"caption":"Joga Pi\u0119kna Marta Kuci\u0144ska"},"image":{"@id":"https:\/\/jogapiekna.com\/#\/schema\/logo\/image\/"},"sameAs":["https:\/\/www.facebook.com\/JogaPieknaCom\/","https:\/\/www.instagram.com\/jogapieknacom\/"]}]}},"_links":{"self":[{"href":"https:\/\/jogapiekna.com\/en\/wp-json\/wp\/v2\/product\/23516","targetHints":{"allow":["GET"]}}],"collection":[{"href":"https:\/\/jogapiekna.com\/en\/wp-json\/wp\/v2\/product"}],"about":[{"href":"https:\/\/jogapiekna.com\/en\/wp-json\/wp\/v2\/types\/product"}],"replies":[{"embeddable":true,"href":"https:\/\/jogapiekna.com\/en\/wp-json\/wp\/v2\/comments?post=23516"}],"version-history":[{"count":3,"href":"https:\/\/jogapiekna.com\/en\/wp-json\/wp\/v2\/product\/23516\/revisions"}],"predecessor-version":[{"id":23560,"href":"https:\/\/jogapiekna.com\/en\/wp-json\/wp\/v2\/product\/23516\/revisions\/23560"}],"wp:featuredmedia":[{"embeddable":true,"href":"https:\/\/jogapiekna.com\/en\/wp-json\/wp\/v2\/media\/202168"}],"wp:attachment":[{"href":"https:\/\/jogapiekna.com\/en\/wp-json\/wp\/v2\/media?parent=23516"}],"wp:term":[{"taxonomy":"product_brand","embeddable":true,"href":"https:\/\/jogapiekna.com\/en\/wp-json\/wp\/v2\/product_brand?post=23516"},{"taxonomy":"product_cat","embeddable":true,"href":"https:\/\/jogapiekna.com\/en\/wp-json\/wp\/v2\/product_cat?post=23516"},{"taxonomy":"product_tag","embeddable":true,"href":"https:\/\/jogapiekna.com\/en\/wp-json\/wp\/v2\/product_tag?post=23516"}],"curies":[{"name":"wp","href":"https:\/\/api.w.org\/{rel}","templated":true}]}}