{"id":28877,"date":"2020-06-09T00:01:13","date_gmt":"2020-06-08T22:01:13","guid":{"rendered":"https:\/\/jogapiekna.com\/?post_type=product&#038;p=28877"},"modified":"2026-03-31T18:28:32","modified_gmt":"2026-03-31T16:28:32","slug":"technika-uwalniania-david-r-hawkins","status":"publish","type":"product","link":"https:\/\/jogapiekna.com\/en\/product\/technika-uwalniania-david-r-hawkins\/","title":{"rendered":"Book Release Technique By David R. Hawkins"},"content":{"rendered":"<p>With the book The Release Technique Handbook for Developing Consciousness, you will experience freedom. You will feel the weight fall from your shoulders, because already during the reading process the process of release begins on its own. It is useful for anyone interested in personal development as well as psychologists and people in therapy. Among other things, it shows how, by freeing yourself from all negativity: low self-esteem, judging others and yourself, the constant need to be right, regretting the past and waiting for true love - to reach higher and higher levels of consciousness.<\/p>\n<p>Dr. David Hawkins, an American psychiatrist with impressive therapeutic successes, explains in this book why the currently so fashionable expression of feelings does not help to deal with them at all, and proposes a completely new approach to the subject, which he has used both in his work with patients and in his own life. The author describes step-by-step the Release Technique - a simple and effective method that allows you to free yourself from negative emotions and states of mind in order to fully enjoy love, success, health and happiness. It offers practical tips on how to deal with apathy, sadness, grief, fear, lust or anger on your own, shows you the anatomy of emotions in healing the past, teaches you to surrender negative thoughts and build positive feelings. It should be read by anyone who is serious about their own development.<\/p>\n<p>Are you one of those people who have tried everything to achieve happiness? To those who tirelessly seek and test method after method, attending more and more personal development training courses?<\/p>\n<p>\u201eYou meditate, you intone mantras, you are centred. You learn NLP, you try self-realisation, you practice visualisation. You study psychology, practice yoga, dance, kickboxing, undergo colonotherapy, diet and do aerobics. You wear amulets. You drink Chinese herbs, you cleanse yourself. You go to India. You find a new guru. You release the experiences of previous incarnations. You write affirmations. You make a dream map. You undergo hypnotic regression. You order a horoscope analysis. You practice tantra. You cleanse your aura. You hang your head down...\u201d<\/p>\n<h3>What else? - 3 more pages of this fantastic enumeration, because the author knows that:<\/h3>\n<p>\u201eWe intuitively sense that somewhere out there is the ultimate answer. But why can't we find it? We do not understand the essence of the problem - that is why we cannot find the answer. Maybe it is extremely simple and that is why we do not see it. Maybe we rely too much on our beliefs and are blind to the obvious. (...)<\/p>\n<p>Confusion is our salvation. For those who are confused there is still hope. Hold on to your sense of confusion. Ultimately, it is your best friend, your best defence against other people's deadly responses, against being raped by their ideas. If you are confused, it is a sign that you are still free. If you are confused, this book is for you.\u201d<\/p>\n<p>\u201eDuring my many years of practice in clinical psychiatry, my overriding goal has been to search for the most effective ways to remove human suffering. I discovered during all these explorations that I was greatly helped by conscious release. Its role is so momentous that I felt the need to write a book in which I could share what I observed as a clinician and what I experienced. (...)<\/p>\n<p>What will you find in this book? Presenting a simple method for achieving deep clarity of understanding and transcending your problems that arise along the way. This is not done by finding the answer, but by removing the causes of the problem. A state achieved by a few people throughout history is also available to us; the solutions are within us and easy to find. The mechanism of surrender is simple and the truth is obvious. It is applied during our daily life. It is not bound to any dogma or belief system. You judge its operation for yourself, so you cannot be misled. You will not be dependent on any teachings. It works for cynics, pragmatists, religious people and atheists. It works for people of any age, from any culture. It works for both spiritual and non-spiritual people.<\/p>\n<p>Because this mechanism belongs to you, no one can deprive you of it. You thus remain protected from disappointment. You will discover for yourself what is real and what is merely a mind programme or belief system. As you continue the process of release, you will become healthier, you will be more successful with less effort, you will become happier and more capable of true love. You will not experience a 'departure\u2019 followed by a fall. Instead, you will discover that you have an automatic inner teacher within you.\u201d - David Hawkins<\/p>\n<p><strong>ABOUT THE AUTHOR<\/strong><br \/>\nDavid R. Hawkins (1927-2012)<br \/>\nMD, renowned psychiatrist, clinician, spiritual teacher and lecturer. He was a life member of the American Psychiatric Association and began his career in psychiatry in 1952. Since abandoning his busy practice in New York to lead a life of research, he continued to care for patients with special needs. In 1973, together with Nobel laureate Linus Pauling, he wrote the innovative book Orthomolecular Psychiatry. His outstanding achievements as a therapist and teacher are noted in the biographical publication Who's who in America. He was director of The Institute for Advanced Theoretical Research. His work as a researcher who developed the Map of Levels of Consciousness and as a clinician was pioneering, and his clinical practice was the largest in the USA from 1968 to 1979. He published hundreds of articles and lectures and dozens of books. He lectured at major universities (Harvard, Oxford and others), as well as to international diplomats. He dedicated his life to raising human consciousness.<\/p>","protected":false},"excerpt":{"rendered":"<p>translation: Anna Rutkowska<br \/>\nformat: 145 x 207 mm<br \/>\npages: 448<\/p>","protected":false},"featured_media":94723,"comment_status":"closed","ping_status":"closed","template":"","meta":{"_acf_changed":false,"site-sidebar-layout":"default","site-content-layout":"","ast-site-content-layout":"default","site-content-style":"default","site-sidebar-style":"default","ast-global-header-display":"","ast-banner-title-visibility":"","ast-main-header-display":"","ast-hfb-above-header-display":"","ast-hfb-below-header-display":"","ast-hfb-mobile-header-display":"","site-post-title":"","ast-breadcrumbs-content":"","ast-featured-img":"","footer-sml-layout":"","ast-disable-related-posts":"","theme-transparent-header-meta":"default","adv-header-id-meta":"","stick-header-meta":"","header-above-stick-meta":"","header-main-stick-meta":"","header-below-stick-meta":"","astra-migrate-meta-layouts":"set","ast-page-background-enabled":"default","ast-page-background-meta":{"desktop":{"background-color":"var(--ast-global-color-5)","background-image":"","background-repeat":"repeat","background-position":"center center","background-size":"auto","background-attachment":"scroll","background-type":"","background-media":"","overlay-type":"","overlay-color":"","overlay-opacity":"","overlay-gradient":""},"tablet":{"background-color":"","background-image":"","background-repeat":"repeat","background-position":"center center","background-size":"auto","background-attachment":"scroll","background-type":"","background-media":"","overlay-type":"","overlay-color":"","overlay-opacity":"","overlay-gradient":""},"mobile":{"background-color":"","background-image":"","background-repeat":"repeat","background-position":"center center","background-size":"auto","background-attachment":"scroll","background-type":"","background-media":"","overlay-type":"","overlay-color":"","overlay-opacity":"","overlay-gradient":""}},"ast-content-background-meta":{"desktop":{"background-color":"var(--ast-global-color-4)","background-image":"","background-repeat":"repeat","background-position":"center center","background-size":"auto","background-attachment":"scroll","background-type":"","background-media":"","overlay-type":"","overlay-color":"","overlay-opacity":"","overlay-gradient":""},"tablet":{"background-color":"var(--ast-global-color-4)","background-image":"","background-repeat":"repeat","background-position":"center center","background-size":"auto","background-attachment":"scroll","background-type":"","background-media":"","overlay-type":"","overlay-color":"","overlay-opacity":"","overlay-gradient":""},"mobile":{"background-color":"var(--ast-global-color-4)","background-image":"","background-repeat":"repeat","background-position":"center center","background-size":"auto","background-attachment":"scroll","background-type":"","background-media":"","overlay-type":"","overlay-color":"","overlay-opacity":"","overlay-gradient":""}}},"product_brand":[],"product_cat":[20],"product_tag":[],"class_list":{"0":"post-28877","1":"product","2":"type-product","3":"status-publish","4":"has-post-thumbnail","6":"product_cat-ksiazki","7":"product_shipping_class-ksiazka","8":"desktop-align-left","9":"tablet-align-left","10":"mobile-align-left","12":"first","13":"instock","14":"taxable","15":"shipping-taxable","16":"purchasable","17":"product-type-simple"},"acf":[],"yoast_head":"<!-- This site is optimized with the Yoast SEO plugin v27.2 - https:\/\/yoast.com\/product\/yoast-seo-wordpress\/ -->\n<title>Ksi\u0105\u017cka Technika Uwalniania\u2028 David R. Hawkins JOGA PI\u0118KNA | Joga Twarzy<\/title>\n<meta name=\"description\" content=\"Dzi\u0119ki ksi\u0105\u017cce Technika Uwalniania do\u015bwiadczysz wolno\u015bci. Poczujesz jak ci\u0119\u017car opada z Twoich bark\u00f3w, czytanie tej ksi\u0105\u017cki rozpoczyna proces uwalniania.\" \/>\n<meta name=\"robots\" content=\"index, follow, max-snippet:-1, max-image-preview:large, max-video-preview:-1\" \/>\n<link rel=\"canonical\" href=\"https:\/\/jogapiekna.com\/en\/product\/technika-uwalniania-david-r-hawkins\/\" \/>\n<meta property=\"og:locale\" content=\"en_GB\" \/>\n<meta property=\"og:type\" content=\"article\" \/>\n<meta property=\"og:title\" content=\"Ksi\u0105\u017cka Technika Uwalniania\u2028 David R. Hawkins JOGA PI\u0118KNA | Joga Twarzy\" \/>\n<meta property=\"og:description\" content=\"Dzi\u0119ki ksi\u0105\u017cce Technika Uwalniania do\u015bwiadczysz wolno\u015bci. Poczujesz jak ci\u0119\u017car opada z Twoich bark\u00f3w, czytanie tej ksi\u0105\u017cki rozpoczyna proces uwalniania.\" \/>\n<meta property=\"og:url\" content=\"https:\/\/jogapiekna.com\/en\/product\/technika-uwalniania-david-r-hawkins\/\" \/>\n<meta property=\"og:site_name\" content=\"JOGA PI\u0118KNA | Joga Twarzy\" \/>\n<meta property=\"article:publisher\" content=\"https:\/\/www.facebook.com\/JogaPieknaCom\/\" \/>\n<meta property=\"article:modified_time\" content=\"2026-03-31T16:28:32+00:00\" \/>\n<meta property=\"og:image\" content=\"https:\/\/jogapiekna.com\/wp-content\/uploads\/2019\/02\/technika-uwalniania-ksiazka-david-r-hawkins.jpg\" \/>\n\t<meta property=\"og:image:width\" content=\"1000\" \/>\n\t<meta property=\"og:image:height\" content=\"1000\" \/>\n\t<meta property=\"og:image:type\" content=\"image\/jpeg\" \/>\n<meta name=\"twitter:card\" content=\"summary_large_image\" \/>\n<meta name=\"twitter:label1\" content=\"Estimated reading time\" \/>\n\t<meta name=\"twitter:data1\" content=\"6 minutes\" \/>\n<script type=\"application\/ld+json\" class=\"yoast-schema-graph\">{\"@context\":\"https:\/\/schema.org\",\"@graph\":[{\"@type\":\"WebPage\",\"@id\":\"https:\/\/jogapiekna.com\/produkt\/technika-uwalniania-david-r-hawkins\/\",\"url\":\"https:\/\/jogapiekna.com\/produkt\/technika-uwalniania-david-r-hawkins\/\",\"name\":\"Ksi\u0105\u017cka Technika Uwalniania\\u2028 David R. Hawkins JOGA PI\u0118KNA | Joga Twarzy\",\"isPartOf\":{\"@id\":\"https:\/\/jogapiekna.com\/#website\"},\"primaryImageOfPage\":{\"@id\":\"https:\/\/jogapiekna.com\/produkt\/technika-uwalniania-david-r-hawkins\/#primaryimage\"},\"image\":{\"@id\":\"https:\/\/jogapiekna.com\/produkt\/technika-uwalniania-david-r-hawkins\/#primaryimage\"},\"thumbnailUrl\":\"https:\/\/jogapiekna.com\/wp-content\/uploads\/2019\/02\/technika-uwalniania-ksiazka-david-r-hawkins.jpg\",\"datePublished\":\"2020-06-08T22:01:13+00:00\",\"dateModified\":\"2026-03-31T16:28:32+00:00\",\"description\":\"Dzi\u0119ki ksi\u0105\u017cce Technika Uwalniania do\u015bwiadczysz wolno\u015bci. Poczujesz jak ci\u0119\u017car opada z Twoich bark\u00f3w, czytanie tej ksi\u0105\u017cki rozpoczyna proces uwalniania.\",\"breadcrumb\":{\"@id\":\"https:\/\/jogapiekna.com\/produkt\/technika-uwalniania-david-r-hawkins\/#breadcrumb\"},\"inLanguage\":\"en-GB\",\"potentialAction\":[{\"@type\":\"ReadAction\",\"target\":[\"https:\/\/jogapiekna.com\/produkt\/technika-uwalniania-david-r-hawkins\/\"]}]},{\"@type\":\"ImageObject\",\"inLanguage\":\"en-GB\",\"@id\":\"https:\/\/jogapiekna.com\/produkt\/technika-uwalniania-david-r-hawkins\/#primaryimage\",\"url\":\"https:\/\/jogapiekna.com\/wp-content\/uploads\/2019\/02\/technika-uwalniania-ksiazka-david-r-hawkins.jpg\",\"contentUrl\":\"https:\/\/jogapiekna.com\/wp-content\/uploads\/2019\/02\/technika-uwalniania-ksiazka-david-r-hawkins.jpg\",\"width\":1000,\"height\":1000,\"caption\":\"Ksi\u0105\u017cka Technika Uwalniania\\u2028 David R. Hawkins\"},{\"@type\":\"BreadcrumbList\",\"@id\":\"https:\/\/jogapiekna.com\/produkt\/technika-uwalniania-david-r-hawkins\/#breadcrumb\",\"itemListElement\":[{\"@type\":\"ListItem\",\"position\":1,\"name\":\"Strona g\u0142\u00f3wna\",\"item\":\"https:\/\/jogapiekna.com\/\"},{\"@type\":\"ListItem\",\"position\":2,\"name\":\"Sklep\",\"item\":\"https:\/\/jogapiekna.com\/sklep\/\"},{\"@type\":\"ListItem\",\"position\":3,\"name\":\"Ksi\u0105\u017cka Technika Uwalniania\\u2028 David R. Hawkins\"}]},{\"@type\":\"WebSite\",\"@id\":\"https:\/\/jogapiekna.com\/#website\",\"url\":\"https:\/\/jogapiekna.com\/\",\"name\":\"Joga Pi\u0119kna Marta Kuci\u0144ska\",\"description\":\"Joga Pi\u0119kna pomaga kobietom zachowa\u0107 urod\u0119, cofn\u0105\u0107 oznaki up\u0142ywaj\u0105cego czasu i zm\u0119czenia, odzyska\u0107 promienny wygl\u0105d, naturalny u\u015bmiech i popraw\u0119 w\u0142asnej samooceny.\",\"publisher\":{\"@id\":\"https:\/\/jogapiekna.com\/#organization\"},\"potentialAction\":[{\"@type\":\"SearchAction\",\"target\":{\"@type\":\"EntryPoint\",\"urlTemplate\":\"https:\/\/jogapiekna.com\/?s={search_term_string}\"},\"query-input\":{\"@type\":\"PropertyValueSpecification\",\"valueRequired\":true,\"valueName\":\"search_term_string\"}}],\"inLanguage\":\"en-GB\"},{\"@type\":\"Organization\",\"@id\":\"https:\/\/jogapiekna.com\/#organization\",\"name\":\"Joga Pi\u0119kna Marta Kuci\u0144ska\",\"url\":\"https:\/\/jogapiekna.com\/\",\"logo\":{\"@type\":\"ImageObject\",\"inLanguage\":\"en-GB\",\"@id\":\"https:\/\/jogapiekna.com\/#\/schema\/logo\/image\/\",\"url\":\"https:\/\/jogapiekna.com\/wp-content\/uploads\/2022\/09\/joga-piekna-logo_Rka.png\",\"contentUrl\":\"https:\/\/jogapiekna.com\/wp-content\/uploads\/2022\/09\/joga-piekna-logo_Rka.png\",\"width\":231,\"height\":124,\"caption\":\"Joga Pi\u0119kna Marta Kuci\u0144ska\"},\"image\":{\"@id\":\"https:\/\/jogapiekna.com\/#\/schema\/logo\/image\/\"},\"sameAs\":[\"https:\/\/www.facebook.com\/JogaPieknaCom\/\",\"https:\/\/www.instagram.com\/jogapieknacom\/\"]}]}<\/script>\n<!-- \/ Yoast SEO plugin. -->","yoast_head_json":{"title":"Ksi\u0105\u017cka Technika Uwalniania\u2028 David R. Hawkins JOGA PI\u0118KNA | Joga Twarzy","description":"Dzi\u0119ki ksi\u0105\u017cce Technika Uwalniania do\u015bwiadczysz wolno\u015bci. Poczujesz jak ci\u0119\u017car opada z Twoich bark\u00f3w, czytanie tej ksi\u0105\u017cki rozpoczyna proces uwalniania.","robots":{"index":"index","follow":"follow","max-snippet":"max-snippet:-1","max-image-preview":"max-image-preview:large","max-video-preview":"max-video-preview:-1"},"canonical":"https:\/\/jogapiekna.com\/en\/product\/technika-uwalniania-david-r-hawkins\/","og_locale":"en_GB","og_type":"article","og_title":"Ksi\u0105\u017cka Technika Uwalniania\u2028 David R. Hawkins JOGA PI\u0118KNA | Joga Twarzy","og_description":"Dzi\u0119ki ksi\u0105\u017cce Technika Uwalniania do\u015bwiadczysz wolno\u015bci. Poczujesz jak ci\u0119\u017car opada z Twoich bark\u00f3w, czytanie tej ksi\u0105\u017cki rozpoczyna proces uwalniania.","og_url":"https:\/\/jogapiekna.com\/en\/product\/technika-uwalniania-david-r-hawkins\/","og_site_name":"JOGA PI\u0118KNA | Joga Twarzy","article_publisher":"https:\/\/www.facebook.com\/JogaPieknaCom\/","article_modified_time":"2026-03-31T16:28:32+00:00","og_image":[{"width":1000,"height":1000,"url":"https:\/\/jogapiekna.com\/wp-content\/uploads\/2019\/02\/technika-uwalniania-ksiazka-david-r-hawkins.jpg","type":"image\/jpeg"}],"twitter_card":"summary_large_image","twitter_misc":{"Estimated reading time":"6 minutes"},"schema":{"@context":"https:\/\/schema.org","@graph":[{"@type":"WebPage","@id":"https:\/\/jogapiekna.com\/produkt\/technika-uwalniania-david-r-hawkins\/","url":"https:\/\/jogapiekna.com\/produkt\/technika-uwalniania-david-r-hawkins\/","name":"Ksi\u0105\u017cka Technika Uwalniania\u2028 David R. Hawkins JOGA PI\u0118KNA | Joga Twarzy","isPartOf":{"@id":"https:\/\/jogapiekna.com\/#website"},"primaryImageOfPage":{"@id":"https:\/\/jogapiekna.com\/produkt\/technika-uwalniania-david-r-hawkins\/#primaryimage"},"image":{"@id":"https:\/\/jogapiekna.com\/produkt\/technika-uwalniania-david-r-hawkins\/#primaryimage"},"thumbnailUrl":"https:\/\/jogapiekna.com\/wp-content\/uploads\/2019\/02\/technika-uwalniania-ksiazka-david-r-hawkins.jpg","datePublished":"2020-06-08T22:01:13+00:00","dateModified":"2026-03-31T16:28:32+00:00","description":"Dzi\u0119ki ksi\u0105\u017cce Technika Uwalniania do\u015bwiadczysz wolno\u015bci. Poczujesz jak ci\u0119\u017car opada z Twoich bark\u00f3w, czytanie tej ksi\u0105\u017cki rozpoczyna proces uwalniania.","breadcrumb":{"@id":"https:\/\/jogapiekna.com\/produkt\/technika-uwalniania-david-r-hawkins\/#breadcrumb"},"inLanguage":"en-GB","potentialAction":[{"@type":"ReadAction","target":["https:\/\/jogapiekna.com\/produkt\/technika-uwalniania-david-r-hawkins\/"]}]},{"@type":"ImageObject","inLanguage":"en-GB","@id":"https:\/\/jogapiekna.com\/produkt\/technika-uwalniania-david-r-hawkins\/#primaryimage","url":"https:\/\/jogapiekna.com\/wp-content\/uploads\/2019\/02\/technika-uwalniania-ksiazka-david-r-hawkins.jpg","contentUrl":"https:\/\/jogapiekna.com\/wp-content\/uploads\/2019\/02\/technika-uwalniania-ksiazka-david-r-hawkins.jpg","width":1000,"height":1000,"caption":"Ksi\u0105\u017cka Technika Uwalniania\u2028 David R. Hawkins"},{"@type":"BreadcrumbList","@id":"https:\/\/jogapiekna.com\/produkt\/technika-uwalniania-david-r-hawkins\/#breadcrumb","itemListElement":[{"@type":"ListItem","position":1,"name":"Strona g\u0142\u00f3wna","item":"https:\/\/jogapiekna.com\/"},{"@type":"ListItem","position":2,"name":"Sklep","item":"https:\/\/jogapiekna.com\/sklep\/"},{"@type":"ListItem","position":3,"name":"Ksi\u0105\u017cka Technika Uwalniania\u2028 David R. Hawkins"}]},{"@type":"WebSite","@id":"https:\/\/jogapiekna.com\/#website","url":"https:\/\/jogapiekna.com\/","name":"Yoga Beauty Marta Kuci\u0144ska","description":"Beauty Yoga helps women to maintain their beauty, reverse the signs of passing time and fatigue, regain a radiant appearance, natural smile and improve their self-esteem.","publisher":{"@id":"https:\/\/jogapiekna.com\/#organization"},"potentialAction":[{"@type":"SearchAction","target":{"@type":"EntryPoint","urlTemplate":"https:\/\/jogapiekna.com\/?s={search_term_string}"},"query-input":{"@type":"PropertyValueSpecification","valueRequired":true,"valueName":"search_term_string"}}],"inLanguage":"en-GB"},{"@type":"Organization","@id":"https:\/\/jogapiekna.com\/#organization","name":"Yoga Beauty Marta Kuci\u0144ska","url":"https:\/\/jogapiekna.com\/","logo":{"@type":"ImageObject","inLanguage":"en-GB","@id":"https:\/\/jogapiekna.com\/#\/schema\/logo\/image\/","url":"https:\/\/jogapiekna.com\/wp-content\/uploads\/2022\/09\/joga-piekna-logo_Rka.png","contentUrl":"https:\/\/jogapiekna.com\/wp-content\/uploads\/2022\/09\/joga-piekna-logo_Rka.png","width":231,"height":124,"caption":"Joga Pi\u0119kna Marta Kuci\u0144ska"},"image":{"@id":"https:\/\/jogapiekna.com\/#\/schema\/logo\/image\/"},"sameAs":["https:\/\/www.facebook.com\/JogaPieknaCom\/","https:\/\/www.instagram.com\/jogapieknacom\/"]}]}},"_links":{"self":[{"href":"https:\/\/jogapiekna.com\/en\/wp-json\/wp\/v2\/product\/28877","targetHints":{"allow":["GET"]}}],"collection":[{"href":"https:\/\/jogapiekna.com\/en\/wp-json\/wp\/v2\/product"}],"about":[{"href":"https:\/\/jogapiekna.com\/en\/wp-json\/wp\/v2\/types\/product"}],"replies":[{"embeddable":true,"href":"https:\/\/jogapiekna.com\/en\/wp-json\/wp\/v2\/comments?post=28877"}],"version-history":[{"count":3,"href":"https:\/\/jogapiekna.com\/en\/wp-json\/wp\/v2\/product\/28877\/revisions"}],"predecessor-version":[{"id":216199,"href":"https:\/\/jogapiekna.com\/en\/wp-json\/wp\/v2\/product\/28877\/revisions\/216199"}],"wp:featuredmedia":[{"embeddable":true,"href":"https:\/\/jogapiekna.com\/en\/wp-json\/wp\/v2\/media\/94723"}],"wp:attachment":[{"href":"https:\/\/jogapiekna.com\/en\/wp-json\/wp\/v2\/media?parent=28877"}],"wp:term":[{"taxonomy":"product_brand","embeddable":true,"href":"https:\/\/jogapiekna.com\/en\/wp-json\/wp\/v2\/product_brand?post=28877"},{"taxonomy":"product_cat","embeddable":true,"href":"https:\/\/jogapiekna.com\/en\/wp-json\/wp\/v2\/product_cat?post=28877"},{"taxonomy":"product_tag","embeddable":true,"href":"https:\/\/jogapiekna.com\/en\/wp-json\/wp\/v2\/product_tag?post=28877"}],"curies":[{"name":"wp","href":"https:\/\/api.w.org\/{rel}","templated":true}]}}