{"id":28965,"date":"2020-06-12T13:01:45","date_gmt":"2020-06-12T11:01:45","guid":{"rendered":"https:\/\/jogapiekna.com\/?post_type=product&#038;p=28965"},"modified":"2026-04-12T12:48:25","modified_gmt":"2026-04-12T10:48:25","slug":"tasma-do-kinesiotapingu-twarzy-i-szyi-kinesio-tex-gold","status":"publish","type":"product","link":"https:\/\/jogapiekna.com\/en\/product\/tasma-do-kinesiotapingu-twarzy-i-szyi-kinesio-tex-gold\/","title":{"rendered":"Kinesio \u00ae TexGold Face Mapping Tape"},"content":{"rendered":"<p><strong>Kinesio \u00ae Tex Gold tape is one of the best tapes for kinesiotaping. It is ideal for taping the face and neck as a form of complementing facial rejuvenation techniques such as facial yoga and facial massage. It can be used to reduce facial wrinkles, improve facial oval and remove swelling of the face and neck.<\/strong><\/p>\n<p>Dr Kenzo Kase decided to create a new version of his legendary product. The new Kinesio \u00ae Tex Gold tape incorporates the revolutionary Finger Print technology, which imitates the fingerprint of human skin. The adhesion, adhesive as well as the thickness of the patch has been improved. This makes it the finest product created by Dr. Kenzo Kase. Plus, it is patented worldwide to protect the innovation of Kinesio\u00ae products.<\/p>\n<p>Over 35 years of research, development and use of Kinesio\u00ae Tex Gold tapes in manual therapy. Our tape has a unique wavy shape and has become the standard in the field of therapeutic taping using elastic tapes.<\/p>\n<h2>Facial kinesiotaping - the best Kinesio\u00ae Tex Gold tapes<\/h2>\n<p>Kinesio\u00ae Tex Gold provides a non-invasive and effective method of re-educating the neuromuscular system while improving blood and lymph circulation, soothing pain and providing the comfort and stabilisation required for patient therapy. Finger Print technology has been mapped to human fingerprints and the adhesive has been patented on this basis.<\/p>\n<p>Kinesio\u00ae Tex Gold - 5cm x 5m is the most versatile size. The 5cm width fits perfectly for a patient of average size. It can easily be used for all four of the most popular kinesiotaping modalities (I-shaped, Y-shaped, X-shaped, Fan-shaped).<\/p>\n<p>Available in two colours: beige and pink.<\/p>\n<p>Watch the video to find out which tape to choose for aesthetic kinesiotaping of the face.<\/p>\n<p><iframe title=\"YouTube video player\" src=\"https:\/\/www.youtube.com\/embed\/7ixJzLuXMGE\" width=\"800\" height=\"450\" frameborder=\"0\" allowfullscreen=\"allowfullscreen\"><\/iframe><\/p>\n<p>&nbsp;<\/p>\n<h2><strong> Online course of aesthetic Kinesiotaping with beauty yoga <\/strong><\/h2>\n<p>Do you want to use kinesioptaping at home? My name is Marta Kuci\u0144ska and I specialise in natural rejuvenation. I am a biologist by training, a third degree ayurveda consultant and a certified facial yoga teacher.<\/p>\n<p>Join the online course: <a href=\"https:\/\/jogapiekna.com\/en\/product\/kinesiotaping-estetyczny-z-joga-piekna-kurs-online\/\" target=\"_blank\" rel=\"noopener\">Aesthetic kinesiotaping with beauty yoga<\/a>to learn how to apply taping correctly and safely. You will learn about the 16 applications of taping to the face, neck and d\u00e9collet\u00e9.<\/p>","protected":false},"excerpt":{"rendered":"<p>Kinesio\u00ae Tex Gold tape is one of the best kinesiotaping tapes.<\/p>","protected":false},"featured_media":94032,"comment_status":"closed","ping_status":"closed","template":"","meta":{"_acf_changed":false,"site-sidebar-layout":"default","site-content-layout":"","ast-site-content-layout":"default","site-content-style":"default","site-sidebar-style":"default","ast-global-header-display":"","ast-banner-title-visibility":"","ast-main-header-display":"","ast-hfb-above-header-display":"","ast-hfb-below-header-display":"","ast-hfb-mobile-header-display":"","site-post-title":"","ast-breadcrumbs-content":"","ast-featured-img":"","footer-sml-layout":"","ast-disable-related-posts":"","theme-transparent-header-meta":"","adv-header-id-meta":"","stick-header-meta":"","header-above-stick-meta":"","header-main-stick-meta":"","header-below-stick-meta":"","astra-migrate-meta-layouts":"default","ast-page-background-enabled":"default","ast-page-background-meta":{"desktop":{"background-color":"var(--ast-global-color-5)","background-image":"","background-repeat":"repeat","background-position":"center center","background-size":"auto","background-attachment":"scroll","background-type":"","background-media":"","overlay-type":"","overlay-color":"","overlay-opacity":"","overlay-gradient":""},"tablet":{"background-color":"","background-image":"","background-repeat":"repeat","background-position":"center center","background-size":"auto","background-attachment":"scroll","background-type":"","background-media":"","overlay-type":"","overlay-color":"","overlay-opacity":"","overlay-gradient":""},"mobile":{"background-color":"","background-image":"","background-repeat":"repeat","background-position":"center center","background-size":"auto","background-attachment":"scroll","background-type":"","background-media":"","overlay-type":"","overlay-color":"","overlay-opacity":"","overlay-gradient":""}},"ast-content-background-meta":{"desktop":{"background-color":"var(--ast-global-color-4)","background-image":"","background-repeat":"repeat","background-position":"center center","background-size":"auto","background-attachment":"scroll","background-type":"","background-media":"","overlay-type":"","overlay-color":"","overlay-opacity":"","overlay-gradient":""},"tablet":{"background-color":"var(--ast-global-color-4)","background-image":"","background-repeat":"repeat","background-position":"center center","background-size":"auto","background-attachment":"scroll","background-type":"","background-media":"","overlay-type":"","overlay-color":"","overlay-opacity":"","overlay-gradient":""},"mobile":{"background-color":"var(--ast-global-color-4)","background-image":"","background-repeat":"repeat","background-position":"center center","background-size":"auto","background-attachment":"scroll","background-type":"","background-media":"","overlay-type":"","overlay-color":"","overlay-opacity":"","overlay-gradient":""}}},"product_brand":[],"product_cat":[21,621],"product_tag":[235,234],"class_list":{"0":"post-28965","1":"product","2":"type-product","3":"status-publish","4":"has-post-thumbnail","6":"product_cat-akcesoria","7":"product_cat-kinesiotaping-estetyczny","8":"product_tag-kinesiotaping","9":"product_tag-tasma","10":"desktop-align-left","11":"tablet-align-left","12":"mobile-align-left","14":"first","15":"instock","16":"featured","17":"taxable","18":"shipping-taxable","19":"purchasable","20":"product-type-variable","21":"has-default-attributes"},"acf":[],"yoast_head":"<!-- This site is optimized with the Yoast SEO plugin v27.4 - https:\/\/yoast.com\/product\/yoast-seo-wordpress\/ -->\n<title>Ta\u015bma do kinesiotapingu limfatycznego twarzy Kinesio\u00ae TexGold |<\/title>\n<meta name=\"description\" content=\"Kinesio\u00aeTex Gold to jedna z najlepszych ta\u015bm do kinesiotapingu czyli plastry do tapingu twarzy, dzi\u0119ki kt\u00f3rym zmniejszysz zmarszczki mimiczne\" \/>\n<meta name=\"robots\" content=\"index, follow, max-snippet:-1, max-image-preview:large, max-video-preview:-1\" \/>\n<link rel=\"canonical\" href=\"https:\/\/jogapiekna.com\/en\/product\/tasma-do-kinesiotapingu-twarzy-i-szyi-kinesio-tex-gold\/\" \/>\n<meta property=\"og:locale\" content=\"en_GB\" \/>\n<meta property=\"og:type\" content=\"article\" \/>\n<meta property=\"og:title\" content=\"Ta\u015bma do kinesiotapingu limfatycznego twarzy Kinesio\u00ae TexGold |\" \/>\n<meta property=\"og:description\" content=\"Kinesio\u00aeTex Gold to jedna z najlepszych ta\u015bm do kinesiotapingu czyli plastry do tapingu twarzy, dzi\u0119ki kt\u00f3rym zmniejszysz zmarszczki mimiczne\" \/>\n<meta property=\"og:url\" content=\"https:\/\/jogapiekna.com\/en\/product\/tasma-do-kinesiotapingu-twarzy-i-szyi-kinesio-tex-gold\/\" \/>\n<meta property=\"og:site_name\" content=\"JOGA PI\u0118KNA | Joga Twarzy\" \/>\n<meta property=\"article:publisher\" content=\"https:\/\/www.facebook.com\/JogaPieknaCom\/\" \/>\n<meta property=\"article:modified_time\" content=\"2026-04-12T10:48:25+00:00\" \/>\n<meta property=\"og:image\" content=\"https:\/\/jogapiekna.com\/wp-content\/uploads\/2020\/06\/Tasma-do-kinesiotapingu-twarzy-Kinesio-TexGold_czerwona-bezowa-czarna.jpg\" \/>\n\t<meta property=\"og:image:width\" content=\"1000\" \/>\n\t<meta property=\"og:image:height\" content=\"1000\" \/>\n\t<meta property=\"og:image:type\" content=\"image\/jpeg\" \/>\n<meta name=\"twitter:card\" content=\"summary_large_image\" \/>\n<meta name=\"twitter:label1\" content=\"Estimated reading time\" \/>\n\t<meta name=\"twitter:data1\" content=\"3 minutes\" \/>\n<script type=\"application\/ld+json\" class=\"yoast-schema-graph\">{\"@context\":\"https:\\\/\\\/schema.org\",\"@graph\":[{\"@type\":\"WebPage\",\"@id\":\"https:\\\/\\\/jogapiekna.com\\\/produkt\\\/tasma-do-kinesiotapingu-twarzy-i-szyi-kinesio-tex-gold\\\/\",\"url\":\"https:\\\/\\\/jogapiekna.com\\\/produkt\\\/tasma-do-kinesiotapingu-twarzy-i-szyi-kinesio-tex-gold\\\/\",\"name\":\"Ta\u015bma do kinesiotapingu limfatycznego twarzy Kinesio\u00ae TexGold |\",\"isPartOf\":{\"@id\":\"https:\\\/\\\/jogapiekna.com\\\/#website\"},\"primaryImageOfPage\":{\"@id\":\"https:\\\/\\\/jogapiekna.com\\\/produkt\\\/tasma-do-kinesiotapingu-twarzy-i-szyi-kinesio-tex-gold\\\/#primaryimage\"},\"image\":{\"@id\":\"https:\\\/\\\/jogapiekna.com\\\/produkt\\\/tasma-do-kinesiotapingu-twarzy-i-szyi-kinesio-tex-gold\\\/#primaryimage\"},\"thumbnailUrl\":\"https:\\\/\\\/jogapiekna.com\\\/wp-content\\\/uploads\\\/2020\\\/06\\\/Tasma-do-kinesiotapingu-twarzy-Kinesio-TexGold_czerwona-bezowa-czarna.jpg\",\"datePublished\":\"2020-06-12T11:01:45+00:00\",\"dateModified\":\"2026-04-12T10:48:25+00:00\",\"description\":\"Kinesio\u00aeTex Gold to jedna z najlepszych ta\u015bm do kinesiotapingu czyli plastry do tapingu twarzy, dzi\u0119ki kt\u00f3rym zmniejszysz zmarszczki mimiczne\",\"breadcrumb\":{\"@id\":\"https:\\\/\\\/jogapiekna.com\\\/produkt\\\/tasma-do-kinesiotapingu-twarzy-i-szyi-kinesio-tex-gold\\\/#breadcrumb\"},\"inLanguage\":\"en-GB\",\"potentialAction\":[{\"@type\":\"ReadAction\",\"target\":[\"https:\\\/\\\/jogapiekna.com\\\/produkt\\\/tasma-do-kinesiotapingu-twarzy-i-szyi-kinesio-tex-gold\\\/\"]}]},{\"@type\":\"ImageObject\",\"inLanguage\":\"en-GB\",\"@id\":\"https:\\\/\\\/jogapiekna.com\\\/produkt\\\/tasma-do-kinesiotapingu-twarzy-i-szyi-kinesio-tex-gold\\\/#primaryimage\",\"url\":\"https:\\\/\\\/jogapiekna.com\\\/wp-content\\\/uploads\\\/2020\\\/06\\\/Tasma-do-kinesiotapingu-twarzy-Kinesio-TexGold_czerwona-bezowa-czarna.jpg\",\"contentUrl\":\"https:\\\/\\\/jogapiekna.com\\\/wp-content\\\/uploads\\\/2020\\\/06\\\/Tasma-do-kinesiotapingu-twarzy-Kinesio-TexGold_czerwona-bezowa-czarna.jpg\",\"width\":1000,\"height\":1000,\"caption\":\"Ta\u015bma do kinesiotapingu \\u2028twarzy Kinesio\u00ae TexGold\"},{\"@type\":\"BreadcrumbList\",\"@id\":\"https:\\\/\\\/jogapiekna.com\\\/produkt\\\/tasma-do-kinesiotapingu-twarzy-i-szyi-kinesio-tex-gold\\\/#breadcrumb\",\"itemListElement\":[{\"@type\":\"ListItem\",\"position\":1,\"name\":\"Strona g\u0142\u00f3wna\",\"item\":\"https:\\\/\\\/jogapiekna.com\\\/\"},{\"@type\":\"ListItem\",\"position\":2,\"name\":\"Sklep\",\"item\":\"https:\\\/\\\/jogapiekna.com\\\/sklep\\\/\"},{\"@type\":\"ListItem\",\"position\":3,\"name\":\"Ta\u015bma do kinesiotapingu limfatycznego twarzy Kinesio\u00ae TexGold\"}]},{\"@type\":\"WebSite\",\"@id\":\"https:\\\/\\\/jogapiekna.com\\\/#website\",\"url\":\"https:\\\/\\\/jogapiekna.com\\\/\",\"name\":\"Joga Pi\u0119kna Marta Kuci\u0144ska\",\"description\":\"Joga Pi\u0119kna pomaga kobietom zachowa\u0107 urod\u0119, cofn\u0105\u0107 oznaki up\u0142ywaj\u0105cego czasu i zm\u0119czenia, odzyska\u0107 promienny wygl\u0105d, naturalny u\u015bmiech i popraw\u0119 w\u0142asnej samooceny.\",\"publisher\":{\"@id\":\"https:\\\/\\\/jogapiekna.com\\\/#organization\"},\"potentialAction\":[{\"@type\":\"SearchAction\",\"target\":{\"@type\":\"EntryPoint\",\"urlTemplate\":\"https:\\\/\\\/jogapiekna.com\\\/?s={search_term_string}\"},\"query-input\":{\"@type\":\"PropertyValueSpecification\",\"valueRequired\":true,\"valueName\":\"search_term_string\"}}],\"inLanguage\":\"en-GB\"},{\"@type\":\"Organization\",\"@id\":\"https:\\\/\\\/jogapiekna.com\\\/#organization\",\"name\":\"Joga Pi\u0119kna Marta Kuci\u0144ska\",\"url\":\"https:\\\/\\\/jogapiekna.com\\\/\",\"logo\":{\"@type\":\"ImageObject\",\"inLanguage\":\"en-GB\",\"@id\":\"https:\\\/\\\/jogapiekna.com\\\/#\\\/schema\\\/logo\\\/image\\\/\",\"url\":\"https:\\\/\\\/jogapiekna.com\\\/wp-content\\\/uploads\\\/2022\\\/09\\\/joga-piekna-logo_Rka.png\",\"contentUrl\":\"https:\\\/\\\/jogapiekna.com\\\/wp-content\\\/uploads\\\/2022\\\/09\\\/joga-piekna-logo_Rka.png\",\"width\":231,\"height\":124,\"caption\":\"Joga Pi\u0119kna Marta Kuci\u0144ska\"},\"image\":{\"@id\":\"https:\\\/\\\/jogapiekna.com\\\/#\\\/schema\\\/logo\\\/image\\\/\"},\"sameAs\":[\"https:\\\/\\\/www.facebook.com\\\/JogaPieknaCom\\\/\",\"https:\\\/\\\/www.instagram.com\\\/jogapieknacom\\\/\"]}]}<\/script>\n<!-- \/ Yoast SEO plugin. -->","yoast_head_json":{"title":"Ta\u015bma do kinesiotapingu limfatycznego twarzy Kinesio\u00ae TexGold |","description":"Kinesio\u00aeTex Gold to jedna z najlepszych ta\u015bm do kinesiotapingu czyli plastry do tapingu twarzy, dzi\u0119ki kt\u00f3rym zmniejszysz zmarszczki mimiczne","robots":{"index":"index","follow":"follow","max-snippet":"max-snippet:-1","max-image-preview":"max-image-preview:large","max-video-preview":"max-video-preview:-1"},"canonical":"https:\/\/jogapiekna.com\/en\/product\/tasma-do-kinesiotapingu-twarzy-i-szyi-kinesio-tex-gold\/","og_locale":"en_GB","og_type":"article","og_title":"Ta\u015bma do kinesiotapingu limfatycznego twarzy Kinesio\u00ae TexGold |","og_description":"Kinesio\u00aeTex Gold to jedna z najlepszych ta\u015bm do kinesiotapingu czyli plastry do tapingu twarzy, dzi\u0119ki kt\u00f3rym zmniejszysz zmarszczki mimiczne","og_url":"https:\/\/jogapiekna.com\/en\/product\/tasma-do-kinesiotapingu-twarzy-i-szyi-kinesio-tex-gold\/","og_site_name":"JOGA PI\u0118KNA | Joga Twarzy","article_publisher":"https:\/\/www.facebook.com\/JogaPieknaCom\/","article_modified_time":"2026-04-12T10:48:25+00:00","og_image":[{"width":1000,"height":1000,"url":"https:\/\/jogapiekna.com\/wp-content\/uploads\/2020\/06\/Tasma-do-kinesiotapingu-twarzy-Kinesio-TexGold_czerwona-bezowa-czarna.jpg","type":"image\/jpeg"}],"twitter_card":"summary_large_image","twitter_misc":{"Estimated reading time":"3 minutes"},"schema":{"@context":"https:\/\/schema.org","@graph":[{"@type":"WebPage","@id":"https:\/\/jogapiekna.com\/produkt\/tasma-do-kinesiotapingu-twarzy-i-szyi-kinesio-tex-gold\/","url":"https:\/\/jogapiekna.com\/produkt\/tasma-do-kinesiotapingu-twarzy-i-szyi-kinesio-tex-gold\/","name":"Ta\u015bma do kinesiotapingu limfatycznego twarzy Kinesio\u00ae TexGold |","isPartOf":{"@id":"https:\/\/jogapiekna.com\/#website"},"primaryImageOfPage":{"@id":"https:\/\/jogapiekna.com\/produkt\/tasma-do-kinesiotapingu-twarzy-i-szyi-kinesio-tex-gold\/#primaryimage"},"image":{"@id":"https:\/\/jogapiekna.com\/produkt\/tasma-do-kinesiotapingu-twarzy-i-szyi-kinesio-tex-gold\/#primaryimage"},"thumbnailUrl":"https:\/\/jogapiekna.com\/wp-content\/uploads\/2020\/06\/Tasma-do-kinesiotapingu-twarzy-Kinesio-TexGold_czerwona-bezowa-czarna.jpg","datePublished":"2020-06-12T11:01:45+00:00","dateModified":"2026-04-12T10:48:25+00:00","description":"Kinesio\u00aeTex Gold to jedna z najlepszych ta\u015bm do kinesiotapingu czyli plastry do tapingu twarzy, dzi\u0119ki kt\u00f3rym zmniejszysz zmarszczki mimiczne","breadcrumb":{"@id":"https:\/\/jogapiekna.com\/produkt\/tasma-do-kinesiotapingu-twarzy-i-szyi-kinesio-tex-gold\/#breadcrumb"},"inLanguage":"en-GB","potentialAction":[{"@type":"ReadAction","target":["https:\/\/jogapiekna.com\/produkt\/tasma-do-kinesiotapingu-twarzy-i-szyi-kinesio-tex-gold\/"]}]},{"@type":"ImageObject","inLanguage":"en-GB","@id":"https:\/\/jogapiekna.com\/produkt\/tasma-do-kinesiotapingu-twarzy-i-szyi-kinesio-tex-gold\/#primaryimage","url":"https:\/\/jogapiekna.com\/wp-content\/uploads\/2020\/06\/Tasma-do-kinesiotapingu-twarzy-Kinesio-TexGold_czerwona-bezowa-czarna.jpg","contentUrl":"https:\/\/jogapiekna.com\/wp-content\/uploads\/2020\/06\/Tasma-do-kinesiotapingu-twarzy-Kinesio-TexGold_czerwona-bezowa-czarna.jpg","width":1000,"height":1000,"caption":"Ta\u015bma do kinesiotapingu \u2028twarzy Kinesio\u00ae TexGold"},{"@type":"BreadcrumbList","@id":"https:\/\/jogapiekna.com\/produkt\/tasma-do-kinesiotapingu-twarzy-i-szyi-kinesio-tex-gold\/#breadcrumb","itemListElement":[{"@type":"ListItem","position":1,"name":"Strona g\u0142\u00f3wna","item":"https:\/\/jogapiekna.com\/"},{"@type":"ListItem","position":2,"name":"Sklep","item":"https:\/\/jogapiekna.com\/sklep\/"},{"@type":"ListItem","position":3,"name":"Ta\u015bma do kinesiotapingu limfatycznego twarzy Kinesio\u00ae TexGold"}]},{"@type":"WebSite","@id":"https:\/\/jogapiekna.com\/#website","url":"https:\/\/jogapiekna.com\/","name":"Yoga Beauty Marta Kuci\u0144ska","description":"Beauty Yoga helps women to maintain their beauty, reverse the signs of passing time and fatigue, regain a radiant appearance, natural smile and improve their self-esteem.","publisher":{"@id":"https:\/\/jogapiekna.com\/#organization"},"potentialAction":[{"@type":"SearchAction","target":{"@type":"EntryPoint","urlTemplate":"https:\/\/jogapiekna.com\/?s={search_term_string}"},"query-input":{"@type":"PropertyValueSpecification","valueRequired":true,"valueName":"search_term_string"}}],"inLanguage":"en-GB"},{"@type":"Organization","@id":"https:\/\/jogapiekna.com\/#organization","name":"Yoga Beauty Marta Kuci\u0144ska","url":"https:\/\/jogapiekna.com\/","logo":{"@type":"ImageObject","inLanguage":"en-GB","@id":"https:\/\/jogapiekna.com\/#\/schema\/logo\/image\/","url":"https:\/\/jogapiekna.com\/wp-content\/uploads\/2022\/09\/joga-piekna-logo_Rka.png","contentUrl":"https:\/\/jogapiekna.com\/wp-content\/uploads\/2022\/09\/joga-piekna-logo_Rka.png","width":231,"height":124,"caption":"Joga Pi\u0119kna Marta Kuci\u0144ska"},"image":{"@id":"https:\/\/jogapiekna.com\/#\/schema\/logo\/image\/"},"sameAs":["https:\/\/www.facebook.com\/JogaPieknaCom\/","https:\/\/www.instagram.com\/jogapieknacom\/"]}]}},"_links":{"self":[{"href":"https:\/\/jogapiekna.com\/en\/wp-json\/wp\/v2\/product\/28965","targetHints":{"allow":["GET"]}}],"collection":[{"href":"https:\/\/jogapiekna.com\/en\/wp-json\/wp\/v2\/product"}],"about":[{"href":"https:\/\/jogapiekna.com\/en\/wp-json\/wp\/v2\/types\/product"}],"replies":[{"embeddable":true,"href":"https:\/\/jogapiekna.com\/en\/wp-json\/wp\/v2\/comments?post=28965"}],"version-history":[{"count":4,"href":"https:\/\/jogapiekna.com\/en\/wp-json\/wp\/v2\/product\/28965\/revisions"}],"predecessor-version":[{"id":106314,"href":"https:\/\/jogapiekna.com\/en\/wp-json\/wp\/v2\/product\/28965\/revisions\/106314"}],"wp:featuredmedia":[{"embeddable":true,"href":"https:\/\/jogapiekna.com\/en\/wp-json\/wp\/v2\/media\/94032"}],"wp:attachment":[{"href":"https:\/\/jogapiekna.com\/en\/wp-json\/wp\/v2\/media?parent=28965"}],"wp:term":[{"taxonomy":"product_brand","embeddable":true,"href":"https:\/\/jogapiekna.com\/en\/wp-json\/wp\/v2\/product_brand?post=28965"},{"taxonomy":"product_cat","embeddable":true,"href":"https:\/\/jogapiekna.com\/en\/wp-json\/wp\/v2\/product_cat?post=28965"},{"taxonomy":"product_tag","embeddable":true,"href":"https:\/\/jogapiekna.com\/en\/wp-json\/wp\/v2\/product_tag?post=28965"}],"curies":[{"name":"wp","href":"https:\/\/api.w.org\/{rel}","templated":true}]}}