{"id":30195,"date":"2020-08-05T12:27:50","date_gmt":"2020-08-05T10:27:50","guid":{"rendered":"https:\/\/jogapiekna.com\/?post_type=product&#038;p=30195"},"modified":"2026-04-14T21:17:28","modified_gmt":"2026-04-14T19:17:28","slug":"masazer-3d-rozowy","status":"publish","type":"product","link":"https:\/\/jogapiekna.com\/en\/product\/masazer-3d-rozowy\/","title":{"rendered":"3D Yoga Beauty Massager for Face * Neck and Decollete * Pink"},"content":{"rendered":"<p>The rotating 3D massager facilitates intense, rejuvenating massages that are both highly effective and relaxing. Thanks to the rotating balls, you will quickly stimulate blood and lymph circulation. You will eliminate any tension from your face, which prevents wrinkles in the long term. Regular massages are the perfect complement to facial yoga exercises. They enhance the effects of the practice and reduce swelling.<\/p>\n<p>Use the rotating 3D massager on your face, jaw, d\u00e9collet\u00e9, but also on your neck and back. If you want to learn my technique for using 3D massagers, be sure to take a peek at this video tutorial:<\/p>\n<p><iframe title=\"YouTube video player\" src=\"https:\/\/www.youtube.com\/embed\/G9ylBR2c9dI\" width=\"800\" height=\"450\" frameborder=\"0\" allowfullscreen=\"allowfullscreen\"><\/iframe><\/p>\n<h4>How does the rotating 3D massager work?<\/h4>\n<ul>\n<li>stimulates collagen synthesis<\/li>\n<li>facilitates the outflow of lymph<\/li>\n<li>reduces puffiness<\/li>\n<li>strengthens the skin<\/li>\n<li>smoothes wrinkles<\/li>\n<li>improves blood circulation<\/li>\n<li>simulates the oval of the face<\/li>\n<li>reduces cheek hamsters and second chin<\/li>\n<\/ul>\n<p>&nbsp;<\/p>\n<h4>Preparing the skin for a rotational massage<\/h4>\n<p>Before starting the massage, it is necessary to thoroughly clean the skin of the face and decollete. For a massage, you can apply a small amount of serum and wait until it is completely absorbed. <strong>Attention!<\/strong> It is not recommended to use massage oils.<\/p>\n<h4>How do I use a rotating massager? Learn my technique.<\/h4>\n<p>Massage with a rotating massager with balls starts with the upper parts of the face each time, descending gradually in accordance with the direction of the arrows - Fig.1<br \/>\nA very important part of the massage is the sequential drainage of excess lymph into the main lymphatic vessels located in the clavicular region. To do this, we make a smooth movement with the 3D massager starting from the middle of the chin towards the ear along the jaw line and then draining down to the clavicle - Fig.2<br \/>\nThe massager is also suitable for small parts of the body, such as the neck or shoulders.<\/p>\n<p><img fetchpriority=\"high\" decoding=\"async\" class=\"alignleft size-full wp-image-10662\" src=\"https:\/\/jogapiekna.com\/wp-content\/uploads\/2019\/02\/masazer3D\u2013instrukcja_2.jpg\" alt=\"jak u\u017cywa\u0107 masa\u017cera 3D \u2013 instrukcja\" width=\"694\" height=\"460\" \/><\/p>\n<p>This is where you order <strong>3D massager in pink<\/strong>. You will receive a Yoga Beauty fabric bag, which will enable you to store and transport the massager conveniently. In my offer you will also find <a href=\"https:\/\/jogapiekna.com\/en\/product\/masazer-3d-joga-piekna-do-masazu-twarzy-szyi-dekoltu-zloty\/\" target=\"_blank\" rel=\"noopener\">3D massager in gold<\/a>.<\/p>\n<p>If you have additional questions or want to use <a href=\"https:\/\/jogapiekna.com\/en\/product-category\/kursy-i-konsultacje\/konsultacje-indywidualne\/\" target=\"_blank\" rel=\"noopener\">individual consultations<\/a>during which I will teach you how to perform manual facial massages - feel free to contact me.<\/p>","protected":false},"excerpt":{"rendered":"<p>Take care of your skin's firmness! Regular skin stimulation with the rotating 3D massager with two heads is a recipe for a youthful appearance and a perfectly modelled oval face, despite the passing years. The two balls rotate during the massage, increasing its intensity and ensuring excellent results.<\/p>\n<p><strong>Colour:<\/strong> pink<br \/>\n<strong>Composition:<\/strong> ABS plastic<br \/>\n<strong>Specification:<\/strong> 13.2 x 4.5 x 2.8 cm<br \/>\nThe massager is packed in a small fabric bag.<\/p>","protected":false},"featured_media":100430,"comment_status":"closed","ping_status":"closed","template":"","meta":{"_acf_changed":false,"site-sidebar-layout":"default","site-content-layout":"","ast-site-content-layout":"default","site-content-style":"default","site-sidebar-style":"default","ast-global-header-display":"","ast-banner-title-visibility":"","ast-main-header-display":"","ast-hfb-above-header-display":"","ast-hfb-below-header-display":"","ast-hfb-mobile-header-display":"","site-post-title":"","ast-breadcrumbs-content":"","ast-featured-img":"","footer-sml-layout":"","ast-disable-related-posts":"","theme-transparent-header-meta":"default","adv-header-id-meta":"","stick-header-meta":"","header-above-stick-meta":"","header-main-stick-meta":"","header-below-stick-meta":"","astra-migrate-meta-layouts":"set","ast-page-background-enabled":"default","ast-page-background-meta":{"desktop":{"background-color":"var(--ast-global-color-5)","background-image":"","background-repeat":"repeat","background-position":"center center","background-size":"auto","background-attachment":"scroll","background-type":"","background-media":"","overlay-type":"","overlay-color":"","overlay-opacity":"","overlay-gradient":""},"tablet":{"background-color":"","background-image":"","background-repeat":"repeat","background-position":"center center","background-size":"auto","background-attachment":"scroll","background-type":"","background-media":"","overlay-type":"","overlay-color":"","overlay-opacity":"","overlay-gradient":""},"mobile":{"background-color":"","background-image":"","background-repeat":"repeat","background-position":"center center","background-size":"auto","background-attachment":"scroll","background-type":"","background-media":"","overlay-type":"","overlay-color":"","overlay-opacity":"","overlay-gradient":""}},"ast-content-background-meta":{"desktop":{"background-color":"var(--ast-global-color-4)","background-image":"","background-repeat":"repeat","background-position":"center center","background-size":"auto","background-attachment":"scroll","background-type":"","background-media":"","overlay-type":"","overlay-color":"","overlay-opacity":"","overlay-gradient":""},"tablet":{"background-color":"var(--ast-global-color-4)","background-image":"","background-repeat":"repeat","background-position":"center center","background-size":"auto","background-attachment":"scroll","background-type":"","background-media":"","overlay-type":"","overlay-color":"","overlay-opacity":"","overlay-gradient":""},"mobile":{"background-color":"var(--ast-global-color-4)","background-image":"","background-repeat":"repeat","background-position":"center center","background-size":"auto","background-attachment":"scroll","background-type":"","background-media":"","overlay-type":"","overlay-color":"","overlay-opacity":"","overlay-gradient":""}}},"product_brand":[],"product_cat":[21,612],"product_tag":[41,61,60,259,256,255],"class_list":{"0":"post-30195","1":"product","2":"type-product","3":"status-publish","4":"has-post-thumbnail","6":"product_cat-akcesoria","7":"product_cat-rollery","8":"product_tag-joga-twarzy","9":"product_tag-masazer-3d","10":"product_tag-masazer-do-twarzy","11":"product_tag-odmladzanie","12":"product_tag-pielegnacja-skory","13":"product_tag-pielegnacja-twarzy","14":"desktop-align-left","15":"tablet-align-left","16":"mobile-align-left","18":"first","19":"instock","20":"taxable","21":"shipping-taxable","22":"purchasable","23":"product-type-simple"},"acf":[],"yoast_head":"<!-- This site is optimized with the Yoast SEO plugin v27.4 - https:\/\/yoast.com\/product\/yoast-seo-wordpress\/ -->\n<title>Obrotowy masa\u017cer do twarzy, podbr\u00f3dka i szyi z dwiema g\u0142owicami<\/title>\n<meta name=\"description\" content=\"Jak zwi\u0119kszy\u0107 intensywno\u015b\u0107 naturalnych masa\u017cy? Przyda Ci si\u0119 specjalne narz\u0119dzie \u2013 obrotowy masa\u017cer do twarzy z dwiema g\u0142owicami. Zobacz, jak go u\u017cywa\u0107 i zam\u00f3w online.\u00a0\" \/>\n<meta name=\"robots\" content=\"index, follow, max-snippet:-1, max-image-preview:large, max-video-preview:-1\" \/>\n<link rel=\"canonical\" href=\"https:\/\/jogapiekna.com\/en\/product\/masazer-3d-rozowy\/\" \/>\n<meta property=\"og:locale\" content=\"en_GB\" \/>\n<meta property=\"og:type\" content=\"article\" \/>\n<meta property=\"og:title\" content=\"Obrotowy masa\u017cer do twarzy, podbr\u00f3dka i szyi z dwiema g\u0142owicami\" \/>\n<meta property=\"og:description\" content=\"Jak zwi\u0119kszy\u0107 intensywno\u015b\u0107 naturalnych masa\u017cy? Przyda Ci si\u0119 specjalne narz\u0119dzie \u2013 obrotowy masa\u017cer do twarzy z dwiema g\u0142owicami. Zobacz, jak go u\u017cywa\u0107 i zam\u00f3w online.\u00a0\" \/>\n<meta property=\"og:url\" content=\"https:\/\/jogapiekna.com\/en\/product\/masazer-3d-rozowy\/\" \/>\n<meta property=\"og:site_name\" content=\"JOGA PI\u0118KNA | Joga Twarzy\" \/>\n<meta property=\"article:publisher\" content=\"https:\/\/www.facebook.com\/JogaPieknaCom\/\" \/>\n<meta property=\"article:modified_time\" content=\"2026-04-14T19:17:28+00:00\" \/>\n<meta property=\"og:image\" content=\"https:\/\/jogapiekna.com\/wp-content\/uploads\/2020\/08\/Masazer-3D-rozowa-stal-modelujacy-twarz-i-szyje_joga-piekna01.jpg\" \/>\n\t<meta property=\"og:image:width\" content=\"1000\" \/>\n\t<meta property=\"og:image:height\" content=\"1000\" \/>\n\t<meta property=\"og:image:type\" content=\"image\/jpeg\" \/>\n<meta name=\"twitter:card\" content=\"summary_large_image\" \/>\n<meta name=\"twitter:label1\" content=\"Estimated reading time\" \/>\n\t<meta name=\"twitter:data1\" content=\"3 minutes\" \/>\n<script type=\"application\/ld+json\" class=\"yoast-schema-graph\">{\"@context\":\"https:\\\/\\\/schema.org\",\"@graph\":[{\"@type\":\"WebPage\",\"@id\":\"https:\\\/\\\/jogapiekna.com\\\/produkt\\\/masazer-3d-rozowy\\\/\",\"url\":\"https:\\\/\\\/jogapiekna.com\\\/produkt\\\/masazer-3d-rozowy\\\/\",\"name\":\"Obrotowy masa\u017cer do twarzy, podbr\u00f3dka i szyi z dwiema g\u0142owicami\",\"isPartOf\":{\"@id\":\"https:\\\/\\\/jogapiekna.com\\\/#website\"},\"primaryImageOfPage\":{\"@id\":\"https:\\\/\\\/jogapiekna.com\\\/produkt\\\/masazer-3d-rozowy\\\/#primaryimage\"},\"image\":{\"@id\":\"https:\\\/\\\/jogapiekna.com\\\/produkt\\\/masazer-3d-rozowy\\\/#primaryimage\"},\"thumbnailUrl\":\"https:\\\/\\\/jogapiekna.com\\\/wp-content\\\/uploads\\\/2020\\\/08\\\/Masazer-3D-rozowa-stal-modelujacy-twarz-i-szyje_joga-piekna01.jpg\",\"datePublished\":\"2020-08-05T10:27:50+00:00\",\"dateModified\":\"2026-04-14T19:17:28+00:00\",\"description\":\"Jak zwi\u0119kszy\u0107 intensywno\u015b\u0107 naturalnych masa\u017cy? Przyda Ci si\u0119 specjalne narz\u0119dzie \u2013 obrotowy masa\u017cer do twarzy z dwiema g\u0142owicami. Zobacz, jak go u\u017cywa\u0107 i zam\u00f3w online.\u00a0\",\"breadcrumb\":{\"@id\":\"https:\\\/\\\/jogapiekna.com\\\/produkt\\\/masazer-3d-rozowy\\\/#breadcrumb\"},\"inLanguage\":\"en-GB\",\"potentialAction\":[{\"@type\":\"ReadAction\",\"target\":[\"https:\\\/\\\/jogapiekna.com\\\/produkt\\\/masazer-3d-rozowy\\\/\"]}]},{\"@type\":\"ImageObject\",\"inLanguage\":\"en-GB\",\"@id\":\"https:\\\/\\\/jogapiekna.com\\\/produkt\\\/masazer-3d-rozowy\\\/#primaryimage\",\"url\":\"https:\\\/\\\/jogapiekna.com\\\/wp-content\\\/uploads\\\/2020\\\/08\\\/Masazer-3D-rozowa-stal-modelujacy-twarz-i-szyje_joga-piekna01.jpg\",\"contentUrl\":\"https:\\\/\\\/jogapiekna.com\\\/wp-content\\\/uploads\\\/2020\\\/08\\\/Masazer-3D-rozowa-stal-modelujacy-twarz-i-szyje_joga-piekna01.jpg\",\"width\":1000,\"height\":1000},{\"@type\":\"BreadcrumbList\",\"@id\":\"https:\\\/\\\/jogapiekna.com\\\/produkt\\\/masazer-3d-rozowy\\\/#breadcrumb\",\"itemListElement\":[{\"@type\":\"ListItem\",\"position\":1,\"name\":\"Strona g\u0142\u00f3wna\",\"item\":\"https:\\\/\\\/jogapiekna.com\\\/\"},{\"@type\":\"ListItem\",\"position\":2,\"name\":\"Sklep\",\"item\":\"https:\\\/\\\/jogapiekna.com\\\/sklep\\\/\"},{\"@type\":\"ListItem\",\"position\":3,\"name\":\"Masa\u017cer 3D Joga Pi\u0119kna do masa\u017cu twarzy \u2022 szyi i dekoltu \u2022 r\u00f3\u017cowy\"}]},{\"@type\":\"WebSite\",\"@id\":\"https:\\\/\\\/jogapiekna.com\\\/#website\",\"url\":\"https:\\\/\\\/jogapiekna.com\\\/\",\"name\":\"Joga Pi\u0119kna Marta Kuci\u0144ska\",\"description\":\"Joga Pi\u0119kna pomaga kobietom zachowa\u0107 urod\u0119, cofn\u0105\u0107 oznaki up\u0142ywaj\u0105cego czasu i zm\u0119czenia, odzyska\u0107 promienny wygl\u0105d, naturalny u\u015bmiech i popraw\u0119 w\u0142asnej samooceny.\",\"publisher\":{\"@id\":\"https:\\\/\\\/jogapiekna.com\\\/#organization\"},\"potentialAction\":[{\"@type\":\"SearchAction\",\"target\":{\"@type\":\"EntryPoint\",\"urlTemplate\":\"https:\\\/\\\/jogapiekna.com\\\/?s={search_term_string}\"},\"query-input\":{\"@type\":\"PropertyValueSpecification\",\"valueRequired\":true,\"valueName\":\"search_term_string\"}}],\"inLanguage\":\"en-GB\"},{\"@type\":\"Organization\",\"@id\":\"https:\\\/\\\/jogapiekna.com\\\/#organization\",\"name\":\"Joga Pi\u0119kna Marta Kuci\u0144ska\",\"url\":\"https:\\\/\\\/jogapiekna.com\\\/\",\"logo\":{\"@type\":\"ImageObject\",\"inLanguage\":\"en-GB\",\"@id\":\"https:\\\/\\\/jogapiekna.com\\\/#\\\/schema\\\/logo\\\/image\\\/\",\"url\":\"https:\\\/\\\/jogapiekna.com\\\/wp-content\\\/uploads\\\/2022\\\/09\\\/joga-piekna-logo_Rka.png\",\"contentUrl\":\"https:\\\/\\\/jogapiekna.com\\\/wp-content\\\/uploads\\\/2022\\\/09\\\/joga-piekna-logo_Rka.png\",\"width\":231,\"height\":124,\"caption\":\"Joga Pi\u0119kna Marta Kuci\u0144ska\"},\"image\":{\"@id\":\"https:\\\/\\\/jogapiekna.com\\\/#\\\/schema\\\/logo\\\/image\\\/\"},\"sameAs\":[\"https:\\\/\\\/www.facebook.com\\\/JogaPieknaCom\\\/\",\"https:\\\/\\\/www.instagram.com\\\/jogapieknacom\\\/\"]}]}<\/script>\n<!-- \/ Yoast SEO plugin. -->","yoast_head_json":{"title":"Obrotowy masa\u017cer do twarzy, podbr\u00f3dka i szyi z dwiema g\u0142owicami","description":"Jak zwi\u0119kszy\u0107 intensywno\u015b\u0107 naturalnych masa\u017cy? Przyda Ci si\u0119 specjalne narz\u0119dzie \u2013 obrotowy masa\u017cer do twarzy z dwiema g\u0142owicami. Zobacz, jak go u\u017cywa\u0107 i zam\u00f3w online.\u00a0","robots":{"index":"index","follow":"follow","max-snippet":"max-snippet:-1","max-image-preview":"max-image-preview:large","max-video-preview":"max-video-preview:-1"},"canonical":"https:\/\/jogapiekna.com\/en\/product\/masazer-3d-rozowy\/","og_locale":"en_GB","og_type":"article","og_title":"Obrotowy masa\u017cer do twarzy, podbr\u00f3dka i szyi z dwiema g\u0142owicami","og_description":"Jak zwi\u0119kszy\u0107 intensywno\u015b\u0107 naturalnych masa\u017cy? Przyda Ci si\u0119 specjalne narz\u0119dzie \u2013 obrotowy masa\u017cer do twarzy z dwiema g\u0142owicami. Zobacz, jak go u\u017cywa\u0107 i zam\u00f3w online.\u00a0","og_url":"https:\/\/jogapiekna.com\/en\/product\/masazer-3d-rozowy\/","og_site_name":"JOGA PI\u0118KNA | Joga Twarzy","article_publisher":"https:\/\/www.facebook.com\/JogaPieknaCom\/","article_modified_time":"2026-04-14T19:17:28+00:00","og_image":[{"width":1000,"height":1000,"url":"https:\/\/jogapiekna.com\/wp-content\/uploads\/2020\/08\/Masazer-3D-rozowa-stal-modelujacy-twarz-i-szyje_joga-piekna01.jpg","type":"image\/jpeg"}],"twitter_card":"summary_large_image","twitter_misc":{"Estimated reading time":"3 minutes"},"schema":{"@context":"https:\/\/schema.org","@graph":[{"@type":"WebPage","@id":"https:\/\/jogapiekna.com\/produkt\/masazer-3d-rozowy\/","url":"https:\/\/jogapiekna.com\/produkt\/masazer-3d-rozowy\/","name":"Obrotowy masa\u017cer do twarzy, podbr\u00f3dka i szyi z dwiema g\u0142owicami","isPartOf":{"@id":"https:\/\/jogapiekna.com\/#website"},"primaryImageOfPage":{"@id":"https:\/\/jogapiekna.com\/produkt\/masazer-3d-rozowy\/#primaryimage"},"image":{"@id":"https:\/\/jogapiekna.com\/produkt\/masazer-3d-rozowy\/#primaryimage"},"thumbnailUrl":"https:\/\/jogapiekna.com\/wp-content\/uploads\/2020\/08\/Masazer-3D-rozowa-stal-modelujacy-twarz-i-szyje_joga-piekna01.jpg","datePublished":"2020-08-05T10:27:50+00:00","dateModified":"2026-04-14T19:17:28+00:00","description":"Jak zwi\u0119kszy\u0107 intensywno\u015b\u0107 naturalnych masa\u017cy? Przyda Ci si\u0119 specjalne narz\u0119dzie \u2013 obrotowy masa\u017cer do twarzy z dwiema g\u0142owicami. Zobacz, jak go u\u017cywa\u0107 i zam\u00f3w online.\u00a0","breadcrumb":{"@id":"https:\/\/jogapiekna.com\/produkt\/masazer-3d-rozowy\/#breadcrumb"},"inLanguage":"en-GB","potentialAction":[{"@type":"ReadAction","target":["https:\/\/jogapiekna.com\/produkt\/masazer-3d-rozowy\/"]}]},{"@type":"ImageObject","inLanguage":"en-GB","@id":"https:\/\/jogapiekna.com\/produkt\/masazer-3d-rozowy\/#primaryimage","url":"https:\/\/jogapiekna.com\/wp-content\/uploads\/2020\/08\/Masazer-3D-rozowa-stal-modelujacy-twarz-i-szyje_joga-piekna01.jpg","contentUrl":"https:\/\/jogapiekna.com\/wp-content\/uploads\/2020\/08\/Masazer-3D-rozowa-stal-modelujacy-twarz-i-szyje_joga-piekna01.jpg","width":1000,"height":1000},{"@type":"BreadcrumbList","@id":"https:\/\/jogapiekna.com\/produkt\/masazer-3d-rozowy\/#breadcrumb","itemListElement":[{"@type":"ListItem","position":1,"name":"Strona g\u0142\u00f3wna","item":"https:\/\/jogapiekna.com\/"},{"@type":"ListItem","position":2,"name":"Sklep","item":"https:\/\/jogapiekna.com\/sklep\/"},{"@type":"ListItem","position":3,"name":"Masa\u017cer 3D Joga Pi\u0119kna do masa\u017cu twarzy \u2022 szyi i dekoltu \u2022 r\u00f3\u017cowy"}]},{"@type":"WebSite","@id":"https:\/\/jogapiekna.com\/#website","url":"https:\/\/jogapiekna.com\/","name":"Yoga Beauty Marta Kuci\u0144ska","description":"Beauty Yoga helps women to maintain their beauty, reverse the signs of passing time and fatigue, regain a radiant appearance, natural smile and improve their self-esteem.","publisher":{"@id":"https:\/\/jogapiekna.com\/#organization"},"potentialAction":[{"@type":"SearchAction","target":{"@type":"EntryPoint","urlTemplate":"https:\/\/jogapiekna.com\/?s={search_term_string}"},"query-input":{"@type":"PropertyValueSpecification","valueRequired":true,"valueName":"search_term_string"}}],"inLanguage":"en-GB"},{"@type":"Organization","@id":"https:\/\/jogapiekna.com\/#organization","name":"Yoga Beauty Marta Kuci\u0144ska","url":"https:\/\/jogapiekna.com\/","logo":{"@type":"ImageObject","inLanguage":"en-GB","@id":"https:\/\/jogapiekna.com\/#\/schema\/logo\/image\/","url":"https:\/\/jogapiekna.com\/wp-content\/uploads\/2022\/09\/joga-piekna-logo_Rka.png","contentUrl":"https:\/\/jogapiekna.com\/wp-content\/uploads\/2022\/09\/joga-piekna-logo_Rka.png","width":231,"height":124,"caption":"Joga Pi\u0119kna Marta Kuci\u0144ska"},"image":{"@id":"https:\/\/jogapiekna.com\/#\/schema\/logo\/image\/"},"sameAs":["https:\/\/www.facebook.com\/JogaPieknaCom\/","https:\/\/www.instagram.com\/jogapieknacom\/"]}]}},"_links":{"self":[{"href":"https:\/\/jogapiekna.com\/en\/wp-json\/wp\/v2\/product\/30195","targetHints":{"allow":["GET"]}}],"collection":[{"href":"https:\/\/jogapiekna.com\/en\/wp-json\/wp\/v2\/product"}],"about":[{"href":"https:\/\/jogapiekna.com\/en\/wp-json\/wp\/v2\/types\/product"}],"replies":[{"embeddable":true,"href":"https:\/\/jogapiekna.com\/en\/wp-json\/wp\/v2\/comments?post=30195"}],"version-history":[{"count":3,"href":"https:\/\/jogapiekna.com\/en\/wp-json\/wp\/v2\/product\/30195\/revisions"}],"predecessor-version":[{"id":211192,"href":"https:\/\/jogapiekna.com\/en\/wp-json\/wp\/v2\/product\/30195\/revisions\/211192"}],"wp:featuredmedia":[{"embeddable":true,"href":"https:\/\/jogapiekna.com\/en\/wp-json\/wp\/v2\/media\/100430"}],"wp:attachment":[{"href":"https:\/\/jogapiekna.com\/en\/wp-json\/wp\/v2\/media?parent=30195"}],"wp:term":[{"taxonomy":"product_brand","embeddable":true,"href":"https:\/\/jogapiekna.com\/en\/wp-json\/wp\/v2\/product_brand?post=30195"},{"taxonomy":"product_cat","embeddable":true,"href":"https:\/\/jogapiekna.com\/en\/wp-json\/wp\/v2\/product_cat?post=30195"},{"taxonomy":"product_tag","embeddable":true,"href":"https:\/\/jogapiekna.com\/en\/wp-json\/wp\/v2\/product_tag?post=30195"}],"curies":[{"name":"wp","href":"https:\/\/api.w.org\/{rel}","templated":true}]}}