{"id":30541,"date":"2020-08-18T15:48:24","date_gmt":"2020-08-18T13:48:24","guid":{"rendered":"https:\/\/jogapiekna.com\/?post_type=product&#038;p=30541"},"modified":"2026-04-02T11:41:16","modified_gmt":"2026-04-02T09:41:16","slug":"zestaw-do-masazu-roller-kamien-gua-sha-ametyst-piloksztaltny","status":"publish","type":"product","link":"https:\/\/jogapiekna.com\/en\/product\/zestaw-do-masazu-roller-kamien-gua-sha-ametyst-piloksztaltny\/","title":{"rendered":"Massage set: ball roller + Gua-Sha - amethyst"},"content":{"rendered":"<p>Face, neck and d\u00e9collet\u00e9 massages performed regularly are <strong>a recipe for keeping skin looking young<\/strong>. If you have a problem with facial puffiness, your complexion tends to be grey and lacklustre, the first sags appear on your face - the violet stone facial massage kit, or amethyst, here the choice for you.<\/p>\n<p>The purple roller with tabs and the Gua Sha plate are <strong>elegant facial massage set<\/strong>, which will take care of your skin and well-being on many levels. <strong>Amethyst is known as the stone of harmony and relaxation.<\/strong> It has soothing and calming properties. It chases away disturbing thoughts and neutralises negative emotions.<\/p>\n<p>&nbsp;<\/p>\n<h3>Roller with tabs and Gua Sha stone - how to use them?<\/h3>\n<p>You can use massagers interchangeably, depending on how intense the massage is and what you want to do at the moment.<\/p>\n<ul>\n<li><strong> <strong>Amethyst studded roller<\/strong> perfectly reduces muscle tension. Allows <strong>more intense skin stimulation<\/strong>than the roller is perfectly smooth. At the same time, the massage is still made by them softer than this shallow gua sha. This works when we don&#039;t have much time. <strong>The protrusions are located only on one side of the massager.<\/strong> The second tip is smooth (ideal for massaging the eye area).\u00a0\u00a0\u00a0<\/strong><\/li>\n<li><a href=\"https:\/\/jogapiekna.com\/en\/product\/masazer-kamien-gua-sha-ametyst\/\" target=\"_blank\" rel=\"noopener\"><strong>Amethyst Gouache Plate<\/strong><\/a> this will allow you to do a stronger facial massage, which stimulates the internal regeneration of the skin. The shape of the stone adapts to the face. It allows you to remove puffiness, improves blood circulation and lymph circulation, and also models the oval of the face.<\/li>\n<\/ul>\n<p>&nbsp;<\/p>\n<p><strong> Results of a massage with the knuckle roller (ball shape) <\/strong><\/p>\n<ul>\n<li>relaxes facial muscles, strengthens the skin<\/li>\n<li>stimulates blood and lymph circulation<\/li>\n<li>simulates the oval of the face<\/li>\n<li>eliminates the problem of facial puffiness<\/li>\n<li>thickens and strengthens the skin<\/li>\n<li>reduces bags and dark circles under the eyes<\/li>\n<li>provides blissful relaxation<\/li>\n<\/ul>\n<p>&nbsp;<\/p>\n<p><strong> Results of Gua Sha massage\u00a0 <\/strong><\/p>\n<ul>\n<li>improves the contour of the face<\/li>\n<li>reduces the second chin<\/li>\n<li>reduces hamsters on the cheeks<\/li>\n<li>stimulates collagen synthesis<\/li>\n<li>strongly strengthens the skin<\/li>\n<li>strongly stimulates blood and lymph circulation<\/li>\n<li>reduces fine lines and wrinkles<\/li>\n<\/ul>\n<p>&nbsp;<\/p>\n<h3>Roller set with tabs and Gua Sha in purple amethyst<\/h3>\n<p><strong>Set of rollers with tabs and Gua Sha<\/strong> it was made by hand from a natural stone-purple amethyst, which is called the &#034;stone of harmony and relaxation&#034;.<\/p>\n<p><strong>What are the properties of amethyst?<\/strong> Amethyst belongs to the group of gemstones. It is a variety of quartz with a violet, purple or purplish-purple colour. It restores balance to people prone to stress, brings calmness and freedom of the mind from negative thoughts. It helps to deal with emotions, adds patience and relieves daily fatigue and problems. According to non-conventional medicine, it relieves headaches and migraines, helps with insomnia, regulates metabolism and improves skin condition. <strong>Amethyst, should be cleaned under running, not too warm water.<\/strong> To ensure that it does not lose its potency, it should be left in a sunny place for several minutes 3 times a week.<\/p>\n<p><strong>Attention! Amethyst is a gift from nature that will not be 100% perfect (it may have small defects and color deviation).<\/strong><\/p>\n<p><strong> Amethyst facial massage \u2014 how to prepare your skin?\u00a0 <\/strong><br \/>\nBefore starting the massage, it is necessary to thoroughly clean the skin of the face and decollete.\u2028 To get a massage, apply a serum \/ oil or your favorite moisturizer. You can also use essential oils for massage.<\/p>\n<p>Gua sha massage-what you need to do<br \/>\n<iframe title=\"YouTube video player\" src=\"https:\/\/www.youtube.com\/embed\/8ORiaLgEwu8\" width=\"800\" height=\"450\" frameborder=\"0\" allowfullscreen=\"allowfullscreen\"><\/iframe><\/p>\n<p><strong> How do I massage my face with a studded roller? <\/strong><br \/>\nThe massage starts each time from the top of the face. <strong>gradually going down in the direction of the arrows<\/strong> \u2013 <strong>Figure 1<\/strong> snuggling up with moderate force. This is a very gentle massage that you can do every day. Regular use provides a natural facelift. Roller massage should last from 5 to 10 minutes.<\/p>\n<p><img decoding=\"async\" class=\"alignleft size-full wp-image-10664\" src=\"https:\/\/jogapiekna.com\/wp-content\/uploads\/2020\/01\/technika-roller.jpg\" alt=\"jak u\u017cywa\u0107 rollera do twarzy\" width=\"\u201e399\u201d\" height=\"\u201e600\u201d\" \/><\/p>\n<p><strong> How to massage the face with a Gua-Sha stone?\u00a0\u00a0<\/strong><br \/>\nGua sha is a special form of traditional Chinese therapeutic massage, consisting of skin scraping.<br \/>\nGua sha massage starts each time from the upper parts of the face, gradually going down in accordance with the direction of the arrows \u2013 <strong>Figure 2<\/strong> or with more puffiness from the lower parts, and then repeat the movements from top to bottom.<\/p>\n<p><img decoding=\"async\" class=\"alignleft size-full wp-image-10664\" src=\"https:\/\/jogapiekna.com\/wp-content\/uploads\/2020\/01\/kamien-gua-sha_technika2.jpg\" alt=\"\" width=\"\u201e399\u201d\" height=\"\u201e600\u201d\" \/><\/p>\n<p>&nbsp;<\/p>\n<h3>Contraindications for gua sha facial massage<\/h3>\n<ul>\n<li>damaged skin<\/li>\n<li>damaged veins<\/li>\n<li>highly capillary skin<\/li>\n<li>moles<\/li>\n<li>cuts and bruises<\/li>\n<li>extensive acne lesions<\/li>\n<li>rosacea in the active phase<\/li>\n<li>cancer diseases<\/li>\n<\/ul>\n<p>&nbsp;<\/p>\n<hr \/>\n<p>How to use a White quartz facial Massage Kit? Check out my YouTube channel:<\/p>\n<ul>\n<li><a href=\"https:\/\/www.youtube.com\/watch?v=97W6rL5zEXQ\" target=\"_blank\" rel=\"noopener\">Lifting and rejuvenating facial massage gua sha<\/a><\/li>\n<li><a href=\"https:\/\/www.youtube.com\/watch?v=LHPaqjpKXEA\" target=\"_blank\" rel=\"noopener\">Reducing puffiness around the eyes with gua sha<\/a><\/li>\n<li><a href=\"https:\/\/www.youtube.com\/watch?v=B7ozY52tXpo&amp;list=PL3hHGTCx5OYDQ5ZeJh_AniYwymJNeip6h&amp;index=6\" target=\"_blank\" rel=\"noopener\">Gua sha massage for lion&#039;s wrinkle\u00a0<\/a><\/li>\n<\/ul>","protected":false},"excerpt":{"rendered":"<p>Awaken your skin and enjoy its radiant appearance! Massagers made of violet stone, i.e. natural amethyst, will eliminate puffiness and lymphatic stagnation. They will stimulate blood circulation and take care of the well-being of your skin. The distinctive feature of this set is <strong>roller with bumps, also known as a ball roller<\/strong>. It allows for more intensive stimulation of the skin, which will firm, tighten and thicken with regular massages.<\/p>","protected":false},"featured_media":94416,"comment_status":"closed","ping_status":"closed","template":"","meta":{"_acf_changed":false,"site-sidebar-layout":"default","site-content-layout":"","ast-site-content-layout":"default","site-content-style":"default","site-sidebar-style":"default","ast-global-header-display":"","ast-banner-title-visibility":"","ast-main-header-display":"","ast-hfb-above-header-display":"","ast-hfb-below-header-display":"","ast-hfb-mobile-header-display":"","site-post-title":"","ast-breadcrumbs-content":"","ast-featured-img":"","footer-sml-layout":"","ast-disable-related-posts":"","theme-transparent-header-meta":"default","adv-header-id-meta":"","stick-header-meta":"","header-above-stick-meta":"","header-main-stick-meta":"","header-below-stick-meta":"","astra-migrate-meta-layouts":"set","ast-page-background-enabled":"default","ast-page-background-meta":{"desktop":{"background-color":"var(--ast-global-color-5)","background-image":"","background-repeat":"repeat","background-position":"center center","background-size":"auto","background-attachment":"scroll","background-type":"","background-media":"","overlay-type":"","overlay-color":"","overlay-opacity":"","overlay-gradient":""},"tablet":{"background-color":"","background-image":"","background-repeat":"repeat","background-position":"center center","background-size":"auto","background-attachment":"scroll","background-type":"","background-media":"","overlay-type":"","overlay-color":"","overlay-opacity":"","overlay-gradient":""},"mobile":{"background-color":"","background-image":"","background-repeat":"repeat","background-position":"center center","background-size":"auto","background-attachment":"scroll","background-type":"","background-media":"","overlay-type":"","overlay-color":"","overlay-opacity":"","overlay-gradient":""}},"ast-content-background-meta":{"desktop":{"background-color":"var(--ast-global-color-4)","background-image":"","background-repeat":"repeat","background-position":"center center","background-size":"auto","background-attachment":"scroll","background-type":"","background-media":"","overlay-type":"","overlay-color":"","overlay-opacity":"","overlay-gradient":""},"tablet":{"background-color":"var(--ast-global-color-4)","background-image":"","background-repeat":"repeat","background-position":"center center","background-size":"auto","background-attachment":"scroll","background-type":"","background-media":"","overlay-type":"","overlay-color":"","overlay-opacity":"","overlay-gradient":""},"mobile":{"background-color":"var(--ast-global-color-4)","background-image":"","background-repeat":"repeat","background-position":"center center","background-size":"auto","background-attachment":"scroll","background-type":"","background-media":"","overlay-type":"","overlay-color":"","overlay-opacity":"","overlay-gradient":""}}},"product_brand":[],"product_cat":[21,611,610],"product_tag":[41,208,60,209,210],"class_list":{"0":"post-30541","1":"product","2":"type-product","3":"status-publish","4":"has-post-thumbnail","6":"product_cat-akcesoria","7":"product_cat-gua-sha-rollery","8":"product_cat-masaz-twarzy-i-szyi","9":"product_tag-joga-twarzy","10":"product_tag-kamien-gua-sha","11":"product_tag-masazer-do-twarzy","12":"product_tag-opal","13":"product_tag-roller","14":"desktop-align-left","15":"tablet-align-left","16":"mobile-align-left","18":"first","19":"instock","20":"taxable","21":"shipping-taxable","22":"purchasable","23":"product-type-simple"},"acf":[],"yoast_head":"<!-- This site is optimized with the Yoast SEO plugin v27.2 - https:\/\/yoast.com\/product\/yoast-seo-wordpress\/ -->\n<title>Zestaw roller z wypustkami i Gua Sha z naturalnego ametystu<\/title>\n<meta name=\"description\" content=\"Masa\u017cery z fioletowego kamienia relaksuj\u0105 sk\u00f3r\u0119, uj\u0119drniaj\u0105 j\u0105 i zmniejszaj\u0105 widoczno\u015b\u0107 zmarszczek. Zam\u00f3w zestaw roller z wypustkami i Gua Sha.\" \/>\n<meta name=\"robots\" content=\"index, follow, max-snippet:-1, max-image-preview:large, max-video-preview:-1\" \/>\n<link rel=\"canonical\" href=\"https:\/\/jogapiekna.com\/en\/product\/zestaw-do-masazu-roller-kamien-gua-sha-ametyst-piloksztaltny\/\" \/>\n<meta property=\"og:locale\" content=\"en_GB\" \/>\n<meta property=\"og:type\" content=\"article\" \/>\n<meta property=\"og:title\" content=\"Zestaw roller z wypustkami i Gua Sha z naturalnego ametystu\" \/>\n<meta property=\"og:description\" content=\"Masa\u017cery z fioletowego kamienia relaksuj\u0105 sk\u00f3r\u0119, uj\u0119drniaj\u0105 j\u0105 i zmniejszaj\u0105 widoczno\u015b\u0107 zmarszczek. Zam\u00f3w zestaw roller z wypustkami i Gua Sha.\" \/>\n<meta property=\"og:url\" content=\"https:\/\/jogapiekna.com\/en\/product\/zestaw-do-masazu-roller-kamien-gua-sha-ametyst-piloksztaltny\/\" \/>\n<meta property=\"og:site_name\" content=\"JOGA PI\u0118KNA | Joga Twarzy\" \/>\n<meta property=\"article:publisher\" content=\"https:\/\/www.facebook.com\/JogaPieknaCom\/\" \/>\n<meta property=\"article:modified_time\" content=\"2026-04-02T09:41:16+00:00\" \/>\n<meta property=\"og:image\" content=\"https:\/\/jogapiekna.com\/wp-content\/uploads\/2020\/08\/jogapiekna_zestaw-roller-gua-sha_ametyst-pilkoksztaltny_03.jpg\" \/>\n\t<meta property=\"og:image:width\" content=\"1000\" \/>\n\t<meta property=\"og:image:height\" content=\"1000\" \/>\n\t<meta property=\"og:image:type\" content=\"image\/jpeg\" \/>\n<meta name=\"twitter:card\" content=\"summary_large_image\" \/>\n<meta name=\"twitter:label1\" content=\"Estimated reading time\" \/>\n\t<meta name=\"twitter:data1\" content=\"5 minutes\" \/>\n<script type=\"application\/ld+json\" class=\"yoast-schema-graph\">{\"@context\":\"https:\/\/schema.org\",\"@graph\":[{\"@type\":\"WebPage\",\"@id\":\"https:\/\/jogapiekna.com\/produkt\/zestaw-do-masazu-roller-kamien-gua-sha-ametyst-piloksztaltny\/\",\"url\":\"https:\/\/jogapiekna.com\/produkt\/zestaw-do-masazu-roller-kamien-gua-sha-ametyst-piloksztaltny\/\",\"name\":\"Zestaw roller z wypustkami i Gua Sha z naturalnego ametystu\",\"isPartOf\":{\"@id\":\"https:\/\/jogapiekna.com\/#website\"},\"primaryImageOfPage\":{\"@id\":\"https:\/\/jogapiekna.com\/produkt\/zestaw-do-masazu-roller-kamien-gua-sha-ametyst-piloksztaltny\/#primaryimage\"},\"image\":{\"@id\":\"https:\/\/jogapiekna.com\/produkt\/zestaw-do-masazu-roller-kamien-gua-sha-ametyst-piloksztaltny\/#primaryimage\"},\"thumbnailUrl\":\"https:\/\/jogapiekna.com\/wp-content\/uploads\/2020\/08\/jogapiekna_zestaw-roller-gua-sha_ametyst-pilkoksztaltny_03.jpg\",\"datePublished\":\"2020-08-18T13:48:24+00:00\",\"dateModified\":\"2026-04-02T09:41:16+00:00\",\"description\":\"Masa\u017cery z fioletowego kamienia relaksuj\u0105 sk\u00f3r\u0119, uj\u0119drniaj\u0105 j\u0105 i zmniejszaj\u0105 widoczno\u015b\u0107 zmarszczek. Zam\u00f3w zestaw roller z wypustkami i Gua Sha.\",\"breadcrumb\":{\"@id\":\"https:\/\/jogapiekna.com\/produkt\/zestaw-do-masazu-roller-kamien-gua-sha-ametyst-piloksztaltny\/#breadcrumb\"},\"inLanguage\":\"en-GB\",\"potentialAction\":[{\"@type\":\"ReadAction\",\"target\":[\"https:\/\/jogapiekna.com\/produkt\/zestaw-do-masazu-roller-kamien-gua-sha-ametyst-piloksztaltny\/\"]}]},{\"@type\":\"ImageObject\",\"inLanguage\":\"en-GB\",\"@id\":\"https:\/\/jogapiekna.com\/produkt\/zestaw-do-masazu-roller-kamien-gua-sha-ametyst-piloksztaltny\/#primaryimage\",\"url\":\"https:\/\/jogapiekna.com\/wp-content\/uploads\/2020\/08\/jogapiekna_zestaw-roller-gua-sha_ametyst-pilkoksztaltny_03.jpg\",\"contentUrl\":\"https:\/\/jogapiekna.com\/wp-content\/uploads\/2020\/08\/jogapiekna_zestaw-roller-gua-sha_ametyst-pilkoksztaltny_03.jpg\",\"width\":1000,\"height\":1000,\"caption\":\"Zestaw: pi\u0142okszta\u0142tny\\u2028roller, GuaSha | ametyst\"},{\"@type\":\"BreadcrumbList\",\"@id\":\"https:\/\/jogapiekna.com\/produkt\/zestaw-do-masazu-roller-kamien-gua-sha-ametyst-piloksztaltny\/#breadcrumb\",\"itemListElement\":[{\"@type\":\"ListItem\",\"position\":1,\"name\":\"Strona g\u0142\u00f3wna\",\"item\":\"https:\/\/jogapiekna.com\/\"},{\"@type\":\"ListItem\",\"position\":2,\"name\":\"Sklep\",\"item\":\"https:\/\/jogapiekna.com\/sklep\/\"},{\"@type\":\"ListItem\",\"position\":3,\"name\":\"Zestaw do masa\u017cu: pi\u0142okszta\u0142tny roller + Gua-Sha \u2022 ametyst\"}]},{\"@type\":\"WebSite\",\"@id\":\"https:\/\/jogapiekna.com\/#website\",\"url\":\"https:\/\/jogapiekna.com\/\",\"name\":\"Joga Pi\u0119kna Marta Kuci\u0144ska\",\"description\":\"Joga Pi\u0119kna pomaga kobietom zachowa\u0107 urod\u0119, cofn\u0105\u0107 oznaki up\u0142ywaj\u0105cego czasu i zm\u0119czenia, odzyska\u0107 promienny wygl\u0105d, naturalny u\u015bmiech i popraw\u0119 w\u0142asnej samooceny.\",\"publisher\":{\"@id\":\"https:\/\/jogapiekna.com\/#organization\"},\"potentialAction\":[{\"@type\":\"SearchAction\",\"target\":{\"@type\":\"EntryPoint\",\"urlTemplate\":\"https:\/\/jogapiekna.com\/?s={search_term_string}\"},\"query-input\":{\"@type\":\"PropertyValueSpecification\",\"valueRequired\":true,\"valueName\":\"search_term_string\"}}],\"inLanguage\":\"en-GB\"},{\"@type\":\"Organization\",\"@id\":\"https:\/\/jogapiekna.com\/#organization\",\"name\":\"Joga Pi\u0119kna Marta Kuci\u0144ska\",\"url\":\"https:\/\/jogapiekna.com\/\",\"logo\":{\"@type\":\"ImageObject\",\"inLanguage\":\"en-GB\",\"@id\":\"https:\/\/jogapiekna.com\/#\/schema\/logo\/image\/\",\"url\":\"https:\/\/jogapiekna.com\/wp-content\/uploads\/2022\/09\/joga-piekna-logo_Rka.png\",\"contentUrl\":\"https:\/\/jogapiekna.com\/wp-content\/uploads\/2022\/09\/joga-piekna-logo_Rka.png\",\"width\":231,\"height\":124,\"caption\":\"Joga Pi\u0119kna Marta Kuci\u0144ska\"},\"image\":{\"@id\":\"https:\/\/jogapiekna.com\/#\/schema\/logo\/image\/\"},\"sameAs\":[\"https:\/\/www.facebook.com\/JogaPieknaCom\/\",\"https:\/\/www.instagram.com\/jogapieknacom\/\"]}]}<\/script>\n<!-- \/ Yoast SEO plugin. -->","yoast_head_json":{"title":"Zestaw roller z wypustkami i Gua Sha z naturalnego ametystu","description":"Masa\u017cery z fioletowego kamienia relaksuj\u0105 sk\u00f3r\u0119, uj\u0119drniaj\u0105 j\u0105 i zmniejszaj\u0105 widoczno\u015b\u0107 zmarszczek. Zam\u00f3w zestaw roller z wypustkami i Gua Sha.","robots":{"index":"index","follow":"follow","max-snippet":"max-snippet:-1","max-image-preview":"max-image-preview:large","max-video-preview":"max-video-preview:-1"},"canonical":"https:\/\/jogapiekna.com\/en\/product\/zestaw-do-masazu-roller-kamien-gua-sha-ametyst-piloksztaltny\/","og_locale":"en_GB","og_type":"article","og_title":"Zestaw roller z wypustkami i Gua Sha z naturalnego ametystu","og_description":"Masa\u017cery z fioletowego kamienia relaksuj\u0105 sk\u00f3r\u0119, uj\u0119drniaj\u0105 j\u0105 i zmniejszaj\u0105 widoczno\u015b\u0107 zmarszczek. Zam\u00f3w zestaw roller z wypustkami i Gua Sha.","og_url":"https:\/\/jogapiekna.com\/en\/product\/zestaw-do-masazu-roller-kamien-gua-sha-ametyst-piloksztaltny\/","og_site_name":"JOGA PI\u0118KNA | Joga Twarzy","article_publisher":"https:\/\/www.facebook.com\/JogaPieknaCom\/","article_modified_time":"2026-04-02T09:41:16+00:00","og_image":[{"width":1000,"height":1000,"url":"https:\/\/jogapiekna.com\/wp-content\/uploads\/2020\/08\/jogapiekna_zestaw-roller-gua-sha_ametyst-pilkoksztaltny_03.jpg","type":"image\/jpeg"}],"twitter_card":"summary_large_image","twitter_misc":{"Estimated reading time":"5 minutes"},"schema":{"@context":"https:\/\/schema.org","@graph":[{"@type":"WebPage","@id":"https:\/\/jogapiekna.com\/produkt\/zestaw-do-masazu-roller-kamien-gua-sha-ametyst-piloksztaltny\/","url":"https:\/\/jogapiekna.com\/produkt\/zestaw-do-masazu-roller-kamien-gua-sha-ametyst-piloksztaltny\/","name":"Zestaw roller z wypustkami i Gua Sha z naturalnego ametystu","isPartOf":{"@id":"https:\/\/jogapiekna.com\/#website"},"primaryImageOfPage":{"@id":"https:\/\/jogapiekna.com\/produkt\/zestaw-do-masazu-roller-kamien-gua-sha-ametyst-piloksztaltny\/#primaryimage"},"image":{"@id":"https:\/\/jogapiekna.com\/produkt\/zestaw-do-masazu-roller-kamien-gua-sha-ametyst-piloksztaltny\/#primaryimage"},"thumbnailUrl":"https:\/\/jogapiekna.com\/wp-content\/uploads\/2020\/08\/jogapiekna_zestaw-roller-gua-sha_ametyst-pilkoksztaltny_03.jpg","datePublished":"2020-08-18T13:48:24+00:00","dateModified":"2026-04-02T09:41:16+00:00","description":"Masa\u017cery z fioletowego kamienia relaksuj\u0105 sk\u00f3r\u0119, uj\u0119drniaj\u0105 j\u0105 i zmniejszaj\u0105 widoczno\u015b\u0107 zmarszczek. Zam\u00f3w zestaw roller z wypustkami i Gua Sha.","breadcrumb":{"@id":"https:\/\/jogapiekna.com\/produkt\/zestaw-do-masazu-roller-kamien-gua-sha-ametyst-piloksztaltny\/#breadcrumb"},"inLanguage":"en-GB","potentialAction":[{"@type":"ReadAction","target":["https:\/\/jogapiekna.com\/produkt\/zestaw-do-masazu-roller-kamien-gua-sha-ametyst-piloksztaltny\/"]}]},{"@type":"ImageObject","inLanguage":"en-GB","@id":"https:\/\/jogapiekna.com\/produkt\/zestaw-do-masazu-roller-kamien-gua-sha-ametyst-piloksztaltny\/#primaryimage","url":"https:\/\/jogapiekna.com\/wp-content\/uploads\/2020\/08\/jogapiekna_zestaw-roller-gua-sha_ametyst-pilkoksztaltny_03.jpg","contentUrl":"https:\/\/jogapiekna.com\/wp-content\/uploads\/2020\/08\/jogapiekna_zestaw-roller-gua-sha_ametyst-pilkoksztaltny_03.jpg","width":1000,"height":1000,"caption":"Zestaw: pi\u0142okszta\u0142tny\u2028roller, GuaSha | ametyst"},{"@type":"BreadcrumbList","@id":"https:\/\/jogapiekna.com\/produkt\/zestaw-do-masazu-roller-kamien-gua-sha-ametyst-piloksztaltny\/#breadcrumb","itemListElement":[{"@type":"ListItem","position":1,"name":"Strona g\u0142\u00f3wna","item":"https:\/\/jogapiekna.com\/"},{"@type":"ListItem","position":2,"name":"Sklep","item":"https:\/\/jogapiekna.com\/sklep\/"},{"@type":"ListItem","position":3,"name":"Zestaw do masa\u017cu: pi\u0142okszta\u0142tny roller + Gua-Sha \u2022 ametyst"}]},{"@type":"WebSite","@id":"https:\/\/jogapiekna.com\/#website","url":"https:\/\/jogapiekna.com\/","name":"Yoga Beauty Marta Kuci\u0144ska","description":"Beauty Yoga helps women to maintain their beauty, reverse the signs of passing time and fatigue, regain a radiant appearance, natural smile and improve their self-esteem.","publisher":{"@id":"https:\/\/jogapiekna.com\/#organization"},"potentialAction":[{"@type":"SearchAction","target":{"@type":"EntryPoint","urlTemplate":"https:\/\/jogapiekna.com\/?s={search_term_string}"},"query-input":{"@type":"PropertyValueSpecification","valueRequired":true,"valueName":"search_term_string"}}],"inLanguage":"en-GB"},{"@type":"Organization","@id":"https:\/\/jogapiekna.com\/#organization","name":"Yoga Beauty Marta Kuci\u0144ska","url":"https:\/\/jogapiekna.com\/","logo":{"@type":"ImageObject","inLanguage":"en-GB","@id":"https:\/\/jogapiekna.com\/#\/schema\/logo\/image\/","url":"https:\/\/jogapiekna.com\/wp-content\/uploads\/2022\/09\/joga-piekna-logo_Rka.png","contentUrl":"https:\/\/jogapiekna.com\/wp-content\/uploads\/2022\/09\/joga-piekna-logo_Rka.png","width":231,"height":124,"caption":"Joga Pi\u0119kna Marta Kuci\u0144ska"},"image":{"@id":"https:\/\/jogapiekna.com\/#\/schema\/logo\/image\/"},"sameAs":["https:\/\/www.facebook.com\/JogaPieknaCom\/","https:\/\/www.instagram.com\/jogapieknacom\/"]}]}},"_links":{"self":[{"href":"https:\/\/jogapiekna.com\/en\/wp-json\/wp\/v2\/product\/30541","targetHints":{"allow":["GET"]}}],"collection":[{"href":"https:\/\/jogapiekna.com\/en\/wp-json\/wp\/v2\/product"}],"about":[{"href":"https:\/\/jogapiekna.com\/en\/wp-json\/wp\/v2\/types\/product"}],"replies":[{"embeddable":true,"href":"https:\/\/jogapiekna.com\/en\/wp-json\/wp\/v2\/comments?post=30541"}],"version-history":[{"count":7,"href":"https:\/\/jogapiekna.com\/en\/wp-json\/wp\/v2\/product\/30541\/revisions"}],"predecessor-version":[{"id":221149,"href":"https:\/\/jogapiekna.com\/en\/wp-json\/wp\/v2\/product\/30541\/revisions\/221149"}],"wp:featuredmedia":[{"embeddable":true,"href":"https:\/\/jogapiekna.com\/en\/wp-json\/wp\/v2\/media\/94416"}],"wp:attachment":[{"href":"https:\/\/jogapiekna.com\/en\/wp-json\/wp\/v2\/media?parent=30541"}],"wp:term":[{"taxonomy":"product_brand","embeddable":true,"href":"https:\/\/jogapiekna.com\/en\/wp-json\/wp\/v2\/product_brand?post=30541"},{"taxonomy":"product_cat","embeddable":true,"href":"https:\/\/jogapiekna.com\/en\/wp-json\/wp\/v2\/product_cat?post=30541"},{"taxonomy":"product_tag","embeddable":true,"href":"https:\/\/jogapiekna.com\/en\/wp-json\/wp\/v2\/product_tag?post=30541"}],"curies":[{"name":"wp","href":"https:\/\/api.w.org\/{rel}","templated":true}]}}