{"id":31239,"date":"2020-09-10T11:57:35","date_gmt":"2020-09-10T09:57:35","guid":{"rendered":"https:\/\/jogapiekna.com\/?post_type=product&#038;p=31239"},"modified":"2026-03-29T09:20:51","modified_gmt":"2026-03-29T07:20:51","slug":"masazer-kamien-gua-sha-ametyst","status":"publish","type":"product","link":"https:\/\/jogapiekna.com\/en\/product\/masazer-kamien-gua-sha-ametyst\/","title":{"rendered":"Gua sha stone for massage * Amethyst"},"content":{"rendered":"<p>Do you want to preserve your skin naturally? Looking for a way to optically reduce the face, model the lower jaw and make the first sagging more flexible? <strong>Gua Sha stone massage<\/strong> Not for nothing is it one of the favorite grooming rituals for women all over the world, including Asian women who enjoy a perfectly smooth, firm and even complexion.<\/p>\n<p>Scraping the skin with a natural stone or, more precisely, a gua sha plate with gently rounded edges comes from traditional Chinese therapeutic massages. This allows you to increase the flow of Qi energy in the body, so that the body and skin remain in good condition.<\/p>\n<p>This is a great way to relax after a hard day&#039;s work. It reduces muscle tone, improves blood circulation and lymph flow, and also makes the skin more saturated with oxygen.<\/p>\n<p>&nbsp;<\/p>\n<h2>Amethyst Massager-properties<\/h2>\n<p><strong>Natural Purple Amethyst<\/strong> it is a semi-precious stone of the silicate group, consisting of a crystalline form of quartz, colored by the presence of manganese and iron. Considered <strong>protective and soothing stone<\/strong>. Reduces the tone of facial muscles and improves the overall condition of the skin.<\/p>\n<p>Ma <strong>soothing properties<\/strong>this can help reduce stress and improve your sleep quality. It helps you develop your intuition. It is often used to protect against negative thoughts and emotions. It supports focus and concentration, as well as internal balance.<\/p>\n<p>What&#039;s important \u2013 <strong>amethyst has an anti-inflammatory effect<\/strong>. This will work for you if you are prone to breakouts and inflamed skin. This can help reduce them.<\/p>\n<p>According to alternative medicine, it also relieves headaches and migraines, helps with insomnia, regulates metabolism and improves skin condition.<\/p>\n<p><iframe title=\"YouTube video player\" src=\"https:\/\/www.youtube.com\/embed\/8x1oU3b5hB8?si=uDxbb-XLVfSINco9\" width=\"560\" height=\"315\" frameborder=\"0\" allowfullscreen=\"allowfullscreen\"><\/iframe><\/p>\n<p>&nbsp;<\/p>\n<h2>Results of a facial massage with purple gua sha stone<\/h2>\n<ul>\n<li>simulates the contour of the face, optically slims it<\/li>\n<li>improves blood and lymph circulation<\/li>\n<li>makes the skin supple<\/li>\n<li>evens out the complexion<\/li>\n<li>smoothes fine lines<\/li>\n<li>it takes care of the balance of body and mind<\/li>\n<li>removes toxins, gives your complexion a natural glow<\/li>\n<li>relaxes and reduces stress<\/li>\n<li>supports good sleep<\/li>\n<li>it naturally stimulates the synthesis of collagen, that is, it rejuvenates the skin<\/li>\n<\/ul>\n<p>&nbsp;<\/p>\n<h2>Do I need gua sha massage oil?<\/h2>\n<p>Do you want to know how to prepare your skin for a gua sha stone massage? Before starting the massage, it is necessary to thoroughly clean the skin of the face and decollete. For a massage, apply a serum, oil or your favorite moisturizer. We can also use essential oils for massage.<\/p>\n<p><strong>If you don&#039;t know what to put on your face before a gua sha massage, take a look at this post: <a href=\"https:\/\/jogapiekna.com\/en\/masaz\/jakie-kosmetyki-do-masazu-twarzy-sa-najlepsze\/\">What is the best cosmetics for facial massage?<\/a><\/strong><\/p>\n<p>&nbsp;<\/p>\n<h2>Contraindications to gua sha massage<\/h2>\n<ul>\n<li>damaged skin<\/li>\n<li>damaged veins<\/li>\n<li>highly capillary skin<\/li>\n<li>moles<\/li>\n<li>cuts and bruises<\/li>\n<li>extensive acne lesions<\/li>\n<li>rosacea in the active phase<\/li>\n<li>cancer diseases<\/li>\n<\/ul>\n<p>&nbsp;<\/p>\n<h2>Cleaning of natural stone gua sha<\/h2>\n<p>After the massage, wash the stone with warm water and soap. From time to time, you should additionally soak it in salt water and expose it to sunlight (at least 10 minutes). This allows you to charge them and clear them of negative energy.<\/p>\n<p>&nbsp;<\/p>\n<h2>How to use the Gua sha Amethyst massager? Quick instructions.<\/h2>\n<p>Gua sha massage can be done even daily, if you massage the skin gently and quite briefly \u2013 a few minutes. A stronger and longer massage (about 15-20 minutes) is recommended two, maximum three times a week.<\/p>\n<p>Plate massage <strong>each time we start with the upper part of the face.<\/strong>, gradually going down in the direction of the arrows-Fig. 1 and along the numbered steps.<br \/>\n&nbsp;<br \/>\n<img decoding=\"async\" class=\"alignleft size-full wp-image-10664\" src=\"https:\/\/jogapiekna.com\/wp-content\/uploads\/2020\/01\/kamien-gua-sha_technika.jpg\" alt=\"\" width=\"\u201e399\u201d\" height=\"\u201e600\u201d\" \/><\/p>\n<p>&nbsp;<\/p>\n<h3>Example of gua sha stone massage (instructions for use of the product)<\/h3>\n<p>&nbsp;<br \/>\n<iframe title=\"YouTube video player\" src=\"https:\/\/www.youtube.com\/embed\/97W6rL5zEXQ?si=ZPe0VV7KmB-_jtjd\" width=\"560\" height=\"315\" frameborder=\"0\" allowfullscreen=\"allowfullscreen\"><\/iframe><br \/>\n&nbsp;<br \/>\nYou can find more videos on my website <a href=\"https:\/\/www.youtube.com\/@jogapiekna\/\">youtube channel<\/a>.<\/p>","protected":false},"excerpt":{"rendered":"<p>Take care of the balance of your body and mind. Regular massage of the face, neck and decollete with purple gua sha stone will allow you to get rid of accumulated lymph, stimulate blood circulation, oxygenate the skin and reduce the tension responsible for the formation and fixation of wrinkles.<\/p>\n<p><strong>Size:<\/strong> 8,5cm x 5,8cm x 0.8cm (+\/- 0.2 cm)<br \/>\n<strong>Group:<\/strong> natural stone-amethyst<\/p>","protected":false},"featured_media":94431,"comment_status":"closed","ping_status":"closed","template":"","meta":{"_acf_changed":false,"site-sidebar-layout":"default","site-content-layout":"","ast-site-content-layout":"default","site-content-style":"default","site-sidebar-style":"default","ast-global-header-display":"","ast-banner-title-visibility":"","ast-main-header-display":"","ast-hfb-above-header-display":"","ast-hfb-below-header-display":"","ast-hfb-mobile-header-display":"","site-post-title":"","ast-breadcrumbs-content":"","ast-featured-img":"","footer-sml-layout":"","ast-disable-related-posts":"","theme-transparent-header-meta":"","adv-header-id-meta":"","stick-header-meta":"","header-above-stick-meta":"","header-main-stick-meta":"","header-below-stick-meta":"","astra-migrate-meta-layouts":"default","ast-page-background-enabled":"default","ast-page-background-meta":{"desktop":{"background-color":"var(--ast-global-color-5)","background-image":"","background-repeat":"repeat","background-position":"center center","background-size":"auto","background-attachment":"scroll","background-type":"","background-media":"","overlay-type":"","overlay-color":"","overlay-opacity":"","overlay-gradient":""},"tablet":{"background-color":"","background-image":"","background-repeat":"repeat","background-position":"center center","background-size":"auto","background-attachment":"scroll","background-type":"","background-media":"","overlay-type":"","overlay-color":"","overlay-opacity":"","overlay-gradient":""},"mobile":{"background-color":"","background-image":"","background-repeat":"repeat","background-position":"center center","background-size":"auto","background-attachment":"scroll","background-type":"","background-media":"","overlay-type":"","overlay-color":"","overlay-opacity":"","overlay-gradient":""}},"ast-content-background-meta":{"desktop":{"background-color":"var(--ast-global-color-4)","background-image":"","background-repeat":"repeat","background-position":"center center","background-size":"auto","background-attachment":"scroll","background-type":"","background-media":"","overlay-type":"","overlay-color":"","overlay-opacity":"","overlay-gradient":""},"tablet":{"background-color":"var(--ast-global-color-4)","background-image":"","background-repeat":"repeat","background-position":"center center","background-size":"auto","background-attachment":"scroll","background-type":"","background-media":"","overlay-type":"","overlay-color":"","overlay-opacity":"","overlay-gradient":""},"mobile":{"background-color":"var(--ast-global-color-4)","background-image":"","background-repeat":"repeat","background-position":"center center","background-size":"auto","background-attachment":"scroll","background-type":"","background-media":"","overlay-type":"","overlay-color":"","overlay-opacity":"","overlay-gradient":""}}},"product_brand":[],"product_cat":[21,611,610],"product_tag":[251,41,208,60,256,255],"class_list":{"0":"post-31239","1":"product","2":"type-product","3":"status-publish","4":"has-post-thumbnail","6":"product_cat-akcesoria","7":"product_cat-gua-sha-rollery","8":"product_cat-masaz-twarzy-i-szyi","9":"product_tag-ametyst","10":"product_tag-joga-twarzy","11":"product_tag-kamien-gua-sha","12":"product_tag-masazer-do-twarzy","13":"product_tag-pielegnacja-skory","14":"product_tag-pielegnacja-twarzy","15":"desktop-align-left","16":"tablet-align-left","17":"mobile-align-left","19":"first","20":"instock","21":"taxable","22":"shipping-taxable","23":"purchasable","24":"product-type-simple"},"acf":[],"yoast_head":"<!-- This site is optimized with the Yoast SEO plugin v27.2 - https:\/\/yoast.com\/product\/yoast-seo-wordpress\/ -->\n<title>Fioletowy kamie\u0144 Gua-Sha do masa\u017cu 100% naturalny ametyst<\/title>\n<meta name=\"description\" content=\"Fioletowy kamie\u0144 Gua-Sha do masa\u017cu twarzy. Wykonany w 100% z naturalnego ametystu, kt\u00f3ry jest nazywany kamieniem harmonii i relaksu. Zam\u00f3w teraz online.\" \/>\n<meta name=\"robots\" content=\"index, follow, max-snippet:-1, max-image-preview:large, max-video-preview:-1\" \/>\n<link rel=\"canonical\" href=\"https:\/\/jogapiekna.com\/en\/product\/masazer-kamien-gua-sha-ametyst\/\" \/>\n<meta property=\"og:locale\" content=\"en_GB\" \/>\n<meta property=\"og:type\" content=\"article\" \/>\n<meta property=\"og:title\" content=\"Fioletowy kamie\u0144 Gua-Sha do masa\u017cu 100% naturalny ametyst\" \/>\n<meta property=\"og:description\" content=\"Fioletowy kamie\u0144 Gua-Sha do masa\u017cu twarzy. Wykonany w 100% z naturalnego ametystu, kt\u00f3ry jest nazywany kamieniem harmonii i relaksu. Zam\u00f3w teraz online.\" \/>\n<meta property=\"og:url\" content=\"https:\/\/jogapiekna.com\/en\/product\/masazer-kamien-gua-sha-ametyst\/\" \/>\n<meta property=\"og:site_name\" content=\"JOGA PI\u0118KNA | Joga Twarzy\" \/>\n<meta property=\"article:publisher\" content=\"https:\/\/www.facebook.com\/JogaPieknaCom\/\" \/>\n<meta property=\"article:modified_time\" content=\"2026-03-29T07:20:51+00:00\" \/>\n<meta property=\"og:image\" content=\"https:\/\/jogapiekna.com\/wp-content\/uploads\/2020\/09\/Kamien-GuaSha-ametyst-100-naturalny-jogapiekna.jpg\" \/>\n\t<meta property=\"og:image:width\" content=\"1000\" \/>\n\t<meta property=\"og:image:height\" content=\"1000\" \/>\n\t<meta property=\"og:image:type\" content=\"image\/jpeg\" \/>\n<meta name=\"twitter:card\" content=\"summary_large_image\" \/>\n<meta name=\"twitter:label1\" content=\"Estimated reading time\" \/>\n\t<meta name=\"twitter:data1\" content=\"4 minutes\" \/>\n<script type=\"application\/ld+json\" class=\"yoast-schema-graph\">{\"@context\":\"https:\/\/schema.org\",\"@graph\":[{\"@type\":\"WebPage\",\"@id\":\"https:\/\/jogapiekna.com\/produkt\/masazer-kamien-gua-sha-ametyst\/\",\"url\":\"https:\/\/jogapiekna.com\/produkt\/masazer-kamien-gua-sha-ametyst\/\",\"name\":\"Fioletowy kamie\u0144 Gua-Sha do masa\u017cu 100% naturalny ametyst\",\"isPartOf\":{\"@id\":\"https:\/\/jogapiekna.com\/#website\"},\"primaryImageOfPage\":{\"@id\":\"https:\/\/jogapiekna.com\/produkt\/masazer-kamien-gua-sha-ametyst\/#primaryimage\"},\"image\":{\"@id\":\"https:\/\/jogapiekna.com\/produkt\/masazer-kamien-gua-sha-ametyst\/#primaryimage\"},\"thumbnailUrl\":\"https:\/\/jogapiekna.com\/wp-content\/uploads\/2020\/09\/Kamien-GuaSha-ametyst-100-naturalny-jogapiekna.jpg\",\"datePublished\":\"2020-09-10T09:57:35+00:00\",\"dateModified\":\"2026-03-29T07:20:51+00:00\",\"description\":\"Fioletowy kamie\u0144 Gua-Sha do masa\u017cu twarzy. Wykonany w 100% z naturalnego ametystu, kt\u00f3ry jest nazywany kamieniem harmonii i relaksu. Zam\u00f3w teraz online.\",\"breadcrumb\":{\"@id\":\"https:\/\/jogapiekna.com\/produkt\/masazer-kamien-gua-sha-ametyst\/#breadcrumb\"},\"inLanguage\":\"en-GB\",\"potentialAction\":[{\"@type\":\"ReadAction\",\"target\":[\"https:\/\/jogapiekna.com\/produkt\/masazer-kamien-gua-sha-ametyst\/\"]}]},{\"@type\":\"ImageObject\",\"inLanguage\":\"en-GB\",\"@id\":\"https:\/\/jogapiekna.com\/produkt\/masazer-kamien-gua-sha-ametyst\/#primaryimage\",\"url\":\"https:\/\/jogapiekna.com\/wp-content\/uploads\/2020\/09\/Kamien-GuaSha-ametyst-100-naturalny-jogapiekna.jpg\",\"contentUrl\":\"https:\/\/jogapiekna.com\/wp-content\/uploads\/2020\/09\/Kamien-GuaSha-ametyst-100-naturalny-jogapiekna.jpg\",\"width\":1000,\"height\":1000,\"caption\":\"Kamie\u0144 GuaSha ametyst 100% naturalny\"},{\"@type\":\"BreadcrumbList\",\"@id\":\"https:\/\/jogapiekna.com\/produkt\/masazer-kamien-gua-sha-ametyst\/#breadcrumb\",\"itemListElement\":[{\"@type\":\"ListItem\",\"position\":1,\"name\":\"Strona g\u0142\u00f3wna\",\"item\":\"https:\/\/jogapiekna.com\/\"},{\"@type\":\"ListItem\",\"position\":2,\"name\":\"Sklep\",\"item\":\"https:\/\/jogapiekna.com\/sklep\/\"},{\"@type\":\"ListItem\",\"position\":3,\"name\":\"Kamie\u0144 Gua-Sha do masa\u017cu \u2022 ametyst\"}]},{\"@type\":\"WebSite\",\"@id\":\"https:\/\/jogapiekna.com\/#website\",\"url\":\"https:\/\/jogapiekna.com\/\",\"name\":\"Joga Pi\u0119kna Marta Kuci\u0144ska\",\"description\":\"Joga Pi\u0119kna pomaga kobietom zachowa\u0107 urod\u0119, cofn\u0105\u0107 oznaki up\u0142ywaj\u0105cego czasu i zm\u0119czenia, odzyska\u0107 promienny wygl\u0105d, naturalny u\u015bmiech i popraw\u0119 w\u0142asnej samooceny.\",\"publisher\":{\"@id\":\"https:\/\/jogapiekna.com\/#organization\"},\"potentialAction\":[{\"@type\":\"SearchAction\",\"target\":{\"@type\":\"EntryPoint\",\"urlTemplate\":\"https:\/\/jogapiekna.com\/?s={search_term_string}\"},\"query-input\":{\"@type\":\"PropertyValueSpecification\",\"valueRequired\":true,\"valueName\":\"search_term_string\"}}],\"inLanguage\":\"en-GB\"},{\"@type\":\"Organization\",\"@id\":\"https:\/\/jogapiekna.com\/#organization\",\"name\":\"Joga Pi\u0119kna Marta Kuci\u0144ska\",\"url\":\"https:\/\/jogapiekna.com\/\",\"logo\":{\"@type\":\"ImageObject\",\"inLanguage\":\"en-GB\",\"@id\":\"https:\/\/jogapiekna.com\/#\/schema\/logo\/image\/\",\"url\":\"https:\/\/jogapiekna.com\/wp-content\/uploads\/2022\/09\/joga-piekna-logo_Rka.png\",\"contentUrl\":\"https:\/\/jogapiekna.com\/wp-content\/uploads\/2022\/09\/joga-piekna-logo_Rka.png\",\"width\":231,\"height\":124,\"caption\":\"Joga Pi\u0119kna Marta Kuci\u0144ska\"},\"image\":{\"@id\":\"https:\/\/jogapiekna.com\/#\/schema\/logo\/image\/\"},\"sameAs\":[\"https:\/\/www.facebook.com\/JogaPieknaCom\/\",\"https:\/\/www.instagram.com\/jogapieknacom\/\"]}]}<\/script>\n<!-- \/ Yoast SEO plugin. -->","yoast_head_json":{"title":"Fioletowy kamie\u0144 Gua-Sha do masa\u017cu 100% naturalny ametyst","description":"Fioletowy kamie\u0144 Gua-Sha do masa\u017cu twarzy. Wykonany w 100% z naturalnego ametystu, kt\u00f3ry jest nazywany kamieniem harmonii i relaksu. Zam\u00f3w teraz online.","robots":{"index":"index","follow":"follow","max-snippet":"max-snippet:-1","max-image-preview":"max-image-preview:large","max-video-preview":"max-video-preview:-1"},"canonical":"https:\/\/jogapiekna.com\/en\/product\/masazer-kamien-gua-sha-ametyst\/","og_locale":"en_GB","og_type":"article","og_title":"Fioletowy kamie\u0144 Gua-Sha do masa\u017cu 100% naturalny ametyst","og_description":"Fioletowy kamie\u0144 Gua-Sha do masa\u017cu twarzy. Wykonany w 100% z naturalnego ametystu, kt\u00f3ry jest nazywany kamieniem harmonii i relaksu. Zam\u00f3w teraz online.","og_url":"https:\/\/jogapiekna.com\/en\/product\/masazer-kamien-gua-sha-ametyst\/","og_site_name":"JOGA PI\u0118KNA | Joga Twarzy","article_publisher":"https:\/\/www.facebook.com\/JogaPieknaCom\/","article_modified_time":"2026-03-29T07:20:51+00:00","og_image":[{"width":1000,"height":1000,"url":"https:\/\/jogapiekna.com\/wp-content\/uploads\/2020\/09\/Kamien-GuaSha-ametyst-100-naturalny-jogapiekna.jpg","type":"image\/jpeg"}],"twitter_card":"summary_large_image","twitter_misc":{"Estimated reading time":"4 minutes"},"schema":{"@context":"https:\/\/schema.org","@graph":[{"@type":"WebPage","@id":"https:\/\/jogapiekna.com\/produkt\/masazer-kamien-gua-sha-ametyst\/","url":"https:\/\/jogapiekna.com\/produkt\/masazer-kamien-gua-sha-ametyst\/","name":"Fioletowy kamie\u0144 Gua-Sha do masa\u017cu 100% naturalny ametyst","isPartOf":{"@id":"https:\/\/jogapiekna.com\/#website"},"primaryImageOfPage":{"@id":"https:\/\/jogapiekna.com\/produkt\/masazer-kamien-gua-sha-ametyst\/#primaryimage"},"image":{"@id":"https:\/\/jogapiekna.com\/produkt\/masazer-kamien-gua-sha-ametyst\/#primaryimage"},"thumbnailUrl":"https:\/\/jogapiekna.com\/wp-content\/uploads\/2020\/09\/Kamien-GuaSha-ametyst-100-naturalny-jogapiekna.jpg","datePublished":"2020-09-10T09:57:35+00:00","dateModified":"2026-03-29T07:20:51+00:00","description":"Fioletowy kamie\u0144 Gua-Sha do masa\u017cu twarzy. Wykonany w 100% z naturalnego ametystu, kt\u00f3ry jest nazywany kamieniem harmonii i relaksu. Zam\u00f3w teraz online.","breadcrumb":{"@id":"https:\/\/jogapiekna.com\/produkt\/masazer-kamien-gua-sha-ametyst\/#breadcrumb"},"inLanguage":"en-GB","potentialAction":[{"@type":"ReadAction","target":["https:\/\/jogapiekna.com\/produkt\/masazer-kamien-gua-sha-ametyst\/"]}]},{"@type":"ImageObject","inLanguage":"en-GB","@id":"https:\/\/jogapiekna.com\/produkt\/masazer-kamien-gua-sha-ametyst\/#primaryimage","url":"https:\/\/jogapiekna.com\/wp-content\/uploads\/2020\/09\/Kamien-GuaSha-ametyst-100-naturalny-jogapiekna.jpg","contentUrl":"https:\/\/jogapiekna.com\/wp-content\/uploads\/2020\/09\/Kamien-GuaSha-ametyst-100-naturalny-jogapiekna.jpg","width":1000,"height":1000,"caption":"Kamie\u0144 GuaSha ametyst 100% naturalny"},{"@type":"BreadcrumbList","@id":"https:\/\/jogapiekna.com\/produkt\/masazer-kamien-gua-sha-ametyst\/#breadcrumb","itemListElement":[{"@type":"ListItem","position":1,"name":"Strona g\u0142\u00f3wna","item":"https:\/\/jogapiekna.com\/"},{"@type":"ListItem","position":2,"name":"Sklep","item":"https:\/\/jogapiekna.com\/sklep\/"},{"@type":"ListItem","position":3,"name":"Kamie\u0144 Gua-Sha do masa\u017cu \u2022 ametyst"}]},{"@type":"WebSite","@id":"https:\/\/jogapiekna.com\/#website","url":"https:\/\/jogapiekna.com\/","name":"Yoga Beauty Marta Kuci\u0144ska","description":"Beauty Yoga helps women to maintain their beauty, reverse the signs of passing time and fatigue, regain a radiant appearance, natural smile and improve their self-esteem.","publisher":{"@id":"https:\/\/jogapiekna.com\/#organization"},"potentialAction":[{"@type":"SearchAction","target":{"@type":"EntryPoint","urlTemplate":"https:\/\/jogapiekna.com\/?s={search_term_string}"},"query-input":{"@type":"PropertyValueSpecification","valueRequired":true,"valueName":"search_term_string"}}],"inLanguage":"en-GB"},{"@type":"Organization","@id":"https:\/\/jogapiekna.com\/#organization","name":"Yoga Beauty Marta Kuci\u0144ska","url":"https:\/\/jogapiekna.com\/","logo":{"@type":"ImageObject","inLanguage":"en-GB","@id":"https:\/\/jogapiekna.com\/#\/schema\/logo\/image\/","url":"https:\/\/jogapiekna.com\/wp-content\/uploads\/2022\/09\/joga-piekna-logo_Rka.png","contentUrl":"https:\/\/jogapiekna.com\/wp-content\/uploads\/2022\/09\/joga-piekna-logo_Rka.png","width":231,"height":124,"caption":"Joga Pi\u0119kna Marta Kuci\u0144ska"},"image":{"@id":"https:\/\/jogapiekna.com\/#\/schema\/logo\/image\/"},"sameAs":["https:\/\/www.facebook.com\/JogaPieknaCom\/","https:\/\/www.instagram.com\/jogapieknacom\/"]}]}},"_links":{"self":[{"href":"https:\/\/jogapiekna.com\/en\/wp-json\/wp\/v2\/product\/31239","targetHints":{"allow":["GET"]}}],"collection":[{"href":"https:\/\/jogapiekna.com\/en\/wp-json\/wp\/v2\/product"}],"about":[{"href":"https:\/\/jogapiekna.com\/en\/wp-json\/wp\/v2\/types\/product"}],"replies":[{"embeddable":true,"href":"https:\/\/jogapiekna.com\/en\/wp-json\/wp\/v2\/comments?post=31239"}],"version-history":[{"count":3,"href":"https:\/\/jogapiekna.com\/en\/wp-json\/wp\/v2\/product\/31239\/revisions"}],"predecessor-version":[{"id":210813,"href":"https:\/\/jogapiekna.com\/en\/wp-json\/wp\/v2\/product\/31239\/revisions\/210813"}],"wp:featuredmedia":[{"embeddable":true,"href":"https:\/\/jogapiekna.com\/en\/wp-json\/wp\/v2\/media\/94431"}],"wp:attachment":[{"href":"https:\/\/jogapiekna.com\/en\/wp-json\/wp\/v2\/media?parent=31239"}],"wp:term":[{"taxonomy":"product_brand","embeddable":true,"href":"https:\/\/jogapiekna.com\/en\/wp-json\/wp\/v2\/product_brand?post=31239"},{"taxonomy":"product_cat","embeddable":true,"href":"https:\/\/jogapiekna.com\/en\/wp-json\/wp\/v2\/product_cat?post=31239"},{"taxonomy":"product_tag","embeddable":true,"href":"https:\/\/jogapiekna.com\/en\/wp-json\/wp\/v2\/product_tag?post=31239"}],"curies":[{"name":"wp","href":"https:\/\/api.w.org\/{rel}","templated":true}]}}