{"id":31364,"date":"2020-09-15T14:43:37","date_gmt":"2020-09-15T12:43:37","guid":{"rendered":"https:\/\/jogapiekna.com\/?post_type=product&#038;p=31364"},"modified":"2026-03-18T08:33:02","modified_gmt":"2026-03-18T07:33:02","slug":"zestaw-do-masazu-roller-kamien-gua-sha-ametyst","status":"publish","type":"product","link":"https:\/\/jogapiekna.com\/en\/product\/zestaw-do-masazu-roller-kamien-gua-sha-ametyst\/","title":{"rendered":"Massage kit: roller * Gua sha * Amethyst"},"content":{"rendered":"<p><strong>Amethyst massage<\/strong> they will allow you to relax deeply. They will take care of the condition of your skin and make you feel cared for. This elegant facial massage kit brings with it a host of beauty benefits. Amethyst is called the stone of harmony and relaxation. Not without reason. It is prized for its soothing and calming properties. It drives away disturbing thoughts and neutralizes negative emotions.<\/p>\n<p>An amethyst massage kit is the perfect gift idea. The purple color of the semiprecious stone makes it one of the most elegant and luxurious. It will appeal to any lover of aesthetic beauty accessories.<\/p>\n<p>&nbsp;<\/p>\n<h3>Roller and stone gua sha action<\/h3>\n<p>You can use massagers interchangeably, depending on how intense the massage is and what you want to do at the moment.<\/p>\n<ul>\n<li><a href=\"https:\/\/jogapiekna.com\/en\/product\/roller-do-masazu-ametyst\/\" target=\"_blank\" rel=\"noopener\"><strong>Amethyst Roller<\/strong><\/a> allows you to make a more gentle massage. It gently massages the skin of the face, neck and decollete, while simultaneously tightening, making it elastic and smoothing out fine wrinkles. Two tips allow you to adapt the massage to individual areas of the face. The smaller one is used to massage the eye area.<\/li>\n<li><a href=\"https:\/\/jogapiekna.com\/en\/product\/masazer-kamien-gua-sha-ametyst\/\" target=\"_blank\" rel=\"noopener\"> <strong>Amethyst Gouache Plate<\/strong><\/a> this will allow you to do a stronger facial massage, which stimulates the internal regeneration of the skin. The shape of the stone adapts to the face. It allows you to remove puffiness, improves blood circulation and lymph circulation, and also models the oval of the face.<\/li>\n<\/ul>\n<p>&nbsp;<\/p>\n<p><strong> Roller facial Massage effects\u00a0 <\/strong><\/p>\n<ul>\n<li>improves blood and lymph circulation<\/li>\n<li>simulates facial features<\/li>\n<li>reduces puffiness of the face<\/li>\n<li>thickens and strengthens the skin<\/li>\n<li>reduces bags under the eyes<\/li>\n<li>provides blissful relaxation<\/li>\n<\/ul>\n<p>&nbsp;<\/p>\n<p><strong> Gua sha facial massage effects <\/strong><\/p>\n<ul>\n<li>gua sha stone models the face<\/li>\n<li>improves the contour of the face<\/li>\n<li>reduces the second chin<\/li>\n<li>reduces hamsters on the cheeks<\/li>\n<li>stimulates collagen synthesis<\/li>\n<li>strongly strengthens the skin<\/li>\n<li>strongly stimulates blood and lymph circulation<\/li>\n<\/ul>\n<p>&nbsp;<\/p>\n<h3>Roller and gua sha set of natural amethyst<\/h3>\n<p><strong>Set of roller and gua sha<\/strong> it was made by hand from a natural stone-purple amethyst, which is called the &#034;stone of harmony and relaxation&#034;.<\/p>\n<p><strong>What are the properties of amethyst?<\/strong> Amethyst belongs to the group of precious stones. It is a type of quartz with a purple, purplish, or purplish-violet hue. It restores balance to people who are exposed to stress, brings calmness and frees the mind from negative thoughts. Helps to cope with emotions, adds patience, relieves daily fatigue and problems. According to alternative medicine, it relieves headaches and migraines, helps with insomnia, regulates metabolism and improves skin condition. Amethyst should be cleaned under running, not too warm water. So that it does not lose its strength, it should be left 3 times a week for a few minutes in a sunny place.<\/p>\n<p><strong>Attention! Amethyst is a gift from nature that will not be 100% perfect (it may have small defects and color deviation).<\/strong><\/p>\n<p><strong> Amethyst facial massage \u2014 how to prepare your skin?\u00a0 <\/strong><br \/>\nBefore starting the massage, it is necessary to thoroughly clean the skin of the face and decollete.\u2028 To get a massage, apply a serum \/ oil or your favorite moisturizer. You can also use essential oils for massage.<\/p>\n<p>Gua sha massage-what you need to do<br \/>\n<iframe title=\"YouTube video player\" src=\"https:\/\/www.youtube.com\/embed\/8ORiaLgEwu8\" width=\"800\" height=\"450\" frameborder=\"0\" allowfullscreen=\"allowfullscreen\"><\/iframe><\/p>\n<p><strong> Face roller \u2014 how to use it?\u00a0 <\/strong><br \/>\nThe massage starts each time from the top of the face. <strong>gradually going down in the direction of the arrows<\/strong> \u2013 <strong>Figure 1<\/strong> snuggling up with moderate force. This is a very gentle massage that you can do every day. Regular use provides a natural facelift. Roller massage should last from 5 to 10 minutes.<\/p>\n<p><img decoding=\"async\" class=\"alignleft size-full wp-image-10664\" src=\"https:\/\/jogapiekna.com\/wp-content\/uploads\/2020\/01\/technika-roller.jpg\" alt=\"jak u\u017cywa\u0107 rollera do twarzy\" width=\"\u201e399\u201d\" height=\"\u201e600\u201d\" \/><\/p>\n<p><strong> Gua sha-how to use a stone for facial massage?\u00a0\u00a0<\/strong><br \/>\nGua sha is a special form of traditional Chinese therapeutic massage, consisting of skin scraping.<br \/>\nGua sha massage starts each time from the upper parts of the face, gradually going down in accordance with the direction of the arrows \u2013 <strong>Figure 2<\/strong> or with more puffiness from the lower parts, and then repeat the movements from top to bottom.<\/p>\n<p><img decoding=\"async\" class=\"alignleft size-full wp-image-10664\" src=\"https:\/\/jogapiekna.com\/wp-content\/uploads\/2020\/01\/kamien-gua-sha_technika2.jpg\" alt=\"\" width=\"\u201e399\u201d\" height=\"\u201e600\u201d\" \/><\/p>\n<p>&nbsp;<\/p>\n<h3>Contraindications for gua sha facial massage<\/h3>\n<ul>\n<li>damaged skin<\/li>\n<li>damaged veins<\/li>\n<li>highly capillary skin<\/li>\n<li>moles<\/li>\n<li>cuts and bruises<\/li>\n<li>extensive acne lesions<\/li>\n<li>rosacea in the active phase<\/li>\n<li>cancer diseases<\/li>\n<\/ul>\n<p>&nbsp;<\/p>\n<hr \/>\n<p>How to use a White quartz facial Massage Kit? Check out my YouTube channel:<\/p>\n<ul>\n<li><a href=\"https:\/\/www.youtube.com\/watch?v=97W6rL5zEXQ\" target=\"_blank\" rel=\"noopener\">Lifting and rejuvenating facial massage gua sha<\/a><\/li>\n<li><a href=\"https:\/\/www.youtube.com\/watch?v=LHPaqjpKXEA\" target=\"_blank\" rel=\"noopener\">Reducing puffiness around the eyes with gua sha<\/a><\/li>\n<li><a href=\"https:\/\/www.youtube.com\/watch?v=B7ozY52tXpo&amp;list=PL3hHGTCx5OYDQ5ZeJh_AniYwymJNeip6h&amp;index=6\" target=\"_blank\" rel=\"noopener\">Gua sha massage for lion&#039;s wrinkle\u00a0<\/a><\/li>\n<\/ul>","protected":false},"excerpt":{"rendered":"<p>Do you dream of a relaxed, smooth skin full of natural radiance? <strong>Amethyst massage<\/strong>that is, purple, extremely elegant quartz, they naturally care for the condition of the skin. They eliminate unwanted swelling and stagnation of the lymph. They stimulate blood circulation, oxygenate the skin and strengthen it, so that sagging gradually disappears.<\/p>\n<p>This <strong>one of the most elegant facial massage kits<\/strong>, which is perfect <strong>gift idea<\/strong>. The roller and gua sha are made of natural amethyst.<\/p>\n<p>&nbsp;<\/p>\n<p><strong>Roller dimensions:<\/strong> 14.5 cm x 6 cm<br \/>\n<strong>Guasha dimensions<\/strong> 8,5cm x 5,8cm x 0.8cm (+\/- 0.2 cm)<\/p>\n<p><strong>Package dimensions:<\/strong> 17 cm x 12 cm x 2.8 cm<\/p>","protected":false},"featured_media":94405,"comment_status":"closed","ping_status":"closed","template":"","meta":{"_acf_changed":false,"site-sidebar-layout":"default","site-content-layout":"","ast-site-content-layout":"default","site-content-style":"default","site-sidebar-style":"default","ast-global-header-display":"","ast-banner-title-visibility":"","ast-main-header-display":"","ast-hfb-above-header-display":"","ast-hfb-below-header-display":"","ast-hfb-mobile-header-display":"","site-post-title":"","ast-breadcrumbs-content":"","ast-featured-img":"","footer-sml-layout":"","ast-disable-related-posts":"","theme-transparent-header-meta":"","adv-header-id-meta":"","stick-header-meta":"","header-above-stick-meta":"","header-main-stick-meta":"","header-below-stick-meta":"","astra-migrate-meta-layouts":"default","ast-page-background-enabled":"default","ast-page-background-meta":{"desktop":{"background-color":"var(--ast-global-color-5)","background-image":"","background-repeat":"repeat","background-position":"center center","background-size":"auto","background-attachment":"scroll","background-type":"","background-media":"","overlay-type":"","overlay-color":"","overlay-opacity":"","overlay-gradient":""},"tablet":{"background-color":"","background-image":"","background-repeat":"repeat","background-position":"center center","background-size":"auto","background-attachment":"scroll","background-type":"","background-media":"","overlay-type":"","overlay-color":"","overlay-opacity":"","overlay-gradient":""},"mobile":{"background-color":"","background-image":"","background-repeat":"repeat","background-position":"center center","background-size":"auto","background-attachment":"scroll","background-type":"","background-media":"","overlay-type":"","overlay-color":"","overlay-opacity":"","overlay-gradient":""}},"ast-content-background-meta":{"desktop":{"background-color":"var(--ast-global-color-4)","background-image":"","background-repeat":"repeat","background-position":"center center","background-size":"auto","background-attachment":"scroll","background-type":"","background-media":"","overlay-type":"","overlay-color":"","overlay-opacity":"","overlay-gradient":""},"tablet":{"background-color":"var(--ast-global-color-4)","background-image":"","background-repeat":"repeat","background-position":"center center","background-size":"auto","background-attachment":"scroll","background-type":"","background-media":"","overlay-type":"","overlay-color":"","overlay-opacity":"","overlay-gradient":""},"mobile":{"background-color":"var(--ast-global-color-4)","background-image":"","background-repeat":"repeat","background-position":"center center","background-size":"auto","background-attachment":"scroll","background-type":"","background-media":"","overlay-type":"","overlay-color":"","overlay-opacity":"","overlay-gradient":""}}},"product_brand":[],"product_cat":[908],"product_tag":[251,41,208,60,210],"class_list":{"0":"post-31364","1":"product","2":"type-product","3":"status-publish","4":"has-post-thumbnail","6":"product_cat-szkice","7":"product_tag-ametyst","8":"product_tag-joga-twarzy","9":"product_tag-kamien-gua-sha","10":"product_tag-masazer-do-twarzy","11":"product_tag-roller","12":"desktop-align-left","13":"tablet-align-left","14":"mobile-align-left","16":"first","17":"instock","18":"taxable","19":"shipping-taxable","20":"purchasable","21":"product-type-simple"},"acf":[],"yoast_head":"<!-- This site is optimized with the Yoast SEO plugin v27.2 - https:\/\/yoast.com\/product\/yoast-seo-wordpress\/ -->\n<title>Zestaw roller i Gua Sha z naturalnego ametystu\u00a0| Joga Pi\u0119kna<\/title>\n<meta name=\"description\" content=\"Masa\u017ce ametystem relaksuj\u0105 sk\u00f3r\u0119, uj\u0119drniaj\u0105 j\u0105 i zmniejszaj\u0105 widoczno\u015b\u0107 zmarszczek. Ametyst to kamie\u0144 p\u00f3\u0142szlachetny. Roller i Gua Sha zamawiasz w zestawie.\u00a0\" \/>\n<meta name=\"robots\" content=\"index, follow, max-snippet:-1, max-image-preview:large, max-video-preview:-1\" \/>\n<link rel=\"canonical\" href=\"https:\/\/jogapiekna.com\/en\/product\/zestaw-do-masazu-roller-kamien-gua-sha-ametyst\/\" \/>\n<meta property=\"og:locale\" content=\"en_GB\" \/>\n<meta property=\"og:type\" content=\"article\" \/>\n<meta property=\"og:title\" content=\"Zestaw roller i Gua Sha z naturalnego ametystu\u00a0| Joga Pi\u0119kna\" \/>\n<meta property=\"og:description\" content=\"Masa\u017ce ametystem relaksuj\u0105 sk\u00f3r\u0119, uj\u0119drniaj\u0105 j\u0105 i zmniejszaj\u0105 widoczno\u015b\u0107 zmarszczek. Ametyst to kamie\u0144 p\u00f3\u0142szlachetny. Roller i Gua Sha zamawiasz w zestawie.\u00a0\" \/>\n<meta property=\"og:url\" content=\"https:\/\/jogapiekna.com\/en\/product\/zestaw-do-masazu-roller-kamien-gua-sha-ametyst\/\" \/>\n<meta property=\"og:site_name\" content=\"JOGA PI\u0118KNA | Joga Twarzy\" \/>\n<meta property=\"article:publisher\" content=\"https:\/\/www.facebook.com\/JogaPieknaCom\/\" \/>\n<meta property=\"article:modified_time\" content=\"2026-03-18T07:33:02+00:00\" \/>\n<meta property=\"og:image\" content=\"https:\/\/jogapiekna.com\/wp-content\/uploads\/2020\/09\/Zestaw-do-masazu-roller-GuaSha-ametyst-jogapiekna-1.jpg\" \/>\n\t<meta property=\"og:image:width\" content=\"1000\" \/>\n\t<meta property=\"og:image:height\" content=\"1000\" \/>\n\t<meta property=\"og:image:type\" content=\"image\/jpeg\" \/>\n<meta name=\"twitter:card\" content=\"summary_large_image\" \/>\n<meta name=\"twitter:label1\" content=\"Estimated reading time\" \/>\n\t<meta name=\"twitter:data1\" content=\"5 minutes\" \/>\n<script type=\"application\/ld+json\" class=\"yoast-schema-graph\">{\"@context\":\"https:\/\/schema.org\",\"@graph\":[{\"@type\":\"WebPage\",\"@id\":\"https:\/\/jogapiekna.com\/produkt\/zestaw-do-masazu-roller-kamien-gua-sha-ametyst\/\",\"url\":\"https:\/\/jogapiekna.com\/produkt\/zestaw-do-masazu-roller-kamien-gua-sha-ametyst\/\",\"name\":\"Zestaw roller i Gua Sha z naturalnego ametystu\u00a0| Joga Pi\u0119kna\",\"isPartOf\":{\"@id\":\"https:\/\/jogapiekna.com\/#website\"},\"primaryImageOfPage\":{\"@id\":\"https:\/\/jogapiekna.com\/produkt\/zestaw-do-masazu-roller-kamien-gua-sha-ametyst\/#primaryimage\"},\"image\":{\"@id\":\"https:\/\/jogapiekna.com\/produkt\/zestaw-do-masazu-roller-kamien-gua-sha-ametyst\/#primaryimage\"},\"thumbnailUrl\":\"https:\/\/jogapiekna.com\/wp-content\/uploads\/2020\/09\/Zestaw-do-masazu-roller-GuaSha-ametyst-jogapiekna-1.jpg\",\"datePublished\":\"2020-09-15T12:43:37+00:00\",\"dateModified\":\"2026-03-18T07:33:02+00:00\",\"description\":\"Masa\u017ce ametystem relaksuj\u0105 sk\u00f3r\u0119, uj\u0119drniaj\u0105 j\u0105 i zmniejszaj\u0105 widoczno\u015b\u0107 zmarszczek. Ametyst to kamie\u0144 p\u00f3\u0142szlachetny. Roller i Gua Sha zamawiasz w zestawie.\u00a0\",\"breadcrumb\":{\"@id\":\"https:\/\/jogapiekna.com\/produkt\/zestaw-do-masazu-roller-kamien-gua-sha-ametyst\/#breadcrumb\"},\"inLanguage\":\"en-GB\",\"potentialAction\":[{\"@type\":\"ReadAction\",\"target\":[\"https:\/\/jogapiekna.com\/produkt\/zestaw-do-masazu-roller-kamien-gua-sha-ametyst\/\"]}]},{\"@type\":\"ImageObject\",\"inLanguage\":\"en-GB\",\"@id\":\"https:\/\/jogapiekna.com\/produkt\/zestaw-do-masazu-roller-kamien-gua-sha-ametyst\/#primaryimage\",\"url\":\"https:\/\/jogapiekna.com\/wp-content\/uploads\/2020\/09\/Zestaw-do-masazu-roller-GuaSha-ametyst-jogapiekna-1.jpg\",\"contentUrl\":\"https:\/\/jogapiekna.com\/wp-content\/uploads\/2020\/09\/Zestaw-do-masazu-roller-GuaSha-ametyst-jogapiekna-1.jpg\",\"width\":1000,\"height\":1000,\"caption\":\"Zestaw do masa\u017cu: roller, GuaSha | ametyst\"},{\"@type\":\"BreadcrumbList\",\"@id\":\"https:\/\/jogapiekna.com\/produkt\/zestaw-do-masazu-roller-kamien-gua-sha-ametyst\/#breadcrumb\",\"itemListElement\":[{\"@type\":\"ListItem\",\"position\":1,\"name\":\"Strona g\u0142\u00f3wna\",\"item\":\"https:\/\/jogapiekna.com\/\"},{\"@type\":\"ListItem\",\"position\":2,\"name\":\"Sklep\",\"item\":\"https:\/\/jogapiekna.com\/sklep\/\"},{\"@type\":\"ListItem\",\"position\":3,\"name\":\"Zestaw do masa\u017cu: roller \u2022 Gua-Sha \u2022 ametyst\"}]},{\"@type\":\"WebSite\",\"@id\":\"https:\/\/jogapiekna.com\/#website\",\"url\":\"https:\/\/jogapiekna.com\/\",\"name\":\"Joga Pi\u0119kna Marta Kuci\u0144ska\",\"description\":\"Joga Pi\u0119kna pomaga kobietom zachowa\u0107 urod\u0119, cofn\u0105\u0107 oznaki up\u0142ywaj\u0105cego czasu i zm\u0119czenia, odzyska\u0107 promienny wygl\u0105d, naturalny u\u015bmiech i popraw\u0119 w\u0142asnej samooceny.\",\"publisher\":{\"@id\":\"https:\/\/jogapiekna.com\/#organization\"},\"potentialAction\":[{\"@type\":\"SearchAction\",\"target\":{\"@type\":\"EntryPoint\",\"urlTemplate\":\"https:\/\/jogapiekna.com\/?s={search_term_string}\"},\"query-input\":{\"@type\":\"PropertyValueSpecification\",\"valueRequired\":true,\"valueName\":\"search_term_string\"}}],\"inLanguage\":\"en-GB\"},{\"@type\":\"Organization\",\"@id\":\"https:\/\/jogapiekna.com\/#organization\",\"name\":\"Joga Pi\u0119kna Marta Kuci\u0144ska\",\"url\":\"https:\/\/jogapiekna.com\/\",\"logo\":{\"@type\":\"ImageObject\",\"inLanguage\":\"en-GB\",\"@id\":\"https:\/\/jogapiekna.com\/#\/schema\/logo\/image\/\",\"url\":\"https:\/\/jogapiekna.com\/wp-content\/uploads\/2022\/09\/joga-piekna-logo_Rka.png\",\"contentUrl\":\"https:\/\/jogapiekna.com\/wp-content\/uploads\/2022\/09\/joga-piekna-logo_Rka.png\",\"width\":231,\"height\":124,\"caption\":\"Joga Pi\u0119kna Marta Kuci\u0144ska\"},\"image\":{\"@id\":\"https:\/\/jogapiekna.com\/#\/schema\/logo\/image\/\"},\"sameAs\":[\"https:\/\/www.facebook.com\/JogaPieknaCom\/\",\"https:\/\/www.instagram.com\/jogapieknacom\/\"]}]}<\/script>\n<!-- \/ Yoast SEO plugin. -->","yoast_head_json":{"title":"Zestaw roller i Gua Sha z naturalnego ametystu\u00a0| Joga Pi\u0119kna","description":"Masa\u017ce ametystem relaksuj\u0105 sk\u00f3r\u0119, uj\u0119drniaj\u0105 j\u0105 i zmniejszaj\u0105 widoczno\u015b\u0107 zmarszczek. Ametyst to kamie\u0144 p\u00f3\u0142szlachetny. Roller i Gua Sha zamawiasz w zestawie.\u00a0","robots":{"index":"index","follow":"follow","max-snippet":"max-snippet:-1","max-image-preview":"max-image-preview:large","max-video-preview":"max-video-preview:-1"},"canonical":"https:\/\/jogapiekna.com\/en\/product\/zestaw-do-masazu-roller-kamien-gua-sha-ametyst\/","og_locale":"en_GB","og_type":"article","og_title":"Zestaw roller i Gua Sha z naturalnego ametystu\u00a0| Joga Pi\u0119kna","og_description":"Masa\u017ce ametystem relaksuj\u0105 sk\u00f3r\u0119, uj\u0119drniaj\u0105 j\u0105 i zmniejszaj\u0105 widoczno\u015b\u0107 zmarszczek. Ametyst to kamie\u0144 p\u00f3\u0142szlachetny. Roller i Gua Sha zamawiasz w zestawie.\u00a0","og_url":"https:\/\/jogapiekna.com\/en\/product\/zestaw-do-masazu-roller-kamien-gua-sha-ametyst\/","og_site_name":"JOGA PI\u0118KNA | Joga Twarzy","article_publisher":"https:\/\/www.facebook.com\/JogaPieknaCom\/","article_modified_time":"2026-03-18T07:33:02+00:00","og_image":[{"width":1000,"height":1000,"url":"https:\/\/jogapiekna.com\/wp-content\/uploads\/2020\/09\/Zestaw-do-masazu-roller-GuaSha-ametyst-jogapiekna-1.jpg","type":"image\/jpeg"}],"twitter_card":"summary_large_image","twitter_misc":{"Estimated reading time":"5 minutes"},"schema":{"@context":"https:\/\/schema.org","@graph":[{"@type":"WebPage","@id":"https:\/\/jogapiekna.com\/produkt\/zestaw-do-masazu-roller-kamien-gua-sha-ametyst\/","url":"https:\/\/jogapiekna.com\/produkt\/zestaw-do-masazu-roller-kamien-gua-sha-ametyst\/","name":"Zestaw roller i Gua Sha z naturalnego ametystu\u00a0| Joga Pi\u0119kna","isPartOf":{"@id":"https:\/\/jogapiekna.com\/#website"},"primaryImageOfPage":{"@id":"https:\/\/jogapiekna.com\/produkt\/zestaw-do-masazu-roller-kamien-gua-sha-ametyst\/#primaryimage"},"image":{"@id":"https:\/\/jogapiekna.com\/produkt\/zestaw-do-masazu-roller-kamien-gua-sha-ametyst\/#primaryimage"},"thumbnailUrl":"https:\/\/jogapiekna.com\/wp-content\/uploads\/2020\/09\/Zestaw-do-masazu-roller-GuaSha-ametyst-jogapiekna-1.jpg","datePublished":"2020-09-15T12:43:37+00:00","dateModified":"2026-03-18T07:33:02+00:00","description":"Masa\u017ce ametystem relaksuj\u0105 sk\u00f3r\u0119, uj\u0119drniaj\u0105 j\u0105 i zmniejszaj\u0105 widoczno\u015b\u0107 zmarszczek. Ametyst to kamie\u0144 p\u00f3\u0142szlachetny. Roller i Gua Sha zamawiasz w zestawie.\u00a0","breadcrumb":{"@id":"https:\/\/jogapiekna.com\/produkt\/zestaw-do-masazu-roller-kamien-gua-sha-ametyst\/#breadcrumb"},"inLanguage":"en-GB","potentialAction":[{"@type":"ReadAction","target":["https:\/\/jogapiekna.com\/produkt\/zestaw-do-masazu-roller-kamien-gua-sha-ametyst\/"]}]},{"@type":"ImageObject","inLanguage":"en-GB","@id":"https:\/\/jogapiekna.com\/produkt\/zestaw-do-masazu-roller-kamien-gua-sha-ametyst\/#primaryimage","url":"https:\/\/jogapiekna.com\/wp-content\/uploads\/2020\/09\/Zestaw-do-masazu-roller-GuaSha-ametyst-jogapiekna-1.jpg","contentUrl":"https:\/\/jogapiekna.com\/wp-content\/uploads\/2020\/09\/Zestaw-do-masazu-roller-GuaSha-ametyst-jogapiekna-1.jpg","width":1000,"height":1000,"caption":"Zestaw do masa\u017cu: roller, GuaSha | ametyst"},{"@type":"BreadcrumbList","@id":"https:\/\/jogapiekna.com\/produkt\/zestaw-do-masazu-roller-kamien-gua-sha-ametyst\/#breadcrumb","itemListElement":[{"@type":"ListItem","position":1,"name":"Strona g\u0142\u00f3wna","item":"https:\/\/jogapiekna.com\/"},{"@type":"ListItem","position":2,"name":"Sklep","item":"https:\/\/jogapiekna.com\/sklep\/"},{"@type":"ListItem","position":3,"name":"Zestaw do masa\u017cu: roller \u2022 Gua-Sha \u2022 ametyst"}]},{"@type":"WebSite","@id":"https:\/\/jogapiekna.com\/#website","url":"https:\/\/jogapiekna.com\/","name":"Yoga Beauty Marta Kuci\u0144ska","description":"Beauty Yoga helps women to maintain their beauty, reverse the signs of passing time and fatigue, regain a radiant appearance, natural smile and improve their self-esteem.","publisher":{"@id":"https:\/\/jogapiekna.com\/#organization"},"potentialAction":[{"@type":"SearchAction","target":{"@type":"EntryPoint","urlTemplate":"https:\/\/jogapiekna.com\/?s={search_term_string}"},"query-input":{"@type":"PropertyValueSpecification","valueRequired":true,"valueName":"search_term_string"}}],"inLanguage":"en-GB"},{"@type":"Organization","@id":"https:\/\/jogapiekna.com\/#organization","name":"Yoga Beauty Marta Kuci\u0144ska","url":"https:\/\/jogapiekna.com\/","logo":{"@type":"ImageObject","inLanguage":"en-GB","@id":"https:\/\/jogapiekna.com\/#\/schema\/logo\/image\/","url":"https:\/\/jogapiekna.com\/wp-content\/uploads\/2022\/09\/joga-piekna-logo_Rka.png","contentUrl":"https:\/\/jogapiekna.com\/wp-content\/uploads\/2022\/09\/joga-piekna-logo_Rka.png","width":231,"height":124,"caption":"Joga Pi\u0119kna Marta Kuci\u0144ska"},"image":{"@id":"https:\/\/jogapiekna.com\/#\/schema\/logo\/image\/"},"sameAs":["https:\/\/www.facebook.com\/JogaPieknaCom\/","https:\/\/www.instagram.com\/jogapieknacom\/"]}]}},"_links":{"self":[{"href":"https:\/\/jogapiekna.com\/en\/wp-json\/wp\/v2\/product\/31364","targetHints":{"allow":["GET"]}}],"collection":[{"href":"https:\/\/jogapiekna.com\/en\/wp-json\/wp\/v2\/product"}],"about":[{"href":"https:\/\/jogapiekna.com\/en\/wp-json\/wp\/v2\/types\/product"}],"replies":[{"embeddable":true,"href":"https:\/\/jogapiekna.com\/en\/wp-json\/wp\/v2\/comments?post=31364"}],"version-history":[{"count":3,"href":"https:\/\/jogapiekna.com\/en\/wp-json\/wp\/v2\/product\/31364\/revisions"}],"predecessor-version":[{"id":219315,"href":"https:\/\/jogapiekna.com\/en\/wp-json\/wp\/v2\/product\/31364\/revisions\/219315"}],"wp:featuredmedia":[{"embeddable":true,"href":"https:\/\/jogapiekna.com\/en\/wp-json\/wp\/v2\/media\/94405"}],"wp:attachment":[{"href":"https:\/\/jogapiekna.com\/en\/wp-json\/wp\/v2\/media?parent=31364"}],"wp:term":[{"taxonomy":"product_brand","embeddable":true,"href":"https:\/\/jogapiekna.com\/en\/wp-json\/wp\/v2\/product_brand?post=31364"},{"taxonomy":"product_cat","embeddable":true,"href":"https:\/\/jogapiekna.com\/en\/wp-json\/wp\/v2\/product_cat?post=31364"},{"taxonomy":"product_tag","embeddable":true,"href":"https:\/\/jogapiekna.com\/en\/wp-json\/wp\/v2\/product_tag?post=31364"}],"curies":[{"name":"wp","href":"https:\/\/api.w.org\/{rel}","templated":true}]}}