{"id":31393,"date":"2020-09-16T19:50:40","date_gmt":"2020-09-16T17:50:40","guid":{"rendered":"https:\/\/jogapiekna.com\/?post_type=product&#038;p=31393"},"modified":"2026-02-02T10:13:52","modified_gmt":"2026-02-02T09:13:52","slug":"forgive-touch-10-ml","status":"publish","type":"product","link":"https:\/\/jogapiekna.com\/en\/product\/forgive-touch-10-ml\/","title":{"rendered":"doTERRA Essential oil * Forgive * Mute * roll on 10 ml"},"content":{"rendered":"<p>doTERRA &#034;Forgive Touch&#034; contains essential oils of wood and herbs that promote a sense of calm, relief and satisfaction. The oils contained in the proprietary Forgive Touch blend are known to help ease feelings of anger or guilt and promote feelings of love and forgiveness. The drug is designed to help you discover the liberating effect of forgiving, forgetting painful situations in life. The herbaceous, fresh and woody fragrance promotes a sense of satisfaction and relief. The fractionated coconut oil contained in the mixture facilitates the use and application of the product.<\/p>\n<p><strong>smell:<\/strong> herbaceous, fresh, woody<\/p>\n<p><strong>Indications::<\/strong><\/p>\n<ul>\n<li>mood swings, chandra<\/li>\n<li>despondency, heavy emotions<\/li>\n<\/ul>\n<p><strong>How to use it: <\/strong><\/p>\n<ul>\n<li>Rub doTERRA Forgive Touch Close to Your Heart to Forgive Yourself and Others<\/li>\n<li>keep it handy all day<\/li>\n<\/ul>\n<p><strong>All doTERRA oils are clean and safe. They are certified CPTG (Certified Pure Therapeutic Grade\u00ae) - certified pure therapeutic grade.<\/strong> They can be safely used internally, lubricated the body, and inhaled.<\/p>\n<p><strong>CPTG-Certified Pure Therapeutic Grade (ACKT-Certified Pure therapeutic Grade)<\/strong> doTERRA oils, which makes it absolutely safe to use oils orally (those intended for internal use), as well as in small children.<\/p>\n<p>What does such a certificate mean?<\/p>\n<ul>\n<li>quality without pesticides and heavy metals,<\/li>\n<li>no artificial colors or fillers,<\/li>\n<li>kontrolowane uprawy na obszarach, gdzie naturalnie wyst\u0119puje dana ro\u015blina i zbieranie jej w optymalnym momencie<\/li>\n<li>brak domieszek olejk\u00f3w z innych ro\u015blinnych<\/li>\n<li>brak domieszek olejk\u00f3w syntetycznych<\/li>\n<\/ul>","protected":false},"excerpt":{"rendered":"<p style=\"text-align: left\">10 ml<\/p>","protected":false},"featured_media":94701,"comment_status":"closed","ping_status":"closed","template":"","meta":{"_acf_changed":false,"site-sidebar-layout":"default","site-content-layout":"","ast-site-content-layout":"default","site-content-style":"default","site-sidebar-style":"default","ast-global-header-display":"","ast-banner-title-visibility":"","ast-main-header-display":"","ast-hfb-above-header-display":"","ast-hfb-below-header-display":"","ast-hfb-mobile-header-display":"","site-post-title":"","ast-breadcrumbs-content":"","ast-featured-img":"","footer-sml-layout":"","ast-disable-related-posts":"","theme-transparent-header-meta":"","adv-header-id-meta":"","stick-header-meta":"","header-above-stick-meta":"","header-main-stick-meta":"","header-below-stick-meta":"","astra-migrate-meta-layouts":"default","ast-page-background-enabled":"default","ast-page-background-meta":{"desktop":{"background-color":"var(--ast-global-color-5)","background-image":"","background-repeat":"repeat","background-position":"center center","background-size":"auto","background-attachment":"scroll","background-type":"","background-media":"","overlay-type":"","overlay-color":"","overlay-opacity":"","overlay-gradient":""},"tablet":{"background-color":"","background-image":"","background-repeat":"repeat","background-position":"center center","background-size":"auto","background-attachment":"scroll","background-type":"","background-media":"","overlay-type":"","overlay-color":"","overlay-opacity":"","overlay-gradient":""},"mobile":{"background-color":"","background-image":"","background-repeat":"repeat","background-position":"center center","background-size":"auto","background-attachment":"scroll","background-type":"","background-media":"","overlay-type":"","overlay-color":"","overlay-opacity":"","overlay-gradient":""}},"ast-content-background-meta":{"desktop":{"background-color":"var(--ast-global-color-4)","background-image":"","background-repeat":"repeat","background-position":"center center","background-size":"auto","background-attachment":"scroll","background-type":"","background-media":"","overlay-type":"","overlay-color":"","overlay-opacity":"","overlay-gradient":""},"tablet":{"background-color":"var(--ast-global-color-4)","background-image":"","background-repeat":"repeat","background-position":"center center","background-size":"auto","background-attachment":"scroll","background-type":"","background-media":"","overlay-type":"","overlay-color":"","overlay-opacity":"","overlay-gradient":""},"mobile":{"background-color":"var(--ast-global-color-4)","background-image":"","background-repeat":"repeat","background-position":"center center","background-size":"auto","background-attachment":"scroll","background-type":"","background-media":"","overlay-type":"","overlay-color":"","overlay-opacity":"","overlay-gradient":""}}},"product_brand":[],"product_cat":[642],"product_tag":[157,144,57],"class_list":{"0":"post-31393","1":"product","2":"type-product","3":"status-publish","4":"has-post-thumbnail","6":"product_cat-olejki-eteryczne","7":"product_tag-aromaterapia","8":"product_tag-doterra","9":"product_tag-olejek-eteryczny","10":"desktop-align-left","11":"tablet-align-left","12":"mobile-align-left","14":"first","15":"outofstock","16":"taxable","17":"shipping-taxable","18":"purchasable","19":"product-type-simple"},"acf":[],"yoast_head":"<!-- This site is optimized with the Yoast SEO plugin v27.2 - https:\/\/yoast.com\/product\/yoast-seo-wordpress\/ -->\n<title>Olejek eteryczny doTERRA \u2022 Forgive \u2022 wyciszenie \u2022 roll on 10 ml | Joga Pi\u0119kna | Ajurweda<\/title>\n<meta name=\"description\" content=\"Preparat doTERRA \u201eForgive Touch\u201d zawiera olejki eteryczne z drzewa i zi\u00f3\u0142 , kt\u00f3re promuj\u0105 uczucie wyciszenia, ulgi i\u00a0zadowolenia.\u00a0Olejki znajduj\u0105ce si\u0119 w zastrze\u017conej mieszance Forgive Touch\u00a0znane s\u0105 z tego, \u017ce pomagaj\u0105 z\u0142agodzi\u0107 poczucie gniewu lub winy i przyczyniaj\u0105 si\u0119 do promowania uczu\u0107 mi\u0142o\u015bci i przebaczenia.\" \/>\n<meta name=\"robots\" content=\"index, follow, max-snippet:-1, max-image-preview:large, max-video-preview:-1\" \/>\n<link rel=\"canonical\" href=\"https:\/\/jogapiekna.com\/en\/product\/forgive-touch-10-ml\/\" \/>\n<meta property=\"og:locale\" content=\"en_GB\" \/>\n<meta property=\"og:type\" content=\"article\" \/>\n<meta property=\"og:title\" content=\"Olejek eteryczny doTERRA \u2022 Forgive \u2022 wyciszenie \u2022 roll on 10 ml | Joga Pi\u0119kna | Ajurweda\" \/>\n<meta property=\"og:description\" content=\"Preparat doTERRA \u201eForgive Touch\u201d zawiera olejki eteryczne z drzewa i zi\u00f3\u0142 , kt\u00f3re promuj\u0105 uczucie wyciszenia, ulgi i\u00a0zadowolenia.\u00a0Olejki znajduj\u0105ce si\u0119 w zastrze\u017conej mieszance Forgive Touch\u00a0znane s\u0105 z tego, \u017ce pomagaj\u0105 z\u0142agodzi\u0107 poczucie gniewu lub winy i przyczyniaj\u0105 si\u0119 do promowania uczu\u0107 mi\u0142o\u015bci i przebaczenia.\" \/>\n<meta property=\"og:url\" content=\"https:\/\/jogapiekna.com\/en\/product\/forgive-touch-10-ml\/\" \/>\n<meta property=\"og:site_name\" content=\"JOGA PI\u0118KNA | Joga Twarzy\" \/>\n<meta property=\"article:publisher\" content=\"https:\/\/www.facebook.com\/JogaPieknaCom\/\" \/>\n<meta property=\"article:modified_time\" content=\"2026-02-02T09:13:52+00:00\" \/>\n<meta property=\"og:image\" content=\"https:\/\/jogapiekna.com\/wp-content\/uploads\/2020\/09\/joga-piekna_olejek-touch-fogive_doterra.jpg\" \/>\n\t<meta property=\"og:image:width\" content=\"1000\" \/>\n\t<meta property=\"og:image:height\" content=\"1000\" \/>\n\t<meta property=\"og:image:type\" content=\"image\/jpeg\" \/>\n<meta name=\"twitter:card\" content=\"summary_large_image\" \/>\n<meta name=\"twitter:label1\" content=\"Estimated reading time\" \/>\n\t<meta name=\"twitter:data1\" content=\"2 minutes\" \/>\n<script type=\"application\/ld+json\" class=\"yoast-schema-graph\">{\"@context\":\"https:\/\/schema.org\",\"@graph\":[{\"@type\":\"WebPage\",\"@id\":\"https:\/\/jogapiekna.com\/produkt\/forgive-touch-10-ml\/\",\"url\":\"https:\/\/jogapiekna.com\/produkt\/forgive-touch-10-ml\/\",\"name\":\"Olejek eteryczny doTERRA \u2022 Forgive \u2022 wyciszenie \u2022 roll on 10 ml | Joga Pi\u0119kna | Ajurweda\",\"isPartOf\":{\"@id\":\"https:\/\/jogapiekna.com\/#website\"},\"primaryImageOfPage\":{\"@id\":\"https:\/\/jogapiekna.com\/produkt\/forgive-touch-10-ml\/#primaryimage\"},\"image\":{\"@id\":\"https:\/\/jogapiekna.com\/produkt\/forgive-touch-10-ml\/#primaryimage\"},\"thumbnailUrl\":\"https:\/\/jogapiekna.com\/wp-content\/uploads\/2020\/09\/joga-piekna_olejek-touch-fogive_doterra.jpg\",\"datePublished\":\"2020-09-16T17:50:40+00:00\",\"dateModified\":\"2026-02-02T09:13:52+00:00\",\"description\":\"Preparat doTERRA \u201eForgive Touch\u201d zawiera olejki eteryczne z drzewa i zi\u00f3\u0142 , kt\u00f3re promuj\u0105 uczucie wyciszenia, ulgi i\u00a0zadowolenia.\u00a0Olejki znajduj\u0105ce si\u0119 w zastrze\u017conej mieszance Forgive Touch\u00a0znane s\u0105 z tego, \u017ce pomagaj\u0105 z\u0142agodzi\u0107 poczucie gniewu lub winy i przyczyniaj\u0105 si\u0119 do promowania uczu\u0107 mi\u0142o\u015bci i przebaczenia.\",\"breadcrumb\":{\"@id\":\"https:\/\/jogapiekna.com\/produkt\/forgive-touch-10-ml\/#breadcrumb\"},\"inLanguage\":\"en-GB\",\"potentialAction\":[{\"@type\":\"ReadAction\",\"target\":[\"https:\/\/jogapiekna.com\/produkt\/forgive-touch-10-ml\/\"]}]},{\"@type\":\"ImageObject\",\"inLanguage\":\"en-GB\",\"@id\":\"https:\/\/jogapiekna.com\/produkt\/forgive-touch-10-ml\/#primaryimage\",\"url\":\"https:\/\/jogapiekna.com\/wp-content\/uploads\/2020\/09\/joga-piekna_olejek-touch-fogive_doterra.jpg\",\"contentUrl\":\"https:\/\/jogapiekna.com\/wp-content\/uploads\/2020\/09\/joga-piekna_olejek-touch-fogive_doterra.jpg\",\"width\":1000,\"height\":1000,\"caption\":\"Olejek eteryczny doTERRA \u2022 Forgive \u2022 wyciszenie \u2022 roll on 10 ml\"},{\"@type\":\"BreadcrumbList\",\"@id\":\"https:\/\/jogapiekna.com\/produkt\/forgive-touch-10-ml\/#breadcrumb\",\"itemListElement\":[{\"@type\":\"ListItem\",\"position\":1,\"name\":\"Strona g\u0142\u00f3wna\",\"item\":\"https:\/\/jogapiekna.com\/\"},{\"@type\":\"ListItem\",\"position\":2,\"name\":\"Sklep\",\"item\":\"https:\/\/jogapiekna.com\/sklep\/\"},{\"@type\":\"ListItem\",\"position\":3,\"name\":\"Olejek eteryczny doTERRA \u2022 Forgive \u2022 wyciszenie \u2022 roll on 10 ml\"}]},{\"@type\":\"WebSite\",\"@id\":\"https:\/\/jogapiekna.com\/#website\",\"url\":\"https:\/\/jogapiekna.com\/\",\"name\":\"Joga Pi\u0119kna Marta Kuci\u0144ska\",\"description\":\"Joga Pi\u0119kna pomaga kobietom zachowa\u0107 urod\u0119, cofn\u0105\u0107 oznaki up\u0142ywaj\u0105cego czasu i zm\u0119czenia, odzyska\u0107 promienny wygl\u0105d, naturalny u\u015bmiech i popraw\u0119 w\u0142asnej samooceny.\",\"publisher\":{\"@id\":\"https:\/\/jogapiekna.com\/#organization\"},\"potentialAction\":[{\"@type\":\"SearchAction\",\"target\":{\"@type\":\"EntryPoint\",\"urlTemplate\":\"https:\/\/jogapiekna.com\/?s={search_term_string}\"},\"query-input\":{\"@type\":\"PropertyValueSpecification\",\"valueRequired\":true,\"valueName\":\"search_term_string\"}}],\"inLanguage\":\"en-GB\"},{\"@type\":\"Organization\",\"@id\":\"https:\/\/jogapiekna.com\/#organization\",\"name\":\"Joga Pi\u0119kna Marta Kuci\u0144ska\",\"url\":\"https:\/\/jogapiekna.com\/\",\"logo\":{\"@type\":\"ImageObject\",\"inLanguage\":\"en-GB\",\"@id\":\"https:\/\/jogapiekna.com\/#\/schema\/logo\/image\/\",\"url\":\"https:\/\/jogapiekna.com\/wp-content\/uploads\/2022\/09\/joga-piekna-logo_Rka.png\",\"contentUrl\":\"https:\/\/jogapiekna.com\/wp-content\/uploads\/2022\/09\/joga-piekna-logo_Rka.png\",\"width\":231,\"height\":124,\"caption\":\"Joga Pi\u0119kna Marta Kuci\u0144ska\"},\"image\":{\"@id\":\"https:\/\/jogapiekna.com\/#\/schema\/logo\/image\/\"},\"sameAs\":[\"https:\/\/www.facebook.com\/JogaPieknaCom\/\",\"https:\/\/www.instagram.com\/jogapieknacom\/\"]}]}<\/script>\n<!-- \/ Yoast SEO plugin. -->","yoast_head_json":{"title":"Olejek eteryczny doTERRA \u2022 Forgive \u2022 wyciszenie \u2022 roll on 10 ml | Joga Pi\u0119kna | Ajurweda","description":"Preparat doTERRA \u201eForgive Touch\u201d zawiera olejki eteryczne z drzewa i zi\u00f3\u0142 , kt\u00f3re promuj\u0105 uczucie wyciszenia, ulgi i\u00a0zadowolenia.\u00a0Olejki znajduj\u0105ce si\u0119 w zastrze\u017conej mieszance Forgive Touch\u00a0znane s\u0105 z tego, \u017ce pomagaj\u0105 z\u0142agodzi\u0107 poczucie gniewu lub winy i przyczyniaj\u0105 si\u0119 do promowania uczu\u0107 mi\u0142o\u015bci i przebaczenia.","robots":{"index":"index","follow":"follow","max-snippet":"max-snippet:-1","max-image-preview":"max-image-preview:large","max-video-preview":"max-video-preview:-1"},"canonical":"https:\/\/jogapiekna.com\/en\/product\/forgive-touch-10-ml\/","og_locale":"en_GB","og_type":"article","og_title":"Olejek eteryczny doTERRA \u2022 Forgive \u2022 wyciszenie \u2022 roll on 10 ml | Joga Pi\u0119kna | Ajurweda","og_description":"Preparat doTERRA \u201eForgive Touch\u201d zawiera olejki eteryczne z drzewa i zi\u00f3\u0142 , kt\u00f3re promuj\u0105 uczucie wyciszenia, ulgi i\u00a0zadowolenia.\u00a0Olejki znajduj\u0105ce si\u0119 w zastrze\u017conej mieszance Forgive Touch\u00a0znane s\u0105 z tego, \u017ce pomagaj\u0105 z\u0142agodzi\u0107 poczucie gniewu lub winy i przyczyniaj\u0105 si\u0119 do promowania uczu\u0107 mi\u0142o\u015bci i przebaczenia.","og_url":"https:\/\/jogapiekna.com\/en\/product\/forgive-touch-10-ml\/","og_site_name":"JOGA PI\u0118KNA | Joga Twarzy","article_publisher":"https:\/\/www.facebook.com\/JogaPieknaCom\/","article_modified_time":"2026-02-02T09:13:52+00:00","og_image":[{"width":1000,"height":1000,"url":"https:\/\/jogapiekna.com\/wp-content\/uploads\/2020\/09\/joga-piekna_olejek-touch-fogive_doterra.jpg","type":"image\/jpeg"}],"twitter_card":"summary_large_image","twitter_misc":{"Estimated reading time":"2 minutes"},"schema":{"@context":"https:\/\/schema.org","@graph":[{"@type":"WebPage","@id":"https:\/\/jogapiekna.com\/produkt\/forgive-touch-10-ml\/","url":"https:\/\/jogapiekna.com\/produkt\/forgive-touch-10-ml\/","name":"Olejek eteryczny doTERRA \u2022 Forgive \u2022 wyciszenie \u2022 roll on 10 ml | Joga Pi\u0119kna | Ajurweda","isPartOf":{"@id":"https:\/\/jogapiekna.com\/#website"},"primaryImageOfPage":{"@id":"https:\/\/jogapiekna.com\/produkt\/forgive-touch-10-ml\/#primaryimage"},"image":{"@id":"https:\/\/jogapiekna.com\/produkt\/forgive-touch-10-ml\/#primaryimage"},"thumbnailUrl":"https:\/\/jogapiekna.com\/wp-content\/uploads\/2020\/09\/joga-piekna_olejek-touch-fogive_doterra.jpg","datePublished":"2020-09-16T17:50:40+00:00","dateModified":"2026-02-02T09:13:52+00:00","description":"Preparat doTERRA \u201eForgive Touch\u201d zawiera olejki eteryczne z drzewa i zi\u00f3\u0142 , kt\u00f3re promuj\u0105 uczucie wyciszenia, ulgi i\u00a0zadowolenia.\u00a0Olejki znajduj\u0105ce si\u0119 w zastrze\u017conej mieszance Forgive Touch\u00a0znane s\u0105 z tego, \u017ce pomagaj\u0105 z\u0142agodzi\u0107 poczucie gniewu lub winy i przyczyniaj\u0105 si\u0119 do promowania uczu\u0107 mi\u0142o\u015bci i przebaczenia.","breadcrumb":{"@id":"https:\/\/jogapiekna.com\/produkt\/forgive-touch-10-ml\/#breadcrumb"},"inLanguage":"en-GB","potentialAction":[{"@type":"ReadAction","target":["https:\/\/jogapiekna.com\/produkt\/forgive-touch-10-ml\/"]}]},{"@type":"ImageObject","inLanguage":"en-GB","@id":"https:\/\/jogapiekna.com\/produkt\/forgive-touch-10-ml\/#primaryimage","url":"https:\/\/jogapiekna.com\/wp-content\/uploads\/2020\/09\/joga-piekna_olejek-touch-fogive_doterra.jpg","contentUrl":"https:\/\/jogapiekna.com\/wp-content\/uploads\/2020\/09\/joga-piekna_olejek-touch-fogive_doterra.jpg","width":1000,"height":1000,"caption":"Olejek eteryczny doTERRA \u2022 Forgive \u2022 wyciszenie \u2022 roll on 10 ml"},{"@type":"BreadcrumbList","@id":"https:\/\/jogapiekna.com\/produkt\/forgive-touch-10-ml\/#breadcrumb","itemListElement":[{"@type":"ListItem","position":1,"name":"Strona g\u0142\u00f3wna","item":"https:\/\/jogapiekna.com\/"},{"@type":"ListItem","position":2,"name":"Sklep","item":"https:\/\/jogapiekna.com\/sklep\/"},{"@type":"ListItem","position":3,"name":"Olejek eteryczny doTERRA \u2022 Forgive \u2022 wyciszenie \u2022 roll on 10 ml"}]},{"@type":"WebSite","@id":"https:\/\/jogapiekna.com\/#website","url":"https:\/\/jogapiekna.com\/","name":"Yoga Beauty Marta Kuci\u0144ska","description":"Beauty Yoga helps women to maintain their beauty, reverse the signs of passing time and fatigue, regain a radiant appearance, natural smile and improve their self-esteem.","publisher":{"@id":"https:\/\/jogapiekna.com\/#organization"},"potentialAction":[{"@type":"SearchAction","target":{"@type":"EntryPoint","urlTemplate":"https:\/\/jogapiekna.com\/?s={search_term_string}"},"query-input":{"@type":"PropertyValueSpecification","valueRequired":true,"valueName":"search_term_string"}}],"inLanguage":"en-GB"},{"@type":"Organization","@id":"https:\/\/jogapiekna.com\/#organization","name":"Yoga Beauty Marta Kuci\u0144ska","url":"https:\/\/jogapiekna.com\/","logo":{"@type":"ImageObject","inLanguage":"en-GB","@id":"https:\/\/jogapiekna.com\/#\/schema\/logo\/image\/","url":"https:\/\/jogapiekna.com\/wp-content\/uploads\/2022\/09\/joga-piekna-logo_Rka.png","contentUrl":"https:\/\/jogapiekna.com\/wp-content\/uploads\/2022\/09\/joga-piekna-logo_Rka.png","width":231,"height":124,"caption":"Joga Pi\u0119kna Marta Kuci\u0144ska"},"image":{"@id":"https:\/\/jogapiekna.com\/#\/schema\/logo\/image\/"},"sameAs":["https:\/\/www.facebook.com\/JogaPieknaCom\/","https:\/\/www.instagram.com\/jogapieknacom\/"]}]}},"_links":{"self":[{"href":"https:\/\/jogapiekna.com\/en\/wp-json\/wp\/v2\/product\/31393","targetHints":{"allow":["GET"]}}],"collection":[{"href":"https:\/\/jogapiekna.com\/en\/wp-json\/wp\/v2\/product"}],"about":[{"href":"https:\/\/jogapiekna.com\/en\/wp-json\/wp\/v2\/types\/product"}],"replies":[{"embeddable":true,"href":"https:\/\/jogapiekna.com\/en\/wp-json\/wp\/v2\/comments?post=31393"}],"version-history":[{"count":3,"href":"https:\/\/jogapiekna.com\/en\/wp-json\/wp\/v2\/product\/31393\/revisions"}],"predecessor-version":[{"id":211247,"href":"https:\/\/jogapiekna.com\/en\/wp-json\/wp\/v2\/product\/31393\/revisions\/211247"}],"wp:featuredmedia":[{"embeddable":true,"href":"https:\/\/jogapiekna.com\/en\/wp-json\/wp\/v2\/media\/94701"}],"wp:attachment":[{"href":"https:\/\/jogapiekna.com\/en\/wp-json\/wp\/v2\/media?parent=31393"}],"wp:term":[{"taxonomy":"product_brand","embeddable":true,"href":"https:\/\/jogapiekna.com\/en\/wp-json\/wp\/v2\/product_brand?post=31393"},{"taxonomy":"product_cat","embeddable":true,"href":"https:\/\/jogapiekna.com\/en\/wp-json\/wp\/v2\/product_cat?post=31393"},{"taxonomy":"product_tag","embeddable":true,"href":"https:\/\/jogapiekna.com\/en\/wp-json\/wp\/v2\/product_tag?post=31393"}],"curies":[{"name":"wp","href":"https:\/\/api.w.org\/{rel}","templated":true}]}}