{"id":31395,"date":"2020-09-16T20:05:22","date_gmt":"2020-09-16T18:05:22","guid":{"rendered":"https:\/\/jogapiekna.com\/?post_type=product&#038;p=31395"},"modified":"2026-02-02T10:13:37","modified_gmt":"2026-02-02T09:13:37","slug":"olejek-eteryczny-doterra-cheer-touch-10-ml","status":"publish","type":"product","link":"https:\/\/jogapiekna.com\/en\/product\/olejek-eteryczny-doterra-cheer-touch-10-ml\/","title":{"rendered":"doTERRA Essential Oil * lifts your mood * Cheer Touch * roll on 10 ml"},"content":{"rendered":"<p>doTERRA &#034;Cheer Touch&#034; combines fractionated coconut oil with the fresh aroma of doTERRA Cheer Skincare oil, providing an ideal application method for children and people with sensitive skin. This comfortable and gentle roll can be applied to the skin. doTERRA Cheer Touch&#039;s aromatic blend of citrus essential oils and spices will brighten up every moment.<\/p>\n<p><strong>smell:<\/strong> fresh, spicy, warm<\/p>\n<p><strong>indication:<\/strong><\/p>\n<ul>\n<li>mood swings, chandra<\/li>\n<li>when you need a positive energy boost<\/li>\n<\/ul>\n<p><strong>How to use it: <\/strong><\/p>\n<ul>\n<li>Rub doTERRA Cheer Touch around your chest and heart<\/li>\n<li>Rub doTERRA Cheer Touch on your neck to get through the world with your head held up<\/li>\n<li>during the winter season, apply to your wrist and smell it throughout the day for an uplifting fragrance.<\/li>\n<li>apply to the baby&#039;s feet so that it is positive<\/li>\n<\/ul>\n<p><strong>All doTERRA oils are clean and safe. They are certified CPTG (Certified Pure Therapeutic Grade\u00ae) - certified pure therapeutic grade.<\/strong> They can be safely used internally, lubricated the body, and inhaled.<\/p>\n<p><strong>CPTG-Certified Pure Therapeutic Grade (ACKT-Certified Pure therapeutic Grade)<\/strong> doTERRA oils, which makes it absolutely safe to use oils orally (those intended for internal use), as well as in small children.<\/p>\n<p>What does such a certificate mean?<\/p>\n<ul>\n<li>quality without pesticides and heavy metals,<\/li>\n<li>no artificial colors or fillers,<\/li>\n<li>kontrolowane uprawy na obszarach, gdzie naturalnie wyst\u0119puje dana ro\u015blina i zbieranie jej w optymalnym momencie<\/li>\n<li>brak domieszek olejk\u00f3w z innych ro\u015blinnych<\/li>\n<li>brak domieszek olejk\u00f3w syntetycznych<\/li>\n<\/ul>","protected":false},"excerpt":{"rendered":"<p style=\"text-align: left\">10 ml<\/p>","protected":false},"featured_media":94707,"comment_status":"closed","ping_status":"closed","template":"","meta":{"_acf_changed":false,"site-sidebar-layout":"default","site-content-layout":"","ast-site-content-layout":"default","site-content-style":"default","site-sidebar-style":"default","ast-global-header-display":"","ast-banner-title-visibility":"","ast-main-header-display":"","ast-hfb-above-header-display":"","ast-hfb-below-header-display":"","ast-hfb-mobile-header-display":"","site-post-title":"","ast-breadcrumbs-content":"","ast-featured-img":"","footer-sml-layout":"","ast-disable-related-posts":"","theme-transparent-header-meta":"","adv-header-id-meta":"","stick-header-meta":"","header-above-stick-meta":"","header-main-stick-meta":"","header-below-stick-meta":"","astra-migrate-meta-layouts":"default","ast-page-background-enabled":"default","ast-page-background-meta":{"desktop":{"background-color":"var(--ast-global-color-5)","background-image":"","background-repeat":"repeat","background-position":"center center","background-size":"auto","background-attachment":"scroll","background-type":"","background-media":"","overlay-type":"","overlay-color":"","overlay-opacity":"","overlay-gradient":""},"tablet":{"background-color":"","background-image":"","background-repeat":"repeat","background-position":"center center","background-size":"auto","background-attachment":"scroll","background-type":"","background-media":"","overlay-type":"","overlay-color":"","overlay-opacity":"","overlay-gradient":""},"mobile":{"background-color":"","background-image":"","background-repeat":"repeat","background-position":"center center","background-size":"auto","background-attachment":"scroll","background-type":"","background-media":"","overlay-type":"","overlay-color":"","overlay-opacity":"","overlay-gradient":""}},"ast-content-background-meta":{"desktop":{"background-color":"var(--ast-global-color-4)","background-image":"","background-repeat":"repeat","background-position":"center center","background-size":"auto","background-attachment":"scroll","background-type":"","background-media":"","overlay-type":"","overlay-color":"","overlay-opacity":"","overlay-gradient":""},"tablet":{"background-color":"var(--ast-global-color-4)","background-image":"","background-repeat":"repeat","background-position":"center center","background-size":"auto","background-attachment":"scroll","background-type":"","background-media":"","overlay-type":"","overlay-color":"","overlay-opacity":"","overlay-gradient":""},"mobile":{"background-color":"var(--ast-global-color-4)","background-image":"","background-repeat":"repeat","background-position":"center center","background-size":"auto","background-attachment":"scroll","background-type":"","background-media":"","overlay-type":"","overlay-color":"","overlay-opacity":"","overlay-gradient":""}}},"product_brand":[],"product_cat":[642],"product_tag":[157,282,144,57],"class_list":{"0":"post-31395","1":"product","2":"type-product","3":"status-publish","4":"has-post-thumbnail","6":"product_cat-olejki-eteryczne","7":"product_tag-aromaterapia","8":"product_tag-cheer","9":"product_tag-doterra","10":"product_tag-olejek-eteryczny","11":"desktop-align-left","12":"tablet-align-left","13":"mobile-align-left","15":"first","16":"instock","17":"taxable","18":"shipping-taxable","19":"purchasable","20":"product-type-simple"},"acf":[],"yoast_head":"<!-- This site is optimized with the Yoast SEO plugin v27.2 - https:\/\/yoast.com\/product\/yoast-seo-wordpress\/ -->\n<title>Olejek eteryczny doTERRA \u2022 Podnosi nast\u00f3j \u2022 Cheer Touch \u2022 roll on 10 ml | Joga Pi\u0119kna | Ajurweda<\/title>\n<meta name=\"description\" content=\"Pachn\u0105ca mieszanka olejk\u00f3w eterycznych cytrus\u00f3w i przypraw w doTERRA Cheer Touch rozja\u015bni ka\u017cd\u0105 chwil\u0119.\" \/>\n<meta name=\"robots\" content=\"index, follow, max-snippet:-1, max-image-preview:large, max-video-preview:-1\" \/>\n<link rel=\"canonical\" href=\"https:\/\/jogapiekna.com\/en\/product\/olejek-eteryczny-doterra-cheer-touch-10-ml\/\" \/>\n<meta property=\"og:locale\" content=\"en_GB\" \/>\n<meta property=\"og:type\" content=\"article\" \/>\n<meta property=\"og:title\" content=\"Olejek eteryczny doTERRA \u2022 Podnosi nast\u00f3j \u2022 Cheer Touch \u2022 roll on 10 ml | Joga Pi\u0119kna | Ajurweda\" \/>\n<meta property=\"og:description\" content=\"Pachn\u0105ca mieszanka olejk\u00f3w eterycznych cytrus\u00f3w i przypraw w doTERRA Cheer Touch rozja\u015bni ka\u017cd\u0105 chwil\u0119.\" \/>\n<meta property=\"og:url\" content=\"https:\/\/jogapiekna.com\/en\/product\/olejek-eteryczny-doterra-cheer-touch-10-ml\/\" \/>\n<meta property=\"og:site_name\" content=\"JOGA PI\u0118KNA | Joga Twarzy\" \/>\n<meta property=\"article:publisher\" content=\"https:\/\/www.facebook.com\/JogaPieknaCom\/\" \/>\n<meta property=\"article:modified_time\" content=\"2026-02-02T09:13:37+00:00\" \/>\n<meta property=\"og:image\" content=\"https:\/\/jogapiekna.com\/wp-content\/uploads\/2020\/11\/joga-piekna_olejek-touch-cheer-doterra.jpg\" \/>\n\t<meta property=\"og:image:width\" content=\"1000\" \/>\n\t<meta property=\"og:image:height\" content=\"1000\" \/>\n\t<meta property=\"og:image:type\" content=\"image\/jpeg\" \/>\n<meta name=\"twitter:card\" content=\"summary_large_image\" \/>\n<meta name=\"twitter:label1\" content=\"Estimated reading time\" \/>\n\t<meta name=\"twitter:data1\" content=\"2 minutes\" \/>\n<script type=\"application\/ld+json\" class=\"yoast-schema-graph\">{\"@context\":\"https:\/\/schema.org\",\"@graph\":[{\"@type\":\"WebPage\",\"@id\":\"https:\/\/jogapiekna.com\/produkt\/olejek-eteryczny-doterra-cheer-touch-10-ml\/\",\"url\":\"https:\/\/jogapiekna.com\/produkt\/olejek-eteryczny-doterra-cheer-touch-10-ml\/\",\"name\":\"Olejek eteryczny doTERRA \u2022 Podnosi nast\u00f3j \u2022 Cheer Touch \u2022 roll on 10 ml | Joga Pi\u0119kna | Ajurweda\",\"isPartOf\":{\"@id\":\"https:\/\/jogapiekna.com\/#website\"},\"primaryImageOfPage\":{\"@id\":\"https:\/\/jogapiekna.com\/produkt\/olejek-eteryczny-doterra-cheer-touch-10-ml\/#primaryimage\"},\"image\":{\"@id\":\"https:\/\/jogapiekna.com\/produkt\/olejek-eteryczny-doterra-cheer-touch-10-ml\/#primaryimage\"},\"thumbnailUrl\":\"https:\/\/jogapiekna.com\/wp-content\/uploads\/2020\/11\/joga-piekna_olejek-touch-cheer-doterra.jpg\",\"datePublished\":\"2020-09-16T18:05:22+00:00\",\"dateModified\":\"2026-02-02T09:13:37+00:00\",\"description\":\"Pachn\u0105ca mieszanka olejk\u00f3w eterycznych cytrus\u00f3w i przypraw w doTERRA Cheer Touch rozja\u015bni ka\u017cd\u0105 chwil\u0119.\",\"breadcrumb\":{\"@id\":\"https:\/\/jogapiekna.com\/produkt\/olejek-eteryczny-doterra-cheer-touch-10-ml\/#breadcrumb\"},\"inLanguage\":\"en-GB\",\"potentialAction\":[{\"@type\":\"ReadAction\",\"target\":[\"https:\/\/jogapiekna.com\/produkt\/olejek-eteryczny-doterra-cheer-touch-10-ml\/\"]}]},{\"@type\":\"ImageObject\",\"inLanguage\":\"en-GB\",\"@id\":\"https:\/\/jogapiekna.com\/produkt\/olejek-eteryczny-doterra-cheer-touch-10-ml\/#primaryimage\",\"url\":\"https:\/\/jogapiekna.com\/wp-content\/uploads\/2020\/11\/joga-piekna_olejek-touch-cheer-doterra.jpg\",\"contentUrl\":\"https:\/\/jogapiekna.com\/wp-content\/uploads\/2020\/11\/joga-piekna_olejek-touch-cheer-doterra.jpg\",\"width\":1000,\"height\":1000,\"caption\":\"Olejek eteryczny doTERRA \u2022 Podnosz\u0105cy nast\u00f3j \u2022 Cheer Touch \u2022 roll on 10 ml\"},{\"@type\":\"BreadcrumbList\",\"@id\":\"https:\/\/jogapiekna.com\/produkt\/olejek-eteryczny-doterra-cheer-touch-10-ml\/#breadcrumb\",\"itemListElement\":[{\"@type\":\"ListItem\",\"position\":1,\"name\":\"Strona g\u0142\u00f3wna\",\"item\":\"https:\/\/jogapiekna.com\/\"},{\"@type\":\"ListItem\",\"position\":2,\"name\":\"Sklep\",\"item\":\"https:\/\/jogapiekna.com\/sklep\/\"},{\"@type\":\"ListItem\",\"position\":3,\"name\":\"Olejek eteryczny doTERRA \u2022 Podnosi nast\u00f3j \u2022 Cheer Touch \u2022 roll on 10 ml\"}]},{\"@type\":\"WebSite\",\"@id\":\"https:\/\/jogapiekna.com\/#website\",\"url\":\"https:\/\/jogapiekna.com\/\",\"name\":\"Joga Pi\u0119kna Marta Kuci\u0144ska\",\"description\":\"Joga Pi\u0119kna pomaga kobietom zachowa\u0107 urod\u0119, cofn\u0105\u0107 oznaki up\u0142ywaj\u0105cego czasu i zm\u0119czenia, odzyska\u0107 promienny wygl\u0105d, naturalny u\u015bmiech i popraw\u0119 w\u0142asnej samooceny.\",\"publisher\":{\"@id\":\"https:\/\/jogapiekna.com\/#organization\"},\"potentialAction\":[{\"@type\":\"SearchAction\",\"target\":{\"@type\":\"EntryPoint\",\"urlTemplate\":\"https:\/\/jogapiekna.com\/?s={search_term_string}\"},\"query-input\":{\"@type\":\"PropertyValueSpecification\",\"valueRequired\":true,\"valueName\":\"search_term_string\"}}],\"inLanguage\":\"en-GB\"},{\"@type\":\"Organization\",\"@id\":\"https:\/\/jogapiekna.com\/#organization\",\"name\":\"Joga Pi\u0119kna Marta Kuci\u0144ska\",\"url\":\"https:\/\/jogapiekna.com\/\",\"logo\":{\"@type\":\"ImageObject\",\"inLanguage\":\"en-GB\",\"@id\":\"https:\/\/jogapiekna.com\/#\/schema\/logo\/image\/\",\"url\":\"https:\/\/jogapiekna.com\/wp-content\/uploads\/2022\/09\/joga-piekna-logo_Rka.png\",\"contentUrl\":\"https:\/\/jogapiekna.com\/wp-content\/uploads\/2022\/09\/joga-piekna-logo_Rka.png\",\"width\":231,\"height\":124,\"caption\":\"Joga Pi\u0119kna Marta Kuci\u0144ska\"},\"image\":{\"@id\":\"https:\/\/jogapiekna.com\/#\/schema\/logo\/image\/\"},\"sameAs\":[\"https:\/\/www.facebook.com\/JogaPieknaCom\/\",\"https:\/\/www.instagram.com\/jogapieknacom\/\"]}]}<\/script>\n<!-- \/ Yoast SEO plugin. -->","yoast_head_json":{"title":"Olejek eteryczny doTERRA \u2022 Podnosi nast\u00f3j \u2022 Cheer Touch \u2022 roll on 10 ml | Joga Pi\u0119kna | Ajurweda","description":"Pachn\u0105ca mieszanka olejk\u00f3w eterycznych cytrus\u00f3w i przypraw w doTERRA Cheer Touch rozja\u015bni ka\u017cd\u0105 chwil\u0119.","robots":{"index":"index","follow":"follow","max-snippet":"max-snippet:-1","max-image-preview":"max-image-preview:large","max-video-preview":"max-video-preview:-1"},"canonical":"https:\/\/jogapiekna.com\/en\/product\/olejek-eteryczny-doterra-cheer-touch-10-ml\/","og_locale":"en_GB","og_type":"article","og_title":"Olejek eteryczny doTERRA \u2022 Podnosi nast\u00f3j \u2022 Cheer Touch \u2022 roll on 10 ml | Joga Pi\u0119kna | Ajurweda","og_description":"Pachn\u0105ca mieszanka olejk\u00f3w eterycznych cytrus\u00f3w i przypraw w doTERRA Cheer Touch rozja\u015bni ka\u017cd\u0105 chwil\u0119.","og_url":"https:\/\/jogapiekna.com\/en\/product\/olejek-eteryczny-doterra-cheer-touch-10-ml\/","og_site_name":"JOGA PI\u0118KNA | Joga Twarzy","article_publisher":"https:\/\/www.facebook.com\/JogaPieknaCom\/","article_modified_time":"2026-02-02T09:13:37+00:00","og_image":[{"width":1000,"height":1000,"url":"https:\/\/jogapiekna.com\/wp-content\/uploads\/2020\/11\/joga-piekna_olejek-touch-cheer-doterra.jpg","type":"image\/jpeg"}],"twitter_card":"summary_large_image","twitter_misc":{"Estimated reading time":"2 minutes"},"schema":{"@context":"https:\/\/schema.org","@graph":[{"@type":"WebPage","@id":"https:\/\/jogapiekna.com\/produkt\/olejek-eteryczny-doterra-cheer-touch-10-ml\/","url":"https:\/\/jogapiekna.com\/produkt\/olejek-eteryczny-doterra-cheer-touch-10-ml\/","name":"Olejek eteryczny doTERRA \u2022 Podnosi nast\u00f3j \u2022 Cheer Touch \u2022 roll on 10 ml | Joga Pi\u0119kna | Ajurweda","isPartOf":{"@id":"https:\/\/jogapiekna.com\/#website"},"primaryImageOfPage":{"@id":"https:\/\/jogapiekna.com\/produkt\/olejek-eteryczny-doterra-cheer-touch-10-ml\/#primaryimage"},"image":{"@id":"https:\/\/jogapiekna.com\/produkt\/olejek-eteryczny-doterra-cheer-touch-10-ml\/#primaryimage"},"thumbnailUrl":"https:\/\/jogapiekna.com\/wp-content\/uploads\/2020\/11\/joga-piekna_olejek-touch-cheer-doterra.jpg","datePublished":"2020-09-16T18:05:22+00:00","dateModified":"2026-02-02T09:13:37+00:00","description":"Pachn\u0105ca mieszanka olejk\u00f3w eterycznych cytrus\u00f3w i przypraw w doTERRA Cheer Touch rozja\u015bni ka\u017cd\u0105 chwil\u0119.","breadcrumb":{"@id":"https:\/\/jogapiekna.com\/produkt\/olejek-eteryczny-doterra-cheer-touch-10-ml\/#breadcrumb"},"inLanguage":"en-GB","potentialAction":[{"@type":"ReadAction","target":["https:\/\/jogapiekna.com\/produkt\/olejek-eteryczny-doterra-cheer-touch-10-ml\/"]}]},{"@type":"ImageObject","inLanguage":"en-GB","@id":"https:\/\/jogapiekna.com\/produkt\/olejek-eteryczny-doterra-cheer-touch-10-ml\/#primaryimage","url":"https:\/\/jogapiekna.com\/wp-content\/uploads\/2020\/11\/joga-piekna_olejek-touch-cheer-doterra.jpg","contentUrl":"https:\/\/jogapiekna.com\/wp-content\/uploads\/2020\/11\/joga-piekna_olejek-touch-cheer-doterra.jpg","width":1000,"height":1000,"caption":"Olejek eteryczny doTERRA \u2022 Podnosz\u0105cy nast\u00f3j \u2022 Cheer Touch \u2022 roll on 10 ml"},{"@type":"BreadcrumbList","@id":"https:\/\/jogapiekna.com\/produkt\/olejek-eteryczny-doterra-cheer-touch-10-ml\/#breadcrumb","itemListElement":[{"@type":"ListItem","position":1,"name":"Strona g\u0142\u00f3wna","item":"https:\/\/jogapiekna.com\/"},{"@type":"ListItem","position":2,"name":"Sklep","item":"https:\/\/jogapiekna.com\/sklep\/"},{"@type":"ListItem","position":3,"name":"Olejek eteryczny doTERRA \u2022 Podnosi nast\u00f3j \u2022 Cheer Touch \u2022 roll on 10 ml"}]},{"@type":"WebSite","@id":"https:\/\/jogapiekna.com\/#website","url":"https:\/\/jogapiekna.com\/","name":"Yoga Beauty Marta Kuci\u0144ska","description":"Beauty Yoga helps women to maintain their beauty, reverse the signs of passing time and fatigue, regain a radiant appearance, natural smile and improve their self-esteem.","publisher":{"@id":"https:\/\/jogapiekna.com\/#organization"},"potentialAction":[{"@type":"SearchAction","target":{"@type":"EntryPoint","urlTemplate":"https:\/\/jogapiekna.com\/?s={search_term_string}"},"query-input":{"@type":"PropertyValueSpecification","valueRequired":true,"valueName":"search_term_string"}}],"inLanguage":"en-GB"},{"@type":"Organization","@id":"https:\/\/jogapiekna.com\/#organization","name":"Yoga Beauty Marta Kuci\u0144ska","url":"https:\/\/jogapiekna.com\/","logo":{"@type":"ImageObject","inLanguage":"en-GB","@id":"https:\/\/jogapiekna.com\/#\/schema\/logo\/image\/","url":"https:\/\/jogapiekna.com\/wp-content\/uploads\/2022\/09\/joga-piekna-logo_Rka.png","contentUrl":"https:\/\/jogapiekna.com\/wp-content\/uploads\/2022\/09\/joga-piekna-logo_Rka.png","width":231,"height":124,"caption":"Joga Pi\u0119kna Marta Kuci\u0144ska"},"image":{"@id":"https:\/\/jogapiekna.com\/#\/schema\/logo\/image\/"},"sameAs":["https:\/\/www.facebook.com\/JogaPieknaCom\/","https:\/\/www.instagram.com\/jogapieknacom\/"]}]}},"_links":{"self":[{"href":"https:\/\/jogapiekna.com\/en\/wp-json\/wp\/v2\/product\/31395","targetHints":{"allow":["GET"]}}],"collection":[{"href":"https:\/\/jogapiekna.com\/en\/wp-json\/wp\/v2\/product"}],"about":[{"href":"https:\/\/jogapiekna.com\/en\/wp-json\/wp\/v2\/types\/product"}],"replies":[{"embeddable":true,"href":"https:\/\/jogapiekna.com\/en\/wp-json\/wp\/v2\/comments?post=31395"}],"version-history":[{"count":3,"href":"https:\/\/jogapiekna.com\/en\/wp-json\/wp\/v2\/product\/31395\/revisions"}],"predecessor-version":[{"id":211246,"href":"https:\/\/jogapiekna.com\/en\/wp-json\/wp\/v2\/product\/31395\/revisions\/211246"}],"wp:featuredmedia":[{"embeddable":true,"href":"https:\/\/jogapiekna.com\/en\/wp-json\/wp\/v2\/media\/94707"}],"wp:attachment":[{"href":"https:\/\/jogapiekna.com\/en\/wp-json\/wp\/v2\/media?parent=31395"}],"wp:term":[{"taxonomy":"product_brand","embeddable":true,"href":"https:\/\/jogapiekna.com\/en\/wp-json\/wp\/v2\/product_brand?post=31395"},{"taxonomy":"product_cat","embeddable":true,"href":"https:\/\/jogapiekna.com\/en\/wp-json\/wp\/v2\/product_cat?post=31395"},{"taxonomy":"product_tag","embeddable":true,"href":"https:\/\/jogapiekna.com\/en\/wp-json\/wp\/v2\/product_tag?post=31395"}],"curies":[{"name":"wp","href":"https:\/\/api.w.org\/{rel}","templated":true}]}}