{"id":31704,"date":"2020-09-29T12:02:19","date_gmt":"2020-09-29T10:02:19","guid":{"rendered":"https:\/\/jogapiekna.com\/?post_type=product&#038;p=31704"},"modified":"2026-03-31T18:28:32","modified_gmt":"2026-03-31T16:28:32","slug":"ksiazka-joga-piekna-marta-kucinska","status":"publish","type":"product","link":"https:\/\/jogapiekna.com\/en\/product\/ksiazka-joga-piekna-marta-kucinska\/","title":{"rendered":"Author&#039;s book * Yoga of beauty * Marta Kuczynska"},"content":{"rendered":"<p><strong>A youthful face for many years? Naturally!<\/strong><\/p>\n<p>We want and are able to take care of the condition of our own bodies. We are getting better and better at it, more and more consciously. We perform special sets of exercises that are salutary for the muscles of the abdomen, thighs, arms and buttocks. We sweat it out in gyms, fitness clubs and practice under the watchful eye of personal trainers. All to feel good. To look good. To keep a young, beautiful and resilient body healthy for as long as possible. But why do we focus on all parts of the body except the face in these efforts? After all, it is the face where the signs of fatigue, stress and the passing of time are most visible.<\/p>\n<p>Wrinkles, a grey complexion, eyes without radiance - you don't have to put up with it!<\/p>\n<p>Nature itself has equipped us with the perfect tool to help us stay young - the facial muscles. There are more than fifty of them and, like other muscles, they can and should be exercised, developed and relaxed. Marta Kuci\u0144ska, an ayurveda consultant and creator of the Yoga Beauty blog, has created an original, holistic method to take care of a healthy and fresh look using natural methods. In it, she combines exercising the facial muscles with breathing training, elements of diet or learning conscious facial expressions. By practising Beauty Yoga, you will reduce wrinkles, eliminate double chins, improve the oval of your face and even change its appearance to some extent by enhancing cheekbones or lips.<\/p>\n<p>Sounds too good to be true? And yet. A radiant, youthful appearance is now within your reach, you just need to get started and then practice consistently. Get to work!<\/p>\n<p>number of pages: 280<\/p>\n<p><strong>table of contents<\/strong><br \/>\nIntroduction<br \/>\n<strong>CHAPTER I<\/strong><br \/>\n<em>Beauty Yoga-Natural rejuvenation<\/em><br \/>\n<strong>CHAPTER II<\/strong><br \/>\n<em>The aging process of the face, or Why anti-wrinkle cream won&#039;t help you<\/em><br \/>\n<strong>CHAPTER III<\/strong><br \/>\n<em>Habits that affect the appearance of the face<\/em><br \/>\n<strong>CHAPTER IV<\/strong><br \/>\n<em>Lifestyle<\/em><br \/>\n<strong>CHAPTER V<\/strong><br \/>\n<em>Face Yoga<\/em><br \/>\n<strong>CHAPTER VI<\/strong><br \/>\n<em>Hands that heal, or the role of massage in rejuvenation<\/em><br \/>\n<strong>CHAPTER VII<\/strong><br \/>\n<em>Skin and hair care<\/em><br \/>\n<strong>CHAPTER VIII<\/strong><br \/>\n<em>Aromatherapy for beauty<\/em><br \/>\n<strong>CHAPTER IX<\/strong><br \/>\n<em>Inner beauty<\/em><br \/>\nDosha Test<\/p>\n<p><strong>REVIEWS<\/strong><\/p>\n<p>Beauty is for everyone! After reading Martha's book, I know this for sure. I have always kept to the side of nature, thinking about my appearance and taking care of my body and soul. Marta is a biologist, a yoga lover, an ayurveda expert and a beautiful woman. It takes a whole lot of love for others to put her knowledge and experience together so painstakingly, and create a guide to true beauty. This book is real, natural, helpful and simply wise. It will help you to take care of yourself, but also the environment. Because Marta knows that everything is interconnected. And she shares this good news with us.<br \/>\n<strong>Magda Mo\u0142ek<\/strong><br \/>\njournalist, runs her YouTub channel \u201eIn my style\u201d<\/p>\n<p>At a time when we are always in a hurry and looking for shortcuts, taking care of our beauty is usually reduced to buying a new cream or aesthetic treatment. This book helps us to understand what the ageing process is about, how what we eat, our lifestyle or habits affect our appearance. Marta shows us methods - exercises and facial massages that help to mitigate the effects of the passage of time. A book for anyone who likes to have a real impact on what they see in the mirror.<br \/>\n<strong>Katarzyna Malczyk<\/strong>,<br \/>\n<a href=\"https:\/\/www.instagram.com\/myskinstoryy\/\" target=\"_blank\" rel=\"noopener noreferrer\">www.instagram.com\/myskinstoryy<\/a><\/p>\n<p>If you are looking for natural and truly effective solutions to help you retain a young, healthy appearance, without the intervention of a surgeon, you have come to the right place. Beautiful, supple and, above all, radiant skin doesn't have to come from expensive treatments in professional surgeries. Thanks to Marta, you can not only be your own best friend, but also your own beautician. The practice of Beauty Yoga will quickly become a ritual, without which you will no longer be able to imagine your beauty routine. This book offers so much, for so little, so just make yourself this wonderful gift: keep your natural beauty for as long as possible!<br \/>\n<strong>Tamara Gonzalez Perea <\/strong><br \/>\ninfluencer and TV presenter<\/p>\n<p>&nbsp;<\/p>","protected":false},"excerpt":{"rendered":"<p>M\u0142oda twarz przez d\u0142ugie lata? Naturalnie! Chcemy i potrafimy zadba\u0107 o kondycj\u0119 w\u0142asnego cia\u0142a. W tym zakresie funkcjonujemy coraz lepiej, [&hellip;]<\/p>\n","protected":false},"featured_media":94724,"comment_status":"closed","ping_status":"closed","template":"","meta":{"_acf_changed":false,"site-sidebar-layout":"default","site-content-layout":"","ast-site-content-layout":"default","site-content-style":"default","site-sidebar-style":"default","ast-global-header-display":"","ast-banner-title-visibility":"","ast-main-header-display":"","ast-hfb-above-header-display":"","ast-hfb-below-header-display":"","ast-hfb-mobile-header-display":"","site-post-title":"","ast-breadcrumbs-content":"","ast-featured-img":"","footer-sml-layout":"","ast-disable-related-posts":"","theme-transparent-header-meta":"default","adv-header-id-meta":"","stick-header-meta":"","header-above-stick-meta":"","header-main-stick-meta":"","header-below-stick-meta":"","astra-migrate-meta-layouts":"set","ast-page-background-enabled":"default","ast-page-background-meta":{"desktop":{"background-color":"var(--ast-global-color-5)","background-image":"","background-repeat":"repeat","background-position":"center center","background-size":"auto","background-attachment":"scroll","background-type":"","background-media":"","overlay-type":"","overlay-color":"","overlay-opacity":"","overlay-gradient":""},"tablet":{"background-color":"","background-image":"","background-repeat":"repeat","background-position":"center center","background-size":"auto","background-attachment":"scroll","background-type":"","background-media":"","overlay-type":"","overlay-color":"","overlay-opacity":"","overlay-gradient":""},"mobile":{"background-color":"","background-image":"","background-repeat":"repeat","background-position":"center center","background-size":"auto","background-attachment":"scroll","background-type":"","background-media":"","overlay-type":"","overlay-color":"","overlay-opacity":"","overlay-gradient":""}},"ast-content-background-meta":{"desktop":{"background-color":"var(--ast-global-color-4)","background-image":"","background-repeat":"repeat","background-position":"center center","background-size":"auto","background-attachment":"scroll","background-type":"","background-media":"","overlay-type":"","overlay-color":"","overlay-opacity":"","overlay-gradient":""},"tablet":{"background-color":"var(--ast-global-color-4)","background-image":"","background-repeat":"repeat","background-position":"center center","background-size":"auto","background-attachment":"scroll","background-type":"","background-media":"","overlay-type":"","overlay-color":"","overlay-opacity":"","overlay-gradient":""},"mobile":{"background-color":"var(--ast-global-color-4)","background-image":"","background-repeat":"repeat","background-position":"center center","background-size":"auto","background-attachment":"scroll","background-type":"","background-media":"","overlay-type":"","overlay-color":"","overlay-opacity":"","overlay-gradient":""}}},"product_brand":[],"product_cat":[20],"product_tag":[253,41,252],"class_list":{"0":"post-31704","1":"product","2":"type-product","3":"status-publish","4":"has-post-thumbnail","6":"product_cat-ksiazki","7":"product_tag-joga-piekna","8":"product_tag-joga-twarzy","9":"product_tag-ksiazka","10":"product_shipping_class-ksiazka","11":"desktop-align-left","12":"tablet-align-left","13":"mobile-align-left","15":"first","16":"instock","17":"taxable","18":"shipping-taxable","19":"purchasable","20":"product-type-simple"},"acf":[],"yoast_head":"<!-- This site is optimized with the Yoast SEO plugin v27.2 - https:\/\/yoast.com\/product\/yoast-seo-wordpress\/ -->\n<title>Ksi\u0105\u017cka JOGA PIEKNA Marta Kuci\u0144ska<\/title>\n<meta name=\"description\" content=\"Promienny, m\u0142odzie\u0144czy wygl\u0105d jest teraz w Twoim zasi\u0119gu, trzeba tylko zacz\u0105\u0107, a potem konsekwentnie \u0107wiczy\u0107. Do dzie\u0142a!\" \/>\n<meta name=\"robots\" content=\"index, follow, max-snippet:-1, max-image-preview:large, max-video-preview:-1\" \/>\n<link rel=\"canonical\" href=\"https:\/\/jogapiekna.com\/en\/product\/ksiazka-joga-piekna-marta-kucinska\/\" \/>\n<meta property=\"og:locale\" content=\"en_GB\" \/>\n<meta property=\"og:type\" content=\"article\" \/>\n<meta property=\"og:title\" content=\"Ksi\u0105\u017cka JOGA PIEKNA Marta Kuci\u0144ska\" \/>\n<meta property=\"og:description\" content=\"Promienny, m\u0142odzie\u0144czy wygl\u0105d jest teraz w Twoim zasi\u0119gu, trzeba tylko zacz\u0105\u0107, a potem konsekwentnie \u0107wiczy\u0107. Do dzie\u0142a!\" \/>\n<meta property=\"og:url\" content=\"https:\/\/jogapiekna.com\/en\/product\/ksiazka-joga-piekna-marta-kucinska\/\" \/>\n<meta property=\"og:site_name\" content=\"JOGA PI\u0118KNA | Joga Twarzy\" \/>\n<meta property=\"article:publisher\" content=\"https:\/\/www.facebook.com\/JogaPieknaCom\/\" \/>\n<meta property=\"article:modified_time\" content=\"2026-03-31T16:28:32+00:00\" \/>\n<meta property=\"og:image\" content=\"https:\/\/jogapiekna.com\/wp-content\/uploads\/2019\/02\/JOGA-PIEKNA-Marta_Kucinska_ksiazka.jpg\" \/>\n\t<meta property=\"og:image:width\" content=\"1000\" \/>\n\t<meta property=\"og:image:height\" content=\"1000\" \/>\n\t<meta property=\"og:image:type\" content=\"image\/jpeg\" \/>\n<meta name=\"twitter:card\" content=\"summary_large_image\" \/>\n<meta name=\"twitter:label1\" content=\"Estimated reading time\" \/>\n\t<meta name=\"twitter:data1\" content=\"4 minutes\" \/>\n<script type=\"application\/ld+json\" class=\"yoast-schema-graph\">{\"@context\":\"https:\/\/schema.org\",\"@graph\":[{\"@type\":\"WebPage\",\"@id\":\"https:\/\/jogapiekna.com\/produkt\/ksiazka-joga-piekna-marta-kucinska\/\",\"url\":\"https:\/\/jogapiekna.com\/produkt\/ksiazka-joga-piekna-marta-kucinska\/\",\"name\":\"Ksi\u0105\u017cka JOGA PIEKNA Marta Kuci\u0144ska\",\"isPartOf\":{\"@id\":\"https:\/\/jogapiekna.com\/#website\"},\"primaryImageOfPage\":{\"@id\":\"https:\/\/jogapiekna.com\/produkt\/ksiazka-joga-piekna-marta-kucinska\/#primaryimage\"},\"image\":{\"@id\":\"https:\/\/jogapiekna.com\/produkt\/ksiazka-joga-piekna-marta-kucinska\/#primaryimage\"},\"thumbnailUrl\":\"https:\/\/jogapiekna.com\/wp-content\/uploads\/2019\/02\/JOGA-PIEKNA-Marta_Kucinska_ksiazka.jpg\",\"datePublished\":\"2020-09-29T10:02:19+00:00\",\"dateModified\":\"2026-03-31T16:28:32+00:00\",\"description\":\"Promienny, m\u0142odzie\u0144czy wygl\u0105d jest teraz w Twoim zasi\u0119gu, trzeba tylko zacz\u0105\u0107, a potem konsekwentnie \u0107wiczy\u0107. Do dzie\u0142a!\",\"breadcrumb\":{\"@id\":\"https:\/\/jogapiekna.com\/produkt\/ksiazka-joga-piekna-marta-kucinska\/#breadcrumb\"},\"inLanguage\":\"en-GB\",\"potentialAction\":[{\"@type\":\"ReadAction\",\"target\":[\"https:\/\/jogapiekna.com\/produkt\/ksiazka-joga-piekna-marta-kucinska\/\"]}]},{\"@type\":\"ImageObject\",\"inLanguage\":\"en-GB\",\"@id\":\"https:\/\/jogapiekna.com\/produkt\/ksiazka-joga-piekna-marta-kucinska\/#primaryimage\",\"url\":\"https:\/\/jogapiekna.com\/wp-content\/uploads\/2019\/02\/JOGA-PIEKNA-Marta_Kucinska_ksiazka.jpg\",\"contentUrl\":\"https:\/\/jogapiekna.com\/wp-content\/uploads\/2019\/02\/JOGA-PIEKNA-Marta_Kucinska_ksiazka.jpg\",\"width\":1000,\"height\":1000,\"caption\":\"Ksi\u0105\u017cka autorska \u2022 Joga Pi\u0119kna \u2022 Marta Kuci\u0144ska\"},{\"@type\":\"BreadcrumbList\",\"@id\":\"https:\/\/jogapiekna.com\/produkt\/ksiazka-joga-piekna-marta-kucinska\/#breadcrumb\",\"itemListElement\":[{\"@type\":\"ListItem\",\"position\":1,\"name\":\"Strona g\u0142\u00f3wna\",\"item\":\"https:\/\/jogapiekna.com\/\"},{\"@type\":\"ListItem\",\"position\":2,\"name\":\"Sklep\",\"item\":\"https:\/\/jogapiekna.com\/sklep\/\"},{\"@type\":\"ListItem\",\"position\":3,\"name\":\"Ksi\u0105\u017cka autorska \u2022 Joga Pi\u0119kna \u2022 Marta Kuci\u0144ska\"}]},{\"@type\":\"WebSite\",\"@id\":\"https:\/\/jogapiekna.com\/#website\",\"url\":\"https:\/\/jogapiekna.com\/\",\"name\":\"Joga Pi\u0119kna Marta Kuci\u0144ska\",\"description\":\"Joga Pi\u0119kna pomaga kobietom zachowa\u0107 urod\u0119, cofn\u0105\u0107 oznaki up\u0142ywaj\u0105cego czasu i zm\u0119czenia, odzyska\u0107 promienny wygl\u0105d, naturalny u\u015bmiech i popraw\u0119 w\u0142asnej samooceny.\",\"publisher\":{\"@id\":\"https:\/\/jogapiekna.com\/#organization\"},\"potentialAction\":[{\"@type\":\"SearchAction\",\"target\":{\"@type\":\"EntryPoint\",\"urlTemplate\":\"https:\/\/jogapiekna.com\/?s={search_term_string}\"},\"query-input\":{\"@type\":\"PropertyValueSpecification\",\"valueRequired\":true,\"valueName\":\"search_term_string\"}}],\"inLanguage\":\"en-GB\"},{\"@type\":\"Organization\",\"@id\":\"https:\/\/jogapiekna.com\/#organization\",\"name\":\"Joga Pi\u0119kna Marta Kuci\u0144ska\",\"url\":\"https:\/\/jogapiekna.com\/\",\"logo\":{\"@type\":\"ImageObject\",\"inLanguage\":\"en-GB\",\"@id\":\"https:\/\/jogapiekna.com\/#\/schema\/logo\/image\/\",\"url\":\"https:\/\/jogapiekna.com\/wp-content\/uploads\/2022\/09\/joga-piekna-logo_Rka.png\",\"contentUrl\":\"https:\/\/jogapiekna.com\/wp-content\/uploads\/2022\/09\/joga-piekna-logo_Rka.png\",\"width\":231,\"height\":124,\"caption\":\"Joga Pi\u0119kna Marta Kuci\u0144ska\"},\"image\":{\"@id\":\"https:\/\/jogapiekna.com\/#\/schema\/logo\/image\/\"},\"sameAs\":[\"https:\/\/www.facebook.com\/JogaPieknaCom\/\",\"https:\/\/www.instagram.com\/jogapieknacom\/\"]}]}<\/script>\n<!-- \/ Yoast SEO plugin. -->","yoast_head_json":{"title":"Ksi\u0105\u017cka JOGA PIEKNA Marta Kuci\u0144ska","description":"Promienny, m\u0142odzie\u0144czy wygl\u0105d jest teraz w Twoim zasi\u0119gu, trzeba tylko zacz\u0105\u0107, a potem konsekwentnie \u0107wiczy\u0107. Do dzie\u0142a!","robots":{"index":"index","follow":"follow","max-snippet":"max-snippet:-1","max-image-preview":"max-image-preview:large","max-video-preview":"max-video-preview:-1"},"canonical":"https:\/\/jogapiekna.com\/en\/product\/ksiazka-joga-piekna-marta-kucinska\/","og_locale":"en_GB","og_type":"article","og_title":"Ksi\u0105\u017cka JOGA PIEKNA Marta Kuci\u0144ska","og_description":"Promienny, m\u0142odzie\u0144czy wygl\u0105d jest teraz w Twoim zasi\u0119gu, trzeba tylko zacz\u0105\u0107, a potem konsekwentnie \u0107wiczy\u0107. Do dzie\u0142a!","og_url":"https:\/\/jogapiekna.com\/en\/product\/ksiazka-joga-piekna-marta-kucinska\/","og_site_name":"JOGA PI\u0118KNA | Joga Twarzy","article_publisher":"https:\/\/www.facebook.com\/JogaPieknaCom\/","article_modified_time":"2026-03-31T16:28:32+00:00","og_image":[{"width":1000,"height":1000,"url":"https:\/\/jogapiekna.com\/wp-content\/uploads\/2019\/02\/JOGA-PIEKNA-Marta_Kucinska_ksiazka.jpg","type":"image\/jpeg"}],"twitter_card":"summary_large_image","twitter_misc":{"Estimated reading time":"4 minutes"},"schema":{"@context":"https:\/\/schema.org","@graph":[{"@type":"WebPage","@id":"https:\/\/jogapiekna.com\/produkt\/ksiazka-joga-piekna-marta-kucinska\/","url":"https:\/\/jogapiekna.com\/produkt\/ksiazka-joga-piekna-marta-kucinska\/","name":"Ksi\u0105\u017cka JOGA PIEKNA Marta Kuci\u0144ska","isPartOf":{"@id":"https:\/\/jogapiekna.com\/#website"},"primaryImageOfPage":{"@id":"https:\/\/jogapiekna.com\/produkt\/ksiazka-joga-piekna-marta-kucinska\/#primaryimage"},"image":{"@id":"https:\/\/jogapiekna.com\/produkt\/ksiazka-joga-piekna-marta-kucinska\/#primaryimage"},"thumbnailUrl":"https:\/\/jogapiekna.com\/wp-content\/uploads\/2019\/02\/JOGA-PIEKNA-Marta_Kucinska_ksiazka.jpg","datePublished":"2020-09-29T10:02:19+00:00","dateModified":"2026-03-31T16:28:32+00:00","description":"Promienny, m\u0142odzie\u0144czy wygl\u0105d jest teraz w Twoim zasi\u0119gu, trzeba tylko zacz\u0105\u0107, a potem konsekwentnie \u0107wiczy\u0107. Do dzie\u0142a!","breadcrumb":{"@id":"https:\/\/jogapiekna.com\/produkt\/ksiazka-joga-piekna-marta-kucinska\/#breadcrumb"},"inLanguage":"en-GB","potentialAction":[{"@type":"ReadAction","target":["https:\/\/jogapiekna.com\/produkt\/ksiazka-joga-piekna-marta-kucinska\/"]}]},{"@type":"ImageObject","inLanguage":"en-GB","@id":"https:\/\/jogapiekna.com\/produkt\/ksiazka-joga-piekna-marta-kucinska\/#primaryimage","url":"https:\/\/jogapiekna.com\/wp-content\/uploads\/2019\/02\/JOGA-PIEKNA-Marta_Kucinska_ksiazka.jpg","contentUrl":"https:\/\/jogapiekna.com\/wp-content\/uploads\/2019\/02\/JOGA-PIEKNA-Marta_Kucinska_ksiazka.jpg","width":1000,"height":1000,"caption":"Ksi\u0105\u017cka autorska \u2022 Joga Pi\u0119kna \u2022 Marta Kuci\u0144ska"},{"@type":"BreadcrumbList","@id":"https:\/\/jogapiekna.com\/produkt\/ksiazka-joga-piekna-marta-kucinska\/#breadcrumb","itemListElement":[{"@type":"ListItem","position":1,"name":"Strona g\u0142\u00f3wna","item":"https:\/\/jogapiekna.com\/"},{"@type":"ListItem","position":2,"name":"Sklep","item":"https:\/\/jogapiekna.com\/sklep\/"},{"@type":"ListItem","position":3,"name":"Ksi\u0105\u017cka autorska \u2022 Joga Pi\u0119kna \u2022 Marta Kuci\u0144ska"}]},{"@type":"WebSite","@id":"https:\/\/jogapiekna.com\/#website","url":"https:\/\/jogapiekna.com\/","name":"Yoga Beauty Marta Kuci\u0144ska","description":"Beauty Yoga helps women to maintain their beauty, reverse the signs of passing time and fatigue, regain a radiant appearance, natural smile and improve their self-esteem.","publisher":{"@id":"https:\/\/jogapiekna.com\/#organization"},"potentialAction":[{"@type":"SearchAction","target":{"@type":"EntryPoint","urlTemplate":"https:\/\/jogapiekna.com\/?s={search_term_string}"},"query-input":{"@type":"PropertyValueSpecification","valueRequired":true,"valueName":"search_term_string"}}],"inLanguage":"en-GB"},{"@type":"Organization","@id":"https:\/\/jogapiekna.com\/#organization","name":"Yoga Beauty Marta Kuci\u0144ska","url":"https:\/\/jogapiekna.com\/","logo":{"@type":"ImageObject","inLanguage":"en-GB","@id":"https:\/\/jogapiekna.com\/#\/schema\/logo\/image\/","url":"https:\/\/jogapiekna.com\/wp-content\/uploads\/2022\/09\/joga-piekna-logo_Rka.png","contentUrl":"https:\/\/jogapiekna.com\/wp-content\/uploads\/2022\/09\/joga-piekna-logo_Rka.png","width":231,"height":124,"caption":"Joga Pi\u0119kna Marta Kuci\u0144ska"},"image":{"@id":"https:\/\/jogapiekna.com\/#\/schema\/logo\/image\/"},"sameAs":["https:\/\/www.facebook.com\/JogaPieknaCom\/","https:\/\/www.instagram.com\/jogapieknacom\/"]}]}},"_links":{"self":[{"href":"https:\/\/jogapiekna.com\/en\/wp-json\/wp\/v2\/product\/31704","targetHints":{"allow":["GET"]}}],"collection":[{"href":"https:\/\/jogapiekna.com\/en\/wp-json\/wp\/v2\/product"}],"about":[{"href":"https:\/\/jogapiekna.com\/en\/wp-json\/wp\/v2\/types\/product"}],"replies":[{"embeddable":true,"href":"https:\/\/jogapiekna.com\/en\/wp-json\/wp\/v2\/comments?post=31704"}],"version-history":[{"count":3,"href":"https:\/\/jogapiekna.com\/en\/wp-json\/wp\/v2\/product\/31704\/revisions"}],"predecessor-version":[{"id":213732,"href":"https:\/\/jogapiekna.com\/en\/wp-json\/wp\/v2\/product\/31704\/revisions\/213732"}],"wp:featuredmedia":[{"embeddable":true,"href":"https:\/\/jogapiekna.com\/en\/wp-json\/wp\/v2\/media\/94724"}],"wp:attachment":[{"href":"https:\/\/jogapiekna.com\/en\/wp-json\/wp\/v2\/media?parent=31704"}],"wp:term":[{"taxonomy":"product_brand","embeddable":true,"href":"https:\/\/jogapiekna.com\/en\/wp-json\/wp\/v2\/product_brand?post=31704"},{"taxonomy":"product_cat","embeddable":true,"href":"https:\/\/jogapiekna.com\/en\/wp-json\/wp\/v2\/product_cat?post=31704"},{"taxonomy":"product_tag","embeddable":true,"href":"https:\/\/jogapiekna.com\/en\/wp-json\/wp\/v2\/product_tag?post=31704"}],"curies":[{"name":"wp","href":"https:\/\/api.w.org\/{rel}","templated":true}]}}