{"id":36222,"date":"2020-12-13T23:05:23","date_gmt":"2020-12-13T22:05:23","guid":{"rendered":"https:\/\/jogapiekna.com\/?post_type=product&#038;p=36222"},"modified":"2026-04-08T18:59:37","modified_gmt":"2026-04-08T16:59:37","slug":"masazer-joga-piekna-do-masazu-twarzy-szyi-i-dekoltu-kamien-gua-sha-obsydian-czarny","status":"publish","type":"product","link":"https:\/\/jogapiekna.com\/en\/product\/masazer-joga-piekna-do-masazu-twarzy-szyi-i-dekoltu-kamien-gua-sha-obsydian-czarny\/","title":{"rendered":"Obsidian gua sha massage plate \u2022 Massage volcanic stone"},"content":{"rendered":"<p>How to smooth out fine lines with home care? What should I do so that the skin, despite the elapsed time, is elastic and fits well on the skin? Regular gua sha massage is a way to get rid of accumulated lymph, stimulate blood circulation, oxygenate the skin and reduce the tone responsible for the formation and fixation of wrinkles.<\/p>\n<p>Anti-aging massage is derived from traditional Chinese therapeutic massage. It consists of scraping the skin with a natural stone \u2014 in this case obsidian, which has slightly rounded edges. Tissue stimulation allows you to increase <strong>Chi energy flow<\/strong> It also supports lymphatic drainage, which brings with it a lot of positive aesthetic benefits.<\/p>\n<p>When you can see it <strong>effects of gua sha massage?<\/strong> It is enough to repeat it 2-3 times a week for 10-15 minutes. In fact, after just one massage, you will see that the complexion improves, there is no puffiness, and the skin looks more radiant. You can do a massage daily, in a shorter form, to deeply relax and relax the skin of the face, neck and decollete.<\/p>\n<p>&nbsp;<\/p>\n<h2>Obsidian stone-what are its properties?<\/h2>\n<p>Black obsidian is a natural mineral with protective properties. Protects fragile and sensitive people. It gives you courage and self-confidence. Helps to get rid of bad emotions. It has very <strong>strong energy effect<\/strong>. It is considered a protective stone that helps reduce negative external influences m.in. harmful electromagnetic effects.<\/p>\n<p>In addition, obsidian is a stone that helps to increase self-esteem and self-confidence. It can also help manage anxiety, anxiety, and depression. Supports concentration and focus. It helps calm your emotions and deal with difficult situations.<\/p>\n<p>It has healing properties-it can help relieve headaches and back pain. It can also help regulate digestion and improve urinary tract function.<\/p>\n<p>&nbsp;<\/p>\n<h3>How to choose a gua sha massage stone?<\/h3>\n<p>The black Obsidian massager is the perfect gift for the natural care lover. It&#039;s incredibly elegant. In addition, you can order a special, aesthetic <a href=\"https:\/\/jogapiekna.com\/en\/product\/woreczek-joga-piekna-do-przechowywania-akcesoriow-do-masazu-maly\/\">gua sha bag<\/a>this makes it easy to store and travel with the massager, without the risk of damage.<\/p>\n<p><iframe title=\"YouTube video player\" src=\"https:\/\/www.youtube.com\/embed\/8x1oU3b5hB8?si=-VERFzCYAT3n5SNe\" width=\"560\" height=\"315\" frameborder=\"0\" allowfullscreen=\"allowfullscreen\"><\/iframe><\/p>\n<p>&nbsp;<\/p>\n<h2>Gua sha Obsidian Massage Results<\/h2>\n<ul>\n<li>it has a positive effect on the skin and emotional state<\/li>\n<li>simulates the contour of the face, optically slims it<\/li>\n<li>improves blood and lymph circulation<\/li>\n<li>makes the skin supple<\/li>\n<li>evens out the complexion<\/li>\n<li>smoothes fine lines<\/li>\n<li>it takes care of the balance of body and mind<\/li>\n<li>removes toxins, gives your complexion a natural glow<\/li>\n<li>relaxes and reduces stress<\/li>\n<li>supports good sleep<\/li>\n<li>it naturally stimulates the synthesis of collagen, that is, it rejuvenates the skin<\/li>\n<\/ul>\n<p>&nbsp;<\/p>\n<h2>Preparing the skin for massage with a gua sha plate<\/h2>\n<p>Thoroughly cleanse the skin of the face and d\u00e9collet\u00e9 before starting the Gua-Sha massage. Apply a serum, oil or your favourite moisturiser to complete the massage. I recommend you use an oil <a href=\"https:\/\/jogapiekna.com\/en\/product\/citrus-glow-olejek-do-masazu-50ml\/\">Citrus Glow<\/a>. We can also use <a href=\"https:\/\/jogapiekna.com\/en\/product-category\/olejki-eteryczne\/\">essential oils for massage<\/a>.<\/p>\n<p><strong>If you don&#039;t know what to put on your face before a gua sha massage, take a look at this post: <a href=\"https:\/\/jogapiekna.com\/en\/masaz\/jakie-kosmetyki-do-masazu-twarzy-sa-najlepsze\/\">What is the best cosmetics for facial massage?<\/a> <\/strong><\/p>\n<p>&nbsp;<\/p>\n<h2>Contraindications to gua sha massage<\/h2>\n<ul>\n<li>damaged skin<\/li>\n<li>damaged veins<\/li>\n<li>highly capillary skin<\/li>\n<li>moles<\/li>\n<li>cuts and bruises<\/li>\n<li>extensive acne lesions<\/li>\n<li>rosacea in the active phase<\/li>\n<li>cancer diseases<\/li>\n<\/ul>\n<p>&nbsp;<\/p>\n<h2>Cleaning the Gua sha obsidian plate<\/h2>\n<p>After the massage, wash the plate with warm water and soap. From time to time, you should additionally soak it in salt water and expose it to sunlight (at least 10 minutes). This allows you to charge them and clear them of negative energy.<\/p>\n<p>&nbsp;<\/p>\n<h2>How to use a massager made of natural black obsidian?<\/h2>\n<p>Gua sha massage can be done even daily, if you massage the skin gently and quite briefly \u2013 a few minutes. A stronger and longer massage (about 15-20 minutes) is recommended two, maximum three times a week.<\/p>\n<p>Plate massage <strong>each time we start with the upper part of the face.<\/strong>, gradually going down in the direction of the arrows-Fig. 1 and along the numbered steps.<\/p>\n<p><img decoding=\"async\" class=\"alignleft size-full wp-image-10664\" src=\"https:\/\/jogapiekna.com\/wp-content\/uploads\/2020\/01\/kamien-gua-sha_technika.jpg\" alt=\"\" width=\"\u201e399\u201d\" height=\"\u201e600\u201d\" \/><\/p>\n<p>&nbsp;<\/p>\n<h3>Gua Sha Usage Example: See how to smooth out Lion Wrinkles<\/h3>\n<p><iframe title=\"YouTube video player\" src=\"https:\/\/www.youtube.com\/embed\/cRv2bRXtpDM?si=JTGxOdKV1IRzfM5r\" width=\"560\" height=\"315\" frameborder=\"0\" allowfullscreen=\"allowfullscreen\"><\/iframe><\/p>\n<p>You can find more videos on my website <a href=\"https:\/\/www.youtube.com\/@jogapiekna\/\">youtube channel<\/a>.<\/p>","protected":false},"excerpt":{"rendered":"<p>Luxury Gua-Sha Massage Plate <strong>made of natural obsidian<\/strong>, a volcanic stone with a glassy sheen, is for lovers of high-end beauty accessories. Obsidian comes from lava that solidified quickly on the Earth's surface. It is a stone with a strong energetic effect and has many health and spiritual properties. An obsidian massage will firm your skin and take care of its better condition and appearance.<\/p>\n<p><strong>Size:<\/strong> 8.0 cm x 5.3 cm x 0.6 cm (+\/- 0.2 cm)<br \/>\n<strong>Group:<\/strong> natural stone-black obsidian<\/p>","protected":false},"featured_media":94459,"comment_status":"closed","ping_status":"closed","template":"","meta":{"_acf_changed":false,"site-sidebar-layout":"default","site-content-layout":"","ast-site-content-layout":"default","site-content-style":"default","site-sidebar-style":"default","ast-global-header-display":"","ast-banner-title-visibility":"","ast-main-header-display":"","ast-hfb-above-header-display":"","ast-hfb-below-header-display":"","ast-hfb-mobile-header-display":"","site-post-title":"","ast-breadcrumbs-content":"","ast-featured-img":"","footer-sml-layout":"","ast-disable-related-posts":"","theme-transparent-header-meta":"","adv-header-id-meta":"","stick-header-meta":"","header-above-stick-meta":"","header-main-stick-meta":"","header-below-stick-meta":"","astra-migrate-meta-layouts":"default","ast-page-background-enabled":"default","ast-page-background-meta":{"desktop":{"background-color":"var(--ast-global-color-5)","background-image":"","background-repeat":"repeat","background-position":"center center","background-size":"auto","background-attachment":"scroll","background-type":"","background-media":"","overlay-type":"","overlay-color":"","overlay-opacity":"","overlay-gradient":""},"tablet":{"background-color":"","background-image":"","background-repeat":"repeat","background-position":"center center","background-size":"auto","background-attachment":"scroll","background-type":"","background-media":"","overlay-type":"","overlay-color":"","overlay-opacity":"","overlay-gradient":""},"mobile":{"background-color":"","background-image":"","background-repeat":"repeat","background-position":"center center","background-size":"auto","background-attachment":"scroll","background-type":"","background-media":"","overlay-type":"","overlay-color":"","overlay-opacity":"","overlay-gradient":""}},"ast-content-background-meta":{"desktop":{"background-color":"var(--ast-global-color-4)","background-image":"","background-repeat":"repeat","background-position":"center center","background-size":"auto","background-attachment":"scroll","background-type":"","background-media":"","overlay-type":"","overlay-color":"","overlay-opacity":"","overlay-gradient":""},"tablet":{"background-color":"var(--ast-global-color-4)","background-image":"","background-repeat":"repeat","background-position":"center center","background-size":"auto","background-attachment":"scroll","background-type":"","background-media":"","overlay-type":"","overlay-color":"","overlay-opacity":"","overlay-gradient":""},"mobile":{"background-color":"var(--ast-global-color-4)","background-image":"","background-repeat":"repeat","background-position":"center center","background-size":"auto","background-attachment":"scroll","background-type":"","background-media":"","overlay-type":"","overlay-color":"","overlay-opacity":"","overlay-gradient":""}}},"product_brand":[],"product_cat":[21,611,610],"product_tag":[267,41,208,260,60,266,256,255],"class_list":{"0":"post-36222","1":"product","2":"type-product","3":"status-publish","4":"has-post-thumbnail","6":"product_cat-akcesoria","7":"product_cat-gua-sha-rollery","8":"product_cat-masaz-twarzy-i-szyi","9":"product_tag-czarny","10":"product_tag-joga-twarzy","11":"product_tag-kamien-gua-sha","12":"product_tag-masaz-twarzy","13":"product_tag-masazer-do-twarzy","14":"product_tag-obsydian","15":"product_tag-pielegnacja-skory","16":"product_tag-pielegnacja-twarzy","17":"desktop-align-left","18":"tablet-align-left","19":"mobile-align-left","21":"first","22":"instock","23":"taxable","24":"shipping-taxable","25":"purchasable","26":"product-type-simple"},"acf":[],"yoast_head":"<!-- This site is optimized with the Yoast SEO plugin v27.2 - https:\/\/yoast.com\/product\/yoast-seo-wordpress\/ -->\n<title>P\u0142ytka do masa\u017cu GuaSha z obsydianu \u2022 kamie\u0144 wulkaniczny<\/title>\n<meta name=\"description\" content=\"Luksusowa p\u0142ytka do masa\u017cu Gua-Sha z obsydianu \u2014 czarnego kamienia wulkanicznego o silnym dzia\u0142aniu energetycznym. Kup online.\" \/>\n<meta name=\"robots\" content=\"index, follow, max-snippet:-1, max-image-preview:large, max-video-preview:-1\" \/>\n<link rel=\"canonical\" href=\"https:\/\/jogapiekna.com\/en\/product\/masazer-joga-piekna-do-masazu-twarzy-szyi-i-dekoltu-kamien-gua-sha-obsydian-czarny\/\" \/>\n<meta property=\"og:locale\" content=\"en_GB\" \/>\n<meta property=\"og:type\" content=\"article\" \/>\n<meta property=\"og:title\" content=\"P\u0142ytka do masa\u017cu GuaSha z obsydianu \u2022 kamie\u0144 wulkaniczny\" \/>\n<meta property=\"og:description\" content=\"Luksusowa p\u0142ytka do masa\u017cu Gua-Sha z obsydianu \u2014 czarnego kamienia wulkanicznego o silnym dzia\u0142aniu energetycznym. Kup online.\" \/>\n<meta property=\"og:url\" content=\"https:\/\/jogapiekna.com\/en\/product\/masazer-joga-piekna-do-masazu-twarzy-szyi-i-dekoltu-kamien-gua-sha-obsydian-czarny\/\" \/>\n<meta property=\"og:site_name\" content=\"JOGA PI\u0118KNA | Joga Twarzy\" \/>\n<meta property=\"article:publisher\" content=\"https:\/\/www.facebook.com\/JogaPieknaCom\/\" \/>\n<meta property=\"article:modified_time\" content=\"2026-04-08T16:59:37+00:00\" \/>\n<meta property=\"og:image\" content=\"https:\/\/jogapiekna.com\/wp-content\/uploads\/2020\/12\/Plytka-GuaSha-do-masazu-naturalny-obsydian__czarny.jpg\" \/>\n\t<meta property=\"og:image:width\" content=\"1000\" \/>\n\t<meta property=\"og:image:height\" content=\"1000\" \/>\n\t<meta property=\"og:image:type\" content=\"image\/jpeg\" \/>\n<meta name=\"twitter:card\" content=\"summary_large_image\" \/>\n<meta name=\"twitter:label1\" content=\"Estimated reading time\" \/>\n\t<meta name=\"twitter:data1\" content=\"4 minutes\" \/>\n<script type=\"application\/ld+json\" class=\"yoast-schema-graph\">{\"@context\":\"https:\/\/schema.org\",\"@graph\":[{\"@type\":\"WebPage\",\"@id\":\"https:\/\/jogapiekna.com\/produkt\/masazer-joga-piekna-do-masazu-twarzy-szyi-i-dekoltu-kamien-gua-sha-obsydian-czarny\/\",\"url\":\"https:\/\/jogapiekna.com\/produkt\/masazer-joga-piekna-do-masazu-twarzy-szyi-i-dekoltu-kamien-gua-sha-obsydian-czarny\/\",\"name\":\"P\u0142ytka do masa\u017cu GuaSha z obsydianu \u2022 kamie\u0144 wulkaniczny\",\"isPartOf\":{\"@id\":\"https:\/\/jogapiekna.com\/#website\"},\"primaryImageOfPage\":{\"@id\":\"https:\/\/jogapiekna.com\/produkt\/masazer-joga-piekna-do-masazu-twarzy-szyi-i-dekoltu-kamien-gua-sha-obsydian-czarny\/#primaryimage\"},\"image\":{\"@id\":\"https:\/\/jogapiekna.com\/produkt\/masazer-joga-piekna-do-masazu-twarzy-szyi-i-dekoltu-kamien-gua-sha-obsydian-czarny\/#primaryimage\"},\"thumbnailUrl\":\"https:\/\/jogapiekna.com\/wp-content\/uploads\/2020\/12\/Plytka-GuaSha-do-masazu-naturalny-obsydian__czarny.jpg\",\"datePublished\":\"2020-12-13T22:05:23+00:00\",\"dateModified\":\"2026-04-08T16:59:37+00:00\",\"description\":\"Luksusowa p\u0142ytka do masa\u017cu Gua-Sha z obsydianu \u2014 czarnego kamienia wulkanicznego o silnym dzia\u0142aniu energetycznym. Kup online.\",\"breadcrumb\":{\"@id\":\"https:\/\/jogapiekna.com\/produkt\/masazer-joga-piekna-do-masazu-twarzy-szyi-i-dekoltu-kamien-gua-sha-obsydian-czarny\/#breadcrumb\"},\"inLanguage\":\"en-GB\",\"potentialAction\":[{\"@type\":\"ReadAction\",\"target\":[\"https:\/\/jogapiekna.com\/produkt\/masazer-joga-piekna-do-masazu-twarzy-szyi-i-dekoltu-kamien-gua-sha-obsydian-czarny\/\"]}]},{\"@type\":\"ImageObject\",\"inLanguage\":\"en-GB\",\"@id\":\"https:\/\/jogapiekna.com\/produkt\/masazer-joga-piekna-do-masazu-twarzy-szyi-i-dekoltu-kamien-gua-sha-obsydian-czarny\/#primaryimage\",\"url\":\"https:\/\/jogapiekna.com\/wp-content\/uploads\/2020\/12\/Plytka-GuaSha-do-masazu-naturalny-obsydian__czarny.jpg\",\"contentUrl\":\"https:\/\/jogapiekna.com\/wp-content\/uploads\/2020\/12\/Plytka-GuaSha-do-masazu-naturalny-obsydian__czarny.jpg\",\"width\":1000,\"height\":1000,\"caption\":\"P\u0142ytka GuaSha do masa\u017cu naturalny obsydian czarny\"},{\"@type\":\"BreadcrumbList\",\"@id\":\"https:\/\/jogapiekna.com\/produkt\/masazer-joga-piekna-do-masazu-twarzy-szyi-i-dekoltu-kamien-gua-sha-obsydian-czarny\/#breadcrumb\",\"itemListElement\":[{\"@type\":\"ListItem\",\"position\":1,\"name\":\"Strona g\u0142\u00f3wna\",\"item\":\"https:\/\/jogapiekna.com\/\"},{\"@type\":\"ListItem\",\"position\":2,\"name\":\"Sklep\",\"item\":\"https:\/\/jogapiekna.com\/sklep\/\"},{\"@type\":\"ListItem\",\"position\":3,\"name\":\"P\u0142ytka do masa\u017cu Gua-Sha z obsydianu \u2022 kamie\u0144 wulkaniczny do masa\u017cu\"}]},{\"@type\":\"WebSite\",\"@id\":\"https:\/\/jogapiekna.com\/#website\",\"url\":\"https:\/\/jogapiekna.com\/\",\"name\":\"Joga Pi\u0119kna Marta Kuci\u0144ska\",\"description\":\"Joga Pi\u0119kna pomaga kobietom zachowa\u0107 urod\u0119, cofn\u0105\u0107 oznaki up\u0142ywaj\u0105cego czasu i zm\u0119czenia, odzyska\u0107 promienny wygl\u0105d, naturalny u\u015bmiech i popraw\u0119 w\u0142asnej samooceny.\",\"publisher\":{\"@id\":\"https:\/\/jogapiekna.com\/#organization\"},\"potentialAction\":[{\"@type\":\"SearchAction\",\"target\":{\"@type\":\"EntryPoint\",\"urlTemplate\":\"https:\/\/jogapiekna.com\/?s={search_term_string}\"},\"query-input\":{\"@type\":\"PropertyValueSpecification\",\"valueRequired\":true,\"valueName\":\"search_term_string\"}}],\"inLanguage\":\"en-GB\"},{\"@type\":\"Organization\",\"@id\":\"https:\/\/jogapiekna.com\/#organization\",\"name\":\"Joga Pi\u0119kna Marta Kuci\u0144ska\",\"url\":\"https:\/\/jogapiekna.com\/\",\"logo\":{\"@type\":\"ImageObject\",\"inLanguage\":\"en-GB\",\"@id\":\"https:\/\/jogapiekna.com\/#\/schema\/logo\/image\/\",\"url\":\"https:\/\/jogapiekna.com\/wp-content\/uploads\/2022\/09\/joga-piekna-logo_Rka.png\",\"contentUrl\":\"https:\/\/jogapiekna.com\/wp-content\/uploads\/2022\/09\/joga-piekna-logo_Rka.png\",\"width\":231,\"height\":124,\"caption\":\"Joga Pi\u0119kna Marta Kuci\u0144ska\"},\"image\":{\"@id\":\"https:\/\/jogapiekna.com\/#\/schema\/logo\/image\/\"},\"sameAs\":[\"https:\/\/www.facebook.com\/JogaPieknaCom\/\",\"https:\/\/www.instagram.com\/jogapieknacom\/\"]}]}<\/script>\n<!-- \/ Yoast SEO plugin. -->","yoast_head_json":{"title":"P\u0142ytka do masa\u017cu GuaSha z obsydianu \u2022 kamie\u0144 wulkaniczny","description":"Luksusowa p\u0142ytka do masa\u017cu Gua-Sha z obsydianu \u2014 czarnego kamienia wulkanicznego o silnym dzia\u0142aniu energetycznym. Kup online.","robots":{"index":"index","follow":"follow","max-snippet":"max-snippet:-1","max-image-preview":"max-image-preview:large","max-video-preview":"max-video-preview:-1"},"canonical":"https:\/\/jogapiekna.com\/en\/product\/masazer-joga-piekna-do-masazu-twarzy-szyi-i-dekoltu-kamien-gua-sha-obsydian-czarny\/","og_locale":"en_GB","og_type":"article","og_title":"P\u0142ytka do masa\u017cu GuaSha z obsydianu \u2022 kamie\u0144 wulkaniczny","og_description":"Luksusowa p\u0142ytka do masa\u017cu Gua-Sha z obsydianu \u2014 czarnego kamienia wulkanicznego o silnym dzia\u0142aniu energetycznym. Kup online.","og_url":"https:\/\/jogapiekna.com\/en\/product\/masazer-joga-piekna-do-masazu-twarzy-szyi-i-dekoltu-kamien-gua-sha-obsydian-czarny\/","og_site_name":"JOGA PI\u0118KNA | Joga Twarzy","article_publisher":"https:\/\/www.facebook.com\/JogaPieknaCom\/","article_modified_time":"2026-04-08T16:59:37+00:00","og_image":[{"width":1000,"height":1000,"url":"https:\/\/jogapiekna.com\/wp-content\/uploads\/2020\/12\/Plytka-GuaSha-do-masazu-naturalny-obsydian__czarny.jpg","type":"image\/jpeg"}],"twitter_card":"summary_large_image","twitter_misc":{"Estimated reading time":"4 minutes"},"schema":{"@context":"https:\/\/schema.org","@graph":[{"@type":"WebPage","@id":"https:\/\/jogapiekna.com\/produkt\/masazer-joga-piekna-do-masazu-twarzy-szyi-i-dekoltu-kamien-gua-sha-obsydian-czarny\/","url":"https:\/\/jogapiekna.com\/produkt\/masazer-joga-piekna-do-masazu-twarzy-szyi-i-dekoltu-kamien-gua-sha-obsydian-czarny\/","name":"P\u0142ytka do masa\u017cu GuaSha z obsydianu \u2022 kamie\u0144 wulkaniczny","isPartOf":{"@id":"https:\/\/jogapiekna.com\/#website"},"primaryImageOfPage":{"@id":"https:\/\/jogapiekna.com\/produkt\/masazer-joga-piekna-do-masazu-twarzy-szyi-i-dekoltu-kamien-gua-sha-obsydian-czarny\/#primaryimage"},"image":{"@id":"https:\/\/jogapiekna.com\/produkt\/masazer-joga-piekna-do-masazu-twarzy-szyi-i-dekoltu-kamien-gua-sha-obsydian-czarny\/#primaryimage"},"thumbnailUrl":"https:\/\/jogapiekna.com\/wp-content\/uploads\/2020\/12\/Plytka-GuaSha-do-masazu-naturalny-obsydian__czarny.jpg","datePublished":"2020-12-13T22:05:23+00:00","dateModified":"2026-04-08T16:59:37+00:00","description":"Luksusowa p\u0142ytka do masa\u017cu Gua-Sha z obsydianu \u2014 czarnego kamienia wulkanicznego o silnym dzia\u0142aniu energetycznym. Kup online.","breadcrumb":{"@id":"https:\/\/jogapiekna.com\/produkt\/masazer-joga-piekna-do-masazu-twarzy-szyi-i-dekoltu-kamien-gua-sha-obsydian-czarny\/#breadcrumb"},"inLanguage":"en-GB","potentialAction":[{"@type":"ReadAction","target":["https:\/\/jogapiekna.com\/produkt\/masazer-joga-piekna-do-masazu-twarzy-szyi-i-dekoltu-kamien-gua-sha-obsydian-czarny\/"]}]},{"@type":"ImageObject","inLanguage":"en-GB","@id":"https:\/\/jogapiekna.com\/produkt\/masazer-joga-piekna-do-masazu-twarzy-szyi-i-dekoltu-kamien-gua-sha-obsydian-czarny\/#primaryimage","url":"https:\/\/jogapiekna.com\/wp-content\/uploads\/2020\/12\/Plytka-GuaSha-do-masazu-naturalny-obsydian__czarny.jpg","contentUrl":"https:\/\/jogapiekna.com\/wp-content\/uploads\/2020\/12\/Plytka-GuaSha-do-masazu-naturalny-obsydian__czarny.jpg","width":1000,"height":1000,"caption":"P\u0142ytka GuaSha do masa\u017cu naturalny obsydian czarny"},{"@type":"BreadcrumbList","@id":"https:\/\/jogapiekna.com\/produkt\/masazer-joga-piekna-do-masazu-twarzy-szyi-i-dekoltu-kamien-gua-sha-obsydian-czarny\/#breadcrumb","itemListElement":[{"@type":"ListItem","position":1,"name":"Strona g\u0142\u00f3wna","item":"https:\/\/jogapiekna.com\/"},{"@type":"ListItem","position":2,"name":"Sklep","item":"https:\/\/jogapiekna.com\/sklep\/"},{"@type":"ListItem","position":3,"name":"P\u0142ytka do masa\u017cu Gua-Sha z obsydianu \u2022 kamie\u0144 wulkaniczny do masa\u017cu"}]},{"@type":"WebSite","@id":"https:\/\/jogapiekna.com\/#website","url":"https:\/\/jogapiekna.com\/","name":"Yoga Beauty Marta Kuci\u0144ska","description":"Beauty Yoga helps women to maintain their beauty, reverse the signs of passing time and fatigue, regain a radiant appearance, natural smile and improve their self-esteem.","publisher":{"@id":"https:\/\/jogapiekna.com\/#organization"},"potentialAction":[{"@type":"SearchAction","target":{"@type":"EntryPoint","urlTemplate":"https:\/\/jogapiekna.com\/?s={search_term_string}"},"query-input":{"@type":"PropertyValueSpecification","valueRequired":true,"valueName":"search_term_string"}}],"inLanguage":"en-GB"},{"@type":"Organization","@id":"https:\/\/jogapiekna.com\/#organization","name":"Yoga Beauty Marta Kuci\u0144ska","url":"https:\/\/jogapiekna.com\/","logo":{"@type":"ImageObject","inLanguage":"en-GB","@id":"https:\/\/jogapiekna.com\/#\/schema\/logo\/image\/","url":"https:\/\/jogapiekna.com\/wp-content\/uploads\/2022\/09\/joga-piekna-logo_Rka.png","contentUrl":"https:\/\/jogapiekna.com\/wp-content\/uploads\/2022\/09\/joga-piekna-logo_Rka.png","width":231,"height":124,"caption":"Joga Pi\u0119kna Marta Kuci\u0144ska"},"image":{"@id":"https:\/\/jogapiekna.com\/#\/schema\/logo\/image\/"},"sameAs":["https:\/\/www.facebook.com\/JogaPieknaCom\/","https:\/\/www.instagram.com\/jogapieknacom\/"]}]}},"_links":{"self":[{"href":"https:\/\/jogapiekna.com\/en\/wp-json\/wp\/v2\/product\/36222","targetHints":{"allow":["GET"]}}],"collection":[{"href":"https:\/\/jogapiekna.com\/en\/wp-json\/wp\/v2\/product"}],"about":[{"href":"https:\/\/jogapiekna.com\/en\/wp-json\/wp\/v2\/types\/product"}],"replies":[{"embeddable":true,"href":"https:\/\/jogapiekna.com\/en\/wp-json\/wp\/v2\/comments?post=36222"}],"version-history":[{"count":2,"href":"https:\/\/jogapiekna.com\/en\/wp-json\/wp\/v2\/product\/36222\/revisions"}],"predecessor-version":[{"id":210812,"href":"https:\/\/jogapiekna.com\/en\/wp-json\/wp\/v2\/product\/36222\/revisions\/210812"}],"wp:featuredmedia":[{"embeddable":true,"href":"https:\/\/jogapiekna.com\/en\/wp-json\/wp\/v2\/media\/94459"}],"wp:attachment":[{"href":"https:\/\/jogapiekna.com\/en\/wp-json\/wp\/v2\/media?parent=36222"}],"wp:term":[{"taxonomy":"product_brand","embeddable":true,"href":"https:\/\/jogapiekna.com\/en\/wp-json\/wp\/v2\/product_brand?post=36222"},{"taxonomy":"product_cat","embeddable":true,"href":"https:\/\/jogapiekna.com\/en\/wp-json\/wp\/v2\/product_cat?post=36222"},{"taxonomy":"product_tag","embeddable":true,"href":"https:\/\/jogapiekna.com\/en\/wp-json\/wp\/v2\/product_tag?post=36222"}],"curies":[{"name":"wp","href":"https:\/\/api.w.org\/{rel}","templated":true}]}}