{"id":36231,"date":"2020-12-13T23:45:05","date_gmt":"2020-12-13T22:45:05","guid":{"rendered":"https:\/\/jogapiekna.com\/?post_type=product&#038;p=36231"},"modified":"2026-04-07T08:22:49","modified_gmt":"2026-04-07T06:22:49","slug":"zestaw-joga-piekna-do-masazu-twarzy-roller-kamien-gua-sha-krysztal-gorski-bialy-kwarc","status":"publish","type":"product","link":"https:\/\/jogapiekna.com\/en\/product\/zestaw-joga-piekna-do-masazu-twarzy-roller-kamien-gua-sha-krysztal-gorski-bialy-kwarc\/","title":{"rendered":"Massage kit: roller + gua sha * rhinestone"},"content":{"rendered":"<p>Do you want to know how to eliminate the symptoms of skin aging and smooth out fine lines? Be aware of regular tissue stimulation. <strong>Roller and Gouache Stone<\/strong> This is the perfect facial massage kit with an elegant design. Both massagers were made by hand from natural stone-rock crystal, that is, white quartz.<\/p>\n<p>&nbsp;<\/p>\n<h3>Roller or Gouache? You don&#039;t have to choose!<\/h3>\n<p>Don&#039;t know which facial massager to choose? What is best for your case? You don&#039;t have to choose. We have collected special sets for face massage made from natural stones.<\/p>\n<ul>\n<li><a href=\"https:\/\/jogapiekna.com\/en\/product\/roller-joga-piekna-do-masazu-twarzy-krysztal-gorski\/\" target=\"_blank\" rel=\"noopener\"><strong>White Quartz Roller<\/strong><\/a> allows you to make a more gentle massage. It gently massages the skin of the face, neck and decollete, while simultaneously tightening, making it elastic and smoothing out fine wrinkles. Two tips allow you to adapt the massage to individual areas of the face. The smaller one is used to massage the eye area.<\/li>\n<li><a href=\"https:\/\/jogapiekna.com\/en\/product\/masazer-joga-piekna-do-masazu-twarzy-szyi-i-dekoltu-kamien-gua-sha-krysztal-gorski\/\" target=\"_blank\" rel=\"noopener\"><strong>White quartz tile GuaSha<\/strong><\/a> this will allow you to do a stronger facial massage, which stimulates the internal regeneration of the skin. The shape of the stone adapts to the face. It allows you to remove puffiness, improves blood circulation and lymph circulation, and also models the oval of the face.<\/li>\n<\/ul>\n<p>&nbsp;<\/p>\n<h3>Rock crystal, or white quartz for facial massage<\/h3>\n<p>Rock crystal (white quartz) is a natural mineral with a clear milky white color. It helps to remove energy blockages at the levels of all chakras, increases the body&#039;s vitality, absorbs unfavorable vibrations, and protects against bad energy.<\/p>\n<p>&nbsp;<\/p>\n<p><strong> Action of the facial massage roller\u00a0 <\/strong><\/p>\n<ul>\n<li>stimulates collagen synthesis<\/li>\n<li>reduces puffiness<\/li>\n<li>strengthens the skin<\/li>\n<li>improves blood circulation<\/li>\n<li>reduces puffiness around the eyes and eyelids<\/li>\n<\/ul>\n<p>&nbsp;<\/p>\n<p><strong> Action of the Gouache stone for facial massage\u00a0 <\/strong><\/p>\n<ul>\n<li>losing weight<\/li>\n<li>improves the contour of the face<\/li>\n<li>stimulates collagen synthesis<\/li>\n<li>strongly strengthens the skin<\/li>\n<li>strongly stimulates blood and lymph circulation<\/li>\n<\/ul>\n<p><strong> How to prepare your skin before using the facial massage kit? <\/strong><br \/>\nBefore starting the massage, it is necessary to thoroughly clean the skin of the face and decollete.\u2028 To get a massage, apply a serum \/ oil or your favorite moisturizer. You can also use essential oils for massage.<\/p>\n<p>Gua sha massage-what you need to do<br \/>\n<iframe title=\"YouTube video player\" src=\"https:\/\/www.youtube.com\/embed\/8ORiaLgEwu8\" width=\"800\" height=\"450\" frameborder=\"0\" allowfullscreen=\"allowfullscreen\"><\/iframe><\/p>\n<p><strong>How to use a facial roller?<\/strong><br \/>\nThe massage starts each time from the upper parts of the face, gradually going down in accordance with the direction of the arrows \u2013 <strong>Figure 1<\/strong> snuggling up with moderate force. This is a very gentle massage that you can do every day. Regular use provides a natural facelift. Roller massage should last from 5 to 10 minutes.<\/p>\n<p><img decoding=\"async\" class=\"alignleft size-full wp-image-10664\" src=\"https:\/\/jogapiekna.com\/wp-content\/uploads\/2020\/01\/technika-roller.jpg\" alt=\"jak u\u017cywa\u0107 rollera do twarzy\" width=\"\u201e399\u201d\" height=\"\u201e600\u201d\" \/><\/p>\n<p><strong>How to use a Gouache tile for your face?\u00a0<\/strong><br \/>\nGua sha is a special form of traditional Chinese therapeutic massage, consisting of skin scraping.<br \/>\nGua sha massage starts each time from the upper parts of the face, gradually going down in accordance with the direction of the arrows \u2013 <strong>Figure 2<\/strong> or with more puffiness from the lower parts, and then repeat the movements from top to bottom.<\/p>\n<p><img decoding=\"async\" class=\"alignleft size-full wp-image-10664\" src=\"https:\/\/jogapiekna.com\/wp-content\/uploads\/2020\/01\/kamien-gua-sha_technika2.jpg\" alt=\"\" width=\"\u201e399\u201d\" height=\"\u201e600\u201d\" \/><\/p>\n<p>&nbsp;<\/p>\n<h3>Contraindications for gua sha facial massage<\/h3>\n<ul>\n<li>damaged skin<\/li>\n<li>damaged veins<\/li>\n<li>highly capillary skin<\/li>\n<li>moles<\/li>\n<li>cuts and bruises<\/li>\n<li>extensive acne lesions<\/li>\n<li>rosacea in the active phase<\/li>\n<li>cancer diseases<\/li>\n<\/ul>\n<p>&nbsp;<\/p>\n<hr \/>\n<p>How to use a White quartz facial Massage Kit? Check out my YouTube channel:<\/p>\n<ul>\n<li><a href=\"https:\/\/www.youtube.com\/watch?v=97W6rL5zEXQ\" target=\"_blank\" rel=\"noopener\">Lifting and rejuvenating facial massage gua sha<\/a><\/li>\n<li><a href=\"https:\/\/www.youtube.com\/watch?v=LHPaqjpKXEA\" target=\"_blank\" rel=\"noopener\">Reducing puffiness around the eyes with gua sha<\/a><\/li>\n<li><a href=\"https:\/\/www.youtube.com\/watch?v=B7ozY52tXpo&amp;list=PL3hHGTCx5OYDQ5ZeJh_AniYwymJNeip6h&amp;index=6\" target=\"_blank\" rel=\"noopener\">Gua sha massage for lion&#039;s wrinkle\u00a0<\/a><\/li>\n<\/ul>","protected":false},"excerpt":{"rendered":"<p>Do you want your skin to be supple and smooth? <strong>Facial Massage Kit<\/strong> With natural GuaSha and Roller tiles, it will help you maintain a youthful look despite the years. Regular massages of the face, decollete and neck with massagers help to remove energy blockages, reduce puffiness and bring with them a number of aesthetic benefits.<\/p>\n<p><strong>Roller dimensions:<\/strong> 14.5 cm x 6 cm<br \/>\n<strong>Guasha dimensions<\/strong> 8,5cm x 5,8cm x 0.8cm (+\/- 0.2 cm)<\/p>\n<p><strong>Package dimensions:<\/strong> 17 cm x 12 cm x 2.8 cm<\/p>","protected":false},"featured_media":138542,"comment_status":"closed","ping_status":"closed","template":"","meta":{"_acf_changed":false,"site-sidebar-layout":"default","site-content-layout":"","ast-site-content-layout":"default","site-content-style":"default","site-sidebar-style":"default","ast-global-header-display":"","ast-banner-title-visibility":"","ast-main-header-display":"","ast-hfb-above-header-display":"","ast-hfb-below-header-display":"","ast-hfb-mobile-header-display":"","site-post-title":"","ast-breadcrumbs-content":"","ast-featured-img":"","footer-sml-layout":"","ast-disable-related-posts":"","theme-transparent-header-meta":"default","adv-header-id-meta":"","stick-header-meta":"","header-above-stick-meta":"","header-main-stick-meta":"","header-below-stick-meta":"","astra-migrate-meta-layouts":"set","ast-page-background-enabled":"default","ast-page-background-meta":{"desktop":{"background-color":"var(--ast-global-color-5)","background-image":"","background-repeat":"repeat","background-position":"center center","background-size":"auto","background-attachment":"scroll","background-type":"","background-media":"","overlay-type":"","overlay-color":"","overlay-opacity":"","overlay-gradient":""},"tablet":{"background-color":"","background-image":"","background-repeat":"repeat","background-position":"center center","background-size":"auto","background-attachment":"scroll","background-type":"","background-media":"","overlay-type":"","overlay-color":"","overlay-opacity":"","overlay-gradient":""},"mobile":{"background-color":"","background-image":"","background-repeat":"repeat","background-position":"center center","background-size":"auto","background-attachment":"scroll","background-type":"","background-media":"","overlay-type":"","overlay-color":"","overlay-opacity":"","overlay-gradient":""}},"ast-content-background-meta":{"desktop":{"background-color":"var(--ast-global-color-4)","background-image":"","background-repeat":"repeat","background-position":"center center","background-size":"auto","background-attachment":"scroll","background-type":"","background-media":"","overlay-type":"","overlay-color":"","overlay-opacity":"","overlay-gradient":""},"tablet":{"background-color":"var(--ast-global-color-4)","background-image":"","background-repeat":"repeat","background-position":"center center","background-size":"auto","background-attachment":"scroll","background-type":"","background-media":"","overlay-type":"","overlay-color":"","overlay-opacity":"","overlay-gradient":""},"mobile":{"background-color":"var(--ast-global-color-4)","background-image":"","background-repeat":"repeat","background-position":"center center","background-size":"auto","background-attachment":"scroll","background-type":"","background-media":"","overlay-type":"","overlay-color":"","overlay-opacity":"","overlay-gradient":""}}},"product_brand":[],"product_cat":[21,611,610],"product_tag":[269,41,208,268,60,210],"class_list":{"0":"post-36231","1":"product","2":"type-product","3":"status-publish","4":"has-post-thumbnail","6":"product_cat-akcesoria","7":"product_cat-gua-sha-rollery","8":"product_cat-masaz-twarzy-i-szyi","9":"product_tag-bialy-kwarc","10":"product_tag-joga-twarzy","11":"product_tag-kamien-gua-sha","12":"product_tag-krysztal-gorski","13":"product_tag-masazer-do-twarzy","14":"product_tag-roller","15":"desktop-align-left","16":"tablet-align-left","17":"mobile-align-left","19":"first","20":"instock","21":"taxable","22":"shipping-taxable","23":"purchasable","24":"product-type-simple"},"acf":[],"yoast_head":"<!-- This site is optimized with the Yoast SEO plugin v27.4 - https:\/\/yoast.com\/product\/yoast-seo-wordpress\/ -->\n<title>Zestaw do masa\u017cu twarzy roller i GuaSha | Joga Pi\u0119kna<\/title>\n<meta name=\"description\" content=\"Nie musisz wybiera\u0107 pomi\u0119dzy rollerem a GuaSha. Zestaw do masa\u017cu twarzy z bia\u0142ego kwarcu kompleksowo zadba o j\u0119drno\u015b\u0107 i m\u0142odzie\u0144czy wygl\u0105d Twojej sk\u00f3ry.\u00a0\" \/>\n<meta name=\"robots\" content=\"index, follow, max-snippet:-1, max-image-preview:large, max-video-preview:-1\" \/>\n<link rel=\"canonical\" href=\"https:\/\/jogapiekna.com\/en\/product\/zestaw-joga-piekna-do-masazu-twarzy-roller-kamien-gua-sha-krysztal-gorski-bialy-kwarc\/\" \/>\n<meta property=\"og:locale\" content=\"en_GB\" \/>\n<meta property=\"og:type\" content=\"article\" \/>\n<meta property=\"og:title\" content=\"Zestaw do masa\u017cu twarzy roller i GuaSha | Joga Pi\u0119kna\" \/>\n<meta property=\"og:description\" content=\"Nie musisz wybiera\u0107 pomi\u0119dzy rollerem a GuaSha. Zestaw do masa\u017cu twarzy z bia\u0142ego kwarcu kompleksowo zadba o j\u0119drno\u015b\u0107 i m\u0142odzie\u0144czy wygl\u0105d Twojej sk\u00f3ry.\u00a0\" \/>\n<meta property=\"og:url\" content=\"https:\/\/jogapiekna.com\/en\/product\/zestaw-joga-piekna-do-masazu-twarzy-roller-kamien-gua-sha-krysztal-gorski-bialy-kwarc\/\" \/>\n<meta property=\"og:site_name\" content=\"JOGA PI\u0118KNA | Joga Twarzy\" \/>\n<meta property=\"article:publisher\" content=\"https:\/\/www.facebook.com\/JogaPieknaCom\/\" \/>\n<meta property=\"article:modified_time\" content=\"2026-04-07T06:22:49+00:00\" \/>\n<meta property=\"og:image\" content=\"https:\/\/jogapiekna.com\/wp-content\/uploads\/2020\/12\/Zestaw-do-masazu-roller-GuaSha-bialy-kwarc-joga-piekna.jpg\" \/>\n\t<meta property=\"og:image:width\" content=\"1000\" \/>\n\t<meta property=\"og:image:height\" content=\"1000\" \/>\n\t<meta property=\"og:image:type\" content=\"image\/jpeg\" \/>\n<meta name=\"twitter:card\" content=\"summary_large_image\" \/>\n<meta name=\"twitter:label1\" content=\"Estimated reading time\" \/>\n\t<meta name=\"twitter:data1\" content=\"4 minutes\" \/>\n<script type=\"application\/ld+json\" class=\"yoast-schema-graph\">{\"@context\":\"https:\\\/\\\/schema.org\",\"@graph\":[{\"@type\":\"WebPage\",\"@id\":\"https:\\\/\\\/jogapiekna.com\\\/produkt\\\/zestaw-joga-piekna-do-masazu-twarzy-roller-kamien-gua-sha-krysztal-gorski-bialy-kwarc\\\/\",\"url\":\"https:\\\/\\\/jogapiekna.com\\\/produkt\\\/zestaw-joga-piekna-do-masazu-twarzy-roller-kamien-gua-sha-krysztal-gorski-bialy-kwarc\\\/\",\"name\":\"Zestaw do masa\u017cu twarzy roller i GuaSha | Joga Pi\u0119kna\",\"isPartOf\":{\"@id\":\"https:\\\/\\\/jogapiekna.com\\\/#website\"},\"primaryImageOfPage\":{\"@id\":\"https:\\\/\\\/jogapiekna.com\\\/produkt\\\/zestaw-joga-piekna-do-masazu-twarzy-roller-kamien-gua-sha-krysztal-gorski-bialy-kwarc\\\/#primaryimage\"},\"image\":{\"@id\":\"https:\\\/\\\/jogapiekna.com\\\/produkt\\\/zestaw-joga-piekna-do-masazu-twarzy-roller-kamien-gua-sha-krysztal-gorski-bialy-kwarc\\\/#primaryimage\"},\"thumbnailUrl\":\"https:\\\/\\\/jogapiekna.com\\\/wp-content\\\/uploads\\\/2020\\\/12\\\/Zestaw-do-masazu-roller-GuaSha-bialy-kwarc-joga-piekna.jpg\",\"datePublished\":\"2020-12-13T22:45:05+00:00\",\"dateModified\":\"2026-04-07T06:22:49+00:00\",\"description\":\"Nie musisz wybiera\u0107 pomi\u0119dzy rollerem a GuaSha. Zestaw do masa\u017cu twarzy z bia\u0142ego kwarcu kompleksowo zadba o j\u0119drno\u015b\u0107 i m\u0142odzie\u0144czy wygl\u0105d Twojej sk\u00f3ry.\u00a0\",\"breadcrumb\":{\"@id\":\"https:\\\/\\\/jogapiekna.com\\\/produkt\\\/zestaw-joga-piekna-do-masazu-twarzy-roller-kamien-gua-sha-krysztal-gorski-bialy-kwarc\\\/#breadcrumb\"},\"inLanguage\":\"en-GB\",\"potentialAction\":[{\"@type\":\"ReadAction\",\"target\":[\"https:\\\/\\\/jogapiekna.com\\\/produkt\\\/zestaw-joga-piekna-do-masazu-twarzy-roller-kamien-gua-sha-krysztal-gorski-bialy-kwarc\\\/\"]}]},{\"@type\":\"ImageObject\",\"inLanguage\":\"en-GB\",\"@id\":\"https:\\\/\\\/jogapiekna.com\\\/produkt\\\/zestaw-joga-piekna-do-masazu-twarzy-roller-kamien-gua-sha-krysztal-gorski-bialy-kwarc\\\/#primaryimage\",\"url\":\"https:\\\/\\\/jogapiekna.com\\\/wp-content\\\/uploads\\\/2020\\\/12\\\/Zestaw-do-masazu-roller-GuaSha-bialy-kwarc-joga-piekna.jpg\",\"contentUrl\":\"https:\\\/\\\/jogapiekna.com\\\/wp-content\\\/uploads\\\/2020\\\/12\\\/Zestaw-do-masazu-roller-GuaSha-bialy-kwarc-joga-piekna.jpg\",\"width\":1000,\"height\":1000},{\"@type\":\"BreadcrumbList\",\"@id\":\"https:\\\/\\\/jogapiekna.com\\\/produkt\\\/zestaw-joga-piekna-do-masazu-twarzy-roller-kamien-gua-sha-krysztal-gorski-bialy-kwarc\\\/#breadcrumb\",\"itemListElement\":[{\"@type\":\"ListItem\",\"position\":1,\"name\":\"Strona g\u0142\u00f3wna\",\"item\":\"https:\\\/\\\/jogapiekna.com\\\/\"},{\"@type\":\"ListItem\",\"position\":2,\"name\":\"Sklep\",\"item\":\"https:\\\/\\\/jogapiekna.com\\\/sklep\\\/\"},{\"@type\":\"ListItem\",\"position\":3,\"name\":\"Zestaw do masa\u017cu: roller + Gua-Sha \u2022 kryszta\u0142 g\u00f3rski\"}]},{\"@type\":\"WebSite\",\"@id\":\"https:\\\/\\\/jogapiekna.com\\\/#website\",\"url\":\"https:\\\/\\\/jogapiekna.com\\\/\",\"name\":\"Joga Pi\u0119kna Marta Kuci\u0144ska\",\"description\":\"Joga Pi\u0119kna pomaga kobietom zachowa\u0107 urod\u0119, cofn\u0105\u0107 oznaki up\u0142ywaj\u0105cego czasu i zm\u0119czenia, odzyska\u0107 promienny wygl\u0105d, naturalny u\u015bmiech i popraw\u0119 w\u0142asnej samooceny.\",\"publisher\":{\"@id\":\"https:\\\/\\\/jogapiekna.com\\\/#organization\"},\"potentialAction\":[{\"@type\":\"SearchAction\",\"target\":{\"@type\":\"EntryPoint\",\"urlTemplate\":\"https:\\\/\\\/jogapiekna.com\\\/?s={search_term_string}\"},\"query-input\":{\"@type\":\"PropertyValueSpecification\",\"valueRequired\":true,\"valueName\":\"search_term_string\"}}],\"inLanguage\":\"en-GB\"},{\"@type\":\"Organization\",\"@id\":\"https:\\\/\\\/jogapiekna.com\\\/#organization\",\"name\":\"Joga Pi\u0119kna Marta Kuci\u0144ska\",\"url\":\"https:\\\/\\\/jogapiekna.com\\\/\",\"logo\":{\"@type\":\"ImageObject\",\"inLanguage\":\"en-GB\",\"@id\":\"https:\\\/\\\/jogapiekna.com\\\/#\\\/schema\\\/logo\\\/image\\\/\",\"url\":\"https:\\\/\\\/jogapiekna.com\\\/wp-content\\\/uploads\\\/2022\\\/09\\\/joga-piekna-logo_Rka.png\",\"contentUrl\":\"https:\\\/\\\/jogapiekna.com\\\/wp-content\\\/uploads\\\/2022\\\/09\\\/joga-piekna-logo_Rka.png\",\"width\":231,\"height\":124,\"caption\":\"Joga Pi\u0119kna Marta Kuci\u0144ska\"},\"image\":{\"@id\":\"https:\\\/\\\/jogapiekna.com\\\/#\\\/schema\\\/logo\\\/image\\\/\"},\"sameAs\":[\"https:\\\/\\\/www.facebook.com\\\/JogaPieknaCom\\\/\",\"https:\\\/\\\/www.instagram.com\\\/jogapieknacom\\\/\"]}]}<\/script>\n<!-- \/ Yoast SEO plugin. -->","yoast_head_json":{"title":"Zestaw do masa\u017cu twarzy roller i GuaSha | Joga Pi\u0119kna","description":"Nie musisz wybiera\u0107 pomi\u0119dzy rollerem a GuaSha. Zestaw do masa\u017cu twarzy z bia\u0142ego kwarcu kompleksowo zadba o j\u0119drno\u015b\u0107 i m\u0142odzie\u0144czy wygl\u0105d Twojej sk\u00f3ry.\u00a0","robots":{"index":"index","follow":"follow","max-snippet":"max-snippet:-1","max-image-preview":"max-image-preview:large","max-video-preview":"max-video-preview:-1"},"canonical":"https:\/\/jogapiekna.com\/en\/product\/zestaw-joga-piekna-do-masazu-twarzy-roller-kamien-gua-sha-krysztal-gorski-bialy-kwarc\/","og_locale":"en_GB","og_type":"article","og_title":"Zestaw do masa\u017cu twarzy roller i GuaSha | Joga Pi\u0119kna","og_description":"Nie musisz wybiera\u0107 pomi\u0119dzy rollerem a GuaSha. Zestaw do masa\u017cu twarzy z bia\u0142ego kwarcu kompleksowo zadba o j\u0119drno\u015b\u0107 i m\u0142odzie\u0144czy wygl\u0105d Twojej sk\u00f3ry.\u00a0","og_url":"https:\/\/jogapiekna.com\/en\/product\/zestaw-joga-piekna-do-masazu-twarzy-roller-kamien-gua-sha-krysztal-gorski-bialy-kwarc\/","og_site_name":"JOGA PI\u0118KNA | Joga Twarzy","article_publisher":"https:\/\/www.facebook.com\/JogaPieknaCom\/","article_modified_time":"2026-04-07T06:22:49+00:00","og_image":[{"width":1000,"height":1000,"url":"https:\/\/jogapiekna.com\/wp-content\/uploads\/2020\/12\/Zestaw-do-masazu-roller-GuaSha-bialy-kwarc-joga-piekna.jpg","type":"image\/jpeg"}],"twitter_card":"summary_large_image","twitter_misc":{"Estimated reading time":"4 minutes"},"schema":{"@context":"https:\/\/schema.org","@graph":[{"@type":"WebPage","@id":"https:\/\/jogapiekna.com\/produkt\/zestaw-joga-piekna-do-masazu-twarzy-roller-kamien-gua-sha-krysztal-gorski-bialy-kwarc\/","url":"https:\/\/jogapiekna.com\/produkt\/zestaw-joga-piekna-do-masazu-twarzy-roller-kamien-gua-sha-krysztal-gorski-bialy-kwarc\/","name":"Zestaw do masa\u017cu twarzy roller i GuaSha | Joga Pi\u0119kna","isPartOf":{"@id":"https:\/\/jogapiekna.com\/#website"},"primaryImageOfPage":{"@id":"https:\/\/jogapiekna.com\/produkt\/zestaw-joga-piekna-do-masazu-twarzy-roller-kamien-gua-sha-krysztal-gorski-bialy-kwarc\/#primaryimage"},"image":{"@id":"https:\/\/jogapiekna.com\/produkt\/zestaw-joga-piekna-do-masazu-twarzy-roller-kamien-gua-sha-krysztal-gorski-bialy-kwarc\/#primaryimage"},"thumbnailUrl":"https:\/\/jogapiekna.com\/wp-content\/uploads\/2020\/12\/Zestaw-do-masazu-roller-GuaSha-bialy-kwarc-joga-piekna.jpg","datePublished":"2020-12-13T22:45:05+00:00","dateModified":"2026-04-07T06:22:49+00:00","description":"Nie musisz wybiera\u0107 pomi\u0119dzy rollerem a GuaSha. Zestaw do masa\u017cu twarzy z bia\u0142ego kwarcu kompleksowo zadba o j\u0119drno\u015b\u0107 i m\u0142odzie\u0144czy wygl\u0105d Twojej sk\u00f3ry.\u00a0","breadcrumb":{"@id":"https:\/\/jogapiekna.com\/produkt\/zestaw-joga-piekna-do-masazu-twarzy-roller-kamien-gua-sha-krysztal-gorski-bialy-kwarc\/#breadcrumb"},"inLanguage":"en-GB","potentialAction":[{"@type":"ReadAction","target":["https:\/\/jogapiekna.com\/produkt\/zestaw-joga-piekna-do-masazu-twarzy-roller-kamien-gua-sha-krysztal-gorski-bialy-kwarc\/"]}]},{"@type":"ImageObject","inLanguage":"en-GB","@id":"https:\/\/jogapiekna.com\/produkt\/zestaw-joga-piekna-do-masazu-twarzy-roller-kamien-gua-sha-krysztal-gorski-bialy-kwarc\/#primaryimage","url":"https:\/\/jogapiekna.com\/wp-content\/uploads\/2020\/12\/Zestaw-do-masazu-roller-GuaSha-bialy-kwarc-joga-piekna.jpg","contentUrl":"https:\/\/jogapiekna.com\/wp-content\/uploads\/2020\/12\/Zestaw-do-masazu-roller-GuaSha-bialy-kwarc-joga-piekna.jpg","width":1000,"height":1000},{"@type":"BreadcrumbList","@id":"https:\/\/jogapiekna.com\/produkt\/zestaw-joga-piekna-do-masazu-twarzy-roller-kamien-gua-sha-krysztal-gorski-bialy-kwarc\/#breadcrumb","itemListElement":[{"@type":"ListItem","position":1,"name":"Strona g\u0142\u00f3wna","item":"https:\/\/jogapiekna.com\/"},{"@type":"ListItem","position":2,"name":"Sklep","item":"https:\/\/jogapiekna.com\/sklep\/"},{"@type":"ListItem","position":3,"name":"Zestaw do masa\u017cu: roller + Gua-Sha \u2022 kryszta\u0142 g\u00f3rski"}]},{"@type":"WebSite","@id":"https:\/\/jogapiekna.com\/#website","url":"https:\/\/jogapiekna.com\/","name":"Yoga Beauty Marta Kuci\u0144ska","description":"Beauty Yoga helps women to maintain their beauty, reverse the signs of passing time and fatigue, regain a radiant appearance, natural smile and improve their self-esteem.","publisher":{"@id":"https:\/\/jogapiekna.com\/#organization"},"potentialAction":[{"@type":"SearchAction","target":{"@type":"EntryPoint","urlTemplate":"https:\/\/jogapiekna.com\/?s={search_term_string}"},"query-input":{"@type":"PropertyValueSpecification","valueRequired":true,"valueName":"search_term_string"}}],"inLanguage":"en-GB"},{"@type":"Organization","@id":"https:\/\/jogapiekna.com\/#organization","name":"Yoga Beauty Marta Kuci\u0144ska","url":"https:\/\/jogapiekna.com\/","logo":{"@type":"ImageObject","inLanguage":"en-GB","@id":"https:\/\/jogapiekna.com\/#\/schema\/logo\/image\/","url":"https:\/\/jogapiekna.com\/wp-content\/uploads\/2022\/09\/joga-piekna-logo_Rka.png","contentUrl":"https:\/\/jogapiekna.com\/wp-content\/uploads\/2022\/09\/joga-piekna-logo_Rka.png","width":231,"height":124,"caption":"Joga Pi\u0119kna Marta Kuci\u0144ska"},"image":{"@id":"https:\/\/jogapiekna.com\/#\/schema\/logo\/image\/"},"sameAs":["https:\/\/www.facebook.com\/JogaPieknaCom\/","https:\/\/www.instagram.com\/jogapieknacom\/"]}]}},"_links":{"self":[{"href":"https:\/\/jogapiekna.com\/en\/wp-json\/wp\/v2\/product\/36231","targetHints":{"allow":["GET"]}}],"collection":[{"href":"https:\/\/jogapiekna.com\/en\/wp-json\/wp\/v2\/product"}],"about":[{"href":"https:\/\/jogapiekna.com\/en\/wp-json\/wp\/v2\/types\/product"}],"replies":[{"embeddable":true,"href":"https:\/\/jogapiekna.com\/en\/wp-json\/wp\/v2\/comments?post=36231"}],"version-history":[{"count":4,"href":"https:\/\/jogapiekna.com\/en\/wp-json\/wp\/v2\/product\/36231\/revisions"}],"predecessor-version":[{"id":221147,"href":"https:\/\/jogapiekna.com\/en\/wp-json\/wp\/v2\/product\/36231\/revisions\/221147"}],"wp:featuredmedia":[{"embeddable":true,"href":"https:\/\/jogapiekna.com\/en\/wp-json\/wp\/v2\/media\/138542"}],"wp:attachment":[{"href":"https:\/\/jogapiekna.com\/en\/wp-json\/wp\/v2\/media?parent=36231"}],"wp:term":[{"taxonomy":"product_brand","embeddable":true,"href":"https:\/\/jogapiekna.com\/en\/wp-json\/wp\/v2\/product_brand?post=36231"},{"taxonomy":"product_cat","embeddable":true,"href":"https:\/\/jogapiekna.com\/en\/wp-json\/wp\/v2\/product_cat?post=36231"},{"taxonomy":"product_tag","embeddable":true,"href":"https:\/\/jogapiekna.com\/en\/wp-json\/wp\/v2\/product_tag?post=36231"}],"curies":[{"name":"wp","href":"https:\/\/api.w.org\/{rel}","templated":true}]}}