{"id":3807,"date":"2019-07-24T12:19:32","date_gmt":"2019-07-24T10:19:32","guid":{"rendered":"https:\/\/jogapiekna.com\/?post_type=product&#038;p=3807"},"modified":"2025-12-22T00:46:01","modified_gmt":"2025-12-21T23:46:01","slug":"olejek-roll-on-drzewo-herbaciane-10-ml","status":"publish","type":"product","link":"https:\/\/jogapiekna.com\/en\/product\/olejek-roll-on-drzewo-herbaciane-10-ml\/","title":{"rendered":"doTERRA \u2022 Melaleuca * tea tree oil * roll on 10 ml"},"content":{"rendered":"<p>doTERRA oil is clean and safe. It has <strong>ACKT certificate <\/strong>- Certified Pure Therapeutic Grade. You can safely drink it, lubricate your body, and inhale it.<\/p>\n<p>Tea tree oil has a broad spectrum of action. It has an anti-infective and antibacterial effect. It stimulates the immune system. The aroma of tea tree cleanses the room, and helps to keep the mind clean. Packed in a convenient and smooth roll-up applicator, Melaleuca Touch delivers the cleansing benefits of Melaleuca essential oil diluted in fractionated coconut oil. Melaleuca Touch can be used to cleanse the skin and nails and promote a healthy complexion. It is ideal for relieving skin irritation and use after shaving or on the bottom of the feet for a cooling effect.<\/p>\n<p><strong>Main advantages:<\/strong><\/p>\n<ul>\n<li>cleanses the skin and nails,<\/li>\n<li>very strong antifungal, antiparasitic and antibacterial action,<\/li>\n<li>soothes skin irritation,<\/li>\n<li>promotes a healthy complexion,<\/li>\n<li>it stimulates the immune system,<\/li>\n<li>supports the nervous system,<\/li>\n<li>strengthens the cardiovascular system, counteracts congestion and congestion of the veins.<\/li>\n<\/ul>\n<p><strong>Application:<\/strong><\/p>\n<ul>\n<li>apply to imperfections of the skin for a cleansing, rejuvenating effect,<\/li>\n<li>use occasionally to irritate the skin by rubbing Melaleuca Touch on the affected area,<\/li>\n<li>apply after shaving to soothe and cool the skin,<\/li>\n<li>rub your toenails and toenails after showering to clean and keep them healthy,<\/li>\n<li>lubricate your feet and shoes inside for a feeling and aroma of freshness.<\/li>\n<\/ul>\n<p><strong>Instructions for use<\/strong><br \/>\nTopical application: Apply to the desired area. See additional precautions below.<\/p>\n<p><strong>Signal<\/strong><br \/>\nPossible hypersensitivity of the skin. Keep out of reach of children. If you are pregnant, nursing, or under medical supervision, please consult your doctor. Avoid contact with eyes, inner ears, and sensitive areas.<\/p>\n<p><strong>Composition:<\/strong><\/p>\n<ul>\n<li>fractionated coconut oil<\/li>\n<li>tea tree essential oil<\/li>\n<\/ul>\n<p><strong>Tea Tree Oil (Melaleuca)<\/strong> Roll-it has a very wide spectrum of action.It contains over 92 different compounds. Packed in a convenient roll (ball), it provides convenient use directly on the skin. Tea tree essential oil has been diluted in coconut oil so that it is well distributed throughout the body.<\/p>\n<p><strong>Action:<\/strong><\/p>\n<ul>\n<li>very strong antifungal, antiparasitic and antibacterial action,<\/li>\n<li>it stimulates the immune system,<\/li>\n<li>supports the nervous system<\/li>\n<li>strengthens the cardiovascular system, counteracts congestion and congestion of the veins.<\/li>\n<\/ul>\n<p><strong>indication:<\/strong><\/p>\n<ul>\n<li>athletes &#039; feet,<\/li>\n<li>skin problems,<\/li>\n<li>gum diseases,<\/li>\n<li>sunburn,<\/li>\n<li>frostbite,<\/li>\n<li>acne,<\/li>\n<li>nail diseases,<\/li>\n<li>irritation after shaving.<\/li>\n<\/ul>\n<p><strong>Influence of fragrance:<\/strong><\/p>\n<ul>\n<li>it helps to keep your mind and body clean.<\/li>\n<\/ul>\n<p><strong>All doTERRA oils are clean and safe. They are certified CPTG (Certified Pure Therapeutic Grade\u00ae) - certified pure therapeutic grade.<\/strong> They can be safely used internally, lubricated the body, and inhaled.<\/p>\n<p><strong>CPTG-Certified Pure Therapeutic Grade (ACKT-Certified Pure therapeutic Grade)<\/strong> doTERRA oils, which makes it absolutely safe to use oils orally (those intended for internal use), as well as in small children.<\/p>\n<p>What does such a certificate mean?<\/p>\n<ul>\n<li>quality without pesticides and heavy metals,<\/li>\n<li>no artificial colors or fillers,<\/li>\n<li>kontrolowane uprawy na obszarach, gdzie naturalnie wyst\u0119puje dana ro\u015blina i zbieranie jej w optymalnym momencie<\/li>\n<li>brak domieszek olejk\u00f3w z innych ro\u015blinnych<\/li>\n<li>brak domieszek olejk\u00f3w syntetycznych<\/li>\n<\/ul>","protected":false},"excerpt":{"rendered":"<p style=\"text-align: left\">10 ml<\/p>","protected":false},"featured_media":94690,"comment_status":"closed","ping_status":"closed","template":"","meta":{"_acf_changed":false,"site-sidebar-layout":"default","site-content-layout":"","ast-site-content-layout":"default","site-content-style":"default","site-sidebar-style":"default","ast-global-header-display":"","ast-banner-title-visibility":"","ast-main-header-display":"","ast-hfb-above-header-display":"","ast-hfb-below-header-display":"","ast-hfb-mobile-header-display":"","site-post-title":"","ast-breadcrumbs-content":"","ast-featured-img":"","footer-sml-layout":"","ast-disable-related-posts":"","theme-transparent-header-meta":"","adv-header-id-meta":"","stick-header-meta":"","header-above-stick-meta":"","header-main-stick-meta":"","header-below-stick-meta":"","astra-migrate-meta-layouts":"default","ast-page-background-enabled":"default","ast-page-background-meta":{"desktop":{"background-color":"var(--ast-global-color-5)","background-image":"","background-repeat":"repeat","background-position":"center center","background-size":"auto","background-attachment":"scroll","background-type":"","background-media":"","overlay-type":"","overlay-color":"","overlay-opacity":"","overlay-gradient":""},"tablet":{"background-color":"","background-image":"","background-repeat":"repeat","background-position":"center center","background-size":"auto","background-attachment":"scroll","background-type":"","background-media":"","overlay-type":"","overlay-color":"","overlay-opacity":"","overlay-gradient":""},"mobile":{"background-color":"","background-image":"","background-repeat":"repeat","background-position":"center center","background-size":"auto","background-attachment":"scroll","background-type":"","background-media":"","overlay-type":"","overlay-color":"","overlay-opacity":"","overlay-gradient":""}},"ast-content-background-meta":{"desktop":{"background-color":"var(--ast-global-color-4)","background-image":"","background-repeat":"repeat","background-position":"center center","background-size":"auto","background-attachment":"scroll","background-type":"","background-media":"","overlay-type":"","overlay-color":"","overlay-opacity":"","overlay-gradient":""},"tablet":{"background-color":"var(--ast-global-color-4)","background-image":"","background-repeat":"repeat","background-position":"center center","background-size":"auto","background-attachment":"scroll","background-type":"","background-media":"","overlay-type":"","overlay-color":"","overlay-opacity":"","overlay-gradient":""},"mobile":{"background-color":"var(--ast-global-color-4)","background-image":"","background-repeat":"repeat","background-position":"center center","background-size":"auto","background-attachment":"scroll","background-type":"","background-media":"","overlay-type":"","overlay-color":"","overlay-opacity":"","overlay-gradient":""}}},"product_brand":[],"product_cat":[642],"product_tag":[157,144,57],"class_list":{"0":"post-3807","1":"product","2":"type-product","3":"status-publish","4":"has-post-thumbnail","6":"product_cat-olejki-eteryczne","7":"product_tag-aromaterapia","8":"product_tag-doterra","9":"product_tag-olejek-eteryczny","10":"desktop-align-left","11":"tablet-align-left","12":"mobile-align-left","14":"first","15":"instock","16":"taxable","17":"shipping-taxable","18":"purchasable","19":"product-type-simple"},"acf":[],"yoast_head":"<!-- This site is optimized with the Yoast SEO plugin v27.2 - https:\/\/yoast.com\/product\/yoast-seo-wordpress\/ -->\n<title>OLEJEK doTERRA \u2022 Melaleuca \u2022 Drzewo herbaciane \u2022 roll on 10 ml | Joga Pi\u0119kna | Ajurweda<\/title>\n<meta name=\"description\" content=\"Olejek firmy doTerra jest czysty i bezpieczny. Posiada certyfikat ACKT \u2013 Atestowana Czysta Klasa Terapeutyczna. Mo\u017cesz go bezpiecznie PI\u0106,smarowa\u0107 swoje cia\u0142o oraz wdycha\u0107. On Guard to opatentowana mieszanka firmy doTERRA wzmacniaj\u0105ca uk\u0142ad odporno\u015bciowy.\" \/>\n<meta name=\"robots\" content=\"index, follow, max-snippet:-1, max-image-preview:large, max-video-preview:-1\" \/>\n<link rel=\"canonical\" href=\"https:\/\/jogapiekna.com\/en\/product\/olejek-roll-on-drzewo-herbaciane-10-ml\/\" \/>\n<meta property=\"og:locale\" content=\"en_GB\" \/>\n<meta property=\"og:type\" content=\"article\" \/>\n<meta property=\"og:title\" content=\"OLEJEK doTERRA \u2022 Melaleuca \u2022 Drzewo herbaciane \u2022 roll on 10 ml | Joga Pi\u0119kna | Ajurweda\" \/>\n<meta property=\"og:description\" content=\"Olejek firmy doTerra jest czysty i bezpieczny. Posiada certyfikat ACKT \u2013 Atestowana Czysta Klasa Terapeutyczna. Mo\u017cesz go bezpiecznie PI\u0106,smarowa\u0107 swoje cia\u0142o oraz wdycha\u0107. On Guard to opatentowana mieszanka firmy doTERRA wzmacniaj\u0105ca uk\u0142ad odporno\u015bciowy.\" \/>\n<meta property=\"og:url\" content=\"https:\/\/jogapiekna.com\/en\/product\/olejek-roll-on-drzewo-herbaciane-10-ml\/\" \/>\n<meta property=\"og:site_name\" content=\"JOGA PI\u0118KNA | Joga Twarzy\" \/>\n<meta property=\"article:publisher\" content=\"https:\/\/www.facebook.com\/JogaPieknaCom\/\" \/>\n<meta property=\"article:modified_time\" content=\"2025-12-21T23:46:01+00:00\" \/>\n<meta property=\"og:image\" content=\"https:\/\/jogapiekna.com\/wp-content\/uploads\/2020\/11\/joga-piekna_olejek-touch-melaleuca-doterra.jpg\" \/>\n\t<meta property=\"og:image:width\" content=\"1000\" \/>\n\t<meta property=\"og:image:height\" content=\"1000\" \/>\n\t<meta property=\"og:image:type\" content=\"image\/jpeg\" \/>\n<meta name=\"twitter:card\" content=\"summary_large_image\" \/>\n<meta name=\"twitter:label1\" content=\"Estimated reading time\" \/>\n\t<meta name=\"twitter:data1\" content=\"3 minutes\" \/>\n<script type=\"application\/ld+json\" class=\"yoast-schema-graph\">{\"@context\":\"https:\/\/schema.org\",\"@graph\":[{\"@type\":\"WebPage\",\"@id\":\"https:\/\/jogapiekna.com\/produkt\/olejek-roll-on-drzewo-herbaciane-10-ml\/\",\"url\":\"https:\/\/jogapiekna.com\/produkt\/olejek-roll-on-drzewo-herbaciane-10-ml\/\",\"name\":\"OLEJEK doTERRA \u2022 Melaleuca \u2022 Drzewo herbaciane \u2022 roll on 10 ml | Joga Pi\u0119kna | Ajurweda\",\"isPartOf\":{\"@id\":\"https:\/\/jogapiekna.com\/#website\"},\"primaryImageOfPage\":{\"@id\":\"https:\/\/jogapiekna.com\/produkt\/olejek-roll-on-drzewo-herbaciane-10-ml\/#primaryimage\"},\"image\":{\"@id\":\"https:\/\/jogapiekna.com\/produkt\/olejek-roll-on-drzewo-herbaciane-10-ml\/#primaryimage\"},\"thumbnailUrl\":\"https:\/\/jogapiekna.com\/wp-content\/uploads\/2020\/11\/joga-piekna_olejek-touch-melaleuca-doterra.jpg\",\"datePublished\":\"2019-07-24T10:19:32+00:00\",\"dateModified\":\"2025-12-21T23:46:01+00:00\",\"description\":\"Olejek firmy doTerra jest czysty i bezpieczny. Posiada certyfikat ACKT \u2013 Atestowana Czysta Klasa Terapeutyczna. Mo\u017cesz go bezpiecznie PI\u0106,smarowa\u0107 swoje cia\u0142o oraz wdycha\u0107. On Guard to opatentowana mieszanka firmy doTERRA wzmacniaj\u0105ca uk\u0142ad odporno\u015bciowy.\",\"breadcrumb\":{\"@id\":\"https:\/\/jogapiekna.com\/produkt\/olejek-roll-on-drzewo-herbaciane-10-ml\/#breadcrumb\"},\"inLanguage\":\"en-GB\",\"potentialAction\":[{\"@type\":\"ReadAction\",\"target\":[\"https:\/\/jogapiekna.com\/produkt\/olejek-roll-on-drzewo-herbaciane-10-ml\/\"]}]},{\"@type\":\"ImageObject\",\"inLanguage\":\"en-GB\",\"@id\":\"https:\/\/jogapiekna.com\/produkt\/olejek-roll-on-drzewo-herbaciane-10-ml\/#primaryimage\",\"url\":\"https:\/\/jogapiekna.com\/wp-content\/uploads\/2020\/11\/joga-piekna_olejek-touch-melaleuca-doterra.jpg\",\"contentUrl\":\"https:\/\/jogapiekna.com\/wp-content\/uploads\/2020\/11\/joga-piekna_olejek-touch-melaleuca-doterra.jpg\",\"width\":1000,\"height\":1000,\"caption\":\"OLEJEK eteryczny doTERRA Touch \u2022 Melaleuca \u2022 Drzewo herbaciane \u2022 10 ml\"},{\"@type\":\"BreadcrumbList\",\"@id\":\"https:\/\/jogapiekna.com\/produkt\/olejek-roll-on-drzewo-herbaciane-10-ml\/#breadcrumb\",\"itemListElement\":[{\"@type\":\"ListItem\",\"position\":1,\"name\":\"Strona g\u0142\u00f3wna\",\"item\":\"https:\/\/jogapiekna.com\/\"},{\"@type\":\"ListItem\",\"position\":2,\"name\":\"Sklep\",\"item\":\"https:\/\/jogapiekna.com\/sklep\/\"},{\"@type\":\"ListItem\",\"position\":3,\"name\":\"OLEJEK doTERRA \u2022 Melaleuca \u2022 Drzewo herbaciane \u2022 roll on 10 ml\"}]},{\"@type\":\"WebSite\",\"@id\":\"https:\/\/jogapiekna.com\/#website\",\"url\":\"https:\/\/jogapiekna.com\/\",\"name\":\"Joga Pi\u0119kna Marta Kuci\u0144ska\",\"description\":\"Joga Pi\u0119kna pomaga kobietom zachowa\u0107 urod\u0119, cofn\u0105\u0107 oznaki up\u0142ywaj\u0105cego czasu i zm\u0119czenia, odzyska\u0107 promienny wygl\u0105d, naturalny u\u015bmiech i popraw\u0119 w\u0142asnej samooceny.\",\"publisher\":{\"@id\":\"https:\/\/jogapiekna.com\/#organization\"},\"potentialAction\":[{\"@type\":\"SearchAction\",\"target\":{\"@type\":\"EntryPoint\",\"urlTemplate\":\"https:\/\/jogapiekna.com\/?s={search_term_string}\"},\"query-input\":{\"@type\":\"PropertyValueSpecification\",\"valueRequired\":true,\"valueName\":\"search_term_string\"}}],\"inLanguage\":\"en-GB\"},{\"@type\":\"Organization\",\"@id\":\"https:\/\/jogapiekna.com\/#organization\",\"name\":\"Joga Pi\u0119kna Marta Kuci\u0144ska\",\"url\":\"https:\/\/jogapiekna.com\/\",\"logo\":{\"@type\":\"ImageObject\",\"inLanguage\":\"en-GB\",\"@id\":\"https:\/\/jogapiekna.com\/#\/schema\/logo\/image\/\",\"url\":\"https:\/\/jogapiekna.com\/wp-content\/uploads\/2022\/09\/joga-piekna-logo_Rka.png\",\"contentUrl\":\"https:\/\/jogapiekna.com\/wp-content\/uploads\/2022\/09\/joga-piekna-logo_Rka.png\",\"width\":231,\"height\":124,\"caption\":\"Joga Pi\u0119kna Marta Kuci\u0144ska\"},\"image\":{\"@id\":\"https:\/\/jogapiekna.com\/#\/schema\/logo\/image\/\"},\"sameAs\":[\"https:\/\/www.facebook.com\/JogaPieknaCom\/\",\"https:\/\/www.instagram.com\/jogapieknacom\/\"]}]}<\/script>\n<!-- \/ Yoast SEO plugin. -->","yoast_head_json":{"title":"OLEJEK doTERRA \u2022 Melaleuca \u2022 Drzewo herbaciane \u2022 roll on 10 ml | Joga Pi\u0119kna | Ajurweda","description":"Olejek firmy doTerra jest czysty i bezpieczny. Posiada certyfikat ACKT \u2013 Atestowana Czysta Klasa Terapeutyczna. Mo\u017cesz go bezpiecznie PI\u0106,smarowa\u0107 swoje cia\u0142o oraz wdycha\u0107. On Guard to opatentowana mieszanka firmy doTERRA wzmacniaj\u0105ca uk\u0142ad odporno\u015bciowy.","robots":{"index":"index","follow":"follow","max-snippet":"max-snippet:-1","max-image-preview":"max-image-preview:large","max-video-preview":"max-video-preview:-1"},"canonical":"https:\/\/jogapiekna.com\/en\/product\/olejek-roll-on-drzewo-herbaciane-10-ml\/","og_locale":"en_GB","og_type":"article","og_title":"OLEJEK doTERRA \u2022 Melaleuca \u2022 Drzewo herbaciane \u2022 roll on 10 ml | Joga Pi\u0119kna | Ajurweda","og_description":"Olejek firmy doTerra jest czysty i bezpieczny. Posiada certyfikat ACKT \u2013 Atestowana Czysta Klasa Terapeutyczna. Mo\u017cesz go bezpiecznie PI\u0106,smarowa\u0107 swoje cia\u0142o oraz wdycha\u0107. On Guard to opatentowana mieszanka firmy doTERRA wzmacniaj\u0105ca uk\u0142ad odporno\u015bciowy.","og_url":"https:\/\/jogapiekna.com\/en\/product\/olejek-roll-on-drzewo-herbaciane-10-ml\/","og_site_name":"JOGA PI\u0118KNA | Joga Twarzy","article_publisher":"https:\/\/www.facebook.com\/JogaPieknaCom\/","article_modified_time":"2025-12-21T23:46:01+00:00","og_image":[{"width":1000,"height":1000,"url":"https:\/\/jogapiekna.com\/wp-content\/uploads\/2020\/11\/joga-piekna_olejek-touch-melaleuca-doterra.jpg","type":"image\/jpeg"}],"twitter_card":"summary_large_image","twitter_misc":{"Estimated reading time":"3 minutes"},"schema":{"@context":"https:\/\/schema.org","@graph":[{"@type":"WebPage","@id":"https:\/\/jogapiekna.com\/produkt\/olejek-roll-on-drzewo-herbaciane-10-ml\/","url":"https:\/\/jogapiekna.com\/produkt\/olejek-roll-on-drzewo-herbaciane-10-ml\/","name":"OLEJEK doTERRA \u2022 Melaleuca \u2022 Drzewo herbaciane \u2022 roll on 10 ml | Joga Pi\u0119kna | Ajurweda","isPartOf":{"@id":"https:\/\/jogapiekna.com\/#website"},"primaryImageOfPage":{"@id":"https:\/\/jogapiekna.com\/produkt\/olejek-roll-on-drzewo-herbaciane-10-ml\/#primaryimage"},"image":{"@id":"https:\/\/jogapiekna.com\/produkt\/olejek-roll-on-drzewo-herbaciane-10-ml\/#primaryimage"},"thumbnailUrl":"https:\/\/jogapiekna.com\/wp-content\/uploads\/2020\/11\/joga-piekna_olejek-touch-melaleuca-doterra.jpg","datePublished":"2019-07-24T10:19:32+00:00","dateModified":"2025-12-21T23:46:01+00:00","description":"Olejek firmy doTerra jest czysty i bezpieczny. Posiada certyfikat ACKT \u2013 Atestowana Czysta Klasa Terapeutyczna. Mo\u017cesz go bezpiecznie PI\u0106,smarowa\u0107 swoje cia\u0142o oraz wdycha\u0107. On Guard to opatentowana mieszanka firmy doTERRA wzmacniaj\u0105ca uk\u0142ad odporno\u015bciowy.","breadcrumb":{"@id":"https:\/\/jogapiekna.com\/produkt\/olejek-roll-on-drzewo-herbaciane-10-ml\/#breadcrumb"},"inLanguage":"en-GB","potentialAction":[{"@type":"ReadAction","target":["https:\/\/jogapiekna.com\/produkt\/olejek-roll-on-drzewo-herbaciane-10-ml\/"]}]},{"@type":"ImageObject","inLanguage":"en-GB","@id":"https:\/\/jogapiekna.com\/produkt\/olejek-roll-on-drzewo-herbaciane-10-ml\/#primaryimage","url":"https:\/\/jogapiekna.com\/wp-content\/uploads\/2020\/11\/joga-piekna_olejek-touch-melaleuca-doterra.jpg","contentUrl":"https:\/\/jogapiekna.com\/wp-content\/uploads\/2020\/11\/joga-piekna_olejek-touch-melaleuca-doterra.jpg","width":1000,"height":1000,"caption":"OLEJEK eteryczny doTERRA Touch \u2022 Melaleuca \u2022 Drzewo herbaciane \u2022 10 ml"},{"@type":"BreadcrumbList","@id":"https:\/\/jogapiekna.com\/produkt\/olejek-roll-on-drzewo-herbaciane-10-ml\/#breadcrumb","itemListElement":[{"@type":"ListItem","position":1,"name":"Strona g\u0142\u00f3wna","item":"https:\/\/jogapiekna.com\/"},{"@type":"ListItem","position":2,"name":"Sklep","item":"https:\/\/jogapiekna.com\/sklep\/"},{"@type":"ListItem","position":3,"name":"OLEJEK doTERRA \u2022 Melaleuca \u2022 Drzewo herbaciane \u2022 roll on 10 ml"}]},{"@type":"WebSite","@id":"https:\/\/jogapiekna.com\/#website","url":"https:\/\/jogapiekna.com\/","name":"Yoga Beauty Marta Kuci\u0144ska","description":"Beauty Yoga helps women to maintain their beauty, reverse the signs of passing time and fatigue, regain a radiant appearance, natural smile and improve their self-esteem.","publisher":{"@id":"https:\/\/jogapiekna.com\/#organization"},"potentialAction":[{"@type":"SearchAction","target":{"@type":"EntryPoint","urlTemplate":"https:\/\/jogapiekna.com\/?s={search_term_string}"},"query-input":{"@type":"PropertyValueSpecification","valueRequired":true,"valueName":"search_term_string"}}],"inLanguage":"en-GB"},{"@type":"Organization","@id":"https:\/\/jogapiekna.com\/#organization","name":"Yoga Beauty Marta Kuci\u0144ska","url":"https:\/\/jogapiekna.com\/","logo":{"@type":"ImageObject","inLanguage":"en-GB","@id":"https:\/\/jogapiekna.com\/#\/schema\/logo\/image\/","url":"https:\/\/jogapiekna.com\/wp-content\/uploads\/2022\/09\/joga-piekna-logo_Rka.png","contentUrl":"https:\/\/jogapiekna.com\/wp-content\/uploads\/2022\/09\/joga-piekna-logo_Rka.png","width":231,"height":124,"caption":"Joga Pi\u0119kna Marta Kuci\u0144ska"},"image":{"@id":"https:\/\/jogapiekna.com\/#\/schema\/logo\/image\/"},"sameAs":["https:\/\/www.facebook.com\/JogaPieknaCom\/","https:\/\/www.instagram.com\/jogapieknacom\/"]}]}},"_links":{"self":[{"href":"https:\/\/jogapiekna.com\/en\/wp-json\/wp\/v2\/product\/3807","targetHints":{"allow":["GET"]}}],"collection":[{"href":"https:\/\/jogapiekna.com\/en\/wp-json\/wp\/v2\/product"}],"about":[{"href":"https:\/\/jogapiekna.com\/en\/wp-json\/wp\/v2\/types\/product"}],"replies":[{"embeddable":true,"href":"https:\/\/jogapiekna.com\/en\/wp-json\/wp\/v2\/comments?post=3807"}],"version-history":[{"count":2,"href":"https:\/\/jogapiekna.com\/en\/wp-json\/wp\/v2\/product\/3807\/revisions"}],"predecessor-version":[{"id":211262,"href":"https:\/\/jogapiekna.com\/en\/wp-json\/wp\/v2\/product\/3807\/revisions\/211262"}],"wp:featuredmedia":[{"embeddable":true,"href":"https:\/\/jogapiekna.com\/en\/wp-json\/wp\/v2\/media\/94690"}],"wp:attachment":[{"href":"https:\/\/jogapiekna.com\/en\/wp-json\/wp\/v2\/media?parent=3807"}],"wp:term":[{"taxonomy":"product_brand","embeddable":true,"href":"https:\/\/jogapiekna.com\/en\/wp-json\/wp\/v2\/product_brand?post=3807"},{"taxonomy":"product_cat","embeddable":true,"href":"https:\/\/jogapiekna.com\/en\/wp-json\/wp\/v2\/product_cat?post=3807"},{"taxonomy":"product_tag","embeddable":true,"href":"https:\/\/jogapiekna.com\/en\/wp-json\/wp\/v2\/product_tag?post=3807"}],"curies":[{"name":"wp","href":"https:\/\/api.w.org\/{rel}","templated":true}]}}