{"id":38335,"date":"2021-01-27T13:04:45","date_gmt":"2021-01-27T12:04:45","guid":{"rendered":"https:\/\/jogapiekna.com\/?post_type=product&#038;p=38335"},"modified":"2026-04-09T10:05:32","modified_gmt":"2026-04-09T08:05:32","slug":"masazer-3d-joga-piekna-do-masazu-twarzy-szyi-dekoltu-zloty","status":"publish","type":"product","link":"https:\/\/jogapiekna.com\/en\/product\/masazer-3d-joga-piekna-do-masazu-twarzy-szyi-dekoltu-zloty\/","title":{"rendered":"3D Yoga Beauty Massager for face and neck modeling * zloty"},"content":{"rendered":"<h2><strong>Massager with balls<\/strong> 3D<\/h2>\n<p><strong>Massager with balls<\/strong> <b>3D<\/b> has been developed for firming facial massages to shape the oval of the face. The two rotating heads allow intense stimulation of the tissues and elimination of any tension. Just a few moments of massage stimulates blood and lymph circulation, so you will get rid of stagnation and swelling on your face. When performed daily, the treatment will quickly give you the effect of firm, taut skin - without sagging, hamsters or looser folds in the jaw and neck area.<\/p>\n<p><b>Regular facial and neck massages with the 3D ball massager perfectly complement and enhance the effects of facial yoga.<\/b> Want to learn more about how to use a 3D massager? Take a peek at the short instructional video I have prepared for you:<\/p>\n<p><iframe title=\"YouTube video player\" src=\"https:\/\/www.youtube.com\/embed\/G9ylBR2c9dI\" width=\"800\" height=\"450\" frameborder=\"0\" allowfullscreen=\"allowfullscreen\"><\/iframe><\/p>\n<h3>What effects it provides <strong>ball massager<\/strong> 3D?<\/h3>\n<ul>\n<li>stimulates collagen synthesis<\/li>\n<li>facilitates the outflow of lymph<\/li>\n<li>reduces puffiness<\/li>\n<li>strengthens the skin<\/li>\n<li>smoothes wrinkles<\/li>\n<li>improves blood circulation<\/li>\n<li>simulates the oval of the face<\/li>\n<li>reduces cheek hamsters and second chin<\/li>\n<\/ul>\n<h2>Why use regularly <strong>ball massager<\/strong> 3D for the face, neck and d\u00e9colletage?<\/h2>\n<p>Regular use of <strong>ball massager<\/strong> 3D Beauty Yoga helps to bring the skin back into balance. Through a gentle, manual massage, micro-circulation is stimulated, which promotes oxygenation of the skin cells and supports natural regeneration. The skin becomes visibly smoother, tighter and more radiant, and the oval of the face is better defined.<\/p>\n<p><strong>Ball massager<\/strong> works like a natural lifting, without interference, without pain, without artificiality. With just a few minutes a day, you will notice an improvement in skin elasticity, a reduction in the appearance of fine lines and a relaxation of tense facial and neck muscles. This is the perfect ritual for people who seek mindfulness in skincare and want to take care of themselves in a conscious way, with respect for the body and its natural processes.<\/p>\n<h3>Benefits of use <strong>ball massager<\/strong><\/h3>\n<p><strong>Massager with balls<\/strong> Above all, it effectively relieves muscle tension, which is extremely important after a long day of challenges or intense exercise. Regular use of such a 3D massager promotes improved circulation, which helps to nourish tissues and regenerate the entire body.<\/p>\n<p>Use of <strong>ball massager<\/strong> has many advantages, one of the most important being the improvement of circulation. By massaging the tissues intensively, this device promotes blood flow. As a result, the skin is better oxygenated and nourished, which is fundamental for the health of the body.<\/p>\n<p>One of the main advantages of the ball massager is that it effectively relieves tension in the muscles. It works by thoroughly penetrating deep into the tissues, allowing tense areas to relax. As a result, the legs become lighter and muscle recovery is faster. The device additionally promotes blood and lymph circulation, which promotes better tissue nutrition and accelerates regeneration processes in the body.<\/p>\n<p>Regular use of the massager can also reduce swelling and improve skin condition. As a result, the body gains strength and regenerates faster.<\/p>\n<h3>How to prepare the skin for a massage <strong>ball massager<\/strong>?<\/h3>\n<p>Before starting the ball massage, the skin of the face and d\u00e9collet\u00e9 should be carefully cleansed. It is a good idea to perform a gentle make-up remover and cleanse the skin with a mild gel or foam to remove impurities and cosmetic residues. For the massage, you can apply a small amount of a light serum or moisturising gel and wait until it is thoroughly absorbed. This will make the massage more pleasant and the skin will better absorb the active ingredients.<\/p>\n<p>Caution: the use of massage oils is not recommended, as they may reduce the effectiveness of the <strong>ball massager<\/strong>, It is also important to make sure that your skin is not irritated, cut or inflamed. It is also worth making sure that the skin is not irritated, cut or inflamed, in which case it is better to postpone the massage.<\/p>\n<h3>How to use a 3D massager? Learn a proven technique<\/h3>\n<p>Massage with <strong>ball massager<\/strong> The 3D starts from the upper part of the face each time, going down gradually according to the direction of the arrows - Fig.1<\/p>\n<p>A very important part of the massage is the sequential drainage of excess lymph into the main lymphatic vessels located in the clavicular region. To do this, we make a smooth movement <strong>ball massager<\/strong> 3D, starting from the middle of the chin towards the ear along the jawline and then leading down to the clavicle - Fig.2<\/p>\n<p><strong>Massager with balls<\/strong> will also work well for smaller body parts such as the neck or shoulders.<\/p>\n<p><img fetchpriority=\"high\" decoding=\"async\" class=\"alignleft size-full wp-image-10662\" src=\"https:\/\/jogapiekna.com\/wp-content\/uploads\/2019\/02\/masazer3D\u2013instrukcja_2.jpg\" alt=\"jak u\u017cywa\u0107 masa\u017cera 3D \u2013 instrukcja\" width=\"694\" height=\"460\" \/><\/p>\n<p>Here you order the 3D massager in rose gold. You will receive a Yoga Beauty fabric bag, which will enable you to store and transport the massager conveniently. In my offer you will also find <a href=\"https:\/\/jogapiekna.com\/en\/product\/masazer-3d-rozowy\/\">3D massager in pink<\/a>, as well as <strong>ball massager<\/strong> 3D with rose quartz.<\/p>\n<p>If you have additional questions or want to use <a href=\"https:\/\/jogapiekna.com\/en\/product-category\/kursy-i-konsultacje\/konsultacje-indywidualne\/\">individual consultations<\/a>during which I will teach you how to perform manual facial massages - feel free to contact me.<\/p>","protected":false},"excerpt":{"rendered":"<p>How to slenderise the oval face and get rid of the second chin? <strong>Massager with balls<\/strong> <b>3D<\/b> is an indispensable tool that will enable you to give your face, instep, neck and d\u00e9collet\u00e9 an intensive, rejuvenating massage. It has two rotating balls that stimulate the skin, relax the facial muscles and allow for blissful relaxation while improving your well-being.<\/p>\n<p><b>Colour:<\/b> golden<br \/>\n<b>Composition:<\/b> ABS plastic<br \/>\n<b>Specification:<\/b> 13.2 x 4.5 x 2.8 cm<br \/>\nThe massager is packed in a small fabric bag.<\/p>","protected":false},"featured_media":94475,"comment_status":"closed","ping_status":"closed","template":"","meta":{"_acf_changed":false,"site-sidebar-layout":"default","site-content-layout":"","ast-site-content-layout":"default","site-content-style":"default","site-sidebar-style":"default","ast-global-header-display":"","ast-banner-title-visibility":"","ast-main-header-display":"","ast-hfb-above-header-display":"","ast-hfb-below-header-display":"","ast-hfb-mobile-header-display":"","site-post-title":"","ast-breadcrumbs-content":"","ast-featured-img":"","footer-sml-layout":"","ast-disable-related-posts":"","theme-transparent-header-meta":"default","adv-header-id-meta":"","stick-header-meta":"","header-above-stick-meta":"","header-main-stick-meta":"","header-below-stick-meta":"","astra-migrate-meta-layouts":"set","ast-page-background-enabled":"default","ast-page-background-meta":{"desktop":{"background-color":"var(--ast-global-color-5)","background-image":"","background-repeat":"repeat","background-position":"center center","background-size":"auto","background-attachment":"scroll","background-type":"","background-media":"","overlay-type":"","overlay-color":"","overlay-opacity":"","overlay-gradient":""},"tablet":{"background-color":"","background-image":"","background-repeat":"repeat","background-position":"center center","background-size":"auto","background-attachment":"scroll","background-type":"","background-media":"","overlay-type":"","overlay-color":"","overlay-opacity":"","overlay-gradient":""},"mobile":{"background-color":"","background-image":"","background-repeat":"repeat","background-position":"center center","background-size":"auto","background-attachment":"scroll","background-type":"","background-media":"","overlay-type":"","overlay-color":"","overlay-opacity":"","overlay-gradient":""}},"ast-content-background-meta":{"desktop":{"background-color":"var(--ast-global-color-4)","background-image":"","background-repeat":"repeat","background-position":"center center","background-size":"auto","background-attachment":"scroll","background-type":"","background-media":"","overlay-type":"","overlay-color":"","overlay-opacity":"","overlay-gradient":""},"tablet":{"background-color":"var(--ast-global-color-4)","background-image":"","background-repeat":"repeat","background-position":"center center","background-size":"auto","background-attachment":"scroll","background-type":"","background-media":"","overlay-type":"","overlay-color":"","overlay-opacity":"","overlay-gradient":""},"mobile":{"background-color":"var(--ast-global-color-4)","background-image":"","background-repeat":"repeat","background-position":"center center","background-size":"auto","background-attachment":"scroll","background-type":"","background-media":"","overlay-type":"","overlay-color":"","overlay-opacity":"","overlay-gradient":""}}},"product_brand":[],"product_cat":[21,612],"product_tag":[41,61,60,259,256,255],"class_list":{"0":"post-38335","1":"product","2":"type-product","3":"status-publish","4":"has-post-thumbnail","6":"product_cat-akcesoria","7":"product_cat-rollery","8":"product_tag-joga-twarzy","9":"product_tag-masazer-3d","10":"product_tag-masazer-do-twarzy","11":"product_tag-odmladzanie","12":"product_tag-pielegnacja-skory","13":"product_tag-pielegnacja-twarzy","14":"desktop-align-left","15":"tablet-align-left","16":"mobile-align-left","18":"first","19":"instock","20":"taxable","21":"shipping-taxable","22":"purchasable","23":"product-type-simple"},"acf":[],"yoast_head":"<!-- This site is optimized with the Yoast SEO plugin v27.2 - https:\/\/yoast.com\/product\/yoast-seo-wordpress\/ -->\n<title>Masa\u017cer z kulkami 3D modeluj\u0105cy twarz i szyj\u0119 | Joga Pi\u0119kna<\/title>\n<meta name=\"description\" content=\"Rozlu\u017anij napi\u0119cia i pobud\u017a mikrokr\u0105\u017cenie. Masa\u017cer z kulkami dzia\u0142a precyzyjnie i wyg\u0142adza sk\u00f3r\u0119. Idealny do codziennej piel\u0119gnacji. Zam\u00f3w!\" \/>\n<meta name=\"robots\" content=\"index, follow, max-snippet:-1, max-image-preview:large, max-video-preview:-1\" \/>\n<link rel=\"canonical\" href=\"https:\/\/jogapiekna.com\/en\/product\/masazer-3d-joga-piekna-do-masazu-twarzy-szyi-dekoltu-zloty\/\" \/>\n<meta property=\"og:locale\" content=\"en_GB\" \/>\n<meta property=\"og:type\" content=\"article\" \/>\n<meta property=\"og:title\" content=\"Masa\u017cer z kulkami 3D modeluj\u0105cy twarz i szyj\u0119 | Joga Pi\u0119kna\" \/>\n<meta property=\"og:description\" content=\"Rozlu\u017anij napi\u0119cia i pobud\u017a mikrokr\u0105\u017cenie. Masa\u017cer z kulkami dzia\u0142a precyzyjnie i wyg\u0142adza sk\u00f3r\u0119. Idealny do codziennej piel\u0119gnacji. Zam\u00f3w!\" \/>\n<meta property=\"og:url\" content=\"https:\/\/jogapiekna.com\/en\/product\/masazer-3d-joga-piekna-do-masazu-twarzy-szyi-dekoltu-zloty\/\" \/>\n<meta property=\"og:site_name\" content=\"JOGA PI\u0118KNA | Joga Twarzy\" \/>\n<meta property=\"article:publisher\" content=\"https:\/\/www.facebook.com\/JogaPieknaCom\/\" \/>\n<meta property=\"article:modified_time\" content=\"2026-04-09T08:05:32+00:00\" \/>\n<meta property=\"og:image\" content=\"https:\/\/jogapiekna.com\/wp-content\/uploads\/2021\/01\/Masazer-3D-modelujacy-twarz-i-szyje-Joga-Piekna-zloty.jpg\" \/>\n\t<meta property=\"og:image:width\" content=\"1000\" \/>\n\t<meta property=\"og:image:height\" content=\"1000\" \/>\n\t<meta property=\"og:image:type\" content=\"image\/jpeg\" \/>\n<meta name=\"twitter:card\" content=\"summary_large_image\" \/>\n<meta name=\"twitter:label1\" content=\"Estimated reading time\" \/>\n\t<meta name=\"twitter:data1\" content=\"5 minutes\" \/>\n<script type=\"application\/ld+json\" class=\"yoast-schema-graph\">{\"@context\":\"https:\/\/schema.org\",\"@graph\":[{\"@type\":\"WebPage\",\"@id\":\"https:\/\/jogapiekna.com\/produkt\/masazer-3d-joga-piekna-do-masazu-twarzy-szyi-dekoltu-zloty\/\",\"url\":\"https:\/\/jogapiekna.com\/produkt\/masazer-3d-joga-piekna-do-masazu-twarzy-szyi-dekoltu-zloty\/\",\"name\":\"Masa\u017cer z kulkami 3D modeluj\u0105cy twarz i szyj\u0119 | Joga Pi\u0119kna\",\"isPartOf\":{\"@id\":\"https:\/\/jogapiekna.com\/#website\"},\"primaryImageOfPage\":{\"@id\":\"https:\/\/jogapiekna.com\/produkt\/masazer-3d-joga-piekna-do-masazu-twarzy-szyi-dekoltu-zloty\/#primaryimage\"},\"image\":{\"@id\":\"https:\/\/jogapiekna.com\/produkt\/masazer-3d-joga-piekna-do-masazu-twarzy-szyi-dekoltu-zloty\/#primaryimage\"},\"thumbnailUrl\":\"https:\/\/jogapiekna.com\/wp-content\/uploads\/2021\/01\/Masazer-3D-modelujacy-twarz-i-szyje-Joga-Piekna-zloty.jpg\",\"datePublished\":\"2021-01-27T12:04:45+00:00\",\"dateModified\":\"2026-04-09T08:05:32+00:00\",\"description\":\"Rozlu\u017anij napi\u0119cia i pobud\u017a mikrokr\u0105\u017cenie. Masa\u017cer z kulkami dzia\u0142a precyzyjnie i wyg\u0142adza sk\u00f3r\u0119. Idealny do codziennej piel\u0119gnacji. Zam\u00f3w!\",\"breadcrumb\":{\"@id\":\"https:\/\/jogapiekna.com\/produkt\/masazer-3d-joga-piekna-do-masazu-twarzy-szyi-dekoltu-zloty\/#breadcrumb\"},\"inLanguage\":\"en-GB\",\"potentialAction\":[{\"@type\":\"ReadAction\",\"target\":[\"https:\/\/jogapiekna.com\/produkt\/masazer-3d-joga-piekna-do-masazu-twarzy-szyi-dekoltu-zloty\/\"]}]},{\"@type\":\"ImageObject\",\"inLanguage\":\"en-GB\",\"@id\":\"https:\/\/jogapiekna.com\/produkt\/masazer-3d-joga-piekna-do-masazu-twarzy-szyi-dekoltu-zloty\/#primaryimage\",\"url\":\"https:\/\/jogapiekna.com\/wp-content\/uploads\/2021\/01\/Masazer-3D-modelujacy-twarz-i-szyje-Joga-Piekna-zloty.jpg\",\"contentUrl\":\"https:\/\/jogapiekna.com\/wp-content\/uploads\/2021\/01\/Masazer-3D-modelujacy-twarz-i-szyje-Joga-Piekna-zloty.jpg\",\"width\":1000,\"height\":1000,\"caption\":\"Masa\u017cer 3D modeluj\u0105cy twarz i szyj\u0119 | Joga Pi\u0119kna\"},{\"@type\":\"BreadcrumbList\",\"@id\":\"https:\/\/jogapiekna.com\/produkt\/masazer-3d-joga-piekna-do-masazu-twarzy-szyi-dekoltu-zloty\/#breadcrumb\",\"itemListElement\":[{\"@type\":\"ListItem\",\"position\":1,\"name\":\"Strona g\u0142\u00f3wna\",\"item\":\"https:\/\/jogapiekna.com\/\"},{\"@type\":\"ListItem\",\"position\":2,\"name\":\"Sklep\",\"item\":\"https:\/\/jogapiekna.com\/sklep\/\"},{\"@type\":\"ListItem\",\"position\":3,\"name\":\"Masa\u017cer 3D Joga Pi\u0119kna modeluj\u0105cy twarz i szyj\u0119 \u2022 z\u0142oty\"}]},{\"@type\":\"WebSite\",\"@id\":\"https:\/\/jogapiekna.com\/#website\",\"url\":\"https:\/\/jogapiekna.com\/\",\"name\":\"Joga Pi\u0119kna Marta Kuci\u0144ska\",\"description\":\"Joga Pi\u0119kna pomaga kobietom zachowa\u0107 urod\u0119, cofn\u0105\u0107 oznaki up\u0142ywaj\u0105cego czasu i zm\u0119czenia, odzyska\u0107 promienny wygl\u0105d, naturalny u\u015bmiech i popraw\u0119 w\u0142asnej samooceny.\",\"publisher\":{\"@id\":\"https:\/\/jogapiekna.com\/#organization\"},\"potentialAction\":[{\"@type\":\"SearchAction\",\"target\":{\"@type\":\"EntryPoint\",\"urlTemplate\":\"https:\/\/jogapiekna.com\/?s={search_term_string}\"},\"query-input\":{\"@type\":\"PropertyValueSpecification\",\"valueRequired\":true,\"valueName\":\"search_term_string\"}}],\"inLanguage\":\"en-GB\"},{\"@type\":\"Organization\",\"@id\":\"https:\/\/jogapiekna.com\/#organization\",\"name\":\"Joga Pi\u0119kna Marta Kuci\u0144ska\",\"url\":\"https:\/\/jogapiekna.com\/\",\"logo\":{\"@type\":\"ImageObject\",\"inLanguage\":\"en-GB\",\"@id\":\"https:\/\/jogapiekna.com\/#\/schema\/logo\/image\/\",\"url\":\"https:\/\/jogapiekna.com\/wp-content\/uploads\/2022\/09\/joga-piekna-logo_Rka.png\",\"contentUrl\":\"https:\/\/jogapiekna.com\/wp-content\/uploads\/2022\/09\/joga-piekna-logo_Rka.png\",\"width\":231,\"height\":124,\"caption\":\"Joga Pi\u0119kna Marta Kuci\u0144ska\"},\"image\":{\"@id\":\"https:\/\/jogapiekna.com\/#\/schema\/logo\/image\/\"},\"sameAs\":[\"https:\/\/www.facebook.com\/JogaPieknaCom\/\",\"https:\/\/www.instagram.com\/jogapieknacom\/\"]}]}<\/script>\n<!-- \/ Yoast SEO plugin. -->","yoast_head_json":{"title":"Masa\u017cer z kulkami 3D modeluj\u0105cy twarz i szyj\u0119 | Joga Pi\u0119kna","description":"Rozlu\u017anij napi\u0119cia i pobud\u017a mikrokr\u0105\u017cenie. Masa\u017cer z kulkami dzia\u0142a precyzyjnie i wyg\u0142adza sk\u00f3r\u0119. Idealny do codziennej piel\u0119gnacji. Zam\u00f3w!","robots":{"index":"index","follow":"follow","max-snippet":"max-snippet:-1","max-image-preview":"max-image-preview:large","max-video-preview":"max-video-preview:-1"},"canonical":"https:\/\/jogapiekna.com\/en\/product\/masazer-3d-joga-piekna-do-masazu-twarzy-szyi-dekoltu-zloty\/","og_locale":"en_GB","og_type":"article","og_title":"Masa\u017cer z kulkami 3D modeluj\u0105cy twarz i szyj\u0119 | Joga Pi\u0119kna","og_description":"Rozlu\u017anij napi\u0119cia i pobud\u017a mikrokr\u0105\u017cenie. Masa\u017cer z kulkami dzia\u0142a precyzyjnie i wyg\u0142adza sk\u00f3r\u0119. Idealny do codziennej piel\u0119gnacji. Zam\u00f3w!","og_url":"https:\/\/jogapiekna.com\/en\/product\/masazer-3d-joga-piekna-do-masazu-twarzy-szyi-dekoltu-zloty\/","og_site_name":"JOGA PI\u0118KNA | Joga Twarzy","article_publisher":"https:\/\/www.facebook.com\/JogaPieknaCom\/","article_modified_time":"2026-04-09T08:05:32+00:00","og_image":[{"width":1000,"height":1000,"url":"https:\/\/jogapiekna.com\/wp-content\/uploads\/2021\/01\/Masazer-3D-modelujacy-twarz-i-szyje-Joga-Piekna-zloty.jpg","type":"image\/jpeg"}],"twitter_card":"summary_large_image","twitter_misc":{"Estimated reading time":"5 minutes"},"schema":{"@context":"https:\/\/schema.org","@graph":[{"@type":"WebPage","@id":"https:\/\/jogapiekna.com\/produkt\/masazer-3d-joga-piekna-do-masazu-twarzy-szyi-dekoltu-zloty\/","url":"https:\/\/jogapiekna.com\/produkt\/masazer-3d-joga-piekna-do-masazu-twarzy-szyi-dekoltu-zloty\/","name":"Masa\u017cer z kulkami 3D modeluj\u0105cy twarz i szyj\u0119 | Joga Pi\u0119kna","isPartOf":{"@id":"https:\/\/jogapiekna.com\/#website"},"primaryImageOfPage":{"@id":"https:\/\/jogapiekna.com\/produkt\/masazer-3d-joga-piekna-do-masazu-twarzy-szyi-dekoltu-zloty\/#primaryimage"},"image":{"@id":"https:\/\/jogapiekna.com\/produkt\/masazer-3d-joga-piekna-do-masazu-twarzy-szyi-dekoltu-zloty\/#primaryimage"},"thumbnailUrl":"https:\/\/jogapiekna.com\/wp-content\/uploads\/2021\/01\/Masazer-3D-modelujacy-twarz-i-szyje-Joga-Piekna-zloty.jpg","datePublished":"2021-01-27T12:04:45+00:00","dateModified":"2026-04-09T08:05:32+00:00","description":"Rozlu\u017anij napi\u0119cia i pobud\u017a mikrokr\u0105\u017cenie. Masa\u017cer z kulkami dzia\u0142a precyzyjnie i wyg\u0142adza sk\u00f3r\u0119. Idealny do codziennej piel\u0119gnacji. Zam\u00f3w!","breadcrumb":{"@id":"https:\/\/jogapiekna.com\/produkt\/masazer-3d-joga-piekna-do-masazu-twarzy-szyi-dekoltu-zloty\/#breadcrumb"},"inLanguage":"en-GB","potentialAction":[{"@type":"ReadAction","target":["https:\/\/jogapiekna.com\/produkt\/masazer-3d-joga-piekna-do-masazu-twarzy-szyi-dekoltu-zloty\/"]}]},{"@type":"ImageObject","inLanguage":"en-GB","@id":"https:\/\/jogapiekna.com\/produkt\/masazer-3d-joga-piekna-do-masazu-twarzy-szyi-dekoltu-zloty\/#primaryimage","url":"https:\/\/jogapiekna.com\/wp-content\/uploads\/2021\/01\/Masazer-3D-modelujacy-twarz-i-szyje-Joga-Piekna-zloty.jpg","contentUrl":"https:\/\/jogapiekna.com\/wp-content\/uploads\/2021\/01\/Masazer-3D-modelujacy-twarz-i-szyje-Joga-Piekna-zloty.jpg","width":1000,"height":1000,"caption":"Masa\u017cer 3D modeluj\u0105cy twarz i szyj\u0119 | Joga Pi\u0119kna"},{"@type":"BreadcrumbList","@id":"https:\/\/jogapiekna.com\/produkt\/masazer-3d-joga-piekna-do-masazu-twarzy-szyi-dekoltu-zloty\/#breadcrumb","itemListElement":[{"@type":"ListItem","position":1,"name":"Strona g\u0142\u00f3wna","item":"https:\/\/jogapiekna.com\/"},{"@type":"ListItem","position":2,"name":"Sklep","item":"https:\/\/jogapiekna.com\/sklep\/"},{"@type":"ListItem","position":3,"name":"Masa\u017cer 3D Joga Pi\u0119kna modeluj\u0105cy twarz i szyj\u0119 \u2022 z\u0142oty"}]},{"@type":"WebSite","@id":"https:\/\/jogapiekna.com\/#website","url":"https:\/\/jogapiekna.com\/","name":"Yoga Beauty Marta Kuci\u0144ska","description":"Beauty Yoga helps women to maintain their beauty, reverse the signs of passing time and fatigue, regain a radiant appearance, natural smile and improve their self-esteem.","publisher":{"@id":"https:\/\/jogapiekna.com\/#organization"},"potentialAction":[{"@type":"SearchAction","target":{"@type":"EntryPoint","urlTemplate":"https:\/\/jogapiekna.com\/?s={search_term_string}"},"query-input":{"@type":"PropertyValueSpecification","valueRequired":true,"valueName":"search_term_string"}}],"inLanguage":"en-GB"},{"@type":"Organization","@id":"https:\/\/jogapiekna.com\/#organization","name":"Yoga Beauty Marta Kuci\u0144ska","url":"https:\/\/jogapiekna.com\/","logo":{"@type":"ImageObject","inLanguage":"en-GB","@id":"https:\/\/jogapiekna.com\/#\/schema\/logo\/image\/","url":"https:\/\/jogapiekna.com\/wp-content\/uploads\/2022\/09\/joga-piekna-logo_Rka.png","contentUrl":"https:\/\/jogapiekna.com\/wp-content\/uploads\/2022\/09\/joga-piekna-logo_Rka.png","width":231,"height":124,"caption":"Joga Pi\u0119kna Marta Kuci\u0144ska"},"image":{"@id":"https:\/\/jogapiekna.com\/#\/schema\/logo\/image\/"},"sameAs":["https:\/\/www.facebook.com\/JogaPieknaCom\/","https:\/\/www.instagram.com\/jogapieknacom\/"]}]}},"_links":{"self":[{"href":"https:\/\/jogapiekna.com\/en\/wp-json\/wp\/v2\/product\/38335","targetHints":{"allow":["GET"]}}],"collection":[{"href":"https:\/\/jogapiekna.com\/en\/wp-json\/wp\/v2\/product"}],"about":[{"href":"https:\/\/jogapiekna.com\/en\/wp-json\/wp\/v2\/types\/product"}],"replies":[{"embeddable":true,"href":"https:\/\/jogapiekna.com\/en\/wp-json\/wp\/v2\/comments?post=38335"}],"version-history":[{"count":4,"href":"https:\/\/jogapiekna.com\/en\/wp-json\/wp\/v2\/product\/38335\/revisions"}],"predecessor-version":[{"id":215310,"href":"https:\/\/jogapiekna.com\/en\/wp-json\/wp\/v2\/product\/38335\/revisions\/215310"}],"wp:featuredmedia":[{"embeddable":true,"href":"https:\/\/jogapiekna.com\/en\/wp-json\/wp\/v2\/media\/94475"}],"wp:attachment":[{"href":"https:\/\/jogapiekna.com\/en\/wp-json\/wp\/v2\/media?parent=38335"}],"wp:term":[{"taxonomy":"product_brand","embeddable":true,"href":"https:\/\/jogapiekna.com\/en\/wp-json\/wp\/v2\/product_brand?post=38335"},{"taxonomy":"product_cat","embeddable":true,"href":"https:\/\/jogapiekna.com\/en\/wp-json\/wp\/v2\/product_cat?post=38335"},{"taxonomy":"product_tag","embeddable":true,"href":"https:\/\/jogapiekna.com\/en\/wp-json\/wp\/v2\/product_tag?post=38335"}],"curies":[{"name":"wp","href":"https:\/\/api.w.org\/{rel}","templated":true}]}}