{"id":39949,"date":"2021-02-15T16:03:35","date_gmt":"2021-02-15T15:03:35","guid":{"rendered":"https:\/\/jogapiekna.com\/?post_type=product&#038;p=39949"},"modified":"2026-02-02T10:12:13","modified_gmt":"2026-02-02T09:12:13","slug":"olejek-neroli-10-ml","status":"publish","type":"product","link":"https:\/\/jogapiekna.com\/en\/product\/olejek-neroli-10-ml\/","title":{"rendered":"doTERRA Essential Oil * Neroli * Mood Enhancement 10ml roll"},"content":{"rendered":"<p>doTERRA &#034;Neroli Touch&#034; essential oil is obtained from neroli flowers. Its main action is to improve mood, increase energy, and also bring the mind into a state of relaxation.  doTERRA&#039;s &#034;Neroli Touch&#034; is a combination of fractionated coconut oil with the fresh aroma of doTERRA Neroli oil, making it an ideal application method for children and people with sensitive skin. This comfortable and gentle roll can be applied to the skin.<\/p>\n<p><strong>smell:<\/strong>\u00a0sweet, floral, fresh, citrus<\/p>\n<p><strong>indication:<\/strong><\/p>\n<ul>\n<li>low mood, chandra, lack of energy<\/li>\n<li>when you need a positive energy boost<\/li>\n<li>smoothes the skin<\/li>\n<\/ul>\n<p><strong>How to use it:<\/strong><\/p>\n<ul>\n<li>rub doTERRA Neroli Touch around your chest and heart<\/li>\n<li>rub doTERRA Neroli Touch on your neck<\/li>\n<li>during the winter season, apply to your wrist and smell it throughout the day for an uplifting fragrance.<\/li>\n<\/ul>\n<p><strong>Composition:<\/strong><\/p>\n<ul>\n<li>neroli essential oil<\/li>\n<li>fractionated coconut oil<\/li>\n<\/ul>\n<p><strong>All doTERRA oils are clean and safe. They are certified CPTG (Certified Pure Therapeutic Grade\u00ae) - certified pure therapeutic grade.<\/strong> They can be safely used internally, lubricated the body, and inhaled.<\/p>\n<p><strong>CPTG-Certified Pure Therapeutic Grade (ACKT-Certified Pure therapeutic Grade)<\/strong> doTERRA oils, which makes it absolutely safe to use oils orally (those intended for internal use), as well as in small children.<\/p>\n<p>What does such a certificate mean?<\/p>\n<ul>\n<li>quality without pesticides and heavy metals,<\/li>\n<li>no artificial colors or fillers,<\/li>\n<li>kontrolowane uprawy na obszarach, gdzie naturalnie wyst\u0119puje dana ro\u015blina i zbieranie jej w optymalnym momencie<\/li>\n<li>brak domieszek olejk\u00f3w z innych ro\u015blinnych<\/li>\n<li>brak domieszek olejk\u00f3w syntetycznych<\/li>\n<\/ul>","protected":false},"excerpt":{"rendered":"<p style=\"text-align: left\">10 ml<\/p>","protected":false},"featured_media":94708,"comment_status":"closed","ping_status":"closed","template":"","meta":{"_acf_changed":false,"site-sidebar-layout":"default","site-content-layout":"","ast-site-content-layout":"default","site-content-style":"default","site-sidebar-style":"default","ast-global-header-display":"","ast-banner-title-visibility":"","ast-main-header-display":"","ast-hfb-above-header-display":"","ast-hfb-below-header-display":"","ast-hfb-mobile-header-display":"","site-post-title":"","ast-breadcrumbs-content":"","ast-featured-img":"","footer-sml-layout":"","ast-disable-related-posts":"","theme-transparent-header-meta":"","adv-header-id-meta":"","stick-header-meta":"","header-above-stick-meta":"","header-main-stick-meta":"","header-below-stick-meta":"","astra-migrate-meta-layouts":"default","ast-page-background-enabled":"default","ast-page-background-meta":{"desktop":{"background-color":"var(--ast-global-color-5)","background-image":"","background-repeat":"repeat","background-position":"center center","background-size":"auto","background-attachment":"scroll","background-type":"","background-media":"","overlay-type":"","overlay-color":"","overlay-opacity":"","overlay-gradient":""},"tablet":{"background-color":"","background-image":"","background-repeat":"repeat","background-position":"center center","background-size":"auto","background-attachment":"scroll","background-type":"","background-media":"","overlay-type":"","overlay-color":"","overlay-opacity":"","overlay-gradient":""},"mobile":{"background-color":"","background-image":"","background-repeat":"repeat","background-position":"center center","background-size":"auto","background-attachment":"scroll","background-type":"","background-media":"","overlay-type":"","overlay-color":"","overlay-opacity":"","overlay-gradient":""}},"ast-content-background-meta":{"desktop":{"background-color":"var(--ast-global-color-4)","background-image":"","background-repeat":"repeat","background-position":"center center","background-size":"auto","background-attachment":"scroll","background-type":"","background-media":"","overlay-type":"","overlay-color":"","overlay-opacity":"","overlay-gradient":""},"tablet":{"background-color":"var(--ast-global-color-4)","background-image":"","background-repeat":"repeat","background-position":"center center","background-size":"auto","background-attachment":"scroll","background-type":"","background-media":"","overlay-type":"","overlay-color":"","overlay-opacity":"","overlay-gradient":""},"mobile":{"background-color":"var(--ast-global-color-4)","background-image":"","background-repeat":"repeat","background-position":"center center","background-size":"auto","background-attachment":"scroll","background-type":"","background-media":"","overlay-type":"","overlay-color":"","overlay-opacity":"","overlay-gradient":""}}},"product_brand":[],"product_cat":[642],"product_tag":[157,144,57],"class_list":{"0":"post-39949","1":"product","2":"type-product","3":"status-publish","4":"has-post-thumbnail","6":"product_cat-olejki-eteryczne","7":"product_tag-aromaterapia","8":"product_tag-doterra","9":"product_tag-olejek-eteryczny","10":"desktop-align-left","11":"tablet-align-left","12":"mobile-align-left","14":"first","15":"instock","16":"taxable","17":"shipping-taxable","18":"purchasable","19":"product-type-simple"},"acf":[],"yoast_head":"<!-- This site is optimized with the Yoast SEO plugin v27.2 - https:\/\/yoast.com\/product\/yoast-seo-wordpress\/ -->\n<title>Olejek eteryczny doTERRA \u2022 Neroli \u2022 poprawa nastroju roll on 10 ml | Joga Pi\u0119kna | Ajurweda<\/title>\n<meta name=\"description\" content=\"Olejek firmy doTerra jest czysty i bezpieczny. Posiada certyfikat ACKT \u2013 Atestowana Czysta Klasa Terapeutyczna. Mo\u017cesz go bezpiecznie PI\u0106,smarowa\u0107 swoje cia\u0142o oraz wdycha\u0107. On Guard to opatentowana mieszanka firmy doTERRA wzmacniaj\u0105ca uk\u0142ad odporno\u015bciowy.\" \/>\n<meta name=\"robots\" content=\"index, follow, max-snippet:-1, max-image-preview:large, max-video-preview:-1\" \/>\n<link rel=\"canonical\" href=\"https:\/\/jogapiekna.com\/en\/product\/olejek-neroli-10-ml\/\" \/>\n<meta property=\"og:locale\" content=\"en_GB\" \/>\n<meta property=\"og:type\" content=\"article\" \/>\n<meta property=\"og:title\" content=\"Olejek eteryczny doTERRA \u2022 Neroli \u2022 poprawa nastroju roll on 10 ml | Joga Pi\u0119kna | Ajurweda\" \/>\n<meta property=\"og:description\" content=\"Olejek firmy doTerra jest czysty i bezpieczny. Posiada certyfikat ACKT \u2013 Atestowana Czysta Klasa Terapeutyczna. Mo\u017cesz go bezpiecznie PI\u0106,smarowa\u0107 swoje cia\u0142o oraz wdycha\u0107. On Guard to opatentowana mieszanka firmy doTERRA wzmacniaj\u0105ca uk\u0142ad odporno\u015bciowy.\" \/>\n<meta property=\"og:url\" content=\"https:\/\/jogapiekna.com\/en\/product\/olejek-neroli-10-ml\/\" \/>\n<meta property=\"og:site_name\" content=\"JOGA PI\u0118KNA | Joga Twarzy\" \/>\n<meta property=\"article:publisher\" content=\"https:\/\/www.facebook.com\/JogaPieknaCom\/\" \/>\n<meta property=\"article:modified_time\" content=\"2026-02-02T09:12:13+00:00\" \/>\n<meta property=\"og:image\" content=\"https:\/\/jogapiekna.com\/wp-content\/uploads\/2020\/11\/joga-piekna_olejek-touch-neroli-doterra.jpg\" \/>\n\t<meta property=\"og:image:width\" content=\"1000\" \/>\n\t<meta property=\"og:image:height\" content=\"1000\" \/>\n\t<meta property=\"og:image:type\" content=\"image\/jpeg\" \/>\n<meta name=\"twitter:card\" content=\"summary_large_image\" \/>\n<meta name=\"twitter:label1\" content=\"Estimated reading time\" \/>\n\t<meta name=\"twitter:data1\" content=\"2 minutes\" \/>\n<script type=\"application\/ld+json\" class=\"yoast-schema-graph\">{\"@context\":\"https:\/\/schema.org\",\"@graph\":[{\"@type\":\"WebPage\",\"@id\":\"https:\/\/jogapiekna.com\/produkt\/olejek-neroli-10-ml\/\",\"url\":\"https:\/\/jogapiekna.com\/produkt\/olejek-neroli-10-ml\/\",\"name\":\"Olejek eteryczny doTERRA \u2022 Neroli \u2022 poprawa nastroju roll on 10 ml | Joga Pi\u0119kna | Ajurweda\",\"isPartOf\":{\"@id\":\"https:\/\/jogapiekna.com\/#website\"},\"primaryImageOfPage\":{\"@id\":\"https:\/\/jogapiekna.com\/produkt\/olejek-neroli-10-ml\/#primaryimage\"},\"image\":{\"@id\":\"https:\/\/jogapiekna.com\/produkt\/olejek-neroli-10-ml\/#primaryimage\"},\"thumbnailUrl\":\"https:\/\/jogapiekna.com\/wp-content\/uploads\/2020\/11\/joga-piekna_olejek-touch-neroli-doterra.jpg\",\"datePublished\":\"2021-02-15T15:03:35+00:00\",\"dateModified\":\"2026-02-02T09:12:13+00:00\",\"description\":\"Olejek firmy doTerra jest czysty i bezpieczny. Posiada certyfikat ACKT \u2013 Atestowana Czysta Klasa Terapeutyczna. Mo\u017cesz go bezpiecznie PI\u0106,smarowa\u0107 swoje cia\u0142o oraz wdycha\u0107. On Guard to opatentowana mieszanka firmy doTERRA wzmacniaj\u0105ca uk\u0142ad odporno\u015bciowy.\",\"breadcrumb\":{\"@id\":\"https:\/\/jogapiekna.com\/produkt\/olejek-neroli-10-ml\/#breadcrumb\"},\"inLanguage\":\"en-GB\",\"potentialAction\":[{\"@type\":\"ReadAction\",\"target\":[\"https:\/\/jogapiekna.com\/produkt\/olejek-neroli-10-ml\/\"]}]},{\"@type\":\"ImageObject\",\"inLanguage\":\"en-GB\",\"@id\":\"https:\/\/jogapiekna.com\/produkt\/olejek-neroli-10-ml\/#primaryimage\",\"url\":\"https:\/\/jogapiekna.com\/wp-content\/uploads\/2020\/11\/joga-piekna_olejek-touch-neroli-doterra.jpg\",\"contentUrl\":\"https:\/\/jogapiekna.com\/wp-content\/uploads\/2020\/11\/joga-piekna_olejek-touch-neroli-doterra.jpg\",\"width\":1000,\"height\":1000,\"caption\":\"Olejek eteryczny doTERRA \u2022 Neroli \u2022 poprawa nastroju roll on 10 ml\"},{\"@type\":\"BreadcrumbList\",\"@id\":\"https:\/\/jogapiekna.com\/produkt\/olejek-neroli-10-ml\/#breadcrumb\",\"itemListElement\":[{\"@type\":\"ListItem\",\"position\":1,\"name\":\"Strona g\u0142\u00f3wna\",\"item\":\"https:\/\/jogapiekna.com\/\"},{\"@type\":\"ListItem\",\"position\":2,\"name\":\"Sklep\",\"item\":\"https:\/\/jogapiekna.com\/sklep\/\"},{\"@type\":\"ListItem\",\"position\":3,\"name\":\"Olejek eteryczny doTERRA \u2022 Neroli \u2022 poprawa nastroju roll on 10 ml\"}]},{\"@type\":\"WebSite\",\"@id\":\"https:\/\/jogapiekna.com\/#website\",\"url\":\"https:\/\/jogapiekna.com\/\",\"name\":\"Joga Pi\u0119kna Marta Kuci\u0144ska\",\"description\":\"Joga Pi\u0119kna pomaga kobietom zachowa\u0107 urod\u0119, cofn\u0105\u0107 oznaki up\u0142ywaj\u0105cego czasu i zm\u0119czenia, odzyska\u0107 promienny wygl\u0105d, naturalny u\u015bmiech i popraw\u0119 w\u0142asnej samooceny.\",\"publisher\":{\"@id\":\"https:\/\/jogapiekna.com\/#organization\"},\"potentialAction\":[{\"@type\":\"SearchAction\",\"target\":{\"@type\":\"EntryPoint\",\"urlTemplate\":\"https:\/\/jogapiekna.com\/?s={search_term_string}\"},\"query-input\":{\"@type\":\"PropertyValueSpecification\",\"valueRequired\":true,\"valueName\":\"search_term_string\"}}],\"inLanguage\":\"en-GB\"},{\"@type\":\"Organization\",\"@id\":\"https:\/\/jogapiekna.com\/#organization\",\"name\":\"Joga Pi\u0119kna Marta Kuci\u0144ska\",\"url\":\"https:\/\/jogapiekna.com\/\",\"logo\":{\"@type\":\"ImageObject\",\"inLanguage\":\"en-GB\",\"@id\":\"https:\/\/jogapiekna.com\/#\/schema\/logo\/image\/\",\"url\":\"https:\/\/jogapiekna.com\/wp-content\/uploads\/2022\/09\/joga-piekna-logo_Rka.png\",\"contentUrl\":\"https:\/\/jogapiekna.com\/wp-content\/uploads\/2022\/09\/joga-piekna-logo_Rka.png\",\"width\":231,\"height\":124,\"caption\":\"Joga Pi\u0119kna Marta Kuci\u0144ska\"},\"image\":{\"@id\":\"https:\/\/jogapiekna.com\/#\/schema\/logo\/image\/\"},\"sameAs\":[\"https:\/\/www.facebook.com\/JogaPieknaCom\/\",\"https:\/\/www.instagram.com\/jogapieknacom\/\"]}]}<\/script>\n<!-- \/ Yoast SEO plugin. -->","yoast_head_json":{"title":"Olejek eteryczny doTERRA \u2022 Neroli \u2022 poprawa nastroju roll on 10 ml | Joga Pi\u0119kna | Ajurweda","description":"Olejek firmy doTerra jest czysty i bezpieczny. Posiada certyfikat ACKT \u2013 Atestowana Czysta Klasa Terapeutyczna. Mo\u017cesz go bezpiecznie PI\u0106,smarowa\u0107 swoje cia\u0142o oraz wdycha\u0107. On Guard to opatentowana mieszanka firmy doTERRA wzmacniaj\u0105ca uk\u0142ad odporno\u015bciowy.","robots":{"index":"index","follow":"follow","max-snippet":"max-snippet:-1","max-image-preview":"max-image-preview:large","max-video-preview":"max-video-preview:-1"},"canonical":"https:\/\/jogapiekna.com\/en\/product\/olejek-neroli-10-ml\/","og_locale":"en_GB","og_type":"article","og_title":"Olejek eteryczny doTERRA \u2022 Neroli \u2022 poprawa nastroju roll on 10 ml | Joga Pi\u0119kna | Ajurweda","og_description":"Olejek firmy doTerra jest czysty i bezpieczny. Posiada certyfikat ACKT \u2013 Atestowana Czysta Klasa Terapeutyczna. Mo\u017cesz go bezpiecznie PI\u0106,smarowa\u0107 swoje cia\u0142o oraz wdycha\u0107. On Guard to opatentowana mieszanka firmy doTERRA wzmacniaj\u0105ca uk\u0142ad odporno\u015bciowy.","og_url":"https:\/\/jogapiekna.com\/en\/product\/olejek-neroli-10-ml\/","og_site_name":"JOGA PI\u0118KNA | Joga Twarzy","article_publisher":"https:\/\/www.facebook.com\/JogaPieknaCom\/","article_modified_time":"2026-02-02T09:12:13+00:00","og_image":[{"width":1000,"height":1000,"url":"https:\/\/jogapiekna.com\/wp-content\/uploads\/2020\/11\/joga-piekna_olejek-touch-neroli-doterra.jpg","type":"image\/jpeg"}],"twitter_card":"summary_large_image","twitter_misc":{"Estimated reading time":"2 minutes"},"schema":{"@context":"https:\/\/schema.org","@graph":[{"@type":"WebPage","@id":"https:\/\/jogapiekna.com\/produkt\/olejek-neroli-10-ml\/","url":"https:\/\/jogapiekna.com\/produkt\/olejek-neroli-10-ml\/","name":"Olejek eteryczny doTERRA \u2022 Neroli \u2022 poprawa nastroju roll on 10 ml | Joga Pi\u0119kna | Ajurweda","isPartOf":{"@id":"https:\/\/jogapiekna.com\/#website"},"primaryImageOfPage":{"@id":"https:\/\/jogapiekna.com\/produkt\/olejek-neroli-10-ml\/#primaryimage"},"image":{"@id":"https:\/\/jogapiekna.com\/produkt\/olejek-neroli-10-ml\/#primaryimage"},"thumbnailUrl":"https:\/\/jogapiekna.com\/wp-content\/uploads\/2020\/11\/joga-piekna_olejek-touch-neroli-doterra.jpg","datePublished":"2021-02-15T15:03:35+00:00","dateModified":"2026-02-02T09:12:13+00:00","description":"Olejek firmy doTerra jest czysty i bezpieczny. Posiada certyfikat ACKT \u2013 Atestowana Czysta Klasa Terapeutyczna. Mo\u017cesz go bezpiecznie PI\u0106,smarowa\u0107 swoje cia\u0142o oraz wdycha\u0107. On Guard to opatentowana mieszanka firmy doTERRA wzmacniaj\u0105ca uk\u0142ad odporno\u015bciowy.","breadcrumb":{"@id":"https:\/\/jogapiekna.com\/produkt\/olejek-neroli-10-ml\/#breadcrumb"},"inLanguage":"en-GB","potentialAction":[{"@type":"ReadAction","target":["https:\/\/jogapiekna.com\/produkt\/olejek-neroli-10-ml\/"]}]},{"@type":"ImageObject","inLanguage":"en-GB","@id":"https:\/\/jogapiekna.com\/produkt\/olejek-neroli-10-ml\/#primaryimage","url":"https:\/\/jogapiekna.com\/wp-content\/uploads\/2020\/11\/joga-piekna_olejek-touch-neroli-doterra.jpg","contentUrl":"https:\/\/jogapiekna.com\/wp-content\/uploads\/2020\/11\/joga-piekna_olejek-touch-neroli-doterra.jpg","width":1000,"height":1000,"caption":"Olejek eteryczny doTERRA \u2022 Neroli \u2022 poprawa nastroju roll on 10 ml"},{"@type":"BreadcrumbList","@id":"https:\/\/jogapiekna.com\/produkt\/olejek-neroli-10-ml\/#breadcrumb","itemListElement":[{"@type":"ListItem","position":1,"name":"Strona g\u0142\u00f3wna","item":"https:\/\/jogapiekna.com\/"},{"@type":"ListItem","position":2,"name":"Sklep","item":"https:\/\/jogapiekna.com\/sklep\/"},{"@type":"ListItem","position":3,"name":"Olejek eteryczny doTERRA \u2022 Neroli \u2022 poprawa nastroju roll on 10 ml"}]},{"@type":"WebSite","@id":"https:\/\/jogapiekna.com\/#website","url":"https:\/\/jogapiekna.com\/","name":"Yoga Beauty Marta Kuci\u0144ska","description":"Beauty Yoga helps women to maintain their beauty, reverse the signs of passing time and fatigue, regain a radiant appearance, natural smile and improve their self-esteem.","publisher":{"@id":"https:\/\/jogapiekna.com\/#organization"},"potentialAction":[{"@type":"SearchAction","target":{"@type":"EntryPoint","urlTemplate":"https:\/\/jogapiekna.com\/?s={search_term_string}"},"query-input":{"@type":"PropertyValueSpecification","valueRequired":true,"valueName":"search_term_string"}}],"inLanguage":"en-GB"},{"@type":"Organization","@id":"https:\/\/jogapiekna.com\/#organization","name":"Yoga Beauty Marta Kuci\u0144ska","url":"https:\/\/jogapiekna.com\/","logo":{"@type":"ImageObject","inLanguage":"en-GB","@id":"https:\/\/jogapiekna.com\/#\/schema\/logo\/image\/","url":"https:\/\/jogapiekna.com\/wp-content\/uploads\/2022\/09\/joga-piekna-logo_Rka.png","contentUrl":"https:\/\/jogapiekna.com\/wp-content\/uploads\/2022\/09\/joga-piekna-logo_Rka.png","width":231,"height":124,"caption":"Joga Pi\u0119kna Marta Kuci\u0144ska"},"image":{"@id":"https:\/\/jogapiekna.com\/#\/schema\/logo\/image\/"},"sameAs":["https:\/\/www.facebook.com\/JogaPieknaCom\/","https:\/\/www.instagram.com\/jogapieknacom\/"]}]}},"_links":{"self":[{"href":"https:\/\/jogapiekna.com\/en\/wp-json\/wp\/v2\/product\/39949","targetHints":{"allow":["GET"]}}],"collection":[{"href":"https:\/\/jogapiekna.com\/en\/wp-json\/wp\/v2\/product"}],"about":[{"href":"https:\/\/jogapiekna.com\/en\/wp-json\/wp\/v2\/types\/product"}],"replies":[{"embeddable":true,"href":"https:\/\/jogapiekna.com\/en\/wp-json\/wp\/v2\/comments?post=39949"}],"version-history":[{"count":3,"href":"https:\/\/jogapiekna.com\/en\/wp-json\/wp\/v2\/product\/39949\/revisions"}],"predecessor-version":[{"id":211240,"href":"https:\/\/jogapiekna.com\/en\/wp-json\/wp\/v2\/product\/39949\/revisions\/211240"}],"wp:featuredmedia":[{"embeddable":true,"href":"https:\/\/jogapiekna.com\/en\/wp-json\/wp\/v2\/media\/94708"}],"wp:attachment":[{"href":"https:\/\/jogapiekna.com\/en\/wp-json\/wp\/v2\/media?parent=39949"}],"wp:term":[{"taxonomy":"product_brand","embeddable":true,"href":"https:\/\/jogapiekna.com\/en\/wp-json\/wp\/v2\/product_brand?post=39949"},{"taxonomy":"product_cat","embeddable":true,"href":"https:\/\/jogapiekna.com\/en\/wp-json\/wp\/v2\/product_cat?post=39949"},{"taxonomy":"product_tag","embeddable":true,"href":"https:\/\/jogapiekna.com\/en\/wp-json\/wp\/v2\/product_tag?post=39949"}],"curies":[{"name":"wp","href":"https:\/\/api.w.org\/{rel}","templated":true}]}}