{"id":40745,"date":"2021-02-28T17:22:48","date_gmt":"2021-02-28T16:22:48","guid":{"rendered":"https:\/\/jogapiekna.com\/?post_type=product&#038;p=40745"},"modified":"2026-03-14T14:54:37","modified_gmt":"2026-03-14T13:54:37","slug":"masazer-galwaniczny-wieloiglowy-do-masazu-ciala","status":"publish","type":"product","link":"https:\/\/jogapiekna.com\/en\/product\/masazer-galwaniczny-wieloiglowy-do-masazu-ciala\/","title":{"rendered":"Multi-needle roller massager for full body massage Lyapco"},"content":{"rendered":"<p>Do you dream of supple, smooth skin on your body? Looking for home remedies for cellulite, improving blood circulation and lymph, or reducing body fat? Large multi-needle massage roller Lyapko is used in both cosmetic and therapeutic therapy. On the one hand, it takes care of the good condition and appearance of the skin, on the other-eliminates swelling, improves the absorption of hematomas, supports treatment and rehabilitation after injuries, injuries and stroke.<\/p>\n<p>&nbsp;<\/p>\n<h2>Lyapko multi-needle roller-the best for reflexology<\/h2>\n<p>The multi-needle Lyapko massage roller, also called the &#034;big roller&#034;, works well during reflexology. It dynamically affects the skin, creating the &#034;soul of a million needles&#034; effect. It is characterized by the largest working surface of all Lyapko rollers and the maximum distance between the needles. Thus, it is best suited for massaging the body-legs, abdomen, back and buttocks.<\/p>\n<p>&nbsp;<\/p>\n<h2>Multi-needle roller for body massage-characteristics<\/h2>\n<ul>\n<li>The roller is very easy to use, you can use it at home, during daily massages.<\/li>\n<li>Made from high-quality raw materials that are completely safe for the skin (iron, copper, nickel, zinc, silver).<\/li>\n<li>This works well during overweight therapy.<\/li>\n<li>The needles are placed on medical rubber.<\/li>\n<li>The base metals of the Needle Bases are copper and iron. Some needles have a rod made of one metal and a coating made of another, some are even coated with two metals, and only the tip of the needle is free, for example, iron needles are coated with zinc or nickel, and copper needles are coated with silver.<\/li>\n<\/ul>\n<p>&nbsp;<\/p>\n<h2>Body massage with a multi-needle roller-why is it worth it?<br \/>\n<strong>Cosmetic benefits<\/strong><\/h2>\n<p>A multi-needle roller is a very broad-spectrum device that will help fight such ailments as:<br \/>\n\u2022 swelling,<br \/>\n* lymph stasis,<br \/>\n* cellulite,<br \/>\n* loose skin.<\/p>\n<p>What is the reason for them? Often-insufficient blood supply and poor outflow of fluid through the vessels, which leads to a violation of tissue nutrition, stagnant processes and edema. Cellulite develops, excess weight appears, and the skin condition worsens.<\/p>\n<p>&nbsp;<\/p>\n<h2><strong>Thanks to the use of the Lyapko multi-needle massage roller, the flow rate of lymph and blood during the session increases several times.<\/strong><\/h2>\n<p>Dr Lyapko&#039;s large body massage roller is a great device for weight loss and body shaping. It works like a cellulite roller. Performing a Lyapko massage with a &#034;large&#034; roller reduces fat deposits, cellulite and reduces body weight.<\/p>\n<p>&nbsp;<\/p>\n<h2>The cycle of effective therapy with a multi-needle roller is at least 10-15 procedures<\/h2>\n<p>Massage roller procedures with several needles should be performed &#034;on an empty stomach&#034; &#034; The roller needles, touching the skin, do not damage it. The method is effective and non-invasive, that is, it completely eliminates the transmission of various infections. It also doesn&#039;t cause any side effects.<\/p>\n<p>&nbsp;<\/p>\n<h2>Body massage with a multi-needle roller-why is it worth it?<br \/>\n<strong>Therapeutic benefits<\/strong><\/h2>\n<p>The large Lyapko roller is primarily used for therapeutic effects on large parts of the body: on the back, lower back, cross, buttocks, chest, abdomen and limbs.<\/p>\n<p><strong>Therapeutic effect<\/strong> we reach several times faster, in contrast to the static applicator. To massage the back and other hard-to-reach parts of the body with a roller, you need the help of another person. Dr. Lyapko&#039;s video has proven to be a therapeutic video for patients with a good physique and overweight.<\/p>\n<p>You can use the video clip to influence <strong>soothing or soothing<\/strong> (for example, for pain in the lumbosacral region or in the lower extremities) and stimulating or exciting (for muscle paresis, etc.).<\/p>\n<ul>\n<li>To achieve a calming effect, we massage with a multi-needle roller on a larger surface of the body. Movements during the massage should be slower, and the procedure itself should last about 10-15 minutes.<\/li>\n<li>To achieve an exciting effect, the roller massage should be performed dynamically for about 5-7 minutes, covering a smaller area of the body.<\/li>\n<\/ul>\n<p>&nbsp;<\/p>\n<h2>For whom is a large multi-needle massage roller ideal?<\/h2>\n<ul>\n<li>for people with a large build<\/li>\n<li>for overweight people<\/li>\n<li>if you are in the process of rehabilitation after fractures or damage to the nervous system<\/li>\n<li>for people who want to reduce cellulite<\/li>\n<li>if you are concerned about puffiness of the body<\/li>\n<li>looking for a natural way to stimulate blood and lymph in your body<\/li>\n<li>if you want to relieve muscle tension and stress<\/li>\n<\/ul>\n<p>&nbsp;<\/p>\n<h2>Contraindications to the use of Lyapko massagers<\/h2>\n<ul>\n<li>acute infectious diseases<\/li>\n<li>acute or febrile stages of chronic diseases<\/li>\n<li>acute injuries or illnesses (for example, bone fractures, blood clots, or thrombosis)<\/li>\n<li>decompensated state with cardiovascular, pulmonary, liver, kidney diseases<\/li>\n<li>acute respiratory diseases<\/li>\n<li>varicose veins, acute thrombophlebitis<\/li>\n<li>after surgery, wounds, burns, and frostbite<\/li>\n<li>decompensated diseases of the blood and blood-forming organs<\/li>\n<li>for skin diseases<\/li>\n<li>taking anticoagulants(anticoagulants)<\/li>\n<li>allergy to any metal contained in the massager needles<\/li>\n<li>violation of the integrity of the skin: wounds, burns, frostbite<\/li>\n<li>pregnancy<\/li>\n<\/ul>\n<p>&nbsp;<\/p>\n<h2>Maintenance and disinfection of the Lypako multi-needle roller<\/h2>\n<ul>\n<li><strong>At home<\/strong> we recommend washing the applicator with liquid soap and running water and drying it after washing with a hot air jet (hair dryer).<\/li>\n<li><strong>In medical institutions<\/strong> for the sterilization of applicators, widely used medical preparations are used to disinfect the surfaces of equipment. If the applicator is used correctly, its useful life is 5-7 years.<\/li>\n<\/ul>\n<p>The colors of large massage rollers with multiple needles are sent randomly. At the customer&#039;s request, you can send an applicator of their chosen color (marked in the &#034;order notes&#034; section), if it is available in stock at the time of order execution. Available colors: Red, green, blue, orange, dark blue.<\/p>","protected":false},"excerpt":{"rendered":"<p>Large multi-needle roller for massaging large areas of the body m.in. back, abdomen, legs, chest and buttocks. This is a proven remedy for cellulite, sagging and swelling on the body. Regular body massages with a multi-needle roller relieve pain, improve skin condition, stimulate blood and lymph circulation, and help in overweight therapy by reducing excess fat.<\/p>\n<p><strong>roller dimensions:<\/strong> 61 \u00d7 111 mm<br \/>\n<strong>distance between needles:<\/strong> 5.0 mm<br \/>\n<strong>number of needles:<\/strong> 570<br \/>\n<strong>needle composition:<\/strong> iron, copper, nickel, zinc, silver<br \/>\n<strong>base:<\/strong> medical rubber<br \/>\n<strong>warranty period:<\/strong> 12 months<br \/>\n<strong>Available colors: <\/strong>red, green, blue, orange, dark blue, black.<\/p>\n<p><a href=\"https:\/\/jogapiekna.com\/wp-content\/uploads\/2025\/10\/INSTRUKCJA-UZYTKOWANIA-I-BEZPIECZENSTWA-MASAZEROW-LYAPKO.pdf\" target=\"_blank\">LYAPKO MASSAGERS' USER AND SAFETY INSTRUCTIONS<\/a><\/p>","protected":false},"featured_media":114933,"comment_status":"closed","ping_status":"closed","template":"","meta":{"_acf_changed":false,"site-sidebar-layout":"default","site-content-layout":"","ast-site-content-layout":"default","site-content-style":"default","site-sidebar-style":"default","ast-global-header-display":"","ast-banner-title-visibility":"","ast-main-header-display":"","ast-hfb-above-header-display":"","ast-hfb-below-header-display":"","ast-hfb-mobile-header-display":"","site-post-title":"","ast-breadcrumbs-content":"","ast-featured-img":"","footer-sml-layout":"","ast-disable-related-posts":"","theme-transparent-header-meta":"","adv-header-id-meta":"","stick-header-meta":"","header-above-stick-meta":"","header-main-stick-meta":"","header-below-stick-meta":"","astra-migrate-meta-layouts":"default","ast-page-background-enabled":"default","ast-page-background-meta":{"desktop":{"background-color":"var(--ast-global-color-5)","background-image":"","background-repeat":"repeat","background-position":"center center","background-size":"auto","background-attachment":"scroll","background-type":"","background-media":"","overlay-type":"","overlay-color":"","overlay-opacity":"","overlay-gradient":""},"tablet":{"background-color":"","background-image":"","background-repeat":"repeat","background-position":"center center","background-size":"auto","background-attachment":"scroll","background-type":"","background-media":"","overlay-type":"","overlay-color":"","overlay-opacity":"","overlay-gradient":""},"mobile":{"background-color":"","background-image":"","background-repeat":"repeat","background-position":"center center","background-size":"auto","background-attachment":"scroll","background-type":"","background-media":"","overlay-type":"","overlay-color":"","overlay-opacity":"","overlay-gradient":""}},"ast-content-background-meta":{"desktop":{"background-color":"var(--ast-global-color-4)","background-image":"","background-repeat":"repeat","background-position":"center center","background-size":"auto","background-attachment":"scroll","background-type":"","background-media":"","overlay-type":"","overlay-color":"","overlay-opacity":"","overlay-gradient":""},"tablet":{"background-color":"var(--ast-global-color-4)","background-image":"","background-repeat":"repeat","background-position":"center center","background-size":"auto","background-attachment":"scroll","background-type":"","background-media":"","overlay-type":"","overlay-color":"","overlay-opacity":"","overlay-gradient":""},"mobile":{"background-color":"var(--ast-global-color-4)","background-image":"","background-repeat":"repeat","background-position":"center center","background-size":"auto","background-attachment":"scroll","background-type":"","background-media":"","overlay-type":"","overlay-color":"","overlay-opacity":"","overlay-gradient":""}}},"product_brand":[],"product_cat":[21,620,619],"product_tag":[237,247,41,276,60,236,259,275,256,914,923,924],"class_list":{"0":"post-40745","1":"product","2":"type-product","3":"status-publish","4":"has-post-thumbnail","6":"product_cat-akcesoria","7":"product_cat-masaz-ciala","8":"product_cat-masaz-glowy","9":"product_tag-akupresura","10":"product_tag-aplikator-wieloiglowy","11":"product_tag-joga-twarzy","12":"product_tag-lyapko","13":"product_tag-masazer-do-twarzy","14":"product_tag-masazer-iglowy","15":"product_tag-odmladzanie","16":"product_tag-pielegnacja-ciala","17":"product_tag-pielegnacja-skory","18":"product_tag-rehabilitacja","19":"product_tag-walek","20":"product_tag-walek-do-ciala","21":"desktop-align-left","22":"tablet-align-left","23":"mobile-align-left","25":"first","26":"instock","27":"taxable","28":"shipping-taxable","29":"purchasable","30":"product-type-simple"},"acf":[],"yoast_head":"<!-- This site is optimized with the Yoast SEO plugin v27.2 - https:\/\/yoast.com\/product\/yoast-seo-wordpress\/ -->\n<title>Wa\u0142ek wieloig\u0142owy do masa\u017cu ca\u0142ego cia\u0142a Joga Pi\u0119kna<\/title>\n<meta name=\"description\" content=\"Zadbaj\u0105 o j\u0119drno\u015b\u0107 n\u00f3g, po\u015bladk\u00f3w i brzucha. Wieloig\u0142owy wa\u0142ek do masa\u017cu Lyapko sprawdza si\u0119 w terapiach leczniczych oraz kosmetycznych.\" \/>\n<meta name=\"robots\" content=\"index, follow, max-snippet:-1, max-image-preview:large, max-video-preview:-1\" \/>\n<link rel=\"canonical\" href=\"https:\/\/jogapiekna.com\/en\/product\/masazer-galwaniczny-wieloiglowy-do-masazu-ciala\/\" \/>\n<meta property=\"og:locale\" content=\"en_GB\" \/>\n<meta property=\"og:type\" content=\"article\" \/>\n<meta property=\"og:title\" content=\"Wa\u0142ek wieloig\u0142owy do masa\u017cu ca\u0142ego cia\u0142a Joga Pi\u0119kna\" \/>\n<meta property=\"og:description\" content=\"Zadbaj\u0105 o j\u0119drno\u015b\u0107 n\u00f3g, po\u015bladk\u00f3w i brzucha. Wieloig\u0142owy wa\u0142ek do masa\u017cu Lyapko sprawdza si\u0119 w terapiach leczniczych oraz kosmetycznych.\" \/>\n<meta property=\"og:url\" content=\"https:\/\/jogapiekna.com\/en\/product\/masazer-galwaniczny-wieloiglowy-do-masazu-ciala\/\" \/>\n<meta property=\"og:site_name\" content=\"JOGA PI\u0118KNA | Joga Twarzy\" \/>\n<meta property=\"article:publisher\" content=\"https:\/\/www.facebook.com\/JogaPieknaCom\/\" \/>\n<meta property=\"article:modified_time\" content=\"2026-03-14T13:54:37+00:00\" \/>\n<meta property=\"og:image\" content=\"https:\/\/jogapiekna.com\/wp-content\/uploads\/2021\/02\/Masazer-wieloiglowy-do-masazu-ciala-Lyapko-czerwony.jpg\" \/>\n\t<meta property=\"og:image:width\" content=\"1000\" \/>\n\t<meta property=\"og:image:height\" content=\"1000\" \/>\n\t<meta property=\"og:image:type\" content=\"image\/jpeg\" \/>\n<meta name=\"twitter:card\" content=\"summary_large_image\" \/>\n<meta name=\"twitter:label1\" content=\"Estimated reading time\" \/>\n\t<meta name=\"twitter:data1\" content=\"5 minutes\" \/>\n<script type=\"application\/ld+json\" class=\"yoast-schema-graph\">{\"@context\":\"https:\/\/schema.org\",\"@graph\":[{\"@type\":\"WebPage\",\"@id\":\"https:\/\/jogapiekna.com\/produkt\/masazer-galwaniczny-wieloiglowy-do-masazu-ciala\/\",\"url\":\"https:\/\/jogapiekna.com\/produkt\/masazer-galwaniczny-wieloiglowy-do-masazu-ciala\/\",\"name\":\"Wa\u0142ek wieloig\u0142owy do masa\u017cu ca\u0142ego cia\u0142a Joga Pi\u0119kna\",\"isPartOf\":{\"@id\":\"https:\/\/jogapiekna.com\/#website\"},\"primaryImageOfPage\":{\"@id\":\"https:\/\/jogapiekna.com\/produkt\/masazer-galwaniczny-wieloiglowy-do-masazu-ciala\/#primaryimage\"},\"image\":{\"@id\":\"https:\/\/jogapiekna.com\/produkt\/masazer-galwaniczny-wieloiglowy-do-masazu-ciala\/#primaryimage\"},\"thumbnailUrl\":\"https:\/\/jogapiekna.com\/wp-content\/uploads\/2021\/02\/Masazer-wieloiglowy-do-masazu-ciala-Lyapko-czerwony.jpg\",\"datePublished\":\"2021-02-28T16:22:48+00:00\",\"dateModified\":\"2026-03-14T13:54:37+00:00\",\"description\":\"Zadbaj\u0105 o j\u0119drno\u015b\u0107 n\u00f3g, po\u015bladk\u00f3w i brzucha. Wieloig\u0142owy wa\u0142ek do masa\u017cu Lyapko sprawdza si\u0119 w terapiach leczniczych oraz kosmetycznych.\",\"breadcrumb\":{\"@id\":\"https:\/\/jogapiekna.com\/produkt\/masazer-galwaniczny-wieloiglowy-do-masazu-ciala\/#breadcrumb\"},\"inLanguage\":\"en-GB\",\"potentialAction\":[{\"@type\":\"ReadAction\",\"target\":[\"https:\/\/jogapiekna.com\/produkt\/masazer-galwaniczny-wieloiglowy-do-masazu-ciala\/\"]}]},{\"@type\":\"ImageObject\",\"inLanguage\":\"en-GB\",\"@id\":\"https:\/\/jogapiekna.com\/produkt\/masazer-galwaniczny-wieloiglowy-do-masazu-ciala\/#primaryimage\",\"url\":\"https:\/\/jogapiekna.com\/wp-content\/uploads\/2021\/02\/Masazer-wieloiglowy-do-masazu-ciala-Lyapko-czerwony.jpg\",\"contentUrl\":\"https:\/\/jogapiekna.com\/wp-content\/uploads\/2021\/02\/Masazer-wieloiglowy-do-masazu-ciala-Lyapko-czerwony.jpg\",\"width\":1000,\"height\":1000,\"caption\":\"Masa\u017cer wieloig\u0142owy do \\u2028masa\u017cu cia\u0142a\"},{\"@type\":\"BreadcrumbList\",\"@id\":\"https:\/\/jogapiekna.com\/produkt\/masazer-galwaniczny-wieloiglowy-do-masazu-ciala\/#breadcrumb\",\"itemListElement\":[{\"@type\":\"ListItem\",\"position\":1,\"name\":\"Strona g\u0142\u00f3wna\",\"item\":\"https:\/\/jogapiekna.com\/\"},{\"@type\":\"ListItem\",\"position\":2,\"name\":\"Sklep\",\"item\":\"https:\/\/jogapiekna.com\/sklep\/\"},{\"@type\":\"ListItem\",\"position\":3,\"name\":\"Masa\u017cer wa\u0142ek wieloig\u0142owy do masa\u017cu ca\u0142ego cia\u0142a Lyapco\"}]},{\"@type\":\"WebSite\",\"@id\":\"https:\/\/jogapiekna.com\/#website\",\"url\":\"https:\/\/jogapiekna.com\/\",\"name\":\"Joga Pi\u0119kna Marta Kuci\u0144ska\",\"description\":\"Joga Pi\u0119kna pomaga kobietom zachowa\u0107 urod\u0119, cofn\u0105\u0107 oznaki up\u0142ywaj\u0105cego czasu i zm\u0119czenia, odzyska\u0107 promienny wygl\u0105d, naturalny u\u015bmiech i popraw\u0119 w\u0142asnej samooceny.\",\"publisher\":{\"@id\":\"https:\/\/jogapiekna.com\/#organization\"},\"potentialAction\":[{\"@type\":\"SearchAction\",\"target\":{\"@type\":\"EntryPoint\",\"urlTemplate\":\"https:\/\/jogapiekna.com\/?s={search_term_string}\"},\"query-input\":{\"@type\":\"PropertyValueSpecification\",\"valueRequired\":true,\"valueName\":\"search_term_string\"}}],\"inLanguage\":\"en-GB\"},{\"@type\":\"Organization\",\"@id\":\"https:\/\/jogapiekna.com\/#organization\",\"name\":\"Joga Pi\u0119kna Marta Kuci\u0144ska\",\"url\":\"https:\/\/jogapiekna.com\/\",\"logo\":{\"@type\":\"ImageObject\",\"inLanguage\":\"en-GB\",\"@id\":\"https:\/\/jogapiekna.com\/#\/schema\/logo\/image\/\",\"url\":\"https:\/\/jogapiekna.com\/wp-content\/uploads\/2022\/09\/joga-piekna-logo_Rka.png\",\"contentUrl\":\"https:\/\/jogapiekna.com\/wp-content\/uploads\/2022\/09\/joga-piekna-logo_Rka.png\",\"width\":231,\"height\":124,\"caption\":\"Joga Pi\u0119kna Marta Kuci\u0144ska\"},\"image\":{\"@id\":\"https:\/\/jogapiekna.com\/#\/schema\/logo\/image\/\"},\"sameAs\":[\"https:\/\/www.facebook.com\/JogaPieknaCom\/\",\"https:\/\/www.instagram.com\/jogapieknacom\/\"]}]}<\/script>\n<!-- \/ Yoast SEO plugin. -->","yoast_head_json":{"title":"Wa\u0142ek wieloig\u0142owy do masa\u017cu ca\u0142ego cia\u0142a Joga Pi\u0119kna","description":"Zadbaj\u0105 o j\u0119drno\u015b\u0107 n\u00f3g, po\u015bladk\u00f3w i brzucha. Wieloig\u0142owy wa\u0142ek do masa\u017cu Lyapko sprawdza si\u0119 w terapiach leczniczych oraz kosmetycznych.","robots":{"index":"index","follow":"follow","max-snippet":"max-snippet:-1","max-image-preview":"max-image-preview:large","max-video-preview":"max-video-preview:-1"},"canonical":"https:\/\/jogapiekna.com\/en\/product\/masazer-galwaniczny-wieloiglowy-do-masazu-ciala\/","og_locale":"en_GB","og_type":"article","og_title":"Wa\u0142ek wieloig\u0142owy do masa\u017cu ca\u0142ego cia\u0142a Joga Pi\u0119kna","og_description":"Zadbaj\u0105 o j\u0119drno\u015b\u0107 n\u00f3g, po\u015bladk\u00f3w i brzucha. Wieloig\u0142owy wa\u0142ek do masa\u017cu Lyapko sprawdza si\u0119 w terapiach leczniczych oraz kosmetycznych.","og_url":"https:\/\/jogapiekna.com\/en\/product\/masazer-galwaniczny-wieloiglowy-do-masazu-ciala\/","og_site_name":"JOGA PI\u0118KNA | Joga Twarzy","article_publisher":"https:\/\/www.facebook.com\/JogaPieknaCom\/","article_modified_time":"2026-03-14T13:54:37+00:00","og_image":[{"width":1000,"height":1000,"url":"https:\/\/jogapiekna.com\/wp-content\/uploads\/2021\/02\/Masazer-wieloiglowy-do-masazu-ciala-Lyapko-czerwony.jpg","type":"image\/jpeg"}],"twitter_card":"summary_large_image","twitter_misc":{"Estimated reading time":"5 minutes"},"schema":{"@context":"https:\/\/schema.org","@graph":[{"@type":"WebPage","@id":"https:\/\/jogapiekna.com\/produkt\/masazer-galwaniczny-wieloiglowy-do-masazu-ciala\/","url":"https:\/\/jogapiekna.com\/produkt\/masazer-galwaniczny-wieloiglowy-do-masazu-ciala\/","name":"Wa\u0142ek wieloig\u0142owy do masa\u017cu ca\u0142ego cia\u0142a Joga Pi\u0119kna","isPartOf":{"@id":"https:\/\/jogapiekna.com\/#website"},"primaryImageOfPage":{"@id":"https:\/\/jogapiekna.com\/produkt\/masazer-galwaniczny-wieloiglowy-do-masazu-ciala\/#primaryimage"},"image":{"@id":"https:\/\/jogapiekna.com\/produkt\/masazer-galwaniczny-wieloiglowy-do-masazu-ciala\/#primaryimage"},"thumbnailUrl":"https:\/\/jogapiekna.com\/wp-content\/uploads\/2021\/02\/Masazer-wieloiglowy-do-masazu-ciala-Lyapko-czerwony.jpg","datePublished":"2021-02-28T16:22:48+00:00","dateModified":"2026-03-14T13:54:37+00:00","description":"Zadbaj\u0105 o j\u0119drno\u015b\u0107 n\u00f3g, po\u015bladk\u00f3w i brzucha. Wieloig\u0142owy wa\u0142ek do masa\u017cu Lyapko sprawdza si\u0119 w terapiach leczniczych oraz kosmetycznych.","breadcrumb":{"@id":"https:\/\/jogapiekna.com\/produkt\/masazer-galwaniczny-wieloiglowy-do-masazu-ciala\/#breadcrumb"},"inLanguage":"en-GB","potentialAction":[{"@type":"ReadAction","target":["https:\/\/jogapiekna.com\/produkt\/masazer-galwaniczny-wieloiglowy-do-masazu-ciala\/"]}]},{"@type":"ImageObject","inLanguage":"en-GB","@id":"https:\/\/jogapiekna.com\/produkt\/masazer-galwaniczny-wieloiglowy-do-masazu-ciala\/#primaryimage","url":"https:\/\/jogapiekna.com\/wp-content\/uploads\/2021\/02\/Masazer-wieloiglowy-do-masazu-ciala-Lyapko-czerwony.jpg","contentUrl":"https:\/\/jogapiekna.com\/wp-content\/uploads\/2021\/02\/Masazer-wieloiglowy-do-masazu-ciala-Lyapko-czerwony.jpg","width":1000,"height":1000,"caption":"Masa\u017cer wieloig\u0142owy do \u2028masa\u017cu cia\u0142a"},{"@type":"BreadcrumbList","@id":"https:\/\/jogapiekna.com\/produkt\/masazer-galwaniczny-wieloiglowy-do-masazu-ciala\/#breadcrumb","itemListElement":[{"@type":"ListItem","position":1,"name":"Strona g\u0142\u00f3wna","item":"https:\/\/jogapiekna.com\/"},{"@type":"ListItem","position":2,"name":"Sklep","item":"https:\/\/jogapiekna.com\/sklep\/"},{"@type":"ListItem","position":3,"name":"Masa\u017cer wa\u0142ek wieloig\u0142owy do masa\u017cu ca\u0142ego cia\u0142a Lyapco"}]},{"@type":"WebSite","@id":"https:\/\/jogapiekna.com\/#website","url":"https:\/\/jogapiekna.com\/","name":"Yoga Beauty Marta Kuci\u0144ska","description":"Beauty Yoga helps women to maintain their beauty, reverse the signs of passing time and fatigue, regain a radiant appearance, natural smile and improve their self-esteem.","publisher":{"@id":"https:\/\/jogapiekna.com\/#organization"},"potentialAction":[{"@type":"SearchAction","target":{"@type":"EntryPoint","urlTemplate":"https:\/\/jogapiekna.com\/?s={search_term_string}"},"query-input":{"@type":"PropertyValueSpecification","valueRequired":true,"valueName":"search_term_string"}}],"inLanguage":"en-GB"},{"@type":"Organization","@id":"https:\/\/jogapiekna.com\/#organization","name":"Yoga Beauty Marta Kuci\u0144ska","url":"https:\/\/jogapiekna.com\/","logo":{"@type":"ImageObject","inLanguage":"en-GB","@id":"https:\/\/jogapiekna.com\/#\/schema\/logo\/image\/","url":"https:\/\/jogapiekna.com\/wp-content\/uploads\/2022\/09\/joga-piekna-logo_Rka.png","contentUrl":"https:\/\/jogapiekna.com\/wp-content\/uploads\/2022\/09\/joga-piekna-logo_Rka.png","width":231,"height":124,"caption":"Joga Pi\u0119kna Marta Kuci\u0144ska"},"image":{"@id":"https:\/\/jogapiekna.com\/#\/schema\/logo\/image\/"},"sameAs":["https:\/\/www.facebook.com\/JogaPieknaCom\/","https:\/\/www.instagram.com\/jogapieknacom\/"]}]}},"_links":{"self":[{"href":"https:\/\/jogapiekna.com\/en\/wp-json\/wp\/v2\/product\/40745","targetHints":{"allow":["GET"]}}],"collection":[{"href":"https:\/\/jogapiekna.com\/en\/wp-json\/wp\/v2\/product"}],"about":[{"href":"https:\/\/jogapiekna.com\/en\/wp-json\/wp\/v2\/types\/product"}],"replies":[{"embeddable":true,"href":"https:\/\/jogapiekna.com\/en\/wp-json\/wp\/v2\/comments?post=40745"}],"version-history":[{"count":3,"href":"https:\/\/jogapiekna.com\/en\/wp-json\/wp\/v2\/product\/40745\/revisions"}],"predecessor-version":[{"id":206009,"href":"https:\/\/jogapiekna.com\/en\/wp-json\/wp\/v2\/product\/40745\/revisions\/206009"}],"wp:featuredmedia":[{"embeddable":true,"href":"https:\/\/jogapiekna.com\/en\/wp-json\/wp\/v2\/media\/114933"}],"wp:attachment":[{"href":"https:\/\/jogapiekna.com\/en\/wp-json\/wp\/v2\/media?parent=40745"}],"wp:term":[{"taxonomy":"product_brand","embeddable":true,"href":"https:\/\/jogapiekna.com\/en\/wp-json\/wp\/v2\/product_brand?post=40745"},{"taxonomy":"product_cat","embeddable":true,"href":"https:\/\/jogapiekna.com\/en\/wp-json\/wp\/v2\/product_cat?post=40745"},{"taxonomy":"product_tag","embeddable":true,"href":"https:\/\/jogapiekna.com\/en\/wp-json\/wp\/v2\/product_tag?post=40745"}],"curies":[{"name":"wp","href":"https:\/\/api.w.org\/{rel}","templated":true}]}}