{"id":42622,"date":"2021-03-15T10:02:21","date_gmt":"2021-03-15T09:02:21","guid":{"rendered":"https:\/\/jogapiekna.com\/?post_type=product&#038;p=42622"},"modified":"2026-04-08T09:40:38","modified_gmt":"2026-04-08T07:40:38","slug":"olejek-doterra-eukaliptus-cytrynowy","status":"publish","type":"product","link":"https:\/\/jogapiekna.com\/en\/product\/olejek-doterra-eukaliptus-cytrynowy\/","title":{"rendered":"doTERRA Oil * Lemon eucalyptus essential oil * Lemon eucalyptus \u2022 15 ml"},"content":{"rendered":"<p>doTERRA lemon eucalyptus oil is derived from a plant called Corymbia citriodora, a tall, smooth-barked, lemon-scented tree native to Northern Australia. When applied topically, it provides strong skin support. Lemon eucalyptus is known for its refreshing aroma, which helps create a refreshing atmosphere. Always keep this oil close at hand to provide a boost of energy if necessary.<\/p>\n<p><strong>indication: <\/strong><\/p>\n<ul>\n<li>improves your mood<\/li>\n<li>refreshing revenges<\/li>\n<li>skin cleansers<\/li>\n<\/ul>\n<p><strong>How to use:<\/strong><\/p>\n<ul>\n<li>Topical: Massage: Mix 5 drops with 10 ml of carrier oil.<\/li>\n<li>Bath: Mix 5 drops with 5 ml of base oil.<\/li>\n<li>Diffuser: 2 to 3 drops<\/li>\n<\/ul>\n<p><strong>Attention! <\/strong><br \/>\nThis may cause skin irritation. Keep out of reach of children. Consult your doctor if you are pregnant or undergoing treatment. Avoid contact with the eyes, the inside of the ears, and other sensitive areas of the body.<\/p>\n<p><strong>All doTERRA oils are clean and safe. They are certified CPTG (Certified Pure Therapeutic Grade\u00ae) - certified pure therapeutic grade.<\/strong> They can be safely used internally, lubricated the body, and inhaled.<\/p>\n<p><strong>CPTG-Certified Pure Therapeutic Grade (ACKT-Certified Pure therapeutic Grade)<\/strong> doTERRA oils, which makes it absolutely safe to use oils orally (those intended for internal use), as well as in small children.<\/p>\n<p>What does such a certificate mean?<\/p>\n<ul>\n<li>quality without pesticides and heavy metals,<\/li>\n<li>no artificial colors or fillers,<\/li>\n<li>kontrolowane uprawy na obszarach, gdzie naturalnie wyst\u0119puje dana ro\u015blina i zbieranie jej w optymalnym momencie<\/li>\n<li>brak domieszek olejk\u00f3w z innych ro\u015blinnych<\/li>\n<li>brak domieszek olejk\u00f3w syntetycznych<\/li>\n<\/ul>","protected":false},"excerpt":{"rendered":"<p>15 ml \/ 300 drops<\/p>","protected":false},"featured_media":94654,"comment_status":"closed","ping_status":"closed","template":"","meta":{"_acf_changed":false,"site-sidebar-layout":"default","site-content-layout":"","ast-site-content-layout":"default","site-content-style":"default","site-sidebar-style":"default","ast-global-header-display":"","ast-banner-title-visibility":"","ast-main-header-display":"","ast-hfb-above-header-display":"","ast-hfb-below-header-display":"","ast-hfb-mobile-header-display":"","site-post-title":"","ast-breadcrumbs-content":"","ast-featured-img":"","footer-sml-layout":"","ast-disable-related-posts":"","theme-transparent-header-meta":"","adv-header-id-meta":"","stick-header-meta":"","header-above-stick-meta":"","header-main-stick-meta":"","header-below-stick-meta":"","astra-migrate-meta-layouts":"default","ast-page-background-enabled":"default","ast-page-background-meta":{"desktop":{"background-color":"var(--ast-global-color-5)","background-image":"","background-repeat":"repeat","background-position":"center center","background-size":"auto","background-attachment":"scroll","background-type":"","background-media":"","overlay-type":"","overlay-color":"","overlay-opacity":"","overlay-gradient":""},"tablet":{"background-color":"","background-image":"","background-repeat":"repeat","background-position":"center center","background-size":"auto","background-attachment":"scroll","background-type":"","background-media":"","overlay-type":"","overlay-color":"","overlay-opacity":"","overlay-gradient":""},"mobile":{"background-color":"","background-image":"","background-repeat":"repeat","background-position":"center center","background-size":"auto","background-attachment":"scroll","background-type":"","background-media":"","overlay-type":"","overlay-color":"","overlay-opacity":"","overlay-gradient":""}},"ast-content-background-meta":{"desktop":{"background-color":"var(--ast-global-color-4)","background-image":"","background-repeat":"repeat","background-position":"center center","background-size":"auto","background-attachment":"scroll","background-type":"","background-media":"","overlay-type":"","overlay-color":"","overlay-opacity":"","overlay-gradient":""},"tablet":{"background-color":"var(--ast-global-color-4)","background-image":"","background-repeat":"repeat","background-position":"center center","background-size":"auto","background-attachment":"scroll","background-type":"","background-media":"","overlay-type":"","overlay-color":"","overlay-opacity":"","overlay-gradient":""},"mobile":{"background-color":"var(--ast-global-color-4)","background-image":"","background-repeat":"repeat","background-position":"center center","background-size":"auto","background-attachment":"scroll","background-type":"","background-media":"","overlay-type":"","overlay-color":"","overlay-opacity":"","overlay-gradient":""}}},"product_brand":[],"product_cat":[642],"product_tag":[157,144,289,57],"class_list":{"0":"post-42622","1":"product","2":"type-product","3":"status-publish","4":"has-post-thumbnail","6":"product_cat-olejki-eteryczne","7":"product_tag-aromaterapia","8":"product_tag-doterra","9":"product_tag-eukaliptus-cytrynowy","10":"product_tag-olejek-eteryczny","11":"desktop-align-left","12":"tablet-align-left","13":"mobile-align-left","15":"first","16":"outofstock","17":"taxable","18":"shipping-taxable","19":"purchasable","20":"product-type-simple"},"acf":[],"yoast_head":"<!-- This site is optimized with the Yoast SEO plugin v27.2 - https:\/\/yoast.com\/product\/yoast-seo-wordpress\/ -->\n<title>Olejek doTERRA \u2022 Olejek z eukaliptusa cytrynowego \u2022 Lemon Eucalyptus \u2022 15 ml | Joga Pi\u0119kna | Ajurweda<\/title>\n<meta name=\"description\" content=\"Stosowany miejscowo zapewnia silne wsparcie dla sk\u00f3ry. Eukaliptus cytrynowy s\u0142ynie z od\u015bwie\u017caj\u0105cego aromatu, kt\u00f3ry pomaga tworzy\u0107 orze\u017awiaj\u0105c\u0105 atmosfer\u0119.\" \/>\n<meta name=\"robots\" content=\"index, follow, max-snippet:-1, max-image-preview:large, max-video-preview:-1\" \/>\n<link rel=\"canonical\" href=\"https:\/\/jogapiekna.com\/en\/product\/olejek-doterra-eukaliptus-cytrynowy\/\" \/>\n<meta property=\"og:locale\" content=\"en_GB\" \/>\n<meta property=\"og:type\" content=\"article\" \/>\n<meta property=\"og:title\" content=\"Olejek doTERRA \u2022 Olejek z eukaliptusa cytrynowego \u2022 Lemon Eucalyptus \u2022 15 ml | Joga Pi\u0119kna | Ajurweda\" \/>\n<meta property=\"og:description\" content=\"Stosowany miejscowo zapewnia silne wsparcie dla sk\u00f3ry. Eukaliptus cytrynowy s\u0142ynie z od\u015bwie\u017caj\u0105cego aromatu, kt\u00f3ry pomaga tworzy\u0107 orze\u017awiaj\u0105c\u0105 atmosfer\u0119.\" \/>\n<meta property=\"og:url\" content=\"https:\/\/jogapiekna.com\/en\/product\/olejek-doterra-eukaliptus-cytrynowy\/\" \/>\n<meta property=\"og:site_name\" content=\"JOGA PI\u0118KNA | Joga Twarzy\" \/>\n<meta property=\"article:publisher\" content=\"https:\/\/www.facebook.com\/JogaPieknaCom\/\" \/>\n<meta property=\"article:modified_time\" content=\"2026-04-08T07:40:38+00:00\" \/>\n<meta property=\"og:image\" content=\"https:\/\/jogapiekna.com\/wp-content\/uploads\/2019\/02\/jogapiekna_olejek-lemon-eucalyptus-doterra.jpg\" \/>\n\t<meta property=\"og:image:width\" content=\"1000\" \/>\n\t<meta property=\"og:image:height\" content=\"1000\" \/>\n\t<meta property=\"og:image:type\" content=\"image\/jpeg\" \/>\n<meta name=\"twitter:card\" content=\"summary_large_image\" \/>\n<meta name=\"twitter:label1\" content=\"Estimated reading time\" \/>\n\t<meta name=\"twitter:data1\" content=\"2 minutes\" \/>\n<script type=\"application\/ld+json\" class=\"yoast-schema-graph\">{\"@context\":\"https:\/\/schema.org\",\"@graph\":[{\"@type\":\"WebPage\",\"@id\":\"https:\/\/jogapiekna.com\/produkt\/olejek-doterra-eukaliptus-cytrynowy\/\",\"url\":\"https:\/\/jogapiekna.com\/produkt\/olejek-doterra-eukaliptus-cytrynowy\/\",\"name\":\"Olejek doTERRA \u2022 Olejek z eukaliptusa cytrynowego \u2022 Lemon Eucalyptus \u2022 15 ml | Joga Pi\u0119kna | Ajurweda\",\"isPartOf\":{\"@id\":\"https:\/\/jogapiekna.com\/#website\"},\"primaryImageOfPage\":{\"@id\":\"https:\/\/jogapiekna.com\/produkt\/olejek-doterra-eukaliptus-cytrynowy\/#primaryimage\"},\"image\":{\"@id\":\"https:\/\/jogapiekna.com\/produkt\/olejek-doterra-eukaliptus-cytrynowy\/#primaryimage\"},\"thumbnailUrl\":\"https:\/\/jogapiekna.com\/wp-content\/uploads\/2019\/02\/jogapiekna_olejek-lemon-eucalyptus-doterra.jpg\",\"datePublished\":\"2021-03-15T09:02:21+00:00\",\"dateModified\":\"2026-04-08T07:40:38+00:00\",\"description\":\"Stosowany miejscowo zapewnia silne wsparcie dla sk\u00f3ry. Eukaliptus cytrynowy s\u0142ynie z od\u015bwie\u017caj\u0105cego aromatu, kt\u00f3ry pomaga tworzy\u0107 orze\u017awiaj\u0105c\u0105 atmosfer\u0119.\",\"breadcrumb\":{\"@id\":\"https:\/\/jogapiekna.com\/produkt\/olejek-doterra-eukaliptus-cytrynowy\/#breadcrumb\"},\"inLanguage\":\"en-GB\",\"potentialAction\":[{\"@type\":\"ReadAction\",\"target\":[\"https:\/\/jogapiekna.com\/produkt\/olejek-doterra-eukaliptus-cytrynowy\/\"]}]},{\"@type\":\"ImageObject\",\"inLanguage\":\"en-GB\",\"@id\":\"https:\/\/jogapiekna.com\/produkt\/olejek-doterra-eukaliptus-cytrynowy\/#primaryimage\",\"url\":\"https:\/\/jogapiekna.com\/wp-content\/uploads\/2019\/02\/jogapiekna_olejek-lemon-eucalyptus-doterra.jpg\",\"contentUrl\":\"https:\/\/jogapiekna.com\/wp-content\/uploads\/2019\/02\/jogapiekna_olejek-lemon-eucalyptus-doterra.jpg\",\"width\":1000,\"height\":1000,\"caption\":\"Olejek doTERRA \u2022 Olejek z eukaliptusa cytrynowego \u2022 Lemon Eucalyptus \u2022 15 ml\"},{\"@type\":\"BreadcrumbList\",\"@id\":\"https:\/\/jogapiekna.com\/produkt\/olejek-doterra-eukaliptus-cytrynowy\/#breadcrumb\",\"itemListElement\":[{\"@type\":\"ListItem\",\"position\":1,\"name\":\"Strona g\u0142\u00f3wna\",\"item\":\"https:\/\/jogapiekna.com\/\"},{\"@type\":\"ListItem\",\"position\":2,\"name\":\"Sklep\",\"item\":\"https:\/\/jogapiekna.com\/sklep\/\"},{\"@type\":\"ListItem\",\"position\":3,\"name\":\"Olejek doTERRA \u2022 Olejek z eukaliptusa cytrynowego \u2022 Lemon Eucalyptus \u2022 15 ml\"}]},{\"@type\":\"WebSite\",\"@id\":\"https:\/\/jogapiekna.com\/#website\",\"url\":\"https:\/\/jogapiekna.com\/\",\"name\":\"Joga Pi\u0119kna Marta Kuci\u0144ska\",\"description\":\"Joga Pi\u0119kna pomaga kobietom zachowa\u0107 urod\u0119, cofn\u0105\u0107 oznaki up\u0142ywaj\u0105cego czasu i zm\u0119czenia, odzyska\u0107 promienny wygl\u0105d, naturalny u\u015bmiech i popraw\u0119 w\u0142asnej samooceny.\",\"publisher\":{\"@id\":\"https:\/\/jogapiekna.com\/#organization\"},\"potentialAction\":[{\"@type\":\"SearchAction\",\"target\":{\"@type\":\"EntryPoint\",\"urlTemplate\":\"https:\/\/jogapiekna.com\/?s={search_term_string}\"},\"query-input\":{\"@type\":\"PropertyValueSpecification\",\"valueRequired\":true,\"valueName\":\"search_term_string\"}}],\"inLanguage\":\"en-GB\"},{\"@type\":\"Organization\",\"@id\":\"https:\/\/jogapiekna.com\/#organization\",\"name\":\"Joga Pi\u0119kna Marta Kuci\u0144ska\",\"url\":\"https:\/\/jogapiekna.com\/\",\"logo\":{\"@type\":\"ImageObject\",\"inLanguage\":\"en-GB\",\"@id\":\"https:\/\/jogapiekna.com\/#\/schema\/logo\/image\/\",\"url\":\"https:\/\/jogapiekna.com\/wp-content\/uploads\/2022\/09\/joga-piekna-logo_Rka.png\",\"contentUrl\":\"https:\/\/jogapiekna.com\/wp-content\/uploads\/2022\/09\/joga-piekna-logo_Rka.png\",\"width\":231,\"height\":124,\"caption\":\"Joga Pi\u0119kna Marta Kuci\u0144ska\"},\"image\":{\"@id\":\"https:\/\/jogapiekna.com\/#\/schema\/logo\/image\/\"},\"sameAs\":[\"https:\/\/www.facebook.com\/JogaPieknaCom\/\",\"https:\/\/www.instagram.com\/jogapieknacom\/\"]}]}<\/script>\n<!-- \/ Yoast SEO plugin. -->","yoast_head_json":{"title":"Olejek doTERRA \u2022 Olejek z eukaliptusa cytrynowego \u2022 Lemon Eucalyptus \u2022 15 ml | Joga Pi\u0119kna | Ajurweda","description":"Stosowany miejscowo zapewnia silne wsparcie dla sk\u00f3ry. Eukaliptus cytrynowy s\u0142ynie z od\u015bwie\u017caj\u0105cego aromatu, kt\u00f3ry pomaga tworzy\u0107 orze\u017awiaj\u0105c\u0105 atmosfer\u0119.","robots":{"index":"index","follow":"follow","max-snippet":"max-snippet:-1","max-image-preview":"max-image-preview:large","max-video-preview":"max-video-preview:-1"},"canonical":"https:\/\/jogapiekna.com\/en\/product\/olejek-doterra-eukaliptus-cytrynowy\/","og_locale":"en_GB","og_type":"article","og_title":"Olejek doTERRA \u2022 Olejek z eukaliptusa cytrynowego \u2022 Lemon Eucalyptus \u2022 15 ml | Joga Pi\u0119kna | Ajurweda","og_description":"Stosowany miejscowo zapewnia silne wsparcie dla sk\u00f3ry. Eukaliptus cytrynowy s\u0142ynie z od\u015bwie\u017caj\u0105cego aromatu, kt\u00f3ry pomaga tworzy\u0107 orze\u017awiaj\u0105c\u0105 atmosfer\u0119.","og_url":"https:\/\/jogapiekna.com\/en\/product\/olejek-doterra-eukaliptus-cytrynowy\/","og_site_name":"JOGA PI\u0118KNA | Joga Twarzy","article_publisher":"https:\/\/www.facebook.com\/JogaPieknaCom\/","article_modified_time":"2026-04-08T07:40:38+00:00","og_image":[{"width":1000,"height":1000,"url":"https:\/\/jogapiekna.com\/wp-content\/uploads\/2019\/02\/jogapiekna_olejek-lemon-eucalyptus-doterra.jpg","type":"image\/jpeg"}],"twitter_card":"summary_large_image","twitter_misc":{"Estimated reading time":"2 minutes"},"schema":{"@context":"https:\/\/schema.org","@graph":[{"@type":"WebPage","@id":"https:\/\/jogapiekna.com\/produkt\/olejek-doterra-eukaliptus-cytrynowy\/","url":"https:\/\/jogapiekna.com\/produkt\/olejek-doterra-eukaliptus-cytrynowy\/","name":"Olejek doTERRA \u2022 Olejek z eukaliptusa cytrynowego \u2022 Lemon Eucalyptus \u2022 15 ml | Joga Pi\u0119kna | Ajurweda","isPartOf":{"@id":"https:\/\/jogapiekna.com\/#website"},"primaryImageOfPage":{"@id":"https:\/\/jogapiekna.com\/produkt\/olejek-doterra-eukaliptus-cytrynowy\/#primaryimage"},"image":{"@id":"https:\/\/jogapiekna.com\/produkt\/olejek-doterra-eukaliptus-cytrynowy\/#primaryimage"},"thumbnailUrl":"https:\/\/jogapiekna.com\/wp-content\/uploads\/2019\/02\/jogapiekna_olejek-lemon-eucalyptus-doterra.jpg","datePublished":"2021-03-15T09:02:21+00:00","dateModified":"2026-04-08T07:40:38+00:00","description":"Stosowany miejscowo zapewnia silne wsparcie dla sk\u00f3ry. Eukaliptus cytrynowy s\u0142ynie z od\u015bwie\u017caj\u0105cego aromatu, kt\u00f3ry pomaga tworzy\u0107 orze\u017awiaj\u0105c\u0105 atmosfer\u0119.","breadcrumb":{"@id":"https:\/\/jogapiekna.com\/produkt\/olejek-doterra-eukaliptus-cytrynowy\/#breadcrumb"},"inLanguage":"en-GB","potentialAction":[{"@type":"ReadAction","target":["https:\/\/jogapiekna.com\/produkt\/olejek-doterra-eukaliptus-cytrynowy\/"]}]},{"@type":"ImageObject","inLanguage":"en-GB","@id":"https:\/\/jogapiekna.com\/produkt\/olejek-doterra-eukaliptus-cytrynowy\/#primaryimage","url":"https:\/\/jogapiekna.com\/wp-content\/uploads\/2019\/02\/jogapiekna_olejek-lemon-eucalyptus-doterra.jpg","contentUrl":"https:\/\/jogapiekna.com\/wp-content\/uploads\/2019\/02\/jogapiekna_olejek-lemon-eucalyptus-doterra.jpg","width":1000,"height":1000,"caption":"Olejek doTERRA \u2022 Olejek z eukaliptusa cytrynowego \u2022 Lemon Eucalyptus \u2022 15 ml"},{"@type":"BreadcrumbList","@id":"https:\/\/jogapiekna.com\/produkt\/olejek-doterra-eukaliptus-cytrynowy\/#breadcrumb","itemListElement":[{"@type":"ListItem","position":1,"name":"Strona g\u0142\u00f3wna","item":"https:\/\/jogapiekna.com\/"},{"@type":"ListItem","position":2,"name":"Sklep","item":"https:\/\/jogapiekna.com\/sklep\/"},{"@type":"ListItem","position":3,"name":"Olejek doTERRA \u2022 Olejek z eukaliptusa cytrynowego \u2022 Lemon Eucalyptus \u2022 15 ml"}]},{"@type":"WebSite","@id":"https:\/\/jogapiekna.com\/#website","url":"https:\/\/jogapiekna.com\/","name":"Yoga Beauty Marta Kuci\u0144ska","description":"Beauty Yoga helps women to maintain their beauty, reverse the signs of passing time and fatigue, regain a radiant appearance, natural smile and improve their self-esteem.","publisher":{"@id":"https:\/\/jogapiekna.com\/#organization"},"potentialAction":[{"@type":"SearchAction","target":{"@type":"EntryPoint","urlTemplate":"https:\/\/jogapiekna.com\/?s={search_term_string}"},"query-input":{"@type":"PropertyValueSpecification","valueRequired":true,"valueName":"search_term_string"}}],"inLanguage":"en-GB"},{"@type":"Organization","@id":"https:\/\/jogapiekna.com\/#organization","name":"Yoga Beauty Marta Kuci\u0144ska","url":"https:\/\/jogapiekna.com\/","logo":{"@type":"ImageObject","inLanguage":"en-GB","@id":"https:\/\/jogapiekna.com\/#\/schema\/logo\/image\/","url":"https:\/\/jogapiekna.com\/wp-content\/uploads\/2022\/09\/joga-piekna-logo_Rka.png","contentUrl":"https:\/\/jogapiekna.com\/wp-content\/uploads\/2022\/09\/joga-piekna-logo_Rka.png","width":231,"height":124,"caption":"Joga Pi\u0119kna Marta Kuci\u0144ska"},"image":{"@id":"https:\/\/jogapiekna.com\/#\/schema\/logo\/image\/"},"sameAs":["https:\/\/www.facebook.com\/JogaPieknaCom\/","https:\/\/www.instagram.com\/jogapieknacom\/"]}]}},"_links":{"self":[{"href":"https:\/\/jogapiekna.com\/en\/wp-json\/wp\/v2\/product\/42622","targetHints":{"allow":["GET"]}}],"collection":[{"href":"https:\/\/jogapiekna.com\/en\/wp-json\/wp\/v2\/product"}],"about":[{"href":"https:\/\/jogapiekna.com\/en\/wp-json\/wp\/v2\/types\/product"}],"replies":[{"embeddable":true,"href":"https:\/\/jogapiekna.com\/en\/wp-json\/wp\/v2\/comments?post=42622"}],"version-history":[{"count":2,"href":"https:\/\/jogapiekna.com\/en\/wp-json\/wp\/v2\/product\/42622\/revisions"}],"predecessor-version":[{"id":211239,"href":"https:\/\/jogapiekna.com\/en\/wp-json\/wp\/v2\/product\/42622\/revisions\/211239"}],"wp:featuredmedia":[{"embeddable":true,"href":"https:\/\/jogapiekna.com\/en\/wp-json\/wp\/v2\/media\/94654"}],"wp:attachment":[{"href":"https:\/\/jogapiekna.com\/en\/wp-json\/wp\/v2\/media?parent=42622"}],"wp:term":[{"taxonomy":"product_brand","embeddable":true,"href":"https:\/\/jogapiekna.com\/en\/wp-json\/wp\/v2\/product_brand?post=42622"},{"taxonomy":"product_cat","embeddable":true,"href":"https:\/\/jogapiekna.com\/en\/wp-json\/wp\/v2\/product_cat?post=42622"},{"taxonomy":"product_tag","embeddable":true,"href":"https:\/\/jogapiekna.com\/en\/wp-json\/wp\/v2\/product_tag?post=42622"}],"curies":[{"name":"wp","href":"https:\/\/api.w.org\/{rel}","templated":true}]}}