{"id":43598,"date":"2021-03-24T11:43:00","date_gmt":"2021-03-24T10:43:00","guid":{"rendered":"https:\/\/jogapiekna.com\/?post_type=product&#038;p=43598"},"modified":"2026-03-24T13:19:18","modified_gmt":"2026-03-24T12:19:18","slug":"pedzel-joga-piekna-do-nakladania-maseczek","status":"publish","type":"product","link":"https:\/\/jogapiekna.com\/en\/product\/pedzel-joga-piekna-do-nakladania-maseczek\/","title":{"rendered":"Beauty Yoga Brush for Applying Masks"},"content":{"rendered":"<p>The Yoga Beauty mask brush is the perfect solution for precise application of ready-made masks, as well as for self-manufacturing. Due to the correct shape of the &#034;hairs&#034; in the brush, applying the mask is pleasant and easy, even in hard-to-reach places, such as the wings of the nose.<\/p>\n<p>&nbsp;<\/p>\n<h2>Why use a face brush?<\/h2>\n<ul>\n<li>allows precise application of cosmetics in hard-to-reach areas<\/li>\n<li>keep your hands and nails clean when applying the mask<\/li>\n<li>the method of applying the mask with a brush is more hygienic<\/li>\n<li>the synthetic bristles of the brush are shaped to ensure even and fast application of cosmetics to the face, neck and decollete.<\/li>\n<li>applying masks with a brush increases the effectiveness of the cosmetic product<\/li>\n<\/ul>\n<p>&nbsp;<\/p>\n<h2>How do I clean my face brush?<\/h2>\n<p>After each use of the brush, wash it thoroughly with water and dish washing gel or mild shampoo. Then the brush must be dried.<\/p>\n<p><strong>Material:<\/strong> synthetic bristles, wooden handle<\/p>","protected":false},"excerpt":{"rendered":"<p>Applying a face mask or clay to your face has never been more convenient. The Yoga Beauty Face Brush allows you to quickly and accurately apply your chosen makeup to your face, neck and decollete.<\/p>\n<p><strong>material:<\/strong> synthetic bristles, wooden handle<\/p>","protected":false},"featured_media":94300,"comment_status":"closed","ping_status":"closed","template":"","meta":{"_acf_changed":false,"site-sidebar-layout":"default","site-content-layout":"","ast-site-content-layout":"default","site-content-style":"default","site-sidebar-style":"default","ast-global-header-display":"","ast-banner-title-visibility":"","ast-main-header-display":"","ast-hfb-above-header-display":"","ast-hfb-below-header-display":"","ast-hfb-mobile-header-display":"","site-post-title":"","ast-breadcrumbs-content":"","ast-featured-img":"","footer-sml-layout":"","ast-disable-related-posts":"","theme-transparent-header-meta":"","adv-header-id-meta":"","stick-header-meta":"","header-above-stick-meta":"","header-main-stick-meta":"","header-below-stick-meta":"","astra-migrate-meta-layouts":"default","ast-page-background-enabled":"default","ast-page-background-meta":{"desktop":{"background-color":"var(--ast-global-color-5)","background-image":"","background-repeat":"repeat","background-position":"center center","background-size":"auto","background-attachment":"scroll","background-type":"","background-media":"","overlay-type":"","overlay-color":"","overlay-opacity":"","overlay-gradient":""},"tablet":{"background-color":"","background-image":"","background-repeat":"repeat","background-position":"center center","background-size":"auto","background-attachment":"scroll","background-type":"","background-media":"","overlay-type":"","overlay-color":"","overlay-opacity":"","overlay-gradient":""},"mobile":{"background-color":"","background-image":"","background-repeat":"repeat","background-position":"center center","background-size":"auto","background-attachment":"scroll","background-type":"","background-media":"","overlay-type":"","overlay-color":"","overlay-opacity":"","overlay-gradient":""}},"ast-content-background-meta":{"desktop":{"background-color":"var(--ast-global-color-4)","background-image":"","background-repeat":"repeat","background-position":"center center","background-size":"auto","background-attachment":"scroll","background-type":"","background-media":"","overlay-type":"","overlay-color":"","overlay-opacity":"","overlay-gradient":""},"tablet":{"background-color":"var(--ast-global-color-4)","background-image":"","background-repeat":"repeat","background-position":"center center","background-size":"auto","background-attachment":"scroll","background-type":"","background-media":"","overlay-type":"","overlay-color":"","overlay-opacity":"","overlay-gradient":""},"mobile":{"background-color":"var(--ast-global-color-4)","background-image":"","background-repeat":"repeat","background-position":"center center","background-size":"auto","background-attachment":"scroll","background-type":"","background-media":"","overlay-type":"","overlay-color":"","overlay-opacity":"","overlay-gradient":""}}},"product_brand":[],"product_cat":[21,618,610],"product_tag":[250,41,294,295],"class_list":{"0":"post-43598","1":"product","2":"type-product","3":"status-publish","4":"has-post-thumbnail","6":"product_cat-akcesoria","7":"product_cat-inne","8":"product_cat-masaz-twarzy-i-szyi","9":"product_tag-akcesoria","10":"product_tag-joga-twarzy","11":"product_tag-maseczka","12":"product_tag-pedzel","13":"desktop-align-left","14":"tablet-align-left","15":"mobile-align-left","17":"first","18":"instock","19":"taxable","20":"shipping-taxable","21":"purchasable","22":"product-type-simple"},"acf":[],"yoast_head":"<!-- This site is optimized with the Yoast SEO plugin v27.2 - https:\/\/yoast.com\/product\/yoast-seo-wordpress\/ -->\n<title>P\u0119dzel do maseczek Joga Pi\u0119kna<\/title>\n<meta name=\"description\" content=\"P\u0119dzel do nak\u0142adania maseczek Joga Pi\u0119kna pozwoli Ci na precyzyjn\u0105, szybk\u0105 i komfortow\u0105 aplikacj\u0119 kosmetyk\u00f3w na twarz, szyj\u0119 i cia\u0142o. Zam\u00f3w teraz!\" \/>\n<meta name=\"robots\" content=\"index, follow, max-snippet:-1, max-image-preview:large, max-video-preview:-1\" \/>\n<link rel=\"canonical\" href=\"https:\/\/jogapiekna.com\/en\/product\/pedzel-joga-piekna-do-nakladania-maseczek\/\" \/>\n<meta property=\"og:locale\" content=\"en_GB\" \/>\n<meta property=\"og:type\" content=\"article\" \/>\n<meta property=\"og:title\" content=\"P\u0119dzel do maseczek Joga Pi\u0119kna\" \/>\n<meta property=\"og:description\" content=\"P\u0119dzel do nak\u0142adania maseczek Joga Pi\u0119kna pozwoli Ci na precyzyjn\u0105, szybk\u0105 i komfortow\u0105 aplikacj\u0119 kosmetyk\u00f3w na twarz, szyj\u0119 i cia\u0142o. Zam\u00f3w teraz!\" \/>\n<meta property=\"og:url\" content=\"https:\/\/jogapiekna.com\/en\/product\/pedzel-joga-piekna-do-nakladania-maseczek\/\" \/>\n<meta property=\"og:site_name\" content=\"JOGA PI\u0118KNA | Joga Twarzy\" \/>\n<meta property=\"article:publisher\" content=\"https:\/\/www.facebook.com\/JogaPieknaCom\/\" \/>\n<meta property=\"article:modified_time\" content=\"2026-03-24T12:19:18+00:00\" \/>\n<meta property=\"og:image\" content=\"https:\/\/jogapiekna.com\/wp-content\/uploads\/2021\/03\/Pedzel-Joga-Piekna_do-nakladania-maseczek.jpg\" \/>\n\t<meta property=\"og:image:width\" content=\"1000\" \/>\n\t<meta property=\"og:image:height\" content=\"1000\" \/>\n\t<meta property=\"og:image:type\" content=\"image\/jpeg\" \/>\n<meta name=\"twitter:card\" content=\"summary_large_image\" \/>\n<meta name=\"twitter:label1\" content=\"Estimated reading time\" \/>\n\t<meta name=\"twitter:data1\" content=\"1 minute\" \/>\n<script type=\"application\/ld+json\" class=\"yoast-schema-graph\">{\"@context\":\"https:\/\/schema.org\",\"@graph\":[{\"@type\":\"WebPage\",\"@id\":\"https:\/\/jogapiekna.com\/produkt\/pedzel-joga-piekna-do-nakladania-maseczek\/\",\"url\":\"https:\/\/jogapiekna.com\/produkt\/pedzel-joga-piekna-do-nakladania-maseczek\/\",\"name\":\"P\u0119dzel do maseczek Joga Pi\u0119kna\",\"isPartOf\":{\"@id\":\"https:\/\/jogapiekna.com\/#website\"},\"primaryImageOfPage\":{\"@id\":\"https:\/\/jogapiekna.com\/produkt\/pedzel-joga-piekna-do-nakladania-maseczek\/#primaryimage\"},\"image\":{\"@id\":\"https:\/\/jogapiekna.com\/produkt\/pedzel-joga-piekna-do-nakladania-maseczek\/#primaryimage\"},\"thumbnailUrl\":\"https:\/\/jogapiekna.com\/wp-content\/uploads\/2021\/03\/Pedzel-Joga-Piekna_do-nakladania-maseczek.jpg\",\"datePublished\":\"2021-03-24T10:43:00+00:00\",\"dateModified\":\"2026-03-24T12:19:18+00:00\",\"description\":\"P\u0119dzel do nak\u0142adania maseczek Joga Pi\u0119kna pozwoli Ci na precyzyjn\u0105, szybk\u0105 i komfortow\u0105 aplikacj\u0119 kosmetyk\u00f3w na twarz, szyj\u0119 i cia\u0142o. Zam\u00f3w teraz!\",\"breadcrumb\":{\"@id\":\"https:\/\/jogapiekna.com\/produkt\/pedzel-joga-piekna-do-nakladania-maseczek\/#breadcrumb\"},\"inLanguage\":\"en-GB\",\"potentialAction\":[{\"@type\":\"ReadAction\",\"target\":[\"https:\/\/jogapiekna.com\/produkt\/pedzel-joga-piekna-do-nakladania-maseczek\/\"]}]},{\"@type\":\"ImageObject\",\"inLanguage\":\"en-GB\",\"@id\":\"https:\/\/jogapiekna.com\/produkt\/pedzel-joga-piekna-do-nakladania-maseczek\/#primaryimage\",\"url\":\"https:\/\/jogapiekna.com\/wp-content\/uploads\/2021\/03\/Pedzel-Joga-Piekna_do-nakladania-maseczek.jpg\",\"contentUrl\":\"https:\/\/jogapiekna.com\/wp-content\/uploads\/2021\/03\/Pedzel-Joga-Piekna_do-nakladania-maseczek.jpg\",\"width\":1000,\"height\":1000,\"caption\":\"P\u0119dzel do maseczek Joga Pi\u0119kna\u00a0\"},{\"@type\":\"BreadcrumbList\",\"@id\":\"https:\/\/jogapiekna.com\/produkt\/pedzel-joga-piekna-do-nakladania-maseczek\/#breadcrumb\",\"itemListElement\":[{\"@type\":\"ListItem\",\"position\":1,\"name\":\"Strona g\u0142\u00f3wna\",\"item\":\"https:\/\/jogapiekna.com\/\"},{\"@type\":\"ListItem\",\"position\":2,\"name\":\"Sklep\",\"item\":\"https:\/\/jogapiekna.com\/sklep\/\"},{\"@type\":\"ListItem\",\"position\":3,\"name\":\"P\u0119dzel Joga Pi\u0119kna do nak\u0142adania maseczek\"}]},{\"@type\":\"WebSite\",\"@id\":\"https:\/\/jogapiekna.com\/#website\",\"url\":\"https:\/\/jogapiekna.com\/\",\"name\":\"Joga Pi\u0119kna Marta Kuci\u0144ska\",\"description\":\"Joga Pi\u0119kna pomaga kobietom zachowa\u0107 urod\u0119, cofn\u0105\u0107 oznaki up\u0142ywaj\u0105cego czasu i zm\u0119czenia, odzyska\u0107 promienny wygl\u0105d, naturalny u\u015bmiech i popraw\u0119 w\u0142asnej samooceny.\",\"publisher\":{\"@id\":\"https:\/\/jogapiekna.com\/#organization\"},\"potentialAction\":[{\"@type\":\"SearchAction\",\"target\":{\"@type\":\"EntryPoint\",\"urlTemplate\":\"https:\/\/jogapiekna.com\/?s={search_term_string}\"},\"query-input\":{\"@type\":\"PropertyValueSpecification\",\"valueRequired\":true,\"valueName\":\"search_term_string\"}}],\"inLanguage\":\"en-GB\"},{\"@type\":\"Organization\",\"@id\":\"https:\/\/jogapiekna.com\/#organization\",\"name\":\"Joga Pi\u0119kna Marta Kuci\u0144ska\",\"url\":\"https:\/\/jogapiekna.com\/\",\"logo\":{\"@type\":\"ImageObject\",\"inLanguage\":\"en-GB\",\"@id\":\"https:\/\/jogapiekna.com\/#\/schema\/logo\/image\/\",\"url\":\"https:\/\/jogapiekna.com\/wp-content\/uploads\/2022\/09\/joga-piekna-logo_Rka.png\",\"contentUrl\":\"https:\/\/jogapiekna.com\/wp-content\/uploads\/2022\/09\/joga-piekna-logo_Rka.png\",\"width\":231,\"height\":124,\"caption\":\"Joga Pi\u0119kna Marta Kuci\u0144ska\"},\"image\":{\"@id\":\"https:\/\/jogapiekna.com\/#\/schema\/logo\/image\/\"},\"sameAs\":[\"https:\/\/www.facebook.com\/JogaPieknaCom\/\",\"https:\/\/www.instagram.com\/jogapieknacom\/\"]}]}<\/script>\n<!-- \/ Yoast SEO plugin. -->","yoast_head_json":{"title":"P\u0119dzel do maseczek Joga Pi\u0119kna","description":"P\u0119dzel do nak\u0142adania maseczek Joga Pi\u0119kna pozwoli Ci na precyzyjn\u0105, szybk\u0105 i komfortow\u0105 aplikacj\u0119 kosmetyk\u00f3w na twarz, szyj\u0119 i cia\u0142o. Zam\u00f3w teraz!","robots":{"index":"index","follow":"follow","max-snippet":"max-snippet:-1","max-image-preview":"max-image-preview:large","max-video-preview":"max-video-preview:-1"},"canonical":"https:\/\/jogapiekna.com\/en\/product\/pedzel-joga-piekna-do-nakladania-maseczek\/","og_locale":"en_GB","og_type":"article","og_title":"P\u0119dzel do maseczek Joga Pi\u0119kna","og_description":"P\u0119dzel do nak\u0142adania maseczek Joga Pi\u0119kna pozwoli Ci na precyzyjn\u0105, szybk\u0105 i komfortow\u0105 aplikacj\u0119 kosmetyk\u00f3w na twarz, szyj\u0119 i cia\u0142o. Zam\u00f3w teraz!","og_url":"https:\/\/jogapiekna.com\/en\/product\/pedzel-joga-piekna-do-nakladania-maseczek\/","og_site_name":"JOGA PI\u0118KNA | Joga Twarzy","article_publisher":"https:\/\/www.facebook.com\/JogaPieknaCom\/","article_modified_time":"2026-03-24T12:19:18+00:00","og_image":[{"width":1000,"height":1000,"url":"https:\/\/jogapiekna.com\/wp-content\/uploads\/2021\/03\/Pedzel-Joga-Piekna_do-nakladania-maseczek.jpg","type":"image\/jpeg"}],"twitter_card":"summary_large_image","twitter_misc":{"Estimated reading time":"1 minute"},"schema":{"@context":"https:\/\/schema.org","@graph":[{"@type":"WebPage","@id":"https:\/\/jogapiekna.com\/produkt\/pedzel-joga-piekna-do-nakladania-maseczek\/","url":"https:\/\/jogapiekna.com\/produkt\/pedzel-joga-piekna-do-nakladania-maseczek\/","name":"P\u0119dzel do maseczek Joga Pi\u0119kna","isPartOf":{"@id":"https:\/\/jogapiekna.com\/#website"},"primaryImageOfPage":{"@id":"https:\/\/jogapiekna.com\/produkt\/pedzel-joga-piekna-do-nakladania-maseczek\/#primaryimage"},"image":{"@id":"https:\/\/jogapiekna.com\/produkt\/pedzel-joga-piekna-do-nakladania-maseczek\/#primaryimage"},"thumbnailUrl":"https:\/\/jogapiekna.com\/wp-content\/uploads\/2021\/03\/Pedzel-Joga-Piekna_do-nakladania-maseczek.jpg","datePublished":"2021-03-24T10:43:00+00:00","dateModified":"2026-03-24T12:19:18+00:00","description":"P\u0119dzel do nak\u0142adania maseczek Joga Pi\u0119kna pozwoli Ci na precyzyjn\u0105, szybk\u0105 i komfortow\u0105 aplikacj\u0119 kosmetyk\u00f3w na twarz, szyj\u0119 i cia\u0142o. Zam\u00f3w teraz!","breadcrumb":{"@id":"https:\/\/jogapiekna.com\/produkt\/pedzel-joga-piekna-do-nakladania-maseczek\/#breadcrumb"},"inLanguage":"en-GB","potentialAction":[{"@type":"ReadAction","target":["https:\/\/jogapiekna.com\/produkt\/pedzel-joga-piekna-do-nakladania-maseczek\/"]}]},{"@type":"ImageObject","inLanguage":"en-GB","@id":"https:\/\/jogapiekna.com\/produkt\/pedzel-joga-piekna-do-nakladania-maseczek\/#primaryimage","url":"https:\/\/jogapiekna.com\/wp-content\/uploads\/2021\/03\/Pedzel-Joga-Piekna_do-nakladania-maseczek.jpg","contentUrl":"https:\/\/jogapiekna.com\/wp-content\/uploads\/2021\/03\/Pedzel-Joga-Piekna_do-nakladania-maseczek.jpg","width":1000,"height":1000,"caption":"P\u0119dzel do maseczek Joga Pi\u0119kna\u00a0"},{"@type":"BreadcrumbList","@id":"https:\/\/jogapiekna.com\/produkt\/pedzel-joga-piekna-do-nakladania-maseczek\/#breadcrumb","itemListElement":[{"@type":"ListItem","position":1,"name":"Strona g\u0142\u00f3wna","item":"https:\/\/jogapiekna.com\/"},{"@type":"ListItem","position":2,"name":"Sklep","item":"https:\/\/jogapiekna.com\/sklep\/"},{"@type":"ListItem","position":3,"name":"P\u0119dzel Joga Pi\u0119kna do nak\u0142adania maseczek"}]},{"@type":"WebSite","@id":"https:\/\/jogapiekna.com\/#website","url":"https:\/\/jogapiekna.com\/","name":"Yoga Beauty Marta Kuci\u0144ska","description":"Beauty Yoga helps women to maintain their beauty, reverse the signs of passing time and fatigue, regain a radiant appearance, natural smile and improve their self-esteem.","publisher":{"@id":"https:\/\/jogapiekna.com\/#organization"},"potentialAction":[{"@type":"SearchAction","target":{"@type":"EntryPoint","urlTemplate":"https:\/\/jogapiekna.com\/?s={search_term_string}"},"query-input":{"@type":"PropertyValueSpecification","valueRequired":true,"valueName":"search_term_string"}}],"inLanguage":"en-GB"},{"@type":"Organization","@id":"https:\/\/jogapiekna.com\/#organization","name":"Yoga Beauty Marta Kuci\u0144ska","url":"https:\/\/jogapiekna.com\/","logo":{"@type":"ImageObject","inLanguage":"en-GB","@id":"https:\/\/jogapiekna.com\/#\/schema\/logo\/image\/","url":"https:\/\/jogapiekna.com\/wp-content\/uploads\/2022\/09\/joga-piekna-logo_Rka.png","contentUrl":"https:\/\/jogapiekna.com\/wp-content\/uploads\/2022\/09\/joga-piekna-logo_Rka.png","width":231,"height":124,"caption":"Joga Pi\u0119kna Marta Kuci\u0144ska"},"image":{"@id":"https:\/\/jogapiekna.com\/#\/schema\/logo\/image\/"},"sameAs":["https:\/\/www.facebook.com\/JogaPieknaCom\/","https:\/\/www.instagram.com\/jogapieknacom\/"]}]}},"_links":{"self":[{"href":"https:\/\/jogapiekna.com\/en\/wp-json\/wp\/v2\/product\/43598","targetHints":{"allow":["GET"]}}],"collection":[{"href":"https:\/\/jogapiekna.com\/en\/wp-json\/wp\/v2\/product"}],"about":[{"href":"https:\/\/jogapiekna.com\/en\/wp-json\/wp\/v2\/types\/product"}],"replies":[{"embeddable":true,"href":"https:\/\/jogapiekna.com\/en\/wp-json\/wp\/v2\/comments?post=43598"}],"version-history":[{"count":2,"href":"https:\/\/jogapiekna.com\/en\/wp-json\/wp\/v2\/product\/43598\/revisions"}],"predecessor-version":[{"id":219290,"href":"https:\/\/jogapiekna.com\/en\/wp-json\/wp\/v2\/product\/43598\/revisions\/219290"}],"wp:featuredmedia":[{"embeddable":true,"href":"https:\/\/jogapiekna.com\/en\/wp-json\/wp\/v2\/media\/94300"}],"wp:attachment":[{"href":"https:\/\/jogapiekna.com\/en\/wp-json\/wp\/v2\/media?parent=43598"}],"wp:term":[{"taxonomy":"product_brand","embeddable":true,"href":"https:\/\/jogapiekna.com\/en\/wp-json\/wp\/v2\/product_brand?post=43598"},{"taxonomy":"product_cat","embeddable":true,"href":"https:\/\/jogapiekna.com\/en\/wp-json\/wp\/v2\/product_cat?post=43598"},{"taxonomy":"product_tag","embeddable":true,"href":"https:\/\/jogapiekna.com\/en\/wp-json\/wp\/v2\/product_tag?post=43598"}],"curies":[{"name":"wp","href":"https:\/\/api.w.org\/{rel}","templated":true}]}}