{"id":45246,"date":"2021-04-12T00:26:59","date_gmt":"2021-04-11T22:26:59","guid":{"rendered":"https:\/\/jogapiekna.com\/?post_type=product&#038;p=45246"},"modified":"2026-04-12T10:16:36","modified_gmt":"2026-04-12T08:16:36","slug":"poduszka-antyzmarszczkowa-mini-bye-bye-wrinkles-joga-piekna-z-poszewka-jedwabna","status":"publish","type":"product","link":"https:\/\/jogapiekna.com\/en\/product\/poduszka-antyzmarszczkowa-mini-bye-bye-wrinkles-joga-piekna-z-poszewka-jedwabna\/","title":{"rendered":"Anti-wrinkle cushion MINI - a small pillow with a silk cover - classic filling"},"content":{"rendered":"<h2>Jasiek pillow <em>Bye Bye Wrinkles<\/em> Mini with silk pillowcase<\/h2>\n<p>If you have creases and puffiness on your face in the morning, take a closer look at your habits at night. This is probably <strong>the effect of sleeping on your side or stomach<\/strong>, that is, in the positions that most people choose. This arrangement contributes to the formation and deepening of sleepy wrinkles, which most often appear in the eye area, on the cheeks, chin and in the form of lion wrinkles between the eyebrows.<\/p>\n<p>Why is this happening? When you sleep on your side, <strong>the skin is crushed<\/strong>. The face fits snugly against the pillow even for a few good hours, an effect you might notice in the morning. Over time, wrinkles get faster and faster, making the face look older.<\/p>\n<p>The solution is to change your sleeping habits, which can be very difficult, because even if you fall asleep on your back, completely unconsciously you can take a different position in the middle of the night (this is difficult to control).<\/p>\n<p>Second option <strong>choosing an anti-wrinkle pillow<\/strong>. Jasiek <em>Bye Bye Wrinkles<\/em> it is made in a special butterfly shape with contoured wings. It is infused with a special polyester blend that adapts to the head position for comfort and comfort.<\/p>\n<p>A silk pillowcase is a nod to your complexion and hair. This leaves the skin relaxed and rested, and the hair maintains a sufficient level of moisture, so it does not break or crumble.<\/p>\n<p><img fetchpriority=\"high\" decoding=\"async\" class=\"img-responsive\" src=\"https:\/\/jogapiekna.com\/wp-content\/uploads\/2021\/04\/poduszka-zwykla-poduszka-bbw-porownanie.jpg\" alt=\"Dlaczego warto wybra\u0107 poduszk\u0119 przeciwzmarszczkow\u0105 Bye Bye Wrinkles?\" width=\"800\" height=\"273\" \/><\/p>\n<h2>Why choose an Anti-wrinkle Pillow <em>Bye Bye Wrinkles<\/em>?<\/h2>\n<p><strong>Manufacturing accuracy <\/strong><br \/>\nMore than 17 years of experience in a clothing company have taught me that quality is the most important thing. Already at the design stage, a large number of so-called testing and peeling prototypes were created. Later, it was time to test the pillow before it went on sale. Every detail counts.<\/p>\n<p><strong>Poland production <\/strong><br \/>\nPillows are made in Polish sewing workshops, so we support the domestic business.<\/p>\n<p><strong>Pillow design is patented<\/strong><br \/>\nThe final look of the pillow was created on the basis of many tests, tests so that it not only protects the face from sleepy wrinkles, but also serves as a support for the cervical region.<\/p>\n<p>&nbsp;<\/p>\n<h2>Jasiek Anti-wrinkle pillow-check if this size is right for you<\/h2>\n<p>Jasiek pillow <em>Bye Bye Wrinkles<\/em> this is the version for people who don&#039;t want to part with their favorite standard pillow. It is a form of &#034;pillow&#034; that is placed under the face on a regular pillow.<\/p>\n<p>At the same time, the optimal size makes it ideal for protecting the face from wrinkles that form during sleep. It is great for people who like to sleep on their side or on their stomach.<\/p>\n<p><strong>Mini Anti-wrinkle Pillow:<\/strong><\/p>\n<ul>\n<li>on the go, in a hotel, on a plane, or by other means of transport<\/li>\n<li>comes with a large standard pillow<\/li>\n<li>as an additional mini jasiek<\/li>\n<li>if you sleep in the nursery or living room and you need an extra anti-wrinkle pillow that will take care of your skin<\/li>\n<\/ul>\n<p>Do you want to know which pillow to choose? Take a look at the tutorial video I&#039;ve prepared:<a href=\"https:\/\/www.youtube.com\/watch?v=TnspmD1CNOQ\" target=\"_blank\" rel=\"noopener\"> <strong>Bye Bye Wrinkles Classic Natural vs Mini Anti-wrinkle Pillow <\/strong><\/a><\/p>\n<p><iframe title=\"YouTube video player\" src=\"https:\/\/www.youtube.com\/embed\/TnspmD1CNOQ?si=oziZLzjR0rcQeizF\" width=\"800\" height=\"450\" frameborder=\"0\" allowfullscreen=\"allowfullscreen\"><\/iframe><\/p>\n<p>&nbsp;<\/p>\n<h2>Jasiek pillow-size<\/h2>\n<p><img decoding=\"async\" class=\"img-responsive\" src=\"https:\/\/jogapiekna.com\/wp-content\/uploads\/2021\/04\/poduszka-jasiek-rozmiar.jpg\" alt=\"Poduszka jasiek \u2013 rozmiar\" width=\"800\" height=\"647\" \/><\/p>\n<p><strong>Width of upper wings:<\/strong> 38 cm<br \/>\n<strong>Width of lower wings:<\/strong> 30 cm<br \/>\n<strong>Height:<\/strong> 25 cm<\/p>\n<p>Pillow weight: about 0.16 kg<\/p>\n<ul>\n<li>Exceptional pillow advantage <em>Bye Bye Wrinkles<\/em> MINI is <strong>ability to adjust its thickness independently<\/strong>. The pillow closes with a zipper, so you can subtract or add the filler yourself.<\/li>\n<li>The size of the pillow is measured flat and can change under the influence of filling.<\/li>\n<\/ul>\n<p>&nbsp;<\/p>\n<h2>Jasiek pillow with anti-allergic filler<\/h2>\n<p>Jasiek pillow <em>Bye Bye Wrinkles<\/em> with a silk pillowcase, it is filled with a mixture of polyester fibers. This is one of the best alternatives to natural down, while it does not cause allergies.<\/p>\n<p>The pillow with polyester fiber filling is very comfortable. It fits perfectly on the head, is durable and has no tendency to twist.<\/p>\n<p><strong>Features of the polyester fiber blend filler:<\/strong><\/p>\n<ul>\n<li>high elasticity<\/li>\n<li>deformation resistance<\/li>\n<li>alternative to natural down<\/li>\n<li>anti-allergic properties<\/li>\n<li>high strength<\/li>\n<li>easy care (pillow is machine washable)<\/li>\n<\/ul>\n<p>&nbsp;<\/p>\n<h2>Features of Silk Pillowcase<\/h2>\n<ul>\n<li>The silk is very soft and smooth to the touch, which makes it very pleasant to the skin.<\/li>\n<li>It is able to regulate body temperature, which means that it supports maintaining a comfortable temperature during sleep, both in summer and winter.<\/li>\n<li>Its antibacterial properties and mite resistance make silk a popular choice among people with allergies and acne problems.<\/li>\n<li>Plus, silk promotes your hair! This reduces the friction between the hair and the pillow, which reduces the problem of hair loss, brittleness and shredding during sleep.<\/li>\n<li>Although the silk is soft to the touch, it is also strong and wear-resistant.<\/li>\n<li>Improves skin metabolism, which promotes nighttime regeneration. In the morning, your skin is full of radiance. It has an even tone, and wrinkles are clearly less noticeable.<\/li>\n<\/ul>\n<p>&nbsp;<\/p>\n<h2>Jasiek pillow with silk pillowcase \u2013 care and maintenance<\/h2>\n<p>Silk Anti-wrinkle Pillow Cover <strong>it is equipped with a zipper closure<\/strong>, with which you can easily remove the cover from the main pillow. After that, the coating can be washed according to the recipe on the tag.<\/p>\n<p>You can wash the pillow itself completely according to the instructions that we attach to the product, or wash the cotton pillow itself by removing the filler.<\/p>\n<p>&nbsp;<\/p>\n<h3>Additional information<\/h3>\n<p>The pillow is a hygienic product and is non-refundable.<\/p>","protected":false},"excerpt":{"rendered":"<p>How to prevent the appearance of wrinkles in your sleep? Make a bet on a suitable anti-wrinkle pillow that eliminates the problem of tissue crushing during sleep. Jasiek pillow <em>Bye Bye Wrinkles<\/em> It also provides comfortable sleep on the go, during rem sleep in the living room or in the children&#039;s room. It is infused with anti-allergenic polyester fibers and features a soft silk pillowcase that supports the complexion.<\/p>\n<ul>\n<li>prevents the deepening of sleep wrinkles<\/li>\n<li>provides comfortable cervical support<\/li>\n<li>great for owners of problem skin (silk brings comfort and takes care of regeneration)<\/li>\n<li>it is also comfortable for the hair<\/li>\n<\/ul>","protected":false},"featured_media":202127,"comment_status":"closed","ping_status":"closed","template":"","meta":{"_acf_changed":false,"site-sidebar-layout":"default","site-content-layout":"","ast-site-content-layout":"default","site-content-style":"default","site-sidebar-style":"default","ast-global-header-display":"","ast-banner-title-visibility":"","ast-main-header-display":"","ast-hfb-above-header-display":"","ast-hfb-below-header-display":"","ast-hfb-mobile-header-display":"","site-post-title":"","ast-breadcrumbs-content":"","ast-featured-img":"","footer-sml-layout":"","ast-disable-related-posts":"","theme-transparent-header-meta":"default","adv-header-id-meta":"","stick-header-meta":"","header-above-stick-meta":"","header-main-stick-meta":"","header-below-stick-meta":"","astra-migrate-meta-layouts":"set","ast-page-background-enabled":"default","ast-page-background-meta":{"desktop":{"background-color":"var(--ast-global-color-5)","background-image":"","background-repeat":"repeat","background-position":"center center","background-size":"auto","background-attachment":"scroll","background-type":"","background-media":"","overlay-type":"","overlay-color":"","overlay-opacity":"","overlay-gradient":""},"tablet":{"background-color":"","background-image":"","background-repeat":"repeat","background-position":"center center","background-size":"auto","background-attachment":"scroll","background-type":"","background-media":"","overlay-type":"","overlay-color":"","overlay-opacity":"","overlay-gradient":""},"mobile":{"background-color":"","background-image":"","background-repeat":"repeat","background-position":"center center","background-size":"auto","background-attachment":"scroll","background-type":"","background-media":"","overlay-type":"","overlay-color":"","overlay-opacity":"","overlay-gradient":""}},"ast-content-background-meta":{"desktop":{"background-color":"var(--ast-global-color-4)","background-image":"","background-repeat":"repeat","background-position":"center center","background-size":"auto","background-attachment":"scroll","background-type":"","background-media":"","overlay-type":"","overlay-color":"","overlay-opacity":"","overlay-gradient":""},"tablet":{"background-color":"var(--ast-global-color-4)","background-image":"","background-repeat":"repeat","background-position":"center center","background-size":"auto","background-attachment":"scroll","background-type":"","background-media":"","overlay-type":"","overlay-color":"","overlay-opacity":"","overlay-gradient":""},"mobile":{"background-color":"var(--ast-global-color-4)","background-image":"","background-repeat":"repeat","background-position":"center center","background-size":"auto","background-attachment":"scroll","background-type":"","background-media":"","overlay-type":"","overlay-color":"","overlay-opacity":"","overlay-gradient":""}}},"product_brand":[],"product_cat":[297,112],"product_tag":[174,262,256,255,173,263],"class_list":{"0":"post-45246","1":"product","2":"type-product","3":"status-publish","4":"has-post-thumbnail","6":"product_cat-mini-poduszki-antyzmarszczkowe","7":"product_cat-poduszki-antyzmarszczkowe","8":"product_tag-byebyewrinkles","9":"product_tag-likwidowanie-zmarszczek","10":"product_tag-pielegnacja-skory","11":"product_tag-pielegnacja-twarzy","12":"product_tag-poduszka-antyzmarszczkowa","13":"product_tag-zdrowy-sen","14":"desktop-align-left","15":"tablet-align-left","16":"mobile-align-left","18":"first","19":"instock","20":"taxable","21":"shipping-taxable","22":"purchasable","23":"product-type-variable"},"acf":[],"yoast_head":"<!-- This site is optimized with the Yoast SEO plugin v27.2 - https:\/\/yoast.com\/product\/yoast-seo-wordpress\/ -->\n<title>Poduszka jasiek przeciwzmarszczkowa z jedwabn\u0105 poszewk\u0105<\/title>\n<meta name=\"description\" content=\"Poduszka jasiek, kt\u00f3ra hamuje powstawanie zmarszczek sennych z jedwabn\u0105 poszewk\u0105, kt\u00f3ra poprawia kondycj\u0119 cery. Zam\u00f3w teraz online!\" \/>\n<meta name=\"robots\" content=\"index, follow, max-snippet:-1, max-image-preview:large, max-video-preview:-1\" \/>\n<link rel=\"canonical\" href=\"https:\/\/jogapiekna.com\/en\/product\/poduszka-antyzmarszczkowa-mini-bye-bye-wrinkles-joga-piekna-z-poszewka-jedwabna\/\" \/>\n<meta property=\"og:locale\" content=\"en_GB\" \/>\n<meta property=\"og:type\" content=\"article\" \/>\n<meta property=\"og:title\" content=\"Poduszka jasiek przeciwzmarszczkowa z jedwabn\u0105 poszewk\u0105\" \/>\n<meta property=\"og:description\" content=\"Poduszka jasiek, kt\u00f3ra hamuje powstawanie zmarszczek sennych z jedwabn\u0105 poszewk\u0105, kt\u00f3ra poprawia kondycj\u0119 cery. Zam\u00f3w teraz online!\" \/>\n<meta property=\"og:url\" content=\"https:\/\/jogapiekna.com\/en\/product\/poduszka-antyzmarszczkowa-mini-bye-bye-wrinkles-joga-piekna-z-poszewka-jedwabna\/\" \/>\n<meta property=\"og:site_name\" content=\"JOGA PI\u0118KNA | Joga Twarzy\" \/>\n<meta property=\"article:publisher\" content=\"https:\/\/www.facebook.com\/JogaPieknaCom\/\" \/>\n<meta property=\"article:modified_time\" content=\"2026-04-12T08:16:36+00:00\" \/>\n<meta property=\"og:image\" content=\"https:\/\/jogapiekna.com\/wp-content\/uploads\/2021\/04\/Bye-Bye-Wrinkles_Poduszka-antyzmarszczkowa-MINI-jedwabna-poszewka-jedwab-kolory2024_2025.jpg\" \/>\n\t<meta property=\"og:image:width\" content=\"1000\" \/>\n\t<meta property=\"og:image:height\" content=\"1000\" \/>\n\t<meta property=\"og:image:type\" content=\"image\/jpeg\" \/>\n<meta name=\"twitter:card\" content=\"summary_large_image\" \/>\n<meta name=\"twitter:label1\" content=\"Estimated reading time\" \/>\n\t<meta name=\"twitter:data1\" content=\"6 minutes\" \/>\n<script type=\"application\/ld+json\" class=\"yoast-schema-graph\">{\"@context\":\"https:\/\/schema.org\",\"@graph\":[{\"@type\":\"WebPage\",\"@id\":\"https:\/\/jogapiekna.com\/produkt\/poduszka-antyzmarszczkowa-mini-bye-bye-wrinkles-joga-piekna-z-poszewka-jedwabna\/\",\"url\":\"https:\/\/jogapiekna.com\/produkt\/poduszka-antyzmarszczkowa-mini-bye-bye-wrinkles-joga-piekna-z-poszewka-jedwabna\/\",\"name\":\"Poduszka jasiek przeciwzmarszczkowa z jedwabn\u0105 poszewk\u0105\",\"isPartOf\":{\"@id\":\"https:\/\/jogapiekna.com\/#website\"},\"primaryImageOfPage\":{\"@id\":\"https:\/\/jogapiekna.com\/produkt\/poduszka-antyzmarszczkowa-mini-bye-bye-wrinkles-joga-piekna-z-poszewka-jedwabna\/#primaryimage\"},\"image\":{\"@id\":\"https:\/\/jogapiekna.com\/produkt\/poduszka-antyzmarszczkowa-mini-bye-bye-wrinkles-joga-piekna-z-poszewka-jedwabna\/#primaryimage\"},\"thumbnailUrl\":\"https:\/\/jogapiekna.com\/wp-content\/uploads\/2021\/04\/Bye-Bye-Wrinkles_Poduszka-antyzmarszczkowa-MINI-jedwabna-poszewka-jedwab-kolory2024_2025.jpg\",\"datePublished\":\"2021-04-11T22:26:59+00:00\",\"dateModified\":\"2026-04-12T08:16:36+00:00\",\"description\":\"Poduszka jasiek, kt\u00f3ra hamuje powstawanie zmarszczek sennych z jedwabn\u0105 poszewk\u0105, kt\u00f3ra poprawia kondycj\u0119 cery. Zam\u00f3w teraz online!\",\"breadcrumb\":{\"@id\":\"https:\/\/jogapiekna.com\/produkt\/poduszka-antyzmarszczkowa-mini-bye-bye-wrinkles-joga-piekna-z-poszewka-jedwabna\/#breadcrumb\"},\"inLanguage\":\"en-GB\",\"potentialAction\":[{\"@type\":\"ReadAction\",\"target\":[\"https:\/\/jogapiekna.com\/produkt\/poduszka-antyzmarszczkowa-mini-bye-bye-wrinkles-joga-piekna-z-poszewka-jedwabna\/\"]}]},{\"@type\":\"ImageObject\",\"inLanguage\":\"en-GB\",\"@id\":\"https:\/\/jogapiekna.com\/produkt\/poduszka-antyzmarszczkowa-mini-bye-bye-wrinkles-joga-piekna-z-poszewka-jedwabna\/#primaryimage\",\"url\":\"https:\/\/jogapiekna.com\/wp-content\/uploads\/2021\/04\/Bye-Bye-Wrinkles_Poduszka-antyzmarszczkowa-MINI-jedwabna-poszewka-jedwab-kolory2024_2025.jpg\",\"contentUrl\":\"https:\/\/jogapiekna.com\/wp-content\/uploads\/2021\/04\/Bye-Bye-Wrinkles_Poduszka-antyzmarszczkowa-MINI-jedwabna-poszewka-jedwab-kolory2024_2025.jpg\",\"width\":1000,\"height\":1000,\"caption\":\"Poduszka antyzmarszczkowa MINI z jedwabn\u0105 poszewk\u0105\"},{\"@type\":\"BreadcrumbList\",\"@id\":\"https:\/\/jogapiekna.com\/produkt\/poduszka-antyzmarszczkowa-mini-bye-bye-wrinkles-joga-piekna-z-poszewka-jedwabna\/#breadcrumb\",\"itemListElement\":[{\"@type\":\"ListItem\",\"position\":1,\"name\":\"Strona g\u0142\u00f3wna\",\"item\":\"https:\/\/jogapiekna.com\/\"},{\"@type\":\"ListItem\",\"position\":2,\"name\":\"Sklep\",\"item\":\"https:\/\/jogapiekna.com\/sklep\/\"},{\"@type\":\"ListItem\",\"position\":3,\"name\":\"Poduszka antyzmarszczkowa MINI \u2022 jasiek z jedwabn\u0105 poszewk\u0105\u2022 wype\u0142nienie klasyczne\"}]},{\"@type\":\"WebSite\",\"@id\":\"https:\/\/jogapiekna.com\/#website\",\"url\":\"https:\/\/jogapiekna.com\/\",\"name\":\"Joga Pi\u0119kna Marta Kuci\u0144ska\",\"description\":\"Joga Pi\u0119kna pomaga kobietom zachowa\u0107 urod\u0119, cofn\u0105\u0107 oznaki up\u0142ywaj\u0105cego czasu i zm\u0119czenia, odzyska\u0107 promienny wygl\u0105d, naturalny u\u015bmiech i popraw\u0119 w\u0142asnej samooceny.\",\"publisher\":{\"@id\":\"https:\/\/jogapiekna.com\/#organization\"},\"potentialAction\":[{\"@type\":\"SearchAction\",\"target\":{\"@type\":\"EntryPoint\",\"urlTemplate\":\"https:\/\/jogapiekna.com\/?s={search_term_string}\"},\"query-input\":{\"@type\":\"PropertyValueSpecification\",\"valueRequired\":true,\"valueName\":\"search_term_string\"}}],\"inLanguage\":\"en-GB\"},{\"@type\":\"Organization\",\"@id\":\"https:\/\/jogapiekna.com\/#organization\",\"name\":\"Joga Pi\u0119kna Marta Kuci\u0144ska\",\"url\":\"https:\/\/jogapiekna.com\/\",\"logo\":{\"@type\":\"ImageObject\",\"inLanguage\":\"en-GB\",\"@id\":\"https:\/\/jogapiekna.com\/#\/schema\/logo\/image\/\",\"url\":\"https:\/\/jogapiekna.com\/wp-content\/uploads\/2022\/09\/joga-piekna-logo_Rka.png\",\"contentUrl\":\"https:\/\/jogapiekna.com\/wp-content\/uploads\/2022\/09\/joga-piekna-logo_Rka.png\",\"width\":231,\"height\":124,\"caption\":\"Joga Pi\u0119kna Marta Kuci\u0144ska\"},\"image\":{\"@id\":\"https:\/\/jogapiekna.com\/#\/schema\/logo\/image\/\"},\"sameAs\":[\"https:\/\/www.facebook.com\/JogaPieknaCom\/\",\"https:\/\/www.instagram.com\/jogapieknacom\/\"]}]}<\/script>\n<!-- \/ Yoast SEO plugin. -->","yoast_head_json":{"title":"Poduszka jasiek przeciwzmarszczkowa z jedwabn\u0105 poszewk\u0105","description":"Poduszka jasiek, kt\u00f3ra hamuje powstawanie zmarszczek sennych z jedwabn\u0105 poszewk\u0105, kt\u00f3ra poprawia kondycj\u0119 cery. Zam\u00f3w teraz online!","robots":{"index":"index","follow":"follow","max-snippet":"max-snippet:-1","max-image-preview":"max-image-preview:large","max-video-preview":"max-video-preview:-1"},"canonical":"https:\/\/jogapiekna.com\/en\/product\/poduszka-antyzmarszczkowa-mini-bye-bye-wrinkles-joga-piekna-z-poszewka-jedwabna\/","og_locale":"en_GB","og_type":"article","og_title":"Poduszka jasiek przeciwzmarszczkowa z jedwabn\u0105 poszewk\u0105","og_description":"Poduszka jasiek, kt\u00f3ra hamuje powstawanie zmarszczek sennych z jedwabn\u0105 poszewk\u0105, kt\u00f3ra poprawia kondycj\u0119 cery. Zam\u00f3w teraz online!","og_url":"https:\/\/jogapiekna.com\/en\/product\/poduszka-antyzmarszczkowa-mini-bye-bye-wrinkles-joga-piekna-z-poszewka-jedwabna\/","og_site_name":"JOGA PI\u0118KNA | Joga Twarzy","article_publisher":"https:\/\/www.facebook.com\/JogaPieknaCom\/","article_modified_time":"2026-04-12T08:16:36+00:00","og_image":[{"width":1000,"height":1000,"url":"https:\/\/jogapiekna.com\/wp-content\/uploads\/2021\/04\/Bye-Bye-Wrinkles_Poduszka-antyzmarszczkowa-MINI-jedwabna-poszewka-jedwab-kolory2024_2025.jpg","type":"image\/jpeg"}],"twitter_card":"summary_large_image","twitter_misc":{"Estimated reading time":"6 minutes"},"schema":{"@context":"https:\/\/schema.org","@graph":[{"@type":"WebPage","@id":"https:\/\/jogapiekna.com\/produkt\/poduszka-antyzmarszczkowa-mini-bye-bye-wrinkles-joga-piekna-z-poszewka-jedwabna\/","url":"https:\/\/jogapiekna.com\/produkt\/poduszka-antyzmarszczkowa-mini-bye-bye-wrinkles-joga-piekna-z-poszewka-jedwabna\/","name":"Poduszka jasiek przeciwzmarszczkowa z jedwabn\u0105 poszewk\u0105","isPartOf":{"@id":"https:\/\/jogapiekna.com\/#website"},"primaryImageOfPage":{"@id":"https:\/\/jogapiekna.com\/produkt\/poduszka-antyzmarszczkowa-mini-bye-bye-wrinkles-joga-piekna-z-poszewka-jedwabna\/#primaryimage"},"image":{"@id":"https:\/\/jogapiekna.com\/produkt\/poduszka-antyzmarszczkowa-mini-bye-bye-wrinkles-joga-piekna-z-poszewka-jedwabna\/#primaryimage"},"thumbnailUrl":"https:\/\/jogapiekna.com\/wp-content\/uploads\/2021\/04\/Bye-Bye-Wrinkles_Poduszka-antyzmarszczkowa-MINI-jedwabna-poszewka-jedwab-kolory2024_2025.jpg","datePublished":"2021-04-11T22:26:59+00:00","dateModified":"2026-04-12T08:16:36+00:00","description":"Poduszka jasiek, kt\u00f3ra hamuje powstawanie zmarszczek sennych z jedwabn\u0105 poszewk\u0105, kt\u00f3ra poprawia kondycj\u0119 cery. Zam\u00f3w teraz online!","breadcrumb":{"@id":"https:\/\/jogapiekna.com\/produkt\/poduszka-antyzmarszczkowa-mini-bye-bye-wrinkles-joga-piekna-z-poszewka-jedwabna\/#breadcrumb"},"inLanguage":"en-GB","potentialAction":[{"@type":"ReadAction","target":["https:\/\/jogapiekna.com\/produkt\/poduszka-antyzmarszczkowa-mini-bye-bye-wrinkles-joga-piekna-z-poszewka-jedwabna\/"]}]},{"@type":"ImageObject","inLanguage":"en-GB","@id":"https:\/\/jogapiekna.com\/produkt\/poduszka-antyzmarszczkowa-mini-bye-bye-wrinkles-joga-piekna-z-poszewka-jedwabna\/#primaryimage","url":"https:\/\/jogapiekna.com\/wp-content\/uploads\/2021\/04\/Bye-Bye-Wrinkles_Poduszka-antyzmarszczkowa-MINI-jedwabna-poszewka-jedwab-kolory2024_2025.jpg","contentUrl":"https:\/\/jogapiekna.com\/wp-content\/uploads\/2021\/04\/Bye-Bye-Wrinkles_Poduszka-antyzmarszczkowa-MINI-jedwabna-poszewka-jedwab-kolory2024_2025.jpg","width":1000,"height":1000,"caption":"Poduszka antyzmarszczkowa MINI z jedwabn\u0105 poszewk\u0105"},{"@type":"BreadcrumbList","@id":"https:\/\/jogapiekna.com\/produkt\/poduszka-antyzmarszczkowa-mini-bye-bye-wrinkles-joga-piekna-z-poszewka-jedwabna\/#breadcrumb","itemListElement":[{"@type":"ListItem","position":1,"name":"Strona g\u0142\u00f3wna","item":"https:\/\/jogapiekna.com\/"},{"@type":"ListItem","position":2,"name":"Sklep","item":"https:\/\/jogapiekna.com\/sklep\/"},{"@type":"ListItem","position":3,"name":"Poduszka antyzmarszczkowa MINI \u2022 jasiek z jedwabn\u0105 poszewk\u0105\u2022 wype\u0142nienie klasyczne"}]},{"@type":"WebSite","@id":"https:\/\/jogapiekna.com\/#website","url":"https:\/\/jogapiekna.com\/","name":"Yoga Beauty Marta Kuci\u0144ska","description":"Beauty Yoga helps women to maintain their beauty, reverse the signs of passing time and fatigue, regain a radiant appearance, natural smile and improve their self-esteem.","publisher":{"@id":"https:\/\/jogapiekna.com\/#organization"},"potentialAction":[{"@type":"SearchAction","target":{"@type":"EntryPoint","urlTemplate":"https:\/\/jogapiekna.com\/?s={search_term_string}"},"query-input":{"@type":"PropertyValueSpecification","valueRequired":true,"valueName":"search_term_string"}}],"inLanguage":"en-GB"},{"@type":"Organization","@id":"https:\/\/jogapiekna.com\/#organization","name":"Yoga Beauty Marta Kuci\u0144ska","url":"https:\/\/jogapiekna.com\/","logo":{"@type":"ImageObject","inLanguage":"en-GB","@id":"https:\/\/jogapiekna.com\/#\/schema\/logo\/image\/","url":"https:\/\/jogapiekna.com\/wp-content\/uploads\/2022\/09\/joga-piekna-logo_Rka.png","contentUrl":"https:\/\/jogapiekna.com\/wp-content\/uploads\/2022\/09\/joga-piekna-logo_Rka.png","width":231,"height":124,"caption":"Joga Pi\u0119kna Marta Kuci\u0144ska"},"image":{"@id":"https:\/\/jogapiekna.com\/#\/schema\/logo\/image\/"},"sameAs":["https:\/\/www.facebook.com\/JogaPieknaCom\/","https:\/\/www.instagram.com\/jogapieknacom\/"]}]}},"_links":{"self":[{"href":"https:\/\/jogapiekna.com\/en\/wp-json\/wp\/v2\/product\/45246","targetHints":{"allow":["GET"]}}],"collection":[{"href":"https:\/\/jogapiekna.com\/en\/wp-json\/wp\/v2\/product"}],"about":[{"href":"https:\/\/jogapiekna.com\/en\/wp-json\/wp\/v2\/types\/product"}],"replies":[{"embeddable":true,"href":"https:\/\/jogapiekna.com\/en\/wp-json\/wp\/v2\/comments?post=45246"}],"version-history":[{"count":5,"href":"https:\/\/jogapiekna.com\/en\/wp-json\/wp\/v2\/product\/45246\/revisions"}],"predecessor-version":[{"id":176338,"href":"https:\/\/jogapiekna.com\/en\/wp-json\/wp\/v2\/product\/45246\/revisions\/176338"}],"wp:featuredmedia":[{"embeddable":true,"href":"https:\/\/jogapiekna.com\/en\/wp-json\/wp\/v2\/media\/202127"}],"wp:attachment":[{"href":"https:\/\/jogapiekna.com\/en\/wp-json\/wp\/v2\/media?parent=45246"}],"wp:term":[{"taxonomy":"product_brand","embeddable":true,"href":"https:\/\/jogapiekna.com\/en\/wp-json\/wp\/v2\/product_brand?post=45246"},{"taxonomy":"product_cat","embeddable":true,"href":"https:\/\/jogapiekna.com\/en\/wp-json\/wp\/v2\/product_cat?post=45246"},{"taxonomy":"product_tag","embeddable":true,"href":"https:\/\/jogapiekna.com\/en\/wp-json\/wp\/v2\/product_tag?post=45246"}],"curies":[{"name":"wp","href":"https:\/\/api.w.org\/{rel}","templated":true}]}}