{"id":50116,"date":"2021-06-10T13:37:21","date_gmt":"2021-06-10T11:37:21","guid":{"rendered":"https:\/\/jogapiekna.com\/?post_type=product&#038;p=50116"},"modified":"2026-03-27T13:28:55","modified_gmt":"2026-03-27T12:28:55","slug":"zestaw-duzy-masazer-gua-sha-kwarc-rozowy-maly-masazer-gua-sha-awenturyn","status":"publish","type":"product","link":"https:\/\/jogapiekna.com\/en\/product\/zestaw-duzy-masazer-gua-sha-kwarc-rozowy-maly-masazer-gua-sha-awenturyn\/","title":{"rendered":"Gua Sha Set: Large rose quartz + Noble aventurine"},"content":{"rendered":"<p>Gua sha massage is a special form of traditional Chinese therapeutic massage. It consists of scraping the skin using a specially profiled gemstone. Ideal for facial tissue rejuvenation. The massage effect is visible to the naked eye. The skin becomes elastic, the cheeks are gently lifted, and the jaw line is noticeably modeled.<\/p>\n<p>In the gua sha massage kit, you will find 2 stones in two sizes. Each has a slightly different action and is suitable for other parties of the face, neck and decollete.<\/p>\n<p>&nbsp;<\/p>\n<h3>LARGE ROSE QUARTZ GUA SHA MASSAGER<\/h3>\n<p>Large natural massage stone gua sha is made by hand from natural stone-rose quartz. <strong>Thanks to its large size, you can quickly get a massage on most of your face or body.<\/strong><\/p>\n<p>The gua sha massager is a gift from nature that will not be 100% perfect (it may have small defects and color deviation).<\/p>\n<p><strong>Rose Quartz<\/strong> this is a stone from the group of semiprecious stones. This especially eases complaints related to cardiovascular and heart diseases. Improves the immune system. Improves memory and adds energy. Helps in the treatment of migraines and other headaches. It has a therapeutic effect on the psychophysical state-relieves anxiety, internal tension and nervousness, and also reduces stress.<\/p>\n<p>&nbsp;<\/p>\n<h3>SMALL GUA SHA MASSAGER FROM AVENTURINE<\/h3>\n<p>Aventurine is an extremely rare type of quartz. Maintains harmony and balance. It is often called the sunstone. It has huge positive properties for our body. It calms the body, has a calming effect, allows you to overcome anxiety, helps prevent heart and thyroid diseases. It also reduces the inflammation of skin diseases.<\/p>\n<p>Green aventurine is believed to bring wealth, luck and unexpected new opportunities. Aventurine increases concentration in meditation.<\/p>\n<p>&nbsp;<\/p>\n<h2>Effects of Gua Sha massage<\/h2>\n<ul>\n<li>reduces the negative impact of stress<\/li>\n<li>models the face and reduces massaged areas on the body<\/li>\n<li>getting rid of fatigue and negative emotions<\/li>\n<li>improves the contour of the face<\/li>\n<li>naturally stimulates collagen synthesis<\/li>\n<li>strongly strengthens the skin<\/li>\n<li>restores the balance of stressed people<\/li>\n<li>stimulates blood and lymph circulation<\/li>\n<\/ul>\n<p>&nbsp;<\/p>\n<h2>Preparing for a gua sha massage<\/h2>\n<p>Before starting the massage, it is necessary to thoroughly clean the skin of the face and decollete. To get a massage, apply a serum \/ oil or your favorite moisturizer. We can also use essential oils for massage.<\/p>\n<p>&nbsp;<\/p>\n<h2>Contraindications to performing a gua sha massage<\/h2>\n<ul>\n<li>damaged skin<\/li>\n<li>damaged veins<\/li>\n<li>highly capillary skin<\/li>\n<li>moles<\/li>\n<li>cuts and bruises<\/li>\n<li>extensive acne lesions<\/li>\n<li>rosacea in the active phase<\/li>\n<li>cancer diseases<\/li>\n<\/ul>\n<p>&nbsp;<\/p>\n<h2>Gua sha Massage Kit-stone cleaning<\/h2>\n<p>After the massage, wash the stones with warm water and soap. From time to time, you should additionally soak them in salt water and expose them to sunlight (at least 10 minutes). This allows you to charge them and clear them of negative energy.<\/p>\n<p>&nbsp;<\/p>\n<h2>How to get a massage with gua sha stones?<\/h2>\n<p>The massage starts each time from the upper parts of the face, gradually going down in accordance with the direction of the arrows \u2013 <strong>Figure 1<\/strong> and according to the numbered stages.<\/p>\n<p><img decoding=\"async\" class=\"alignleft size-full wp-image-10664\" src=\"https:\/\/jogapiekna.com\/wp-content\/uploads\/2022\/08\/masaz-twarzy_Gua-Sha.jpg\" alt=\"Jak wykona\u0107 masa\u017c Gua-Sha za pomoc\u0105 zestawu naturalnych kamieni\" width=\"\u201e399\u201d\" height=\"\u201e600\u201d\" \/><\/p>\n<p>\u2014<br \/>\nFor more information about gua sha massage techniques, visit my Youtube channel:<\/p>\n<p><strong><a href=\"https:\/\/www.youtube.com\/watch?v=97W6rL5zEXQ\" target=\"_blank\" rel=\"noopener\">Lifting and rejuvenating facial massage gua sha<\/a><\/strong><br \/>\n<strong><a href=\"https:\/\/www.youtube.com\/watch?v=B7ozY52tXpo\" target=\"_blank\" rel=\"noopener\">Massage with gua sha to reduce lion wrinkles<\/a><\/strong><br \/>\n<strong><a href=\"https:\/\/www.youtube.com\/watch?v=LHPaqjpKXEA\" target=\"_blank\" rel=\"noopener\">Reducing puffiness around the eyes with gua sha<\/a><\/strong><br \/>\n<strong><a href=\"https:\/\/www.youtube.com\/watch?v=8ORiaLgEwu8&amp;list=PL3hHGTCx5OYDQ5ZeJh_AniYwymJNeip6h&amp;index=34\" target=\"_blank\" rel=\"noopener\">Gua sha massage-what do you need to perform it?<\/a><\/strong><\/p>","protected":false},"excerpt":{"rendered":"<p>Gua sha massage set made of two natural stones: rose quartz and aventurine. The plates come in a variety of sizes, so they contribute to precise and effective anti-aging massage of various areas of the face, neck and decollete. The effects of gua sha massage are amazing! It&#039;s a natural way to look younger.<\/p>\n<p><strong>Gua Sha Massage Kit Specifications:<\/strong><br \/>\n* 2 natural massage stones<br \/>\n* The large tile is made of rose quartz, size: 11cm x 6.5 cm x 0.5 cm (+\/- 0.2 cm)<br \/>\n- The small tile is made of natural aventurine, size: 8.0cm x 5.3cm x 0.6cm (+\/- 0.2 cm)<\/p>","protected":false},"featured_media":202156,"comment_status":"closed","ping_status":"closed","template":"","meta":{"_acf_changed":false,"site-sidebar-layout":"default","site-content-layout":"","ast-site-content-layout":"default","site-content-style":"default","site-sidebar-style":"default","ast-global-header-display":"","ast-banner-title-visibility":"","ast-main-header-display":"","ast-hfb-above-header-display":"","ast-hfb-below-header-display":"","ast-hfb-mobile-header-display":"","site-post-title":"","ast-breadcrumbs-content":"","ast-featured-img":"","footer-sml-layout":"","ast-disable-related-posts":"","theme-transparent-header-meta":"default","adv-header-id-meta":"","stick-header-meta":"","header-above-stick-meta":"","header-main-stick-meta":"","header-below-stick-meta":"","astra-migrate-meta-layouts":"set","ast-page-background-enabled":"default","ast-page-background-meta":{"desktop":{"background-color":"var(--ast-global-color-5)","background-image":"","background-repeat":"repeat","background-position":"center center","background-size":"auto","background-attachment":"scroll","background-type":"","background-media":"","overlay-type":"","overlay-color":"","overlay-opacity":"","overlay-gradient":""},"tablet":{"background-color":"","background-image":"","background-repeat":"repeat","background-position":"center center","background-size":"auto","background-attachment":"scroll","background-type":"","background-media":"","overlay-type":"","overlay-color":"","overlay-opacity":"","overlay-gradient":""},"mobile":{"background-color":"","background-image":"","background-repeat":"repeat","background-position":"center center","background-size":"auto","background-attachment":"scroll","background-type":"","background-media":"","overlay-type":"","overlay-color":"","overlay-opacity":"","overlay-gradient":""}},"ast-content-background-meta":{"desktop":{"background-color":"var(--ast-global-color-4)","background-image":"","background-repeat":"repeat","background-position":"center center","background-size":"auto","background-attachment":"scroll","background-type":"","background-media":"","overlay-type":"","overlay-color":"","overlay-opacity":"","overlay-gradient":""},"tablet":{"background-color":"var(--ast-global-color-4)","background-image":"","background-repeat":"repeat","background-position":"center center","background-size":"auto","background-attachment":"scroll","background-type":"","background-media":"","overlay-type":"","overlay-color":"","overlay-opacity":"","overlay-gradient":""},"mobile":{"background-color":"var(--ast-global-color-4)","background-image":"","background-repeat":"repeat","background-position":"center center","background-size":"auto","background-attachment":"scroll","background-type":"","background-media":"","overlay-type":"","overlay-color":"","overlay-opacity":"","overlay-gradient":""}}},"product_brand":[],"product_cat":[21,610,625,305],"product_tag":[298,41,208,225,260,60,256,255],"class_list":{"0":"post-50116","1":"product","2":"type-product","3":"status-publish","4":"has-post-thumbnail","6":"product_cat-akcesoria","7":"product_cat-masaz-twarzy-i-szyi","8":"product_cat-promocje","9":"product_cat-zestawy","10":"product_tag-awenturyn","11":"product_tag-joga-twarzy","12":"product_tag-kamien-gua-sha","13":"product_tag-kwarc-rozowy","14":"product_tag-masaz-twarzy","15":"product_tag-masazer-do-twarzy","16":"product_tag-pielegnacja-skory","17":"product_tag-pielegnacja-twarzy","18":"desktop-align-left","19":"tablet-align-left","20":"mobile-align-left","22":"first","23":"instock","24":"sale","25":"taxable","26":"shipping-taxable","27":"purchasable","28":"product-type-simple"},"acf":[],"yoast_head":"<!-- This site is optimized with the Yoast SEO plugin v27.4 - https:\/\/yoast.com\/product\/yoast-seo-wordpress\/ -->\n<title>Zestaw do masa\u017cu Gua-Sha \u2013 2 naturalnie kamienie<\/title>\n<meta name=\"description\" content=\"Zam\u00f3w zestaw do masa\u017cu Gua-Sha. 100% naturalne kamienie \u2013 kwarc i awenturyn. 2 rozmiary do masa\u017cu twarzy, szyi, dekoltu. Sklep online Joga Pi\u0119kna.\" \/>\n<meta name=\"robots\" content=\"index, follow, max-snippet:-1, max-image-preview:large, max-video-preview:-1\" \/>\n<link rel=\"canonical\" href=\"https:\/\/jogapiekna.com\/en\/product\/zestaw-duzy-masazer-gua-sha-kwarc-rozowy-maly-masazer-gua-sha-awenturyn\/\" \/>\n<meta property=\"og:locale\" content=\"en_GB\" \/>\n<meta property=\"og:type\" content=\"article\" \/>\n<meta property=\"og:title\" content=\"Zestaw do masa\u017cu Gua-Sha \u2013 2 naturalnie kamienie\" \/>\n<meta property=\"og:description\" content=\"Zam\u00f3w zestaw do masa\u017cu Gua-Sha. 100% naturalne kamienie \u2013 kwarc i awenturyn. 2 rozmiary do masa\u017cu twarzy, szyi, dekoltu. Sklep online Joga Pi\u0119kna.\" \/>\n<meta property=\"og:url\" content=\"https:\/\/jogapiekna.com\/en\/product\/zestaw-duzy-masazer-gua-sha-kwarc-rozowy-maly-masazer-gua-sha-awenturyn\/\" \/>\n<meta property=\"og:site_name\" content=\"JOGA PI\u0118KNA | Joga Twarzy\" \/>\n<meta property=\"article:publisher\" content=\"https:\/\/www.facebook.com\/JogaPieknaCom\/\" \/>\n<meta property=\"article:modified_time\" content=\"2026-03-27T12:28:55+00:00\" \/>\n<meta property=\"og:image\" content=\"https:\/\/jogapiekna.com\/wp-content\/uploads\/2021\/06\/Zestaw-Gua-Sha-duzy-kwarc-maly-awenturyn-guasha_2025.jpg\" \/>\n\t<meta property=\"og:image:width\" content=\"1000\" \/>\n\t<meta property=\"og:image:height\" content=\"1000\" \/>\n\t<meta property=\"og:image:type\" content=\"image\/jpeg\" \/>\n<meta name=\"twitter:card\" content=\"summary_large_image\" \/>\n<meta name=\"twitter:label1\" content=\"Estimated reading time\" \/>\n\t<meta name=\"twitter:data1\" content=\"4 minutes\" \/>\n<script type=\"application\/ld+json\" class=\"yoast-schema-graph\">{\"@context\":\"https:\\\/\\\/schema.org\",\"@graph\":[{\"@type\":\"WebPage\",\"@id\":\"https:\\\/\\\/jogapiekna.com\\\/produkt\\\/zestaw-duzy-masazer-gua-sha-kwarc-rozowy-maly-masazer-gua-sha-awenturyn\\\/\",\"url\":\"https:\\\/\\\/jogapiekna.com\\\/produkt\\\/zestaw-duzy-masazer-gua-sha-kwarc-rozowy-maly-masazer-gua-sha-awenturyn\\\/\",\"name\":\"Zestaw do masa\u017cu Gua-Sha \u2013 2 naturalnie kamienie\",\"isPartOf\":{\"@id\":\"https:\\\/\\\/jogapiekna.com\\\/#website\"},\"primaryImageOfPage\":{\"@id\":\"https:\\\/\\\/jogapiekna.com\\\/produkt\\\/zestaw-duzy-masazer-gua-sha-kwarc-rozowy-maly-masazer-gua-sha-awenturyn\\\/#primaryimage\"},\"image\":{\"@id\":\"https:\\\/\\\/jogapiekna.com\\\/produkt\\\/zestaw-duzy-masazer-gua-sha-kwarc-rozowy-maly-masazer-gua-sha-awenturyn\\\/#primaryimage\"},\"thumbnailUrl\":\"https:\\\/\\\/jogapiekna.com\\\/wp-content\\\/uploads\\\/2021\\\/06\\\/Zestaw-Gua-Sha-duzy-kwarc-maly-awenturyn-guasha_2025.jpg\",\"datePublished\":\"2021-06-10T11:37:21+00:00\",\"dateModified\":\"2026-03-27T12:28:55+00:00\",\"description\":\"Zam\u00f3w zestaw do masa\u017cu Gua-Sha. 100% naturalne kamienie \u2013 kwarc i awenturyn. 2 rozmiary do masa\u017cu twarzy, szyi, dekoltu. Sklep online Joga Pi\u0119kna.\",\"breadcrumb\":{\"@id\":\"https:\\\/\\\/jogapiekna.com\\\/produkt\\\/zestaw-duzy-masazer-gua-sha-kwarc-rozowy-maly-masazer-gua-sha-awenturyn\\\/#breadcrumb\"},\"inLanguage\":\"en-GB\",\"potentialAction\":[{\"@type\":\"ReadAction\",\"target\":[\"https:\\\/\\\/jogapiekna.com\\\/produkt\\\/zestaw-duzy-masazer-gua-sha-kwarc-rozowy-maly-masazer-gua-sha-awenturyn\\\/\"]}]},{\"@type\":\"ImageObject\",\"inLanguage\":\"en-GB\",\"@id\":\"https:\\\/\\\/jogapiekna.com\\\/produkt\\\/zestaw-duzy-masazer-gua-sha-kwarc-rozowy-maly-masazer-gua-sha-awenturyn\\\/#primaryimage\",\"url\":\"https:\\\/\\\/jogapiekna.com\\\/wp-content\\\/uploads\\\/2021\\\/06\\\/Zestaw-Gua-Sha-duzy-kwarc-maly-awenturyn-guasha_2025.jpg\",\"contentUrl\":\"https:\\\/\\\/jogapiekna.com\\\/wp-content\\\/uploads\\\/2021\\\/06\\\/Zestaw-Gua-Sha-duzy-kwarc-maly-awenturyn-guasha_2025.jpg\",\"width\":1000,\"height\":1000,\"caption\":\"Zestaw Gua-Sha: du\u017cy kwarc r\u00f3\u017cowy + szlachetny awenturyn\"},{\"@type\":\"BreadcrumbList\",\"@id\":\"https:\\\/\\\/jogapiekna.com\\\/produkt\\\/zestaw-duzy-masazer-gua-sha-kwarc-rozowy-maly-masazer-gua-sha-awenturyn\\\/#breadcrumb\",\"itemListElement\":[{\"@type\":\"ListItem\",\"position\":1,\"name\":\"Strona g\u0142\u00f3wna\",\"item\":\"https:\\\/\\\/jogapiekna.com\\\/\"},{\"@type\":\"ListItem\",\"position\":2,\"name\":\"Sklep\",\"item\":\"https:\\\/\\\/jogapiekna.com\\\/sklep\\\/\"},{\"@type\":\"ListItem\",\"position\":3,\"name\":\"Zestaw Gua-Sha: du\u017cy kwarc r\u00f3\u017cowy + szlachetny awenturyn\"}]},{\"@type\":\"WebSite\",\"@id\":\"https:\\\/\\\/jogapiekna.com\\\/#website\",\"url\":\"https:\\\/\\\/jogapiekna.com\\\/\",\"name\":\"Joga Pi\u0119kna Marta Kuci\u0144ska\",\"description\":\"Joga Pi\u0119kna pomaga kobietom zachowa\u0107 urod\u0119, cofn\u0105\u0107 oznaki up\u0142ywaj\u0105cego czasu i zm\u0119czenia, odzyska\u0107 promienny wygl\u0105d, naturalny u\u015bmiech i popraw\u0119 w\u0142asnej samooceny.\",\"publisher\":{\"@id\":\"https:\\\/\\\/jogapiekna.com\\\/#organization\"},\"potentialAction\":[{\"@type\":\"SearchAction\",\"target\":{\"@type\":\"EntryPoint\",\"urlTemplate\":\"https:\\\/\\\/jogapiekna.com\\\/?s={search_term_string}\"},\"query-input\":{\"@type\":\"PropertyValueSpecification\",\"valueRequired\":true,\"valueName\":\"search_term_string\"}}],\"inLanguage\":\"en-GB\"},{\"@type\":\"Organization\",\"@id\":\"https:\\\/\\\/jogapiekna.com\\\/#organization\",\"name\":\"Joga Pi\u0119kna Marta Kuci\u0144ska\",\"url\":\"https:\\\/\\\/jogapiekna.com\\\/\",\"logo\":{\"@type\":\"ImageObject\",\"inLanguage\":\"en-GB\",\"@id\":\"https:\\\/\\\/jogapiekna.com\\\/#\\\/schema\\\/logo\\\/image\\\/\",\"url\":\"https:\\\/\\\/jogapiekna.com\\\/wp-content\\\/uploads\\\/2022\\\/09\\\/joga-piekna-logo_Rka.png\",\"contentUrl\":\"https:\\\/\\\/jogapiekna.com\\\/wp-content\\\/uploads\\\/2022\\\/09\\\/joga-piekna-logo_Rka.png\",\"width\":231,\"height\":124,\"caption\":\"Joga Pi\u0119kna Marta Kuci\u0144ska\"},\"image\":{\"@id\":\"https:\\\/\\\/jogapiekna.com\\\/#\\\/schema\\\/logo\\\/image\\\/\"},\"sameAs\":[\"https:\\\/\\\/www.facebook.com\\\/JogaPieknaCom\\\/\",\"https:\\\/\\\/www.instagram.com\\\/jogapieknacom\\\/\"]}]}<\/script>\n<!-- \/ Yoast SEO plugin. -->","yoast_head_json":{"title":"Zestaw do masa\u017cu Gua-Sha \u2013 2 naturalnie kamienie","description":"Zam\u00f3w zestaw do masa\u017cu Gua-Sha. 100% naturalne kamienie \u2013 kwarc i awenturyn. 2 rozmiary do masa\u017cu twarzy, szyi, dekoltu. Sklep online Joga Pi\u0119kna.","robots":{"index":"index","follow":"follow","max-snippet":"max-snippet:-1","max-image-preview":"max-image-preview:large","max-video-preview":"max-video-preview:-1"},"canonical":"https:\/\/jogapiekna.com\/en\/product\/zestaw-duzy-masazer-gua-sha-kwarc-rozowy-maly-masazer-gua-sha-awenturyn\/","og_locale":"en_GB","og_type":"article","og_title":"Zestaw do masa\u017cu Gua-Sha \u2013 2 naturalnie kamienie","og_description":"Zam\u00f3w zestaw do masa\u017cu Gua-Sha. 100% naturalne kamienie \u2013 kwarc i awenturyn. 2 rozmiary do masa\u017cu twarzy, szyi, dekoltu. Sklep online Joga Pi\u0119kna.","og_url":"https:\/\/jogapiekna.com\/en\/product\/zestaw-duzy-masazer-gua-sha-kwarc-rozowy-maly-masazer-gua-sha-awenturyn\/","og_site_name":"JOGA PI\u0118KNA | Joga Twarzy","article_publisher":"https:\/\/www.facebook.com\/JogaPieknaCom\/","article_modified_time":"2026-03-27T12:28:55+00:00","og_image":[{"width":1000,"height":1000,"url":"https:\/\/jogapiekna.com\/wp-content\/uploads\/2021\/06\/Zestaw-Gua-Sha-duzy-kwarc-maly-awenturyn-guasha_2025.jpg","type":"image\/jpeg"}],"twitter_card":"summary_large_image","twitter_misc":{"Estimated reading time":"4 minutes"},"schema":{"@context":"https:\/\/schema.org","@graph":[{"@type":"WebPage","@id":"https:\/\/jogapiekna.com\/produkt\/zestaw-duzy-masazer-gua-sha-kwarc-rozowy-maly-masazer-gua-sha-awenturyn\/","url":"https:\/\/jogapiekna.com\/produkt\/zestaw-duzy-masazer-gua-sha-kwarc-rozowy-maly-masazer-gua-sha-awenturyn\/","name":"Zestaw do masa\u017cu Gua-Sha \u2013 2 naturalnie kamienie","isPartOf":{"@id":"https:\/\/jogapiekna.com\/#website"},"primaryImageOfPage":{"@id":"https:\/\/jogapiekna.com\/produkt\/zestaw-duzy-masazer-gua-sha-kwarc-rozowy-maly-masazer-gua-sha-awenturyn\/#primaryimage"},"image":{"@id":"https:\/\/jogapiekna.com\/produkt\/zestaw-duzy-masazer-gua-sha-kwarc-rozowy-maly-masazer-gua-sha-awenturyn\/#primaryimage"},"thumbnailUrl":"https:\/\/jogapiekna.com\/wp-content\/uploads\/2021\/06\/Zestaw-Gua-Sha-duzy-kwarc-maly-awenturyn-guasha_2025.jpg","datePublished":"2021-06-10T11:37:21+00:00","dateModified":"2026-03-27T12:28:55+00:00","description":"Zam\u00f3w zestaw do masa\u017cu Gua-Sha. 100% naturalne kamienie \u2013 kwarc i awenturyn. 2 rozmiary do masa\u017cu twarzy, szyi, dekoltu. Sklep online Joga Pi\u0119kna.","breadcrumb":{"@id":"https:\/\/jogapiekna.com\/produkt\/zestaw-duzy-masazer-gua-sha-kwarc-rozowy-maly-masazer-gua-sha-awenturyn\/#breadcrumb"},"inLanguage":"en-GB","potentialAction":[{"@type":"ReadAction","target":["https:\/\/jogapiekna.com\/produkt\/zestaw-duzy-masazer-gua-sha-kwarc-rozowy-maly-masazer-gua-sha-awenturyn\/"]}]},{"@type":"ImageObject","inLanguage":"en-GB","@id":"https:\/\/jogapiekna.com\/produkt\/zestaw-duzy-masazer-gua-sha-kwarc-rozowy-maly-masazer-gua-sha-awenturyn\/#primaryimage","url":"https:\/\/jogapiekna.com\/wp-content\/uploads\/2021\/06\/Zestaw-Gua-Sha-duzy-kwarc-maly-awenturyn-guasha_2025.jpg","contentUrl":"https:\/\/jogapiekna.com\/wp-content\/uploads\/2021\/06\/Zestaw-Gua-Sha-duzy-kwarc-maly-awenturyn-guasha_2025.jpg","width":1000,"height":1000,"caption":"Zestaw Gua-Sha: du\u017cy kwarc r\u00f3\u017cowy + szlachetny awenturyn"},{"@type":"BreadcrumbList","@id":"https:\/\/jogapiekna.com\/produkt\/zestaw-duzy-masazer-gua-sha-kwarc-rozowy-maly-masazer-gua-sha-awenturyn\/#breadcrumb","itemListElement":[{"@type":"ListItem","position":1,"name":"Strona g\u0142\u00f3wna","item":"https:\/\/jogapiekna.com\/"},{"@type":"ListItem","position":2,"name":"Sklep","item":"https:\/\/jogapiekna.com\/sklep\/"},{"@type":"ListItem","position":3,"name":"Zestaw Gua-Sha: du\u017cy kwarc r\u00f3\u017cowy + szlachetny awenturyn"}]},{"@type":"WebSite","@id":"https:\/\/jogapiekna.com\/#website","url":"https:\/\/jogapiekna.com\/","name":"Yoga Beauty Marta Kuci\u0144ska","description":"Beauty Yoga helps women to maintain their beauty, reverse the signs of passing time and fatigue, regain a radiant appearance, natural smile and improve their self-esteem.","publisher":{"@id":"https:\/\/jogapiekna.com\/#organization"},"potentialAction":[{"@type":"SearchAction","target":{"@type":"EntryPoint","urlTemplate":"https:\/\/jogapiekna.com\/?s={search_term_string}"},"query-input":{"@type":"PropertyValueSpecification","valueRequired":true,"valueName":"search_term_string"}}],"inLanguage":"en-GB"},{"@type":"Organization","@id":"https:\/\/jogapiekna.com\/#organization","name":"Yoga Beauty Marta Kuci\u0144ska","url":"https:\/\/jogapiekna.com\/","logo":{"@type":"ImageObject","inLanguage":"en-GB","@id":"https:\/\/jogapiekna.com\/#\/schema\/logo\/image\/","url":"https:\/\/jogapiekna.com\/wp-content\/uploads\/2022\/09\/joga-piekna-logo_Rka.png","contentUrl":"https:\/\/jogapiekna.com\/wp-content\/uploads\/2022\/09\/joga-piekna-logo_Rka.png","width":231,"height":124,"caption":"Joga Pi\u0119kna Marta Kuci\u0144ska"},"image":{"@id":"https:\/\/jogapiekna.com\/#\/schema\/logo\/image\/"},"sameAs":["https:\/\/www.facebook.com\/JogaPieknaCom\/","https:\/\/www.instagram.com\/jogapieknacom\/"]}]}},"_links":{"self":[{"href":"https:\/\/jogapiekna.com\/en\/wp-json\/wp\/v2\/product\/50116","targetHints":{"allow":["GET"]}}],"collection":[{"href":"https:\/\/jogapiekna.com\/en\/wp-json\/wp\/v2\/product"}],"about":[{"href":"https:\/\/jogapiekna.com\/en\/wp-json\/wp\/v2\/types\/product"}],"replies":[{"embeddable":true,"href":"https:\/\/jogapiekna.com\/en\/wp-json\/wp\/v2\/comments?post=50116"}],"version-history":[{"count":2,"href":"https:\/\/jogapiekna.com\/en\/wp-json\/wp\/v2\/product\/50116\/revisions"}],"predecessor-version":[{"id":219334,"href":"https:\/\/jogapiekna.com\/en\/wp-json\/wp\/v2\/product\/50116\/revisions\/219334"}],"wp:featuredmedia":[{"embeddable":true,"href":"https:\/\/jogapiekna.com\/en\/wp-json\/wp\/v2\/media\/202156"}],"wp:attachment":[{"href":"https:\/\/jogapiekna.com\/en\/wp-json\/wp\/v2\/media?parent=50116"}],"wp:term":[{"taxonomy":"product_brand","embeddable":true,"href":"https:\/\/jogapiekna.com\/en\/wp-json\/wp\/v2\/product_brand?post=50116"},{"taxonomy":"product_cat","embeddable":true,"href":"https:\/\/jogapiekna.com\/en\/wp-json\/wp\/v2\/product_cat?post=50116"},{"taxonomy":"product_tag","embeddable":true,"href":"https:\/\/jogapiekna.com\/en\/wp-json\/wp\/v2\/product_tag?post=50116"}],"curies":[{"name":"wp","href":"https:\/\/api.w.org\/{rel}","templated":true}]}}