{"id":513,"date":"2018-08-17T02:56:35","date_gmt":"2018-08-17T00:56:35","guid":{"rendered":"http:\/\/jogapiekna.com\/?post_type=product&#038;p=513"},"modified":"2025-09-04T14:05:34","modified_gmt":"2025-09-04T12:05:34","slug":"warsztaty-dla-firm","status":"publish","type":"product","link":"https:\/\/jogapiekna.com\/en\/product\/warsztaty-dla-firm\/","title":{"rendered":"Master classes for companies with Marta Kuczynska * beauty yoga"},"content":{"rendered":"<p class=\"p1\"><span class=\"s1\">Seminars in a group that is connected by work every day are not only the development, but also the integration of the collective experience of the group. Take this opportunity to develop individual interests and become closer to each other as a team.\u00a0<\/span><\/p>\n<p>Seminar topics can be adapted individually depending on your needs-from natural methods of preserving beauty and health for longer, facial yoga, studying automation, the basics of Ayurveda to methods of dealing with stress.<\/p>\n<p class=\"p1\"><span class=\"s1\">Zakres materia\u0142u oraz cena s\u0105 ustalane indywidualnie. Zapytanie wy\u015blij na adres &#x6d;&#97;r&#x74;&#97;&#64;&#x6a;&#111;g&#x61;&#x70;&#105;&#x65;&#x6b;&#110;a&#x2e;&#99;o&#x6d;<\/span><\/p>","protected":false},"excerpt":{"rendered":"<p class=\"p1\"><span class=\"s1\">Seminars in a group that is connected by work every day are not only the development, but also the integration of the collective experience of the group.<\/span><\/p>","protected":false},"featured_media":94285,"comment_status":"closed","ping_status":"closed","template":"","meta":{"_acf_changed":false,"site-sidebar-layout":"default","site-content-layout":"","ast-site-content-layout":"default","site-content-style":"default","site-sidebar-style":"default","ast-global-header-display":"","ast-banner-title-visibility":"","ast-main-header-display":"","ast-hfb-above-header-display":"","ast-hfb-below-header-display":"","ast-hfb-mobile-header-display":"","site-post-title":"","ast-breadcrumbs-content":"","ast-featured-img":"","footer-sml-layout":"","ast-disable-related-posts":"","theme-transparent-header-meta":"","adv-header-id-meta":"","stick-header-meta":"","header-above-stick-meta":"","header-main-stick-meta":"","header-below-stick-meta":"","astra-migrate-meta-layouts":"default","ast-page-background-enabled":"default","ast-page-background-meta":{"desktop":{"background-color":"var(--ast-global-color-5)","background-image":"","background-repeat":"repeat","background-position":"center center","background-size":"auto","background-attachment":"scroll","background-type":"","background-media":"","overlay-type":"","overlay-color":"","overlay-opacity":"","overlay-gradient":""},"tablet":{"background-color":"","background-image":"","background-repeat":"repeat","background-position":"center center","background-size":"auto","background-attachment":"scroll","background-type":"","background-media":"","overlay-type":"","overlay-color":"","overlay-opacity":"","overlay-gradient":""},"mobile":{"background-color":"","background-image":"","background-repeat":"repeat","background-position":"center center","background-size":"auto","background-attachment":"scroll","background-type":"","background-media":"","overlay-type":"","overlay-color":"","overlay-opacity":"","overlay-gradient":""}},"ast-content-background-meta":{"desktop":{"background-color":"var(--ast-global-color-4)","background-image":"","background-repeat":"repeat","background-position":"center center","background-size":"auto","background-attachment":"scroll","background-type":"","background-media":"","overlay-type":"","overlay-color":"","overlay-opacity":"","overlay-gradient":""},"tablet":{"background-color":"var(--ast-global-color-4)","background-image":"","background-repeat":"repeat","background-position":"center center","background-size":"auto","background-attachment":"scroll","background-type":"","background-media":"","overlay-type":"","overlay-color":"","overlay-opacity":"","overlay-gradient":""},"mobile":{"background-color":"var(--ast-global-color-4)","background-image":"","background-repeat":"repeat","background-position":"center center","background-size":"auto","background-attachment":"scroll","background-type":"","background-media":"","overlay-type":"","overlay-color":"","overlay-opacity":"","overlay-gradient":""}}},"product_brand":[],"product_cat":[908],"product_tag":[41,509],"class_list":{"0":"post-513","1":"product","2":"type-product","3":"status-publish","4":"has-post-thumbnail","6":"product_cat-szkice","7":"product_tag-joga-twarzy","8":"product_tag-kursy-i-warsztaty","9":"desktop-align-left","10":"tablet-align-left","11":"mobile-align-left","13":"first","14":"onbackorder","15":"virtual","16":"taxable","17":"product-type-simple"},"acf":[],"yoast_head":"<!-- This site is optimized with the Yoast SEO plugin v27.2 - https:\/\/yoast.com\/product\/yoast-seo-wordpress\/ -->\n<title>Warsztaty dla firm z Mart\u0105 Kuci\u0144sk\u0105 \u2022 Joga pi\u0119kna | JOGA PI\u0118KNA | Joga Twarzy<\/title>\n<meta name=\"robots\" content=\"index, follow, max-snippet:-1, max-image-preview:large, max-video-preview:-1\" \/>\n<link rel=\"canonical\" href=\"https:\/\/jogapiekna.com\/en\/product\/warsztaty-dla-firm\/\" \/>\n<meta property=\"og:locale\" content=\"en_GB\" \/>\n<meta property=\"og:type\" content=\"article\" \/>\n<meta property=\"og:title\" content=\"Warsztaty dla firm z Mart\u0105 Kuci\u0144sk\u0105 \u2022 Joga pi\u0119kna | JOGA PI\u0118KNA | Joga Twarzy\" \/>\n<meta property=\"og:description\" content=\"Warsztaty w gronie, kt\u00f3re na co dzie\u0144 wi\u0105\u017ce praca, to nie tylko rozw\u00f3j, ale i polegaj\u0105ca na wsp\u00f3lnocie do\u015bwiadcze\u0144 integracja grupy.\" \/>\n<meta property=\"og:url\" content=\"https:\/\/jogapiekna.com\/en\/product\/warsztaty-dla-firm\/\" \/>\n<meta property=\"og:site_name\" content=\"JOGA PI\u0118KNA | Joga Twarzy\" \/>\n<meta property=\"article:publisher\" content=\"https:\/\/www.facebook.com\/JogaPieknaCom\/\" \/>\n<meta property=\"article:modified_time\" content=\"2025-09-04T12:05:34+00:00\" \/>\n<meta property=\"og:image\" content=\"https:\/\/jogapiekna.com\/wp-content\/uploads\/2018\/08\/warsztaty-dla-firm-jogapiekna-marta_kucinska-joga-piekna.jpg\" \/>\n\t<meta property=\"og:image:width\" content=\"1000\" \/>\n\t<meta property=\"og:image:height\" content=\"1000\" \/>\n\t<meta property=\"og:image:type\" content=\"image\/jpeg\" \/>\n<meta name=\"twitter:card\" content=\"summary_large_image\" \/>\n<meta name=\"twitter:label1\" content=\"Estimated reading time\" \/>\n\t<meta name=\"twitter:data1\" content=\"1 minute\" \/>\n<script type=\"application\/ld+json\" class=\"yoast-schema-graph\">{\"@context\":\"https:\/\/schema.org\",\"@graph\":[{\"@type\":\"WebPage\",\"@id\":\"https:\/\/jogapiekna.com\/produkt\/warsztaty-dla-firm\/\",\"url\":\"https:\/\/jogapiekna.com\/produkt\/warsztaty-dla-firm\/\",\"name\":\"Warsztaty dla firm z Mart\u0105 Kuci\u0144sk\u0105 \u2022 Joga pi\u0119kna | JOGA PI\u0118KNA | Joga Twarzy\",\"isPartOf\":{\"@id\":\"https:\/\/jogapiekna.com\/#website\"},\"primaryImageOfPage\":{\"@id\":\"https:\/\/jogapiekna.com\/produkt\/warsztaty-dla-firm\/#primaryimage\"},\"image\":{\"@id\":\"https:\/\/jogapiekna.com\/produkt\/warsztaty-dla-firm\/#primaryimage\"},\"thumbnailUrl\":\"https:\/\/jogapiekna.com\/wp-content\/uploads\/2018\/08\/warsztaty-dla-firm-jogapiekna-marta_kucinska-joga-piekna.jpg\",\"datePublished\":\"2018-08-17T00:56:35+00:00\",\"dateModified\":\"2025-09-04T12:05:34+00:00\",\"breadcrumb\":{\"@id\":\"https:\/\/jogapiekna.com\/produkt\/warsztaty-dla-firm\/#breadcrumb\"},\"inLanguage\":\"en-GB\",\"potentialAction\":[{\"@type\":\"ReadAction\",\"target\":[\"https:\/\/jogapiekna.com\/produkt\/warsztaty-dla-firm\/\"]}]},{\"@type\":\"ImageObject\",\"inLanguage\":\"en-GB\",\"@id\":\"https:\/\/jogapiekna.com\/produkt\/warsztaty-dla-firm\/#primaryimage\",\"url\":\"https:\/\/jogapiekna.com\/wp-content\/uploads\/2018\/08\/warsztaty-dla-firm-jogapiekna-marta_kucinska-joga-piekna.jpg\",\"contentUrl\":\"https:\/\/jogapiekna.com\/wp-content\/uploads\/2018\/08\/warsztaty-dla-firm-jogapiekna-marta_kucinska-joga-piekna.jpg\",\"width\":1000,\"height\":1000,\"caption\":\"Warsztaty dla firm \u2013 Joga pi\u0119kna\"},{\"@type\":\"BreadcrumbList\",\"@id\":\"https:\/\/jogapiekna.com\/produkt\/warsztaty-dla-firm\/#breadcrumb\",\"itemListElement\":[{\"@type\":\"ListItem\",\"position\":1,\"name\":\"Strona g\u0142\u00f3wna\",\"item\":\"https:\/\/jogapiekna.com\/\"},{\"@type\":\"ListItem\",\"position\":2,\"name\":\"Sklep\",\"item\":\"https:\/\/jogapiekna.com\/sklep\/\"},{\"@type\":\"ListItem\",\"position\":3,\"name\":\"Warsztaty dla firm z Mart\u0105 Kuci\u0144sk\u0105 \u2022 Joga pi\u0119kna\"}]},{\"@type\":\"WebSite\",\"@id\":\"https:\/\/jogapiekna.com\/#website\",\"url\":\"https:\/\/jogapiekna.com\/\",\"name\":\"Joga Pi\u0119kna Marta Kuci\u0144ska\",\"description\":\"Joga Pi\u0119kna pomaga kobietom zachowa\u0107 urod\u0119, cofn\u0105\u0107 oznaki up\u0142ywaj\u0105cego czasu i zm\u0119czenia, odzyska\u0107 promienny wygl\u0105d, naturalny u\u015bmiech i popraw\u0119 w\u0142asnej samooceny.\",\"publisher\":{\"@id\":\"https:\/\/jogapiekna.com\/#organization\"},\"potentialAction\":[{\"@type\":\"SearchAction\",\"target\":{\"@type\":\"EntryPoint\",\"urlTemplate\":\"https:\/\/jogapiekna.com\/?s={search_term_string}\"},\"query-input\":{\"@type\":\"PropertyValueSpecification\",\"valueRequired\":true,\"valueName\":\"search_term_string\"}}],\"inLanguage\":\"en-GB\"},{\"@type\":\"Organization\",\"@id\":\"https:\/\/jogapiekna.com\/#organization\",\"name\":\"Joga Pi\u0119kna Marta Kuci\u0144ska\",\"url\":\"https:\/\/jogapiekna.com\/\",\"logo\":{\"@type\":\"ImageObject\",\"inLanguage\":\"en-GB\",\"@id\":\"https:\/\/jogapiekna.com\/#\/schema\/logo\/image\/\",\"url\":\"https:\/\/jogapiekna.com\/wp-content\/uploads\/2022\/09\/joga-piekna-logo_Rka.png\",\"contentUrl\":\"https:\/\/jogapiekna.com\/wp-content\/uploads\/2022\/09\/joga-piekna-logo_Rka.png\",\"width\":231,\"height\":124,\"caption\":\"Joga Pi\u0119kna Marta Kuci\u0144ska\"},\"image\":{\"@id\":\"https:\/\/jogapiekna.com\/#\/schema\/logo\/image\/\"},\"sameAs\":[\"https:\/\/www.facebook.com\/JogaPieknaCom\/\",\"https:\/\/www.instagram.com\/jogapieknacom\/\"]}]}<\/script>\n<!-- \/ Yoast SEO plugin. -->","yoast_head_json":{"title":"Warsztaty dla firm z Mart\u0105 Kuci\u0144sk\u0105 \u2022 Joga pi\u0119kna | JOGA PI\u0118KNA | Joga Twarzy","robots":{"index":"index","follow":"follow","max-snippet":"max-snippet:-1","max-image-preview":"max-image-preview:large","max-video-preview":"max-video-preview:-1"},"canonical":"https:\/\/jogapiekna.com\/en\/product\/warsztaty-dla-firm\/","og_locale":"en_GB","og_type":"article","og_title":"Warsztaty dla firm z Mart\u0105 Kuci\u0144sk\u0105 \u2022 Joga pi\u0119kna | JOGA PI\u0118KNA | Joga Twarzy","og_description":"Warsztaty w gronie, kt\u00f3re na co dzie\u0144 wi\u0105\u017ce praca, to nie tylko rozw\u00f3j, ale i polegaj\u0105ca na wsp\u00f3lnocie do\u015bwiadcze\u0144 integracja grupy.","og_url":"https:\/\/jogapiekna.com\/en\/product\/warsztaty-dla-firm\/","og_site_name":"JOGA PI\u0118KNA | Joga Twarzy","article_publisher":"https:\/\/www.facebook.com\/JogaPieknaCom\/","article_modified_time":"2025-09-04T12:05:34+00:00","og_image":[{"width":1000,"height":1000,"url":"https:\/\/jogapiekna.com\/wp-content\/uploads\/2018\/08\/warsztaty-dla-firm-jogapiekna-marta_kucinska-joga-piekna.jpg","type":"image\/jpeg"}],"twitter_card":"summary_large_image","twitter_misc":{"Estimated reading time":"1 minute"},"schema":{"@context":"https:\/\/schema.org","@graph":[{"@type":"WebPage","@id":"https:\/\/jogapiekna.com\/produkt\/warsztaty-dla-firm\/","url":"https:\/\/jogapiekna.com\/produkt\/warsztaty-dla-firm\/","name":"Warsztaty dla firm z Mart\u0105 Kuci\u0144sk\u0105 \u2022 Joga pi\u0119kna | JOGA PI\u0118KNA | Joga Twarzy","isPartOf":{"@id":"https:\/\/jogapiekna.com\/#website"},"primaryImageOfPage":{"@id":"https:\/\/jogapiekna.com\/produkt\/warsztaty-dla-firm\/#primaryimage"},"image":{"@id":"https:\/\/jogapiekna.com\/produkt\/warsztaty-dla-firm\/#primaryimage"},"thumbnailUrl":"https:\/\/jogapiekna.com\/wp-content\/uploads\/2018\/08\/warsztaty-dla-firm-jogapiekna-marta_kucinska-joga-piekna.jpg","datePublished":"2018-08-17T00:56:35+00:00","dateModified":"2025-09-04T12:05:34+00:00","breadcrumb":{"@id":"https:\/\/jogapiekna.com\/produkt\/warsztaty-dla-firm\/#breadcrumb"},"inLanguage":"en-GB","potentialAction":[{"@type":"ReadAction","target":["https:\/\/jogapiekna.com\/produkt\/warsztaty-dla-firm\/"]}]},{"@type":"ImageObject","inLanguage":"en-GB","@id":"https:\/\/jogapiekna.com\/produkt\/warsztaty-dla-firm\/#primaryimage","url":"https:\/\/jogapiekna.com\/wp-content\/uploads\/2018\/08\/warsztaty-dla-firm-jogapiekna-marta_kucinska-joga-piekna.jpg","contentUrl":"https:\/\/jogapiekna.com\/wp-content\/uploads\/2018\/08\/warsztaty-dla-firm-jogapiekna-marta_kucinska-joga-piekna.jpg","width":1000,"height":1000,"caption":"Warsztaty dla firm \u2013 Joga pi\u0119kna"},{"@type":"BreadcrumbList","@id":"https:\/\/jogapiekna.com\/produkt\/warsztaty-dla-firm\/#breadcrumb","itemListElement":[{"@type":"ListItem","position":1,"name":"Strona g\u0142\u00f3wna","item":"https:\/\/jogapiekna.com\/"},{"@type":"ListItem","position":2,"name":"Sklep","item":"https:\/\/jogapiekna.com\/sklep\/"},{"@type":"ListItem","position":3,"name":"Warsztaty dla firm z Mart\u0105 Kuci\u0144sk\u0105 \u2022 Joga pi\u0119kna"}]},{"@type":"WebSite","@id":"https:\/\/jogapiekna.com\/#website","url":"https:\/\/jogapiekna.com\/","name":"Yoga Beauty Marta Kuci\u0144ska","description":"Beauty Yoga helps women to maintain their beauty, reverse the signs of passing time and fatigue, regain a radiant appearance, natural smile and improve their self-esteem.","publisher":{"@id":"https:\/\/jogapiekna.com\/#organization"},"potentialAction":[{"@type":"SearchAction","target":{"@type":"EntryPoint","urlTemplate":"https:\/\/jogapiekna.com\/?s={search_term_string}"},"query-input":{"@type":"PropertyValueSpecification","valueRequired":true,"valueName":"search_term_string"}}],"inLanguage":"en-GB"},{"@type":"Organization","@id":"https:\/\/jogapiekna.com\/#organization","name":"Yoga Beauty Marta Kuci\u0144ska","url":"https:\/\/jogapiekna.com\/","logo":{"@type":"ImageObject","inLanguage":"en-GB","@id":"https:\/\/jogapiekna.com\/#\/schema\/logo\/image\/","url":"https:\/\/jogapiekna.com\/wp-content\/uploads\/2022\/09\/joga-piekna-logo_Rka.png","contentUrl":"https:\/\/jogapiekna.com\/wp-content\/uploads\/2022\/09\/joga-piekna-logo_Rka.png","width":231,"height":124,"caption":"Joga Pi\u0119kna Marta Kuci\u0144ska"},"image":{"@id":"https:\/\/jogapiekna.com\/#\/schema\/logo\/image\/"},"sameAs":["https:\/\/www.facebook.com\/JogaPieknaCom\/","https:\/\/www.instagram.com\/jogapieknacom\/"]}]}},"_links":{"self":[{"href":"https:\/\/jogapiekna.com\/en\/wp-json\/wp\/v2\/product\/513","targetHints":{"allow":["GET"]}}],"collection":[{"href":"https:\/\/jogapiekna.com\/en\/wp-json\/wp\/v2\/product"}],"about":[{"href":"https:\/\/jogapiekna.com\/en\/wp-json\/wp\/v2\/types\/product"}],"replies":[{"embeddable":true,"href":"https:\/\/jogapiekna.com\/en\/wp-json\/wp\/v2\/comments?post=513"}],"version-history":[{"count":2,"href":"https:\/\/jogapiekna.com\/en\/wp-json\/wp\/v2\/product\/513\/revisions"}],"predecessor-version":[{"id":71818,"href":"https:\/\/jogapiekna.com\/en\/wp-json\/wp\/v2\/product\/513\/revisions\/71818"}],"wp:featuredmedia":[{"embeddable":true,"href":"https:\/\/jogapiekna.com\/en\/wp-json\/wp\/v2\/media\/94285"}],"wp:attachment":[{"href":"https:\/\/jogapiekna.com\/en\/wp-json\/wp\/v2\/media?parent=513"}],"wp:term":[{"taxonomy":"product_brand","embeddable":true,"href":"https:\/\/jogapiekna.com\/en\/wp-json\/wp\/v2\/product_brand?post=513"},{"taxonomy":"product_cat","embeddable":true,"href":"https:\/\/jogapiekna.com\/en\/wp-json\/wp\/v2\/product_cat?post=513"},{"taxonomy":"product_tag","embeddable":true,"href":"https:\/\/jogapiekna.com\/en\/wp-json\/wp\/v2\/product_tag?post=513"}],"curies":[{"name":"wp","href":"https:\/\/api.w.org\/{rel}","templated":true}]}}