{"id":53851,"date":"2021-07-06T18:04:52","date_gmt":"2021-07-06T16:04:52","guid":{"rendered":"https:\/\/jogapiekna.com\/?post_type=product&#038;p=53851"},"modified":"2026-03-26T20:01:21","modified_gmt":"2026-03-26T19:01:21","slug":"banki-silikonowe-do-masazu-ciala-zestaw-2-sztuki-rozowe","status":"publish","type":"product","link":"https:\/\/jogapiekna.com\/en\/product\/banki-silikonowe-do-masazu-ciala-zestaw-2-sztuki-rozowe\/","title":{"rendered":"Chinese Silicone Body Massager Pink * 2pcs"},"content":{"rendered":"<p>Set of silicone Chinese cans for body massage.\u2028 Comes with 2 bubbles in 2 different sizes. \u2028The bubbles are made of soft, soft pink silicone. Their transparency makes it easier to control the level of skin absorption. \u2028Bubbles are very easy to use \u2013 just squeeze the bubble, apply it to the skin and release it-then the bubble will \u201cstick\u201d to the skin.\u2028Bubbles complete with cloth storage bag.<\/p>\n<p><strong> Action of body bubbles: <\/strong><\/p>\n<ul>\n<li>tones and strengthens the skin<\/li>\n<li>they affect the improvement and stimulation of blood circulation<\/li>\n<li>help reduce cellulite<\/li>\n<li>promotes lymphatic circulation<\/li>\n<\/ul>\n<p><strong>Jars for body massage the so called BODY CUPPING<\/strong> - this is one of the best products for body massage, modeled on ancient natural Chinese medicine. Cupping massage is very pleasant and relaxing.<\/p>\n<p><strong>Material:<\/strong> 100% medical grade silicone (safe, non-toxic, hypoallergenic, free of PVC and harmful additives) - proven manufacturer<br \/>\n<strong>Colour:<\/strong> white transparent with a color gloss<br \/>\n<strong>Size:<\/strong><\/p>\n<ul>\n<li>bubble body massager size L: 60mm x 55mm-1 pc. Included<\/li>\n<li>bubble body massager size XL: 80mm x 70mm-1 pc. Included<\/li>\n<\/ul>\n<p><strong>Contraindications to massage with cans:<\/strong><\/p>\n<ul>\n<li>very delicate capillary skin, sensitive with a tendency to form so-called vascular asterisks (rupture of blood vessels)<\/li>\n<li>pregnancy<\/li>\n<li>lactation<\/li>\n<li>menstruation<\/li>\n<li>dilated veins<\/li>\n<li>epilepsy<\/li>\n<li>hemophilia<\/li>\n<li>any cardiovascular diseases<\/li>\n<li>any other disturbing diseases, skin problems, eczema, psoriasis, skin damage, eczema<\/li>\n<\/ul>\n<p><strong>SKIN PREPARATION<\/strong><br \/>\nThe basis for proper massage performance is to apply a lot of massage oil to the part of the body that we are going to massage.<\/p>\n<p><strong>usage:<\/strong><br \/>\nTo the skin, richly covered with oil, we press the bubbles (the compressed bubble is vigorously applied to the skin and released \u2013 at this point the bubble will stick to the body). We move the bubbles over the skin. We do the massage with a fairly fast movement, the contact of the bubble with the skin in one place can not last more than 2 seconds. Otherwise, it may damage the skin! A slight redness of the skin is a natural symptom when performing a massage with cans.\u2028Massage is performed every time, going to the heart!<\/p>\n<p>After the end of the massage, the jar should be thoroughly rinsed with warm water and soap.<\/p>\n<p><strong>This massage should last normally. 15-20 min.<\/strong><\/p>","protected":false},"excerpt":{"rendered":"<p>Set of silicone Chinese cans for body massage.<br \/>\nComes with 2 bubbles in 2 different sizes.<br \/>\nThe bubbles are made of soft, soft pink silicone. Their transparency makes it easier to control the level of skin absorption.<br \/>\nBubbles are very easy to use \u2013 just squeeze the bubble, apply it to the skin and release it-then the bubble will &#034;stick&#034; to the skin.<\/p>","protected":false},"featured_media":94555,"comment_status":"closed","ping_status":"closed","template":"","meta":{"_acf_changed":false,"site-sidebar-layout":"default","site-content-layout":"","ast-site-content-layout":"default","site-content-style":"default","site-sidebar-style":"default","ast-global-header-display":"","ast-banner-title-visibility":"","ast-main-header-display":"","ast-hfb-above-header-display":"","ast-hfb-below-header-display":"","ast-hfb-mobile-header-display":"","site-post-title":"","ast-breadcrumbs-content":"","ast-featured-img":"","footer-sml-layout":"","ast-disable-related-posts":"","theme-transparent-header-meta":"default","adv-header-id-meta":"","stick-header-meta":"","header-above-stick-meta":"","header-main-stick-meta":"","header-below-stick-meta":"","astra-migrate-meta-layouts":"set","ast-page-background-enabled":"default","ast-page-background-meta":{"desktop":{"background-color":"var(--ast-global-color-5)","background-image":"","background-repeat":"repeat","background-position":"center center","background-size":"auto","background-attachment":"scroll","background-type":"","background-media":"","overlay-type":"","overlay-color":"","overlay-opacity":"","overlay-gradient":""},"tablet":{"background-color":"","background-image":"","background-repeat":"repeat","background-position":"center center","background-size":"auto","background-attachment":"scroll","background-type":"","background-media":"","overlay-type":"","overlay-color":"","overlay-opacity":"","overlay-gradient":""},"mobile":{"background-color":"","background-image":"","background-repeat":"repeat","background-position":"center center","background-size":"auto","background-attachment":"scroll","background-type":"","background-media":"","overlay-type":"","overlay-color":"","overlay-opacity":"","overlay-gradient":""}},"ast-content-background-meta":{"desktop":{"background-color":"var(--ast-global-color-4)","background-image":"","background-repeat":"repeat","background-position":"center center","background-size":"auto","background-attachment":"scroll","background-type":"","background-media":"","overlay-type":"","overlay-color":"","overlay-opacity":"","overlay-gradient":""},"tablet":{"background-color":"var(--ast-global-color-4)","background-image":"","background-repeat":"repeat","background-position":"center center","background-size":"auto","background-attachment":"scroll","background-type":"","background-media":"","overlay-type":"","overlay-color":"","overlay-opacity":"","overlay-gradient":""},"mobile":{"background-color":"var(--ast-global-color-4)","background-image":"","background-repeat":"repeat","background-position":"center center","background-size":"auto","background-attachment":"scroll","background-type":"","background-media":"","overlay-type":"","overlay-color":"","overlay-opacity":"","overlay-gradient":""}}},"product_brand":[],"product_cat":[21,613,620],"product_tag":[175,41,260,259,256,255],"class_list":{"0":"post-53851","1":"product","2":"type-product","3":"status-publish","4":"has-post-thumbnail","6":"product_cat-akcesoria","7":"product_cat-banki","8":"product_cat-masaz-ciala","9":"product_tag-banki-chinskie","10":"product_tag-joga-twarzy","11":"product_tag-masaz-twarzy","12":"product_tag-odmladzanie","13":"product_tag-pielegnacja-skory","14":"product_tag-pielegnacja-twarzy","15":"desktop-align-left","16":"tablet-align-left","17":"mobile-align-left","19":"first","20":"instock","21":"taxable","22":"shipping-taxable","23":"purchasable","24":"product-type-simple"},"acf":[],"yoast_head":"<!-- This site is optimized with the Yoast SEO plugin v27.2 - https:\/\/yoast.com\/product\/yoast-seo-wordpress\/ -->\n<title>Ba\u0144ski chi\u0144skie do masa\u017cu cia\u0142a | Joga Pi\u0119kna | Odm\u0142adzanie<\/title>\n<meta name=\"description\" content=\"BA\u0143KI DO MASA\u017bU CIA\u0141A \u2013 to jeden z najlepszych produkt\u00f3w do wykonania masa\u017cu twarzy, wzorowany na staro\u017cytnej naturalnej medycynie chi\u0144skiej.\" \/>\n<meta name=\"robots\" content=\"index, follow, max-snippet:-1, max-image-preview:large, max-video-preview:-1\" \/>\n<link rel=\"canonical\" href=\"https:\/\/jogapiekna.com\/en\/product\/banki-silikonowe-do-masazu-ciala-zestaw-2-sztuki-rozowe\/\" \/>\n<meta property=\"og:locale\" content=\"en_GB\" \/>\n<meta property=\"og:type\" content=\"article\" \/>\n<meta property=\"og:title\" content=\"Ba\u0144ski chi\u0144skie do masa\u017cu cia\u0142a | Joga Pi\u0119kna | Odm\u0142adzanie\" \/>\n<meta property=\"og:description\" content=\"BA\u0143KI DO MASA\u017bU CIA\u0141A \u2013 to jeden z najlepszych produkt\u00f3w do wykonania masa\u017cu twarzy, wzorowany na staro\u017cytnej naturalnej medycynie chi\u0144skiej.\" \/>\n<meta property=\"og:url\" content=\"https:\/\/jogapiekna.com\/en\/product\/banki-silikonowe-do-masazu-ciala-zestaw-2-sztuki-rozowe\/\" \/>\n<meta property=\"og:site_name\" content=\"JOGA PI\u0118KNA | Joga Twarzy\" \/>\n<meta property=\"article:publisher\" content=\"https:\/\/www.facebook.com\/JogaPieknaCom\/\" \/>\n<meta property=\"article:modified_time\" content=\"2026-03-26T19:01:21+00:00\" \/>\n<meta property=\"og:image\" content=\"https:\/\/jogapiekna.com\/wp-content\/uploads\/2021\/07\/Banki__chinskie-silikonowe-do-masazu-ciala-rozowe-2-sztuki.jpg\" \/>\n\t<meta property=\"og:image:width\" content=\"1000\" \/>\n\t<meta property=\"og:image:height\" content=\"1000\" \/>\n\t<meta property=\"og:image:type\" content=\"image\/jpeg\" \/>\n<meta name=\"twitter:card\" content=\"summary_large_image\" \/>\n<meta name=\"twitter:label1\" content=\"Estimated reading time\" \/>\n\t<meta name=\"twitter:data1\" content=\"3 minutes\" \/>\n<script type=\"application\/ld+json\" class=\"yoast-schema-graph\">{\"@context\":\"https:\/\/schema.org\",\"@graph\":[{\"@type\":\"WebPage\",\"@id\":\"https:\/\/jogapiekna.com\/produkt\/banki-silikonowe-do-masazu-ciala-zestaw-2-sztuki-rozowe\/\",\"url\":\"https:\/\/jogapiekna.com\/produkt\/banki-silikonowe-do-masazu-ciala-zestaw-2-sztuki-rozowe\/\",\"name\":\"Ba\u0144ski chi\u0144skie do masa\u017cu cia\u0142a | Joga Pi\u0119kna | Odm\u0142adzanie\",\"isPartOf\":{\"@id\":\"https:\/\/jogapiekna.com\/#website\"},\"primaryImageOfPage\":{\"@id\":\"https:\/\/jogapiekna.com\/produkt\/banki-silikonowe-do-masazu-ciala-zestaw-2-sztuki-rozowe\/#primaryimage\"},\"image\":{\"@id\":\"https:\/\/jogapiekna.com\/produkt\/banki-silikonowe-do-masazu-ciala-zestaw-2-sztuki-rozowe\/#primaryimage\"},\"thumbnailUrl\":\"https:\/\/jogapiekna.com\/wp-content\/uploads\/2021\/07\/Banki__chinskie-silikonowe-do-masazu-ciala-rozowe-2-sztuki.jpg\",\"datePublished\":\"2021-07-06T16:04:52+00:00\",\"dateModified\":\"2026-03-26T19:01:21+00:00\",\"description\":\"BA\u0143KI DO MASA\u017bU CIA\u0141A \u2013 to jeden z najlepszych produkt\u00f3w do wykonania masa\u017cu twarzy, wzorowany na staro\u017cytnej naturalnej medycynie chi\u0144skiej.\",\"breadcrumb\":{\"@id\":\"https:\/\/jogapiekna.com\/produkt\/banki-silikonowe-do-masazu-ciala-zestaw-2-sztuki-rozowe\/#breadcrumb\"},\"inLanguage\":\"en-GB\",\"potentialAction\":[{\"@type\":\"ReadAction\",\"target\":[\"https:\/\/jogapiekna.com\/produkt\/banki-silikonowe-do-masazu-ciala-zestaw-2-sztuki-rozowe\/\"]}]},{\"@type\":\"ImageObject\",\"inLanguage\":\"en-GB\",\"@id\":\"https:\/\/jogapiekna.com\/produkt\/banki-silikonowe-do-masazu-ciala-zestaw-2-sztuki-rozowe\/#primaryimage\",\"url\":\"https:\/\/jogapiekna.com\/wp-content\/uploads\/2021\/07\/Banki__chinskie-silikonowe-do-masazu-ciala-rozowe-2-sztuki.jpg\",\"contentUrl\":\"https:\/\/jogapiekna.com\/wp-content\/uploads\/2021\/07\/Banki__chinskie-silikonowe-do-masazu-ciala-rozowe-2-sztuki.jpg\",\"width\":1000,\"height\":1000,\"caption\":\"Ba\u0144ki chi\u0144skie silikonowe do masa\u017cu cia\u0142a r\u00f3\u017cowe | 2 sztuki\"},{\"@type\":\"BreadcrumbList\",\"@id\":\"https:\/\/jogapiekna.com\/produkt\/banki-silikonowe-do-masazu-ciala-zestaw-2-sztuki-rozowe\/#breadcrumb\",\"itemListElement\":[{\"@type\":\"ListItem\",\"position\":1,\"name\":\"Strona g\u0142\u00f3wna\",\"item\":\"https:\/\/jogapiekna.com\/\"},{\"@type\":\"ListItem\",\"position\":2,\"name\":\"Sklep\",\"item\":\"https:\/\/jogapiekna.com\/sklep\/\"},{\"@type\":\"ListItem\",\"position\":3,\"name\":\"Ba\u0144ki chi\u0144skie silikonowe do masa\u017cu cia\u0142a ro\u017cowe \u2022 2 sztuki\"}]},{\"@type\":\"WebSite\",\"@id\":\"https:\/\/jogapiekna.com\/#website\",\"url\":\"https:\/\/jogapiekna.com\/\",\"name\":\"Joga Pi\u0119kna Marta Kuci\u0144ska\",\"description\":\"Joga Pi\u0119kna pomaga kobietom zachowa\u0107 urod\u0119, cofn\u0105\u0107 oznaki up\u0142ywaj\u0105cego czasu i zm\u0119czenia, odzyska\u0107 promienny wygl\u0105d, naturalny u\u015bmiech i popraw\u0119 w\u0142asnej samooceny.\",\"publisher\":{\"@id\":\"https:\/\/jogapiekna.com\/#organization\"},\"potentialAction\":[{\"@type\":\"SearchAction\",\"target\":{\"@type\":\"EntryPoint\",\"urlTemplate\":\"https:\/\/jogapiekna.com\/?s={search_term_string}\"},\"query-input\":{\"@type\":\"PropertyValueSpecification\",\"valueRequired\":true,\"valueName\":\"search_term_string\"}}],\"inLanguage\":\"en-GB\"},{\"@type\":\"Organization\",\"@id\":\"https:\/\/jogapiekna.com\/#organization\",\"name\":\"Joga Pi\u0119kna Marta Kuci\u0144ska\",\"url\":\"https:\/\/jogapiekna.com\/\",\"logo\":{\"@type\":\"ImageObject\",\"inLanguage\":\"en-GB\",\"@id\":\"https:\/\/jogapiekna.com\/#\/schema\/logo\/image\/\",\"url\":\"https:\/\/jogapiekna.com\/wp-content\/uploads\/2022\/09\/joga-piekna-logo_Rka.png\",\"contentUrl\":\"https:\/\/jogapiekna.com\/wp-content\/uploads\/2022\/09\/joga-piekna-logo_Rka.png\",\"width\":231,\"height\":124,\"caption\":\"Joga Pi\u0119kna Marta Kuci\u0144ska\"},\"image\":{\"@id\":\"https:\/\/jogapiekna.com\/#\/schema\/logo\/image\/\"},\"sameAs\":[\"https:\/\/www.facebook.com\/JogaPieknaCom\/\",\"https:\/\/www.instagram.com\/jogapieknacom\/\"]}]}<\/script>\n<!-- \/ Yoast SEO plugin. -->","yoast_head_json":{"title":"Ba\u0144ski chi\u0144skie do masa\u017cu cia\u0142a | Joga Pi\u0119kna | Odm\u0142adzanie","description":"BA\u0143KI DO MASA\u017bU CIA\u0141A \u2013 to jeden z najlepszych produkt\u00f3w do wykonania masa\u017cu twarzy, wzorowany na staro\u017cytnej naturalnej medycynie chi\u0144skiej.","robots":{"index":"index","follow":"follow","max-snippet":"max-snippet:-1","max-image-preview":"max-image-preview:large","max-video-preview":"max-video-preview:-1"},"canonical":"https:\/\/jogapiekna.com\/en\/product\/banki-silikonowe-do-masazu-ciala-zestaw-2-sztuki-rozowe\/","og_locale":"en_GB","og_type":"article","og_title":"Ba\u0144ski chi\u0144skie do masa\u017cu cia\u0142a | Joga Pi\u0119kna | Odm\u0142adzanie","og_description":"BA\u0143KI DO MASA\u017bU CIA\u0141A \u2013 to jeden z najlepszych produkt\u00f3w do wykonania masa\u017cu twarzy, wzorowany na staro\u017cytnej naturalnej medycynie chi\u0144skiej.","og_url":"https:\/\/jogapiekna.com\/en\/product\/banki-silikonowe-do-masazu-ciala-zestaw-2-sztuki-rozowe\/","og_site_name":"JOGA PI\u0118KNA | Joga Twarzy","article_publisher":"https:\/\/www.facebook.com\/JogaPieknaCom\/","article_modified_time":"2026-03-26T19:01:21+00:00","og_image":[{"width":1000,"height":1000,"url":"https:\/\/jogapiekna.com\/wp-content\/uploads\/2021\/07\/Banki__chinskie-silikonowe-do-masazu-ciala-rozowe-2-sztuki.jpg","type":"image\/jpeg"}],"twitter_card":"summary_large_image","twitter_misc":{"Estimated reading time":"3 minutes"},"schema":{"@context":"https:\/\/schema.org","@graph":[{"@type":"WebPage","@id":"https:\/\/jogapiekna.com\/produkt\/banki-silikonowe-do-masazu-ciala-zestaw-2-sztuki-rozowe\/","url":"https:\/\/jogapiekna.com\/produkt\/banki-silikonowe-do-masazu-ciala-zestaw-2-sztuki-rozowe\/","name":"Ba\u0144ski chi\u0144skie do masa\u017cu cia\u0142a | Joga Pi\u0119kna | Odm\u0142adzanie","isPartOf":{"@id":"https:\/\/jogapiekna.com\/#website"},"primaryImageOfPage":{"@id":"https:\/\/jogapiekna.com\/produkt\/banki-silikonowe-do-masazu-ciala-zestaw-2-sztuki-rozowe\/#primaryimage"},"image":{"@id":"https:\/\/jogapiekna.com\/produkt\/banki-silikonowe-do-masazu-ciala-zestaw-2-sztuki-rozowe\/#primaryimage"},"thumbnailUrl":"https:\/\/jogapiekna.com\/wp-content\/uploads\/2021\/07\/Banki__chinskie-silikonowe-do-masazu-ciala-rozowe-2-sztuki.jpg","datePublished":"2021-07-06T16:04:52+00:00","dateModified":"2026-03-26T19:01:21+00:00","description":"BA\u0143KI DO MASA\u017bU CIA\u0141A \u2013 to jeden z najlepszych produkt\u00f3w do wykonania masa\u017cu twarzy, wzorowany na staro\u017cytnej naturalnej medycynie chi\u0144skiej.","breadcrumb":{"@id":"https:\/\/jogapiekna.com\/produkt\/banki-silikonowe-do-masazu-ciala-zestaw-2-sztuki-rozowe\/#breadcrumb"},"inLanguage":"en-GB","potentialAction":[{"@type":"ReadAction","target":["https:\/\/jogapiekna.com\/produkt\/banki-silikonowe-do-masazu-ciala-zestaw-2-sztuki-rozowe\/"]}]},{"@type":"ImageObject","inLanguage":"en-GB","@id":"https:\/\/jogapiekna.com\/produkt\/banki-silikonowe-do-masazu-ciala-zestaw-2-sztuki-rozowe\/#primaryimage","url":"https:\/\/jogapiekna.com\/wp-content\/uploads\/2021\/07\/Banki__chinskie-silikonowe-do-masazu-ciala-rozowe-2-sztuki.jpg","contentUrl":"https:\/\/jogapiekna.com\/wp-content\/uploads\/2021\/07\/Banki__chinskie-silikonowe-do-masazu-ciala-rozowe-2-sztuki.jpg","width":1000,"height":1000,"caption":"Ba\u0144ki chi\u0144skie silikonowe do masa\u017cu cia\u0142a r\u00f3\u017cowe | 2 sztuki"},{"@type":"BreadcrumbList","@id":"https:\/\/jogapiekna.com\/produkt\/banki-silikonowe-do-masazu-ciala-zestaw-2-sztuki-rozowe\/#breadcrumb","itemListElement":[{"@type":"ListItem","position":1,"name":"Strona g\u0142\u00f3wna","item":"https:\/\/jogapiekna.com\/"},{"@type":"ListItem","position":2,"name":"Sklep","item":"https:\/\/jogapiekna.com\/sklep\/"},{"@type":"ListItem","position":3,"name":"Ba\u0144ki chi\u0144skie silikonowe do masa\u017cu cia\u0142a ro\u017cowe \u2022 2 sztuki"}]},{"@type":"WebSite","@id":"https:\/\/jogapiekna.com\/#website","url":"https:\/\/jogapiekna.com\/","name":"Yoga Beauty Marta Kuci\u0144ska","description":"Beauty Yoga helps women to maintain their beauty, reverse the signs of passing time and fatigue, regain a radiant appearance, natural smile and improve their self-esteem.","publisher":{"@id":"https:\/\/jogapiekna.com\/#organization"},"potentialAction":[{"@type":"SearchAction","target":{"@type":"EntryPoint","urlTemplate":"https:\/\/jogapiekna.com\/?s={search_term_string}"},"query-input":{"@type":"PropertyValueSpecification","valueRequired":true,"valueName":"search_term_string"}}],"inLanguage":"en-GB"},{"@type":"Organization","@id":"https:\/\/jogapiekna.com\/#organization","name":"Yoga Beauty Marta Kuci\u0144ska","url":"https:\/\/jogapiekna.com\/","logo":{"@type":"ImageObject","inLanguage":"en-GB","@id":"https:\/\/jogapiekna.com\/#\/schema\/logo\/image\/","url":"https:\/\/jogapiekna.com\/wp-content\/uploads\/2022\/09\/joga-piekna-logo_Rka.png","contentUrl":"https:\/\/jogapiekna.com\/wp-content\/uploads\/2022\/09\/joga-piekna-logo_Rka.png","width":231,"height":124,"caption":"Joga Pi\u0119kna Marta Kuci\u0144ska"},"image":{"@id":"https:\/\/jogapiekna.com\/#\/schema\/logo\/image\/"},"sameAs":["https:\/\/www.facebook.com\/JogaPieknaCom\/","https:\/\/www.instagram.com\/jogapieknacom\/"]}]}},"_links":{"self":[{"href":"https:\/\/jogapiekna.com\/en\/wp-json\/wp\/v2\/product\/53851","targetHints":{"allow":["GET"]}}],"collection":[{"href":"https:\/\/jogapiekna.com\/en\/wp-json\/wp\/v2\/product"}],"about":[{"href":"https:\/\/jogapiekna.com\/en\/wp-json\/wp\/v2\/types\/product"}],"replies":[{"embeddable":true,"href":"https:\/\/jogapiekna.com\/en\/wp-json\/wp\/v2\/comments?post=53851"}],"version-history":[{"count":2,"href":"https:\/\/jogapiekna.com\/en\/wp-json\/wp\/v2\/product\/53851\/revisions"}],"predecessor-version":[{"id":213142,"href":"https:\/\/jogapiekna.com\/en\/wp-json\/wp\/v2\/product\/53851\/revisions\/213142"}],"wp:featuredmedia":[{"embeddable":true,"href":"https:\/\/jogapiekna.com\/en\/wp-json\/wp\/v2\/media\/94555"}],"wp:attachment":[{"href":"https:\/\/jogapiekna.com\/en\/wp-json\/wp\/v2\/media?parent=53851"}],"wp:term":[{"taxonomy":"product_brand","embeddable":true,"href":"https:\/\/jogapiekna.com\/en\/wp-json\/wp\/v2\/product_brand?post=53851"},{"taxonomy":"product_cat","embeddable":true,"href":"https:\/\/jogapiekna.com\/en\/wp-json\/wp\/v2\/product_cat?post=53851"},{"taxonomy":"product_tag","embeddable":true,"href":"https:\/\/jogapiekna.com\/en\/wp-json\/wp\/v2\/product_tag?post=53851"}],"curies":[{"name":"wp","href":"https:\/\/api.w.org\/{rel}","templated":true}]}}