{"id":54905,"date":"2021-07-20T00:23:31","date_gmt":"2021-07-19T22:23:31","guid":{"rendered":"https:\/\/jogapiekna.com\/?post_type=product&#038;p=54905"},"modified":"2026-04-16T14:11:44","modified_gmt":"2026-04-16T12:11:44","slug":"brahmi-120-tabletek","status":"publish","type":"product","link":"https:\/\/jogapiekna.com\/en\/product\/brahmi-120-tabletek\/","title":{"rendered":"Brahmi Jiva Tablets * Concentration * Memory * 120 tablets"},"content":{"rendered":"<p>Small-leaved Brahmi Bacopa is a plant that is the main ingredient of the product offered by our store. Completely natural preparation is absolutely safe and has a beneficial effect on the nervous system in the human body. Brahmi Jiva Pills are a soothing and cleansing tonic for your brain. This herb has properties that stimulate the nervous system and balance its functioning. Brahmi tablets can be used for a wide variety of diseases. They have been used by Indian doctors for many years, and now the drug is reaching Europe, where it is enjoying a growing level of popularity. And not only among the supporters of Ayurvedic medicine.<\/p>\n<p>Brahmi, as a natural product, comprehensively supports the human nervous system. This is the right choice for people who are exposed to severe stress, want to take care of their psychophysical state and correct emotional balance. Brahmi Jiva pills nourish the brain and provide it with the components necessary for better functioning. This is an excellent product that rejuvenates the tissues and additionally strengthens the heart. Brahmi pills also have a positive effect on the weakened nervous system and support its proper functioning.<\/p>\n<p><strong>Application<\/strong><br \/>\nBrahmi Jiva pills have a complex effect:<br \/>\n* balancing<br \/>\n* relaxing<br \/>\n* tonic<br \/>\n* anti-aging products<br \/>\n* nutritious<\/p>\n<p><strong>Dosage<\/strong> Take 1 tablet twice a day with a sufficient amount of warm water.<\/p>\n<p><strong>Container:<\/strong> 120 tablets<\/p>\n<p><strong>Product composition:<\/strong> small-leaved bacopa powder, binder: gum arabic (acacia gum), corn starch.<\/p>\n<p>Do not exceed the recommended daily intake. A dietary supplement cannot be used as a substitute for a varied diet. It is necessary to adhere to a healthy lifestyle and a balanced diet. Do not use with hypersensitivity to the components of the drug. The product is not intended for pregnant or lactating women and children. Keep out of reach of small children. Protect from light and moisture.<\/p>","protected":false},"excerpt":{"rendered":"<p>Brahmi is recognized as the most important herb that regulates the functioning of the nervous system used in Ayurvedic medicine. It regenerates brain cells by removing toxins and blockages in the nervous system, and also has nutritional properties. Improves memory and concentration. Calms the heart, preventing its diseases. Brahmi pills also help fight stress and psychological trauma.<\/p>\n<p><strong>Action:<\/strong> It nourishes the brain and improves mental functioning. Improves memory and concentration. It balances the Kapha and Pitta doshas in the body. Rejuvenates the dhatus (tissue) and strengthens the heart.<br \/>\n<strong>Container:<\/strong> 120 tablets<\/p>\n<p><strong>Fate:<\/strong> stress and memory<\/p>","protected":false},"featured_media":132323,"comment_status":"closed","ping_status":"closed","template":"","meta":{"_acf_changed":false,"site-sidebar-layout":"default","site-content-layout":"","ast-site-content-layout":"default","site-content-style":"default","site-sidebar-style":"default","ast-global-header-display":"","ast-banner-title-visibility":"","ast-main-header-display":"","ast-hfb-above-header-display":"","ast-hfb-below-header-display":"","ast-hfb-mobile-header-display":"","site-post-title":"","ast-breadcrumbs-content":"","ast-featured-img":"","footer-sml-layout":"","ast-disable-related-posts":"","theme-transparent-header-meta":"","adv-header-id-meta":"","stick-header-meta":"","header-above-stick-meta":"","header-main-stick-meta":"","header-below-stick-meta":"","astra-migrate-meta-layouts":"default","ast-page-background-enabled":"default","ast-page-background-meta":{"desktop":{"background-color":"var(--ast-global-color-5)","background-image":"","background-repeat":"repeat","background-position":"center center","background-size":"auto","background-attachment":"scroll","background-type":"","background-media":"","overlay-type":"","overlay-color":"","overlay-opacity":"","overlay-gradient":""},"tablet":{"background-color":"","background-image":"","background-repeat":"repeat","background-position":"center center","background-size":"auto","background-attachment":"scroll","background-type":"","background-media":"","overlay-type":"","overlay-color":"","overlay-opacity":"","overlay-gradient":""},"mobile":{"background-color":"","background-image":"","background-repeat":"repeat","background-position":"center center","background-size":"auto","background-attachment":"scroll","background-type":"","background-media":"","overlay-type":"","overlay-color":"","overlay-opacity":"","overlay-gradient":""}},"ast-content-background-meta":{"desktop":{"background-color":"var(--ast-global-color-4)","background-image":"","background-repeat":"repeat","background-position":"center center","background-size":"auto","background-attachment":"scroll","background-type":"","background-media":"","overlay-type":"","overlay-color":"","overlay-opacity":"","overlay-gradient":""},"tablet":{"background-color":"var(--ast-global-color-4)","background-image":"","background-repeat":"repeat","background-position":"center center","background-size":"auto","background-attachment":"scroll","background-type":"","background-media":"","overlay-type":"","overlay-color":"","overlay-opacity":"","overlay-gradient":""},"mobile":{"background-color":"var(--ast-global-color-4)","background-image":"","background-repeat":"repeat","background-position":"center center","background-size":"auto","background-attachment":"scroll","background-type":"","background-media":"","overlay-type":"","overlay-color":"","overlay-opacity":"","overlay-gradient":""}}},"product_brand":[],"product_cat":[625,639],"product_tag":[321,244,474,365,386,364,385,358,362,384],"class_list":{"0":"post-54905","1":"product","2":"type-product","3":"status-publish","4":"has-post-thumbnail","6":"product_cat-promocje","7":"product_cat-suplementy","8":"product_tag-brahmi","9":"product_tag-holistyczna-pielegancja","10":"product_tag-jiva","11":"product_tag-koncentracja","12":"product_tag-medycyna-ajurwedyjska","13":"product_tag-pamiec","14":"product_tag-rownowaga-emocjonalna","15":"product_tag-stres","16":"product_tag-uklad-nerwowy","17":"product_tag-wyciszenie","18":"desktop-align-left","19":"tablet-align-left","20":"mobile-align-left","22":"first","23":"instock","24":"sale","25":"taxable","26":"shipping-taxable","27":"purchasable","28":"product-type-simple"},"acf":[],"yoast_head":"<!-- This site is optimized with the Yoast SEO plugin v27.4 - https:\/\/yoast.com\/product\/yoast-seo-wordpress\/ -->\n<title>Tabletki Brahmi JIVA \u2022 koncentracja \u2022 pami\u0119\u0107 \u2022 120 tabletek | Joga Pi\u0119kna | Naturalne odm\u0142adzanie<\/title>\n<meta name=\"description\" content=\"Brahmi jest uznawane za najwa\u017cniejsze zio\u0142o, kt\u00f3re reguluje funkcjonowanie uk\u0142adu nerwowego stosowane w medycynie ajurwedyjskiej. Regeneruje kom\u00f3rki m\u00f3zgu, usuwaj\u0105c toksyny i blokady w obr\u0119bie uk\u0142adu nerwowego a jednocze\u015bnie ma w\u0142a\u015bciwo\u015bci od\u017cywcze. Poprawia pami\u0119\u0107 i koncentracj\u0119. Uspokaja serce zapobiegaj\u0105c jego chorobom. Tabletki Brahmi pomagaj\u0105 r\u00f3wnie\u017c w walce ze stresem i urazami psychicznymi.\" \/>\n<meta name=\"robots\" content=\"index, follow, max-snippet:-1, max-image-preview:large, max-video-preview:-1\" \/>\n<link rel=\"canonical\" href=\"https:\/\/jogapiekna.com\/en\/product\/brahmi-120-tabletek\/\" \/>\n<meta property=\"og:locale\" content=\"en_GB\" \/>\n<meta property=\"og:type\" content=\"article\" \/>\n<meta property=\"og:title\" content=\"Tabletki Brahmi JIVA \u2022 koncentracja \u2022 pami\u0119\u0107 \u2022 120 tabletek | Joga Pi\u0119kna | Naturalne odm\u0142adzanie\" \/>\n<meta property=\"og:description\" content=\"Brahmi jest uznawane za najwa\u017cniejsze zio\u0142o, kt\u00f3re reguluje funkcjonowanie uk\u0142adu nerwowego stosowane w medycynie ajurwedyjskiej. Regeneruje kom\u00f3rki m\u00f3zgu, usuwaj\u0105c toksyny i blokady w obr\u0119bie uk\u0142adu nerwowego a jednocze\u015bnie ma w\u0142a\u015bciwo\u015bci od\u017cywcze. Poprawia pami\u0119\u0107 i koncentracj\u0119. Uspokaja serce zapobiegaj\u0105c jego chorobom. Tabletki Brahmi pomagaj\u0105 r\u00f3wnie\u017c w walce ze stresem i urazami psychicznymi.\" \/>\n<meta property=\"og:url\" content=\"https:\/\/jogapiekna.com\/en\/product\/brahmi-120-tabletek\/\" \/>\n<meta property=\"og:site_name\" content=\"JOGA PI\u0118KNA | Joga Twarzy\" \/>\n<meta property=\"article:publisher\" content=\"https:\/\/www.facebook.com\/JogaPieknaCom\/\" \/>\n<meta property=\"article:modified_time\" content=\"2026-04-16T12:11:44+00:00\" \/>\n<meta property=\"og:image\" content=\"https:\/\/jogapiekna.com\/wp-content\/uploads\/2021\/07\/Brahmi-120tabletek_jogapiekna_suplementy-jiva.jpg\" \/>\n\t<meta property=\"og:image:width\" content=\"1000\" \/>\n\t<meta property=\"og:image:height\" content=\"1000\" \/>\n\t<meta property=\"og:image:type\" content=\"image\/jpeg\" \/>\n<meta name=\"twitter:card\" content=\"summary_large_image\" \/>\n<meta name=\"twitter:label1\" content=\"Estimated reading time\" \/>\n\t<meta name=\"twitter:data1\" content=\"2 minutes\" \/>\n<script type=\"application\/ld+json\" class=\"yoast-schema-graph\">{\"@context\":\"https:\\\/\\\/schema.org\",\"@graph\":[{\"@type\":\"WebPage\",\"@id\":\"https:\\\/\\\/jogapiekna.com\\\/produkt\\\/brahmi-120-tabletek\\\/\",\"url\":\"https:\\\/\\\/jogapiekna.com\\\/produkt\\\/brahmi-120-tabletek\\\/\",\"name\":\"Tabletki Brahmi JIVA \u2022 koncentracja \u2022 pami\u0119\u0107 \u2022 120 tabletek | Joga Pi\u0119kna | Naturalne odm\u0142adzanie\",\"isPartOf\":{\"@id\":\"https:\\\/\\\/jogapiekna.com\\\/#website\"},\"primaryImageOfPage\":{\"@id\":\"https:\\\/\\\/jogapiekna.com\\\/produkt\\\/brahmi-120-tabletek\\\/#primaryimage\"},\"image\":{\"@id\":\"https:\\\/\\\/jogapiekna.com\\\/produkt\\\/brahmi-120-tabletek\\\/#primaryimage\"},\"thumbnailUrl\":\"https:\\\/\\\/jogapiekna.com\\\/wp-content\\\/uploads\\\/2021\\\/07\\\/Brahmi-120tabletek_jogapiekna_suplementy-jiva.jpg\",\"datePublished\":\"2021-07-19T22:23:31+00:00\",\"dateModified\":\"2026-04-16T12:11:44+00:00\",\"description\":\"Brahmi jest uznawane za najwa\u017cniejsze zio\u0142o, kt\u00f3re reguluje funkcjonowanie uk\u0142adu nerwowego stosowane w medycynie ajurwedyjskiej. Regeneruje kom\u00f3rki m\u00f3zgu, usuwaj\u0105c toksyny i blokady w obr\u0119bie uk\u0142adu nerwowego a jednocze\u015bnie ma w\u0142a\u015bciwo\u015bci od\u017cywcze. Poprawia pami\u0119\u0107 i koncentracj\u0119. Uspokaja serce zapobiegaj\u0105c jego chorobom. Tabletki Brahmi pomagaj\u0105 r\u00f3wnie\u017c w walce ze stresem i urazami psychicznymi.\",\"breadcrumb\":{\"@id\":\"https:\\\/\\\/jogapiekna.com\\\/produkt\\\/brahmi-120-tabletek\\\/#breadcrumb\"},\"inLanguage\":\"en-GB\",\"potentialAction\":[{\"@type\":\"ReadAction\",\"target\":[\"https:\\\/\\\/jogapiekna.com\\\/produkt\\\/brahmi-120-tabletek\\\/\"]}]},{\"@type\":\"ImageObject\",\"inLanguage\":\"en-GB\",\"@id\":\"https:\\\/\\\/jogapiekna.com\\\/produkt\\\/brahmi-120-tabletek\\\/#primaryimage\",\"url\":\"https:\\\/\\\/jogapiekna.com\\\/wp-content\\\/uploads\\\/2021\\\/07\\\/Brahmi-120tabletek_jogapiekna_suplementy-jiva.jpg\",\"contentUrl\":\"https:\\\/\\\/jogapiekna.com\\\/wp-content\\\/uploads\\\/2021\\\/07\\\/Brahmi-120tabletek_jogapiekna_suplementy-jiva.jpg\",\"width\":1000,\"height\":1000,\"caption\":\"Tabletki Brahmi JIVA \u2022 uk\u0142ad nerwowy \u2022 koncentracja \u2022 120 tabletek\"},{\"@type\":\"BreadcrumbList\",\"@id\":\"https:\\\/\\\/jogapiekna.com\\\/produkt\\\/brahmi-120-tabletek\\\/#breadcrumb\",\"itemListElement\":[{\"@type\":\"ListItem\",\"position\":1,\"name\":\"Strona g\u0142\u00f3wna\",\"item\":\"https:\\\/\\\/jogapiekna.com\\\/\"},{\"@type\":\"ListItem\",\"position\":2,\"name\":\"Sklep\",\"item\":\"https:\\\/\\\/jogapiekna.com\\\/sklep\\\/\"},{\"@type\":\"ListItem\",\"position\":3,\"name\":\"Tabletki Brahmi JIVA \u2022 koncentracja \u2022 pami\u0119\u0107 \u2022 120 tabletek\"}]},{\"@type\":\"WebSite\",\"@id\":\"https:\\\/\\\/jogapiekna.com\\\/#website\",\"url\":\"https:\\\/\\\/jogapiekna.com\\\/\",\"name\":\"Joga Pi\u0119kna Marta Kuci\u0144ska\",\"description\":\"Joga Pi\u0119kna pomaga kobietom zachowa\u0107 urod\u0119, cofn\u0105\u0107 oznaki up\u0142ywaj\u0105cego czasu i zm\u0119czenia, odzyska\u0107 promienny wygl\u0105d, naturalny u\u015bmiech i popraw\u0119 w\u0142asnej samooceny.\",\"publisher\":{\"@id\":\"https:\\\/\\\/jogapiekna.com\\\/#organization\"},\"potentialAction\":[{\"@type\":\"SearchAction\",\"target\":{\"@type\":\"EntryPoint\",\"urlTemplate\":\"https:\\\/\\\/jogapiekna.com\\\/?s={search_term_string}\"},\"query-input\":{\"@type\":\"PropertyValueSpecification\",\"valueRequired\":true,\"valueName\":\"search_term_string\"}}],\"inLanguage\":\"en-GB\"},{\"@type\":\"Organization\",\"@id\":\"https:\\\/\\\/jogapiekna.com\\\/#organization\",\"name\":\"Joga Pi\u0119kna Marta Kuci\u0144ska\",\"url\":\"https:\\\/\\\/jogapiekna.com\\\/\",\"logo\":{\"@type\":\"ImageObject\",\"inLanguage\":\"en-GB\",\"@id\":\"https:\\\/\\\/jogapiekna.com\\\/#\\\/schema\\\/logo\\\/image\\\/\",\"url\":\"https:\\\/\\\/jogapiekna.com\\\/wp-content\\\/uploads\\\/2022\\\/09\\\/joga-piekna-logo_Rka.png\",\"contentUrl\":\"https:\\\/\\\/jogapiekna.com\\\/wp-content\\\/uploads\\\/2022\\\/09\\\/joga-piekna-logo_Rka.png\",\"width\":231,\"height\":124,\"caption\":\"Joga Pi\u0119kna Marta Kuci\u0144ska\"},\"image\":{\"@id\":\"https:\\\/\\\/jogapiekna.com\\\/#\\\/schema\\\/logo\\\/image\\\/\"},\"sameAs\":[\"https:\\\/\\\/www.facebook.com\\\/JogaPieknaCom\\\/\",\"https:\\\/\\\/www.instagram.com\\\/jogapieknacom\\\/\"]}]}<\/script>\n<!-- \/ Yoast SEO plugin. -->","yoast_head_json":{"title":"Tabletki Brahmi JIVA \u2022 koncentracja \u2022 pami\u0119\u0107 \u2022 120 tabletek | Joga Pi\u0119kna | Naturalne odm\u0142adzanie","description":"Brahmi is recognized as the most important herb that regulates the functioning of the nervous system used in Ayurvedic medicine. It regenerates brain cells by removing toxins and blockages in the nervous system, and also has nutritional properties. Improves memory and concentration. Calms the heart, preventing its diseases. Brahmi pills also help fight stress and psychological trauma.","robots":{"index":"index","follow":"follow","max-snippet":"max-snippet:-1","max-image-preview":"max-image-preview:large","max-video-preview":"max-video-preview:-1"},"canonical":"https:\/\/jogapiekna.com\/en\/product\/brahmi-120-tabletek\/","og_locale":"en_GB","og_type":"article","og_title":"Tabletki Brahmi JIVA \u2022 koncentracja \u2022 pami\u0119\u0107 \u2022 120 tabletek | Joga Pi\u0119kna | Naturalne odm\u0142adzanie","og_description":"Brahmi jest uznawane za najwa\u017cniejsze zio\u0142o, kt\u00f3re reguluje funkcjonowanie uk\u0142adu nerwowego stosowane w medycynie ajurwedyjskiej. Regeneruje kom\u00f3rki m\u00f3zgu, usuwaj\u0105c toksyny i blokady w obr\u0119bie uk\u0142adu nerwowego a jednocze\u015bnie ma w\u0142a\u015bciwo\u015bci od\u017cywcze. Poprawia pami\u0119\u0107 i koncentracj\u0119. Uspokaja serce zapobiegaj\u0105c jego chorobom. Tabletki Brahmi pomagaj\u0105 r\u00f3wnie\u017c w walce ze stresem i urazami psychicznymi.","og_url":"https:\/\/jogapiekna.com\/en\/product\/brahmi-120-tabletek\/","og_site_name":"JOGA PI\u0118KNA | Joga Twarzy","article_publisher":"https:\/\/www.facebook.com\/JogaPieknaCom\/","article_modified_time":"2026-04-16T12:11:44+00:00","og_image":[{"width":1000,"height":1000,"url":"https:\/\/jogapiekna.com\/wp-content\/uploads\/2021\/07\/Brahmi-120tabletek_jogapiekna_suplementy-jiva.jpg","type":"image\/jpeg"}],"twitter_card":"summary_large_image","twitter_misc":{"Estimated reading time":"2 minutes"},"schema":{"@context":"https:\/\/schema.org","@graph":[{"@type":"WebPage","@id":"https:\/\/jogapiekna.com\/produkt\/brahmi-120-tabletek\/","url":"https:\/\/jogapiekna.com\/produkt\/brahmi-120-tabletek\/","name":"Tabletki Brahmi JIVA \u2022 koncentracja \u2022 pami\u0119\u0107 \u2022 120 tabletek | Joga Pi\u0119kna | Naturalne odm\u0142adzanie","isPartOf":{"@id":"https:\/\/jogapiekna.com\/#website"},"primaryImageOfPage":{"@id":"https:\/\/jogapiekna.com\/produkt\/brahmi-120-tabletek\/#primaryimage"},"image":{"@id":"https:\/\/jogapiekna.com\/produkt\/brahmi-120-tabletek\/#primaryimage"},"thumbnailUrl":"https:\/\/jogapiekna.com\/wp-content\/uploads\/2021\/07\/Brahmi-120tabletek_jogapiekna_suplementy-jiva.jpg","datePublished":"2021-07-19T22:23:31+00:00","dateModified":"2026-04-16T12:11:44+00:00","description":"Brahmi is recognized as the most important herb that regulates the functioning of the nervous system used in Ayurvedic medicine. It regenerates brain cells by removing toxins and blockages in the nervous system, and also has nutritional properties. Improves memory and concentration. Calms the heart, preventing its diseases. Brahmi pills also help fight stress and psychological trauma.","breadcrumb":{"@id":"https:\/\/jogapiekna.com\/produkt\/brahmi-120-tabletek\/#breadcrumb"},"inLanguage":"en-GB","potentialAction":[{"@type":"ReadAction","target":["https:\/\/jogapiekna.com\/produkt\/brahmi-120-tabletek\/"]}]},{"@type":"ImageObject","inLanguage":"en-GB","@id":"https:\/\/jogapiekna.com\/produkt\/brahmi-120-tabletek\/#primaryimage","url":"https:\/\/jogapiekna.com\/wp-content\/uploads\/2021\/07\/Brahmi-120tabletek_jogapiekna_suplementy-jiva.jpg","contentUrl":"https:\/\/jogapiekna.com\/wp-content\/uploads\/2021\/07\/Brahmi-120tabletek_jogapiekna_suplementy-jiva.jpg","width":1000,"height":1000,"caption":"Tabletki Brahmi JIVA \u2022 uk\u0142ad nerwowy \u2022 koncentracja \u2022 120 tabletek"},{"@type":"BreadcrumbList","@id":"https:\/\/jogapiekna.com\/produkt\/brahmi-120-tabletek\/#breadcrumb","itemListElement":[{"@type":"ListItem","position":1,"name":"Strona g\u0142\u00f3wna","item":"https:\/\/jogapiekna.com\/"},{"@type":"ListItem","position":2,"name":"Sklep","item":"https:\/\/jogapiekna.com\/sklep\/"},{"@type":"ListItem","position":3,"name":"Tabletki Brahmi JIVA \u2022 koncentracja \u2022 pami\u0119\u0107 \u2022 120 tabletek"}]},{"@type":"WebSite","@id":"https:\/\/jogapiekna.com\/#website","url":"https:\/\/jogapiekna.com\/","name":"Yoga Beauty Marta Kuci\u0144ska","description":"Beauty Yoga helps women to maintain their beauty, reverse the signs of passing time and fatigue, regain a radiant appearance, natural smile and improve their self-esteem.","publisher":{"@id":"https:\/\/jogapiekna.com\/#organization"},"potentialAction":[{"@type":"SearchAction","target":{"@type":"EntryPoint","urlTemplate":"https:\/\/jogapiekna.com\/?s={search_term_string}"},"query-input":{"@type":"PropertyValueSpecification","valueRequired":true,"valueName":"search_term_string"}}],"inLanguage":"en-GB"},{"@type":"Organization","@id":"https:\/\/jogapiekna.com\/#organization","name":"Yoga Beauty Marta Kuci\u0144ska","url":"https:\/\/jogapiekna.com\/","logo":{"@type":"ImageObject","inLanguage":"en-GB","@id":"https:\/\/jogapiekna.com\/#\/schema\/logo\/image\/","url":"https:\/\/jogapiekna.com\/wp-content\/uploads\/2022\/09\/joga-piekna-logo_Rka.png","contentUrl":"https:\/\/jogapiekna.com\/wp-content\/uploads\/2022\/09\/joga-piekna-logo_Rka.png","width":231,"height":124,"caption":"Joga Pi\u0119kna Marta Kuci\u0144ska"},"image":{"@id":"https:\/\/jogapiekna.com\/#\/schema\/logo\/image\/"},"sameAs":["https:\/\/www.facebook.com\/JogaPieknaCom\/","https:\/\/www.instagram.com\/jogapieknacom\/"]}]}},"_links":{"self":[{"href":"https:\/\/jogapiekna.com\/en\/wp-json\/wp\/v2\/product\/54905","targetHints":{"allow":["GET"]}}],"collection":[{"href":"https:\/\/jogapiekna.com\/en\/wp-json\/wp\/v2\/product"}],"about":[{"href":"https:\/\/jogapiekna.com\/en\/wp-json\/wp\/v2\/types\/product"}],"replies":[{"embeddable":true,"href":"https:\/\/jogapiekna.com\/en\/wp-json\/wp\/v2\/comments?post=54905"}],"version-history":[{"count":3,"href":"https:\/\/jogapiekna.com\/en\/wp-json\/wp\/v2\/product\/54905\/revisions"}],"predecessor-version":[{"id":216017,"href":"https:\/\/jogapiekna.com\/en\/wp-json\/wp\/v2\/product\/54905\/revisions\/216017"}],"wp:featuredmedia":[{"embeddable":true,"href":"https:\/\/jogapiekna.com\/en\/wp-json\/wp\/v2\/media\/132323"}],"wp:attachment":[{"href":"https:\/\/jogapiekna.com\/en\/wp-json\/wp\/v2\/media?parent=54905"}],"wp:term":[{"taxonomy":"product_brand","embeddable":true,"href":"https:\/\/jogapiekna.com\/en\/wp-json\/wp\/v2\/product_brand?post=54905"},{"taxonomy":"product_cat","embeddable":true,"href":"https:\/\/jogapiekna.com\/en\/wp-json\/wp\/v2\/product_cat?post=54905"},{"taxonomy":"product_tag","embeddable":true,"href":"https:\/\/jogapiekna.com\/en\/wp-json\/wp\/v2\/product_tag?post=54905"}],"curies":[{"name":"wp","href":"https:\/\/api.w.org\/{rel}","templated":true}]}}