{"id":54923,"date":"2021-07-20T01:20:50","date_gmt":"2021-07-19T23:20:50","guid":{"rendered":"https:\/\/jogapiekna.com\/?post_type=product&#038;p=54923"},"modified":"2026-04-03T06:20:27","modified_gmt":"2026-04-03T04:20:27","slug":"triphala-120-tabletek","status":"publish","type":"product","link":"https:\/\/jogapiekna.com\/en\/product\/triphala-120-tabletek\/","title":{"rendered":"Triphala JIVA Tablets * Constipation * Digestion * 120 tablets"},"content":{"rendered":"<p>Triphala is a product made up of a unique blend of herbs and fruits. This is a kind of tonic for organizing and effectively responding to the processes occurring in it. Triphala tablets strengthen the immune system responsible for: for protection against harmful environmental conditions and colds. This product naturally supports the functioning of the cardiovascular system and brain. Thanks to the appropriate ingredients, Triphala tablets show a rejuvenating effect and prevent popular heart and liver diseases. The product also improves the quality of vision and has a positive effect on the growth of healthy hair. Regular use of Triphala tablets brings many benefits on the way to health and complete harmony.<\/p>\n<p><strong>Features:<\/strong><\/p>\n<p>* strengthening the immune system<br \/>\n* prevention of liver diseases<br \/>\n* heart support<br \/>\n* body rejuvenation<br \/>\n* improved vision<br \/>\n* increased hair growth<br \/>\n* improved bowel function and digestion<\/p>\n<p><strong>Dosage<\/strong> 1 tablet twice a day, washed down with a sufficient amount of warm water<\/p>\n<p><strong>Container:<\/strong> 120 tablets<\/p>\n<p><strong>Product composition:<\/strong> Chebula almond fruit, bibhitaki almond fruit, tannic leaf fruit, binder: gum arabic (acacia gum)<\/p>\n<p><strong>Manufacturer:<\/strong> JIVA Ayurvedic Pharmacy Ltd.<\/p>\n<p><strong>Country of origin:<\/strong> India<\/p>\n<p>Do not exceed the recommended daily intake. A dietary supplement cannot be used as a substitute for a varied diet. It is necessary to adhere to a healthy lifestyle and a balanced diet. Do not use with hypersensitivity to the components of the drug. The product is not intended for pregnant or lactating women and children. Keep out of reach of small children. Protect from light and moisture.<\/p>","protected":false},"excerpt":{"rendered":"<p>Triphala is a blend of three fruits: Amla (Emblica Officinalis), bibhitaki (Terminalia Bellirica), Haritaki (Terminalia Chebula) - a complex cleanser for our body. For centuries, it has been recognized and appreciated in Ayurveda.<\/p>\n<p><strong>Action:<\/strong> It helps restore the normal digestive process and removes toxic substances from the body. Strengthens the immune system.<br \/>\n<strong>Container:<\/strong> 120 tablets<br \/>\n<strong>Fate:<\/strong> for diabetics, immunity, digestion<\/p>","protected":false},"featured_media":94604,"comment_status":"closed","ping_status":"closed","template":"","meta":{"_acf_changed":false,"site-sidebar-layout":"default","site-content-layout":"","ast-site-content-layout":"default","site-content-style":"default","site-sidebar-style":"default","ast-global-header-display":"","ast-banner-title-visibility":"","ast-main-header-display":"","ast-hfb-above-header-display":"","ast-hfb-below-header-display":"","ast-hfb-mobile-header-display":"","site-post-title":"","ast-breadcrumbs-content":"","ast-featured-img":"","footer-sml-layout":"","ast-disable-related-posts":"","theme-transparent-header-meta":"","adv-header-id-meta":"","stick-header-meta":"","header-above-stick-meta":"","header-main-stick-meta":"","header-below-stick-meta":"","astra-migrate-meta-layouts":"default","ast-page-background-enabled":"default","ast-page-background-meta":{"desktop":{"background-color":"var(--ast-global-color-5)","background-image":"","background-repeat":"repeat","background-position":"center center","background-size":"auto","background-attachment":"scroll","background-type":"","background-media":"","overlay-type":"","overlay-color":"","overlay-opacity":"","overlay-gradient":""},"tablet":{"background-color":"","background-image":"","background-repeat":"repeat","background-position":"center center","background-size":"auto","background-attachment":"scroll","background-type":"","background-media":"","overlay-type":"","overlay-color":"","overlay-opacity":"","overlay-gradient":""},"mobile":{"background-color":"","background-image":"","background-repeat":"repeat","background-position":"center center","background-size":"auto","background-attachment":"scroll","background-type":"","background-media":"","overlay-type":"","overlay-color":"","overlay-opacity":"","overlay-gradient":""}},"ast-content-background-meta":{"desktop":{"background-color":"var(--ast-global-color-4)","background-image":"","background-repeat":"repeat","background-position":"center center","background-size":"auto","background-attachment":"scroll","background-type":"","background-media":"","overlay-type":"","overlay-color":"","overlay-opacity":"","overlay-gradient":""},"tablet":{"background-color":"var(--ast-global-color-4)","background-image":"","background-repeat":"repeat","background-position":"center center","background-size":"auto","background-attachment":"scroll","background-type":"","background-media":"","overlay-type":"","overlay-color":"","overlay-opacity":"","overlay-gradient":""},"mobile":{"background-color":"var(--ast-global-color-4)","background-image":"","background-repeat":"repeat","background-position":"center center","background-size":"auto","background-attachment":"scroll","background-type":"","background-media":"","overlay-type":"","overlay-color":"","overlay-opacity":"","overlay-gradient":""}}},"product_brand":[],"product_cat":[639],"product_tag":[244,354,336,355,356,330],"class_list":{"0":"post-54923","1":"product","2":"type-product","3":"status-publish","4":"has-post-thumbnail","6":"product_cat-suplementy","7":"product_tag-holistyczna-pielegancja","8":"product_tag-oczyszczanie-jelit","9":"product_tag-odpornosc","10":"product_tag-poprawa-wzroku","11":"product_tag-porost-wlosow","12":"product_tag-triphala","13":"desktop-align-left","14":"tablet-align-left","15":"mobile-align-left","17":"first","18":"outofstock","19":"taxable","20":"shipping-taxable","21":"purchasable","22":"product-type-simple"},"acf":[],"yoast_head":"<!-- This site is optimized with the Yoast SEO plugin v27.4 - https:\/\/yoast.com\/product\/yoast-seo-wordpress\/ -->\n<title>Tabletki Triphala JIVA \u2022 zaparcia \u2022 trawienie \u2022 120 tabletek | Joga Pi\u0119kna | Naturalne odm\u0142adzanie<\/title>\n<meta name=\"description\" content=\"Triphala ta mieszanka trzech owoc\u00f3w: Amla (Emblica Officinalis), Bibhitaki (Terminalia Bellirica), Haritaki (Terminalia Chebula), to kompleksowy \u015brodek oczyszczaj\u0105cy nasz organizm. Od wiek\u00f3w uznana i ceniona w ajurwedzie.\" \/>\n<meta name=\"robots\" content=\"index, follow, max-snippet:-1, max-image-preview:large, max-video-preview:-1\" \/>\n<link rel=\"canonical\" href=\"https:\/\/jogapiekna.com\/en\/product\/triphala-120-tabletek\/\" \/>\n<meta property=\"og:locale\" content=\"en_GB\" \/>\n<meta property=\"og:type\" content=\"article\" \/>\n<meta property=\"og:title\" content=\"Tabletki Triphala JIVA \u2022 zaparcia \u2022 trawienie \u2022 120 tabletek | Joga Pi\u0119kna | Naturalne odm\u0142adzanie\" \/>\n<meta property=\"og:description\" content=\"Triphala ta mieszanka trzech owoc\u00f3w: Amla (Emblica Officinalis), Bibhitaki (Terminalia Bellirica), Haritaki (Terminalia Chebula), to kompleksowy \u015brodek oczyszczaj\u0105cy nasz organizm. Od wiek\u00f3w uznana i ceniona w ajurwedzie.\" \/>\n<meta property=\"og:url\" content=\"https:\/\/jogapiekna.com\/en\/product\/triphala-120-tabletek\/\" \/>\n<meta property=\"og:site_name\" content=\"JOGA PI\u0118KNA | Joga Twarzy\" \/>\n<meta property=\"article:publisher\" content=\"https:\/\/www.facebook.com\/JogaPieknaCom\/\" \/>\n<meta property=\"article:modified_time\" content=\"2026-04-03T04:20:27+00:00\" \/>\n<meta property=\"og:image\" content=\"https:\/\/jogapiekna.com\/wp-content\/uploads\/2021\/07\/Triphala-Jiva-120-tabletek_jogapiekna_suplementy-jiva.jpg\" \/>\n\t<meta property=\"og:image:width\" content=\"1000\" \/>\n\t<meta property=\"og:image:height\" content=\"1000\" \/>\n\t<meta property=\"og:image:type\" content=\"image\/jpeg\" \/>\n<meta name=\"twitter:card\" content=\"summary_large_image\" \/>\n<meta name=\"twitter:label1\" content=\"Estimated reading time\" \/>\n\t<meta name=\"twitter:data1\" content=\"2 minutes\" \/>\n<script type=\"application\/ld+json\" class=\"yoast-schema-graph\">{\"@context\":\"https:\\\/\\\/schema.org\",\"@graph\":[{\"@type\":\"WebPage\",\"@id\":\"https:\\\/\\\/jogapiekna.com\\\/produkt\\\/triphala-120-tabletek\\\/\",\"url\":\"https:\\\/\\\/jogapiekna.com\\\/produkt\\\/triphala-120-tabletek\\\/\",\"name\":\"Tabletki Triphala JIVA \u2022 zaparcia \u2022 trawienie \u2022 120 tabletek | Joga Pi\u0119kna | Naturalne odm\u0142adzanie\",\"isPartOf\":{\"@id\":\"https:\\\/\\\/jogapiekna.com\\\/#website\"},\"primaryImageOfPage\":{\"@id\":\"https:\\\/\\\/jogapiekna.com\\\/produkt\\\/triphala-120-tabletek\\\/#primaryimage\"},\"image\":{\"@id\":\"https:\\\/\\\/jogapiekna.com\\\/produkt\\\/triphala-120-tabletek\\\/#primaryimage\"},\"thumbnailUrl\":\"https:\\\/\\\/jogapiekna.com\\\/wp-content\\\/uploads\\\/2021\\\/07\\\/Triphala-Jiva-120-tabletek_jogapiekna_suplementy-jiva.jpg\",\"datePublished\":\"2021-07-19T23:20:50+00:00\",\"dateModified\":\"2026-04-03T04:20:27+00:00\",\"description\":\"Triphala ta mieszanka trzech owoc\u00f3w: Amla (Emblica Officinalis), Bibhitaki (Terminalia Bellirica), Haritaki (Terminalia Chebula), to kompleksowy \u015brodek oczyszczaj\u0105cy nasz organizm. Od wiek\u00f3w uznana i ceniona w ajurwedzie.\",\"breadcrumb\":{\"@id\":\"https:\\\/\\\/jogapiekna.com\\\/produkt\\\/triphala-120-tabletek\\\/#breadcrumb\"},\"inLanguage\":\"en-GB\",\"potentialAction\":[{\"@type\":\"ReadAction\",\"target\":[\"https:\\\/\\\/jogapiekna.com\\\/produkt\\\/triphala-120-tabletek\\\/\"]}]},{\"@type\":\"ImageObject\",\"inLanguage\":\"en-GB\",\"@id\":\"https:\\\/\\\/jogapiekna.com\\\/produkt\\\/triphala-120-tabletek\\\/#primaryimage\",\"url\":\"https:\\\/\\\/jogapiekna.com\\\/wp-content\\\/uploads\\\/2021\\\/07\\\/Triphala-Jiva-120-tabletek_jogapiekna_suplementy-jiva.jpg\",\"contentUrl\":\"https:\\\/\\\/jogapiekna.com\\\/wp-content\\\/uploads\\\/2021\\\/07\\\/Triphala-Jiva-120-tabletek_jogapiekna_suplementy-jiva.jpg\",\"width\":1000,\"height\":1000,\"caption\":\"Tabletki Triphala JIVA \u2022 zaparcia \u2022 trawienie \u2022 120 tabletek\"},{\"@type\":\"BreadcrumbList\",\"@id\":\"https:\\\/\\\/jogapiekna.com\\\/produkt\\\/triphala-120-tabletek\\\/#breadcrumb\",\"itemListElement\":[{\"@type\":\"ListItem\",\"position\":1,\"name\":\"Strona g\u0142\u00f3wna\",\"item\":\"https:\\\/\\\/jogapiekna.com\\\/\"},{\"@type\":\"ListItem\",\"position\":2,\"name\":\"Sklep\",\"item\":\"https:\\\/\\\/jogapiekna.com\\\/sklep\\\/\"},{\"@type\":\"ListItem\",\"position\":3,\"name\":\"Tabletki Triphala JIVA \u2022 zaparcia \u2022 trawienie \u2022 120 tabletek\"}]},{\"@type\":\"WebSite\",\"@id\":\"https:\\\/\\\/jogapiekna.com\\\/#website\",\"url\":\"https:\\\/\\\/jogapiekna.com\\\/\",\"name\":\"Joga Pi\u0119kna Marta Kuci\u0144ska\",\"description\":\"Joga Pi\u0119kna pomaga kobietom zachowa\u0107 urod\u0119, cofn\u0105\u0107 oznaki up\u0142ywaj\u0105cego czasu i zm\u0119czenia, odzyska\u0107 promienny wygl\u0105d, naturalny u\u015bmiech i popraw\u0119 w\u0142asnej samooceny.\",\"publisher\":{\"@id\":\"https:\\\/\\\/jogapiekna.com\\\/#organization\"},\"potentialAction\":[{\"@type\":\"SearchAction\",\"target\":{\"@type\":\"EntryPoint\",\"urlTemplate\":\"https:\\\/\\\/jogapiekna.com\\\/?s={search_term_string}\"},\"query-input\":{\"@type\":\"PropertyValueSpecification\",\"valueRequired\":true,\"valueName\":\"search_term_string\"}}],\"inLanguage\":\"en-GB\"},{\"@type\":\"Organization\",\"@id\":\"https:\\\/\\\/jogapiekna.com\\\/#organization\",\"name\":\"Joga Pi\u0119kna Marta Kuci\u0144ska\",\"url\":\"https:\\\/\\\/jogapiekna.com\\\/\",\"logo\":{\"@type\":\"ImageObject\",\"inLanguage\":\"en-GB\",\"@id\":\"https:\\\/\\\/jogapiekna.com\\\/#\\\/schema\\\/logo\\\/image\\\/\",\"url\":\"https:\\\/\\\/jogapiekna.com\\\/wp-content\\\/uploads\\\/2022\\\/09\\\/joga-piekna-logo_Rka.png\",\"contentUrl\":\"https:\\\/\\\/jogapiekna.com\\\/wp-content\\\/uploads\\\/2022\\\/09\\\/joga-piekna-logo_Rka.png\",\"width\":231,\"height\":124,\"caption\":\"Joga Pi\u0119kna Marta Kuci\u0144ska\"},\"image\":{\"@id\":\"https:\\\/\\\/jogapiekna.com\\\/#\\\/schema\\\/logo\\\/image\\\/\"},\"sameAs\":[\"https:\\\/\\\/www.facebook.com\\\/JogaPieknaCom\\\/\",\"https:\\\/\\\/www.instagram.com\\\/jogapieknacom\\\/\"]}]}<\/script>\n<!-- \/ Yoast SEO plugin. -->","yoast_head_json":{"title":"Tabletki Triphala JIVA \u2022 zaparcia \u2022 trawienie \u2022 120 tabletek | Joga Pi\u0119kna | Naturalne odm\u0142adzanie","description":"Triphala is a blend of three fruits: Amla (Emblica Officinalis), bibhitaki (Terminalia Bellirica), Haritaki (Terminalia Chebula) - a complex cleanser for our body. For centuries, it has been recognized and appreciated in Ayurveda.","robots":{"index":"index","follow":"follow","max-snippet":"max-snippet:-1","max-image-preview":"max-image-preview:large","max-video-preview":"max-video-preview:-1"},"canonical":"https:\/\/jogapiekna.com\/en\/product\/triphala-120-tabletek\/","og_locale":"en_GB","og_type":"article","og_title":"Tabletki Triphala JIVA \u2022 zaparcia \u2022 trawienie \u2022 120 tabletek | Joga Pi\u0119kna | Naturalne odm\u0142adzanie","og_description":"Triphala ta mieszanka trzech owoc\u00f3w: Amla (Emblica Officinalis), Bibhitaki (Terminalia Bellirica), Haritaki (Terminalia Chebula), to kompleksowy \u015brodek oczyszczaj\u0105cy nasz organizm. Od wiek\u00f3w uznana i ceniona w ajurwedzie.","og_url":"https:\/\/jogapiekna.com\/en\/product\/triphala-120-tabletek\/","og_site_name":"JOGA PI\u0118KNA | Joga Twarzy","article_publisher":"https:\/\/www.facebook.com\/JogaPieknaCom\/","article_modified_time":"2026-04-03T04:20:27+00:00","og_image":[{"width":1000,"height":1000,"url":"https:\/\/jogapiekna.com\/wp-content\/uploads\/2021\/07\/Triphala-Jiva-120-tabletek_jogapiekna_suplementy-jiva.jpg","type":"image\/jpeg"}],"twitter_card":"summary_large_image","twitter_misc":{"Estimated reading time":"2 minutes"},"schema":{"@context":"https:\/\/schema.org","@graph":[{"@type":"WebPage","@id":"https:\/\/jogapiekna.com\/produkt\/triphala-120-tabletek\/","url":"https:\/\/jogapiekna.com\/produkt\/triphala-120-tabletek\/","name":"Tabletki Triphala JIVA \u2022 zaparcia \u2022 trawienie \u2022 120 tabletek | Joga Pi\u0119kna | Naturalne odm\u0142adzanie","isPartOf":{"@id":"https:\/\/jogapiekna.com\/#website"},"primaryImageOfPage":{"@id":"https:\/\/jogapiekna.com\/produkt\/triphala-120-tabletek\/#primaryimage"},"image":{"@id":"https:\/\/jogapiekna.com\/produkt\/triphala-120-tabletek\/#primaryimage"},"thumbnailUrl":"https:\/\/jogapiekna.com\/wp-content\/uploads\/2021\/07\/Triphala-Jiva-120-tabletek_jogapiekna_suplementy-jiva.jpg","datePublished":"2021-07-19T23:20:50+00:00","dateModified":"2026-04-03T04:20:27+00:00","description":"Triphala is a blend of three fruits: Amla (Emblica Officinalis), bibhitaki (Terminalia Bellirica), Haritaki (Terminalia Chebula) - a complex cleanser for our body. For centuries, it has been recognized and appreciated in Ayurveda.","breadcrumb":{"@id":"https:\/\/jogapiekna.com\/produkt\/triphala-120-tabletek\/#breadcrumb"},"inLanguage":"en-GB","potentialAction":[{"@type":"ReadAction","target":["https:\/\/jogapiekna.com\/produkt\/triphala-120-tabletek\/"]}]},{"@type":"ImageObject","inLanguage":"en-GB","@id":"https:\/\/jogapiekna.com\/produkt\/triphala-120-tabletek\/#primaryimage","url":"https:\/\/jogapiekna.com\/wp-content\/uploads\/2021\/07\/Triphala-Jiva-120-tabletek_jogapiekna_suplementy-jiva.jpg","contentUrl":"https:\/\/jogapiekna.com\/wp-content\/uploads\/2021\/07\/Triphala-Jiva-120-tabletek_jogapiekna_suplementy-jiva.jpg","width":1000,"height":1000,"caption":"Tabletki Triphala JIVA \u2022 zaparcia \u2022 trawienie \u2022 120 tabletek"},{"@type":"BreadcrumbList","@id":"https:\/\/jogapiekna.com\/produkt\/triphala-120-tabletek\/#breadcrumb","itemListElement":[{"@type":"ListItem","position":1,"name":"Strona g\u0142\u00f3wna","item":"https:\/\/jogapiekna.com\/"},{"@type":"ListItem","position":2,"name":"Sklep","item":"https:\/\/jogapiekna.com\/sklep\/"},{"@type":"ListItem","position":3,"name":"Tabletki Triphala JIVA \u2022 zaparcia \u2022 trawienie \u2022 120 tabletek"}]},{"@type":"WebSite","@id":"https:\/\/jogapiekna.com\/#website","url":"https:\/\/jogapiekna.com\/","name":"Yoga Beauty Marta Kuci\u0144ska","description":"Beauty Yoga helps women to maintain their beauty, reverse the signs of passing time and fatigue, regain a radiant appearance, natural smile and improve their self-esteem.","publisher":{"@id":"https:\/\/jogapiekna.com\/#organization"},"potentialAction":[{"@type":"SearchAction","target":{"@type":"EntryPoint","urlTemplate":"https:\/\/jogapiekna.com\/?s={search_term_string}"},"query-input":{"@type":"PropertyValueSpecification","valueRequired":true,"valueName":"search_term_string"}}],"inLanguage":"en-GB"},{"@type":"Organization","@id":"https:\/\/jogapiekna.com\/#organization","name":"Yoga Beauty Marta Kuci\u0144ska","url":"https:\/\/jogapiekna.com\/","logo":{"@type":"ImageObject","inLanguage":"en-GB","@id":"https:\/\/jogapiekna.com\/#\/schema\/logo\/image\/","url":"https:\/\/jogapiekna.com\/wp-content\/uploads\/2022\/09\/joga-piekna-logo_Rka.png","contentUrl":"https:\/\/jogapiekna.com\/wp-content\/uploads\/2022\/09\/joga-piekna-logo_Rka.png","width":231,"height":124,"caption":"Joga Pi\u0119kna Marta Kuci\u0144ska"},"image":{"@id":"https:\/\/jogapiekna.com\/#\/schema\/logo\/image\/"},"sameAs":["https:\/\/www.facebook.com\/JogaPieknaCom\/","https:\/\/www.instagram.com\/jogapieknacom\/"]}]}},"_links":{"self":[{"href":"https:\/\/jogapiekna.com\/en\/wp-json\/wp\/v2\/product\/54923","targetHints":{"allow":["GET"]}}],"collection":[{"href":"https:\/\/jogapiekna.com\/en\/wp-json\/wp\/v2\/product"}],"about":[{"href":"https:\/\/jogapiekna.com\/en\/wp-json\/wp\/v2\/types\/product"}],"replies":[{"embeddable":true,"href":"https:\/\/jogapiekna.com\/en\/wp-json\/wp\/v2\/comments?post=54923"}],"version-history":[{"count":2,"href":"https:\/\/jogapiekna.com\/en\/wp-json\/wp\/v2\/product\/54923\/revisions"}],"predecessor-version":[{"id":220611,"href":"https:\/\/jogapiekna.com\/en\/wp-json\/wp\/v2\/product\/54923\/revisions\/220611"}],"wp:featuredmedia":[{"embeddable":true,"href":"https:\/\/jogapiekna.com\/en\/wp-json\/wp\/v2\/media\/94604"}],"wp:attachment":[{"href":"https:\/\/jogapiekna.com\/en\/wp-json\/wp\/v2\/media?parent=54923"}],"wp:term":[{"taxonomy":"product_brand","embeddable":true,"href":"https:\/\/jogapiekna.com\/en\/wp-json\/wp\/v2\/product_brand?post=54923"},{"taxonomy":"product_cat","embeddable":true,"href":"https:\/\/jogapiekna.com\/en\/wp-json\/wp\/v2\/product_cat?post=54923"},{"taxonomy":"product_tag","embeddable":true,"href":"https:\/\/jogapiekna.com\/en\/wp-json\/wp\/v2\/product_tag?post=54923"}],"curies":[{"name":"wp","href":"https:\/\/api.w.org\/{rel}","templated":true}]}}