{"id":56461,"date":"2021-08-15T15:24:30","date_gmt":"2021-08-15T13:24:30","guid":{"rendered":"https:\/\/jogapiekna.com\/?post_type=product&#038;p=56461"},"modified":"2026-04-15T11:28:23","modified_gmt":"2026-04-15T09:28:23","slug":"2-gatunek-poszewka-jedwabna-do-poduszki-bye-bye-wrinkles-joga-piekna","status":"publish","type":"product","link":"https:\/\/jogapiekna.com\/en\/product\/2-gatunek-poszewka-jedwabna-do-poduszki-bye-bye-wrinkles-joga-piekna\/","title":{"rendered":"2 grade - Anti-wrinkle silk pillowcase"},"content":{"rendered":"<p>Please note grade II silk pillowcases have minor pulls or blemishes in the fabric. Goods are not returnable or exchangeable.<\/p>\n<p>Luxury silk cover for <a href=\"https:\/\/jogapiekna.com\/en\/product-category\/poduszki-antyzmarszczkowe\/classic-poduszki-antyzmarszczkowe\/\">anti-wrinkle pillow <em>Bye Bye Wrinkles<\/em><\/a> carries a number of positive properties for a good night's sleep, skin and hair condition. It has anti-aging properties.<\/p>\n<p>&nbsp;<\/p>\n<h2>Properties of an anti-aging pillow<\/h2>\n<p><a href=\"https:\/\/jogapiekna.com\/en\/product-category\/poduszki-antyzmarszczkowe\/\" target=\"_blank\" rel=\"noopener\">Bye Bye Wrinkles Pillow<\/a> This is a guarantee of rest without wrinkles of sleep. A unique product that minimizes wrinkles on the face during sleep, so that wrinkles that occur at night are reduced, in particular, under the eyes, on the temples, between the eyebrows, on the chin and on the cheeks. <strong>Wing Cushion cutouts<\/strong> they allow you to reduce the contact of delicate facial tissues with the pillow, and also provide a comfortable support for the forehead and jaw.<\/p>\n<p>Pillow <em>Bye Bye Wrinkles<\/em> will be loved by people sleeping on their side and back - the comfortable, ergonomic shape allows for proper support of the neck area while maintaining proper alignment of this part of the spine. At the same time, the optimum size ensures that the face does not shift while sleeping and that the face is constantly protected from creases when the head is turned to the side.<\/p>\n<p>Want to learn more about the benefits of choosing the right pillow to sleep on? \u2028Read the entry: <a href=\"https:\/\/jogapiekna.com\/en\/ogolne\/zmarszczki-senne\/\" target=\"_blank\" rel=\"noopener\">Sleep Wrinkles<\/a><\/p>\n<p>&nbsp;<\/p>\n<h2>The cushion cover is sewn from natural mulberry silk<\/h2>\n<p>&nbsp;<\/p>\n<h3>What are the properties of natural silk?<\/h3>\n<p>The amino acids contained in silk have a positive effect on the nervous system and allow the body to calm down and relax. In addition, the special structure of silk does not allow you to &#034;resist the skin&#034; while sleeping on a pillow, which has a beneficial effect on eliminating morning wrinkles and facial wrinkles.<\/p>\n<p>&nbsp;<\/p>\n<h3>To whom do we recommend silk pillowcases?<\/h3>\n<p>The Bye Bye Wrinkles silk pillowcases are recommended for people who care about the well-being of their skin, as well as for allergy sufferers, as silk is not allergenic in any way and does not attract dust mites. The second grade of the product carries slight disadvantages, but manifests the same beneficial properties. This is a good bargain for those looking for silk covers at low prices.<\/p>\n<p>&nbsp;<\/p>\n<h3>How to care for silk pillowcases?<\/h3>\n<ul>\n<li>Silk pillowcases are best washed by hand in warm water, using mild detergents.<\/li>\n<li>Silk fabrics should never be soaked for too long, nor should they be wrung out and rubbed during washing.<\/li>\n<li>For fabrics made of natural silk, you can not use emollient liquids, as they cause tarnishing of the fabric.<\/li>\n<li>After washing, it is best to dry with a towel in the unfolded position. This ensures that the fabric does not stretch.<\/li>\n<li>Silk should not be exposed to sunlight during drying.<\/li>\n<li>Always iron silk pillowcases on the left side, preferably when they are slightly damp.<\/li>\n<\/ul>\n<p>Silk sheath grade II is not returnable. Registered and legally protected design (Rp.26027).<\/p>","protected":false},"excerpt":{"rendered":"<p>Looking for a natural silk cushion cover at a great price?  Grade II silk pillowcases have minor stitching or blemishes on the fabric. This allows you to benefit from a lower price. Please note that grade II goods are not returnable. Think carefully about your choice.<\/p>\n<p>structure:<br \/>\n97% silk<br \/>\n3% spandex<\/p>","protected":false},"featured_media":202172,"comment_status":"closed","ping_status":"closed","template":"","meta":{"_acf_changed":false,"site-sidebar-layout":"default","site-content-layout":"","ast-site-content-layout":"default","site-content-style":"default","site-sidebar-style":"default","ast-global-header-display":"","ast-banner-title-visibility":"","ast-main-header-display":"","ast-hfb-above-header-display":"","ast-hfb-below-header-display":"","ast-hfb-mobile-header-display":"","site-post-title":"","ast-breadcrumbs-content":"","ast-featured-img":"","footer-sml-layout":"","ast-disable-related-posts":"","theme-transparent-header-meta":"default","adv-header-id-meta":"","stick-header-meta":"","header-above-stick-meta":"","header-main-stick-meta":"","header-below-stick-meta":"","astra-migrate-meta-layouts":"set","ast-page-background-enabled":"default","ast-page-background-meta":{"desktop":{"background-color":"var(--ast-global-color-5)","background-image":"","background-repeat":"repeat","background-position":"center center","background-size":"auto","background-attachment":"scroll","background-type":"","background-media":"","overlay-type":"","overlay-color":"","overlay-opacity":"","overlay-gradient":""},"tablet":{"background-color":"","background-image":"","background-repeat":"repeat","background-position":"center center","background-size":"auto","background-attachment":"scroll","background-type":"","background-media":"","overlay-type":"","overlay-color":"","overlay-opacity":"","overlay-gradient":""},"mobile":{"background-color":"","background-image":"","background-repeat":"repeat","background-position":"center center","background-size":"auto","background-attachment":"scroll","background-type":"","background-media":"","overlay-type":"","overlay-color":"","overlay-opacity":"","overlay-gradient":""}},"ast-content-background-meta":{"desktop":{"background-color":"var(--ast-global-color-4)","background-image":"","background-repeat":"repeat","background-position":"center center","background-size":"auto","background-attachment":"scroll","background-type":"","background-media":"","overlay-type":"","overlay-color":"","overlay-opacity":"","overlay-gradient":""},"tablet":{"background-color":"var(--ast-global-color-4)","background-image":"","background-repeat":"repeat","background-position":"center center","background-size":"auto","background-attachment":"scroll","background-type":"","background-media":"","overlay-type":"","overlay-color":"","overlay-opacity":"","overlay-gradient":""},"mobile":{"background-color":"var(--ast-global-color-4)","background-image":"","background-repeat":"repeat","background-position":"center center","background-size":"auto","background-attachment":"scroll","background-type":"","background-media":"","overlay-type":"","overlay-color":"","overlay-opacity":"","overlay-gradient":""}}},"product_brand":[],"product_cat":[695,117],"product_tag":[174,346,262,256,255,173,197,264,263],"class_list":{"0":"post-56461","1":"product","2":"type-product","3":"status-publish","4":"has-post-thumbnail","6":"product_cat-do-poduszek-classic-natural-travel","7":"product_cat-poszewki-do-poduszek","8":"product_tag-byebyewrinkles","9":"product_tag-drugi-gatunek","10":"product_tag-likwidowanie-zmarszczek","11":"product_tag-pielegnacja-skory","12":"product_tag-pielegnacja-twarzy","13":"product_tag-poduszka-antyzmarszczkowa","14":"product_tag-poszewka-jedwabna","15":"product_tag-zapobieganie-zmarszczkom","16":"product_tag-zdrowy-sen","17":"desktop-align-left","18":"tablet-align-left","19":"mobile-align-left","21":"first","22":"instock","23":"taxable","24":"shipping-taxable","25":"purchasable","26":"product-type-variable"},"acf":[],"yoast_head":"<!-- This site is optimized with the Yoast SEO plugin v27.4 - https:\/\/yoast.com\/product\/yoast-seo-wordpress\/ -->\n<title>Pow\u0142oczka na poduszk\u0119 Bye Bye Wrinkles \u2013 II gatunek<\/title>\n<meta name=\"description\" content=\"Skorzystaj z atrakcyjnej ceny na poszewk\u0119 jedwabn\u0105 dla poduszki antyzmarszczkowej Bye Bye Wrinkles. II gatunek oznacza drobne skazy, jednak nadal doskona\u0142e w\u0142a\u015bciwo\u015bci.\u00a0\" \/>\n<meta name=\"robots\" content=\"index, follow, max-snippet:-1, max-image-preview:large, max-video-preview:-1\" \/>\n<link rel=\"canonical\" href=\"https:\/\/jogapiekna.com\/en\/product\/2-gatunek-poszewka-jedwabna-do-poduszki-bye-bye-wrinkles-joga-piekna\/\" \/>\n<meta property=\"og:locale\" content=\"en_GB\" \/>\n<meta property=\"og:type\" content=\"article\" \/>\n<meta property=\"og:title\" content=\"Pow\u0142oczka na poduszk\u0119 Bye Bye Wrinkles \u2013 II gatunek\" \/>\n<meta property=\"og:description\" content=\"Skorzystaj z atrakcyjnej ceny na poszewk\u0119 jedwabn\u0105 dla poduszki antyzmarszczkowej Bye Bye Wrinkles. II gatunek oznacza drobne skazy, jednak nadal doskona\u0142e w\u0142a\u015bciwo\u015bci.\u00a0\" \/>\n<meta property=\"og:url\" content=\"https:\/\/jogapiekna.com\/en\/product\/2-gatunek-poszewka-jedwabna-do-poduszki-bye-bye-wrinkles-joga-piekna\/\" \/>\n<meta property=\"og:site_name\" content=\"JOGA PI\u0118KNA | Joga Twarzy\" \/>\n<meta property=\"article:publisher\" content=\"https:\/\/www.facebook.com\/JogaPieknaCom\/\" \/>\n<meta property=\"article:modified_time\" content=\"2026-04-15T09:28:23+00:00\" \/>\n<meta property=\"og:image\" content=\"https:\/\/jogapiekna.com\/wp-content\/uploads\/2021\/08\/Poszewka-jedwabna-na-poduszke-antyzmarszczkowa-2gatunek_2025.jpg\" \/>\n\t<meta property=\"og:image:width\" content=\"1000\" \/>\n\t<meta property=\"og:image:height\" content=\"1000\" \/>\n\t<meta property=\"og:image:type\" content=\"image\/jpeg\" \/>\n<meta name=\"twitter:card\" content=\"summary_large_image\" \/>\n<meta name=\"twitter:label1\" content=\"Estimated reading time\" \/>\n\t<meta name=\"twitter:data1\" content=\"3 minutes\" \/>\n<script type=\"application\/ld+json\" class=\"yoast-schema-graph\">{\"@context\":\"https:\\\/\\\/schema.org\",\"@graph\":[{\"@type\":\"WebPage\",\"@id\":\"https:\\\/\\\/jogapiekna.com\\\/produkt\\\/2-gatunek-poszewka-jedwabna-do-poduszki-bye-bye-wrinkles-joga-piekna\\\/\",\"url\":\"https:\\\/\\\/jogapiekna.com\\\/produkt\\\/2-gatunek-poszewka-jedwabna-do-poduszki-bye-bye-wrinkles-joga-piekna\\\/\",\"name\":\"Pow\u0142oczka na poduszk\u0119 Bye Bye Wrinkles \u2013 II gatunek\",\"isPartOf\":{\"@id\":\"https:\\\/\\\/jogapiekna.com\\\/#website\"},\"primaryImageOfPage\":{\"@id\":\"https:\\\/\\\/jogapiekna.com\\\/produkt\\\/2-gatunek-poszewka-jedwabna-do-poduszki-bye-bye-wrinkles-joga-piekna\\\/#primaryimage\"},\"image\":{\"@id\":\"https:\\\/\\\/jogapiekna.com\\\/produkt\\\/2-gatunek-poszewka-jedwabna-do-poduszki-bye-bye-wrinkles-joga-piekna\\\/#primaryimage\"},\"thumbnailUrl\":\"https:\\\/\\\/jogapiekna.com\\\/wp-content\\\/uploads\\\/2021\\\/08\\\/Poszewka-jedwabna-na-poduszke-antyzmarszczkowa-2gatunek_2025.jpg\",\"datePublished\":\"2021-08-15T13:24:30+00:00\",\"dateModified\":\"2026-04-15T09:28:23+00:00\",\"description\":\"Skorzystaj z atrakcyjnej ceny na poszewk\u0119 jedwabn\u0105 dla poduszki antyzmarszczkowej Bye Bye Wrinkles. II gatunek oznacza drobne skazy, jednak nadal doskona\u0142e w\u0142a\u015bciwo\u015bci.\u00a0\",\"breadcrumb\":{\"@id\":\"https:\\\/\\\/jogapiekna.com\\\/produkt\\\/2-gatunek-poszewka-jedwabna-do-poduszki-bye-bye-wrinkles-joga-piekna\\\/#breadcrumb\"},\"inLanguage\":\"en-GB\",\"potentialAction\":[{\"@type\":\"ReadAction\",\"target\":[\"https:\\\/\\\/jogapiekna.com\\\/produkt\\\/2-gatunek-poszewka-jedwabna-do-poduszki-bye-bye-wrinkles-joga-piekna\\\/\"]}]},{\"@type\":\"ImageObject\",\"inLanguage\":\"en-GB\",\"@id\":\"https:\\\/\\\/jogapiekna.com\\\/produkt\\\/2-gatunek-poszewka-jedwabna-do-poduszki-bye-bye-wrinkles-joga-piekna\\\/#primaryimage\",\"url\":\"https:\\\/\\\/jogapiekna.com\\\/wp-content\\\/uploads\\\/2021\\\/08\\\/Poszewka-jedwabna-na-poduszke-antyzmarszczkowa-2gatunek_2025.jpg\",\"contentUrl\":\"https:\\\/\\\/jogapiekna.com\\\/wp-content\\\/uploads\\\/2021\\\/08\\\/Poszewka-jedwabna-na-poduszke-antyzmarszczkowa-2gatunek_2025.jpg\",\"width\":1000,\"height\":1000,\"caption\":\"Poszewka jedwabna na poduszk\u0119 antyzmarszczkow\u0105 | 2 gatunek\"},{\"@type\":\"BreadcrumbList\",\"@id\":\"https:\\\/\\\/jogapiekna.com\\\/produkt\\\/2-gatunek-poszewka-jedwabna-do-poduszki-bye-bye-wrinkles-joga-piekna\\\/#breadcrumb\",\"itemListElement\":[{\"@type\":\"ListItem\",\"position\":1,\"name\":\"Strona g\u0142\u00f3wna\",\"item\":\"https:\\\/\\\/jogapiekna.com\\\/\"},{\"@type\":\"ListItem\",\"position\":2,\"name\":\"Sklep\",\"item\":\"https:\\\/\\\/jogapiekna.com\\\/sklep\\\/\"},{\"@type\":\"ListItem\",\"position\":3,\"name\":\"2 gatunek \u2022 Poszewka jedwabna na poduszk\u0119 antyzmarszczkow\u0105\"}]},{\"@type\":\"WebSite\",\"@id\":\"https:\\\/\\\/jogapiekna.com\\\/#website\",\"url\":\"https:\\\/\\\/jogapiekna.com\\\/\",\"name\":\"Joga Pi\u0119kna Marta Kuci\u0144ska\",\"description\":\"Joga Pi\u0119kna pomaga kobietom zachowa\u0107 urod\u0119, cofn\u0105\u0107 oznaki up\u0142ywaj\u0105cego czasu i zm\u0119czenia, odzyska\u0107 promienny wygl\u0105d, naturalny u\u015bmiech i popraw\u0119 w\u0142asnej samooceny.\",\"publisher\":{\"@id\":\"https:\\\/\\\/jogapiekna.com\\\/#organization\"},\"potentialAction\":[{\"@type\":\"SearchAction\",\"target\":{\"@type\":\"EntryPoint\",\"urlTemplate\":\"https:\\\/\\\/jogapiekna.com\\\/?s={search_term_string}\"},\"query-input\":{\"@type\":\"PropertyValueSpecification\",\"valueRequired\":true,\"valueName\":\"search_term_string\"}}],\"inLanguage\":\"en-GB\"},{\"@type\":\"Organization\",\"@id\":\"https:\\\/\\\/jogapiekna.com\\\/#organization\",\"name\":\"Joga Pi\u0119kna Marta Kuci\u0144ska\",\"url\":\"https:\\\/\\\/jogapiekna.com\\\/\",\"logo\":{\"@type\":\"ImageObject\",\"inLanguage\":\"en-GB\",\"@id\":\"https:\\\/\\\/jogapiekna.com\\\/#\\\/schema\\\/logo\\\/image\\\/\",\"url\":\"https:\\\/\\\/jogapiekna.com\\\/wp-content\\\/uploads\\\/2022\\\/09\\\/joga-piekna-logo_Rka.png\",\"contentUrl\":\"https:\\\/\\\/jogapiekna.com\\\/wp-content\\\/uploads\\\/2022\\\/09\\\/joga-piekna-logo_Rka.png\",\"width\":231,\"height\":124,\"caption\":\"Joga Pi\u0119kna Marta Kuci\u0144ska\"},\"image\":{\"@id\":\"https:\\\/\\\/jogapiekna.com\\\/#\\\/schema\\\/logo\\\/image\\\/\"},\"sameAs\":[\"https:\\\/\\\/www.facebook.com\\\/JogaPieknaCom\\\/\",\"https:\\\/\\\/www.instagram.com\\\/jogapieknacom\\\/\"]}]}<\/script>\n<!-- \/ Yoast SEO plugin. -->","yoast_head_json":{"title":"Pow\u0142oczka na poduszk\u0119 Bye Bye Wrinkles \u2013 II gatunek","description":"Skorzystaj z atrakcyjnej ceny na poszewk\u0119 jedwabn\u0105 dla poduszki antyzmarszczkowej Bye Bye Wrinkles. II gatunek oznacza drobne skazy, jednak nadal doskona\u0142e w\u0142a\u015bciwo\u015bci.\u00a0","robots":{"index":"index","follow":"follow","max-snippet":"max-snippet:-1","max-image-preview":"max-image-preview:large","max-video-preview":"max-video-preview:-1"},"canonical":"https:\/\/jogapiekna.com\/en\/product\/2-gatunek-poszewka-jedwabna-do-poduszki-bye-bye-wrinkles-joga-piekna\/","og_locale":"en_GB","og_type":"article","og_title":"Pow\u0142oczka na poduszk\u0119 Bye Bye Wrinkles \u2013 II gatunek","og_description":"Skorzystaj z atrakcyjnej ceny na poszewk\u0119 jedwabn\u0105 dla poduszki antyzmarszczkowej Bye Bye Wrinkles. II gatunek oznacza drobne skazy, jednak nadal doskona\u0142e w\u0142a\u015bciwo\u015bci.\u00a0","og_url":"https:\/\/jogapiekna.com\/en\/product\/2-gatunek-poszewka-jedwabna-do-poduszki-bye-bye-wrinkles-joga-piekna\/","og_site_name":"JOGA PI\u0118KNA | Joga Twarzy","article_publisher":"https:\/\/www.facebook.com\/JogaPieknaCom\/","article_modified_time":"2026-04-15T09:28:23+00:00","og_image":[{"width":1000,"height":1000,"url":"https:\/\/jogapiekna.com\/wp-content\/uploads\/2021\/08\/Poszewka-jedwabna-na-poduszke-antyzmarszczkowa-2gatunek_2025.jpg","type":"image\/jpeg"}],"twitter_card":"summary_large_image","twitter_misc":{"Estimated reading time":"3 minutes"},"schema":{"@context":"https:\/\/schema.org","@graph":[{"@type":"WebPage","@id":"https:\/\/jogapiekna.com\/produkt\/2-gatunek-poszewka-jedwabna-do-poduszki-bye-bye-wrinkles-joga-piekna\/","url":"https:\/\/jogapiekna.com\/produkt\/2-gatunek-poszewka-jedwabna-do-poduszki-bye-bye-wrinkles-joga-piekna\/","name":"Pow\u0142oczka na poduszk\u0119 Bye Bye Wrinkles \u2013 II gatunek","isPartOf":{"@id":"https:\/\/jogapiekna.com\/#website"},"primaryImageOfPage":{"@id":"https:\/\/jogapiekna.com\/produkt\/2-gatunek-poszewka-jedwabna-do-poduszki-bye-bye-wrinkles-joga-piekna\/#primaryimage"},"image":{"@id":"https:\/\/jogapiekna.com\/produkt\/2-gatunek-poszewka-jedwabna-do-poduszki-bye-bye-wrinkles-joga-piekna\/#primaryimage"},"thumbnailUrl":"https:\/\/jogapiekna.com\/wp-content\/uploads\/2021\/08\/Poszewka-jedwabna-na-poduszke-antyzmarszczkowa-2gatunek_2025.jpg","datePublished":"2021-08-15T13:24:30+00:00","dateModified":"2026-04-15T09:28:23+00:00","description":"Skorzystaj z atrakcyjnej ceny na poszewk\u0119 jedwabn\u0105 dla poduszki antyzmarszczkowej Bye Bye Wrinkles. II gatunek oznacza drobne skazy, jednak nadal doskona\u0142e w\u0142a\u015bciwo\u015bci.\u00a0","breadcrumb":{"@id":"https:\/\/jogapiekna.com\/produkt\/2-gatunek-poszewka-jedwabna-do-poduszki-bye-bye-wrinkles-joga-piekna\/#breadcrumb"},"inLanguage":"en-GB","potentialAction":[{"@type":"ReadAction","target":["https:\/\/jogapiekna.com\/produkt\/2-gatunek-poszewka-jedwabna-do-poduszki-bye-bye-wrinkles-joga-piekna\/"]}]},{"@type":"ImageObject","inLanguage":"en-GB","@id":"https:\/\/jogapiekna.com\/produkt\/2-gatunek-poszewka-jedwabna-do-poduszki-bye-bye-wrinkles-joga-piekna\/#primaryimage","url":"https:\/\/jogapiekna.com\/wp-content\/uploads\/2021\/08\/Poszewka-jedwabna-na-poduszke-antyzmarszczkowa-2gatunek_2025.jpg","contentUrl":"https:\/\/jogapiekna.com\/wp-content\/uploads\/2021\/08\/Poszewka-jedwabna-na-poduszke-antyzmarszczkowa-2gatunek_2025.jpg","width":1000,"height":1000,"caption":"Poszewka jedwabna na poduszk\u0119 antyzmarszczkow\u0105 | 2 gatunek"},{"@type":"BreadcrumbList","@id":"https:\/\/jogapiekna.com\/produkt\/2-gatunek-poszewka-jedwabna-do-poduszki-bye-bye-wrinkles-joga-piekna\/#breadcrumb","itemListElement":[{"@type":"ListItem","position":1,"name":"Strona g\u0142\u00f3wna","item":"https:\/\/jogapiekna.com\/"},{"@type":"ListItem","position":2,"name":"Sklep","item":"https:\/\/jogapiekna.com\/sklep\/"},{"@type":"ListItem","position":3,"name":"2 gatunek \u2022 Poszewka jedwabna na poduszk\u0119 antyzmarszczkow\u0105"}]},{"@type":"WebSite","@id":"https:\/\/jogapiekna.com\/#website","url":"https:\/\/jogapiekna.com\/","name":"Yoga Beauty Marta Kuci\u0144ska","description":"Beauty Yoga helps women to maintain their beauty, reverse the signs of passing time and fatigue, regain a radiant appearance, natural smile and improve their self-esteem.","publisher":{"@id":"https:\/\/jogapiekna.com\/#organization"},"potentialAction":[{"@type":"SearchAction","target":{"@type":"EntryPoint","urlTemplate":"https:\/\/jogapiekna.com\/?s={search_term_string}"},"query-input":{"@type":"PropertyValueSpecification","valueRequired":true,"valueName":"search_term_string"}}],"inLanguage":"en-GB"},{"@type":"Organization","@id":"https:\/\/jogapiekna.com\/#organization","name":"Yoga Beauty Marta Kuci\u0144ska","url":"https:\/\/jogapiekna.com\/","logo":{"@type":"ImageObject","inLanguage":"en-GB","@id":"https:\/\/jogapiekna.com\/#\/schema\/logo\/image\/","url":"https:\/\/jogapiekna.com\/wp-content\/uploads\/2022\/09\/joga-piekna-logo_Rka.png","contentUrl":"https:\/\/jogapiekna.com\/wp-content\/uploads\/2022\/09\/joga-piekna-logo_Rka.png","width":231,"height":124,"caption":"Joga Pi\u0119kna Marta Kuci\u0144ska"},"image":{"@id":"https:\/\/jogapiekna.com\/#\/schema\/logo\/image\/"},"sameAs":["https:\/\/www.facebook.com\/JogaPieknaCom\/","https:\/\/www.instagram.com\/jogapieknacom\/"]}]}},"_links":{"self":[{"href":"https:\/\/jogapiekna.com\/en\/wp-json\/wp\/v2\/product\/56461","targetHints":{"allow":["GET"]}}],"collection":[{"href":"https:\/\/jogapiekna.com\/en\/wp-json\/wp\/v2\/product"}],"about":[{"href":"https:\/\/jogapiekna.com\/en\/wp-json\/wp\/v2\/types\/product"}],"replies":[{"embeddable":true,"href":"https:\/\/jogapiekna.com\/en\/wp-json\/wp\/v2\/comments?post=56461"}],"version-history":[{"count":6,"href":"https:\/\/jogapiekna.com\/en\/wp-json\/wp\/v2\/product\/56461\/revisions"}],"predecessor-version":[{"id":215792,"href":"https:\/\/jogapiekna.com\/en\/wp-json\/wp\/v2\/product\/56461\/revisions\/215792"}],"wp:featuredmedia":[{"embeddable":true,"href":"https:\/\/jogapiekna.com\/en\/wp-json\/wp\/v2\/media\/202172"}],"wp:attachment":[{"href":"https:\/\/jogapiekna.com\/en\/wp-json\/wp\/v2\/media?parent=56461"}],"wp:term":[{"taxonomy":"product_brand","embeddable":true,"href":"https:\/\/jogapiekna.com\/en\/wp-json\/wp\/v2\/product_brand?post=56461"},{"taxonomy":"product_cat","embeddable":true,"href":"https:\/\/jogapiekna.com\/en\/wp-json\/wp\/v2\/product_cat?post=56461"},{"taxonomy":"product_tag","embeddable":true,"href":"https:\/\/jogapiekna.com\/en\/wp-json\/wp\/v2\/product_tag?post=56461"}],"curies":[{"name":"wp","href":"https:\/\/api.w.org\/{rel}","templated":true}]}}