{"id":56469,"date":"2021-08-15T15:38:13","date_gmt":"2021-08-15T13:38:13","guid":{"rendered":"https:\/\/jogapiekna.com\/?post_type=product&#038;p=56469"},"modified":"2026-04-02T09:36:50","modified_gmt":"2026-04-02T07:36:50","slug":"poszewka-jedwabna-do-poduszki-bye-bye-wrinkles-mini-joga-piekna-ii-gatunek","status":"publish","type":"product","link":"https:\/\/jogapiekna.com\/en\/product\/poszewka-jedwabna-do-poduszki-bye-bye-wrinkles-mini-joga-piekna-ii-gatunek\/","title":{"rendered":"2 grade - Anti wrinkle silk pillowcase MINI"},"content":{"rendered":"<p>Please note Grade II silk pillowcases have minor pulls or blemishes in the fabric. Goods are not returnable.<\/p>\n<p>The natural silk pillowcase has been designed with anti-wrinkle cushions in mind <a href=\"https:\/\/jogapiekna.com\/en\/product\/poduszka-antyzmarszczkowa-mini-bye-bye-wrinkles-joga-piekna-z-poszewka-jedwabna\/\" target=\"_blank\" rel=\"noopener\"><em>Bye Bye Wrinkles<\/em> in mini size<\/a>. This size is ideal for travelling, on the terrace or during an afternoon nap.<\/p>\n<p>&nbsp;<\/p>\n<h2>Properties of an anti-aging pillow<\/h2>\n<p><a href=\"https:\/\/jogapiekna.com\/en\/product-category\/poduszki-antyzmarszczkowe\/\" target=\"_blank\" rel=\"noopener\">Pillow <em>Bye Bye Wrinkles<\/em><\/a> This is a guarantee of rest without wrinkles of sleep. A unique product that minimizes wrinkles on the face during sleep, so that wrinkles that occur at night are reduced, in particular, under the eyes, on the temples, between the eyebrows, on the chin and on the cheeks. <strong>Wing Cushion cutouts<\/strong> they allow you to reduce the contact of delicate facial tissues with the pillow, and also provide a comfortable support for the forehead and jaw.<\/p>\n<p>Pillow <em>Bye Bye Wrinkles MINI<\/em> is a version for people who do not want to part with their favourite cushion. It is a form of \u201epad\u201d or \u201emini jaska\u201d that is placed under the face on the pillow. At the same time, its optimum size makes it ideal for protecting the face from the creases that occur when sleeping on a traditional pillow. Great for people who like to sleep on their side or stomach.<\/p>\n<p>Want to learn more about the benefits of choosing the right pillow to sleep on? \u2028Read the entry: <a href=\"https:\/\/jogapiekna.com\/en\/ogolne\/zmarszczki-senne\/\" target=\"_blank\" rel=\"noopener\">Sleep Wrinkles<\/a><\/p>\n<p>&nbsp;<\/p>\n<h2>The silk small pillowcase is made of natural mulberry silk<\/h2>\n<p>&nbsp;<\/p>\n<h3>What are the properties of natural silk?<\/h3>\n<p>The amino acids that are in the composition of silk have a positive effect on the nervous system and allow the body to calm down and relax. In addition, the special structure of silk does not allow the skin to \u201erest\u201d on the pillow during sleep - which has a beneficial effect on eliminating morning wrinkles and puckering on the face.<\/p>\n<p>&nbsp;<\/p>\n<h3>To whom do we recommend natural silk pillowcases?<\/h3>\n<p>Natural silk pillowcases at a lower price are recommended for people who care about the well-being of their skin, as well as for allergy sufferers, as silk is not allergenic in any way and does not attract dust mites.<\/p>\n<p>&nbsp;<\/p>\n<h3>How to care for natural silk pillowcases for small cushions<em> Bye Bye Wrinkles<\/em>?<\/h3>\n<ul>\n<li>Natural silk pillowcases are best washed by hand in lukewarm water using a mild detergent.<\/li>\n<li>Silk fabrics should never be soaked for too long, nor should they be wrung out and rubbed during washing.<\/li>\n<li>For fabrics made of natural silk, you can not use emollient liquids, as they cause tarnishing of the fabric.<\/li>\n<li>After washing, it is best to dry with a towel in the unfolded position. This ensures that the fabric does not stretch.<\/li>\n<li>Silk should not be exposed to sunlight during drying.<\/li>\n<li>Always iron natural silk pillowcases on the left side, preferably when they are slightly damp.<\/li>\n<\/ul>\n<p>Silk sheath grade II is not returnable. Registered and legally protected design (Rp.26027).<\/p>","protected":false},"excerpt":{"rendered":"<p>Looking for a silk pillowcase at a lower price? Grade II silk pillowcases have minor pulls or blemishes on the fabric. This allows you to benefit from an attractive price offer. Please note that grade II goods are not returnable. Think carefully about your choice.<\/p>\n<p>structure:<br \/>\n97% silk<br \/>\n3% spandex<\/p>","protected":false},"featured_media":202171,"comment_status":"closed","ping_status":"closed","template":"","meta":{"_acf_changed":false,"site-sidebar-layout":"default","site-content-layout":"","ast-site-content-layout":"default","site-content-style":"default","site-sidebar-style":"default","ast-global-header-display":"","ast-banner-title-visibility":"","ast-main-header-display":"","ast-hfb-above-header-display":"","ast-hfb-below-header-display":"","ast-hfb-mobile-header-display":"","site-post-title":"","ast-breadcrumbs-content":"","ast-featured-img":"","footer-sml-layout":"","ast-disable-related-posts":"","theme-transparent-header-meta":"default","adv-header-id-meta":"","stick-header-meta":"","header-above-stick-meta":"","header-main-stick-meta":"","header-below-stick-meta":"","astra-migrate-meta-layouts":"set","ast-page-background-enabled":"default","ast-page-background-meta":{"desktop":{"background-color":"var(--ast-global-color-5)","background-image":"","background-repeat":"repeat","background-position":"center center","background-size":"auto","background-attachment":"scroll","background-type":"","background-media":"","overlay-type":"","overlay-color":"","overlay-opacity":"","overlay-gradient":""},"tablet":{"background-color":"","background-image":"","background-repeat":"repeat","background-position":"center center","background-size":"auto","background-attachment":"scroll","background-type":"","background-media":"","overlay-type":"","overlay-color":"","overlay-opacity":"","overlay-gradient":""},"mobile":{"background-color":"","background-image":"","background-repeat":"repeat","background-position":"center center","background-size":"auto","background-attachment":"scroll","background-type":"","background-media":"","overlay-type":"","overlay-color":"","overlay-opacity":"","overlay-gradient":""}},"ast-content-background-meta":{"desktop":{"background-color":"var(--ast-global-color-4)","background-image":"","background-repeat":"repeat","background-position":"center center","background-size":"auto","background-attachment":"scroll","background-type":"","background-media":"","overlay-type":"","overlay-color":"","overlay-opacity":"","overlay-gradient":""},"tablet":{"background-color":"var(--ast-global-color-4)","background-image":"","background-repeat":"repeat","background-position":"center center","background-size":"auto","background-attachment":"scroll","background-type":"","background-media":"","overlay-type":"","overlay-color":"","overlay-opacity":"","overlay-gradient":""},"mobile":{"background-color":"var(--ast-global-color-4)","background-image":"","background-repeat":"repeat","background-position":"center center","background-size":"auto","background-attachment":"scroll","background-type":"","background-media":"","overlay-type":"","overlay-color":"","overlay-opacity":"","overlay-gradient":""}}},"product_brand":[],"product_cat":[694,117],"product_tag":[174,347,256,255,173,197,264,263],"class_list":{"0":"post-56469","1":"product","2":"type-product","3":"status-publish","4":"has-post-thumbnail","6":"product_cat-do-poduszek-mini","7":"product_cat-poszewki-do-poduszek","8":"product_tag-byebyewrinkles","9":"product_tag-ii-gatunek","10":"product_tag-pielegnacja-skory","11":"product_tag-pielegnacja-twarzy","12":"product_tag-poduszka-antyzmarszczkowa","13":"product_tag-poszewka-jedwabna","14":"product_tag-zapobieganie-zmarszczkom","15":"product_tag-zdrowy-sen","16":"desktop-align-left","17":"tablet-align-left","18":"mobile-align-left","20":"first","21":"instock","22":"taxable","23":"shipping-taxable","24":"purchasable","25":"product-type-variable"},"acf":[],"yoast_head":"<!-- This site is optimized with the Yoast SEO plugin v27.2 - https:\/\/yoast.com\/product\/yoast-seo-wordpress\/ -->\n<title>Poszewka z naturalnego jedwabiu Bye Bye Wrinkles MINI \u2013 II gatunek<\/title>\n<meta name=\"description\" content=\"Szukasz jedwabnej poszewki na ja\u015bka w ni\u017cszej cenie? Oferujemy poszewki z naturalnego jedwabiu II gatunku (z drobnymi skazami) w atrakcyjnej ofercie.\u00a0\" \/>\n<meta name=\"robots\" content=\"index, follow, max-snippet:-1, max-image-preview:large, max-video-preview:-1\" \/>\n<link rel=\"canonical\" href=\"https:\/\/jogapiekna.com\/en\/product\/poszewka-jedwabna-do-poduszki-bye-bye-wrinkles-mini-joga-piekna-ii-gatunek\/\" \/>\n<meta property=\"og:locale\" content=\"en_GB\" \/>\n<meta property=\"og:type\" content=\"article\" \/>\n<meta property=\"og:title\" content=\"Poszewka z naturalnego jedwabiu Bye Bye Wrinkles MINI \u2013 II gatunek\" \/>\n<meta property=\"og:description\" content=\"Szukasz jedwabnej poszewki na ja\u015bka w ni\u017cszej cenie? Oferujemy poszewki z naturalnego jedwabiu II gatunku (z drobnymi skazami) w atrakcyjnej ofercie.\u00a0\" \/>\n<meta property=\"og:url\" content=\"https:\/\/jogapiekna.com\/en\/product\/poszewka-jedwabna-do-poduszki-bye-bye-wrinkles-mini-joga-piekna-ii-gatunek\/\" \/>\n<meta property=\"og:site_name\" content=\"JOGA PI\u0118KNA | Joga Twarzy\" \/>\n<meta property=\"article:publisher\" content=\"https:\/\/www.facebook.com\/JogaPieknaCom\/\" \/>\n<meta property=\"article:modified_time\" content=\"2026-04-02T07:36:50+00:00\" \/>\n<meta property=\"og:image\" content=\"https:\/\/jogapiekna.com\/wp-content\/uploads\/2021\/08\/Poszewka-jedwabna-na-poduszke-antyzmarszczkowa-MINI-2_gatunek-bbw_2025.jpg\" \/>\n\t<meta property=\"og:image:width\" content=\"1000\" \/>\n\t<meta property=\"og:image:height\" content=\"1000\" \/>\n\t<meta property=\"og:image:type\" content=\"image\/jpeg\" \/>\n<meta name=\"twitter:card\" content=\"summary_large_image\" \/>\n<meta name=\"twitter:label1\" content=\"Estimated reading time\" \/>\n\t<meta name=\"twitter:data1\" content=\"3 minutes\" \/>\n<script type=\"application\/ld+json\" class=\"yoast-schema-graph\">{\"@context\":\"https:\/\/schema.org\",\"@graph\":[{\"@type\":\"WebPage\",\"@id\":\"https:\/\/jogapiekna.com\/produkt\/poszewka-jedwabna-do-poduszki-bye-bye-wrinkles-mini-joga-piekna-ii-gatunek\/\",\"url\":\"https:\/\/jogapiekna.com\/produkt\/poszewka-jedwabna-do-poduszki-bye-bye-wrinkles-mini-joga-piekna-ii-gatunek\/\",\"name\":\"Poszewka z naturalnego jedwabiu Bye Bye Wrinkles MINI \u2013 II gatunek\",\"isPartOf\":{\"@id\":\"https:\/\/jogapiekna.com\/#website\"},\"primaryImageOfPage\":{\"@id\":\"https:\/\/jogapiekna.com\/produkt\/poszewka-jedwabna-do-poduszki-bye-bye-wrinkles-mini-joga-piekna-ii-gatunek\/#primaryimage\"},\"image\":{\"@id\":\"https:\/\/jogapiekna.com\/produkt\/poszewka-jedwabna-do-poduszki-bye-bye-wrinkles-mini-joga-piekna-ii-gatunek\/#primaryimage\"},\"thumbnailUrl\":\"https:\/\/jogapiekna.com\/wp-content\/uploads\/2021\/08\/Poszewka-jedwabna-na-poduszke-antyzmarszczkowa-MINI-2_gatunek-bbw_2025.jpg\",\"datePublished\":\"2021-08-15T13:38:13+00:00\",\"dateModified\":\"2026-04-02T07:36:50+00:00\",\"description\":\"Szukasz jedwabnej poszewki na ja\u015bka w ni\u017cszej cenie? Oferujemy poszewki z naturalnego jedwabiu II gatunku (z drobnymi skazami) w atrakcyjnej ofercie.\u00a0\",\"breadcrumb\":{\"@id\":\"https:\/\/jogapiekna.com\/produkt\/poszewka-jedwabna-do-poduszki-bye-bye-wrinkles-mini-joga-piekna-ii-gatunek\/#breadcrumb\"},\"inLanguage\":\"en-GB\",\"potentialAction\":[{\"@type\":\"ReadAction\",\"target\":[\"https:\/\/jogapiekna.com\/produkt\/poszewka-jedwabna-do-poduszki-bye-bye-wrinkles-mini-joga-piekna-ii-gatunek\/\"]}]},{\"@type\":\"ImageObject\",\"inLanguage\":\"en-GB\",\"@id\":\"https:\/\/jogapiekna.com\/produkt\/poszewka-jedwabna-do-poduszki-bye-bye-wrinkles-mini-joga-piekna-ii-gatunek\/#primaryimage\",\"url\":\"https:\/\/jogapiekna.com\/wp-content\/uploads\/2021\/08\/Poszewka-jedwabna-na-poduszke-antyzmarszczkowa-MINI-2_gatunek-bbw_2025.jpg\",\"contentUrl\":\"https:\/\/jogapiekna.com\/wp-content\/uploads\/2021\/08\/Poszewka-jedwabna-na-poduszke-antyzmarszczkowa-MINI-2_gatunek-bbw_2025.jpg\",\"width\":1000,\"height\":1000,\"caption\":\"Poszewka jedwabna na poduszk\u0119 antyzmarszczkow\u0105 MINI \u2013 2 gatunek\"},{\"@type\":\"BreadcrumbList\",\"@id\":\"https:\/\/jogapiekna.com\/produkt\/poszewka-jedwabna-do-poduszki-bye-bye-wrinkles-mini-joga-piekna-ii-gatunek\/#breadcrumb\",\"itemListElement\":[{\"@type\":\"ListItem\",\"position\":1,\"name\":\"Strona g\u0142\u00f3wna\",\"item\":\"https:\/\/jogapiekna.com\/\"},{\"@type\":\"ListItem\",\"position\":2,\"name\":\"Sklep\",\"item\":\"https:\/\/jogapiekna.com\/sklep\/\"},{\"@type\":\"ListItem\",\"position\":3,\"name\":\"2 gatunek \u2022 Poszewka jedwabna na poduszk\u0119 antyzmarszczkow\u0105 MINI\"}]},{\"@type\":\"WebSite\",\"@id\":\"https:\/\/jogapiekna.com\/#website\",\"url\":\"https:\/\/jogapiekna.com\/\",\"name\":\"Joga Pi\u0119kna Marta Kuci\u0144ska\",\"description\":\"Joga Pi\u0119kna pomaga kobietom zachowa\u0107 urod\u0119, cofn\u0105\u0107 oznaki up\u0142ywaj\u0105cego czasu i zm\u0119czenia, odzyska\u0107 promienny wygl\u0105d, naturalny u\u015bmiech i popraw\u0119 w\u0142asnej samooceny.\",\"publisher\":{\"@id\":\"https:\/\/jogapiekna.com\/#organization\"},\"potentialAction\":[{\"@type\":\"SearchAction\",\"target\":{\"@type\":\"EntryPoint\",\"urlTemplate\":\"https:\/\/jogapiekna.com\/?s={search_term_string}\"},\"query-input\":{\"@type\":\"PropertyValueSpecification\",\"valueRequired\":true,\"valueName\":\"search_term_string\"}}],\"inLanguage\":\"en-GB\"},{\"@type\":\"Organization\",\"@id\":\"https:\/\/jogapiekna.com\/#organization\",\"name\":\"Joga Pi\u0119kna Marta Kuci\u0144ska\",\"url\":\"https:\/\/jogapiekna.com\/\",\"logo\":{\"@type\":\"ImageObject\",\"inLanguage\":\"en-GB\",\"@id\":\"https:\/\/jogapiekna.com\/#\/schema\/logo\/image\/\",\"url\":\"https:\/\/jogapiekna.com\/wp-content\/uploads\/2022\/09\/joga-piekna-logo_Rka.png\",\"contentUrl\":\"https:\/\/jogapiekna.com\/wp-content\/uploads\/2022\/09\/joga-piekna-logo_Rka.png\",\"width\":231,\"height\":124,\"caption\":\"Joga Pi\u0119kna Marta Kuci\u0144ska\"},\"image\":{\"@id\":\"https:\/\/jogapiekna.com\/#\/schema\/logo\/image\/\"},\"sameAs\":[\"https:\/\/www.facebook.com\/JogaPieknaCom\/\",\"https:\/\/www.instagram.com\/jogapieknacom\/\"]}]}<\/script>\n<!-- \/ Yoast SEO plugin. -->","yoast_head_json":{"title":"Poszewka z naturalnego jedwabiu Bye Bye Wrinkles MINI \u2013 II gatunek","description":"Szukasz jedwabnej poszewki na ja\u015bka w ni\u017cszej cenie? Oferujemy poszewki z naturalnego jedwabiu II gatunku (z drobnymi skazami) w atrakcyjnej ofercie.\u00a0","robots":{"index":"index","follow":"follow","max-snippet":"max-snippet:-1","max-image-preview":"max-image-preview:large","max-video-preview":"max-video-preview:-1"},"canonical":"https:\/\/jogapiekna.com\/en\/product\/poszewka-jedwabna-do-poduszki-bye-bye-wrinkles-mini-joga-piekna-ii-gatunek\/","og_locale":"en_GB","og_type":"article","og_title":"Poszewka z naturalnego jedwabiu Bye Bye Wrinkles MINI \u2013 II gatunek","og_description":"Szukasz jedwabnej poszewki na ja\u015bka w ni\u017cszej cenie? Oferujemy poszewki z naturalnego jedwabiu II gatunku (z drobnymi skazami) w atrakcyjnej ofercie.\u00a0","og_url":"https:\/\/jogapiekna.com\/en\/product\/poszewka-jedwabna-do-poduszki-bye-bye-wrinkles-mini-joga-piekna-ii-gatunek\/","og_site_name":"JOGA PI\u0118KNA | Joga Twarzy","article_publisher":"https:\/\/www.facebook.com\/JogaPieknaCom\/","article_modified_time":"2026-04-02T07:36:50+00:00","og_image":[{"width":1000,"height":1000,"url":"https:\/\/jogapiekna.com\/wp-content\/uploads\/2021\/08\/Poszewka-jedwabna-na-poduszke-antyzmarszczkowa-MINI-2_gatunek-bbw_2025.jpg","type":"image\/jpeg"}],"twitter_card":"summary_large_image","twitter_misc":{"Estimated reading time":"3 minutes"},"schema":{"@context":"https:\/\/schema.org","@graph":[{"@type":"WebPage","@id":"https:\/\/jogapiekna.com\/produkt\/poszewka-jedwabna-do-poduszki-bye-bye-wrinkles-mini-joga-piekna-ii-gatunek\/","url":"https:\/\/jogapiekna.com\/produkt\/poszewka-jedwabna-do-poduszki-bye-bye-wrinkles-mini-joga-piekna-ii-gatunek\/","name":"Poszewka z naturalnego jedwabiu Bye Bye Wrinkles MINI \u2013 II gatunek","isPartOf":{"@id":"https:\/\/jogapiekna.com\/#website"},"primaryImageOfPage":{"@id":"https:\/\/jogapiekna.com\/produkt\/poszewka-jedwabna-do-poduszki-bye-bye-wrinkles-mini-joga-piekna-ii-gatunek\/#primaryimage"},"image":{"@id":"https:\/\/jogapiekna.com\/produkt\/poszewka-jedwabna-do-poduszki-bye-bye-wrinkles-mini-joga-piekna-ii-gatunek\/#primaryimage"},"thumbnailUrl":"https:\/\/jogapiekna.com\/wp-content\/uploads\/2021\/08\/Poszewka-jedwabna-na-poduszke-antyzmarszczkowa-MINI-2_gatunek-bbw_2025.jpg","datePublished":"2021-08-15T13:38:13+00:00","dateModified":"2026-04-02T07:36:50+00:00","description":"Szukasz jedwabnej poszewki na ja\u015bka w ni\u017cszej cenie? Oferujemy poszewki z naturalnego jedwabiu II gatunku (z drobnymi skazami) w atrakcyjnej ofercie.\u00a0","breadcrumb":{"@id":"https:\/\/jogapiekna.com\/produkt\/poszewka-jedwabna-do-poduszki-bye-bye-wrinkles-mini-joga-piekna-ii-gatunek\/#breadcrumb"},"inLanguage":"en-GB","potentialAction":[{"@type":"ReadAction","target":["https:\/\/jogapiekna.com\/produkt\/poszewka-jedwabna-do-poduszki-bye-bye-wrinkles-mini-joga-piekna-ii-gatunek\/"]}]},{"@type":"ImageObject","inLanguage":"en-GB","@id":"https:\/\/jogapiekna.com\/produkt\/poszewka-jedwabna-do-poduszki-bye-bye-wrinkles-mini-joga-piekna-ii-gatunek\/#primaryimage","url":"https:\/\/jogapiekna.com\/wp-content\/uploads\/2021\/08\/Poszewka-jedwabna-na-poduszke-antyzmarszczkowa-MINI-2_gatunek-bbw_2025.jpg","contentUrl":"https:\/\/jogapiekna.com\/wp-content\/uploads\/2021\/08\/Poszewka-jedwabna-na-poduszke-antyzmarszczkowa-MINI-2_gatunek-bbw_2025.jpg","width":1000,"height":1000,"caption":"Poszewka jedwabna na poduszk\u0119 antyzmarszczkow\u0105 MINI \u2013 2 gatunek"},{"@type":"BreadcrumbList","@id":"https:\/\/jogapiekna.com\/produkt\/poszewka-jedwabna-do-poduszki-bye-bye-wrinkles-mini-joga-piekna-ii-gatunek\/#breadcrumb","itemListElement":[{"@type":"ListItem","position":1,"name":"Strona g\u0142\u00f3wna","item":"https:\/\/jogapiekna.com\/"},{"@type":"ListItem","position":2,"name":"Sklep","item":"https:\/\/jogapiekna.com\/sklep\/"},{"@type":"ListItem","position":3,"name":"2 gatunek \u2022 Poszewka jedwabna na poduszk\u0119 antyzmarszczkow\u0105 MINI"}]},{"@type":"WebSite","@id":"https:\/\/jogapiekna.com\/#website","url":"https:\/\/jogapiekna.com\/","name":"Yoga Beauty Marta Kuci\u0144ska","description":"Beauty Yoga helps women to maintain their beauty, reverse the signs of passing time and fatigue, regain a radiant appearance, natural smile and improve their self-esteem.","publisher":{"@id":"https:\/\/jogapiekna.com\/#organization"},"potentialAction":[{"@type":"SearchAction","target":{"@type":"EntryPoint","urlTemplate":"https:\/\/jogapiekna.com\/?s={search_term_string}"},"query-input":{"@type":"PropertyValueSpecification","valueRequired":true,"valueName":"search_term_string"}}],"inLanguage":"en-GB"},{"@type":"Organization","@id":"https:\/\/jogapiekna.com\/#organization","name":"Yoga Beauty Marta Kuci\u0144ska","url":"https:\/\/jogapiekna.com\/","logo":{"@type":"ImageObject","inLanguage":"en-GB","@id":"https:\/\/jogapiekna.com\/#\/schema\/logo\/image\/","url":"https:\/\/jogapiekna.com\/wp-content\/uploads\/2022\/09\/joga-piekna-logo_Rka.png","contentUrl":"https:\/\/jogapiekna.com\/wp-content\/uploads\/2022\/09\/joga-piekna-logo_Rka.png","width":231,"height":124,"caption":"Joga Pi\u0119kna Marta Kuci\u0144ska"},"image":{"@id":"https:\/\/jogapiekna.com\/#\/schema\/logo\/image\/"},"sameAs":["https:\/\/www.facebook.com\/JogaPieknaCom\/","https:\/\/www.instagram.com\/jogapieknacom\/"]}]}},"_links":{"self":[{"href":"https:\/\/jogapiekna.com\/en\/wp-json\/wp\/v2\/product\/56469","targetHints":{"allow":["GET"]}}],"collection":[{"href":"https:\/\/jogapiekna.com\/en\/wp-json\/wp\/v2\/product"}],"about":[{"href":"https:\/\/jogapiekna.com\/en\/wp-json\/wp\/v2\/types\/product"}],"replies":[{"embeddable":true,"href":"https:\/\/jogapiekna.com\/en\/wp-json\/wp\/v2\/comments?post=56469"}],"version-history":[{"count":5,"href":"https:\/\/jogapiekna.com\/en\/wp-json\/wp\/v2\/product\/56469\/revisions"}],"predecessor-version":[{"id":161572,"href":"https:\/\/jogapiekna.com\/en\/wp-json\/wp\/v2\/product\/56469\/revisions\/161572"}],"wp:featuredmedia":[{"embeddable":true,"href":"https:\/\/jogapiekna.com\/en\/wp-json\/wp\/v2\/media\/202171"}],"wp:attachment":[{"href":"https:\/\/jogapiekna.com\/en\/wp-json\/wp\/v2\/media?parent=56469"}],"wp:term":[{"taxonomy":"product_brand","embeddable":true,"href":"https:\/\/jogapiekna.com\/en\/wp-json\/wp\/v2\/product_brand?post=56469"},{"taxonomy":"product_cat","embeddable":true,"href":"https:\/\/jogapiekna.com\/en\/wp-json\/wp\/v2\/product_cat?post=56469"},{"taxonomy":"product_tag","embeddable":true,"href":"https:\/\/jogapiekna.com\/en\/wp-json\/wp\/v2\/product_tag?post=56469"}],"curies":[{"name":"wp","href":"https:\/\/api.w.org\/{rel}","templated":true}]}}