{"id":6005,"date":"2019-09-14T20:34:33","date_gmt":"2019-09-14T18:34:33","guid":{"rendered":"https:\/\/jogapiekna.com\/?post_type=product&#038;p=6005"},"modified":"2025-12-23T10:42:25","modified_gmt":"2025-12-23T09:42:25","slug":"zestaw-3-olejkow-3x5-ml","status":"publish","type":"product","link":"https:\/\/jogapiekna.com\/en\/product\/zestaw-3-olejkow-3x5-ml\/","title":{"rendered":"doTERRA Oil Set * lavender * lemon * mint * 3\u00d75 ml"},"content":{"rendered":"<p>The set includes three essential oils of lavender, lemon and mint each 5 ml.<\/p>\n<p><strong>LAVENDER OIL<\/strong><br \/>\nIt acts as an analgesic, relaxes the muscles and calms down. Great for cleaning wounds, bruises, bruises and any skin irritations.<\/p>\n<p><strong>indication:<\/strong><\/p>\n<ul>\n<li>burns (cell repair and renewal), sunburn-wounds heal without a trace of scarring<\/li>\n<li>dandruff, hair loss<\/li>\n<li>cold sores<\/li>\n<li>headaches<\/li>\n<li>upset stomach, nausea<\/li>\n<li>insomnia<\/li>\n<li>reduction of scars, and often their complete removal<\/li>\n<li>skin diseases such as acne, dermatitis, eczema, psoriasis, rash, skin stretch marks, cellulite<\/li>\n<li>wrinkles, aging skin<\/li>\n<li>liver cleansing<\/li>\n<\/ul>\n<p><strong>How to use it:<\/strong><\/p>\n<ul>\n<li>diffuser: 2-4 drops<\/li>\n<li>inside: 2 drops to 0.5 cups of water<\/li>\n<li>diluted apply to selected areas according to your needs by smearing, rubbing, massaging (1-2 drops per selected area of skin, dilute with coconut oil to minimize skin sensitivity)<\/li>\n<li>use instead of deodorant, mixed with coconut oil<\/li>\n<\/ul>\n<p><strong>LEMON OIL<\/strong><br \/>\nThe cleansing and refreshing properties of lemon make it one of the most versatile oils. Lemon oil has strong anti-infective properties.<\/p>\n<p><strong>Action:<\/strong><\/p>\n<ul>\n<li>anti-infective, anti-viral, anti-bacterial<\/li>\n<li>deactivator<\/li>\n<li>cleansing the body<\/li>\n<li>improves microcirculation<\/li>\n<li>significantly improves the functioning of the immune system and stimulates the formation of white blood cells<\/li>\n<li>cleanses and nourishes the skin, helps to reduce wrinkles and wrinkles of the skin and acne<\/li>\n<\/ul>\n<p><strong>Recommendations:<\/strong><br \/>\nSkin problems: herpes, impetigo, warts, warts, porridges.<\/p>\n<p><strong>How to use:<\/strong><\/p>\n<ul>\n<li>diffuser: 2-4 drops<\/li>\n<li>inside: 1-2 drops per 0.5 cup of water<\/li>\n<li>for the skin: 1-2 drops on the selected area of the skin. It can be mixed with coconut oil to reduce skin sensitivity.<\/li>\n<\/ul>\n<p>Attention! Lemon oil is photoactive (photosensitive). Avoid oiling the skin and direct exposure to sunlight or UV rays for up to 6 hours after oiling!<\/p>\n<p><strong>PEPPERMINT OIL<\/strong><br \/>\nPeppermint (peppermint) is one of the oldest and most recognized herbs for relieving digestive problems and improving metabolic processes. Improves the process of digestion and absorption of nutrients by the body.<\/p>\n<p>Peppermint oil is a spicy oil. Therefore, it should avoid contact with the eyes and other sensitive parts of the body. However, if it happens that a small amount of oil gets into the eyes, it is best to wash it out with fractionated coconut oil or possibly olive oil or other vegetable oil.<\/p>\n<p>Despite the unpleasant feeling of smoking, a small amount of peppermint oil does not harm our eyes.<\/p>\n<p>The oil promotes digestion, removes parasites from the digestive system.<\/p>\n<p><strong>indication:<\/strong><\/p>\n<ul>\n<li>respiratory system: asthma, cold and flu, bronchitis, bronchitis, pharyngitis, fever<\/li>\n<li>problems with the digestive system: heartburn, colic, diarrhea, metabolism, nausea, abdominal pain<\/li>\n<li>headaches, migraines<\/li>\n<li>motion sickness<\/li>\n<li>pruritus and dermatitis<\/li>\n<li>insect bites<\/li>\n<\/ul>\n<p><strong>How to use it:<\/strong><\/p>\n<ul>\n<li>diffuser: 2-4 drops<\/li>\n<li>inside: 1 drop per 0.5 cup of water<\/li>\n<li>for the skin: 1-2 drops on the selected area of the skin. It can be mixed with coconut oil to reduce skin sensitivity.<\/li>\n<li>belly massage with diluted oil<\/li>\n<li>add to water or tea for proper digestion (1 drop per 0.5 cup of water)<\/li>\n<li>also apply to the lower part of the legs or rub into the temples for headaches<\/li>\n<li>to increase concentration and memory, put 1 drop on your tongue<\/li>\n<li>add to food as a flavoring agent and preservative<\/li>\n<\/ul>\n<p><strong>All doTERRA oils are clean and safe. They are certified CPTG (Certified Pure Therapeutic Grade\u00ae) - certified pure therapeutic grade.<\/strong> They can be safely used internally, lubricated the body, and inhaled.<\/p>\n<p><strong>CPTG-Certified Pure Therapeutic Grade (ACKT-Certified Pure therapeutic Grade)<\/strong> doTERRA oils, which makes it absolutely safe to use oils orally (those intended for internal use), as well as in small children.<\/p>\n<p>What does such a certificate mean?<\/p>\n<ul>\n<li>quality without pesticides and heavy metals,<\/li>\n<li>no artificial colors or fillers,<\/li>\n<li>kontrolowane uprawy na obszarach, gdzie naturalnie wyst\u0119puje dana ro\u015blina i zbieranie jej w optymalnym momencie<\/li>\n<li>brak domieszek olejk\u00f3w z innych ro\u015blinnych<\/li>\n<li>brak domieszek olejk\u00f3w syntetycznych<\/li>\n<\/ul>","protected":false},"excerpt":{"rendered":"<p>The set includes three essential oils of lavender, lemon and mint each 5 ml.<\/p>","protected":false},"featured_media":94715,"comment_status":"closed","ping_status":"closed","template":"","meta":{"_acf_changed":false,"site-sidebar-layout":"default","site-content-layout":"","ast-site-content-layout":"default","site-content-style":"default","site-sidebar-style":"default","ast-global-header-display":"","ast-banner-title-visibility":"","ast-main-header-display":"","ast-hfb-above-header-display":"","ast-hfb-below-header-display":"","ast-hfb-mobile-header-display":"","site-post-title":"","ast-breadcrumbs-content":"","ast-featured-img":"","footer-sml-layout":"","ast-disable-related-posts":"","theme-transparent-header-meta":"","adv-header-id-meta":"","stick-header-meta":"","header-above-stick-meta":"","header-main-stick-meta":"","header-below-stick-meta":"","astra-migrate-meta-layouts":"default","ast-page-background-enabled":"default","ast-page-background-meta":{"desktop":{"background-color":"var(--ast-global-color-5)","background-image":"","background-repeat":"repeat","background-position":"center center","background-size":"auto","background-attachment":"scroll","background-type":"","background-media":"","overlay-type":"","overlay-color":"","overlay-opacity":"","overlay-gradient":""},"tablet":{"background-color":"","background-image":"","background-repeat":"repeat","background-position":"center center","background-size":"auto","background-attachment":"scroll","background-type":"","background-media":"","overlay-type":"","overlay-color":"","overlay-opacity":"","overlay-gradient":""},"mobile":{"background-color":"","background-image":"","background-repeat":"repeat","background-position":"center center","background-size":"auto","background-attachment":"scroll","background-type":"","background-media":"","overlay-type":"","overlay-color":"","overlay-opacity":"","overlay-gradient":""}},"ast-content-background-meta":{"desktop":{"background-color":"var(--ast-global-color-4)","background-image":"","background-repeat":"repeat","background-position":"center center","background-size":"auto","background-attachment":"scroll","background-type":"","background-media":"","overlay-type":"","overlay-color":"","overlay-opacity":"","overlay-gradient":""},"tablet":{"background-color":"var(--ast-global-color-4)","background-image":"","background-repeat":"repeat","background-position":"center center","background-size":"auto","background-attachment":"scroll","background-type":"","background-media":"","overlay-type":"","overlay-color":"","overlay-opacity":"","overlay-gradient":""},"mobile":{"background-color":"var(--ast-global-color-4)","background-image":"","background-repeat":"repeat","background-position":"center center","background-size":"auto","background-attachment":"scroll","background-type":"","background-media":"","overlay-type":"","overlay-color":"","overlay-opacity":"","overlay-gradient":""}}},"product_brand":[],"product_cat":[642],"product_tag":[157,144,57,198],"class_list":{"0":"post-6005","1":"product","2":"type-product","3":"status-publish","4":"has-post-thumbnail","6":"product_cat-olejki-eteryczne","7":"product_tag-aromaterapia","8":"product_tag-doterra","9":"product_tag-olejek-eteryczny","10":"product_tag-zestaw-olejkow","11":"desktop-align-left","12":"tablet-align-left","13":"mobile-align-left","15":"first","16":"instock","17":"taxable","18":"shipping-taxable","19":"purchasable","20":"product-type-simple"},"acf":[],"yoast_head":"<!-- This site is optimized with the Yoast SEO plugin v27.4 - https:\/\/yoast.com\/product\/yoast-seo-wordpress\/ -->\n<title>Zestaw olejk\u00f3w doTERRA \u2022 lawenda \u2022 cytryna \u2022 mi\u0119ta \u2022 3x5 ml | Joga Pi\u0119kna | Naturalne odm\u0142adzanie<\/title>\n<meta name=\"description\" content=\"Zestaw trzech olejk\u00f3w eterycznych to pocz\u0105tek przygody z aromaterapi\u0105. Wszystkie olejki eteryczne doTERRA s\u0105 czyste, bezpieczne. Posiadaj\u0105 certyfikat CPTG.\" \/>\n<meta name=\"robots\" content=\"index, follow, max-snippet:-1, max-image-preview:large, max-video-preview:-1\" \/>\n<link rel=\"canonical\" href=\"https:\/\/jogapiekna.com\/en\/product\/zestaw-3-olejkow-3x5-ml\/\" \/>\n<meta property=\"og:locale\" content=\"en_GB\" \/>\n<meta property=\"og:type\" content=\"article\" \/>\n<meta property=\"og:title\" content=\"Zestaw olejk\u00f3w doTERRA \u2022 lawenda \u2022 cytryna \u2022 mi\u0119ta \u2022 3x5 ml | Joga Pi\u0119kna | Naturalne odm\u0142adzanie\" \/>\n<meta property=\"og:description\" content=\"Zestaw trzech olejk\u00f3w eterycznych to pocz\u0105tek przygody z aromaterapi\u0105. Wszystkie olejki eteryczne doTERRA s\u0105 czyste, bezpieczne. Posiadaj\u0105 certyfikat CPTG.\" \/>\n<meta property=\"og:url\" content=\"https:\/\/jogapiekna.com\/en\/product\/zestaw-3-olejkow-3x5-ml\/\" \/>\n<meta property=\"og:site_name\" content=\"JOGA PI\u0118KNA | Joga Twarzy\" \/>\n<meta property=\"article:publisher\" content=\"https:\/\/www.facebook.com\/JogaPieknaCom\/\" \/>\n<meta property=\"article:modified_time\" content=\"2025-12-23T09:42:25+00:00\" \/>\n<meta property=\"og:image\" content=\"https:\/\/jogapiekna.com\/wp-content\/uploads\/2020\/05\/joga-piekna_olejki-zestaw-trzech-olejkow-3x5ml-doterra.jpg\" \/>\n\t<meta property=\"og:image:width\" content=\"1000\" \/>\n\t<meta property=\"og:image:height\" content=\"1000\" \/>\n\t<meta property=\"og:image:type\" content=\"image\/jpeg\" \/>\n<meta name=\"twitter:card\" content=\"summary_large_image\" \/>\n<meta name=\"twitter:label1\" content=\"Estimated reading time\" \/>\n\t<meta name=\"twitter:data1\" content=\"4 minutes\" \/>\n<script type=\"application\/ld+json\" class=\"yoast-schema-graph\">{\"@context\":\"https:\\\/\\\/schema.org\",\"@graph\":[{\"@type\":\"WebPage\",\"@id\":\"https:\\\/\\\/jogapiekna.com\\\/produkt\\\/zestaw-3-olejkow-3x5-ml\\\/\",\"url\":\"https:\\\/\\\/jogapiekna.com\\\/produkt\\\/zestaw-3-olejkow-3x5-ml\\\/\",\"name\":\"Zestaw olejk\u00f3w doTERRA \u2022 lawenda \u2022 cytryna \u2022 mi\u0119ta \u2022 3x5 ml | Joga Pi\u0119kna | Naturalne odm\u0142adzanie\",\"isPartOf\":{\"@id\":\"https:\\\/\\\/jogapiekna.com\\\/#website\"},\"primaryImageOfPage\":{\"@id\":\"https:\\\/\\\/jogapiekna.com\\\/produkt\\\/zestaw-3-olejkow-3x5-ml\\\/#primaryimage\"},\"image\":{\"@id\":\"https:\\\/\\\/jogapiekna.com\\\/produkt\\\/zestaw-3-olejkow-3x5-ml\\\/#primaryimage\"},\"thumbnailUrl\":\"https:\\\/\\\/jogapiekna.com\\\/wp-content\\\/uploads\\\/2020\\\/05\\\/joga-piekna_olejki-zestaw-trzech-olejkow-3x5ml-doterra.jpg\",\"datePublished\":\"2019-09-14T18:34:33+00:00\",\"dateModified\":\"2025-12-23T09:42:25+00:00\",\"description\":\"Zestaw trzech olejk\u00f3w eterycznych to pocz\u0105tek przygody z aromaterapi\u0105. Wszystkie olejki eteryczne doTERRA s\u0105 czyste, bezpieczne. Posiadaj\u0105 certyfikat CPTG.\",\"breadcrumb\":{\"@id\":\"https:\\\/\\\/jogapiekna.com\\\/produkt\\\/zestaw-3-olejkow-3x5-ml\\\/#breadcrumb\"},\"inLanguage\":\"en-GB\",\"potentialAction\":[{\"@type\":\"ReadAction\",\"target\":[\"https:\\\/\\\/jogapiekna.com\\\/produkt\\\/zestaw-3-olejkow-3x5-ml\\\/\"]}]},{\"@type\":\"ImageObject\",\"inLanguage\":\"en-GB\",\"@id\":\"https:\\\/\\\/jogapiekna.com\\\/produkt\\\/zestaw-3-olejkow-3x5-ml\\\/#primaryimage\",\"url\":\"https:\\\/\\\/jogapiekna.com\\\/wp-content\\\/uploads\\\/2020\\\/05\\\/joga-piekna_olejki-zestaw-trzech-olejkow-3x5ml-doterra.jpg\",\"contentUrl\":\"https:\\\/\\\/jogapiekna.com\\\/wp-content\\\/uploads\\\/2020\\\/05\\\/joga-piekna_olejki-zestaw-trzech-olejkow-3x5ml-doterra.jpg\",\"width\":1000,\"height\":1000,\"caption\":\"Zestaw olejk\u00f3w doTERRA \u2022 lawenda \u2022 cytryna \u2022 mi\u0119ta \u2022 3x5 ml\"},{\"@type\":\"BreadcrumbList\",\"@id\":\"https:\\\/\\\/jogapiekna.com\\\/produkt\\\/zestaw-3-olejkow-3x5-ml\\\/#breadcrumb\",\"itemListElement\":[{\"@type\":\"ListItem\",\"position\":1,\"name\":\"Strona g\u0142\u00f3wna\",\"item\":\"https:\\\/\\\/jogapiekna.com\\\/\"},{\"@type\":\"ListItem\",\"position\":2,\"name\":\"Sklep\",\"item\":\"https:\\\/\\\/jogapiekna.com\\\/sklep\\\/\"},{\"@type\":\"ListItem\",\"position\":3,\"name\":\"Zestaw olejk\u00f3w doTERRA \u2022 lawenda \u2022 cytryna \u2022 mi\u0119ta \u2022 3&#215;5 ml\"}]},{\"@type\":\"WebSite\",\"@id\":\"https:\\\/\\\/jogapiekna.com\\\/#website\",\"url\":\"https:\\\/\\\/jogapiekna.com\\\/\",\"name\":\"Joga Pi\u0119kna Marta Kuci\u0144ska\",\"description\":\"Joga Pi\u0119kna pomaga kobietom zachowa\u0107 urod\u0119, cofn\u0105\u0107 oznaki up\u0142ywaj\u0105cego czasu i zm\u0119czenia, odzyska\u0107 promienny wygl\u0105d, naturalny u\u015bmiech i popraw\u0119 w\u0142asnej samooceny.\",\"publisher\":{\"@id\":\"https:\\\/\\\/jogapiekna.com\\\/#organization\"},\"potentialAction\":[{\"@type\":\"SearchAction\",\"target\":{\"@type\":\"EntryPoint\",\"urlTemplate\":\"https:\\\/\\\/jogapiekna.com\\\/?s={search_term_string}\"},\"query-input\":{\"@type\":\"PropertyValueSpecification\",\"valueRequired\":true,\"valueName\":\"search_term_string\"}}],\"inLanguage\":\"en-GB\"},{\"@type\":\"Organization\",\"@id\":\"https:\\\/\\\/jogapiekna.com\\\/#organization\",\"name\":\"Joga Pi\u0119kna Marta Kuci\u0144ska\",\"url\":\"https:\\\/\\\/jogapiekna.com\\\/\",\"logo\":{\"@type\":\"ImageObject\",\"inLanguage\":\"en-GB\",\"@id\":\"https:\\\/\\\/jogapiekna.com\\\/#\\\/schema\\\/logo\\\/image\\\/\",\"url\":\"https:\\\/\\\/jogapiekna.com\\\/wp-content\\\/uploads\\\/2022\\\/09\\\/joga-piekna-logo_Rka.png\",\"contentUrl\":\"https:\\\/\\\/jogapiekna.com\\\/wp-content\\\/uploads\\\/2022\\\/09\\\/joga-piekna-logo_Rka.png\",\"width\":231,\"height\":124,\"caption\":\"Joga Pi\u0119kna Marta Kuci\u0144ska\"},\"image\":{\"@id\":\"https:\\\/\\\/jogapiekna.com\\\/#\\\/schema\\\/logo\\\/image\\\/\"},\"sameAs\":[\"https:\\\/\\\/www.facebook.com\\\/JogaPieknaCom\\\/\",\"https:\\\/\\\/www.instagram.com\\\/jogapieknacom\\\/\"]}]}<\/script>\n<!-- \/ Yoast SEO plugin. -->","yoast_head_json":{"title":"Zestaw olejk\u00f3w doTERRA \u2022 lawenda \u2022 cytryna \u2022 mi\u0119ta \u2022 3x5 ml | Joga Pi\u0119kna | Naturalne odm\u0142adzanie","description":"Zestaw trzech olejk\u00f3w eterycznych to pocz\u0105tek przygody z aromaterapi\u0105. Wszystkie olejki eteryczne doTERRA s\u0105 czyste, bezpieczne. Posiadaj\u0105 certyfikat CPTG.","robots":{"index":"index","follow":"follow","max-snippet":"max-snippet:-1","max-image-preview":"max-image-preview:large","max-video-preview":"max-video-preview:-1"},"canonical":"https:\/\/jogapiekna.com\/en\/product\/zestaw-3-olejkow-3x5-ml\/","og_locale":"en_GB","og_type":"article","og_title":"Zestaw olejk\u00f3w doTERRA \u2022 lawenda \u2022 cytryna \u2022 mi\u0119ta \u2022 3x5 ml | Joga Pi\u0119kna | Naturalne odm\u0142adzanie","og_description":"Zestaw trzech olejk\u00f3w eterycznych to pocz\u0105tek przygody z aromaterapi\u0105. Wszystkie olejki eteryczne doTERRA s\u0105 czyste, bezpieczne. Posiadaj\u0105 certyfikat CPTG.","og_url":"https:\/\/jogapiekna.com\/en\/product\/zestaw-3-olejkow-3x5-ml\/","og_site_name":"JOGA PI\u0118KNA | Joga Twarzy","article_publisher":"https:\/\/www.facebook.com\/JogaPieknaCom\/","article_modified_time":"2025-12-23T09:42:25+00:00","og_image":[{"width":1000,"height":1000,"url":"https:\/\/jogapiekna.com\/wp-content\/uploads\/2020\/05\/joga-piekna_olejki-zestaw-trzech-olejkow-3x5ml-doterra.jpg","type":"image\/jpeg"}],"twitter_card":"summary_large_image","twitter_misc":{"Estimated reading time":"4 minutes"},"schema":{"@context":"https:\/\/schema.org","@graph":[{"@type":"WebPage","@id":"https:\/\/jogapiekna.com\/produkt\/zestaw-3-olejkow-3x5-ml\/","url":"https:\/\/jogapiekna.com\/produkt\/zestaw-3-olejkow-3x5-ml\/","name":"Zestaw olejk\u00f3w doTERRA \u2022 lawenda \u2022 cytryna \u2022 mi\u0119ta \u2022 3x5 ml | Joga Pi\u0119kna | Naturalne odm\u0142adzanie","isPartOf":{"@id":"https:\/\/jogapiekna.com\/#website"},"primaryImageOfPage":{"@id":"https:\/\/jogapiekna.com\/produkt\/zestaw-3-olejkow-3x5-ml\/#primaryimage"},"image":{"@id":"https:\/\/jogapiekna.com\/produkt\/zestaw-3-olejkow-3x5-ml\/#primaryimage"},"thumbnailUrl":"https:\/\/jogapiekna.com\/wp-content\/uploads\/2020\/05\/joga-piekna_olejki-zestaw-trzech-olejkow-3x5ml-doterra.jpg","datePublished":"2019-09-14T18:34:33+00:00","dateModified":"2025-12-23T09:42:25+00:00","description":"Zestaw trzech olejk\u00f3w eterycznych to pocz\u0105tek przygody z aromaterapi\u0105. Wszystkie olejki eteryczne doTERRA s\u0105 czyste, bezpieczne. Posiadaj\u0105 certyfikat CPTG.","breadcrumb":{"@id":"https:\/\/jogapiekna.com\/produkt\/zestaw-3-olejkow-3x5-ml\/#breadcrumb"},"inLanguage":"en-GB","potentialAction":[{"@type":"ReadAction","target":["https:\/\/jogapiekna.com\/produkt\/zestaw-3-olejkow-3x5-ml\/"]}]},{"@type":"ImageObject","inLanguage":"en-GB","@id":"https:\/\/jogapiekna.com\/produkt\/zestaw-3-olejkow-3x5-ml\/#primaryimage","url":"https:\/\/jogapiekna.com\/wp-content\/uploads\/2020\/05\/joga-piekna_olejki-zestaw-trzech-olejkow-3x5ml-doterra.jpg","contentUrl":"https:\/\/jogapiekna.com\/wp-content\/uploads\/2020\/05\/joga-piekna_olejki-zestaw-trzech-olejkow-3x5ml-doterra.jpg","width":1000,"height":1000,"caption":"Zestaw olejk\u00f3w doTERRA \u2022 lawenda \u2022 cytryna \u2022 mi\u0119ta \u2022 3x5 ml"},{"@type":"BreadcrumbList","@id":"https:\/\/jogapiekna.com\/produkt\/zestaw-3-olejkow-3x5-ml\/#breadcrumb","itemListElement":[{"@type":"ListItem","position":1,"name":"Strona g\u0142\u00f3wna","item":"https:\/\/jogapiekna.com\/"},{"@type":"ListItem","position":2,"name":"Sklep","item":"https:\/\/jogapiekna.com\/sklep\/"},{"@type":"ListItem","position":3,"name":"Zestaw olejk\u00f3w doTERRA \u2022 lawenda \u2022 cytryna \u2022 mi\u0119ta \u2022 3&#215;5 ml"}]},{"@type":"WebSite","@id":"https:\/\/jogapiekna.com\/#website","url":"https:\/\/jogapiekna.com\/","name":"Yoga Beauty Marta Kuci\u0144ska","description":"Beauty Yoga helps women to maintain their beauty, reverse the signs of passing time and fatigue, regain a radiant appearance, natural smile and improve their self-esteem.","publisher":{"@id":"https:\/\/jogapiekna.com\/#organization"},"potentialAction":[{"@type":"SearchAction","target":{"@type":"EntryPoint","urlTemplate":"https:\/\/jogapiekna.com\/?s={search_term_string}"},"query-input":{"@type":"PropertyValueSpecification","valueRequired":true,"valueName":"search_term_string"}}],"inLanguage":"en-GB"},{"@type":"Organization","@id":"https:\/\/jogapiekna.com\/#organization","name":"Yoga Beauty Marta Kuci\u0144ska","url":"https:\/\/jogapiekna.com\/","logo":{"@type":"ImageObject","inLanguage":"en-GB","@id":"https:\/\/jogapiekna.com\/#\/schema\/logo\/image\/","url":"https:\/\/jogapiekna.com\/wp-content\/uploads\/2022\/09\/joga-piekna-logo_Rka.png","contentUrl":"https:\/\/jogapiekna.com\/wp-content\/uploads\/2022\/09\/joga-piekna-logo_Rka.png","width":231,"height":124,"caption":"Joga Pi\u0119kna Marta Kuci\u0144ska"},"image":{"@id":"https:\/\/jogapiekna.com\/#\/schema\/logo\/image\/"},"sameAs":["https:\/\/www.facebook.com\/JogaPieknaCom\/","https:\/\/www.instagram.com\/jogapieknacom\/"]}]}},"_links":{"self":[{"href":"https:\/\/jogapiekna.com\/en\/wp-json\/wp\/v2\/product\/6005","targetHints":{"allow":["GET"]}}],"collection":[{"href":"https:\/\/jogapiekna.com\/en\/wp-json\/wp\/v2\/product"}],"about":[{"href":"https:\/\/jogapiekna.com\/en\/wp-json\/wp\/v2\/types\/product"}],"replies":[{"embeddable":true,"href":"https:\/\/jogapiekna.com\/en\/wp-json\/wp\/v2\/comments?post=6005"}],"version-history":[{"count":3,"href":"https:\/\/jogapiekna.com\/en\/wp-json\/wp\/v2\/product\/6005\/revisions"}],"predecessor-version":[{"id":213727,"href":"https:\/\/jogapiekna.com\/en\/wp-json\/wp\/v2\/product\/6005\/revisions\/213727"}],"wp:featuredmedia":[{"embeddable":true,"href":"https:\/\/jogapiekna.com\/en\/wp-json\/wp\/v2\/media\/94715"}],"wp:attachment":[{"href":"https:\/\/jogapiekna.com\/en\/wp-json\/wp\/v2\/media?parent=6005"}],"wp:term":[{"taxonomy":"product_brand","embeddable":true,"href":"https:\/\/jogapiekna.com\/en\/wp-json\/wp\/v2\/product_brand?post=6005"},{"taxonomy":"product_cat","embeddable":true,"href":"https:\/\/jogapiekna.com\/en\/wp-json\/wp\/v2\/product_cat?post=6005"},{"taxonomy":"product_tag","embeddable":true,"href":"https:\/\/jogapiekna.com\/en\/wp-json\/wp\/v2\/product_tag?post=6005"}],"curies":[{"name":"wp","href":"https:\/\/api.w.org\/{rel}","templated":true}]}}