{"id":62972,"date":"2021-11-07T21:30:26","date_gmt":"2021-11-07T20:30:26","guid":{"rendered":"https:\/\/jogapiekna.com\/?post_type=product&#038;p=62972"},"modified":"2026-02-02T10:10:56","modified_gmt":"2026-02-02T09:10:56","slug":"olejek-eteryczny-doterra-oczyszczanie-powietrza-purify","status":"publish","type":"product","link":"https:\/\/jogapiekna.com\/en\/product\/olejek-eteryczny-doterra-oczyszczanie-powietrza-purify\/","title":{"rendered":"doTERRA Essential Oil * Air Purification * Purify * 15 ml"},"content":{"rendered":"<p>doTERRA&#039;s Purify Oil is a combination of essential oils that naturally and safely purify and eliminate unpleasant odors. This inspiring blend combines citrus and pine essential oils to leave a fresh, crisp scent on surfaces and in the air. A favorite among doTERRA users, Purify can quickly replace odors and become an effective whole-house cleaner.<\/p>\n<p>Purify contains lemon and lime essential oils, known for their powerful cleansing properties, as well as Siberian fir, which purify the air. The addition of citronella, tea tree and coriander gives this blend a seductive flavor.<\/p>\n<p><strong> Application: <\/strong><\/p>\n<ul>\n<li>Cleans the air<\/li>\n<li>Eliminates unpleasant odors<\/li>\n<li>Soothes irritation from insect bites<\/li>\n<\/ul>\n<p><strong>How to use:<\/strong><\/p>\n<ul>\n<li><strong>Diffusion:<\/strong> Use three to four drops in the diffuser of your choice.<\/li>\n<li><strong> Local application: <\/strong> Apply one or two drops to the selected area. Dilute with fractionated doTERRA coconut Oil to minimize skin sensitivity.<\/li>\n<\/ul>\n<p><strong>Attention!<\/strong><br \/>\nThis may cause skin irritation. Keep out of reach of children. Consult your doctor if you are pregnant or undergoing treatment. Avoid contact with the eyes, the inside of the ears, and other sensitive areas of the body<\/p>\n<p><strong>All doTERRA oils are clean and safe. They are certified CPTG (Certified Pure Therapeutic Grade\u00ae) - certified pure therapeutic grade.<\/strong> They can be safely used internally, lubricated the body, and inhaled.<\/p>\n<p><strong>CPTG-Certified Pure Therapeutic Grade (ACKT-Certified Pure therapeutic Grade)<\/strong> doTERRA oils, which makes it absolutely safe to use oils orally (those intended for internal use), as well as in small children.<\/p>\n<p>What does such a certificate mean?<\/p>\n<ul>\n<li>quality without pesticides and heavy metals,<\/li>\n<li>no artificial colors or fillers,<\/li>\n<li>kontrolowane uprawy na obszarach, gdzie naturalnie wyst\u0119puje dana ro\u015blina i zbieranie jej w optymalnym momencie<\/li>\n<li>brak domieszek olejk\u00f3w z innych ro\u015blinnych<\/li>\n<li>brak domieszek olejk\u00f3w syntetycznych<\/li>\n<\/ul>","protected":false},"excerpt":{"rendered":"<p>15 ml \/ 300 drops<\/p>","protected":false},"featured_media":94671,"comment_status":"closed","ping_status":"closed","template":"","meta":{"_acf_changed":false,"site-sidebar-layout":"default","site-content-layout":"","ast-site-content-layout":"default","site-content-style":"default","site-sidebar-style":"default","ast-global-header-display":"","ast-banner-title-visibility":"","ast-main-header-display":"","ast-hfb-above-header-display":"","ast-hfb-below-header-display":"","ast-hfb-mobile-header-display":"","site-post-title":"","ast-breadcrumbs-content":"","ast-featured-img":"","footer-sml-layout":"","ast-disable-related-posts":"","theme-transparent-header-meta":"","adv-header-id-meta":"","stick-header-meta":"","header-above-stick-meta":"","header-main-stick-meta":"","header-below-stick-meta":"","astra-migrate-meta-layouts":"default","ast-page-background-enabled":"default","ast-page-background-meta":{"desktop":{"background-color":"var(--ast-global-color-5)","background-image":"","background-repeat":"repeat","background-position":"center center","background-size":"auto","background-attachment":"scroll","background-type":"","background-media":"","overlay-type":"","overlay-color":"","overlay-opacity":"","overlay-gradient":""},"tablet":{"background-color":"","background-image":"","background-repeat":"repeat","background-position":"center center","background-size":"auto","background-attachment":"scroll","background-type":"","background-media":"","overlay-type":"","overlay-color":"","overlay-opacity":"","overlay-gradient":""},"mobile":{"background-color":"","background-image":"","background-repeat":"repeat","background-position":"center center","background-size":"auto","background-attachment":"scroll","background-type":"","background-media":"","overlay-type":"","overlay-color":"","overlay-opacity":"","overlay-gradient":""}},"ast-content-background-meta":{"desktop":{"background-color":"var(--ast-global-color-4)","background-image":"","background-repeat":"repeat","background-position":"center center","background-size":"auto","background-attachment":"scroll","background-type":"","background-media":"","overlay-type":"","overlay-color":"","overlay-opacity":"","overlay-gradient":""},"tablet":{"background-color":"var(--ast-global-color-4)","background-image":"","background-repeat":"repeat","background-position":"center center","background-size":"auto","background-attachment":"scroll","background-type":"","background-media":"","overlay-type":"","overlay-color":"","overlay-opacity":"","overlay-gradient":""},"mobile":{"background-color":"var(--ast-global-color-4)","background-image":"","background-repeat":"repeat","background-position":"center center","background-size":"auto","background-attachment":"scroll","background-type":"","background-media":"","overlay-type":"","overlay-color":"","overlay-opacity":"","overlay-gradient":""}}},"product_brand":[],"product_cat":[642],"product_tag":[157,144,456,57],"class_list":{"0":"post-62972","1":"product","2":"type-product","3":"status-publish","4":"has-post-thumbnail","6":"product_cat-olejki-eteryczne","7":"product_tag-aromaterapia","8":"product_tag-doterra","9":"product_tag-oczyszczanie-powietrza","10":"product_tag-olejek-eteryczny","11":"desktop-align-left","12":"tablet-align-left","13":"mobile-align-left","15":"first","16":"instock","17":"taxable","18":"shipping-taxable","19":"purchasable","20":"product-type-simple"},"acf":[],"yoast_head":"<!-- This site is optimized with the Yoast SEO plugin v27.2 - https:\/\/yoast.com\/product\/yoast-seo-wordpress\/ -->\n<title>Olejek eteryczny doTERRA \u2022 Oczyszczanie powietrza \u2022 Purify \u2022 15 ml | Joga Pi\u0119kna | Ajurweda<\/title>\n<meta name=\"description\" content=\"Olejek Purify od doTERRA to po\u0142\u0105czenie olejk\u00f3w eterycznych, kt\u00f3re w naturalny i bezpieczny spos\u00f3b oczyszczaj\u0105 i likwiduj\u0105 nieprzyjemne zapachy.\u00a0Ta podnosz\u0105ca na duchu mieszanka \u0142\u0105czy w sobie olejki eteryczne z cytrus\u00f3w i sosny, kt\u00f3re pozostawiaj\u0105 przewiewny, \u015bwie\u017cy zapach na powierzchniach i w powietrzu.\u00a0Ulubiony w\u015br\u00f3d u\u017cytkownik\u00f3w doTERRA, Purify mo\u017ce szybko zast\u0105pi\u0107 nieprzyjemne zapachy i by\u0107 skutecznym \u015brodkiem czyszcz\u0105cym w ca\u0142ym domu.\" \/>\n<meta name=\"robots\" content=\"index, follow, max-snippet:-1, max-image-preview:large, max-video-preview:-1\" \/>\n<link rel=\"canonical\" href=\"https:\/\/jogapiekna.com\/en\/product\/olejek-eteryczny-doterra-oczyszczanie-powietrza-purify\/\" \/>\n<meta property=\"og:locale\" content=\"en_GB\" \/>\n<meta property=\"og:type\" content=\"article\" \/>\n<meta property=\"og:title\" content=\"Olejek eteryczny doTERRA \u2022 Oczyszczanie powietrza \u2022 Purify \u2022 15 ml | Joga Pi\u0119kna | Ajurweda\" \/>\n<meta property=\"og:description\" content=\"Olejek Purify od doTERRA to po\u0142\u0105czenie olejk\u00f3w eterycznych, kt\u00f3re w naturalny i bezpieczny spos\u00f3b oczyszczaj\u0105 i likwiduj\u0105 nieprzyjemne zapachy.\u00a0Ta podnosz\u0105ca na duchu mieszanka \u0142\u0105czy w sobie olejki eteryczne z cytrus\u00f3w i sosny, kt\u00f3re pozostawiaj\u0105 przewiewny, \u015bwie\u017cy zapach na powierzchniach i w powietrzu.\u00a0Ulubiony w\u015br\u00f3d u\u017cytkownik\u00f3w doTERRA, Purify mo\u017ce szybko zast\u0105pi\u0107 nieprzyjemne zapachy i by\u0107 skutecznym \u015brodkiem czyszcz\u0105cym w ca\u0142ym domu.\" \/>\n<meta property=\"og:url\" content=\"https:\/\/jogapiekna.com\/en\/product\/olejek-eteryczny-doterra-oczyszczanie-powietrza-purify\/\" \/>\n<meta property=\"og:site_name\" content=\"JOGA PI\u0118KNA | Joga Twarzy\" \/>\n<meta property=\"article:publisher\" content=\"https:\/\/www.facebook.com\/JogaPieknaCom\/\" \/>\n<meta property=\"article:modified_time\" content=\"2026-02-02T09:10:56+00:00\" \/>\n<meta property=\"og:image\" content=\"https:\/\/jogapiekna.com\/wp-content\/uploads\/2020\/04\/joga-piekna_olejek-doterra-purify-doterra.jpg\" \/>\n\t<meta property=\"og:image:width\" content=\"1000\" \/>\n\t<meta property=\"og:image:height\" content=\"1000\" \/>\n\t<meta property=\"og:image:type\" content=\"image\/jpeg\" \/>\n<meta name=\"twitter:card\" content=\"summary_large_image\" \/>\n<meta name=\"twitter:label1\" content=\"Estimated reading time\" \/>\n\t<meta name=\"twitter:data1\" content=\"2 minutes\" \/>\n<script type=\"application\/ld+json\" class=\"yoast-schema-graph\">{\"@context\":\"https:\/\/schema.org\",\"@graph\":[{\"@type\":\"WebPage\",\"@id\":\"https:\/\/jogapiekna.com\/produkt\/olejek-eteryczny-doterra-oczyszczanie-powietrza-purify\/\",\"url\":\"https:\/\/jogapiekna.com\/produkt\/olejek-eteryczny-doterra-oczyszczanie-powietrza-purify\/\",\"name\":\"Olejek eteryczny doTERRA \u2022 Oczyszczanie powietrza \u2022 Purify \u2022 15 ml | Joga Pi\u0119kna | Ajurweda\",\"isPartOf\":{\"@id\":\"https:\/\/jogapiekna.com\/#website\"},\"primaryImageOfPage\":{\"@id\":\"https:\/\/jogapiekna.com\/produkt\/olejek-eteryczny-doterra-oczyszczanie-powietrza-purify\/#primaryimage\"},\"image\":{\"@id\":\"https:\/\/jogapiekna.com\/produkt\/olejek-eteryczny-doterra-oczyszczanie-powietrza-purify\/#primaryimage\"},\"thumbnailUrl\":\"https:\/\/jogapiekna.com\/wp-content\/uploads\/2020\/04\/joga-piekna_olejek-doterra-purify-doterra.jpg\",\"datePublished\":\"2021-11-07T20:30:26+00:00\",\"dateModified\":\"2026-02-02T09:10:56+00:00\",\"description\":\"Olejek Purify od doTERRA to po\u0142\u0105czenie olejk\u00f3w eterycznych, kt\u00f3re w naturalny i bezpieczny spos\u00f3b oczyszczaj\u0105 i likwiduj\u0105 nieprzyjemne zapachy.\u00a0Ta podnosz\u0105ca na duchu mieszanka \u0142\u0105czy w sobie olejki eteryczne z cytrus\u00f3w i sosny, kt\u00f3re pozostawiaj\u0105 przewiewny, \u015bwie\u017cy zapach na powierzchniach i w powietrzu.\u00a0Ulubiony w\u015br\u00f3d u\u017cytkownik\u00f3w doTERRA, Purify mo\u017ce szybko zast\u0105pi\u0107 nieprzyjemne zapachy i by\u0107 skutecznym \u015brodkiem czyszcz\u0105cym w ca\u0142ym domu.\",\"breadcrumb\":{\"@id\":\"https:\/\/jogapiekna.com\/produkt\/olejek-eteryczny-doterra-oczyszczanie-powietrza-purify\/#breadcrumb\"},\"inLanguage\":\"en-GB\",\"potentialAction\":[{\"@type\":\"ReadAction\",\"target\":[\"https:\/\/jogapiekna.com\/produkt\/olejek-eteryczny-doterra-oczyszczanie-powietrza-purify\/\"]}]},{\"@type\":\"ImageObject\",\"inLanguage\":\"en-GB\",\"@id\":\"https:\/\/jogapiekna.com\/produkt\/olejek-eteryczny-doterra-oczyszczanie-powietrza-purify\/#primaryimage\",\"url\":\"https:\/\/jogapiekna.com\/wp-content\/uploads\/2020\/04\/joga-piekna_olejek-doterra-purify-doterra.jpg\",\"contentUrl\":\"https:\/\/jogapiekna.com\/wp-content\/uploads\/2020\/04\/joga-piekna_olejek-doterra-purify-doterra.jpg\",\"width\":1000,\"height\":1000,\"caption\":\"Olejek eteryczny doTERRA \u2022 Oczyszczanie powietrza \u2022 Purify \u2022 15 ml\"},{\"@type\":\"BreadcrumbList\",\"@id\":\"https:\/\/jogapiekna.com\/produkt\/olejek-eteryczny-doterra-oczyszczanie-powietrza-purify\/#breadcrumb\",\"itemListElement\":[{\"@type\":\"ListItem\",\"position\":1,\"name\":\"Strona g\u0142\u00f3wna\",\"item\":\"https:\/\/jogapiekna.com\/\"},{\"@type\":\"ListItem\",\"position\":2,\"name\":\"Sklep\",\"item\":\"https:\/\/jogapiekna.com\/sklep\/\"},{\"@type\":\"ListItem\",\"position\":3,\"name\":\"Olejek eteryczny doTERRA \u2022 Oczyszczanie powietrza \u2022 Purify \u2022 15 ml\"}]},{\"@type\":\"WebSite\",\"@id\":\"https:\/\/jogapiekna.com\/#website\",\"url\":\"https:\/\/jogapiekna.com\/\",\"name\":\"Joga Pi\u0119kna Marta Kuci\u0144ska\",\"description\":\"Joga Pi\u0119kna pomaga kobietom zachowa\u0107 urod\u0119, cofn\u0105\u0107 oznaki up\u0142ywaj\u0105cego czasu i zm\u0119czenia, odzyska\u0107 promienny wygl\u0105d, naturalny u\u015bmiech i popraw\u0119 w\u0142asnej samooceny.\",\"publisher\":{\"@id\":\"https:\/\/jogapiekna.com\/#organization\"},\"potentialAction\":[{\"@type\":\"SearchAction\",\"target\":{\"@type\":\"EntryPoint\",\"urlTemplate\":\"https:\/\/jogapiekna.com\/?s={search_term_string}\"},\"query-input\":{\"@type\":\"PropertyValueSpecification\",\"valueRequired\":true,\"valueName\":\"search_term_string\"}}],\"inLanguage\":\"en-GB\"},{\"@type\":\"Organization\",\"@id\":\"https:\/\/jogapiekna.com\/#organization\",\"name\":\"Joga Pi\u0119kna Marta Kuci\u0144ska\",\"url\":\"https:\/\/jogapiekna.com\/\",\"logo\":{\"@type\":\"ImageObject\",\"inLanguage\":\"en-GB\",\"@id\":\"https:\/\/jogapiekna.com\/#\/schema\/logo\/image\/\",\"url\":\"https:\/\/jogapiekna.com\/wp-content\/uploads\/2022\/09\/joga-piekna-logo_Rka.png\",\"contentUrl\":\"https:\/\/jogapiekna.com\/wp-content\/uploads\/2022\/09\/joga-piekna-logo_Rka.png\",\"width\":231,\"height\":124,\"caption\":\"Joga Pi\u0119kna Marta Kuci\u0144ska\"},\"image\":{\"@id\":\"https:\/\/jogapiekna.com\/#\/schema\/logo\/image\/\"},\"sameAs\":[\"https:\/\/www.facebook.com\/JogaPieknaCom\/\",\"https:\/\/www.instagram.com\/jogapieknacom\/\"]}]}<\/script>\n<!-- \/ Yoast SEO plugin. -->","yoast_head_json":{"title":"Olejek eteryczny doTERRA \u2022 Oczyszczanie powietrza \u2022 Purify \u2022 15 ml | Joga Pi\u0119kna | Ajurweda","description":"doTERRA&#039;s Purify Oil is a combination of essential oils that naturally and safely purify and eliminate unpleasant odors. This inspiring blend combines citrus and pine essential oils to leave a fresh, crisp scent on surfaces and in the air. A favorite among doTERRA users, Purify can quickly replace odors and become an effective whole-house cleaner.","robots":{"index":"index","follow":"follow","max-snippet":"max-snippet:-1","max-image-preview":"max-image-preview:large","max-video-preview":"max-video-preview:-1"},"canonical":"https:\/\/jogapiekna.com\/en\/product\/olejek-eteryczny-doterra-oczyszczanie-powietrza-purify\/","og_locale":"en_GB","og_type":"article","og_title":"Olejek eteryczny doTERRA \u2022 Oczyszczanie powietrza \u2022 Purify \u2022 15 ml | Joga Pi\u0119kna | Ajurweda","og_description":"Olejek Purify od doTERRA to po\u0142\u0105czenie olejk\u00f3w eterycznych, kt\u00f3re w naturalny i bezpieczny spos\u00f3b oczyszczaj\u0105 i likwiduj\u0105 nieprzyjemne zapachy.\u00a0Ta podnosz\u0105ca na duchu mieszanka \u0142\u0105czy w sobie olejki eteryczne z cytrus\u00f3w i sosny, kt\u00f3re pozostawiaj\u0105 przewiewny, \u015bwie\u017cy zapach na powierzchniach i w powietrzu.\u00a0Ulubiony w\u015br\u00f3d u\u017cytkownik\u00f3w doTERRA, Purify mo\u017ce szybko zast\u0105pi\u0107 nieprzyjemne zapachy i by\u0107 skutecznym \u015brodkiem czyszcz\u0105cym w ca\u0142ym domu.","og_url":"https:\/\/jogapiekna.com\/en\/product\/olejek-eteryczny-doterra-oczyszczanie-powietrza-purify\/","og_site_name":"JOGA PI\u0118KNA | Joga Twarzy","article_publisher":"https:\/\/www.facebook.com\/JogaPieknaCom\/","article_modified_time":"2026-02-02T09:10:56+00:00","og_image":[{"width":1000,"height":1000,"url":"https:\/\/jogapiekna.com\/wp-content\/uploads\/2020\/04\/joga-piekna_olejek-doterra-purify-doterra.jpg","type":"image\/jpeg"}],"twitter_card":"summary_large_image","twitter_misc":{"Estimated reading time":"2 minutes"},"schema":{"@context":"https:\/\/schema.org","@graph":[{"@type":"WebPage","@id":"https:\/\/jogapiekna.com\/produkt\/olejek-eteryczny-doterra-oczyszczanie-powietrza-purify\/","url":"https:\/\/jogapiekna.com\/produkt\/olejek-eteryczny-doterra-oczyszczanie-powietrza-purify\/","name":"Olejek eteryczny doTERRA \u2022 Oczyszczanie powietrza \u2022 Purify \u2022 15 ml | Joga Pi\u0119kna | Ajurweda","isPartOf":{"@id":"https:\/\/jogapiekna.com\/#website"},"primaryImageOfPage":{"@id":"https:\/\/jogapiekna.com\/produkt\/olejek-eteryczny-doterra-oczyszczanie-powietrza-purify\/#primaryimage"},"image":{"@id":"https:\/\/jogapiekna.com\/produkt\/olejek-eteryczny-doterra-oczyszczanie-powietrza-purify\/#primaryimage"},"thumbnailUrl":"https:\/\/jogapiekna.com\/wp-content\/uploads\/2020\/04\/joga-piekna_olejek-doterra-purify-doterra.jpg","datePublished":"2021-11-07T20:30:26+00:00","dateModified":"2026-02-02T09:10:56+00:00","description":"doTERRA&#039;s Purify Oil is a combination of essential oils that naturally and safely purify and eliminate unpleasant odors. This inspiring blend combines citrus and pine essential oils to leave a fresh, crisp scent on surfaces and in the air. A favorite among doTERRA users, Purify can quickly replace odors and become an effective whole-house cleaner.","breadcrumb":{"@id":"https:\/\/jogapiekna.com\/produkt\/olejek-eteryczny-doterra-oczyszczanie-powietrza-purify\/#breadcrumb"},"inLanguage":"en-GB","potentialAction":[{"@type":"ReadAction","target":["https:\/\/jogapiekna.com\/produkt\/olejek-eteryczny-doterra-oczyszczanie-powietrza-purify\/"]}]},{"@type":"ImageObject","inLanguage":"en-GB","@id":"https:\/\/jogapiekna.com\/produkt\/olejek-eteryczny-doterra-oczyszczanie-powietrza-purify\/#primaryimage","url":"https:\/\/jogapiekna.com\/wp-content\/uploads\/2020\/04\/joga-piekna_olejek-doterra-purify-doterra.jpg","contentUrl":"https:\/\/jogapiekna.com\/wp-content\/uploads\/2020\/04\/joga-piekna_olejek-doterra-purify-doterra.jpg","width":1000,"height":1000,"caption":"Olejek eteryczny doTERRA \u2022 Oczyszczanie powietrza \u2022 Purify \u2022 15 ml"},{"@type":"BreadcrumbList","@id":"https:\/\/jogapiekna.com\/produkt\/olejek-eteryczny-doterra-oczyszczanie-powietrza-purify\/#breadcrumb","itemListElement":[{"@type":"ListItem","position":1,"name":"Strona g\u0142\u00f3wna","item":"https:\/\/jogapiekna.com\/"},{"@type":"ListItem","position":2,"name":"Sklep","item":"https:\/\/jogapiekna.com\/sklep\/"},{"@type":"ListItem","position":3,"name":"Olejek eteryczny doTERRA \u2022 Oczyszczanie powietrza \u2022 Purify \u2022 15 ml"}]},{"@type":"WebSite","@id":"https:\/\/jogapiekna.com\/#website","url":"https:\/\/jogapiekna.com\/","name":"Yoga Beauty Marta Kuci\u0144ska","description":"Beauty Yoga helps women to maintain their beauty, reverse the signs of passing time and fatigue, regain a radiant appearance, natural smile and improve their self-esteem.","publisher":{"@id":"https:\/\/jogapiekna.com\/#organization"},"potentialAction":[{"@type":"SearchAction","target":{"@type":"EntryPoint","urlTemplate":"https:\/\/jogapiekna.com\/?s={search_term_string}"},"query-input":{"@type":"PropertyValueSpecification","valueRequired":true,"valueName":"search_term_string"}}],"inLanguage":"en-GB"},{"@type":"Organization","@id":"https:\/\/jogapiekna.com\/#organization","name":"Yoga Beauty Marta Kuci\u0144ska","url":"https:\/\/jogapiekna.com\/","logo":{"@type":"ImageObject","inLanguage":"en-GB","@id":"https:\/\/jogapiekna.com\/#\/schema\/logo\/image\/","url":"https:\/\/jogapiekna.com\/wp-content\/uploads\/2022\/09\/joga-piekna-logo_Rka.png","contentUrl":"https:\/\/jogapiekna.com\/wp-content\/uploads\/2022\/09\/joga-piekna-logo_Rka.png","width":231,"height":124,"caption":"Joga Pi\u0119kna Marta Kuci\u0144ska"},"image":{"@id":"https:\/\/jogapiekna.com\/#\/schema\/logo\/image\/"},"sameAs":["https:\/\/www.facebook.com\/JogaPieknaCom\/","https:\/\/www.instagram.com\/jogapieknacom\/"]}]}},"_links":{"self":[{"href":"https:\/\/jogapiekna.com\/en\/wp-json\/wp\/v2\/product\/62972","targetHints":{"allow":["GET"]}}],"collection":[{"href":"https:\/\/jogapiekna.com\/en\/wp-json\/wp\/v2\/product"}],"about":[{"href":"https:\/\/jogapiekna.com\/en\/wp-json\/wp\/v2\/types\/product"}],"replies":[{"embeddable":true,"href":"https:\/\/jogapiekna.com\/en\/wp-json\/wp\/v2\/comments?post=62972"}],"version-history":[{"count":1,"href":"https:\/\/jogapiekna.com\/en\/wp-json\/wp\/v2\/product\/62972\/revisions"}],"predecessor-version":[{"id":211234,"href":"https:\/\/jogapiekna.com\/en\/wp-json\/wp\/v2\/product\/62972\/revisions\/211234"}],"wp:featuredmedia":[{"embeddable":true,"href":"https:\/\/jogapiekna.com\/en\/wp-json\/wp\/v2\/media\/94671"}],"wp:attachment":[{"href":"https:\/\/jogapiekna.com\/en\/wp-json\/wp\/v2\/media?parent=62972"}],"wp:term":[{"taxonomy":"product_brand","embeddable":true,"href":"https:\/\/jogapiekna.com\/en\/wp-json\/wp\/v2\/product_brand?post=62972"},{"taxonomy":"product_cat","embeddable":true,"href":"https:\/\/jogapiekna.com\/en\/wp-json\/wp\/v2\/product_cat?post=62972"},{"taxonomy":"product_tag","embeddable":true,"href":"https:\/\/jogapiekna.com\/en\/wp-json\/wp\/v2\/product_tag?post=62972"}],"curies":[{"name":"wp","href":"https:\/\/api.w.org\/{rel}","templated":true}]}}