{"id":69888,"date":"2021-12-30T18:24:56","date_gmt":"2021-12-30T17:24:56","guid":{"rendered":"https:\/\/jogapiekna.com\/?post_type=product&#038;p=69888"},"modified":"2026-04-16T11:48:51","modified_gmt":"2026-04-16T09:48:51","slug":"amla-regeneracja-i-odmlodzenie-organizmu-120-tabletek","status":"publish","type":"product","link":"https:\/\/jogapiekna.com\/en\/product\/amla-regeneracja-i-odmlodzenie-organizmu-120-tabletek\/","title":{"rendered":"Amla Jiva Tablets * Body rejuvenation * 120 tablets"},"content":{"rendered":"<p>All-natural Amla Jiva tablets work on your body like a skin tonic. The main advantage of this type of preparation is a comprehensive cleansing, refreshing and slowing down. The Amla plant is completely safe for humans and supports the immune system, that is, it minimizes the risk of seasonal diseases. The tablets offered by our store turn out to be an indispensable product for use in general weakness. Who else should choose Amla Tablets? First of all, people struggling with digestive problems and a very popular disease \u2013 visual impairments. The drug Jiva Amla, which is based on natural Indian herbs, has a beneficial effect on suppressing the process of hair loss and improves the overall condition of the skin. The properties of Indian gooseberry also support tissue rejuvenation.<\/p>\n<p>Amla Jiva tablets have a rejuvenating effect. This is a great option for anyone looking to strengthen their immune system. It can be a product that supports the treatment of diabetes, cough, asthma, and tuberculosis. Amla Jiva pills purify the blood and revitalize the body!<\/p>\n<p><strong>Application<\/strong><br \/>\nAmla Jiva Pills help:<br \/>\n* visual impairment<br \/>\n* homeostasis of the body<br \/>\n* digestion<br \/>\n* the immune system<br \/>\n* hair and skin<br \/>\n* weakened tissues<br \/>\n* cleansing the body<br \/>\n* diabetes treatment<\/p>\n<p><strong>Dosage<\/strong> Take 1 tablet twice a day, after meals, with a sufficient amount of water.<\/p>\n<p><strong>Container:<\/strong> 120 tablets<\/p>\n<p><strong>Product composition:<\/strong> tannic leaf fruit powder, binder: gum arabic (acacia gum), corn starch, anti-caking agent: magnesium silicate<\/p>\n<p>Do not exceed the recommended daily intake. A dietary supplement cannot be used as a substitute for a varied diet. It is necessary to adhere to a healthy lifestyle and a balanced diet. Do not use with hypersensitivity to the components of the drug. The product is not intended for pregnant or lactating women and children. Keep out of reach of small children. Protect from light and moisture.<\/p>","protected":false},"excerpt":{"rendered":"<p>Amla-Indian gooseberry(tannic leaf). Amla, also called amalaki, is one of the herbs with the strongest anti-aging effect in Ayurvedic medicine. This is the richest natural source of vitamin C (an average of 3000 mg per fruit). It balances all three doshas, cleanses the body, and rejuvenates weakened dhatus (tissues).<\/p>\n<p><strong>Action:<\/strong> Amla balances the dosha. It is also an effective anti-aging agent. It has antidiabetic properties. It has a healing effect on the blood, bones, liver and heart. Strengthens the body&#039;s immune system.<\/p>\n<p><strong>Container:<\/strong> 120 tablets<\/p>","protected":false},"featured_media":120056,"comment_status":"closed","ping_status":"closed","template":"","meta":{"_acf_changed":false,"site-sidebar-layout":"default","site-content-layout":"","ast-site-content-layout":"default","site-content-style":"default","site-sidebar-style":"default","ast-global-header-display":"","ast-banner-title-visibility":"","ast-main-header-display":"","ast-hfb-above-header-display":"","ast-hfb-below-header-display":"","ast-hfb-mobile-header-display":"","site-post-title":"","ast-breadcrumbs-content":"","ast-featured-img":"","footer-sml-layout":"","ast-disable-related-posts":"","theme-transparent-header-meta":"","adv-header-id-meta":"","stick-header-meta":"","header-above-stick-meta":"","header-main-stick-meta":"","header-below-stick-meta":"","astra-migrate-meta-layouts":"default","ast-page-background-enabled":"default","ast-page-background-meta":{"desktop":{"background-color":"var(--ast-global-color-5)","background-image":"","background-repeat":"repeat","background-position":"center center","background-size":"auto","background-attachment":"scroll","background-type":"","background-media":"","overlay-type":"","overlay-color":"","overlay-opacity":"","overlay-gradient":""},"tablet":{"background-color":"","background-image":"","background-repeat":"repeat","background-position":"center center","background-size":"auto","background-attachment":"scroll","background-type":"","background-media":"","overlay-type":"","overlay-color":"","overlay-opacity":"","overlay-gradient":""},"mobile":{"background-color":"","background-image":"","background-repeat":"repeat","background-position":"center center","background-size":"auto","background-attachment":"scroll","background-type":"","background-media":"","overlay-type":"","overlay-color":"","overlay-opacity":"","overlay-gradient":""}},"ast-content-background-meta":{"desktop":{"background-color":"var(--ast-global-color-4)","background-image":"","background-repeat":"repeat","background-position":"center center","background-size":"auto","background-attachment":"scroll","background-type":"","background-media":"","overlay-type":"","overlay-color":"","overlay-opacity":"","overlay-gradient":""},"tablet":{"background-color":"var(--ast-global-color-4)","background-image":"","background-repeat":"repeat","background-position":"center center","background-size":"auto","background-attachment":"scroll","background-type":"","background-media":"","overlay-type":"","overlay-color":"","overlay-opacity":"","overlay-gradient":""},"mobile":{"background-color":"var(--ast-global-color-4)","background-image":"","background-repeat":"repeat","background-position":"center center","background-size":"auto","background-attachment":"scroll","background-type":"","background-media":"","overlay-type":"","overlay-color":"","overlay-opacity":"","overlay-gradient":""}}},"product_brand":[],"product_cat":[639],"product_tag":[316,244,474,303,259,336,484],"class_list":{"0":"post-69888","1":"product","2":"type-product","3":"status-publish","4":"has-post-thumbnail","6":"product_cat-suplementy","7":"product_tag-amla","8":"product_tag-holistyczna-pielegancja","9":"product_tag-jiva","10":"product_tag-oczyszczanie","11":"product_tag-odmladzanie","12":"product_tag-odpornosc","13":"product_tag-witamina-c","14":"desktop-align-left","15":"tablet-align-left","16":"mobile-align-left","18":"first","19":"instock","20":"sale","21":"taxable","22":"shipping-taxable","23":"purchasable","24":"product-type-simple"},"acf":[],"yoast_head":"<!-- This site is optimized with the Yoast SEO plugin v27.4 - https:\/\/yoast.com\/product\/yoast-seo-wordpress\/ -->\n<title>Tabletki Amla JIVA \u2022 odm\u0142odzenie organizmu \u2022 120 tabletek | Joga Pi\u0119kna | Naturalne odm\u0142adzanie<\/title>\n<meta name=\"description\" content=\"Amla to indyjski agrest (Li\u015bciokwiat garbnikowy). Amla zwana tak\u017ce Amalaki to jedno z zi\u00f3\u0142 o najsilniejszym dzia\u0142aniu odm\u0142adzaj\u0105cym w medycynie ajurwedyjskiej. Jest najbogatszym naturalnym \u017ar\u00f3d\u0142em witaminy C (w jednym owocu jest jej \u015brednio 3000 mg). R\u00f3wnowa\u017cy wszystkie trzy dosze, oczyszcza organizm i odm\u0142adza os\u0142abione dhatus (tkanki).\" \/>\n<meta name=\"robots\" content=\"index, follow, max-snippet:-1, max-image-preview:large, max-video-preview:-1\" \/>\n<link rel=\"canonical\" href=\"https:\/\/jogapiekna.com\/en\/product\/amla-regeneracja-i-odmlodzenie-organizmu-120-tabletek\/\" \/>\n<meta property=\"og:locale\" content=\"en_GB\" \/>\n<meta property=\"og:type\" content=\"article\" \/>\n<meta property=\"og:title\" content=\"Tabletki Amla JIVA \u2022 odm\u0142odzenie organizmu \u2022 120 tabletek | Joga Pi\u0119kna | Naturalne odm\u0142adzanie\" \/>\n<meta property=\"og:description\" content=\"Amla to indyjski agrest (Li\u015bciokwiat garbnikowy). Amla zwana tak\u017ce Amalaki to jedno z zi\u00f3\u0142 o najsilniejszym dzia\u0142aniu odm\u0142adzaj\u0105cym w medycynie ajurwedyjskiej. Jest najbogatszym naturalnym \u017ar\u00f3d\u0142em witaminy C (w jednym owocu jest jej \u015brednio 3000 mg). R\u00f3wnowa\u017cy wszystkie trzy dosze, oczyszcza organizm i odm\u0142adza os\u0142abione dhatus (tkanki).\" \/>\n<meta property=\"og:url\" content=\"https:\/\/jogapiekna.com\/en\/product\/amla-regeneracja-i-odmlodzenie-organizmu-120-tabletek\/\" \/>\n<meta property=\"og:site_name\" content=\"JOGA PI\u0118KNA | Joga Twarzy\" \/>\n<meta property=\"article:publisher\" content=\"https:\/\/www.facebook.com\/JogaPieknaCom\/\" \/>\n<meta property=\"article:modified_time\" content=\"2026-04-16T09:48:51+00:00\" \/>\n<meta property=\"og:image\" content=\"https:\/\/jogapiekna.com\/wp-content\/uploads\/2021\/12\/AMLA120-tabletek_jogapiekna_suplementy-jiva.jpg\" \/>\n\t<meta property=\"og:image:width\" content=\"1000\" \/>\n\t<meta property=\"og:image:height\" content=\"1000\" \/>\n\t<meta property=\"og:image:type\" content=\"image\/jpeg\" \/>\n<meta name=\"twitter:card\" content=\"summary_large_image\" \/>\n<meta name=\"twitter:label1\" content=\"Estimated reading time\" \/>\n\t<meta name=\"twitter:data1\" content=\"2 minutes\" \/>\n<script type=\"application\/ld+json\" class=\"yoast-schema-graph\">{\"@context\":\"https:\\\/\\\/schema.org\",\"@graph\":[{\"@type\":\"WebPage\",\"@id\":\"https:\\\/\\\/jogapiekna.com\\\/produkt\\\/amla-regeneracja-i-odmlodzenie-organizmu-120-tabletek\\\/\",\"url\":\"https:\\\/\\\/jogapiekna.com\\\/produkt\\\/amla-regeneracja-i-odmlodzenie-organizmu-120-tabletek\\\/\",\"name\":\"Tabletki Amla JIVA \u2022 odm\u0142odzenie organizmu \u2022 120 tabletek | Joga Pi\u0119kna | Naturalne odm\u0142adzanie\",\"isPartOf\":{\"@id\":\"https:\\\/\\\/jogapiekna.com\\\/#website\"},\"primaryImageOfPage\":{\"@id\":\"https:\\\/\\\/jogapiekna.com\\\/produkt\\\/amla-regeneracja-i-odmlodzenie-organizmu-120-tabletek\\\/#primaryimage\"},\"image\":{\"@id\":\"https:\\\/\\\/jogapiekna.com\\\/produkt\\\/amla-regeneracja-i-odmlodzenie-organizmu-120-tabletek\\\/#primaryimage\"},\"thumbnailUrl\":\"https:\\\/\\\/jogapiekna.com\\\/wp-content\\\/uploads\\\/2021\\\/12\\\/AMLA120-tabletek_jogapiekna_suplementy-jiva.jpg\",\"datePublished\":\"2021-12-30T17:24:56+00:00\",\"dateModified\":\"2026-04-16T09:48:51+00:00\",\"description\":\"Amla to indyjski agrest (Li\u015bciokwiat garbnikowy). Amla zwana tak\u017ce Amalaki to jedno z zi\u00f3\u0142 o najsilniejszym dzia\u0142aniu odm\u0142adzaj\u0105cym w medycynie ajurwedyjskiej. Jest najbogatszym naturalnym \u017ar\u00f3d\u0142em witaminy C (w jednym owocu jest jej \u015brednio 3000 mg). R\u00f3wnowa\u017cy wszystkie trzy dosze, oczyszcza organizm i odm\u0142adza os\u0142abione dhatus (tkanki).\",\"breadcrumb\":{\"@id\":\"https:\\\/\\\/jogapiekna.com\\\/produkt\\\/amla-regeneracja-i-odmlodzenie-organizmu-120-tabletek\\\/#breadcrumb\"},\"inLanguage\":\"en-GB\",\"potentialAction\":[{\"@type\":\"ReadAction\",\"target\":[\"https:\\\/\\\/jogapiekna.com\\\/produkt\\\/amla-regeneracja-i-odmlodzenie-organizmu-120-tabletek\\\/\"]}]},{\"@type\":\"ImageObject\",\"inLanguage\":\"en-GB\",\"@id\":\"https:\\\/\\\/jogapiekna.com\\\/produkt\\\/amla-regeneracja-i-odmlodzenie-organizmu-120-tabletek\\\/#primaryimage\",\"url\":\"https:\\\/\\\/jogapiekna.com\\\/wp-content\\\/uploads\\\/2021\\\/12\\\/AMLA120-tabletek_jogapiekna_suplementy-jiva.jpg\",\"contentUrl\":\"https:\\\/\\\/jogapiekna.com\\\/wp-content\\\/uploads\\\/2021\\\/12\\\/AMLA120-tabletek_jogapiekna_suplementy-jiva.jpg\",\"width\":1000,\"height\":1000,\"caption\":\"Tabletki Amla JIVA \u2022 regeneracja i odm\u0142odzenie organizmu \u2022 120 tabletek\"},{\"@type\":\"BreadcrumbList\",\"@id\":\"https:\\\/\\\/jogapiekna.com\\\/produkt\\\/amla-regeneracja-i-odmlodzenie-organizmu-120-tabletek\\\/#breadcrumb\",\"itemListElement\":[{\"@type\":\"ListItem\",\"position\":1,\"name\":\"Strona g\u0142\u00f3wna\",\"item\":\"https:\\\/\\\/jogapiekna.com\\\/\"},{\"@type\":\"ListItem\",\"position\":2,\"name\":\"Sklep\",\"item\":\"https:\\\/\\\/jogapiekna.com\\\/sklep\\\/\"},{\"@type\":\"ListItem\",\"position\":3,\"name\":\"Tabletki Amla JIVA \u2022 odm\u0142odzenie organizmu \u2022 120 tabletek\"}]},{\"@type\":\"WebSite\",\"@id\":\"https:\\\/\\\/jogapiekna.com\\\/#website\",\"url\":\"https:\\\/\\\/jogapiekna.com\\\/\",\"name\":\"Joga Pi\u0119kna Marta Kuci\u0144ska\",\"description\":\"Joga Pi\u0119kna pomaga kobietom zachowa\u0107 urod\u0119, cofn\u0105\u0107 oznaki up\u0142ywaj\u0105cego czasu i zm\u0119czenia, odzyska\u0107 promienny wygl\u0105d, naturalny u\u015bmiech i popraw\u0119 w\u0142asnej samooceny.\",\"publisher\":{\"@id\":\"https:\\\/\\\/jogapiekna.com\\\/#organization\"},\"potentialAction\":[{\"@type\":\"SearchAction\",\"target\":{\"@type\":\"EntryPoint\",\"urlTemplate\":\"https:\\\/\\\/jogapiekna.com\\\/?s={search_term_string}\"},\"query-input\":{\"@type\":\"PropertyValueSpecification\",\"valueRequired\":true,\"valueName\":\"search_term_string\"}}],\"inLanguage\":\"en-GB\"},{\"@type\":\"Organization\",\"@id\":\"https:\\\/\\\/jogapiekna.com\\\/#organization\",\"name\":\"Joga Pi\u0119kna Marta Kuci\u0144ska\",\"url\":\"https:\\\/\\\/jogapiekna.com\\\/\",\"logo\":{\"@type\":\"ImageObject\",\"inLanguage\":\"en-GB\",\"@id\":\"https:\\\/\\\/jogapiekna.com\\\/#\\\/schema\\\/logo\\\/image\\\/\",\"url\":\"https:\\\/\\\/jogapiekna.com\\\/wp-content\\\/uploads\\\/2022\\\/09\\\/joga-piekna-logo_Rka.png\",\"contentUrl\":\"https:\\\/\\\/jogapiekna.com\\\/wp-content\\\/uploads\\\/2022\\\/09\\\/joga-piekna-logo_Rka.png\",\"width\":231,\"height\":124,\"caption\":\"Joga Pi\u0119kna Marta Kuci\u0144ska\"},\"image\":{\"@id\":\"https:\\\/\\\/jogapiekna.com\\\/#\\\/schema\\\/logo\\\/image\\\/\"},\"sameAs\":[\"https:\\\/\\\/www.facebook.com\\\/JogaPieknaCom\\\/\",\"https:\\\/\\\/www.instagram.com\\\/jogapieknacom\\\/\"]}]}<\/script>\n<!-- \/ Yoast SEO plugin. -->","yoast_head_json":{"title":"Tabletki Amla JIVA \u2022 odm\u0142odzenie organizmu \u2022 120 tabletek | Joga Pi\u0119kna | Naturalne odm\u0142adzanie","description":"Amla-Indian gooseberry(tannic leaf). Amla, also called amalaki, is one of the herbs with the strongest anti-aging effect in Ayurvedic medicine. This is the richest natural source of vitamin C (an average of 3000 mg per fruit). It balances all three doshas, cleanses the body, and rejuvenates weakened dhatus (tissues).","robots":{"index":"index","follow":"follow","max-snippet":"max-snippet:-1","max-image-preview":"max-image-preview:large","max-video-preview":"max-video-preview:-1"},"canonical":"https:\/\/jogapiekna.com\/en\/product\/amla-regeneracja-i-odmlodzenie-organizmu-120-tabletek\/","og_locale":"en_GB","og_type":"article","og_title":"Tabletki Amla JIVA \u2022 odm\u0142odzenie organizmu \u2022 120 tabletek | Joga Pi\u0119kna | Naturalne odm\u0142adzanie","og_description":"Amla to indyjski agrest (Li\u015bciokwiat garbnikowy). Amla zwana tak\u017ce Amalaki to jedno z zi\u00f3\u0142 o najsilniejszym dzia\u0142aniu odm\u0142adzaj\u0105cym w medycynie ajurwedyjskiej. Jest najbogatszym naturalnym \u017ar\u00f3d\u0142em witaminy C (w jednym owocu jest jej \u015brednio 3000 mg). R\u00f3wnowa\u017cy wszystkie trzy dosze, oczyszcza organizm i odm\u0142adza os\u0142abione dhatus (tkanki).","og_url":"https:\/\/jogapiekna.com\/en\/product\/amla-regeneracja-i-odmlodzenie-organizmu-120-tabletek\/","og_site_name":"JOGA PI\u0118KNA | Joga Twarzy","article_publisher":"https:\/\/www.facebook.com\/JogaPieknaCom\/","article_modified_time":"2026-04-16T09:48:51+00:00","og_image":[{"width":1000,"height":1000,"url":"https:\/\/jogapiekna.com\/wp-content\/uploads\/2021\/12\/AMLA120-tabletek_jogapiekna_suplementy-jiva.jpg","type":"image\/jpeg"}],"twitter_card":"summary_large_image","twitter_misc":{"Estimated reading time":"2 minutes"},"schema":{"@context":"https:\/\/schema.org","@graph":[{"@type":"WebPage","@id":"https:\/\/jogapiekna.com\/produkt\/amla-regeneracja-i-odmlodzenie-organizmu-120-tabletek\/","url":"https:\/\/jogapiekna.com\/produkt\/amla-regeneracja-i-odmlodzenie-organizmu-120-tabletek\/","name":"Tabletki Amla JIVA \u2022 odm\u0142odzenie organizmu \u2022 120 tabletek | Joga Pi\u0119kna | Naturalne odm\u0142adzanie","isPartOf":{"@id":"https:\/\/jogapiekna.com\/#website"},"primaryImageOfPage":{"@id":"https:\/\/jogapiekna.com\/produkt\/amla-regeneracja-i-odmlodzenie-organizmu-120-tabletek\/#primaryimage"},"image":{"@id":"https:\/\/jogapiekna.com\/produkt\/amla-regeneracja-i-odmlodzenie-organizmu-120-tabletek\/#primaryimage"},"thumbnailUrl":"https:\/\/jogapiekna.com\/wp-content\/uploads\/2021\/12\/AMLA120-tabletek_jogapiekna_suplementy-jiva.jpg","datePublished":"2021-12-30T17:24:56+00:00","dateModified":"2026-04-16T09:48:51+00:00","description":"Amla-Indian gooseberry(tannic leaf). Amla, also called amalaki, is one of the herbs with the strongest anti-aging effect in Ayurvedic medicine. This is the richest natural source of vitamin C (an average of 3000 mg per fruit). It balances all three doshas, cleanses the body, and rejuvenates weakened dhatus (tissues).","breadcrumb":{"@id":"https:\/\/jogapiekna.com\/produkt\/amla-regeneracja-i-odmlodzenie-organizmu-120-tabletek\/#breadcrumb"},"inLanguage":"en-GB","potentialAction":[{"@type":"ReadAction","target":["https:\/\/jogapiekna.com\/produkt\/amla-regeneracja-i-odmlodzenie-organizmu-120-tabletek\/"]}]},{"@type":"ImageObject","inLanguage":"en-GB","@id":"https:\/\/jogapiekna.com\/produkt\/amla-regeneracja-i-odmlodzenie-organizmu-120-tabletek\/#primaryimage","url":"https:\/\/jogapiekna.com\/wp-content\/uploads\/2021\/12\/AMLA120-tabletek_jogapiekna_suplementy-jiva.jpg","contentUrl":"https:\/\/jogapiekna.com\/wp-content\/uploads\/2021\/12\/AMLA120-tabletek_jogapiekna_suplementy-jiva.jpg","width":1000,"height":1000,"caption":"Tabletki Amla JIVA \u2022 regeneracja i odm\u0142odzenie organizmu \u2022 120 tabletek"},{"@type":"BreadcrumbList","@id":"https:\/\/jogapiekna.com\/produkt\/amla-regeneracja-i-odmlodzenie-organizmu-120-tabletek\/#breadcrumb","itemListElement":[{"@type":"ListItem","position":1,"name":"Strona g\u0142\u00f3wna","item":"https:\/\/jogapiekna.com\/"},{"@type":"ListItem","position":2,"name":"Sklep","item":"https:\/\/jogapiekna.com\/sklep\/"},{"@type":"ListItem","position":3,"name":"Tabletki Amla JIVA \u2022 odm\u0142odzenie organizmu \u2022 120 tabletek"}]},{"@type":"WebSite","@id":"https:\/\/jogapiekna.com\/#website","url":"https:\/\/jogapiekna.com\/","name":"Yoga Beauty Marta Kuci\u0144ska","description":"Beauty Yoga helps women to maintain their beauty, reverse the signs of passing time and fatigue, regain a radiant appearance, natural smile and improve their self-esteem.","publisher":{"@id":"https:\/\/jogapiekna.com\/#organization"},"potentialAction":[{"@type":"SearchAction","target":{"@type":"EntryPoint","urlTemplate":"https:\/\/jogapiekna.com\/?s={search_term_string}"},"query-input":{"@type":"PropertyValueSpecification","valueRequired":true,"valueName":"search_term_string"}}],"inLanguage":"en-GB"},{"@type":"Organization","@id":"https:\/\/jogapiekna.com\/#organization","name":"Yoga Beauty Marta Kuci\u0144ska","url":"https:\/\/jogapiekna.com\/","logo":{"@type":"ImageObject","inLanguage":"en-GB","@id":"https:\/\/jogapiekna.com\/#\/schema\/logo\/image\/","url":"https:\/\/jogapiekna.com\/wp-content\/uploads\/2022\/09\/joga-piekna-logo_Rka.png","contentUrl":"https:\/\/jogapiekna.com\/wp-content\/uploads\/2022\/09\/joga-piekna-logo_Rka.png","width":231,"height":124,"caption":"Joga Pi\u0119kna Marta Kuci\u0144ska"},"image":{"@id":"https:\/\/jogapiekna.com\/#\/schema\/logo\/image\/"},"sameAs":["https:\/\/www.facebook.com\/JogaPieknaCom\/","https:\/\/www.instagram.com\/jogapieknacom\/"]}]}},"_links":{"self":[{"href":"https:\/\/jogapiekna.com\/en\/wp-json\/wp\/v2\/product\/69888","targetHints":{"allow":["GET"]}}],"collection":[{"href":"https:\/\/jogapiekna.com\/en\/wp-json\/wp\/v2\/product"}],"about":[{"href":"https:\/\/jogapiekna.com\/en\/wp-json\/wp\/v2\/types\/product"}],"replies":[{"embeddable":true,"href":"https:\/\/jogapiekna.com\/en\/wp-json\/wp\/v2\/comments?post=69888"}],"version-history":[{"count":1,"href":"https:\/\/jogapiekna.com\/en\/wp-json\/wp\/v2\/product\/69888\/revisions"}],"predecessor-version":[{"id":214668,"href":"https:\/\/jogapiekna.com\/en\/wp-json\/wp\/v2\/product\/69888\/revisions\/214668"}],"wp:featuredmedia":[{"embeddable":true,"href":"https:\/\/jogapiekna.com\/en\/wp-json\/wp\/v2\/media\/120056"}],"wp:attachment":[{"href":"https:\/\/jogapiekna.com\/en\/wp-json\/wp\/v2\/media?parent=69888"}],"wp:term":[{"taxonomy":"product_brand","embeddable":true,"href":"https:\/\/jogapiekna.com\/en\/wp-json\/wp\/v2\/product_brand?post=69888"},{"taxonomy":"product_cat","embeddable":true,"href":"https:\/\/jogapiekna.com\/en\/wp-json\/wp\/v2\/product_cat?post=69888"},{"taxonomy":"product_tag","embeddable":true,"href":"https:\/\/jogapiekna.com\/en\/wp-json\/wp\/v2\/product_tag?post=69888"}],"curies":[{"name":"wp","href":"https:\/\/api.w.org\/{rel}","templated":true}]}}