{"id":70954,"date":"2022-01-12T20:52:13","date_gmt":"2022-01-12T19:52:13","guid":{"rendered":"https:\/\/jogapiekna.com\/?post_type=product&#038;p=70954"},"modified":"2026-03-25T13:23:04","modified_gmt":"2026-03-25T12:23:04","slug":"2-gatunek-poszewka-bawelniana-do-poduszki-bye-bye-wrinkles-joga-piekna","status":"publish","type":"product","link":"https:\/\/jogapiekna.com\/en\/product\/2-gatunek-poszewka-bawelniana-do-poduszki-bye-bye-wrinkles-joga-piekna\/","title":{"rendered":"2 species - Anti-wrinkle cotton cushion cover"},"content":{"rendered":"<p>Please note grade II cotton pillowcases have minor pulls or blemishes in the fabric. Goods are not returnable.<\/p>\n<p>Cotton is the most versatile choice when it comes to bedroom textiles. It is soft and durable. It looks after your comfort in all seasons. <strong>Cotton pillowcases in low price, second quality<\/strong>, to <a href=\"https:\/\/jogapiekna.com\/en\/product-category\/poduszki-antyzmarszczkowe\/\" target=\"_blank\" rel=\"noopener\"><strong>anti-wrinkle pillow <em>Bye Bye Wrinkles<\/em><\/strong><\/a>, are made in 100% natural cotton satin. They are perfect for alternating when washing your favourite pillowcase or as a spare.<\/p>\n<p>&nbsp;<\/p>\n<h2>What is the phenomenon of Bye Bye Wrinkles anti-wrinkle pads?<\/h2>\n<p><a href=\"https:\/\/jogapiekna.com\/en\/product-category\/poduszki-antyzmarszczkowe\/\" target=\"_blank\" rel=\"noopener\">Pillow <em>Bye Bye Wrinkles<\/em><\/a> this <strong>guarantee a wrinkle-free sleep experience<\/strong>. A unique product that minimizes wrinkles on the face during sleep, so that wrinkles that occur at night are reduced, in particular, under the eyes, on the temples, between the eyebrows, on the chin and on the cheeks. The wing cushion cutouts reduce the contact of delicate facial tissues with the pillow, and also provide a comfortable support for the forehead and lower jaw.<\/p>\n<p>Pillow <em>Bye Bye Wrinkles<\/em> people will enjoy sleeping on their side and on their back-the comfortable ergonomic shape allows you to properly support the cervical region, while maintaining the correct position of this part of the spine. At the same time, the optimal size ensures that the face does not move to another place during sleep, and when turning the head to the side, the face is constantly protected from creases.<\/p>\n<p>&nbsp;<\/p>\n<h2>Why go for low-priced grade II cotton pillowcases?<\/h2>\n<ul>\n<li>are at a lower, attractive price<\/li>\n<li>ideal as a replacement cover<\/li>\n<li>satin cotton is soft to the touch<\/li>\n<li>absorbs excess moisture, making it suitable for use in summer<\/li>\n<li>cotton pillowcase is durable and easy to maintain<\/li>\n<li>for people who want a natural cotton pillowcase at a good price<\/li>\n<\/ul>\n<p>You can find the Bye Bye Wrinkles 1st grade cotton cushion covers (without minor blemishes) here: <a href=\"https:\/\/jogapiekna.com\/en\/product\/poszewka-bawelniana\/\" target=\"_blank\" rel=\"noopener\"><strong>Cotton pillowcase <em>Bye Bye Wrinkles <\/em>Yoga Beauty.<\/strong><\/a><\/p>","protected":false},"excerpt":{"rendered":"<p>Cotton pillowcase at a low price. Ideal for changing when your favourite pillowcase is in the wash. The grade II pillowcase may have some minor stitching or blemishes on the fabric. This allows you to benefit from an attractive price offer. Please note, grade II goods are not returnable. Think carefully about your choice.<\/p>\n<p>Composition: 100% cotton sateen.<\/p>","protected":false},"featured_media":202173,"comment_status":"closed","ping_status":"closed","template":"","meta":{"_acf_changed":false,"site-sidebar-layout":"default","site-content-layout":"","ast-site-content-layout":"default","site-content-style":"default","site-sidebar-style":"default","ast-global-header-display":"","ast-banner-title-visibility":"","ast-main-header-display":"","ast-hfb-above-header-display":"","ast-hfb-below-header-display":"","ast-hfb-mobile-header-display":"","site-post-title":"","ast-breadcrumbs-content":"","ast-featured-img":"","footer-sml-layout":"","ast-disable-related-posts":"","theme-transparent-header-meta":"default","adv-header-id-meta":"","stick-header-meta":"","header-above-stick-meta":"","header-main-stick-meta":"","header-below-stick-meta":"","astra-migrate-meta-layouts":"set","ast-page-background-enabled":"default","ast-page-background-meta":{"desktop":{"background-color":"var(--ast-global-color-5)","background-image":"","background-repeat":"repeat","background-position":"center center","background-size":"auto","background-attachment":"scroll","background-type":"","background-media":"","overlay-type":"","overlay-color":"","overlay-opacity":"","overlay-gradient":""},"tablet":{"background-color":"","background-image":"","background-repeat":"repeat","background-position":"center center","background-size":"auto","background-attachment":"scroll","background-type":"","background-media":"","overlay-type":"","overlay-color":"","overlay-opacity":"","overlay-gradient":""},"mobile":{"background-color":"","background-image":"","background-repeat":"repeat","background-position":"center center","background-size":"auto","background-attachment":"scroll","background-type":"","background-media":"","overlay-type":"","overlay-color":"","overlay-opacity":"","overlay-gradient":""}},"ast-content-background-meta":{"desktop":{"background-color":"var(--ast-global-color-4)","background-image":"","background-repeat":"repeat","background-position":"center center","background-size":"auto","background-attachment":"scroll","background-type":"","background-media":"","overlay-type":"","overlay-color":"","overlay-opacity":"","overlay-gradient":""},"tablet":{"background-color":"var(--ast-global-color-4)","background-image":"","background-repeat":"repeat","background-position":"center center","background-size":"auto","background-attachment":"scroll","background-type":"","background-media":"","overlay-type":"","overlay-color":"","overlay-opacity":"","overlay-gradient":""},"mobile":{"background-color":"var(--ast-global-color-4)","background-image":"","background-repeat":"repeat","background-position":"center center","background-size":"auto","background-attachment":"scroll","background-type":"","background-media":"","overlay-type":"","overlay-color":"","overlay-opacity":"","overlay-gradient":""}}},"product_brand":[],"product_cat":[695,117],"product_tag":[174,262,256,255,173,264,263],"class_list":{"0":"post-70954","1":"product","2":"type-product","3":"status-publish","4":"has-post-thumbnail","6":"product_cat-do-poduszek-classic-natural-travel","7":"product_cat-poszewki-do-poduszek","8":"product_tag-byebyewrinkles","9":"product_tag-likwidowanie-zmarszczek","10":"product_tag-pielegnacja-skory","11":"product_tag-pielegnacja-twarzy","12":"product_tag-poduszka-antyzmarszczkowa","13":"product_tag-zapobieganie-zmarszczkom","14":"product_tag-zdrowy-sen","15":"desktop-align-left","16":"tablet-align-left","17":"mobile-align-left","19":"first","20":"instock","21":"taxable","22":"shipping-taxable","23":"purchasable","24":"product-type-variable"},"acf":[],"yoast_head":"<!-- This site is optimized with the Yoast SEO plugin v27.2 - https:\/\/yoast.com\/product\/yoast-seo-wordpress\/ -->\n<title>Poszewka bawe\u0142niana w niskiej cenie, II gatunek<\/title>\n<meta name=\"description\" content=\"Poszewka bawe\u0142niana w niskiej cenie do poduszki antyzmarszczkowej Bye Bye Wrinkles. Doskona\u0142a na zapas lub na zmian\u0119, gdy ulubiona pow\u0142oczka jest w praniu.\u00a0\u00a0\" \/>\n<meta name=\"robots\" content=\"index, follow, max-snippet:-1, max-image-preview:large, max-video-preview:-1\" \/>\n<link rel=\"canonical\" href=\"https:\/\/jogapiekna.com\/en\/product\/2-gatunek-poszewka-bawelniana-do-poduszki-bye-bye-wrinkles-joga-piekna\/\" \/>\n<meta property=\"og:locale\" content=\"en_GB\" \/>\n<meta property=\"og:type\" content=\"article\" \/>\n<meta property=\"og:title\" content=\"Poszewka bawe\u0142niana w niskiej cenie, II gatunek\" \/>\n<meta property=\"og:description\" content=\"Poszewka bawe\u0142niana w niskiej cenie do poduszki antyzmarszczkowej Bye Bye Wrinkles. Doskona\u0142a na zapas lub na zmian\u0119, gdy ulubiona pow\u0142oczka jest w praniu.\u00a0\u00a0\" \/>\n<meta property=\"og:url\" content=\"https:\/\/jogapiekna.com\/en\/product\/2-gatunek-poszewka-bawelniana-do-poduszki-bye-bye-wrinkles-joga-piekna\/\" \/>\n<meta property=\"og:site_name\" content=\"JOGA PI\u0118KNA | Joga Twarzy\" \/>\n<meta property=\"article:publisher\" content=\"https:\/\/www.facebook.com\/JogaPieknaCom\/\" \/>\n<meta property=\"article:modified_time\" content=\"2026-03-25T12:23:04+00:00\" \/>\n<meta property=\"og:image\" content=\"https:\/\/jogapiekna.com\/wp-content\/uploads\/2022\/01\/Poszewka-bawelniana-na-poduszke-antyzmarszczkowa-ByeByeWrinkles-2gatunek_2025.jpg\" \/>\n\t<meta property=\"og:image:width\" content=\"1000\" \/>\n\t<meta property=\"og:image:height\" content=\"1000\" \/>\n\t<meta property=\"og:image:type\" content=\"image\/jpeg\" \/>\n<meta name=\"twitter:card\" content=\"summary_large_image\" \/>\n<meta name=\"twitter:label1\" content=\"Estimated reading time\" \/>\n\t<meta name=\"twitter:data1\" content=\"2 minutes\" \/>\n<script type=\"application\/ld+json\" class=\"yoast-schema-graph\">{\"@context\":\"https:\/\/schema.org\",\"@graph\":[{\"@type\":\"WebPage\",\"@id\":\"https:\/\/jogapiekna.com\/produkt\/2-gatunek-poszewka-bawelniana-do-poduszki-bye-bye-wrinkles-joga-piekna\/\",\"url\":\"https:\/\/jogapiekna.com\/produkt\/2-gatunek-poszewka-bawelniana-do-poduszki-bye-bye-wrinkles-joga-piekna\/\",\"name\":\"Poszewka bawe\u0142niana w niskiej cenie, II gatunek\",\"isPartOf\":{\"@id\":\"https:\/\/jogapiekna.com\/#website\"},\"primaryImageOfPage\":{\"@id\":\"https:\/\/jogapiekna.com\/produkt\/2-gatunek-poszewka-bawelniana-do-poduszki-bye-bye-wrinkles-joga-piekna\/#primaryimage\"},\"image\":{\"@id\":\"https:\/\/jogapiekna.com\/produkt\/2-gatunek-poszewka-bawelniana-do-poduszki-bye-bye-wrinkles-joga-piekna\/#primaryimage\"},\"thumbnailUrl\":\"https:\/\/jogapiekna.com\/wp-content\/uploads\/2022\/01\/Poszewka-bawelniana-na-poduszke-antyzmarszczkowa-ByeByeWrinkles-2gatunek_2025.jpg\",\"datePublished\":\"2022-01-12T19:52:13+00:00\",\"dateModified\":\"2026-03-25T12:23:04+00:00\",\"description\":\"Poszewka bawe\u0142niana w niskiej cenie do poduszki antyzmarszczkowej Bye Bye Wrinkles. Doskona\u0142a na zapas lub na zmian\u0119, gdy ulubiona pow\u0142oczka jest w praniu.\u00a0\u00a0\",\"breadcrumb\":{\"@id\":\"https:\/\/jogapiekna.com\/produkt\/2-gatunek-poszewka-bawelniana-do-poduszki-bye-bye-wrinkles-joga-piekna\/#breadcrumb\"},\"inLanguage\":\"en-GB\",\"potentialAction\":[{\"@type\":\"ReadAction\",\"target\":[\"https:\/\/jogapiekna.com\/produkt\/2-gatunek-poszewka-bawelniana-do-poduszki-bye-bye-wrinkles-joga-piekna\/\"]}]},{\"@type\":\"ImageObject\",\"inLanguage\":\"en-GB\",\"@id\":\"https:\/\/jogapiekna.com\/produkt\/2-gatunek-poszewka-bawelniana-do-poduszki-bye-bye-wrinkles-joga-piekna\/#primaryimage\",\"url\":\"https:\/\/jogapiekna.com\/wp-content\/uploads\/2022\/01\/Poszewka-bawelniana-na-poduszke-antyzmarszczkowa-ByeByeWrinkles-2gatunek_2025.jpg\",\"contentUrl\":\"https:\/\/jogapiekna.com\/wp-content\/uploads\/2022\/01\/Poszewka-bawelniana-na-poduszke-antyzmarszczkowa-ByeByeWrinkles-2gatunek_2025.jpg\",\"width\":1000,\"height\":1000,\"caption\":\"Poszewka bawe\u0142niana na poduszk\u0119 antyzmarszczkow\u0105 2 gatunek\"},{\"@type\":\"BreadcrumbList\",\"@id\":\"https:\/\/jogapiekna.com\/produkt\/2-gatunek-poszewka-bawelniana-do-poduszki-bye-bye-wrinkles-joga-piekna\/#breadcrumb\",\"itemListElement\":[{\"@type\":\"ListItem\",\"position\":1,\"name\":\"Strona g\u0142\u00f3wna\",\"item\":\"https:\/\/jogapiekna.com\/\"},{\"@type\":\"ListItem\",\"position\":2,\"name\":\"Sklep\",\"item\":\"https:\/\/jogapiekna.com\/sklep\/\"},{\"@type\":\"ListItem\",\"position\":3,\"name\":\"2 gatunek \u2022 Poszewka bawe\u0142niana na poduszk\u0119 antyzmarszczkow\u0105\"}]},{\"@type\":\"WebSite\",\"@id\":\"https:\/\/jogapiekna.com\/#website\",\"url\":\"https:\/\/jogapiekna.com\/\",\"name\":\"Joga Pi\u0119kna Marta Kuci\u0144ska\",\"description\":\"Joga Pi\u0119kna pomaga kobietom zachowa\u0107 urod\u0119, cofn\u0105\u0107 oznaki up\u0142ywaj\u0105cego czasu i zm\u0119czenia, odzyska\u0107 promienny wygl\u0105d, naturalny u\u015bmiech i popraw\u0119 w\u0142asnej samooceny.\",\"publisher\":{\"@id\":\"https:\/\/jogapiekna.com\/#organization\"},\"potentialAction\":[{\"@type\":\"SearchAction\",\"target\":{\"@type\":\"EntryPoint\",\"urlTemplate\":\"https:\/\/jogapiekna.com\/?s={search_term_string}\"},\"query-input\":{\"@type\":\"PropertyValueSpecification\",\"valueRequired\":true,\"valueName\":\"search_term_string\"}}],\"inLanguage\":\"en-GB\"},{\"@type\":\"Organization\",\"@id\":\"https:\/\/jogapiekna.com\/#organization\",\"name\":\"Joga Pi\u0119kna Marta Kuci\u0144ska\",\"url\":\"https:\/\/jogapiekna.com\/\",\"logo\":{\"@type\":\"ImageObject\",\"inLanguage\":\"en-GB\",\"@id\":\"https:\/\/jogapiekna.com\/#\/schema\/logo\/image\/\",\"url\":\"https:\/\/jogapiekna.com\/wp-content\/uploads\/2022\/09\/joga-piekna-logo_Rka.png\",\"contentUrl\":\"https:\/\/jogapiekna.com\/wp-content\/uploads\/2022\/09\/joga-piekna-logo_Rka.png\",\"width\":231,\"height\":124,\"caption\":\"Joga Pi\u0119kna Marta Kuci\u0144ska\"},\"image\":{\"@id\":\"https:\/\/jogapiekna.com\/#\/schema\/logo\/image\/\"},\"sameAs\":[\"https:\/\/www.facebook.com\/JogaPieknaCom\/\",\"https:\/\/www.instagram.com\/jogapieknacom\/\"]}]}<\/script>\n<!-- \/ Yoast SEO plugin. -->","yoast_head_json":{"title":"Poszewka bawe\u0142niana w niskiej cenie, II gatunek","description":"Poszewka bawe\u0142niana w niskiej cenie do poduszki antyzmarszczkowej Bye Bye Wrinkles. Doskona\u0142a na zapas lub na zmian\u0119, gdy ulubiona pow\u0142oczka jest w praniu.\u00a0\u00a0","robots":{"index":"index","follow":"follow","max-snippet":"max-snippet:-1","max-image-preview":"max-image-preview:large","max-video-preview":"max-video-preview:-1"},"canonical":"https:\/\/jogapiekna.com\/en\/product\/2-gatunek-poszewka-bawelniana-do-poduszki-bye-bye-wrinkles-joga-piekna\/","og_locale":"en_GB","og_type":"article","og_title":"Poszewka bawe\u0142niana w niskiej cenie, II gatunek","og_description":"Poszewka bawe\u0142niana w niskiej cenie do poduszki antyzmarszczkowej Bye Bye Wrinkles. Doskona\u0142a na zapas lub na zmian\u0119, gdy ulubiona pow\u0142oczka jest w praniu.\u00a0\u00a0","og_url":"https:\/\/jogapiekna.com\/en\/product\/2-gatunek-poszewka-bawelniana-do-poduszki-bye-bye-wrinkles-joga-piekna\/","og_site_name":"JOGA PI\u0118KNA | Joga Twarzy","article_publisher":"https:\/\/www.facebook.com\/JogaPieknaCom\/","article_modified_time":"2026-03-25T12:23:04+00:00","og_image":[{"width":1000,"height":1000,"url":"https:\/\/jogapiekna.com\/wp-content\/uploads\/2022\/01\/Poszewka-bawelniana-na-poduszke-antyzmarszczkowa-ByeByeWrinkles-2gatunek_2025.jpg","type":"image\/jpeg"}],"twitter_card":"summary_large_image","twitter_misc":{"Estimated reading time":"2 minutes"},"schema":{"@context":"https:\/\/schema.org","@graph":[{"@type":"WebPage","@id":"https:\/\/jogapiekna.com\/produkt\/2-gatunek-poszewka-bawelniana-do-poduszki-bye-bye-wrinkles-joga-piekna\/","url":"https:\/\/jogapiekna.com\/produkt\/2-gatunek-poszewka-bawelniana-do-poduszki-bye-bye-wrinkles-joga-piekna\/","name":"Poszewka bawe\u0142niana w niskiej cenie, II gatunek","isPartOf":{"@id":"https:\/\/jogapiekna.com\/#website"},"primaryImageOfPage":{"@id":"https:\/\/jogapiekna.com\/produkt\/2-gatunek-poszewka-bawelniana-do-poduszki-bye-bye-wrinkles-joga-piekna\/#primaryimage"},"image":{"@id":"https:\/\/jogapiekna.com\/produkt\/2-gatunek-poszewka-bawelniana-do-poduszki-bye-bye-wrinkles-joga-piekna\/#primaryimage"},"thumbnailUrl":"https:\/\/jogapiekna.com\/wp-content\/uploads\/2022\/01\/Poszewka-bawelniana-na-poduszke-antyzmarszczkowa-ByeByeWrinkles-2gatunek_2025.jpg","datePublished":"2022-01-12T19:52:13+00:00","dateModified":"2026-03-25T12:23:04+00:00","description":"Poszewka bawe\u0142niana w niskiej cenie do poduszki antyzmarszczkowej Bye Bye Wrinkles. Doskona\u0142a na zapas lub na zmian\u0119, gdy ulubiona pow\u0142oczka jest w praniu.\u00a0\u00a0","breadcrumb":{"@id":"https:\/\/jogapiekna.com\/produkt\/2-gatunek-poszewka-bawelniana-do-poduszki-bye-bye-wrinkles-joga-piekna\/#breadcrumb"},"inLanguage":"en-GB","potentialAction":[{"@type":"ReadAction","target":["https:\/\/jogapiekna.com\/produkt\/2-gatunek-poszewka-bawelniana-do-poduszki-bye-bye-wrinkles-joga-piekna\/"]}]},{"@type":"ImageObject","inLanguage":"en-GB","@id":"https:\/\/jogapiekna.com\/produkt\/2-gatunek-poszewka-bawelniana-do-poduszki-bye-bye-wrinkles-joga-piekna\/#primaryimage","url":"https:\/\/jogapiekna.com\/wp-content\/uploads\/2022\/01\/Poszewka-bawelniana-na-poduszke-antyzmarszczkowa-ByeByeWrinkles-2gatunek_2025.jpg","contentUrl":"https:\/\/jogapiekna.com\/wp-content\/uploads\/2022\/01\/Poszewka-bawelniana-na-poduszke-antyzmarszczkowa-ByeByeWrinkles-2gatunek_2025.jpg","width":1000,"height":1000,"caption":"Poszewka bawe\u0142niana na poduszk\u0119 antyzmarszczkow\u0105 2 gatunek"},{"@type":"BreadcrumbList","@id":"https:\/\/jogapiekna.com\/produkt\/2-gatunek-poszewka-bawelniana-do-poduszki-bye-bye-wrinkles-joga-piekna\/#breadcrumb","itemListElement":[{"@type":"ListItem","position":1,"name":"Strona g\u0142\u00f3wna","item":"https:\/\/jogapiekna.com\/"},{"@type":"ListItem","position":2,"name":"Sklep","item":"https:\/\/jogapiekna.com\/sklep\/"},{"@type":"ListItem","position":3,"name":"2 gatunek \u2022 Poszewka bawe\u0142niana na poduszk\u0119 antyzmarszczkow\u0105"}]},{"@type":"WebSite","@id":"https:\/\/jogapiekna.com\/#website","url":"https:\/\/jogapiekna.com\/","name":"Yoga Beauty Marta Kuci\u0144ska","description":"Beauty Yoga helps women to maintain their beauty, reverse the signs of passing time and fatigue, regain a radiant appearance, natural smile and improve their self-esteem.","publisher":{"@id":"https:\/\/jogapiekna.com\/#organization"},"potentialAction":[{"@type":"SearchAction","target":{"@type":"EntryPoint","urlTemplate":"https:\/\/jogapiekna.com\/?s={search_term_string}"},"query-input":{"@type":"PropertyValueSpecification","valueRequired":true,"valueName":"search_term_string"}}],"inLanguage":"en-GB"},{"@type":"Organization","@id":"https:\/\/jogapiekna.com\/#organization","name":"Yoga Beauty Marta Kuci\u0144ska","url":"https:\/\/jogapiekna.com\/","logo":{"@type":"ImageObject","inLanguage":"en-GB","@id":"https:\/\/jogapiekna.com\/#\/schema\/logo\/image\/","url":"https:\/\/jogapiekna.com\/wp-content\/uploads\/2022\/09\/joga-piekna-logo_Rka.png","contentUrl":"https:\/\/jogapiekna.com\/wp-content\/uploads\/2022\/09\/joga-piekna-logo_Rka.png","width":231,"height":124,"caption":"Joga Pi\u0119kna Marta Kuci\u0144ska"},"image":{"@id":"https:\/\/jogapiekna.com\/#\/schema\/logo\/image\/"},"sameAs":["https:\/\/www.facebook.com\/JogaPieknaCom\/","https:\/\/www.instagram.com\/jogapieknacom\/"]}]}},"_links":{"self":[{"href":"https:\/\/jogapiekna.com\/en\/wp-json\/wp\/v2\/product\/70954","targetHints":{"allow":["GET"]}}],"collection":[{"href":"https:\/\/jogapiekna.com\/en\/wp-json\/wp\/v2\/product"}],"about":[{"href":"https:\/\/jogapiekna.com\/en\/wp-json\/wp\/v2\/types\/product"}],"replies":[{"embeddable":true,"href":"https:\/\/jogapiekna.com\/en\/wp-json\/wp\/v2\/comments?post=70954"}],"version-history":[{"count":2,"href":"https:\/\/jogapiekna.com\/en\/wp-json\/wp\/v2\/product\/70954\/revisions"}],"predecessor-version":[{"id":152094,"href":"https:\/\/jogapiekna.com\/en\/wp-json\/wp\/v2\/product\/70954\/revisions\/152094"}],"wp:featuredmedia":[{"embeddable":true,"href":"https:\/\/jogapiekna.com\/en\/wp-json\/wp\/v2\/media\/202173"}],"wp:attachment":[{"href":"https:\/\/jogapiekna.com\/en\/wp-json\/wp\/v2\/media?parent=70954"}],"wp:term":[{"taxonomy":"product_brand","embeddable":true,"href":"https:\/\/jogapiekna.com\/en\/wp-json\/wp\/v2\/product_brand?post=70954"},{"taxonomy":"product_cat","embeddable":true,"href":"https:\/\/jogapiekna.com\/en\/wp-json\/wp\/v2\/product_cat?post=70954"},{"taxonomy":"product_tag","embeddable":true,"href":"https:\/\/jogapiekna.com\/en\/wp-json\/wp\/v2\/product_tag?post=70954"}],"curies":[{"name":"wp","href":"https:\/\/api.w.org\/{rel}","templated":true}]}}