{"id":70971,"date":"2022-01-12T21:46:46","date_gmt":"2022-01-12T20:46:46","guid":{"rendered":"https:\/\/jogapiekna.com\/?post_type=product&#038;p=70971"},"modified":"2026-04-04T20:41:09","modified_gmt":"2026-04-04T18:41:09","slug":"woreczek-joga-piekna-do-przechowywania-akcesoriow-do-masazu-maly","status":"publish","type":"product","link":"https:\/\/jogapiekna.com\/en\/product\/woreczek-joga-piekna-do-przechowywania-akcesoriow-do-masazu-maly\/","title":{"rendered":"Massage accessory bag * small"},"content":{"rendered":"<p>How often do you have to look for the necessary massage in the bowels of a cosmetologist? Do you want to take care of your massage accessories while keeping them safe and orderly?<\/p>\n<p>For this purpose, a special bag was created to store accessories for face massage yoga beauty. It is made of a soft material with a band that will protect the massagers from dirt and possible damage.<\/p>\n<p>In the beauty yoga bag, you can store accessories such as <a href=\"https:\/\/jogapiekna.com\/en\/product\/duza-guasha-kwarc-rozowy_mala-guasha-krysztal-gorski\/\" target=\"_blank\" rel=\"noopener\">gua sha stones<\/a>, <a href=\"https:\/\/jogapiekna.com\/en\/product\/masazer-3d-joga-piekna-do-masazu-twarzy-szyi-i-dekoltu-kwarc-rozowy\/\" target=\"_blank\" rel=\"noopener\">3D massager<\/a>, favorite <a href=\"https:\/\/jogapiekna.com\/en\/product\/roller-do-masazu-ametyst\/\" target=\"_blank\" rel=\"noopener\">facial roller<\/a> or <a href=\"https:\/\/jogapiekna.com\/en\/product\/masazer-do-twarzy-joga-piekna_grzybek-kwarc-rozowy-1sztuka\/\" target=\"_blank\" rel=\"noopener\">modeling mushroom massager<\/a>.<\/p>\n<p>Ideal for carrying facial massage accessories in a suitcase or larger cosmetic bag.<\/p>\n<p><strong>Dimensions of the massage accessory bag:<\/strong> 10\u00d715 cm<\/p>","protected":false},"excerpt":{"rendered":"<p>Take care of your facial massage accessories! Store them and transport them in a handy fabric yoga face bag that will help you keep things tidy and protect your accessories.<br \/>\nIt can accommodate your favorite massagers!<\/p>\n<p><strong>size:<\/strong> 10\u00d715 cm<br \/>\n<strong>colour:<\/strong> blush<\/p>\n<p><strong>material: <\/strong>100% polyester<\/p>\n<p>&nbsp;<\/p>","protected":false},"featured_media":94306,"comment_status":"closed","ping_status":"closed","template":"","meta":{"_acf_changed":false,"site-sidebar-layout":"default","site-content-layout":"","ast-site-content-layout":"default","site-content-style":"default","site-sidebar-style":"default","ast-global-header-display":"","ast-banner-title-visibility":"","ast-main-header-display":"","ast-hfb-above-header-display":"","ast-hfb-below-header-display":"","ast-hfb-mobile-header-display":"","site-post-title":"","ast-breadcrumbs-content":"","ast-featured-img":"","footer-sml-layout":"","ast-disable-related-posts":"","theme-transparent-header-meta":"default","adv-header-id-meta":"","stick-header-meta":"","header-above-stick-meta":"","header-main-stick-meta":"","header-below-stick-meta":"","astra-migrate-meta-layouts":"set","ast-page-background-enabled":"default","ast-page-background-meta":{"desktop":{"background-color":"var(--ast-global-color-5)","background-image":"","background-repeat":"repeat","background-position":"center center","background-size":"auto","background-attachment":"scroll","background-type":"","background-media":"","overlay-type":"","overlay-color":"","overlay-opacity":"","overlay-gradient":""},"tablet":{"background-color":"","background-image":"","background-repeat":"repeat","background-position":"center center","background-size":"auto","background-attachment":"scroll","background-type":"","background-media":"","overlay-type":"","overlay-color":"","overlay-opacity":"","overlay-gradient":""},"mobile":{"background-color":"","background-image":"","background-repeat":"repeat","background-position":"center center","background-size":"auto","background-attachment":"scroll","background-type":"","background-media":"","overlay-type":"","overlay-color":"","overlay-opacity":"","overlay-gradient":""}},"ast-content-background-meta":{"desktop":{"background-color":"var(--ast-global-color-4)","background-image":"","background-repeat":"repeat","background-position":"center center","background-size":"auto","background-attachment":"scroll","background-type":"","background-media":"","overlay-type":"","overlay-color":"","overlay-opacity":"","overlay-gradient":""},"tablet":{"background-color":"var(--ast-global-color-4)","background-image":"","background-repeat":"repeat","background-position":"center center","background-size":"auto","background-attachment":"scroll","background-type":"","background-media":"","overlay-type":"","overlay-color":"","overlay-opacity":"","overlay-gradient":""},"mobile":{"background-color":"var(--ast-global-color-4)","background-image":"","background-repeat":"repeat","background-position":"center center","background-size":"auto","background-attachment":"scroll","background-type":"","background-media":"","overlay-type":"","overlay-color":"","overlay-opacity":"","overlay-gradient":""}}},"product_brand":[],"product_cat":[21,618,610],"product_tag":[250,41,514,249],"class_list":{"0":"post-70971","1":"product","2":"type-product","3":"status-publish","4":"has-post-thumbnail","6":"product_cat-akcesoria","7":"product_cat-inne","8":"product_cat-masaz-twarzy-i-szyi","9":"product_tag-akcesoria","10":"product_tag-joga-twarzy","11":"product_tag-przechowywanie","12":"product_tag-woreczek","13":"desktop-align-left","14":"tablet-align-left","15":"mobile-align-left","17":"first","18":"instock","19":"taxable","20":"shipping-taxable","21":"purchasable","22":"product-type-simple"},"acf":[],"yoast_head":"<!-- This site is optimized with the Yoast SEO plugin v27.4 - https:\/\/yoast.com\/product\/yoast-seo-wordpress\/ -->\n<title>Woreczek do przechowywania akcesori\u00f3w do masa\u017cu<\/title>\n<meta name=\"description\" content=\"Praktyczny woreczek w kolorze pudrowego r\u00f3\u017cu do przechowywania akcesori\u00f3w do masa\u017cu tj. masa\u017cer 3D , gua-sha, rollery. Wymiary: 10x15 cm\" \/>\n<meta name=\"robots\" content=\"index, follow, max-snippet:-1, max-image-preview:large, max-video-preview:-1\" \/>\n<link rel=\"canonical\" href=\"https:\/\/jogapiekna.com\/en\/product\/woreczek-joga-piekna-do-przechowywania-akcesoriow-do-masazu-maly\/\" \/>\n<meta property=\"og:locale\" content=\"en_GB\" \/>\n<meta property=\"og:type\" content=\"article\" \/>\n<meta property=\"og:title\" content=\"Woreczek do przechowywania akcesori\u00f3w do masa\u017cu\" \/>\n<meta property=\"og:description\" content=\"Praktyczny woreczek w kolorze pudrowego r\u00f3\u017cu do przechowywania akcesori\u00f3w do masa\u017cu tj. masa\u017cer 3D , gua-sha, rollery. Wymiary: 10x15 cm\" \/>\n<meta property=\"og:url\" content=\"https:\/\/jogapiekna.com\/en\/product\/woreczek-joga-piekna-do-przechowywania-akcesoriow-do-masazu-maly\/\" \/>\n<meta property=\"og:site_name\" content=\"JOGA PI\u0118KNA | Joga Twarzy\" \/>\n<meta property=\"article:publisher\" content=\"https:\/\/www.facebook.com\/JogaPieknaCom\/\" \/>\n<meta property=\"article:modified_time\" content=\"2026-04-04T18:41:09+00:00\" \/>\n<meta property=\"og:image\" content=\"https:\/\/jogapiekna.com\/wp-content\/uploads\/2022\/01\/Woreczek-na-akcesoria-do-masazu-maly_joga-piekna.jpg\" \/>\n\t<meta property=\"og:image:width\" content=\"1000\" \/>\n\t<meta property=\"og:image:height\" content=\"1000\" \/>\n\t<meta property=\"og:image:type\" content=\"image\/jpeg\" \/>\n<meta name=\"twitter:card\" content=\"summary_large_image\" \/>\n<meta name=\"twitter:label1\" content=\"Estimated reading time\" \/>\n\t<meta name=\"twitter:data1\" content=\"1 minute\" \/>\n<script type=\"application\/ld+json\" class=\"yoast-schema-graph\">{\"@context\":\"https:\\\/\\\/schema.org\",\"@graph\":[{\"@type\":\"WebPage\",\"@id\":\"https:\\\/\\\/jogapiekna.com\\\/produkt\\\/woreczek-joga-piekna-do-przechowywania-akcesoriow-do-masazu-maly\\\/\",\"url\":\"https:\\\/\\\/jogapiekna.com\\\/produkt\\\/woreczek-joga-piekna-do-przechowywania-akcesoriow-do-masazu-maly\\\/\",\"name\":\"Woreczek do przechowywania akcesori\u00f3w do masa\u017cu\",\"isPartOf\":{\"@id\":\"https:\\\/\\\/jogapiekna.com\\\/#website\"},\"primaryImageOfPage\":{\"@id\":\"https:\\\/\\\/jogapiekna.com\\\/produkt\\\/woreczek-joga-piekna-do-przechowywania-akcesoriow-do-masazu-maly\\\/#primaryimage\"},\"image\":{\"@id\":\"https:\\\/\\\/jogapiekna.com\\\/produkt\\\/woreczek-joga-piekna-do-przechowywania-akcesoriow-do-masazu-maly\\\/#primaryimage\"},\"thumbnailUrl\":\"https:\\\/\\\/jogapiekna.com\\\/wp-content\\\/uploads\\\/2022\\\/01\\\/Woreczek-na-akcesoria-do-masazu-maly_joga-piekna.jpg\",\"datePublished\":\"2022-01-12T20:46:46+00:00\",\"dateModified\":\"2026-04-04T18:41:09+00:00\",\"description\":\"Praktyczny woreczek w kolorze pudrowego r\u00f3\u017cu do przechowywania akcesori\u00f3w do masa\u017cu tj. masa\u017cer 3D , gua-sha, rollery. Wymiary: 10x15 cm\",\"breadcrumb\":{\"@id\":\"https:\\\/\\\/jogapiekna.com\\\/produkt\\\/woreczek-joga-piekna-do-przechowywania-akcesoriow-do-masazu-maly\\\/#breadcrumb\"},\"inLanguage\":\"en-GB\",\"potentialAction\":[{\"@type\":\"ReadAction\",\"target\":[\"https:\\\/\\\/jogapiekna.com\\\/produkt\\\/woreczek-joga-piekna-do-przechowywania-akcesoriow-do-masazu-maly\\\/\"]}]},{\"@type\":\"ImageObject\",\"inLanguage\":\"en-GB\",\"@id\":\"https:\\\/\\\/jogapiekna.com\\\/produkt\\\/woreczek-joga-piekna-do-przechowywania-akcesoriow-do-masazu-maly\\\/#primaryimage\",\"url\":\"https:\\\/\\\/jogapiekna.com\\\/wp-content\\\/uploads\\\/2022\\\/01\\\/Woreczek-na-akcesoria-do-masazu-maly_joga-piekna.jpg\",\"contentUrl\":\"https:\\\/\\\/jogapiekna.com\\\/wp-content\\\/uploads\\\/2022\\\/01\\\/Woreczek-na-akcesoria-do-masazu-maly_joga-piekna.jpg\",\"width\":1000,\"height\":1000,\"caption\":\"Woreczek na akcesoria do masa\u017cu | ma\u0142y\"},{\"@type\":\"BreadcrumbList\",\"@id\":\"https:\\\/\\\/jogapiekna.com\\\/produkt\\\/woreczek-joga-piekna-do-przechowywania-akcesoriow-do-masazu-maly\\\/#breadcrumb\",\"itemListElement\":[{\"@type\":\"ListItem\",\"position\":1,\"name\":\"Strona g\u0142\u00f3wna\",\"item\":\"https:\\\/\\\/jogapiekna.com\\\/\"},{\"@type\":\"ListItem\",\"position\":2,\"name\":\"Sklep\",\"item\":\"https:\\\/\\\/jogapiekna.com\\\/sklep\\\/\"},{\"@type\":\"ListItem\",\"position\":3,\"name\":\"Woreczek na akcesoria do masa\u017cu \u2022 ma\u0142y\"}]},{\"@type\":\"WebSite\",\"@id\":\"https:\\\/\\\/jogapiekna.com\\\/#website\",\"url\":\"https:\\\/\\\/jogapiekna.com\\\/\",\"name\":\"Joga Pi\u0119kna Marta Kuci\u0144ska\",\"description\":\"Joga Pi\u0119kna pomaga kobietom zachowa\u0107 urod\u0119, cofn\u0105\u0107 oznaki up\u0142ywaj\u0105cego czasu i zm\u0119czenia, odzyska\u0107 promienny wygl\u0105d, naturalny u\u015bmiech i popraw\u0119 w\u0142asnej samooceny.\",\"publisher\":{\"@id\":\"https:\\\/\\\/jogapiekna.com\\\/#organization\"},\"potentialAction\":[{\"@type\":\"SearchAction\",\"target\":{\"@type\":\"EntryPoint\",\"urlTemplate\":\"https:\\\/\\\/jogapiekna.com\\\/?s={search_term_string}\"},\"query-input\":{\"@type\":\"PropertyValueSpecification\",\"valueRequired\":true,\"valueName\":\"search_term_string\"}}],\"inLanguage\":\"en-GB\"},{\"@type\":\"Organization\",\"@id\":\"https:\\\/\\\/jogapiekna.com\\\/#organization\",\"name\":\"Joga Pi\u0119kna Marta Kuci\u0144ska\",\"url\":\"https:\\\/\\\/jogapiekna.com\\\/\",\"logo\":{\"@type\":\"ImageObject\",\"inLanguage\":\"en-GB\",\"@id\":\"https:\\\/\\\/jogapiekna.com\\\/#\\\/schema\\\/logo\\\/image\\\/\",\"url\":\"https:\\\/\\\/jogapiekna.com\\\/wp-content\\\/uploads\\\/2022\\\/09\\\/joga-piekna-logo_Rka.png\",\"contentUrl\":\"https:\\\/\\\/jogapiekna.com\\\/wp-content\\\/uploads\\\/2022\\\/09\\\/joga-piekna-logo_Rka.png\",\"width\":231,\"height\":124,\"caption\":\"Joga Pi\u0119kna Marta Kuci\u0144ska\"},\"image\":{\"@id\":\"https:\\\/\\\/jogapiekna.com\\\/#\\\/schema\\\/logo\\\/image\\\/\"},\"sameAs\":[\"https:\\\/\\\/www.facebook.com\\\/JogaPieknaCom\\\/\",\"https:\\\/\\\/www.instagram.com\\\/jogapieknacom\\\/\"]}]}<\/script>\n<!-- \/ Yoast SEO plugin. -->","yoast_head_json":{"title":"Woreczek do przechowywania akcesori\u00f3w do masa\u017cu","description":"Praktyczny woreczek w kolorze pudrowego r\u00f3\u017cu do przechowywania akcesori\u00f3w do masa\u017cu tj. masa\u017cer 3D , gua-sha, rollery. Wymiary: 10x15 cm","robots":{"index":"index","follow":"follow","max-snippet":"max-snippet:-1","max-image-preview":"max-image-preview:large","max-video-preview":"max-video-preview:-1"},"canonical":"https:\/\/jogapiekna.com\/en\/product\/woreczek-joga-piekna-do-przechowywania-akcesoriow-do-masazu-maly\/","og_locale":"en_GB","og_type":"article","og_title":"Woreczek do przechowywania akcesori\u00f3w do masa\u017cu","og_description":"Praktyczny woreczek w kolorze pudrowego r\u00f3\u017cu do przechowywania akcesori\u00f3w do masa\u017cu tj. masa\u017cer 3D , gua-sha, rollery. Wymiary: 10x15 cm","og_url":"https:\/\/jogapiekna.com\/en\/product\/woreczek-joga-piekna-do-przechowywania-akcesoriow-do-masazu-maly\/","og_site_name":"JOGA PI\u0118KNA | Joga Twarzy","article_publisher":"https:\/\/www.facebook.com\/JogaPieknaCom\/","article_modified_time":"2026-04-04T18:41:09+00:00","og_image":[{"width":1000,"height":1000,"url":"https:\/\/jogapiekna.com\/wp-content\/uploads\/2022\/01\/Woreczek-na-akcesoria-do-masazu-maly_joga-piekna.jpg","type":"image\/jpeg"}],"twitter_card":"summary_large_image","twitter_misc":{"Estimated reading time":"1 minute"},"schema":{"@context":"https:\/\/schema.org","@graph":[{"@type":"WebPage","@id":"https:\/\/jogapiekna.com\/produkt\/woreczek-joga-piekna-do-przechowywania-akcesoriow-do-masazu-maly\/","url":"https:\/\/jogapiekna.com\/produkt\/woreczek-joga-piekna-do-przechowywania-akcesoriow-do-masazu-maly\/","name":"Woreczek do przechowywania akcesori\u00f3w do masa\u017cu","isPartOf":{"@id":"https:\/\/jogapiekna.com\/#website"},"primaryImageOfPage":{"@id":"https:\/\/jogapiekna.com\/produkt\/woreczek-joga-piekna-do-przechowywania-akcesoriow-do-masazu-maly\/#primaryimage"},"image":{"@id":"https:\/\/jogapiekna.com\/produkt\/woreczek-joga-piekna-do-przechowywania-akcesoriow-do-masazu-maly\/#primaryimage"},"thumbnailUrl":"https:\/\/jogapiekna.com\/wp-content\/uploads\/2022\/01\/Woreczek-na-akcesoria-do-masazu-maly_joga-piekna.jpg","datePublished":"2022-01-12T20:46:46+00:00","dateModified":"2026-04-04T18:41:09+00:00","description":"Praktyczny woreczek w kolorze pudrowego r\u00f3\u017cu do przechowywania akcesori\u00f3w do masa\u017cu tj. masa\u017cer 3D , gua-sha, rollery. Wymiary: 10x15 cm","breadcrumb":{"@id":"https:\/\/jogapiekna.com\/produkt\/woreczek-joga-piekna-do-przechowywania-akcesoriow-do-masazu-maly\/#breadcrumb"},"inLanguage":"en-GB","potentialAction":[{"@type":"ReadAction","target":["https:\/\/jogapiekna.com\/produkt\/woreczek-joga-piekna-do-przechowywania-akcesoriow-do-masazu-maly\/"]}]},{"@type":"ImageObject","inLanguage":"en-GB","@id":"https:\/\/jogapiekna.com\/produkt\/woreczek-joga-piekna-do-przechowywania-akcesoriow-do-masazu-maly\/#primaryimage","url":"https:\/\/jogapiekna.com\/wp-content\/uploads\/2022\/01\/Woreczek-na-akcesoria-do-masazu-maly_joga-piekna.jpg","contentUrl":"https:\/\/jogapiekna.com\/wp-content\/uploads\/2022\/01\/Woreczek-na-akcesoria-do-masazu-maly_joga-piekna.jpg","width":1000,"height":1000,"caption":"Woreczek na akcesoria do masa\u017cu | ma\u0142y"},{"@type":"BreadcrumbList","@id":"https:\/\/jogapiekna.com\/produkt\/woreczek-joga-piekna-do-przechowywania-akcesoriow-do-masazu-maly\/#breadcrumb","itemListElement":[{"@type":"ListItem","position":1,"name":"Strona g\u0142\u00f3wna","item":"https:\/\/jogapiekna.com\/"},{"@type":"ListItem","position":2,"name":"Sklep","item":"https:\/\/jogapiekna.com\/sklep\/"},{"@type":"ListItem","position":3,"name":"Woreczek na akcesoria do masa\u017cu \u2022 ma\u0142y"}]},{"@type":"WebSite","@id":"https:\/\/jogapiekna.com\/#website","url":"https:\/\/jogapiekna.com\/","name":"Yoga Beauty Marta Kuci\u0144ska","description":"Beauty Yoga helps women to maintain their beauty, reverse the signs of passing time and fatigue, regain a radiant appearance, natural smile and improve their self-esteem.","publisher":{"@id":"https:\/\/jogapiekna.com\/#organization"},"potentialAction":[{"@type":"SearchAction","target":{"@type":"EntryPoint","urlTemplate":"https:\/\/jogapiekna.com\/?s={search_term_string}"},"query-input":{"@type":"PropertyValueSpecification","valueRequired":true,"valueName":"search_term_string"}}],"inLanguage":"en-GB"},{"@type":"Organization","@id":"https:\/\/jogapiekna.com\/#organization","name":"Yoga Beauty Marta Kuci\u0144ska","url":"https:\/\/jogapiekna.com\/","logo":{"@type":"ImageObject","inLanguage":"en-GB","@id":"https:\/\/jogapiekna.com\/#\/schema\/logo\/image\/","url":"https:\/\/jogapiekna.com\/wp-content\/uploads\/2022\/09\/joga-piekna-logo_Rka.png","contentUrl":"https:\/\/jogapiekna.com\/wp-content\/uploads\/2022\/09\/joga-piekna-logo_Rka.png","width":231,"height":124,"caption":"Joga Pi\u0119kna Marta Kuci\u0144ska"},"image":{"@id":"https:\/\/jogapiekna.com\/#\/schema\/logo\/image\/"},"sameAs":["https:\/\/www.facebook.com\/JogaPieknaCom\/","https:\/\/www.instagram.com\/jogapieknacom\/"]}]}},"_links":{"self":[{"href":"https:\/\/jogapiekna.com\/en\/wp-json\/wp\/v2\/product\/70971","targetHints":{"allow":["GET"]}}],"collection":[{"href":"https:\/\/jogapiekna.com\/en\/wp-json\/wp\/v2\/product"}],"about":[{"href":"https:\/\/jogapiekna.com\/en\/wp-json\/wp\/v2\/types\/product"}],"replies":[{"embeddable":true,"href":"https:\/\/jogapiekna.com\/en\/wp-json\/wp\/v2\/comments?post=70971"}],"version-history":[{"count":2,"href":"https:\/\/jogapiekna.com\/en\/wp-json\/wp\/v2\/product\/70971\/revisions"}],"predecessor-version":[{"id":217558,"href":"https:\/\/jogapiekna.com\/en\/wp-json\/wp\/v2\/product\/70971\/revisions\/217558"}],"wp:featuredmedia":[{"embeddable":true,"href":"https:\/\/jogapiekna.com\/en\/wp-json\/wp\/v2\/media\/94306"}],"wp:attachment":[{"href":"https:\/\/jogapiekna.com\/en\/wp-json\/wp\/v2\/media?parent=70971"}],"wp:term":[{"taxonomy":"product_brand","embeddable":true,"href":"https:\/\/jogapiekna.com\/en\/wp-json\/wp\/v2\/product_brand?post=70971"},{"taxonomy":"product_cat","embeddable":true,"href":"https:\/\/jogapiekna.com\/en\/wp-json\/wp\/v2\/product_cat?post=70971"},{"taxonomy":"product_tag","embeddable":true,"href":"https:\/\/jogapiekna.com\/en\/wp-json\/wp\/v2\/product_tag?post=70971"}],"curies":[{"name":"wp","href":"https:\/\/api.w.org\/{rel}","templated":true}]}}