{"id":79386,"date":"2022-04-04T21:57:22","date_gmt":"2022-04-04T19:57:22","guid":{"rendered":"https:\/\/jogapiekna.com\/?post_type=product&#038;p=79386"},"modified":"2026-02-22T14:47:36","modified_gmt":"2026-02-22T13:47:36","slug":"cure-tape-nozyczki-do-kinesiotapingu-soft-touching","status":"publish","type":"product","link":"https:\/\/jogapiekna.com\/en\/product\/cure-tape-nozyczki-do-kinesiotapingu-soft-touching\/","title":{"rendered":"No\u017cyczki do kinesiotapingu Cure Tape Soft Touching"},"content":{"rendered":"<h2>No\u017cyczki do kinesiotapingu Cure Tape Soft Touching<\/h2>\n<p>In order for the taping tapes to hold well on the skin, they need to be cut properly so that the ends are not frayed. <strong>Good quality kinesiotaping scissors<\/strong> have been designed for just this purpose. Cutting taping has never been easier. You will cut the right shapes with ease, minimising the risk of damaging, stretching or fraying the tapes.<\/p>\n<p>&nbsp;<\/p>\n<h2>Kinesiotaping scissors - characteristics<\/h2>\n<p>Cure Tape Soft Touching kinesiotaping scissors are extremely sharp. The ergonomic handle makes it easy to manoeuvre and draw out the correct shapes. The specially shaped stainless steel blade cuts the tape precisely, reducing the risk of fraying.<\/p>\n<p><strong>SPECIFICATIONS OF KINESIOTAPING SCISSORS <\/strong><br \/>\nMaterial: Stainless steel<br \/>\nBlade length: 11 cm<br \/>\nColour: blue<\/p>\n<p>&nbsp;<\/p>\n<h2>Why invest in <strong>professional kinesiotaping scissors<\/strong><\/h2>\n<p>- makes it easier to cut the taping tape precisely<br \/>\n- they are lightweight and do not put a strain on the wrist<br \/>\n- have a contoured handle that allows the scissors to be manoeuvred<br \/>\n- reduces the risk of the taping tape fraying, which has a direct impact on the durability of the application<br \/>\n- are made of stainless steel<\/p>\n<p>&nbsp;<\/p>\n<h3>How to learn kinesiotaping?<\/h3>\n<p>There are at least a few kinesiotaping techniques and these should be tailored to individual aesthetic needs. To learn how to apply facial taping plasters take the online course <a href=\"https:\/\/jogapiekna.com\/en\/product\/kinesiotaping-estetyczny-z-joga-piekna-kurs-online\/\" target=\"_blank\" rel=\"noopener\">Aesthetic Kinesiotaping with Yoga Beauty<\/a>.<\/p>","protected":false},"excerpt":{"rendered":"<p>Good quality Cure Tape kinesiotaping scissors allow for precise and easy cutting of tapes. The comfortable, ergonomic shape of the scissors makes them easy to use and the great quality stainless steel blades allow you to cut all the tape shapes needed for aesthetic kinesiotaping.<\/p>\n<p><strong> SPECIFICATIONS OF KINESIOTAPING SCISSORS<\/strong><br \/>\nMaterial: Stainless steel<br \/>\nBlade length: 11 cm<br \/>\nColour: blue<\/p>","protected":false},"featured_media":94041,"comment_status":"closed","ping_status":"closed","template":"","meta":{"_acf_changed":false,"site-sidebar-layout":"default","site-content-layout":"","ast-site-content-layout":"default","site-content-style":"default","site-sidebar-style":"default","ast-global-header-display":"","ast-banner-title-visibility":"","ast-main-header-display":"","ast-hfb-above-header-display":"","ast-hfb-below-header-display":"","ast-hfb-mobile-header-display":"","site-post-title":"","ast-breadcrumbs-content":"","ast-featured-img":"","footer-sml-layout":"","ast-disable-related-posts":"","theme-transparent-header-meta":"default","adv-header-id-meta":"","stick-header-meta":"","header-above-stick-meta":"","header-main-stick-meta":"","header-below-stick-meta":"","astra-migrate-meta-layouts":"set","ast-page-background-enabled":"default","ast-page-background-meta":{"desktop":{"background-color":"var(--ast-global-color-5)","background-image":"","background-repeat":"repeat","background-position":"center center","background-size":"auto","background-attachment":"scroll","background-type":"","background-media":"","overlay-type":"","overlay-color":"","overlay-opacity":"","overlay-gradient":""},"tablet":{"background-color":"","background-image":"","background-repeat":"repeat","background-position":"center center","background-size":"auto","background-attachment":"scroll","background-type":"","background-media":"","overlay-type":"","overlay-color":"","overlay-opacity":"","overlay-gradient":""},"mobile":{"background-color":"","background-image":"","background-repeat":"repeat","background-position":"center center","background-size":"auto","background-attachment":"scroll","background-type":"","background-media":"","overlay-type":"","overlay-color":"","overlay-opacity":"","overlay-gradient":""}},"ast-content-background-meta":{"desktop":{"background-color":"var(--ast-global-color-4)","background-image":"","background-repeat":"repeat","background-position":"center center","background-size":"auto","background-attachment":"scroll","background-type":"","background-media":"","overlay-type":"","overlay-color":"","overlay-opacity":"","overlay-gradient":""},"tablet":{"background-color":"var(--ast-global-color-4)","background-image":"","background-repeat":"repeat","background-position":"center center","background-size":"auto","background-attachment":"scroll","background-type":"","background-media":"","overlay-type":"","overlay-color":"","overlay-opacity":"","overlay-gradient":""},"mobile":{"background-color":"var(--ast-global-color-4)","background-image":"","background-repeat":"repeat","background-position":"center center","background-size":"auto","background-attachment":"scroll","background-type":"","background-media":"","overlay-type":"","overlay-color":"","overlay-opacity":"","overlay-gradient":""}}},"product_brand":[],"product_cat":[21,621],"product_tag":[235],"class_list":{"0":"post-79386","1":"product","2":"type-product","3":"status-publish","4":"has-post-thumbnail","6":"product_cat-akcesoria","7":"product_cat-kinesiotaping-estetyczny","8":"product_tag-kinesiotaping","9":"desktop-align-left","10":"tablet-align-left","11":"mobile-align-left","13":"first","14":"instock","15":"taxable","16":"shipping-taxable","17":"purchasable","18":"product-type-simple"},"acf":[],"yoast_head":"<!-- This site is optimized with the Yoast SEO plugin v27.2 - https:\/\/yoast.com\/product\/yoast-seo-wordpress\/ -->\n<title>No\u017cyczki do kinesiotapingu Cure Tape Soft Touching<\/title>\n<meta name=\"description\" content=\"Precyzyjne ci\u0119cie ta\u015bm do tapingu nigdy nie by\u0142o prostsze! No\u017cyczki do kinesiotapingu Cure Tape Soft Touching zosta\u0142y zaprojektowane w\u0142a\u015bnie w tym celu.\" \/>\n<meta name=\"robots\" content=\"index, follow, max-snippet:-1, max-image-preview:large, max-video-preview:-1\" \/>\n<link rel=\"canonical\" href=\"https:\/\/jogapiekna.com\/en\/product\/cure-tape-nozyczki-do-kinesiotapingu-soft-touching\/\" \/>\n<meta property=\"og:locale\" content=\"en_GB\" \/>\n<meta property=\"og:type\" content=\"article\" \/>\n<meta property=\"og:title\" content=\"No\u017cyczki do kinesiotapingu Cure Tape Soft Touching\" \/>\n<meta property=\"og:description\" content=\"Precyzyjne ci\u0119cie ta\u015bm do tapingu nigdy nie by\u0142o prostsze! No\u017cyczki do kinesiotapingu Cure Tape Soft Touching zosta\u0142y zaprojektowane w\u0142a\u015bnie w tym celu.\" \/>\n<meta property=\"og:url\" content=\"https:\/\/jogapiekna.com\/en\/product\/cure-tape-nozyczki-do-kinesiotapingu-soft-touching\/\" \/>\n<meta property=\"og:site_name\" content=\"JOGA PI\u0118KNA | Joga Twarzy\" \/>\n<meta property=\"article:publisher\" content=\"https:\/\/www.facebook.com\/JogaPieknaCom\/\" \/>\n<meta property=\"article:modified_time\" content=\"2026-02-22T13:47:36+00:00\" \/>\n<meta property=\"og:image\" content=\"https:\/\/jogapiekna.com\/wp-content\/uploads\/2022\/04\/Nozyczki-do-kinesiotapingu-Cure-Tape-Soft-Touching_jogapiekna.jpg\" \/>\n\t<meta property=\"og:image:width\" content=\"1000\" \/>\n\t<meta property=\"og:image:height\" content=\"1000\" \/>\n\t<meta property=\"og:image:type\" content=\"image\/jpeg\" \/>\n<meta name=\"twitter:card\" content=\"summary_large_image\" \/>\n<meta name=\"twitter:label1\" content=\"Estimated reading time\" \/>\n\t<meta name=\"twitter:data1\" content=\"2 minutes\" \/>\n<script type=\"application\/ld+json\" class=\"yoast-schema-graph\">{\"@context\":\"https:\/\/schema.org\",\"@graph\":[{\"@type\":\"WebPage\",\"@id\":\"https:\/\/jogapiekna.com\/produkt\/cure-tape-nozyczki-do-kinesiotapingu-soft-touching\/\",\"url\":\"https:\/\/jogapiekna.com\/produkt\/cure-tape-nozyczki-do-kinesiotapingu-soft-touching\/\",\"name\":\"No\u017cyczki do kinesiotapingu Cure Tape Soft Touching\",\"isPartOf\":{\"@id\":\"https:\/\/jogapiekna.com\/#website\"},\"primaryImageOfPage\":{\"@id\":\"https:\/\/jogapiekna.com\/produkt\/cure-tape-nozyczki-do-kinesiotapingu-soft-touching\/#primaryimage\"},\"image\":{\"@id\":\"https:\/\/jogapiekna.com\/produkt\/cure-tape-nozyczki-do-kinesiotapingu-soft-touching\/#primaryimage\"},\"thumbnailUrl\":\"https:\/\/jogapiekna.com\/wp-content\/uploads\/2022\/04\/Nozyczki-do-kinesiotapingu-Cure-Tape-Soft-Touching_jogapiekna.jpg\",\"datePublished\":\"2022-04-04T19:57:22+00:00\",\"dateModified\":\"2026-02-22T13:47:36+00:00\",\"description\":\"Precyzyjne ci\u0119cie ta\u015bm do tapingu nigdy nie by\u0142o prostsze! No\u017cyczki do kinesiotapingu Cure Tape Soft Touching zosta\u0142y zaprojektowane w\u0142a\u015bnie w tym celu.\",\"breadcrumb\":{\"@id\":\"https:\/\/jogapiekna.com\/produkt\/cure-tape-nozyczki-do-kinesiotapingu-soft-touching\/#breadcrumb\"},\"inLanguage\":\"en-GB\",\"potentialAction\":[{\"@type\":\"ReadAction\",\"target\":[\"https:\/\/jogapiekna.com\/produkt\/cure-tape-nozyczki-do-kinesiotapingu-soft-touching\/\"]}]},{\"@type\":\"ImageObject\",\"inLanguage\":\"en-GB\",\"@id\":\"https:\/\/jogapiekna.com\/produkt\/cure-tape-nozyczki-do-kinesiotapingu-soft-touching\/#primaryimage\",\"url\":\"https:\/\/jogapiekna.com\/wp-content\/uploads\/2022\/04\/Nozyczki-do-kinesiotapingu-Cure-Tape-Soft-Touching_jogapiekna.jpg\",\"contentUrl\":\"https:\/\/jogapiekna.com\/wp-content\/uploads\/2022\/04\/Nozyczki-do-kinesiotapingu-Cure-Tape-Soft-Touching_jogapiekna.jpg\",\"width\":1000,\"height\":1000,\"caption\":\"No\u017cyczki do kinesiotapingu Cure Tape Soft Touching\"},{\"@type\":\"BreadcrumbList\",\"@id\":\"https:\/\/jogapiekna.com\/produkt\/cure-tape-nozyczki-do-kinesiotapingu-soft-touching\/#breadcrumb\",\"itemListElement\":[{\"@type\":\"ListItem\",\"position\":1,\"name\":\"Strona g\u0142\u00f3wna\",\"item\":\"https:\/\/jogapiekna.com\/\"},{\"@type\":\"ListItem\",\"position\":2,\"name\":\"Sklep\",\"item\":\"https:\/\/jogapiekna.com\/sklep\/\"},{\"@type\":\"ListItem\",\"position\":3,\"name\":\"No\u017cyczki do kinesiotapingu Cure Tape Soft Touching\"}]},{\"@type\":\"WebSite\",\"@id\":\"https:\/\/jogapiekna.com\/#website\",\"url\":\"https:\/\/jogapiekna.com\/\",\"name\":\"Joga Pi\u0119kna Marta Kuci\u0144ska\",\"description\":\"Joga Pi\u0119kna pomaga kobietom zachowa\u0107 urod\u0119, cofn\u0105\u0107 oznaki up\u0142ywaj\u0105cego czasu i zm\u0119czenia, odzyska\u0107 promienny wygl\u0105d, naturalny u\u015bmiech i popraw\u0119 w\u0142asnej samooceny.\",\"publisher\":{\"@id\":\"https:\/\/jogapiekna.com\/#organization\"},\"potentialAction\":[{\"@type\":\"SearchAction\",\"target\":{\"@type\":\"EntryPoint\",\"urlTemplate\":\"https:\/\/jogapiekna.com\/?s={search_term_string}\"},\"query-input\":{\"@type\":\"PropertyValueSpecification\",\"valueRequired\":true,\"valueName\":\"search_term_string\"}}],\"inLanguage\":\"en-GB\"},{\"@type\":\"Organization\",\"@id\":\"https:\/\/jogapiekna.com\/#organization\",\"name\":\"Joga Pi\u0119kna Marta Kuci\u0144ska\",\"url\":\"https:\/\/jogapiekna.com\/\",\"logo\":{\"@type\":\"ImageObject\",\"inLanguage\":\"en-GB\",\"@id\":\"https:\/\/jogapiekna.com\/#\/schema\/logo\/image\/\",\"url\":\"https:\/\/jogapiekna.com\/wp-content\/uploads\/2022\/09\/joga-piekna-logo_Rka.png\",\"contentUrl\":\"https:\/\/jogapiekna.com\/wp-content\/uploads\/2022\/09\/joga-piekna-logo_Rka.png\",\"width\":231,\"height\":124,\"caption\":\"Joga Pi\u0119kna Marta Kuci\u0144ska\"},\"image\":{\"@id\":\"https:\/\/jogapiekna.com\/#\/schema\/logo\/image\/\"},\"sameAs\":[\"https:\/\/www.facebook.com\/JogaPieknaCom\/\",\"https:\/\/www.instagram.com\/jogapieknacom\/\"]}]}<\/script>\n<!-- \/ Yoast SEO plugin. -->","yoast_head_json":{"title":"No\u017cyczki do kinesiotapingu Cure Tape Soft Touching","description":"Precyzyjne ci\u0119cie ta\u015bm do tapingu nigdy nie by\u0142o prostsze! No\u017cyczki do kinesiotapingu Cure Tape Soft Touching zosta\u0142y zaprojektowane w\u0142a\u015bnie w tym celu.","robots":{"index":"index","follow":"follow","max-snippet":"max-snippet:-1","max-image-preview":"max-image-preview:large","max-video-preview":"max-video-preview:-1"},"canonical":"https:\/\/jogapiekna.com\/en\/product\/cure-tape-nozyczki-do-kinesiotapingu-soft-touching\/","og_locale":"en_GB","og_type":"article","og_title":"No\u017cyczki do kinesiotapingu Cure Tape Soft Touching","og_description":"Precyzyjne ci\u0119cie ta\u015bm do tapingu nigdy nie by\u0142o prostsze! No\u017cyczki do kinesiotapingu Cure Tape Soft Touching zosta\u0142y zaprojektowane w\u0142a\u015bnie w tym celu.","og_url":"https:\/\/jogapiekna.com\/en\/product\/cure-tape-nozyczki-do-kinesiotapingu-soft-touching\/","og_site_name":"JOGA PI\u0118KNA | Joga Twarzy","article_publisher":"https:\/\/www.facebook.com\/JogaPieknaCom\/","article_modified_time":"2026-02-22T13:47:36+00:00","og_image":[{"width":1000,"height":1000,"url":"https:\/\/jogapiekna.com\/wp-content\/uploads\/2022\/04\/Nozyczki-do-kinesiotapingu-Cure-Tape-Soft-Touching_jogapiekna.jpg","type":"image\/jpeg"}],"twitter_card":"summary_large_image","twitter_misc":{"Estimated reading time":"2 minutes"},"schema":{"@context":"https:\/\/schema.org","@graph":[{"@type":"WebPage","@id":"https:\/\/jogapiekna.com\/produkt\/cure-tape-nozyczki-do-kinesiotapingu-soft-touching\/","url":"https:\/\/jogapiekna.com\/produkt\/cure-tape-nozyczki-do-kinesiotapingu-soft-touching\/","name":"No\u017cyczki do kinesiotapingu Cure Tape Soft Touching","isPartOf":{"@id":"https:\/\/jogapiekna.com\/#website"},"primaryImageOfPage":{"@id":"https:\/\/jogapiekna.com\/produkt\/cure-tape-nozyczki-do-kinesiotapingu-soft-touching\/#primaryimage"},"image":{"@id":"https:\/\/jogapiekna.com\/produkt\/cure-tape-nozyczki-do-kinesiotapingu-soft-touching\/#primaryimage"},"thumbnailUrl":"https:\/\/jogapiekna.com\/wp-content\/uploads\/2022\/04\/Nozyczki-do-kinesiotapingu-Cure-Tape-Soft-Touching_jogapiekna.jpg","datePublished":"2022-04-04T19:57:22+00:00","dateModified":"2026-02-22T13:47:36+00:00","description":"Precyzyjne ci\u0119cie ta\u015bm do tapingu nigdy nie by\u0142o prostsze! No\u017cyczki do kinesiotapingu Cure Tape Soft Touching zosta\u0142y zaprojektowane w\u0142a\u015bnie w tym celu.","breadcrumb":{"@id":"https:\/\/jogapiekna.com\/produkt\/cure-tape-nozyczki-do-kinesiotapingu-soft-touching\/#breadcrumb"},"inLanguage":"en-GB","potentialAction":[{"@type":"ReadAction","target":["https:\/\/jogapiekna.com\/produkt\/cure-tape-nozyczki-do-kinesiotapingu-soft-touching\/"]}]},{"@type":"ImageObject","inLanguage":"en-GB","@id":"https:\/\/jogapiekna.com\/produkt\/cure-tape-nozyczki-do-kinesiotapingu-soft-touching\/#primaryimage","url":"https:\/\/jogapiekna.com\/wp-content\/uploads\/2022\/04\/Nozyczki-do-kinesiotapingu-Cure-Tape-Soft-Touching_jogapiekna.jpg","contentUrl":"https:\/\/jogapiekna.com\/wp-content\/uploads\/2022\/04\/Nozyczki-do-kinesiotapingu-Cure-Tape-Soft-Touching_jogapiekna.jpg","width":1000,"height":1000,"caption":"No\u017cyczki do kinesiotapingu Cure Tape Soft Touching"},{"@type":"BreadcrumbList","@id":"https:\/\/jogapiekna.com\/produkt\/cure-tape-nozyczki-do-kinesiotapingu-soft-touching\/#breadcrumb","itemListElement":[{"@type":"ListItem","position":1,"name":"Strona g\u0142\u00f3wna","item":"https:\/\/jogapiekna.com\/"},{"@type":"ListItem","position":2,"name":"Sklep","item":"https:\/\/jogapiekna.com\/sklep\/"},{"@type":"ListItem","position":3,"name":"No\u017cyczki do kinesiotapingu Cure Tape Soft Touching"}]},{"@type":"WebSite","@id":"https:\/\/jogapiekna.com\/#website","url":"https:\/\/jogapiekna.com\/","name":"Yoga Beauty Marta Kuci\u0144ska","description":"Beauty Yoga helps women to maintain their beauty, reverse the signs of passing time and fatigue, regain a radiant appearance, natural smile and improve their self-esteem.","publisher":{"@id":"https:\/\/jogapiekna.com\/#organization"},"potentialAction":[{"@type":"SearchAction","target":{"@type":"EntryPoint","urlTemplate":"https:\/\/jogapiekna.com\/?s={search_term_string}"},"query-input":{"@type":"PropertyValueSpecification","valueRequired":true,"valueName":"search_term_string"}}],"inLanguage":"en-GB"},{"@type":"Organization","@id":"https:\/\/jogapiekna.com\/#organization","name":"Yoga Beauty Marta Kuci\u0144ska","url":"https:\/\/jogapiekna.com\/","logo":{"@type":"ImageObject","inLanguage":"en-GB","@id":"https:\/\/jogapiekna.com\/#\/schema\/logo\/image\/","url":"https:\/\/jogapiekna.com\/wp-content\/uploads\/2022\/09\/joga-piekna-logo_Rka.png","contentUrl":"https:\/\/jogapiekna.com\/wp-content\/uploads\/2022\/09\/joga-piekna-logo_Rka.png","width":231,"height":124,"caption":"Joga Pi\u0119kna Marta Kuci\u0144ska"},"image":{"@id":"https:\/\/jogapiekna.com\/#\/schema\/logo\/image\/"},"sameAs":["https:\/\/www.facebook.com\/JogaPieknaCom\/","https:\/\/www.instagram.com\/jogapieknacom\/"]}]}},"_links":{"self":[{"href":"https:\/\/jogapiekna.com\/en\/wp-json\/wp\/v2\/product\/79386","targetHints":{"allow":["GET"]}}],"collection":[{"href":"https:\/\/jogapiekna.com\/en\/wp-json\/wp\/v2\/product"}],"about":[{"href":"https:\/\/jogapiekna.com\/en\/wp-json\/wp\/v2\/types\/product"}],"replies":[{"embeddable":true,"href":"https:\/\/jogapiekna.com\/en\/wp-json\/wp\/v2\/comments?post=79386"}],"version-history":[{"count":2,"href":"https:\/\/jogapiekna.com\/en\/wp-json\/wp\/v2\/product\/79386\/revisions"}],"predecessor-version":[{"id":217328,"href":"https:\/\/jogapiekna.com\/en\/wp-json\/wp\/v2\/product\/79386\/revisions\/217328"}],"wp:featuredmedia":[{"embeddable":true,"href":"https:\/\/jogapiekna.com\/en\/wp-json\/wp\/v2\/media\/94041"}],"wp:attachment":[{"href":"https:\/\/jogapiekna.com\/en\/wp-json\/wp\/v2\/media?parent=79386"}],"wp:term":[{"taxonomy":"product_brand","embeddable":true,"href":"https:\/\/jogapiekna.com\/en\/wp-json\/wp\/v2\/product_brand?post=79386"},{"taxonomy":"product_cat","embeddable":true,"href":"https:\/\/jogapiekna.com\/en\/wp-json\/wp\/v2\/product_cat?post=79386"},{"taxonomy":"product_tag","embeddable":true,"href":"https:\/\/jogapiekna.com\/en\/wp-json\/wp\/v2\/product_tag?post=79386"}],"curies":[{"name":"wp","href":"https:\/\/api.w.org\/{rel}","templated":true}]}}