{"id":79396,"date":"2022-04-04T22:39:35","date_gmt":"2022-04-04T20:39:35","guid":{"rendered":"https:\/\/jogapiekna.com\/?post_type=product&#038;p=79396"},"modified":"2026-04-10T12:05:14","modified_gmt":"2026-04-10T10:05:14","slug":"cure-tape-dispenser-podajnik-na-tasmy","status":"publish","type":"product","link":"https:\/\/jogapiekna.com\/en\/product\/cure-tape-dispenser-podajnik-na-tasmy\/","title":{"rendered":"Cure Tape Dispenser\u00a0"},"content":{"rendered":"<h2>Storage box for kinesiotaping Cure Tape<\/h2>\n<p>The Cure Tape Plastic Tape Tray is great for storing aesthetic kinesiotaping tape, protecting it from deformation. It facilitates its application and precise trimming. Prevents damage to the tape tip when peeling it off the roll. The kinesiotaping tape in the box is stored hygienically, even when travelling.<\/p>\n<p>It works well both in physiotherapy practices, beauty salons and when using the tape at home.<\/p>\n<p>&nbsp;<\/p>\n<h3>ADVANTAGES OF THE KINESIOTAPING TAPE DISPENSER<\/h3>\n<p>- Tape feeder is quick and easy to use<br \/>\n- Robust workmanship<br \/>\n- Facilitating the therapist's work<br \/>\n- Ensures hygienic storage of kinesiotaping tape<br \/>\n- Reduces the risk of damage to the tape tip when peeling it from the roll<\/p>\n<p>&nbsp;<\/p>\n<h3>KINESIOTAPING TAPE DISPENSER SPECIFICATION<\/h3>\n<p>Maximum roll width: 5 cm<br \/>\nMaterial: Plastic<\/p>\n<p>&nbsp;<\/p>\n<h3>USE OF A KINESIOTAPE DISPENSER<\/h3>\n<p>- Allows for quick dispensing of tumescence at home and in physiotherapy and beauty salons<br \/>\n- Protects the tape from contamination<br \/>\n- Works well on the move<\/p>\n<p>&nbsp;<\/p>\n<h2>How to apply facial kinesiotaping tape?<\/h2>\n<p>There are at least a few techniques and these should be tailored to individual aesthetic needs. To learn how to apply facial taping plasters, take our online course <a href=\"https:\/\/jogapiekna.com\/en\/product\/kinesiotaping-estetyczny-z-joga-piekna-kurs-online\/\" target=\"_blank\" rel=\"noopener\">Aesthetic Kinesiotaping with Yoga Beauty<\/a>.<\/p>","protected":false},"excerpt":{"rendered":"<p>Convenient dispenser for towelettes, or kinesiotaping tapes. It facilitates quick dispensing of tapes in a convenient and hygienic way. It has a practical shape and is easy to keep clean. Recommended both for use at home and in specialist surgeries or when travelling.<\/p>\n<p><strong>SPECIFICATIONS OF THE TAMP FEEDER<\/strong><br \/>\nMaximum roll width: 5 cm<br \/>\nMaterial: Plastic<\/p>","protected":false},"featured_media":200134,"comment_status":"closed","ping_status":"closed","template":"","meta":{"_acf_changed":false,"site-sidebar-layout":"default","site-content-layout":"","ast-site-content-layout":"default","site-content-style":"default","site-sidebar-style":"default","ast-global-header-display":"","ast-banner-title-visibility":"","ast-main-header-display":"","ast-hfb-above-header-display":"","ast-hfb-below-header-display":"","ast-hfb-mobile-header-display":"","site-post-title":"","ast-breadcrumbs-content":"","ast-featured-img":"","footer-sml-layout":"","ast-disable-related-posts":"","theme-transparent-header-meta":"default","adv-header-id-meta":"","stick-header-meta":"","header-above-stick-meta":"","header-main-stick-meta":"","header-below-stick-meta":"","astra-migrate-meta-layouts":"set","ast-page-background-enabled":"default","ast-page-background-meta":{"desktop":{"background-color":"var(--ast-global-color-5)","background-image":"","background-repeat":"repeat","background-position":"center center","background-size":"auto","background-attachment":"scroll","background-type":"","background-media":"","overlay-type":"","overlay-color":"","overlay-opacity":"","overlay-gradient":""},"tablet":{"background-color":"","background-image":"","background-repeat":"repeat","background-position":"center center","background-size":"auto","background-attachment":"scroll","background-type":"","background-media":"","overlay-type":"","overlay-color":"","overlay-opacity":"","overlay-gradient":""},"mobile":{"background-color":"","background-image":"","background-repeat":"repeat","background-position":"center center","background-size":"auto","background-attachment":"scroll","background-type":"","background-media":"","overlay-type":"","overlay-color":"","overlay-opacity":"","overlay-gradient":""}},"ast-content-background-meta":{"desktop":{"background-color":"var(--ast-global-color-4)","background-image":"","background-repeat":"repeat","background-position":"center center","background-size":"auto","background-attachment":"scroll","background-type":"","background-media":"","overlay-type":"","overlay-color":"","overlay-opacity":"","overlay-gradient":""},"tablet":{"background-color":"var(--ast-global-color-4)","background-image":"","background-repeat":"repeat","background-position":"center center","background-size":"auto","background-attachment":"scroll","background-type":"","background-media":"","overlay-type":"","overlay-color":"","overlay-opacity":"","overlay-gradient":""},"mobile":{"background-color":"var(--ast-global-color-4)","background-image":"","background-repeat":"repeat","background-position":"center center","background-size":"auto","background-attachment":"scroll","background-type":"","background-media":"","overlay-type":"","overlay-color":"","overlay-opacity":"","overlay-gradient":""}}},"product_brand":[],"product_cat":[21,621],"product_tag":[235],"class_list":{"0":"post-79396","1":"product","2":"type-product","3":"status-publish","4":"has-post-thumbnail","6":"product_cat-akcesoria","7":"product_cat-kinesiotaping-estetyczny","8":"product_tag-kinesiotaping","9":"desktop-align-left","10":"tablet-align-left","11":"mobile-align-left","13":"first","14":"outofstock","15":"taxable","16":"shipping-taxable","17":"purchasable","18":"product-type-simple"},"acf":[],"yoast_head":"<!-- This site is optimized with the Yoast SEO plugin v27.4 - https:\/\/yoast.com\/product\/yoast-seo-wordpress\/ -->\n<title>Podajnik do tejp\u00f3w Cure Tape Dispenser<\/title>\n<meta name=\"description\" content=\"Zadbaj o higieniczne przechowywanie ta\u015bm do kinesiotapingu. Podajnik do tejp\u00f3w chroni je przed uszkodzeniem i zapewnia wygod\u0119 dozowania ta\u015bmy.\u00a0\" \/>\n<meta name=\"robots\" content=\"index, follow, max-snippet:-1, max-image-preview:large, max-video-preview:-1\" \/>\n<link rel=\"canonical\" href=\"https:\/\/jogapiekna.com\/en\/product\/cure-tape-dispenser-podajnik-na-tasmy\/\" \/>\n<meta property=\"og:locale\" content=\"en_GB\" \/>\n<meta property=\"og:type\" content=\"article\" \/>\n<meta property=\"og:title\" content=\"Podajnik do tejp\u00f3w Cure Tape Dispenser\" \/>\n<meta property=\"og:description\" content=\"Zadbaj o higieniczne przechowywanie ta\u015bm do kinesiotapingu. Podajnik do tejp\u00f3w chroni je przed uszkodzeniem i zapewnia wygod\u0119 dozowania ta\u015bmy.\u00a0\" \/>\n<meta property=\"og:url\" content=\"https:\/\/jogapiekna.com\/en\/product\/cure-tape-dispenser-podajnik-na-tasmy\/\" \/>\n<meta property=\"og:site_name\" content=\"JOGA PI\u0118KNA | Joga Twarzy\" \/>\n<meta property=\"article:publisher\" content=\"https:\/\/www.facebook.com\/JogaPieknaCom\/\" \/>\n<meta property=\"article:modified_time\" content=\"2026-04-10T10:05:14+00:00\" \/>\n<meta property=\"og:image\" content=\"https:\/\/jogapiekna.com\/wp-content\/uploads\/2022\/04\/Podajnik-do-tejpow-Cure-Tape-Dispenser.jpg\" \/>\n\t<meta property=\"og:image:width\" content=\"1000\" \/>\n\t<meta property=\"og:image:height\" content=\"1000\" \/>\n\t<meta property=\"og:image:type\" content=\"image\/jpeg\" \/>\n<meta name=\"twitter:card\" content=\"summary_large_image\" \/>\n<meta name=\"twitter:label1\" content=\"Estimated reading time\" \/>\n\t<meta name=\"twitter:data1\" content=\"2 minutes\" \/>\n<script type=\"application\/ld+json\" class=\"yoast-schema-graph\">{\"@context\":\"https:\\\/\\\/schema.org\",\"@graph\":[{\"@type\":\"WebPage\",\"@id\":\"https:\\\/\\\/jogapiekna.com\\\/produkt\\\/cure-tape-dispenser-podajnik-na-tasmy\\\/\",\"url\":\"https:\\\/\\\/jogapiekna.com\\\/produkt\\\/cure-tape-dispenser-podajnik-na-tasmy\\\/\",\"name\":\"Podajnik do tejp\u00f3w Cure Tape Dispenser\",\"isPartOf\":{\"@id\":\"https:\\\/\\\/jogapiekna.com\\\/#website\"},\"primaryImageOfPage\":{\"@id\":\"https:\\\/\\\/jogapiekna.com\\\/produkt\\\/cure-tape-dispenser-podajnik-na-tasmy\\\/#primaryimage\"},\"image\":{\"@id\":\"https:\\\/\\\/jogapiekna.com\\\/produkt\\\/cure-tape-dispenser-podajnik-na-tasmy\\\/#primaryimage\"},\"thumbnailUrl\":\"https:\\\/\\\/jogapiekna.com\\\/wp-content\\\/uploads\\\/2022\\\/04\\\/Podajnik-do-tejpow-Cure-Tape-Dispenser.jpg\",\"datePublished\":\"2022-04-04T20:39:35+00:00\",\"dateModified\":\"2026-04-10T10:05:14+00:00\",\"description\":\"Zadbaj o higieniczne przechowywanie ta\u015bm do kinesiotapingu. Podajnik do tejp\u00f3w chroni je przed uszkodzeniem i zapewnia wygod\u0119 dozowania ta\u015bmy.\u00a0\",\"breadcrumb\":{\"@id\":\"https:\\\/\\\/jogapiekna.com\\\/produkt\\\/cure-tape-dispenser-podajnik-na-tasmy\\\/#breadcrumb\"},\"inLanguage\":\"en-GB\",\"potentialAction\":[{\"@type\":\"ReadAction\",\"target\":[\"https:\\\/\\\/jogapiekna.com\\\/produkt\\\/cure-tape-dispenser-podajnik-na-tasmy\\\/\"]}]},{\"@type\":\"ImageObject\",\"inLanguage\":\"en-GB\",\"@id\":\"https:\\\/\\\/jogapiekna.com\\\/produkt\\\/cure-tape-dispenser-podajnik-na-tasmy\\\/#primaryimage\",\"url\":\"https:\\\/\\\/jogapiekna.com\\\/wp-content\\\/uploads\\\/2022\\\/04\\\/Podajnik-do-tejpow-Cure-Tape-Dispenser.jpg\",\"contentUrl\":\"https:\\\/\\\/jogapiekna.com\\\/wp-content\\\/uploads\\\/2022\\\/04\\\/Podajnik-do-tejpow-Cure-Tape-Dispenser.jpg\",\"width\":1000,\"height\":1000,\"caption\":\"Podajnik do tejp\u00f3w Cure Tape Dispenser\"},{\"@type\":\"BreadcrumbList\",\"@id\":\"https:\\\/\\\/jogapiekna.com\\\/produkt\\\/cure-tape-dispenser-podajnik-na-tasmy\\\/#breadcrumb\",\"itemListElement\":[{\"@type\":\"ListItem\",\"position\":1,\"name\":\"Strona g\u0142\u00f3wna\",\"item\":\"https:\\\/\\\/jogapiekna.com\\\/\"},{\"@type\":\"ListItem\",\"position\":2,\"name\":\"Sklep\",\"item\":\"https:\\\/\\\/jogapiekna.com\\\/sklep\\\/\"},{\"@type\":\"ListItem\",\"position\":3,\"name\":\"Podajnik do tejp\u00f3w Cure Tape Dispenser\u00a0\"}]},{\"@type\":\"WebSite\",\"@id\":\"https:\\\/\\\/jogapiekna.com\\\/#website\",\"url\":\"https:\\\/\\\/jogapiekna.com\\\/\",\"name\":\"Joga Pi\u0119kna Marta Kuci\u0144ska\",\"description\":\"Joga Pi\u0119kna pomaga kobietom zachowa\u0107 urod\u0119, cofn\u0105\u0107 oznaki up\u0142ywaj\u0105cego czasu i zm\u0119czenia, odzyska\u0107 promienny wygl\u0105d, naturalny u\u015bmiech i popraw\u0119 w\u0142asnej samooceny.\",\"publisher\":{\"@id\":\"https:\\\/\\\/jogapiekna.com\\\/#organization\"},\"potentialAction\":[{\"@type\":\"SearchAction\",\"target\":{\"@type\":\"EntryPoint\",\"urlTemplate\":\"https:\\\/\\\/jogapiekna.com\\\/?s={search_term_string}\"},\"query-input\":{\"@type\":\"PropertyValueSpecification\",\"valueRequired\":true,\"valueName\":\"search_term_string\"}}],\"inLanguage\":\"en-GB\"},{\"@type\":\"Organization\",\"@id\":\"https:\\\/\\\/jogapiekna.com\\\/#organization\",\"name\":\"Joga Pi\u0119kna Marta Kuci\u0144ska\",\"url\":\"https:\\\/\\\/jogapiekna.com\\\/\",\"logo\":{\"@type\":\"ImageObject\",\"inLanguage\":\"en-GB\",\"@id\":\"https:\\\/\\\/jogapiekna.com\\\/#\\\/schema\\\/logo\\\/image\\\/\",\"url\":\"https:\\\/\\\/jogapiekna.com\\\/wp-content\\\/uploads\\\/2022\\\/09\\\/joga-piekna-logo_Rka.png\",\"contentUrl\":\"https:\\\/\\\/jogapiekna.com\\\/wp-content\\\/uploads\\\/2022\\\/09\\\/joga-piekna-logo_Rka.png\",\"width\":231,\"height\":124,\"caption\":\"Joga Pi\u0119kna Marta Kuci\u0144ska\"},\"image\":{\"@id\":\"https:\\\/\\\/jogapiekna.com\\\/#\\\/schema\\\/logo\\\/image\\\/\"},\"sameAs\":[\"https:\\\/\\\/www.facebook.com\\\/JogaPieknaCom\\\/\",\"https:\\\/\\\/www.instagram.com\\\/jogapieknacom\\\/\"]}]}<\/script>\n<!-- \/ Yoast SEO plugin. -->","yoast_head_json":{"title":"Cure Tape Dispenser","description":"Zadbaj o higieniczne przechowywanie ta\u015bm do kinesiotapingu. Podajnik do tejp\u00f3w chroni je przed uszkodzeniem i zapewnia wygod\u0119 dozowania ta\u015bmy.\u00a0","robots":{"index":"index","follow":"follow","max-snippet":"max-snippet:-1","max-image-preview":"max-image-preview:large","max-video-preview":"max-video-preview:-1"},"canonical":"https:\/\/jogapiekna.com\/en\/product\/cure-tape-dispenser-podajnik-na-tasmy\/","og_locale":"en_GB","og_type":"article","og_title":"Podajnik do tejp\u00f3w Cure Tape Dispenser","og_description":"Zadbaj o higieniczne przechowywanie ta\u015bm do kinesiotapingu. Podajnik do tejp\u00f3w chroni je przed uszkodzeniem i zapewnia wygod\u0119 dozowania ta\u015bmy.\u00a0","og_url":"https:\/\/jogapiekna.com\/en\/product\/cure-tape-dispenser-podajnik-na-tasmy\/","og_site_name":"JOGA PI\u0118KNA | Joga Twarzy","article_publisher":"https:\/\/www.facebook.com\/JogaPieknaCom\/","article_modified_time":"2026-04-10T10:05:14+00:00","og_image":[{"width":1000,"height":1000,"url":"https:\/\/jogapiekna.com\/wp-content\/uploads\/2022\/04\/Podajnik-do-tejpow-Cure-Tape-Dispenser.jpg","type":"image\/jpeg"}],"twitter_card":"summary_large_image","twitter_misc":{"Estimated reading time":"2 minutes"},"schema":{"@context":"https:\/\/schema.org","@graph":[{"@type":"WebPage","@id":"https:\/\/jogapiekna.com\/produkt\/cure-tape-dispenser-podajnik-na-tasmy\/","url":"https:\/\/jogapiekna.com\/produkt\/cure-tape-dispenser-podajnik-na-tasmy\/","name":"Cure Tape Dispenser","isPartOf":{"@id":"https:\/\/jogapiekna.com\/#website"},"primaryImageOfPage":{"@id":"https:\/\/jogapiekna.com\/produkt\/cure-tape-dispenser-podajnik-na-tasmy\/#primaryimage"},"image":{"@id":"https:\/\/jogapiekna.com\/produkt\/cure-tape-dispenser-podajnik-na-tasmy\/#primaryimage"},"thumbnailUrl":"https:\/\/jogapiekna.com\/wp-content\/uploads\/2022\/04\/Podajnik-do-tejpow-Cure-Tape-Dispenser.jpg","datePublished":"2022-04-04T20:39:35+00:00","dateModified":"2026-04-10T10:05:14+00:00","description":"Zadbaj o higieniczne przechowywanie ta\u015bm do kinesiotapingu. Podajnik do tejp\u00f3w chroni je przed uszkodzeniem i zapewnia wygod\u0119 dozowania ta\u015bmy.\u00a0","breadcrumb":{"@id":"https:\/\/jogapiekna.com\/produkt\/cure-tape-dispenser-podajnik-na-tasmy\/#breadcrumb"},"inLanguage":"en-GB","potentialAction":[{"@type":"ReadAction","target":["https:\/\/jogapiekna.com\/produkt\/cure-tape-dispenser-podajnik-na-tasmy\/"]}]},{"@type":"ImageObject","inLanguage":"en-GB","@id":"https:\/\/jogapiekna.com\/produkt\/cure-tape-dispenser-podajnik-na-tasmy\/#primaryimage","url":"https:\/\/jogapiekna.com\/wp-content\/uploads\/2022\/04\/Podajnik-do-tejpow-Cure-Tape-Dispenser.jpg","contentUrl":"https:\/\/jogapiekna.com\/wp-content\/uploads\/2022\/04\/Podajnik-do-tejpow-Cure-Tape-Dispenser.jpg","width":1000,"height":1000,"caption":"Podajnik do tejp\u00f3w Cure Tape Dispenser"},{"@type":"BreadcrumbList","@id":"https:\/\/jogapiekna.com\/produkt\/cure-tape-dispenser-podajnik-na-tasmy\/#breadcrumb","itemListElement":[{"@type":"ListItem","position":1,"name":"Strona g\u0142\u00f3wna","item":"https:\/\/jogapiekna.com\/"},{"@type":"ListItem","position":2,"name":"Sklep","item":"https:\/\/jogapiekna.com\/sklep\/"},{"@type":"ListItem","position":3,"name":"Podajnik do tejp\u00f3w Cure Tape Dispenser\u00a0"}]},{"@type":"WebSite","@id":"https:\/\/jogapiekna.com\/#website","url":"https:\/\/jogapiekna.com\/","name":"Yoga Beauty Marta Kuci\u0144ska","description":"Beauty Yoga helps women to maintain their beauty, reverse the signs of passing time and fatigue, regain a radiant appearance, natural smile and improve their self-esteem.","publisher":{"@id":"https:\/\/jogapiekna.com\/#organization"},"potentialAction":[{"@type":"SearchAction","target":{"@type":"EntryPoint","urlTemplate":"https:\/\/jogapiekna.com\/?s={search_term_string}"},"query-input":{"@type":"PropertyValueSpecification","valueRequired":true,"valueName":"search_term_string"}}],"inLanguage":"en-GB"},{"@type":"Organization","@id":"https:\/\/jogapiekna.com\/#organization","name":"Yoga Beauty Marta Kuci\u0144ska","url":"https:\/\/jogapiekna.com\/","logo":{"@type":"ImageObject","inLanguage":"en-GB","@id":"https:\/\/jogapiekna.com\/#\/schema\/logo\/image\/","url":"https:\/\/jogapiekna.com\/wp-content\/uploads\/2022\/09\/joga-piekna-logo_Rka.png","contentUrl":"https:\/\/jogapiekna.com\/wp-content\/uploads\/2022\/09\/joga-piekna-logo_Rka.png","width":231,"height":124,"caption":"Joga Pi\u0119kna Marta Kuci\u0144ska"},"image":{"@id":"https:\/\/jogapiekna.com\/#\/schema\/logo\/image\/"},"sameAs":["https:\/\/www.facebook.com\/JogaPieknaCom\/","https:\/\/www.instagram.com\/jogapieknacom\/"]}]}},"_links":{"self":[{"href":"https:\/\/jogapiekna.com\/en\/wp-json\/wp\/v2\/product\/79396","targetHints":{"allow":["GET"]}}],"collection":[{"href":"https:\/\/jogapiekna.com\/en\/wp-json\/wp\/v2\/product"}],"about":[{"href":"https:\/\/jogapiekna.com\/en\/wp-json\/wp\/v2\/types\/product"}],"replies":[{"embeddable":true,"href":"https:\/\/jogapiekna.com\/en\/wp-json\/wp\/v2\/comments?post=79396"}],"version-history":[{"count":2,"href":"https:\/\/jogapiekna.com\/en\/wp-json\/wp\/v2\/product\/79396\/revisions"}],"predecessor-version":[{"id":217330,"href":"https:\/\/jogapiekna.com\/en\/wp-json\/wp\/v2\/product\/79396\/revisions\/217330"}],"wp:featuredmedia":[{"embeddable":true,"href":"https:\/\/jogapiekna.com\/en\/wp-json\/wp\/v2\/media\/200134"}],"wp:attachment":[{"href":"https:\/\/jogapiekna.com\/en\/wp-json\/wp\/v2\/media?parent=79396"}],"wp:term":[{"taxonomy":"product_brand","embeddable":true,"href":"https:\/\/jogapiekna.com\/en\/wp-json\/wp\/v2\/product_brand?post=79396"},{"taxonomy":"product_cat","embeddable":true,"href":"https:\/\/jogapiekna.com\/en\/wp-json\/wp\/v2\/product_cat?post=79396"},{"taxonomy":"product_tag","embeddable":true,"href":"https:\/\/jogapiekna.com\/en\/wp-json\/wp\/v2\/product_tag?post=79396"}],"curies":[{"name":"wp","href":"https:\/\/api.w.org\/{rel}","templated":true}]}}