{"id":79723,"date":"2022-04-07T16:53:26","date_gmt":"2022-04-07T14:53:26","guid":{"rendered":"https:\/\/jogapiekna.com\/?post_type=product&#038;p=79723"},"modified":"2026-03-31T20:56:04","modified_gmt":"2026-03-31T18:56:04","slug":"masazer-paleczka-joga-piekna","status":"publish","type":"product","link":"https:\/\/jogapiekna.com\/en\/product\/masazer-paleczka-joga-piekna\/","title":{"rendered":"Reflexology Massager * Rose quartz"},"content":{"rendered":"<p><strong>Quartz massager for reflexology of the face<\/strong> this allows you to pinpoint the nerve endings on the face, which are connected to the inner part of the whole body through energy channels.<\/p>\n<p>Skillful spherical pressure with the massager will trigger nerve impulses that will positively affect the work of various organs and systems of your body. <strong>The purpose of this massage is to relieve pain, deeply relax and restore the energy balance of the entire body.<\/strong><\/p>\n<p>Facial reflexology is partly borrowed from Chinese medicine. It&#039;s been used for hundreds of years. Improves the appearance of the face, but not only. The reflex points and areas that you will stimulate naturally, non-invasively and free of charge nourish, oxygenate and stimulate your body for internal regeneration. Gentle compresses stimulate blood circulation and drain the skin, allowing lymph to flow freely. The effect? The face restores a healthy, radiant appearance. Puffiness and congestion disappear. The muscles relax, which in the long run leads to a delay in the aging process of the skin and smoothing out wrinkles.<\/p>\n<p>&nbsp;<\/p>\n<h2><strong>Facial Reflexology-Effects you&#039;ll notice<\/strong><\/h2>\n<ul>\n<li>the muscles of the face will be released from any tension, and as a result, you will notice: <strong>natural wrinkle smoothing<\/strong>,<\/li>\n<li>you will restore harmonious energy to the body, which results in oxygenation and <strong>improving the functioning of internal organs<\/strong>,<\/li>\n<li>stimulates the body to <strong>self-regulation<\/strong>,<\/li>\n<li>you will get rid of aging puffiness and puffiness on the face,<\/li>\n<li>you strongly stimulate blood circulation and lymph flow-the face will restore a radiant appearance,<\/li>\n<li>you will feel a deep relaxation and relaxation of the facial skin.<\/li>\n<\/ul>\n<p>&nbsp;<\/p>\n<h3><strong>The massage stick is made by hand, from 100% natural rose quartz<\/strong><\/h3>\n<p>Rose quartz is a noble mineral that owes its color to the elements: Titanium and manganese. It has been used as an amulet for centuries. It is called the &#034; stone of love\u201d&#034; Relieves complaints related to cardiovascular and heart diseases. Improves the immune system. Improves memory and adds energy. Helps in the treatment of migraines and other headaches. It has a therapeutic effect on the psychophysical state-relieves anxiety, internal tension and nervousness, and also reduces stress.<\/p>\n<p>&nbsp;<\/p>\n<h2><strong>How to prepare your skin for a reflexology massage?<\/strong><\/h2>\n<p>Facial massage with <strong>quartz beauty yoga sticks for reflexology<\/strong> we always do it on thoroughly cleansed skin. Before the ritual, you can apply a few drops of your favorite massage or skin care oil to your skin, for example. <a href=\"https:\/\/jogapiekna.com\/en\/product\/citrus-glow-olejek-do-masazu-50ml\/\">Citrus Glow oil<\/a>this will make it easier to move the massager to other areas of the skin.<\/p>\n<p>&nbsp;<\/p>\n<h2><strong>How to do reflexology facial massage correctly?<\/strong><\/h2>\n<p>Interesting, <strong>how to do reflexology facial massage correctly<\/strong>? Where exactly are the points of youth on the face, and where are those that correspond to individual organs? Below are instructions and a face map. Make gentle circular movements around the points, keeping in mind the nose, ears, temples and forehead.<\/p>\n<p>The yoga beauty massage stick for facial reflexology will also work when stimulating points on the body and hands. The ritual should be repeated regularly from 6 to 15 times a week. One massage should last several tens of minutes.<\/p>\n<p><strong>Do a quartz massager massage with a beauty yoga stick for facial reflexology using the following point map:<\/strong><\/p>\n<p><img fetchpriority=\"high\" decoding=\"async\" class=\"alignleft size-full wp-image-10662\" src=\"https:\/\/jogapiekna.com\/wp-content\/uploads\/2022\/04\/refleksjologia-twarzy-masaz-jogapiekna.jpg\" alt=\"\" width=\"694\" height=\"460\" \/><\/p>\n<p>&nbsp;<\/p>\n<p>&nbsp;<\/p>\n<h3><strong>We invite you for an individual consultation<\/strong><\/h3>\n<p>Would you like to learn more about facial reflexology? Do you want to customize a personalized massage plan to suit your needs? My name is <strong>Marta Kuci\u0144ska<\/strong> and specializes in natural rejuvenation. I am a biologist by training, a third-degree Ayurveda consultant, and a certified facial yoga teacher. Take advantage of the consultation, where I will prepare an individual set of practices for you. Send an e-mail: <a href=\"\/en\/&\/#x6d;&#x61;&#x69;&#x6c;&#x74;&#x6f;&#x3a;&#x6d;&#x61;&#x72;&#x74;&#97;&#64;&#106;&#111;&#103;&#97;&#112;iekna&#46;&#x63;&#x6f;&#x6d;\">marta@jogapiekna.com<\/a><\/p>\n<p><iframe title=\"YouTube video player\" src=\"https:\/\/www.youtube.com\/embed\/SZZcZ1c2HKg?si=nBuq4fxUyxR5WKpX\" width=\"560\" height=\"315\" frameborder=\"0\" allowfullscreen=\"allowfullscreen\"><\/iframe><\/p>","protected":false},"excerpt":{"rendered":"<p>Release the facial muscles from tension and stress. Ensure a good flow of energy in the body. The facial reflexology massager allows you to naturally stimulate selected energy points. It improves blood circulation, gives you blissful relaxation and a host of aesthetic benefits. The wand is made of rose quartz. It ends on both sides with a smooth contour rounding.<br \/>\n<strong>Size:<\/strong> 11cm x 1.1cm x 0.8cm (+\/- 0.2 cm)<br \/>\n<strong>Weight:<\/strong> 20g<br \/>\n<strong>Group:<\/strong>\u00a0natural stone-rose quartz<br \/>\n<strong>Country of origin of the stone:<\/strong>\u00a0Brazil<\/p>","protected":false},"featured_media":94531,"comment_status":"closed","ping_status":"closed","template":"","meta":{"_acf_changed":false,"site-sidebar-layout":"default","site-content-layout":"","ast-site-content-layout":"default","site-content-style":"default","site-sidebar-style":"default","ast-global-header-display":"","ast-banner-title-visibility":"","ast-main-header-display":"","ast-hfb-above-header-display":"","ast-hfb-below-header-display":"","ast-hfb-mobile-header-display":"","site-post-title":"","ast-breadcrumbs-content":"","ast-featured-img":"","footer-sml-layout":"","ast-disable-related-posts":"","theme-transparent-header-meta":"","adv-header-id-meta":"","stick-header-meta":"","header-above-stick-meta":"","header-main-stick-meta":"","header-below-stick-meta":"","astra-migrate-meta-layouts":"default","ast-page-background-enabled":"default","ast-page-background-meta":{"desktop":{"background-color":"var(--ast-global-color-5)","background-image":"","background-repeat":"repeat","background-position":"center center","background-size":"auto","background-attachment":"scroll","background-type":"","background-media":"","overlay-type":"","overlay-color":"","overlay-opacity":"","overlay-gradient":""},"tablet":{"background-color":"","background-image":"","background-repeat":"repeat","background-position":"center center","background-size":"auto","background-attachment":"scroll","background-type":"","background-media":"","overlay-type":"","overlay-color":"","overlay-opacity":"","overlay-gradient":""},"mobile":{"background-color":"","background-image":"","background-repeat":"repeat","background-position":"center center","background-size":"auto","background-attachment":"scroll","background-type":"","background-media":"","overlay-type":"","overlay-color":"","overlay-opacity":"","overlay-gradient":""}},"ast-content-background-meta":{"desktop":{"background-color":"var(--ast-global-color-4)","background-image":"","background-repeat":"repeat","background-position":"center center","background-size":"auto","background-attachment":"scroll","background-type":"","background-media":"","overlay-type":"","overlay-color":"","overlay-opacity":"","overlay-gradient":""},"tablet":{"background-color":"var(--ast-global-color-4)","background-image":"","background-repeat":"repeat","background-position":"center center","background-size":"auto","background-attachment":"scroll","background-type":"","background-media":"","overlay-type":"","overlay-color":"","overlay-opacity":"","overlay-gradient":""},"mobile":{"background-color":"var(--ast-global-color-4)","background-image":"","background-repeat":"repeat","background-position":"center center","background-size":"auto","background-attachment":"scroll","background-type":"","background-media":"","overlay-type":"","overlay-color":"","overlay-opacity":"","overlay-gradient":""}}},"product_brand":[],"product_cat":[21,611,610],"product_tag":[41,260,60,259,530,256,255,531],"class_list":{"0":"post-79723","1":"product","2":"type-product","3":"status-publish","4":"has-post-thumbnail","6":"product_cat-akcesoria","7":"product_cat-gua-sha-rollery","8":"product_cat-masaz-twarzy-i-szyi","9":"product_tag-joga-twarzy","10":"product_tag-masaz-twarzy","11":"product_tag-masazer-do-twarzy","12":"product_tag-odmladzanie","13":"product_tag-paleczka","14":"product_tag-pielegnacja-skory","15":"product_tag-pielegnacja-twarzy","16":"product_tag-refleksologia","17":"desktop-align-left","18":"tablet-align-left","19":"mobile-align-left","21":"first","22":"instock","23":"taxable","24":"shipping-taxable","25":"purchasable","26":"product-type-simple"},"acf":[],"yoast_head":"<!-- This site is optimized with the Yoast SEO plugin v27.2 - https:\/\/yoast.com\/product\/yoast-seo-wordpress\/ -->\n<title>Masa\u017cer Pa\u0142eczka Joga Pi\u0119kna do refleksologii twarzy | Joga Pi\u0119kna<\/title>\n<meta name=\"description\" content=\"Uwolnij mi\u0119\u015bnie twarzy od napi\u0119cia i stresu. Zadbaj o dobry przep\u0142yw energii w ciele. Masa\u017cer Pa\u0142eczka do refleksologii twarzy pozwala na naturaln\u0105 stymulacj\u0119 wybranych punkt\u00f3w energetycznych. Poprawia kr\u0105\u017cenie, zapewni Ci b\u0142ogi relaks i ogrom korzy\u015bci estetycznych. Pa\u0142eczka jest wykonana z r\u00f3\u017cowego kwarcu. Po obu stronach jest zako\u0144czona g\u0142adkim, wyprofilowanym zaokr\u0105gleniem.\" \/>\n<meta name=\"robots\" content=\"index, follow, max-snippet:-1, max-image-preview:large, max-video-preview:-1\" \/>\n<link rel=\"canonical\" href=\"https:\/\/jogapiekna.com\/en\/product\/masazer-paleczka-joga-piekna\/\" \/>\n<meta property=\"og:locale\" content=\"en_GB\" \/>\n<meta property=\"og:type\" content=\"article\" \/>\n<meta property=\"og:title\" content=\"Masa\u017cer Pa\u0142eczka Joga Pi\u0119kna do refleksologii twarzy | Joga Pi\u0119kna\" \/>\n<meta property=\"og:description\" content=\"Uwolnij mi\u0119\u015bnie twarzy od napi\u0119cia i stresu. Zadbaj o dobry przep\u0142yw energii w ciele. Masa\u017cer Pa\u0142eczka do refleksologii twarzy pozwala na naturaln\u0105 stymulacj\u0119 wybranych punkt\u00f3w energetycznych. Poprawia kr\u0105\u017cenie, zapewni Ci b\u0142ogi relaks i ogrom korzy\u015bci estetycznych. Pa\u0142eczka jest wykonana z r\u00f3\u017cowego kwarcu. Po obu stronach jest zako\u0144czona g\u0142adkim, wyprofilowanym zaokr\u0105gleniem.\" \/>\n<meta property=\"og:url\" content=\"https:\/\/jogapiekna.com\/en\/product\/masazer-paleczka-joga-piekna\/\" \/>\n<meta property=\"og:site_name\" content=\"JOGA PI\u0118KNA | Joga Twarzy\" \/>\n<meta property=\"article:publisher\" content=\"https:\/\/www.facebook.com\/JogaPieknaCom\/\" \/>\n<meta property=\"article:modified_time\" content=\"2026-03-31T18:56:04+00:00\" \/>\n<meta property=\"og:image\" content=\"https:\/\/jogapiekna.com\/wp-content\/uploads\/2022\/04\/Masazer-Paleczka-do-refleksologii-kwarc-rozowy-joga-piekna.jpg\" \/>\n\t<meta property=\"og:image:width\" content=\"1000\" \/>\n\t<meta property=\"og:image:height\" content=\"1000\" \/>\n\t<meta property=\"og:image:type\" content=\"image\/jpeg\" \/>\n<meta name=\"twitter:card\" content=\"summary_large_image\" \/>\n<meta name=\"twitter:label1\" content=\"Estimated reading time\" \/>\n\t<meta name=\"twitter:data1\" content=\"4 minutes\" \/>\n<script type=\"application\/ld+json\" class=\"yoast-schema-graph\">{\"@context\":\"https:\/\/schema.org\",\"@graph\":[{\"@type\":\"WebPage\",\"@id\":\"https:\/\/jogapiekna.com\/produkt\/masazer-paleczka-joga-piekna\/\",\"url\":\"https:\/\/jogapiekna.com\/produkt\/masazer-paleczka-joga-piekna\/\",\"name\":\"Masa\u017cer Pa\u0142eczka Joga Pi\u0119kna do refleksologii twarzy | Joga Pi\u0119kna\",\"isPartOf\":{\"@id\":\"https:\/\/jogapiekna.com\/#website\"},\"primaryImageOfPage\":{\"@id\":\"https:\/\/jogapiekna.com\/produkt\/masazer-paleczka-joga-piekna\/#primaryimage\"},\"image\":{\"@id\":\"https:\/\/jogapiekna.com\/produkt\/masazer-paleczka-joga-piekna\/#primaryimage\"},\"thumbnailUrl\":\"https:\/\/jogapiekna.com\/wp-content\/uploads\/2022\/04\/Masazer-Paleczka-do-refleksologii-kwarc-rozowy-joga-piekna.jpg\",\"datePublished\":\"2022-04-07T14:53:26+00:00\",\"dateModified\":\"2026-03-31T18:56:04+00:00\",\"description\":\"Uwolnij mi\u0119\u015bnie twarzy od napi\u0119cia i stresu. Zadbaj o dobry przep\u0142yw energii w ciele. Masa\u017cer Pa\u0142eczka do refleksologii twarzy pozwala na naturaln\u0105 stymulacj\u0119 wybranych punkt\u00f3w energetycznych. Poprawia kr\u0105\u017cenie, zapewni Ci b\u0142ogi relaks i ogrom korzy\u015bci estetycznych. Pa\u0142eczka jest wykonana z r\u00f3\u017cowego kwarcu. Po obu stronach jest zako\u0144czona g\u0142adkim, wyprofilowanym zaokr\u0105gleniem.\",\"breadcrumb\":{\"@id\":\"https:\/\/jogapiekna.com\/produkt\/masazer-paleczka-joga-piekna\/#breadcrumb\"},\"inLanguage\":\"en-GB\",\"potentialAction\":[{\"@type\":\"ReadAction\",\"target\":[\"https:\/\/jogapiekna.com\/produkt\/masazer-paleczka-joga-piekna\/\"]}]},{\"@type\":\"ImageObject\",\"inLanguage\":\"en-GB\",\"@id\":\"https:\/\/jogapiekna.com\/produkt\/masazer-paleczka-joga-piekna\/#primaryimage\",\"url\":\"https:\/\/jogapiekna.com\/wp-content\/uploads\/2022\/04\/Masazer-Paleczka-do-refleksologii-kwarc-rozowy-joga-piekna.jpg\",\"contentUrl\":\"https:\/\/jogapiekna.com\/wp-content\/uploads\/2022\/04\/Masazer-Paleczka-do-refleksologii-kwarc-rozowy-joga-piekna.jpg\",\"width\":1000,\"height\":1000,\"caption\":\"Masa\u017cer Pa\u0142eczka do refleksologii | kwarc r\u00f3\u017cowy\"},{\"@type\":\"BreadcrumbList\",\"@id\":\"https:\/\/jogapiekna.com\/produkt\/masazer-paleczka-joga-piekna\/#breadcrumb\",\"itemListElement\":[{\"@type\":\"ListItem\",\"position\":1,\"name\":\"Strona g\u0142\u00f3wna\",\"item\":\"https:\/\/jogapiekna.com\/\"},{\"@type\":\"ListItem\",\"position\":2,\"name\":\"Sklep\",\"item\":\"https:\/\/jogapiekna.com\/sklep\/\"},{\"@type\":\"ListItem\",\"position\":3,\"name\":\"Masa\u017cer Pa\u0142eczka do refleksologii \u2022 kwarc r\u00f3\u017cowy\"}]},{\"@type\":\"WebSite\",\"@id\":\"https:\/\/jogapiekna.com\/#website\",\"url\":\"https:\/\/jogapiekna.com\/\",\"name\":\"Joga Pi\u0119kna Marta Kuci\u0144ska\",\"description\":\"Joga Pi\u0119kna pomaga kobietom zachowa\u0107 urod\u0119, cofn\u0105\u0107 oznaki up\u0142ywaj\u0105cego czasu i zm\u0119czenia, odzyska\u0107 promienny wygl\u0105d, naturalny u\u015bmiech i popraw\u0119 w\u0142asnej samooceny.\",\"publisher\":{\"@id\":\"https:\/\/jogapiekna.com\/#organization\"},\"potentialAction\":[{\"@type\":\"SearchAction\",\"target\":{\"@type\":\"EntryPoint\",\"urlTemplate\":\"https:\/\/jogapiekna.com\/?s={search_term_string}\"},\"query-input\":{\"@type\":\"PropertyValueSpecification\",\"valueRequired\":true,\"valueName\":\"search_term_string\"}}],\"inLanguage\":\"en-GB\"},{\"@type\":\"Organization\",\"@id\":\"https:\/\/jogapiekna.com\/#organization\",\"name\":\"Joga Pi\u0119kna Marta Kuci\u0144ska\",\"url\":\"https:\/\/jogapiekna.com\/\",\"logo\":{\"@type\":\"ImageObject\",\"inLanguage\":\"en-GB\",\"@id\":\"https:\/\/jogapiekna.com\/#\/schema\/logo\/image\/\",\"url\":\"https:\/\/jogapiekna.com\/wp-content\/uploads\/2022\/09\/joga-piekna-logo_Rka.png\",\"contentUrl\":\"https:\/\/jogapiekna.com\/wp-content\/uploads\/2022\/09\/joga-piekna-logo_Rka.png\",\"width\":231,\"height\":124,\"caption\":\"Joga Pi\u0119kna Marta Kuci\u0144ska\"},\"image\":{\"@id\":\"https:\/\/jogapiekna.com\/#\/schema\/logo\/image\/\"},\"sameAs\":[\"https:\/\/www.facebook.com\/JogaPieknaCom\/\",\"https:\/\/www.instagram.com\/jogapieknacom\/\"]}]}<\/script>\n<!-- \/ Yoast SEO plugin. -->","yoast_head_json":{"title":"Masa\u017cer Pa\u0142eczka Joga Pi\u0119kna do refleksologii twarzy | Joga Pi\u0119kna","description":"Release the facial muscles from tension and stress. Ensure a good flow of energy in the body. The facial reflexology massager allows you to naturally stimulate selected energy points. It improves blood circulation, gives you blissful relaxation and a host of aesthetic benefits. The wand is made of rose quartz. It ends on both sides with a smooth contour rounding.","robots":{"index":"index","follow":"follow","max-snippet":"max-snippet:-1","max-image-preview":"max-image-preview:large","max-video-preview":"max-video-preview:-1"},"canonical":"https:\/\/jogapiekna.com\/en\/product\/masazer-paleczka-joga-piekna\/","og_locale":"en_GB","og_type":"article","og_title":"Masa\u017cer Pa\u0142eczka Joga Pi\u0119kna do refleksologii twarzy | Joga Pi\u0119kna","og_description":"Uwolnij mi\u0119\u015bnie twarzy od napi\u0119cia i stresu. Zadbaj o dobry przep\u0142yw energii w ciele. Masa\u017cer Pa\u0142eczka do refleksologii twarzy pozwala na naturaln\u0105 stymulacj\u0119 wybranych punkt\u00f3w energetycznych. Poprawia kr\u0105\u017cenie, zapewni Ci b\u0142ogi relaks i ogrom korzy\u015bci estetycznych. Pa\u0142eczka jest wykonana z r\u00f3\u017cowego kwarcu. Po obu stronach jest zako\u0144czona g\u0142adkim, wyprofilowanym zaokr\u0105gleniem.","og_url":"https:\/\/jogapiekna.com\/en\/product\/masazer-paleczka-joga-piekna\/","og_site_name":"JOGA PI\u0118KNA | Joga Twarzy","article_publisher":"https:\/\/www.facebook.com\/JogaPieknaCom\/","article_modified_time":"2026-03-31T18:56:04+00:00","og_image":[{"width":1000,"height":1000,"url":"https:\/\/jogapiekna.com\/wp-content\/uploads\/2022\/04\/Masazer-Paleczka-do-refleksologii-kwarc-rozowy-joga-piekna.jpg","type":"image\/jpeg"}],"twitter_card":"summary_large_image","twitter_misc":{"Estimated reading time":"4 minutes"},"schema":{"@context":"https:\/\/schema.org","@graph":[{"@type":"WebPage","@id":"https:\/\/jogapiekna.com\/produkt\/masazer-paleczka-joga-piekna\/","url":"https:\/\/jogapiekna.com\/produkt\/masazer-paleczka-joga-piekna\/","name":"Masa\u017cer Pa\u0142eczka Joga Pi\u0119kna do refleksologii twarzy | Joga Pi\u0119kna","isPartOf":{"@id":"https:\/\/jogapiekna.com\/#website"},"primaryImageOfPage":{"@id":"https:\/\/jogapiekna.com\/produkt\/masazer-paleczka-joga-piekna\/#primaryimage"},"image":{"@id":"https:\/\/jogapiekna.com\/produkt\/masazer-paleczka-joga-piekna\/#primaryimage"},"thumbnailUrl":"https:\/\/jogapiekna.com\/wp-content\/uploads\/2022\/04\/Masazer-Paleczka-do-refleksologii-kwarc-rozowy-joga-piekna.jpg","datePublished":"2022-04-07T14:53:26+00:00","dateModified":"2026-03-31T18:56:04+00:00","description":"Release the facial muscles from tension and stress. Ensure a good flow of energy in the body. The facial reflexology massager allows you to naturally stimulate selected energy points. It improves blood circulation, gives you blissful relaxation and a host of aesthetic benefits. The wand is made of rose quartz. It ends on both sides with a smooth contour rounding.","breadcrumb":{"@id":"https:\/\/jogapiekna.com\/produkt\/masazer-paleczka-joga-piekna\/#breadcrumb"},"inLanguage":"en-GB","potentialAction":[{"@type":"ReadAction","target":["https:\/\/jogapiekna.com\/produkt\/masazer-paleczka-joga-piekna\/"]}]},{"@type":"ImageObject","inLanguage":"en-GB","@id":"https:\/\/jogapiekna.com\/produkt\/masazer-paleczka-joga-piekna\/#primaryimage","url":"https:\/\/jogapiekna.com\/wp-content\/uploads\/2022\/04\/Masazer-Paleczka-do-refleksologii-kwarc-rozowy-joga-piekna.jpg","contentUrl":"https:\/\/jogapiekna.com\/wp-content\/uploads\/2022\/04\/Masazer-Paleczka-do-refleksologii-kwarc-rozowy-joga-piekna.jpg","width":1000,"height":1000,"caption":"Masa\u017cer Pa\u0142eczka do refleksologii | kwarc r\u00f3\u017cowy"},{"@type":"BreadcrumbList","@id":"https:\/\/jogapiekna.com\/produkt\/masazer-paleczka-joga-piekna\/#breadcrumb","itemListElement":[{"@type":"ListItem","position":1,"name":"Strona g\u0142\u00f3wna","item":"https:\/\/jogapiekna.com\/"},{"@type":"ListItem","position":2,"name":"Sklep","item":"https:\/\/jogapiekna.com\/sklep\/"},{"@type":"ListItem","position":3,"name":"Masa\u017cer Pa\u0142eczka do refleksologii \u2022 kwarc r\u00f3\u017cowy"}]},{"@type":"WebSite","@id":"https:\/\/jogapiekna.com\/#website","url":"https:\/\/jogapiekna.com\/","name":"Yoga Beauty Marta Kuci\u0144ska","description":"Beauty Yoga helps women to maintain their beauty, reverse the signs of passing time and fatigue, regain a radiant appearance, natural smile and improve their self-esteem.","publisher":{"@id":"https:\/\/jogapiekna.com\/#organization"},"potentialAction":[{"@type":"SearchAction","target":{"@type":"EntryPoint","urlTemplate":"https:\/\/jogapiekna.com\/?s={search_term_string}"},"query-input":{"@type":"PropertyValueSpecification","valueRequired":true,"valueName":"search_term_string"}}],"inLanguage":"en-GB"},{"@type":"Organization","@id":"https:\/\/jogapiekna.com\/#organization","name":"Yoga Beauty Marta Kuci\u0144ska","url":"https:\/\/jogapiekna.com\/","logo":{"@type":"ImageObject","inLanguage":"en-GB","@id":"https:\/\/jogapiekna.com\/#\/schema\/logo\/image\/","url":"https:\/\/jogapiekna.com\/wp-content\/uploads\/2022\/09\/joga-piekna-logo_Rka.png","contentUrl":"https:\/\/jogapiekna.com\/wp-content\/uploads\/2022\/09\/joga-piekna-logo_Rka.png","width":231,"height":124,"caption":"Joga Pi\u0119kna Marta Kuci\u0144ska"},"image":{"@id":"https:\/\/jogapiekna.com\/#\/schema\/logo\/image\/"},"sameAs":["https:\/\/www.facebook.com\/JogaPieknaCom\/","https:\/\/www.instagram.com\/jogapieknacom\/"]}]}},"_links":{"self":[{"href":"https:\/\/jogapiekna.com\/en\/wp-json\/wp\/v2\/product\/79723","targetHints":{"allow":["GET"]}}],"collection":[{"href":"https:\/\/jogapiekna.com\/en\/wp-json\/wp\/v2\/product"}],"about":[{"href":"https:\/\/jogapiekna.com\/en\/wp-json\/wp\/v2\/types\/product"}],"replies":[{"embeddable":true,"href":"https:\/\/jogapiekna.com\/en\/wp-json\/wp\/v2\/comments?post=79723"}],"version-history":[{"count":3,"href":"https:\/\/jogapiekna.com\/en\/wp-json\/wp\/v2\/product\/79723\/revisions"}],"predecessor-version":[{"id":210800,"href":"https:\/\/jogapiekna.com\/en\/wp-json\/wp\/v2\/product\/79723\/revisions\/210800"}],"wp:featuredmedia":[{"embeddable":true,"href":"https:\/\/jogapiekna.com\/en\/wp-json\/wp\/v2\/media\/94531"}],"wp:attachment":[{"href":"https:\/\/jogapiekna.com\/en\/wp-json\/wp\/v2\/media?parent=79723"}],"wp:term":[{"taxonomy":"product_brand","embeddable":true,"href":"https:\/\/jogapiekna.com\/en\/wp-json\/wp\/v2\/product_brand?post=79723"},{"taxonomy":"product_cat","embeddable":true,"href":"https:\/\/jogapiekna.com\/en\/wp-json\/wp\/v2\/product_cat?post=79723"},{"taxonomy":"product_tag","embeddable":true,"href":"https:\/\/jogapiekna.com\/en\/wp-json\/wp\/v2\/product_tag?post=79723"}],"curies":[{"name":"wp","href":"https:\/\/api.w.org\/{rel}","templated":true}]}}