{"id":81732,"date":"2022-04-27T13:15:31","date_gmt":"2022-04-27T11:15:31","guid":{"rendered":"https:\/\/jogapiekna.com\/?post_type=product&#038;p=81732"},"modified":"2026-01-26T14:51:50","modified_gmt":"2026-01-26T13:51:50","slug":"drewniana-taca-na-akcesoria","status":"publish","type":"product","link":"https:\/\/jogapiekna.com\/en\/product\/drewniana-taca-na-akcesoria\/","title":{"rendered":"Wooden tray for massage accessories - QUALITY II"},"content":{"rendered":"<p>Forget about a regular facial massage because you keep all the accessories hidden deep in your bathroom cabinets? How many times have you searched for your favorite face oil or <a href=\"https:\/\/jogapiekna.com\/en\/tag-produktu\/kamien-gua-sha\/\" target=\"_blank\" rel=\"noopener\">gua sha stone<\/a>? Do you like it when everything has its place?<\/p>\n<p>Wooden Beauty Yoga Tray is More than Functional <strong>a decoration that will allow you to organize all the elements necessary for a natural facial massage<\/strong>. If you always have them\u201d on hand&#034;, it will be easier for you to get them. In addition, the tray will allow you to easily <strong>move all your massage accessories anywhere in your home<\/strong> for example, on the terrace, which will improve the comfort of regular rituals.<\/p>\n<p>Wooden tray for massage accessories also <strong>security of your equipment<\/strong>. Do you like to do a facial massage while sitting comfortably on your bed or sofa? You can put a roller or a plate of gua sha on the tray at any time, even if they have previously been in contact with a greasy natural care oil. Thus <strong>eliminates the problem of possible contamination on furniture<\/strong>.<\/p>\n<p><strong>Features of Wooden Tray for Massage Yoga Beauty Accessories<\/strong><\/p>\n<ul>\n<li>The tray is made of natural acacia wood.<\/li>\n<li>It has a hollowed-out yoga beauty logo.<\/li>\n<li>It fits perfectly into the boho stylist.<\/li>\n<li>The color of the tray may differ slightly from the one shown in the photo (this is a feature of natural wood).<\/li>\n<li>Tray dimensions: 23 cm x 12.5 cm.<\/li>\n<\/ul>\n<p><strong>How do I clear the tray?<\/strong><\/p>\n<ul>\n<li>Do not wash the tray under running water.<\/li>\n<li>It is enough to wipe it with a dry cloth from time to time<\/li>\n<li>We recommend that after purchase, wipe with a cloth soaked in any oil for better preservation. Grease enriches the look of your tray!<\/li>\n<\/ul>","protected":false},"excerpt":{"rendered":"<p>From now on, you can have all your massage accessories in one place! Always at hand, for example, on the nightstand or in the bathroom. A natural wood accessory tray with the Yoga Beauty logo will allow you to organize all your favorite massage accessories with oils at the head. This will protect your furniture from dirt and encourage regular, comfortable rituals.<\/p>\n<p>The tray has minor discolouration.<\/p>\n<p>Grade II is non-returnable.<\/p>\n<p><strong>tray dimensions:<\/strong> 23 cm x 12.5 cm<\/p>","protected":false},"featured_media":94307,"comment_status":"closed","ping_status":"closed","template":"","meta":{"_acf_changed":false,"site-sidebar-layout":"default","site-content-layout":"","ast-site-content-layout":"default","site-content-style":"default","site-sidebar-style":"default","ast-global-header-display":"","ast-banner-title-visibility":"","ast-main-header-display":"","ast-hfb-above-header-display":"","ast-hfb-below-header-display":"","ast-hfb-mobile-header-display":"","site-post-title":"","ast-breadcrumbs-content":"","ast-featured-img":"","footer-sml-layout":"","ast-disable-related-posts":"","theme-transparent-header-meta":"default","adv-header-id-meta":"","stick-header-meta":"","header-above-stick-meta":"","header-main-stick-meta":"","header-below-stick-meta":"","astra-migrate-meta-layouts":"set","ast-page-background-enabled":"default","ast-page-background-meta":{"desktop":{"background-color":"var(--ast-global-color-5)","background-image":"","background-repeat":"repeat","background-position":"center center","background-size":"auto","background-attachment":"scroll","background-type":"","background-media":"","overlay-type":"","overlay-color":"","overlay-opacity":"","overlay-gradient":""},"tablet":{"background-color":"","background-image":"","background-repeat":"repeat","background-position":"center center","background-size":"auto","background-attachment":"scroll","background-type":"","background-media":"","overlay-type":"","overlay-color":"","overlay-opacity":"","overlay-gradient":""},"mobile":{"background-color":"","background-image":"","background-repeat":"repeat","background-position":"center center","background-size":"auto","background-attachment":"scroll","background-type":"","background-media":"","overlay-type":"","overlay-color":"","overlay-opacity":"","overlay-gradient":""}},"ast-content-background-meta":{"desktop":{"background-color":"var(--ast-global-color-4)","background-image":"","background-repeat":"repeat","background-position":"center center","background-size":"auto","background-attachment":"scroll","background-type":"","background-media":"","overlay-type":"","overlay-color":"","overlay-opacity":"","overlay-gradient":""},"tablet":{"background-color":"var(--ast-global-color-4)","background-image":"","background-repeat":"repeat","background-position":"center center","background-size":"auto","background-attachment":"scroll","background-type":"","background-media":"","overlay-type":"","overlay-color":"","overlay-opacity":"","overlay-gradient":""},"mobile":{"background-color":"var(--ast-global-color-4)","background-image":"","background-repeat":"repeat","background-position":"center center","background-size":"auto","background-attachment":"scroll","background-type":"","background-media":"","overlay-type":"","overlay-color":"","overlay-opacity":"","overlay-gradient":""}}},"product_brand":[],"product_cat":[908],"product_tag":[547,546,41,514],"class_list":{"0":"post-81732","1":"product","2":"type-product","3":"status-publish","4":"has-post-thumbnail","6":"product_cat-szkice","7":"product_tag-akcesoria-do-masazu","8":"product_tag-drewniana-taca-na-akcesoria","9":"product_tag-joga-twarzy","10":"product_tag-przechowywanie","11":"desktop-align-left","12":"tablet-align-left","13":"mobile-align-left","15":"first","16":"outofstock","17":"sale","18":"taxable","19":"shipping-taxable","20":"purchasable","21":"product-type-simple"},"acf":[],"yoast_head":"<!-- This site is optimized with the Yoast SEO plugin v27.2 - https:\/\/yoast.com\/product\/yoast-seo-wordpress\/ -->\n<title>Drewniana taca na akcesoria do masa\u017cu | JOGA PI\u0118KNA<\/title>\n<meta name=\"description\" content=\"Drewniana taca Joga Pi\u0119kna to co\u015b wi\u0119cej, ni\u017c funkcjonalna dekoracja, kt\u00f3ra pozwoli Ci uporz\u0105dkowa\u0107 wszystkie elementy potrzebne do naturalnych masa\u017cy twarzy. Je\u015bli b\u0119dziesz mia\u0142a je zawsze \u201cpod r\u0119k\u0105\u201d \u0142atwiej po nie si\u0119gn\u0105\u0107. Ponadto, taca pozwoli Ci z \u0142atwo\u015bci\u0105 przenie\u015b\u0107 wszystkie akcesoria do masa\u017cu w dowolne miejsce w domu np. na taras, co poprawi komfort regularnych rytua\u0142\u00f3w.\" \/>\n<meta name=\"robots\" content=\"index, follow, max-snippet:-1, max-image-preview:large, max-video-preview:-1\" \/>\n<link rel=\"canonical\" href=\"https:\/\/jogapiekna.com\/en\/product\/drewniana-taca-na-akcesoria\/\" \/>\n<meta property=\"og:locale\" content=\"en_GB\" \/>\n<meta property=\"og:type\" content=\"article\" \/>\n<meta property=\"og:title\" content=\"Drewniana taca na akcesoria do masa\u017cu | JOGA PI\u0118KNA\" \/>\n<meta property=\"og:description\" content=\"Drewniana taca Joga Pi\u0119kna to co\u015b wi\u0119cej, ni\u017c funkcjonalna dekoracja, kt\u00f3ra pozwoli Ci uporz\u0105dkowa\u0107 wszystkie elementy potrzebne do naturalnych masa\u017cy twarzy. Je\u015bli b\u0119dziesz mia\u0142a je zawsze \u201cpod r\u0119k\u0105\u201d \u0142atwiej po nie si\u0119gn\u0105\u0107. Ponadto, taca pozwoli Ci z \u0142atwo\u015bci\u0105 przenie\u015b\u0107 wszystkie akcesoria do masa\u017cu w dowolne miejsce w domu np. na taras, co poprawi komfort regularnych rytua\u0142\u00f3w.\" \/>\n<meta property=\"og:url\" content=\"https:\/\/jogapiekna.com\/en\/product\/drewniana-taca-na-akcesoria\/\" \/>\n<meta property=\"og:site_name\" content=\"JOGA PI\u0118KNA | Joga Twarzy\" \/>\n<meta property=\"article:publisher\" content=\"https:\/\/www.facebook.com\/JogaPieknaCom\/\" \/>\n<meta property=\"article:modified_time\" content=\"2026-01-26T13:51:50+00:00\" \/>\n<meta property=\"og:image\" content=\"https:\/\/jogapiekna.com\/wp-content\/uploads\/2022\/04\/Drewniana-taca-na-akcesoria-do-masazu-jogapiekna.jpg\" \/>\n\t<meta property=\"og:image:width\" content=\"1000\" \/>\n\t<meta property=\"og:image:height\" content=\"1000\" \/>\n\t<meta property=\"og:image:type\" content=\"image\/jpeg\" \/>\n<meta name=\"twitter:card\" content=\"summary_large_image\" \/>\n<meta name=\"twitter:label1\" content=\"Estimated reading time\" \/>\n\t<meta name=\"twitter:data1\" content=\"2 minutes\" \/>\n<script type=\"application\/ld+json\" class=\"yoast-schema-graph\">{\"@context\":\"https:\/\/schema.org\",\"@graph\":[{\"@type\":\"WebPage\",\"@id\":\"https:\/\/jogapiekna.com\/produkt\/drewniana-taca-na-akcesoria\/\",\"url\":\"https:\/\/jogapiekna.com\/produkt\/drewniana-taca-na-akcesoria\/\",\"name\":\"Drewniana taca na akcesoria do masa\u017cu | JOGA PI\u0118KNA\",\"isPartOf\":{\"@id\":\"https:\/\/jogapiekna.com\/#website\"},\"primaryImageOfPage\":{\"@id\":\"https:\/\/jogapiekna.com\/produkt\/drewniana-taca-na-akcesoria\/#primaryimage\"},\"image\":{\"@id\":\"https:\/\/jogapiekna.com\/produkt\/drewniana-taca-na-akcesoria\/#primaryimage\"},\"thumbnailUrl\":\"https:\/\/jogapiekna.com\/wp-content\/uploads\/2022\/04\/Drewniana-taca-na-akcesoria-do-masazu-jogapiekna.jpg\",\"datePublished\":\"2022-04-27T11:15:31+00:00\",\"dateModified\":\"2026-01-26T13:51:50+00:00\",\"description\":\"Drewniana taca Joga Pi\u0119kna to co\u015b wi\u0119cej, ni\u017c funkcjonalna dekoracja, kt\u00f3ra pozwoli Ci uporz\u0105dkowa\u0107 wszystkie elementy potrzebne do naturalnych masa\u017cy twarzy. Je\u015bli b\u0119dziesz mia\u0142a je zawsze \u201cpod r\u0119k\u0105\u201d \u0142atwiej po nie si\u0119gn\u0105\u0107. Ponadto, taca pozwoli Ci z \u0142atwo\u015bci\u0105 przenie\u015b\u0107 wszystkie akcesoria do masa\u017cu w dowolne miejsce w domu np. na taras, co poprawi komfort regularnych rytua\u0142\u00f3w.\",\"breadcrumb\":{\"@id\":\"https:\/\/jogapiekna.com\/produkt\/drewniana-taca-na-akcesoria\/#breadcrumb\"},\"inLanguage\":\"en-GB\",\"potentialAction\":[{\"@type\":\"ReadAction\",\"target\":[\"https:\/\/jogapiekna.com\/produkt\/drewniana-taca-na-akcesoria\/\"]}]},{\"@type\":\"ImageObject\",\"inLanguage\":\"en-GB\",\"@id\":\"https:\/\/jogapiekna.com\/produkt\/drewniana-taca-na-akcesoria\/#primaryimage\",\"url\":\"https:\/\/jogapiekna.com\/wp-content\/uploads\/2022\/04\/Drewniana-taca-na-akcesoria-do-masazu-jogapiekna.jpg\",\"contentUrl\":\"https:\/\/jogapiekna.com\/wp-content\/uploads\/2022\/04\/Drewniana-taca-na-akcesoria-do-masazu-jogapiekna.jpg\",\"width\":1000,\"height\":1000,\"caption\":\"Drewniana taca na akcesoria do masa\u017cu\"},{\"@type\":\"BreadcrumbList\",\"@id\":\"https:\/\/jogapiekna.com\/produkt\/drewniana-taca-na-akcesoria\/#breadcrumb\",\"itemListElement\":[{\"@type\":\"ListItem\",\"position\":1,\"name\":\"Strona g\u0142\u00f3wna\",\"item\":\"https:\/\/jogapiekna.com\/\"},{\"@type\":\"ListItem\",\"position\":2,\"name\":\"Sklep\",\"item\":\"https:\/\/jogapiekna.com\/sklep\/\"},{\"@type\":\"ListItem\",\"position\":3,\"name\":\"Drewniana taca na akcesoria do masa\u017cu &#8211; II GATUNEK\"}]},{\"@type\":\"WebSite\",\"@id\":\"https:\/\/jogapiekna.com\/#website\",\"url\":\"https:\/\/jogapiekna.com\/\",\"name\":\"Joga Pi\u0119kna Marta Kuci\u0144ska\",\"description\":\"Joga Pi\u0119kna pomaga kobietom zachowa\u0107 urod\u0119, cofn\u0105\u0107 oznaki up\u0142ywaj\u0105cego czasu i zm\u0119czenia, odzyska\u0107 promienny wygl\u0105d, naturalny u\u015bmiech i popraw\u0119 w\u0142asnej samooceny.\",\"publisher\":{\"@id\":\"https:\/\/jogapiekna.com\/#organization\"},\"potentialAction\":[{\"@type\":\"SearchAction\",\"target\":{\"@type\":\"EntryPoint\",\"urlTemplate\":\"https:\/\/jogapiekna.com\/?s={search_term_string}\"},\"query-input\":{\"@type\":\"PropertyValueSpecification\",\"valueRequired\":true,\"valueName\":\"search_term_string\"}}],\"inLanguage\":\"en-GB\"},{\"@type\":\"Organization\",\"@id\":\"https:\/\/jogapiekna.com\/#organization\",\"name\":\"Joga Pi\u0119kna Marta Kuci\u0144ska\",\"url\":\"https:\/\/jogapiekna.com\/\",\"logo\":{\"@type\":\"ImageObject\",\"inLanguage\":\"en-GB\",\"@id\":\"https:\/\/jogapiekna.com\/#\/schema\/logo\/image\/\",\"url\":\"https:\/\/jogapiekna.com\/wp-content\/uploads\/2022\/09\/joga-piekna-logo_Rka.png\",\"contentUrl\":\"https:\/\/jogapiekna.com\/wp-content\/uploads\/2022\/09\/joga-piekna-logo_Rka.png\",\"width\":231,\"height\":124,\"caption\":\"Joga Pi\u0119kna Marta Kuci\u0144ska\"},\"image\":{\"@id\":\"https:\/\/jogapiekna.com\/#\/schema\/logo\/image\/\"},\"sameAs\":[\"https:\/\/www.facebook.com\/JogaPieknaCom\/\",\"https:\/\/www.instagram.com\/jogapieknacom\/\"]}]}<\/script>\n<!-- \/ Yoast SEO plugin. -->","yoast_head_json":{"title":"Drewniana taca na akcesoria do masa\u017cu | JOGA PI\u0118KNA","description":"Drewniana taca Joga Pi\u0119kna to co\u015b wi\u0119cej, ni\u017c funkcjonalna dekoracja, kt\u00f3ra pozwoli Ci uporz\u0105dkowa\u0107 wszystkie elementy potrzebne do naturalnych masa\u017cy twarzy. Je\u015bli b\u0119dziesz mia\u0142a je zawsze \u201cpod r\u0119k\u0105\u201d \u0142atwiej po nie si\u0119gn\u0105\u0107. Ponadto, taca pozwoli Ci z \u0142atwo\u015bci\u0105 przenie\u015b\u0107 wszystkie akcesoria do masa\u017cu w dowolne miejsce w domu np. na taras, co poprawi komfort regularnych rytua\u0142\u00f3w.","robots":{"index":"index","follow":"follow","max-snippet":"max-snippet:-1","max-image-preview":"max-image-preview:large","max-video-preview":"max-video-preview:-1"},"canonical":"https:\/\/jogapiekna.com\/en\/product\/drewniana-taca-na-akcesoria\/","og_locale":"en_GB","og_type":"article","og_title":"Drewniana taca na akcesoria do masa\u017cu | JOGA PI\u0118KNA","og_description":"Drewniana taca Joga Pi\u0119kna to co\u015b wi\u0119cej, ni\u017c funkcjonalna dekoracja, kt\u00f3ra pozwoli Ci uporz\u0105dkowa\u0107 wszystkie elementy potrzebne do naturalnych masa\u017cy twarzy. Je\u015bli b\u0119dziesz mia\u0142a je zawsze \u201cpod r\u0119k\u0105\u201d \u0142atwiej po nie si\u0119gn\u0105\u0107. Ponadto, taca pozwoli Ci z \u0142atwo\u015bci\u0105 przenie\u015b\u0107 wszystkie akcesoria do masa\u017cu w dowolne miejsce w domu np. na taras, co poprawi komfort regularnych rytua\u0142\u00f3w.","og_url":"https:\/\/jogapiekna.com\/en\/product\/drewniana-taca-na-akcesoria\/","og_site_name":"JOGA PI\u0118KNA | Joga Twarzy","article_publisher":"https:\/\/www.facebook.com\/JogaPieknaCom\/","article_modified_time":"2026-01-26T13:51:50+00:00","og_image":[{"width":1000,"height":1000,"url":"https:\/\/jogapiekna.com\/wp-content\/uploads\/2022\/04\/Drewniana-taca-na-akcesoria-do-masazu-jogapiekna.jpg","type":"image\/jpeg"}],"twitter_card":"summary_large_image","twitter_misc":{"Estimated reading time":"2 minutes"},"schema":{"@context":"https:\/\/schema.org","@graph":[{"@type":"WebPage","@id":"https:\/\/jogapiekna.com\/produkt\/drewniana-taca-na-akcesoria\/","url":"https:\/\/jogapiekna.com\/produkt\/drewniana-taca-na-akcesoria\/","name":"Drewniana taca na akcesoria do masa\u017cu | JOGA PI\u0118KNA","isPartOf":{"@id":"https:\/\/jogapiekna.com\/#website"},"primaryImageOfPage":{"@id":"https:\/\/jogapiekna.com\/produkt\/drewniana-taca-na-akcesoria\/#primaryimage"},"image":{"@id":"https:\/\/jogapiekna.com\/produkt\/drewniana-taca-na-akcesoria\/#primaryimage"},"thumbnailUrl":"https:\/\/jogapiekna.com\/wp-content\/uploads\/2022\/04\/Drewniana-taca-na-akcesoria-do-masazu-jogapiekna.jpg","datePublished":"2022-04-27T11:15:31+00:00","dateModified":"2026-01-26T13:51:50+00:00","description":"Drewniana taca Joga Pi\u0119kna to co\u015b wi\u0119cej, ni\u017c funkcjonalna dekoracja, kt\u00f3ra pozwoli Ci uporz\u0105dkowa\u0107 wszystkie elementy potrzebne do naturalnych masa\u017cy twarzy. Je\u015bli b\u0119dziesz mia\u0142a je zawsze \u201cpod r\u0119k\u0105\u201d \u0142atwiej po nie si\u0119gn\u0105\u0107. Ponadto, taca pozwoli Ci z \u0142atwo\u015bci\u0105 przenie\u015b\u0107 wszystkie akcesoria do masa\u017cu w dowolne miejsce w domu np. na taras, co poprawi komfort regularnych rytua\u0142\u00f3w.","breadcrumb":{"@id":"https:\/\/jogapiekna.com\/produkt\/drewniana-taca-na-akcesoria\/#breadcrumb"},"inLanguage":"en-GB","potentialAction":[{"@type":"ReadAction","target":["https:\/\/jogapiekna.com\/produkt\/drewniana-taca-na-akcesoria\/"]}]},{"@type":"ImageObject","inLanguage":"en-GB","@id":"https:\/\/jogapiekna.com\/produkt\/drewniana-taca-na-akcesoria\/#primaryimage","url":"https:\/\/jogapiekna.com\/wp-content\/uploads\/2022\/04\/Drewniana-taca-na-akcesoria-do-masazu-jogapiekna.jpg","contentUrl":"https:\/\/jogapiekna.com\/wp-content\/uploads\/2022\/04\/Drewniana-taca-na-akcesoria-do-masazu-jogapiekna.jpg","width":1000,"height":1000,"caption":"Drewniana taca na akcesoria do masa\u017cu"},{"@type":"BreadcrumbList","@id":"https:\/\/jogapiekna.com\/produkt\/drewniana-taca-na-akcesoria\/#breadcrumb","itemListElement":[{"@type":"ListItem","position":1,"name":"Strona g\u0142\u00f3wna","item":"https:\/\/jogapiekna.com\/"},{"@type":"ListItem","position":2,"name":"Sklep","item":"https:\/\/jogapiekna.com\/sklep\/"},{"@type":"ListItem","position":3,"name":"Drewniana taca na akcesoria do masa\u017cu &#8211; II GATUNEK"}]},{"@type":"WebSite","@id":"https:\/\/jogapiekna.com\/#website","url":"https:\/\/jogapiekna.com\/","name":"Yoga Beauty Marta Kuci\u0144ska","description":"Beauty Yoga helps women to maintain their beauty, reverse the signs of passing time and fatigue, regain a radiant appearance, natural smile and improve their self-esteem.","publisher":{"@id":"https:\/\/jogapiekna.com\/#organization"},"potentialAction":[{"@type":"SearchAction","target":{"@type":"EntryPoint","urlTemplate":"https:\/\/jogapiekna.com\/?s={search_term_string}"},"query-input":{"@type":"PropertyValueSpecification","valueRequired":true,"valueName":"search_term_string"}}],"inLanguage":"en-GB"},{"@type":"Organization","@id":"https:\/\/jogapiekna.com\/#organization","name":"Yoga Beauty Marta Kuci\u0144ska","url":"https:\/\/jogapiekna.com\/","logo":{"@type":"ImageObject","inLanguage":"en-GB","@id":"https:\/\/jogapiekna.com\/#\/schema\/logo\/image\/","url":"https:\/\/jogapiekna.com\/wp-content\/uploads\/2022\/09\/joga-piekna-logo_Rka.png","contentUrl":"https:\/\/jogapiekna.com\/wp-content\/uploads\/2022\/09\/joga-piekna-logo_Rka.png","width":231,"height":124,"caption":"Joga Pi\u0119kna Marta Kuci\u0144ska"},"image":{"@id":"https:\/\/jogapiekna.com\/#\/schema\/logo\/image\/"},"sameAs":["https:\/\/www.facebook.com\/JogaPieknaCom\/","https:\/\/www.instagram.com\/jogapieknacom\/"]}]}},"_links":{"self":[{"href":"https:\/\/jogapiekna.com\/en\/wp-json\/wp\/v2\/product\/81732","targetHints":{"allow":["GET"]}}],"collection":[{"href":"https:\/\/jogapiekna.com\/en\/wp-json\/wp\/v2\/product"}],"about":[{"href":"https:\/\/jogapiekna.com\/en\/wp-json\/wp\/v2\/types\/product"}],"replies":[{"embeddable":true,"href":"https:\/\/jogapiekna.com\/en\/wp-json\/wp\/v2\/comments?post=81732"}],"version-history":[{"count":3,"href":"https:\/\/jogapiekna.com\/en\/wp-json\/wp\/v2\/product\/81732\/revisions"}],"predecessor-version":[{"id":215588,"href":"https:\/\/jogapiekna.com\/en\/wp-json\/wp\/v2\/product\/81732\/revisions\/215588"}],"wp:featuredmedia":[{"embeddable":true,"href":"https:\/\/jogapiekna.com\/en\/wp-json\/wp\/v2\/media\/94307"}],"wp:attachment":[{"href":"https:\/\/jogapiekna.com\/en\/wp-json\/wp\/v2\/media?parent=81732"}],"wp:term":[{"taxonomy":"product_brand","embeddable":true,"href":"https:\/\/jogapiekna.com\/en\/wp-json\/wp\/v2\/product_brand?post=81732"},{"taxonomy":"product_cat","embeddable":true,"href":"https:\/\/jogapiekna.com\/en\/wp-json\/wp\/v2\/product_cat?post=81732"},{"taxonomy":"product_tag","embeddable":true,"href":"https:\/\/jogapiekna.com\/en\/wp-json\/wp\/v2\/product_tag?post=81732"}],"curies":[{"name":"wp","href":"https:\/\/api.w.org\/{rel}","templated":true}]}}