{"id":82277,"date":"2022-05-05T00:23:34","date_gmt":"2022-05-04T22:23:34","guid":{"rendered":"https:\/\/jogapiekna.com\/?post_type=product&#038;p=82277"},"modified":"2026-04-05T07:28:49","modified_gmt":"2026-04-05T05:28:49","slug":"poduszka-antyzmarszczkowa-bye-bye-wrinkles-joga-piekna-z-poszewka-lniana-classic","status":"publish","type":"product","link":"https:\/\/jogapiekna.com\/en\/product\/poduszka-antyzmarszczkowa-bye-bye-wrinkles-joga-piekna-z-poszewka-lniana-classic\/","title":{"rendered":"Classic anti-wrinkle pillow with linen pillowcase * provides thermal comfort"},"content":{"rendered":"<p><strong>Anti-wrinkle Pillow with Linen Pillowcase <em>Bye Bye Wrinkles<\/em> CLASSIC<\/strong><\/p>\n<p>You may have noticed that some lines and wrinkles on your face are more noticeable in the morning-right after you wake up. This is not a random phenomenon. When you sleep on your side or stomach, your face is constantly squeezed by the pillow, which can lead to wrinkles in your sleep.<\/p>\n<p>Every night, these wrinkles gradually deepen. After waking up, the skin even takes a few hours to smooth itself out. Some lines are permanently fixed.<\/p>\n<p>Do you want to keep your skin young and restore it during sleep? Looking for a way to wake up with a fresh, radiant face-no puffiness or puffiness?<\/p>\n<p>This is why I created the Bye Bye Wrinkles Yoga Beauty CLASSIC anti-wrinkle pillow. Its unique shape protects the face from creases and provides excellent support for the cervical spine.<\/p>\n<p><img fetchpriority=\"high\" decoding=\"async\" class=\"img-responsive\" src=\"https:\/\/jogapiekna.com\/wp-content\/uploads\/2021\/04\/poduszka-zwykla-poduszka-bbw-porownanie.jpg\" alt=\"Dlaczego warto wybra\u0107 poduszk\u0119 przeciwzmarszczkow\u0105 Bye Bye Wrinkles?\" width=\"800\" height=\"273\" \/><\/p>\n<p>&nbsp;<\/p>\n<h2>Sleepy wrinkles-where do they appear most often?<\/h2>\n<ul>\n<li>around the eyes<\/li>\n<li>between the eyebrows (known as the Lion&#039;s wrinkle)<\/li>\n<li>on the temples<\/li>\n<li>in the form of a nasolabial sulcus<\/li>\n<li>on the chin, especially if you sleep on your stomach and your chin is pressed into the pillow<\/li>\n<\/ul>\n<p>By taking care of the correct facial position during sleep, you can avoid their heaviness, allowing your skin and muscles to fully recover.<\/p>\n<p>&nbsp;<\/p>\n<h2>Butterfly Shaped pillow<\/h2>\n<p>Pillow <em>Bye Bye Wrinkles<\/em> it has an ergonomic design <strong>butterfly shape<\/strong>, which provides sleep comfort. Due to its optimal size, the face remains in one place, and even if the head is turned to the side, the skin is constantly protected from wrinkles.<\/p>\n<p>&nbsp;<\/p>\n<h2>Why choose an Anti-wrinkle Pillow <em>Bye Bye Wrinkles<\/em>?<\/h2>\n<p><strong>Manufacturing accuracy <\/strong><br \/>\nMore than 17 years of experience in a clothing company have taught me that quality is the most important thing. Already at the design stage, a large number of so-called testing and peeling prototypes were created. Later, it was time to test the pillow before it went on sale. Every detail counts.<\/p>\n<p><strong>Poland production <\/strong><br \/>\nPillows are made in Polish sewing workshops, so we support the domestic business.<\/p>\n<p><strong>National Institute of Public Health PZH Certificate <\/strong><br \/>\nThe pillow has been carefully analyzed in terms of chemical composition, mechanical properties and quality. You are sure that this does not have a negative impact on human health and the environment in any way.<\/p>\n<p><strong>Pillow design is patented<\/strong><br \/>\nThe final look of the pillow was created on the basis of many tests, tests so that it not only protects the face from sleepy wrinkles, but also serves as a support for the cervical region.<\/p>\n<p>&nbsp;<\/p>\n<h2>Classic Anti-wrinkle Pillow-check if this size is right for you<\/h2>\n<p>Pillow <em>Bye Bye Wrinkles<\/em> Classic successfully <strong>it will replace your standard pillow<\/strong> sleep. The large wings have a span of about 45 cm. Of course, you need 2-3 nights to get used to the new head position. However, in a few days, I can assure you that it will be difficult for you to part with it(as many of my clients do).<\/p>\n<p>Do you like to sleep &#034;smoothly&#034;? You can adjust the thickness of the pillow yourself (by adding \/ subtracting the filler) or choose <a href=\"https:\/\/jogapiekna.com\/en\/product\/poduszka-antyzmarszczkowa-mini-bye-bye-wrinkles-joga-piekna-z-poszewka-jedwabna\/\">mini anti-wrinkle pillow<\/a>, which is smaller.<\/p>\n<p>Do you want to know which pillow to choose? Take a look at the tutorial video I&#039;ve prepared: <strong>Anti-wrinkle Pillow ByeBye Wrinkles Classic Natural vs Mini<\/strong><\/p>\n<p>&nbsp;<\/p>\n<h2>Classic Anti-wrinkle Pillow-size<\/h2>\n<p><img decoding=\"async\" class=\"alignnone size-full wp-image-145973\" src=\"https:\/\/jogapiekna.com\/wp-content\/uploads\/2019\/04\/classic_byebye-wrinkles-poduszka_wymiar.jpg\" alt=\"Poduszka przeciwzmarszczkowa Classic \u2014 rozmiar\" width=\"800\" height=\"642\" srcset=\"https:\/\/jogapiekna.com\/wp-content\/uploads\/2019\/04\/classic_byebye-wrinkles-poduszka_wymiar.jpg 800w, https:\/\/jogapiekna.com\/wp-content\/uploads\/2019\/04\/classic_byebye-wrinkles-poduszka_wymiar-300x241.jpg 300w, https:\/\/jogapiekna.com\/wp-content\/uploads\/2019\/04\/classic_byebye-wrinkles-poduszka_wymiar-768x616.jpg 768w, https:\/\/jogapiekna.com\/wp-content\/uploads\/2019\/04\/classic_byebye-wrinkles-poduszka_wymiar-600x482.jpg 600w\" sizes=\"(max-width: 800px) 100vw, 800px\" \/><\/p>\n<p><strong>Width of upper wings:<\/strong> 45 cm<br \/>\n<strong>Width of lower wings:<\/strong> 30 cm<br \/>\n<strong>Height:<\/strong> 28 cm<\/p>\n<ul>\n<li>The size of the pillow is measured flat and can change under the influence of filling.<\/li>\n<li>Exceptional pillow advantage <em>Bye Bye Wrinkles<\/em> Classic <strong>ability to adjust its thickness independently<\/strong>. The pillow closes with a zipper, so you can subtract or add the filler yourself.<\/li>\n<\/ul>\n<p>&nbsp;<\/p>\n<h2>Non-allergic pillow filler<\/h2>\n<p>Pillow <em>Bye Bye Wrinkles<\/em> The classic linen pillowcase is filled with a special blend of polyester fibers. This is one of the best substitutes for natural down, which <strong>does not cause allergies<\/strong>.<\/p>\n<p>Pillow with polyester filling <strong>extremely convenient<\/strong>. It fits perfectly on the head, is durable and has no tendency to twist.<\/p>\n<p><strong>Features of Polyester Fiber Filler:<\/strong><\/p>\n<ul>\n<li>high elasticity<\/li>\n<li>deformation resistance<\/li>\n<li>alternative to natural down<\/li>\n<li>anti-allergic properties<\/li>\n<li>high strength<\/li>\n<li>easy care (pillow is machine washable)<\/li>\n<\/ul>\n<p>&nbsp;<\/p>\n<h2>Linen Pillowcase \u2014 why is it a good choice for you?<\/h2>\n<p>They say that <strong>linen is the only proper fabric we should surround in summer<\/strong>. Thanks to its hygroscopic properties, it miraculously absorbs moisture. Creates an ideal microclimate for the skin. And, despite the appearance-it is easy to care for, very durable and pleasant to the touch. This allows the skin to breathe and gently cools it. It is not electrified.<\/p>\n<p>It also has a positive effect on our health. The linen covering of the pillow suppresses the growth of bacteria and fungi. It has an anti-allergic effect. At the same time, it is, of course, completely natural fiber, which is grown without GMOs and artificial irrigation.<\/p>\n<p>&nbsp;<\/p>\n<h2>Linen pillowcase-care and maintenance<\/h2>\n<ul>\n<li>Pillowcase for sleeping from wrinkles <strong>it is equipped with a zipper closure<\/strong>so that you can easily and quickly remove it. After that, the coating can be washed according to the recipe on the tag.<\/li>\n<li>You can wash the inside of the pillow according to the instructions that we have attached to the product.<\/li>\n<\/ul>\n<p>&nbsp;<\/p>\n<h3>Additional information<\/h3>\n<ul>\n<li>The pillow is a hygienic product and is non-refundable.<\/li>\n<\/ul>","protected":false},"excerpt":{"rendered":"<p>Forget about sleep wrinkles and morning puffiness! In the morning, your skin can look radiant-just take care of the correct face position during sleep. The Bye Bye Wrinkles Yoga Beauty CLASSIC anti-wrinkle pillow with a linen pillowcase that wonderfully absorbs moisture, is hypoallergenic and has natural cooling properties will help you do this.<\/p>\n<ul>\n<li>Prevents the formation of new sleep wrinkles.<\/li>\n<li>Provides a comfortable and comfortable sleep.<\/li>\n<li>It takes care of the correct posture of the spine.<\/li>\n<li>Helps reduce lymphedema.<\/li>\n<li>Perfect for summer, thanks to the linen pillowcase that absorbs moisture and takes care of your thermal comfort.<\/li>\n<\/ul>","protected":false},"featured_media":202132,"comment_status":"closed","ping_status":"closed","template":"","meta":{"_acf_changed":false,"site-sidebar-layout":"default","site-content-layout":"","ast-site-content-layout":"default","site-content-style":"default","site-sidebar-style":"default","ast-global-header-display":"","ast-banner-title-visibility":"","ast-main-header-display":"","ast-hfb-above-header-display":"","ast-hfb-below-header-display":"","ast-hfb-mobile-header-display":"","site-post-title":"","ast-breadcrumbs-content":"","ast-featured-img":"","footer-sml-layout":"","ast-disable-related-posts":"","theme-transparent-header-meta":"default","adv-header-id-meta":"","stick-header-meta":"","header-above-stick-meta":"","header-main-stick-meta":"","header-below-stick-meta":"","astra-migrate-meta-layouts":"set","ast-page-background-enabled":"default","ast-page-background-meta":{"desktop":{"background-color":"var(--ast-global-color-5)","background-image":"","background-repeat":"repeat","background-position":"center center","background-size":"auto","background-attachment":"scroll","background-type":"","background-media":"","overlay-type":"","overlay-color":"","overlay-opacity":"","overlay-gradient":""},"tablet":{"background-color":"","background-image":"","background-repeat":"repeat","background-position":"center center","background-size":"auto","background-attachment":"scroll","background-type":"","background-media":"","overlay-type":"","overlay-color":"","overlay-opacity":"","overlay-gradient":""},"mobile":{"background-color":"","background-image":"","background-repeat":"repeat","background-position":"center center","background-size":"auto","background-attachment":"scroll","background-type":"","background-media":"","overlay-type":"","overlay-color":"","overlay-opacity":"","overlay-gradient":""}},"ast-content-background-meta":{"desktop":{"background-color":"var(--ast-global-color-4)","background-image":"","background-repeat":"repeat","background-position":"center center","background-size":"auto","background-attachment":"scroll","background-type":"","background-media":"","overlay-type":"","overlay-color":"","overlay-opacity":"","overlay-gradient":""},"tablet":{"background-color":"var(--ast-global-color-4)","background-image":"","background-repeat":"repeat","background-position":"center center","background-size":"auto","background-attachment":"scroll","background-type":"","background-media":"","overlay-type":"","overlay-color":"","overlay-opacity":"","overlay-gradient":""},"mobile":{"background-color":"var(--ast-global-color-4)","background-image":"","background-repeat":"repeat","background-position":"center center","background-size":"auto","background-attachment":"scroll","background-type":"","background-media":"","overlay-type":"","overlay-color":"","overlay-opacity":"","overlay-gradient":""}}},"product_brand":[],"product_cat":[216,112],"product_tag":[174,262,256,255,173,264,263],"class_list":{"0":"post-82277","1":"product","2":"type-product","3":"status-publish","4":"has-post-thumbnail","6":"product_cat-classic-poduszki-antyzmarszczkowe","7":"product_cat-poduszki-antyzmarszczkowe","8":"product_tag-byebyewrinkles","9":"product_tag-likwidowanie-zmarszczek","10":"product_tag-pielegnacja-skory","11":"product_tag-pielegnacja-twarzy","12":"product_tag-poduszka-antyzmarszczkowa","13":"product_tag-zapobieganie-zmarszczkom","14":"product_tag-zdrowy-sen","15":"desktop-align-left","16":"tablet-align-left","17":"mobile-align-left","19":"first","20":"instock","21":"taxable","22":"shipping-taxable","23":"purchasable","24":"product-type-variable"},"acf":[],"yoast_head":"<!-- This site is optimized with the Yoast SEO plugin v27.2 - https:\/\/yoast.com\/product\/yoast-seo-wordpress\/ -->\n<title>Poduszka antyzmarszczkowa z lnian\u0105 poszewk\u0105 | Bye Bye Wrinkles<\/title>\n<meta name=\"description\" content=\"Zahamuj powstawanie zmarszczek sennych. Poduszka antyzmarszczkowa z lnian\u0105 poszewk\u0105 to wygodny sen, kt\u00f3ry sprzyja regeneracji sk\u00f3ry. Zam\u00f3w online!\" \/>\n<meta name=\"robots\" content=\"index, follow, max-snippet:-1, max-image-preview:large, max-video-preview:-1\" \/>\n<link rel=\"canonical\" href=\"https:\/\/jogapiekna.com\/en\/product\/poduszka-antyzmarszczkowa-bye-bye-wrinkles-joga-piekna-z-poszewka-lniana-classic\/\" \/>\n<meta property=\"og:locale\" content=\"en_GB\" \/>\n<meta property=\"og:type\" content=\"article\" \/>\n<meta property=\"og:title\" content=\"Poduszka antyzmarszczkowa z lnian\u0105 poszewk\u0105 | Bye Bye Wrinkles\" \/>\n<meta property=\"og:description\" content=\"Zahamuj powstawanie zmarszczek sennych. Poduszka antyzmarszczkowa z lnian\u0105 poszewk\u0105 to wygodny sen, kt\u00f3ry sprzyja regeneracji sk\u00f3ry. Zam\u00f3w online!\" \/>\n<meta property=\"og:url\" content=\"https:\/\/jogapiekna.com\/en\/product\/poduszka-antyzmarszczkowa-bye-bye-wrinkles-joga-piekna-z-poszewka-lniana-classic\/\" \/>\n<meta property=\"og:site_name\" content=\"JOGA PI\u0118KNA | Joga Twarzy\" \/>\n<meta property=\"article:publisher\" content=\"https:\/\/www.facebook.com\/JogaPieknaCom\/\" \/>\n<meta property=\"article:modified_time\" content=\"2026-04-05T05:28:49+00:00\" \/>\n<meta property=\"og:image\" content=\"https:\/\/jogapiekna.com\/wp-content\/uploads\/2022\/05\/Poduszka-antyzmarszczkowa-CLASSIC-wypelnienie-kulki-len-kolory_2025.jpg\" \/>\n\t<meta property=\"og:image:width\" content=\"1000\" \/>\n\t<meta property=\"og:image:height\" content=\"1000\" \/>\n\t<meta property=\"og:image:type\" content=\"image\/jpeg\" \/>\n<meta name=\"twitter:card\" content=\"summary_large_image\" \/>\n<meta name=\"twitter:label1\" content=\"Estimated reading time\" \/>\n\t<meta name=\"twitter:data1\" content=\"5 minutes\" \/>\n<script type=\"application\/ld+json\" class=\"yoast-schema-graph\">{\"@context\":\"https:\/\/schema.org\",\"@graph\":[{\"@type\":\"WebPage\",\"@id\":\"https:\/\/jogapiekna.com\/produkt\/poduszka-antyzmarszczkowa-bye-bye-wrinkles-joga-piekna-z-poszewka-lniana-classic\/\",\"url\":\"https:\/\/jogapiekna.com\/produkt\/poduszka-antyzmarszczkowa-bye-bye-wrinkles-joga-piekna-z-poszewka-lniana-classic\/\",\"name\":\"Poduszka antyzmarszczkowa z lnian\u0105 poszewk\u0105 | Bye Bye Wrinkles\",\"isPartOf\":{\"@id\":\"https:\/\/jogapiekna.com\/#website\"},\"primaryImageOfPage\":{\"@id\":\"https:\/\/jogapiekna.com\/produkt\/poduszka-antyzmarszczkowa-bye-bye-wrinkles-joga-piekna-z-poszewka-lniana-classic\/#primaryimage\"},\"image\":{\"@id\":\"https:\/\/jogapiekna.com\/produkt\/poduszka-antyzmarszczkowa-bye-bye-wrinkles-joga-piekna-z-poszewka-lniana-classic\/#primaryimage\"},\"thumbnailUrl\":\"https:\/\/jogapiekna.com\/wp-content\/uploads\/2022\/05\/Poduszka-antyzmarszczkowa-CLASSIC-wypelnienie-kulki-len-kolory_2025.jpg\",\"datePublished\":\"2022-05-04T22:23:34+00:00\",\"dateModified\":\"2026-04-05T05:28:49+00:00\",\"description\":\"Zahamuj powstawanie zmarszczek sennych. Poduszka antyzmarszczkowa z lnian\u0105 poszewk\u0105 to wygodny sen, kt\u00f3ry sprzyja regeneracji sk\u00f3ry. Zam\u00f3w online!\",\"breadcrumb\":{\"@id\":\"https:\/\/jogapiekna.com\/produkt\/poduszka-antyzmarszczkowa-bye-bye-wrinkles-joga-piekna-z-poszewka-lniana-classic\/#breadcrumb\"},\"inLanguage\":\"en-GB\",\"potentialAction\":[{\"@type\":\"ReadAction\",\"target\":[\"https:\/\/jogapiekna.com\/produkt\/poduszka-antyzmarszczkowa-bye-bye-wrinkles-joga-piekna-z-poszewka-lniana-classic\/\"]}]},{\"@type\":\"ImageObject\",\"inLanguage\":\"en-GB\",\"@id\":\"https:\/\/jogapiekna.com\/produkt\/poduszka-antyzmarszczkowa-bye-bye-wrinkles-joga-piekna-z-poszewka-lniana-classic\/#primaryimage\",\"url\":\"https:\/\/jogapiekna.com\/wp-content\/uploads\/2022\/05\/Poduszka-antyzmarszczkowa-CLASSIC-wypelnienie-kulki-len-kolory_2025.jpg\",\"contentUrl\":\"https:\/\/jogapiekna.com\/wp-content\/uploads\/2022\/05\/Poduszka-antyzmarszczkowa-CLASSIC-wypelnienie-kulki-len-kolory_2025.jpg\",\"width\":1000,\"height\":1000,\"caption\":\"CLASSIC Poduszka antyzmarszczkowa\"},{\"@type\":\"BreadcrumbList\",\"@id\":\"https:\/\/jogapiekna.com\/produkt\/poduszka-antyzmarszczkowa-bye-bye-wrinkles-joga-piekna-z-poszewka-lniana-classic\/#breadcrumb\",\"itemListElement\":[{\"@type\":\"ListItem\",\"position\":1,\"name\":\"Strona g\u0142\u00f3wna\",\"item\":\"https:\/\/jogapiekna.com\/\"},{\"@type\":\"ListItem\",\"position\":2,\"name\":\"Sklep\",\"item\":\"https:\/\/jogapiekna.com\/sklep\/\"},{\"@type\":\"ListItem\",\"position\":3,\"name\":\"Poduszka antyzmarszczkowa CLASSIC z lnian\u0105 poszewk\u0105 \u2022 dba o komfort termiczny\"}]},{\"@type\":\"WebSite\",\"@id\":\"https:\/\/jogapiekna.com\/#website\",\"url\":\"https:\/\/jogapiekna.com\/\",\"name\":\"Joga Pi\u0119kna Marta Kuci\u0144ska\",\"description\":\"Joga Pi\u0119kna pomaga kobietom zachowa\u0107 urod\u0119, cofn\u0105\u0107 oznaki up\u0142ywaj\u0105cego czasu i zm\u0119czenia, odzyska\u0107 promienny wygl\u0105d, naturalny u\u015bmiech i popraw\u0119 w\u0142asnej samooceny.\",\"publisher\":{\"@id\":\"https:\/\/jogapiekna.com\/#organization\"},\"potentialAction\":[{\"@type\":\"SearchAction\",\"target\":{\"@type\":\"EntryPoint\",\"urlTemplate\":\"https:\/\/jogapiekna.com\/?s={search_term_string}\"},\"query-input\":{\"@type\":\"PropertyValueSpecification\",\"valueRequired\":true,\"valueName\":\"search_term_string\"}}],\"inLanguage\":\"en-GB\"},{\"@type\":\"Organization\",\"@id\":\"https:\/\/jogapiekna.com\/#organization\",\"name\":\"Joga Pi\u0119kna Marta Kuci\u0144ska\",\"url\":\"https:\/\/jogapiekna.com\/\",\"logo\":{\"@type\":\"ImageObject\",\"inLanguage\":\"en-GB\",\"@id\":\"https:\/\/jogapiekna.com\/#\/schema\/logo\/image\/\",\"url\":\"https:\/\/jogapiekna.com\/wp-content\/uploads\/2022\/09\/joga-piekna-logo_Rka.png\",\"contentUrl\":\"https:\/\/jogapiekna.com\/wp-content\/uploads\/2022\/09\/joga-piekna-logo_Rka.png\",\"width\":231,\"height\":124,\"caption\":\"Joga Pi\u0119kna Marta Kuci\u0144ska\"},\"image\":{\"@id\":\"https:\/\/jogapiekna.com\/#\/schema\/logo\/image\/\"},\"sameAs\":[\"https:\/\/www.facebook.com\/JogaPieknaCom\/\",\"https:\/\/www.instagram.com\/jogapieknacom\/\"]}]}<\/script>\n<!-- \/ Yoast SEO plugin. -->","yoast_head_json":{"title":"Poduszka antyzmarszczkowa z lnian\u0105 poszewk\u0105 | Bye Bye Wrinkles","description":"Zahamuj powstawanie zmarszczek sennych. Poduszka antyzmarszczkowa z lnian\u0105 poszewk\u0105 to wygodny sen, kt\u00f3ry sprzyja regeneracji sk\u00f3ry. Zam\u00f3w online!","robots":{"index":"index","follow":"follow","max-snippet":"max-snippet:-1","max-image-preview":"max-image-preview:large","max-video-preview":"max-video-preview:-1"},"canonical":"https:\/\/jogapiekna.com\/en\/product\/poduszka-antyzmarszczkowa-bye-bye-wrinkles-joga-piekna-z-poszewka-lniana-classic\/","og_locale":"en_GB","og_type":"article","og_title":"Poduszka antyzmarszczkowa z lnian\u0105 poszewk\u0105 | Bye Bye Wrinkles","og_description":"Zahamuj powstawanie zmarszczek sennych. Poduszka antyzmarszczkowa z lnian\u0105 poszewk\u0105 to wygodny sen, kt\u00f3ry sprzyja regeneracji sk\u00f3ry. Zam\u00f3w online!","og_url":"https:\/\/jogapiekna.com\/en\/product\/poduszka-antyzmarszczkowa-bye-bye-wrinkles-joga-piekna-z-poszewka-lniana-classic\/","og_site_name":"JOGA PI\u0118KNA | Joga Twarzy","article_publisher":"https:\/\/www.facebook.com\/JogaPieknaCom\/","article_modified_time":"2026-04-05T05:28:49+00:00","og_image":[{"width":1000,"height":1000,"url":"https:\/\/jogapiekna.com\/wp-content\/uploads\/2022\/05\/Poduszka-antyzmarszczkowa-CLASSIC-wypelnienie-kulki-len-kolory_2025.jpg","type":"image\/jpeg"}],"twitter_card":"summary_large_image","twitter_misc":{"Estimated reading time":"5 minutes"},"schema":{"@context":"https:\/\/schema.org","@graph":[{"@type":"WebPage","@id":"https:\/\/jogapiekna.com\/produkt\/poduszka-antyzmarszczkowa-bye-bye-wrinkles-joga-piekna-z-poszewka-lniana-classic\/","url":"https:\/\/jogapiekna.com\/produkt\/poduszka-antyzmarszczkowa-bye-bye-wrinkles-joga-piekna-z-poszewka-lniana-classic\/","name":"Poduszka antyzmarszczkowa z lnian\u0105 poszewk\u0105 | Bye Bye Wrinkles","isPartOf":{"@id":"https:\/\/jogapiekna.com\/#website"},"primaryImageOfPage":{"@id":"https:\/\/jogapiekna.com\/produkt\/poduszka-antyzmarszczkowa-bye-bye-wrinkles-joga-piekna-z-poszewka-lniana-classic\/#primaryimage"},"image":{"@id":"https:\/\/jogapiekna.com\/produkt\/poduszka-antyzmarszczkowa-bye-bye-wrinkles-joga-piekna-z-poszewka-lniana-classic\/#primaryimage"},"thumbnailUrl":"https:\/\/jogapiekna.com\/wp-content\/uploads\/2022\/05\/Poduszka-antyzmarszczkowa-CLASSIC-wypelnienie-kulki-len-kolory_2025.jpg","datePublished":"2022-05-04T22:23:34+00:00","dateModified":"2026-04-05T05:28:49+00:00","description":"Zahamuj powstawanie zmarszczek sennych. Poduszka antyzmarszczkowa z lnian\u0105 poszewk\u0105 to wygodny sen, kt\u00f3ry sprzyja regeneracji sk\u00f3ry. Zam\u00f3w online!","breadcrumb":{"@id":"https:\/\/jogapiekna.com\/produkt\/poduszka-antyzmarszczkowa-bye-bye-wrinkles-joga-piekna-z-poszewka-lniana-classic\/#breadcrumb"},"inLanguage":"en-GB","potentialAction":[{"@type":"ReadAction","target":["https:\/\/jogapiekna.com\/produkt\/poduszka-antyzmarszczkowa-bye-bye-wrinkles-joga-piekna-z-poszewka-lniana-classic\/"]}]},{"@type":"ImageObject","inLanguage":"en-GB","@id":"https:\/\/jogapiekna.com\/produkt\/poduszka-antyzmarszczkowa-bye-bye-wrinkles-joga-piekna-z-poszewka-lniana-classic\/#primaryimage","url":"https:\/\/jogapiekna.com\/wp-content\/uploads\/2022\/05\/Poduszka-antyzmarszczkowa-CLASSIC-wypelnienie-kulki-len-kolory_2025.jpg","contentUrl":"https:\/\/jogapiekna.com\/wp-content\/uploads\/2022\/05\/Poduszka-antyzmarszczkowa-CLASSIC-wypelnienie-kulki-len-kolory_2025.jpg","width":1000,"height":1000,"caption":"CLASSIC Poduszka antyzmarszczkowa"},{"@type":"BreadcrumbList","@id":"https:\/\/jogapiekna.com\/produkt\/poduszka-antyzmarszczkowa-bye-bye-wrinkles-joga-piekna-z-poszewka-lniana-classic\/#breadcrumb","itemListElement":[{"@type":"ListItem","position":1,"name":"Strona g\u0142\u00f3wna","item":"https:\/\/jogapiekna.com\/"},{"@type":"ListItem","position":2,"name":"Sklep","item":"https:\/\/jogapiekna.com\/sklep\/"},{"@type":"ListItem","position":3,"name":"Poduszka antyzmarszczkowa CLASSIC z lnian\u0105 poszewk\u0105 \u2022 dba o komfort termiczny"}]},{"@type":"WebSite","@id":"https:\/\/jogapiekna.com\/#website","url":"https:\/\/jogapiekna.com\/","name":"Yoga Beauty Marta Kuci\u0144ska","description":"Beauty Yoga helps women to maintain their beauty, reverse the signs of passing time and fatigue, regain a radiant appearance, natural smile and improve their self-esteem.","publisher":{"@id":"https:\/\/jogapiekna.com\/#organization"},"potentialAction":[{"@type":"SearchAction","target":{"@type":"EntryPoint","urlTemplate":"https:\/\/jogapiekna.com\/?s={search_term_string}"},"query-input":{"@type":"PropertyValueSpecification","valueRequired":true,"valueName":"search_term_string"}}],"inLanguage":"en-GB"},{"@type":"Organization","@id":"https:\/\/jogapiekna.com\/#organization","name":"Yoga Beauty Marta Kuci\u0144ska","url":"https:\/\/jogapiekna.com\/","logo":{"@type":"ImageObject","inLanguage":"en-GB","@id":"https:\/\/jogapiekna.com\/#\/schema\/logo\/image\/","url":"https:\/\/jogapiekna.com\/wp-content\/uploads\/2022\/09\/joga-piekna-logo_Rka.png","contentUrl":"https:\/\/jogapiekna.com\/wp-content\/uploads\/2022\/09\/joga-piekna-logo_Rka.png","width":231,"height":124,"caption":"Joga Pi\u0119kna Marta Kuci\u0144ska"},"image":{"@id":"https:\/\/jogapiekna.com\/#\/schema\/logo\/image\/"},"sameAs":["https:\/\/www.facebook.com\/JogaPieknaCom\/","https:\/\/www.instagram.com\/jogapieknacom\/"]}]}},"_links":{"self":[{"href":"https:\/\/jogapiekna.com\/en\/wp-json\/wp\/v2\/product\/82277","targetHints":{"allow":["GET"]}}],"collection":[{"href":"https:\/\/jogapiekna.com\/en\/wp-json\/wp\/v2\/product"}],"about":[{"href":"https:\/\/jogapiekna.com\/en\/wp-json\/wp\/v2\/types\/product"}],"replies":[{"embeddable":true,"href":"https:\/\/jogapiekna.com\/en\/wp-json\/wp\/v2\/comments?post=82277"}],"version-history":[{"count":4,"href":"https:\/\/jogapiekna.com\/en\/wp-json\/wp\/v2\/product\/82277\/revisions"}],"predecessor-version":[{"id":165074,"href":"https:\/\/jogapiekna.com\/en\/wp-json\/wp\/v2\/product\/82277\/revisions\/165074"}],"wp:featuredmedia":[{"embeddable":true,"href":"https:\/\/jogapiekna.com\/en\/wp-json\/wp\/v2\/media\/202132"}],"wp:attachment":[{"href":"https:\/\/jogapiekna.com\/en\/wp-json\/wp\/v2\/media?parent=82277"}],"wp:term":[{"taxonomy":"product_brand","embeddable":true,"href":"https:\/\/jogapiekna.com\/en\/wp-json\/wp\/v2\/product_brand?post=82277"},{"taxonomy":"product_cat","embeddable":true,"href":"https:\/\/jogapiekna.com\/en\/wp-json\/wp\/v2\/product_cat?post=82277"},{"taxonomy":"product_tag","embeddable":true,"href":"https:\/\/jogapiekna.com\/en\/wp-json\/wp\/v2\/product_tag?post=82277"}],"curies":[{"name":"wp","href":"https:\/\/api.w.org\/{rel}","templated":true}]}}