{"id":82879,"date":"2022-05-11T17:32:07","date_gmt":"2022-05-11T15:32:07","guid":{"rendered":"https:\/\/jogapiekna.com\/?post_type=product&#038;p=82879"},"modified":"2026-04-01T09:13:16","modified_gmt":"2026-04-01T07:13:16","slug":"jedwabna-gumka-do-wlosow-joga-piekna-normal","status":"publish","type":"product","link":"https:\/\/jogapiekna.com\/en\/product\/jedwabna-gumka-do-wlosow-joga-piekna-normal\/","title":{"rendered":"100% silk elastic hair band * normal"},"content":{"rendered":"<p>Hair and skin love silk! This is one of the most noble natural fabrics. Silk hair bands, called elastic bands, are not only glamorous, but also extremely gentle \u2014 they will help maintain the condition of hair that is frizzy, electrified, or tends to get shredded.<\/p>\n<p>Yoga Beauty hair bands are made from 100% natural mulberry silk. They are available in two sizes: normal and mini, as well as in four colors: beige, pink, graphite and black.<\/p>\n<p>Do you have coarse hair that likes to curl in all directions? Can&#039;t handle their frizzy hair on rainy days? Or do you like to sleep with your hair tied up and look for a solution that doesn&#039;t hurt it?<\/p>\n<p><strong>Elastic bands for hair yoga beauty<\/strong> they are made from 100% mulberry silk. This is completely <strong>natural fabric<\/strong>obtained from a silkworm cocoon. The threads are extremely strong on the one hand, and velvety-soft to the touch on the other. This is the perfect combination that allows you to stretch the elastic band at will. If you properly care for the product, you can successfully use it for several, or even several months. Silk elastic bands are very durable and have a number of positive properties that support daily hair care.<\/p>\n<p>&nbsp;<\/p>\n<h2>Silk hair bands-why use them?<\/h2>\n<ul>\n<li>They don&#039;t pluck or break your hair.<\/li>\n<li>They eliminate the problem of curling and electrifying.<\/li>\n<li>They are suitable if you grow out your hair.<\/li>\n<li>They do not cause chipping on the hair.<\/li>\n<li>They are 100% natural.<\/li>\n<li>They don&#039;t damage your hair, and you can also use them at night.<\/li>\n<li>They are aesthetically pleasing, resistant to stretching and damage.<\/li>\n<li>They do not deform.<\/li>\n<li>They hold your hair well, you don&#039;t need to adjust your hair from time to time.<\/li>\n<\/ul>\n<p>&nbsp;<\/p>\n<h2>Characteristics of silk elastic bands yoga beauty<\/h2>\n<ul>\n<li>The elastic bands are made of 100% natural mulberry silk.<\/li>\n<li>They come in two sizes: natural and mini.<\/li>\n<li>The natural size elastic band has a diameter of approx. 7 cm, width 4 cm.<\/li>\n<li>The material is certified by OEKO-TEX.<\/li>\n<li>They are made by hand, with attention to the smallest details.<\/li>\n<li>For their coloring, natural dyes are used.<\/li>\n<\/ul>\n<p>&nbsp;<\/p>\n<h2>How to care for silk hair bands?<\/h2>\n<p><strong>Silk elastic bands for hair<\/strong> it is best to wash by hand in warm water, using mild detergents. Silk fabrics should never be soaked for too long, nor should they be wrung out and rubbed during washing.<\/p>\n<p>For natural silk fabrics <strong>emollient fluids should not be used<\/strong>because they cause tarnishing of the fabric. After washing, it is best to blot the elastic band with a towel. This ensures that the fabric does not stretch. Silk should not be exposed to sunlight during drying.<\/p>","protected":false},"excerpt":{"rendered":"<p>Hair and skin love silk! This is one of the most noble natural fabrics. <strong>Silk elastic bands for hair<\/strong>, called <em>scrunchies<\/em>they are not only effective, but also extremely gentle \u2014 they will help to take care of the condition of hair that is frizzy, electrified or tends to grind.<\/p>\n<p>Yoga Beauty hair bands are made from 100% natural, extremely noble silk.<\/p>\n<p><strong>diameter:<\/strong> Good. 7 cm<br \/>\n<strong>width:<\/strong> Good. 4 cm<\/p>","protected":false},"featured_media":94322,"comment_status":"closed","ping_status":"closed","template":"","meta":{"_acf_changed":false,"site-sidebar-layout":"default","site-content-layout":"","ast-site-content-layout":"default","site-content-style":"default","site-sidebar-style":"default","ast-global-header-display":"","ast-banner-title-visibility":"","ast-main-header-display":"","ast-hfb-above-header-display":"","ast-hfb-below-header-display":"","ast-hfb-mobile-header-display":"","site-post-title":"","ast-breadcrumbs-content":"","ast-featured-img":"","footer-sml-layout":"","ast-disable-related-posts":"","theme-transparent-header-meta":"","adv-header-id-meta":"","stick-header-meta":"","header-above-stick-meta":"","header-main-stick-meta":"","header-below-stick-meta":"","astra-migrate-meta-layouts":"default","ast-page-background-enabled":"default","ast-page-background-meta":{"desktop":{"background-color":"var(--ast-global-color-5)","background-image":"","background-repeat":"repeat","background-position":"center center","background-size":"auto","background-attachment":"scroll","background-type":"","background-media":"","overlay-type":"","overlay-color":"","overlay-opacity":"","overlay-gradient":""},"tablet":{"background-color":"","background-image":"","background-repeat":"repeat","background-position":"center center","background-size":"auto","background-attachment":"scroll","background-type":"","background-media":"","overlay-type":"","overlay-color":"","overlay-opacity":"","overlay-gradient":""},"mobile":{"background-color":"","background-image":"","background-repeat":"repeat","background-position":"center center","background-size":"auto","background-attachment":"scroll","background-type":"","background-media":"","overlay-type":"","overlay-color":"","overlay-opacity":"","overlay-gradient":""}},"ast-content-background-meta":{"desktop":{"background-color":"var(--ast-global-color-4)","background-image":"","background-repeat":"repeat","background-position":"center center","background-size":"auto","background-attachment":"scroll","background-type":"","background-media":"","overlay-type":"","overlay-color":"","overlay-opacity":"","overlay-gradient":""},"tablet":{"background-color":"var(--ast-global-color-4)","background-image":"","background-repeat":"repeat","background-position":"center center","background-size":"auto","background-attachment":"scroll","background-type":"","background-media":"","overlay-type":"","overlay-color":"","overlay-opacity":"","overlay-gradient":""},"mobile":{"background-color":"var(--ast-global-color-4)","background-image":"","background-repeat":"repeat","background-position":"center center","background-size":"auto","background-attachment":"scroll","background-type":"","background-media":"","overlay-type":"","overlay-color":"","overlay-opacity":"","overlay-gradient":""}}},"product_brand":[],"product_cat":[21,618,610],"product_tag":[250,553,554,41,337],"class_list":{"0":"post-82879","1":"product","2":"type-product","3":"status-publish","4":"has-post-thumbnail","6":"product_cat-akcesoria","7":"product_cat-inne","8":"product_cat-masaz-twarzy-i-szyi","9":"product_tag-akcesoria","10":"product_tag-gumka","11":"product_tag-jedwab","12":"product_tag-joga-twarzy","13":"product_tag-pielegnacja-wlosow","14":"desktop-align-left","15":"tablet-align-left","16":"mobile-align-left","18":"first","19":"instock","20":"taxable","21":"shipping-taxable","22":"purchasable","23":"product-type-variable"},"acf":[],"yoast_head":"<!-- This site is optimized with the Yoast SEO plugin v27.2 - https:\/\/yoast.com\/product\/yoast-seo-wordpress\/ -->\n<title>Jedwabna gumka do w\u0142os\u00f3w Joga Pi\u0119kna | normal<\/title>\n<meta name=\"description\" content=\"Jedwabne gumki do w\u0142os\u00f3w, nazywane scrunchies, s\u0105 nie tylko efektowne, ale i niezwykle delikatne \u2014 pomog\u0105 zadba\u0107 o kondycj\u0119 w\u0142os\u00f3w, kt\u00f3re si\u0119 pusz\u0105, elektryzuj\u0105 lub maj\u0105 tendencje do kruszenia.\" \/>\n<meta name=\"robots\" content=\"index, follow, max-snippet:-1, max-image-preview:large, max-video-preview:-1\" \/>\n<link rel=\"canonical\" href=\"https:\/\/jogapiekna.com\/en\/product\/jedwabna-gumka-do-wlosow-joga-piekna-normal\/\" \/>\n<meta property=\"og:locale\" content=\"en_GB\" \/>\n<meta property=\"og:type\" content=\"article\" \/>\n<meta property=\"og:title\" content=\"Jedwabna gumka do w\u0142os\u00f3w Joga Pi\u0119kna | normal\" \/>\n<meta property=\"og:description\" content=\"Jedwabne gumki do w\u0142os\u00f3w, nazywane scrunchies, s\u0105 nie tylko efektowne, ale i niezwykle delikatne \u2014 pomog\u0105 zadba\u0107 o kondycj\u0119 w\u0142os\u00f3w, kt\u00f3re si\u0119 pusz\u0105, elektryzuj\u0105 lub maj\u0105 tendencje do kruszenia.\" \/>\n<meta property=\"og:url\" content=\"https:\/\/jogapiekna.com\/en\/product\/jedwabna-gumka-do-wlosow-joga-piekna-normal\/\" \/>\n<meta property=\"og:site_name\" content=\"JOGA PI\u0118KNA | Joga Twarzy\" \/>\n<meta property=\"article:publisher\" content=\"https:\/\/www.facebook.com\/JogaPieknaCom\/\" \/>\n<meta property=\"article:modified_time\" content=\"2026-04-01T07:13:16+00:00\" \/>\n<meta property=\"og:image\" content=\"https:\/\/jogapiekna.com\/wp-content\/uploads\/2022\/05\/Jedwabna-gumka-100-do-wlosow-normal_joga-piekna.jpg\" \/>\n\t<meta property=\"og:image:width\" content=\"1000\" \/>\n\t<meta property=\"og:image:height\" content=\"1000\" \/>\n\t<meta property=\"og:image:type\" content=\"image\/jpeg\" \/>\n<meta name=\"twitter:card\" content=\"summary_large_image\" \/>\n<meta name=\"twitter:label1\" content=\"Estimated reading time\" \/>\n\t<meta name=\"twitter:data1\" content=\"3 minutes\" \/>\n<script type=\"application\/ld+json\" class=\"yoast-schema-graph\">{\"@context\":\"https:\/\/schema.org\",\"@graph\":[{\"@type\":\"WebPage\",\"@id\":\"https:\/\/jogapiekna.com\/produkt\/jedwabna-gumka-do-wlosow-joga-piekna-normal\/\",\"url\":\"https:\/\/jogapiekna.com\/produkt\/jedwabna-gumka-do-wlosow-joga-piekna-normal\/\",\"name\":\"Jedwabna gumka do w\u0142os\u00f3w Joga Pi\u0119kna | normal\",\"isPartOf\":{\"@id\":\"https:\/\/jogapiekna.com\/#website\"},\"primaryImageOfPage\":{\"@id\":\"https:\/\/jogapiekna.com\/produkt\/jedwabna-gumka-do-wlosow-joga-piekna-normal\/#primaryimage\"},\"image\":{\"@id\":\"https:\/\/jogapiekna.com\/produkt\/jedwabna-gumka-do-wlosow-joga-piekna-normal\/#primaryimage\"},\"thumbnailUrl\":\"https:\/\/jogapiekna.com\/wp-content\/uploads\/2022\/05\/Jedwabna-gumka-100-do-wlosow-normal_joga-piekna.jpg\",\"datePublished\":\"2022-05-11T15:32:07+00:00\",\"dateModified\":\"2026-04-01T07:13:16+00:00\",\"description\":\"Jedwabne gumki do w\u0142os\u00f3w, nazywane scrunchies, s\u0105 nie tylko efektowne, ale i niezwykle delikatne \u2014 pomog\u0105 zadba\u0107 o kondycj\u0119 w\u0142os\u00f3w, kt\u00f3re si\u0119 pusz\u0105, elektryzuj\u0105 lub maj\u0105 tendencje do kruszenia.\",\"breadcrumb\":{\"@id\":\"https:\/\/jogapiekna.com\/produkt\/jedwabna-gumka-do-wlosow-joga-piekna-normal\/#breadcrumb\"},\"inLanguage\":\"en-GB\",\"potentialAction\":[{\"@type\":\"ReadAction\",\"target\":[\"https:\/\/jogapiekna.com\/produkt\/jedwabna-gumka-do-wlosow-joga-piekna-normal\/\"]}]},{\"@type\":\"ImageObject\",\"inLanguage\":\"en-GB\",\"@id\":\"https:\/\/jogapiekna.com\/produkt\/jedwabna-gumka-do-wlosow-joga-piekna-normal\/#primaryimage\",\"url\":\"https:\/\/jogapiekna.com\/wp-content\/uploads\/2022\/05\/Jedwabna-gumka-100-do-wlosow-normal_joga-piekna.jpg\",\"contentUrl\":\"https:\/\/jogapiekna.com\/wp-content\/uploads\/2022\/05\/Jedwabna-gumka-100-do-wlosow-normal_joga-piekna.jpg\",\"width\":1000,\"height\":1000,\"caption\":\"Jedwabna gumka 100% do w\u0142os\u00f3w | normal\"},{\"@type\":\"BreadcrumbList\",\"@id\":\"https:\/\/jogapiekna.com\/produkt\/jedwabna-gumka-do-wlosow-joga-piekna-normal\/#breadcrumb\",\"itemListElement\":[{\"@type\":\"ListItem\",\"position\":1,\"name\":\"Strona g\u0142\u00f3wna\",\"item\":\"https:\/\/jogapiekna.com\/\"},{\"@type\":\"ListItem\",\"position\":2,\"name\":\"Sklep\",\"item\":\"https:\/\/jogapiekna.com\/sklep\/\"},{\"@type\":\"ListItem\",\"position\":3,\"name\":\"Jedwabna gumka 100% do w\u0142os\u00f3w \u2022 normal\"}]},{\"@type\":\"WebSite\",\"@id\":\"https:\/\/jogapiekna.com\/#website\",\"url\":\"https:\/\/jogapiekna.com\/\",\"name\":\"Joga Pi\u0119kna Marta Kuci\u0144ska\",\"description\":\"Joga Pi\u0119kna pomaga kobietom zachowa\u0107 urod\u0119, cofn\u0105\u0107 oznaki up\u0142ywaj\u0105cego czasu i zm\u0119czenia, odzyska\u0107 promienny wygl\u0105d, naturalny u\u015bmiech i popraw\u0119 w\u0142asnej samooceny.\",\"publisher\":{\"@id\":\"https:\/\/jogapiekna.com\/#organization\"},\"potentialAction\":[{\"@type\":\"SearchAction\",\"target\":{\"@type\":\"EntryPoint\",\"urlTemplate\":\"https:\/\/jogapiekna.com\/?s={search_term_string}\"},\"query-input\":{\"@type\":\"PropertyValueSpecification\",\"valueRequired\":true,\"valueName\":\"search_term_string\"}}],\"inLanguage\":\"en-GB\"},{\"@type\":\"Organization\",\"@id\":\"https:\/\/jogapiekna.com\/#organization\",\"name\":\"Joga Pi\u0119kna Marta Kuci\u0144ska\",\"url\":\"https:\/\/jogapiekna.com\/\",\"logo\":{\"@type\":\"ImageObject\",\"inLanguage\":\"en-GB\",\"@id\":\"https:\/\/jogapiekna.com\/#\/schema\/logo\/image\/\",\"url\":\"https:\/\/jogapiekna.com\/wp-content\/uploads\/2022\/09\/joga-piekna-logo_Rka.png\",\"contentUrl\":\"https:\/\/jogapiekna.com\/wp-content\/uploads\/2022\/09\/joga-piekna-logo_Rka.png\",\"width\":231,\"height\":124,\"caption\":\"Joga Pi\u0119kna Marta Kuci\u0144ska\"},\"image\":{\"@id\":\"https:\/\/jogapiekna.com\/#\/schema\/logo\/image\/\"},\"sameAs\":[\"https:\/\/www.facebook.com\/JogaPieknaCom\/\",\"https:\/\/www.instagram.com\/jogapieknacom\/\"]}]}<\/script>\n<!-- \/ Yoast SEO plugin. -->","yoast_head_json":{"title":"Jedwabna gumka do w\u0142os\u00f3w Joga Pi\u0119kna | normal","description":"Jedwabne gumki do w\u0142os\u00f3w, nazywane scrunchies, s\u0105 nie tylko efektowne, ale i niezwykle delikatne \u2014 pomog\u0105 zadba\u0107 o kondycj\u0119 w\u0142os\u00f3w, kt\u00f3re si\u0119 pusz\u0105, elektryzuj\u0105 lub maj\u0105 tendencje do kruszenia.","robots":{"index":"index","follow":"follow","max-snippet":"max-snippet:-1","max-image-preview":"max-image-preview:large","max-video-preview":"max-video-preview:-1"},"canonical":"https:\/\/jogapiekna.com\/en\/product\/jedwabna-gumka-do-wlosow-joga-piekna-normal\/","og_locale":"en_GB","og_type":"article","og_title":"Jedwabna gumka do w\u0142os\u00f3w Joga Pi\u0119kna | normal","og_description":"Jedwabne gumki do w\u0142os\u00f3w, nazywane scrunchies, s\u0105 nie tylko efektowne, ale i niezwykle delikatne \u2014 pomog\u0105 zadba\u0107 o kondycj\u0119 w\u0142os\u00f3w, kt\u00f3re si\u0119 pusz\u0105, elektryzuj\u0105 lub maj\u0105 tendencje do kruszenia.","og_url":"https:\/\/jogapiekna.com\/en\/product\/jedwabna-gumka-do-wlosow-joga-piekna-normal\/","og_site_name":"JOGA PI\u0118KNA | Joga Twarzy","article_publisher":"https:\/\/www.facebook.com\/JogaPieknaCom\/","article_modified_time":"2026-04-01T07:13:16+00:00","og_image":[{"width":1000,"height":1000,"url":"https:\/\/jogapiekna.com\/wp-content\/uploads\/2022\/05\/Jedwabna-gumka-100-do-wlosow-normal_joga-piekna.jpg","type":"image\/jpeg"}],"twitter_card":"summary_large_image","twitter_misc":{"Estimated reading time":"3 minutes"},"schema":{"@context":"https:\/\/schema.org","@graph":[{"@type":"WebPage","@id":"https:\/\/jogapiekna.com\/produkt\/jedwabna-gumka-do-wlosow-joga-piekna-normal\/","url":"https:\/\/jogapiekna.com\/produkt\/jedwabna-gumka-do-wlosow-joga-piekna-normal\/","name":"Jedwabna gumka do w\u0142os\u00f3w Joga Pi\u0119kna | normal","isPartOf":{"@id":"https:\/\/jogapiekna.com\/#website"},"primaryImageOfPage":{"@id":"https:\/\/jogapiekna.com\/produkt\/jedwabna-gumka-do-wlosow-joga-piekna-normal\/#primaryimage"},"image":{"@id":"https:\/\/jogapiekna.com\/produkt\/jedwabna-gumka-do-wlosow-joga-piekna-normal\/#primaryimage"},"thumbnailUrl":"https:\/\/jogapiekna.com\/wp-content\/uploads\/2022\/05\/Jedwabna-gumka-100-do-wlosow-normal_joga-piekna.jpg","datePublished":"2022-05-11T15:32:07+00:00","dateModified":"2026-04-01T07:13:16+00:00","description":"Jedwabne gumki do w\u0142os\u00f3w, nazywane scrunchies, s\u0105 nie tylko efektowne, ale i niezwykle delikatne \u2014 pomog\u0105 zadba\u0107 o kondycj\u0119 w\u0142os\u00f3w, kt\u00f3re si\u0119 pusz\u0105, elektryzuj\u0105 lub maj\u0105 tendencje do kruszenia.","breadcrumb":{"@id":"https:\/\/jogapiekna.com\/produkt\/jedwabna-gumka-do-wlosow-joga-piekna-normal\/#breadcrumb"},"inLanguage":"en-GB","potentialAction":[{"@type":"ReadAction","target":["https:\/\/jogapiekna.com\/produkt\/jedwabna-gumka-do-wlosow-joga-piekna-normal\/"]}]},{"@type":"ImageObject","inLanguage":"en-GB","@id":"https:\/\/jogapiekna.com\/produkt\/jedwabna-gumka-do-wlosow-joga-piekna-normal\/#primaryimage","url":"https:\/\/jogapiekna.com\/wp-content\/uploads\/2022\/05\/Jedwabna-gumka-100-do-wlosow-normal_joga-piekna.jpg","contentUrl":"https:\/\/jogapiekna.com\/wp-content\/uploads\/2022\/05\/Jedwabna-gumka-100-do-wlosow-normal_joga-piekna.jpg","width":1000,"height":1000,"caption":"Jedwabna gumka 100% do w\u0142os\u00f3w | normal"},{"@type":"BreadcrumbList","@id":"https:\/\/jogapiekna.com\/produkt\/jedwabna-gumka-do-wlosow-joga-piekna-normal\/#breadcrumb","itemListElement":[{"@type":"ListItem","position":1,"name":"Strona g\u0142\u00f3wna","item":"https:\/\/jogapiekna.com\/"},{"@type":"ListItem","position":2,"name":"Sklep","item":"https:\/\/jogapiekna.com\/sklep\/"},{"@type":"ListItem","position":3,"name":"Jedwabna gumka 100% do w\u0142os\u00f3w \u2022 normal"}]},{"@type":"WebSite","@id":"https:\/\/jogapiekna.com\/#website","url":"https:\/\/jogapiekna.com\/","name":"Yoga Beauty Marta Kuci\u0144ska","description":"Beauty Yoga helps women to maintain their beauty, reverse the signs of passing time and fatigue, regain a radiant appearance, natural smile and improve their self-esteem.","publisher":{"@id":"https:\/\/jogapiekna.com\/#organization"},"potentialAction":[{"@type":"SearchAction","target":{"@type":"EntryPoint","urlTemplate":"https:\/\/jogapiekna.com\/?s={search_term_string}"},"query-input":{"@type":"PropertyValueSpecification","valueRequired":true,"valueName":"search_term_string"}}],"inLanguage":"en-GB"},{"@type":"Organization","@id":"https:\/\/jogapiekna.com\/#organization","name":"Yoga Beauty Marta Kuci\u0144ska","url":"https:\/\/jogapiekna.com\/","logo":{"@type":"ImageObject","inLanguage":"en-GB","@id":"https:\/\/jogapiekna.com\/#\/schema\/logo\/image\/","url":"https:\/\/jogapiekna.com\/wp-content\/uploads\/2022\/09\/joga-piekna-logo_Rka.png","contentUrl":"https:\/\/jogapiekna.com\/wp-content\/uploads\/2022\/09\/joga-piekna-logo_Rka.png","width":231,"height":124,"caption":"Joga Pi\u0119kna Marta Kuci\u0144ska"},"image":{"@id":"https:\/\/jogapiekna.com\/#\/schema\/logo\/image\/"},"sameAs":["https:\/\/www.facebook.com\/JogaPieknaCom\/","https:\/\/www.instagram.com\/jogapieknacom\/"]}]}},"_links":{"self":[{"href":"https:\/\/jogapiekna.com\/en\/wp-json\/wp\/v2\/product\/82879","targetHints":{"allow":["GET"]}}],"collection":[{"href":"https:\/\/jogapiekna.com\/en\/wp-json\/wp\/v2\/product"}],"about":[{"href":"https:\/\/jogapiekna.com\/en\/wp-json\/wp\/v2\/types\/product"}],"replies":[{"embeddable":true,"href":"https:\/\/jogapiekna.com\/en\/wp-json\/wp\/v2\/comments?post=82879"}],"version-history":[{"count":4,"href":"https:\/\/jogapiekna.com\/en\/wp-json\/wp\/v2\/product\/82879\/revisions"}],"predecessor-version":[{"id":204533,"href":"https:\/\/jogapiekna.com\/en\/wp-json\/wp\/v2\/product\/82879\/revisions\/204533"}],"wp:featuredmedia":[{"embeddable":true,"href":"https:\/\/jogapiekna.com\/en\/wp-json\/wp\/v2\/media\/94322"}],"wp:attachment":[{"href":"https:\/\/jogapiekna.com\/en\/wp-json\/wp\/v2\/media?parent=82879"}],"wp:term":[{"taxonomy":"product_brand","embeddable":true,"href":"https:\/\/jogapiekna.com\/en\/wp-json\/wp\/v2\/product_brand?post=82879"},{"taxonomy":"product_cat","embeddable":true,"href":"https:\/\/jogapiekna.com\/en\/wp-json\/wp\/v2\/product_cat?post=82879"},{"taxonomy":"product_tag","embeddable":true,"href":"https:\/\/jogapiekna.com\/en\/wp-json\/wp\/v2\/product_tag?post=82879"}],"curies":[{"name":"wp","href":"https:\/\/api.w.org\/{rel}","templated":true}]}}