{"id":85244,"date":"2022-06-08T17:40:08","date_gmt":"2022-06-08T15:40:08","guid":{"rendered":"https:\/\/jogapiekna.com\/?post_type=product&#038;p=85244"},"modified":"2026-03-12T13:48:53","modified_gmt":"2026-03-12T12:48:53","slug":"grzebien-masazer-joga-piekna","status":"publish","type":"product","link":"https:\/\/jogapiekna.com\/en\/product\/grzebien-masazer-joga-piekna\/","title":{"rendered":"Rose Quartz Scalp Massage Comb"},"content":{"rendered":"<p>The hairbrush for massaging the scalp, face and body is made of <strong>100% natural rose quartz<\/strong>which is called the stone of love. It owes its color to the elements: Titanium and manganese. For centuries, it has been used as an amulet that relieves anxiety and stress.<\/p>\n<p><strong>You will perform it:<\/strong><\/p>\n<ul>\n<li><strong>facial acupressure<\/strong>, which stimulates energy points,<\/li>\n<li><strong>scalp massage<\/strong>which will take care of the good condition of your hair,<\/li>\n<li><strong>body combing<\/strong>, or <strong>combing the body with a comb<\/strong> - this method is suitable if you are looking for a way to smooth and strengthen your skin or reduce cellulite.<\/li>\n<\/ul>\n<p>&nbsp;<\/p>\n<h2>Body Hairbrush<\/h2>\n<p><strong>Quartz comb massage<\/strong> it causes a number of reactions in our body. It stimulates the circulation of blood and lymph, eliminating stagnation. By adequately stimulating tissues and energy points, it helps reduce body fat. At the same time, it is incredibly relaxing. This allows you to relax blissfully, and with regular use significantly reduces the level of stress.<\/p>\n<p>&nbsp;<\/p>\n<h3>How to do a body massage with a quartz comb?<\/h3>\n<p>Body combing is called body combing for a reason. It involves gentle, sweeping movements. Start from the feet, gently \u201ccombing the skin\u201d upwards, heading towards the heart. It is best to cover the cleansed skin beforehand with your favourite massage oil or serum. I recommend, for example, an oil <a href=\"https:\/\/jogapiekna.com\/en\/product\/citrus-glow-olejek-do-masazu-50ml\/\">Citrus Glow<\/a>. We repeat the movements several times. After that, you can take a shower and apply your favorite lotion.<\/p>\n<p>&nbsp;<\/p>\n<h2>Natural Quartz Scalp Massage Comb<\/h2>\n<p>The natural quartz comb is designed to massage the scalp, which will strengthen the condition of the hair. If you are looking for a method that will speed up hair growth or just want to improve their condition-a regular massage with a quartz comb will quickly give visible results.<\/p>\n<p>&nbsp;<\/p>\n<h3>How to massage your scalp with a quartz comb?<\/h3>\n<p><strong>Quartz comb massage<\/strong> we always do it after cleaning the scalp, that is, washing the hair. We apply a quartz comb to the skin and gently brush the hair in subtle circular motions. To enhance the effect of hair nutrition during massage, you should use your favorite serum or oil, for example. <a href=\"https:\/\/jogapiekna.com\/en\/product\/olej-do-wlosow-amla-120-ml\/\" target=\"_blank\" rel=\"noopener\">Amla Jiva Hair Oil<\/a>. Thanks to the stimulation, the active ingredients will penetrate deep into the skin, which will ensure deep regeneration of the hair and, as a result, their beautiful, healthy radiance.<\/p>\n<p>The ritual should be repeated at least once every 5-7 days. Thanks to systematic massages, you will quickly notice the strengthening of the hair. The scalp will be well supplied with blood, which can reduce problems with repeated dandruff or drying out.<\/p>\n<p>&nbsp;<\/p>\n<h2>Massage the skin with a quartz comb-effects that you will notice<\/h2>\n<ul>\n<li>by stimulating the hair follicles <strong>you will speed up hair growth<\/strong> and you will improve their condition,<\/li>\n<li>your hair will be shiny, strong and more resistant to external damage.,<\/li>\n<li>you will improve blood and lymph circulation,<\/li>\n<li>you will strengthen and smooth the skin, reducing cellulite,<\/li>\n<li>you will get rid of puffiness and relax your muscles,<\/li>\n<li>you will feel deeply relaxed and relaxed, which will have a significant impact on reducing stress.<\/li>\n<\/ul>\n<p>&nbsp;<\/p>\n<h2>We invite you for an individual consultation<\/h2>\n<p>Want to learn more about using a quartz comb? Do you want to customize a personalized massage plan to suit your needs? My name is <strong>Marta Kuci\u0144ska<\/strong> and specializes in natural rejuvenation. I am a biologist by training, a third-degree Ayurveda consultant, and a certified facial yoga teacher. <a href=\"https:\/\/jogapiekna.com\/en\/product-category\/konsultacje-indywidualne\/\" target=\"_blank\" rel=\"noopener\">Take advantage of the consultation<\/a>within the framework of which I will prepare an individual set of practices for you.<\/p>","protected":false},"excerpt":{"rendered":"<p><strong>Quartz comb for scalp and face massage<\/strong> and <strong>bodies<\/strong> it stimulates blood and lymph circulation. Just one session will allow you to relax deeply, which brings with it a lot of aesthetic benefits: a healthy appearance of hair, its shine, rapid growth, as well as a strong strengthening and smoothing of the skin.<br \/>\nThe comb comes with an aesthetic pouch that allows you to take the accessory anywhere (you can always have it in your purse).<br \/>\n<strong>Size:<\/strong> 9cm x 4.5 cm x 0.7 cm (+\/- 0.2 cm)<br \/>\n<strong>Group:<\/strong>\u00a0natural stone-Rose quartz<br \/>\n<strong>Country of origin of the stone:<\/strong>\u00a0South Africa<\/p>","protected":false},"featured_media":94526,"comment_status":"closed","ping_status":"closed","template":"","meta":{"_acf_changed":false,"site-sidebar-layout":"default","site-content-layout":"","ast-site-content-layout":"default","site-content-style":"default","site-sidebar-style":"default","ast-global-header-display":"","ast-banner-title-visibility":"","ast-main-header-display":"","ast-hfb-above-header-display":"","ast-hfb-below-header-display":"","ast-hfb-mobile-header-display":"","site-post-title":"","ast-breadcrumbs-content":"","ast-featured-img":"","footer-sml-layout":"","ast-disable-related-posts":"","theme-transparent-header-meta":"","adv-header-id-meta":"","stick-header-meta":"","header-above-stick-meta":"","header-main-stick-meta":"","header-below-stick-meta":"","astra-migrate-meta-layouts":"default","ast-page-background-enabled":"default","ast-page-background-meta":{"desktop":{"background-color":"var(--ast-global-color-5)","background-image":"","background-repeat":"repeat","background-position":"center center","background-size":"auto","background-attachment":"scroll","background-type":"","background-media":"","overlay-type":"","overlay-color":"","overlay-opacity":"","overlay-gradient":""},"tablet":{"background-color":"","background-image":"","background-repeat":"repeat","background-position":"center center","background-size":"auto","background-attachment":"scroll","background-type":"","background-media":"","overlay-type":"","overlay-color":"","overlay-opacity":"","overlay-gradient":""},"mobile":{"background-color":"","background-image":"","background-repeat":"repeat","background-position":"center center","background-size":"auto","background-attachment":"scroll","background-type":"","background-media":"","overlay-type":"","overlay-color":"","overlay-opacity":"","overlay-gradient":""}},"ast-content-background-meta":{"desktop":{"background-color":"var(--ast-global-color-4)","background-image":"","background-repeat":"repeat","background-position":"center center","background-size":"auto","background-attachment":"scroll","background-type":"","background-media":"","overlay-type":"","overlay-color":"","overlay-opacity":"","overlay-gradient":""},"tablet":{"background-color":"var(--ast-global-color-4)","background-image":"","background-repeat":"repeat","background-position":"center center","background-size":"auto","background-attachment":"scroll","background-type":"","background-media":"","overlay-type":"","overlay-color":"","overlay-opacity":"","overlay-gradient":""},"mobile":{"background-color":"var(--ast-global-color-4)","background-image":"","background-repeat":"repeat","background-position":"center center","background-size":"auto","background-attachment":"scroll","background-type":"","background-media":"","overlay-type":"","overlay-color":"","overlay-opacity":"","overlay-gradient":""}}},"product_brand":[],"product_cat":[21,611,619,610],"product_tag":[565,225,564,566],"class_list":{"0":"post-85244","1":"product","2":"type-product","3":"status-publish","4":"has-post-thumbnail","6":"product_cat-akcesoria","7":"product_cat-gua-sha-rollery","8":"product_cat-masaz-glowy","9":"product_cat-masaz-twarzy-i-szyi","10":"product_tag-grzebien-kwarcowy","11":"product_tag-kwarc-rozowy","12":"product_tag-masaz-glowy","13":"product_tag-relaks","14":"desktop-align-left","15":"tablet-align-left","16":"mobile-align-left","18":"first","19":"instock","20":"taxable","21":"shipping-taxable","22":"purchasable","23":"product-type-simple"},"acf":[],"yoast_head":"<!-- This site is optimized with the Yoast SEO plugin v27.2 - https:\/\/yoast.com\/product\/yoast-seo-wordpress\/ -->\n<title>Grzebie\u0144 do masa\u017cu sk\u00f3ry g\u0142owy z kwarcu JOGA PI\u0118KNA<\/title>\n<meta name=\"description\" content=\"Kwarcowy grzebie\u0144 do masa\u017cu sk\u00f3ry g\u0142owy, twarzy oraz cia\u0142a pobudza kr\u0105\u017cenie krwi i limfy. Ju\u017c jedna sesja pozwoli Ci na g\u0142\u0119boki relaks, kt\u00f3ry niesie ze sob\u0105 ogrom korzy\u015bci estetycznych: zdrowy wygl\u0105d w\u0142os\u00f3w, ich blask, szybki porost, a tak\u017ce silne uj\u0119drnienie i wyg\u0142adzenie sk\u00f3ry.\u00a0\" \/>\n<meta name=\"robots\" content=\"index, follow, max-snippet:-1, max-image-preview:large, max-video-preview:-1\" \/>\n<link rel=\"canonical\" href=\"https:\/\/jogapiekna.com\/en\/product\/grzebien-masazer-joga-piekna\/\" \/>\n<meta property=\"og:locale\" content=\"en_GB\" \/>\n<meta property=\"og:type\" content=\"article\" \/>\n<meta property=\"og:title\" content=\"Grzebie\u0144 do masa\u017cu sk\u00f3ry g\u0142owy z kwarcu JOGA PI\u0118KNA\" \/>\n<meta property=\"og:description\" content=\"Kwarcowy grzebie\u0144 do masa\u017cu sk\u00f3ry g\u0142owy, twarzy oraz cia\u0142a pobudza kr\u0105\u017cenie krwi i limfy. Ju\u017c jedna sesja pozwoli Ci na g\u0142\u0119boki relaks, kt\u00f3ry niesie ze sob\u0105 ogrom korzy\u015bci estetycznych: zdrowy wygl\u0105d w\u0142os\u00f3w, ich blask, szybki porost, a tak\u017ce silne uj\u0119drnienie i wyg\u0142adzenie sk\u00f3ry.\u00a0\" \/>\n<meta property=\"og:url\" content=\"https:\/\/jogapiekna.com\/en\/product\/grzebien-masazer-joga-piekna\/\" \/>\n<meta property=\"og:site_name\" content=\"JOGA PI\u0118KNA | Joga Twarzy\" \/>\n<meta property=\"article:publisher\" content=\"https:\/\/www.facebook.com\/JogaPieknaCom\/\" \/>\n<meta property=\"article:modified_time\" content=\"2026-03-12T12:48:53+00:00\" \/>\n<meta property=\"og:image\" content=\"https:\/\/jogapiekna.com\/wp-content\/uploads\/2022\/06\/Grzebien-do-masazu-skory-glowy-z-rozowego-kwarcu-joga-piekna.jpg\" \/>\n\t<meta property=\"og:image:width\" content=\"1000\" \/>\n\t<meta property=\"og:image:height\" content=\"1000\" \/>\n\t<meta property=\"og:image:type\" content=\"image\/jpeg\" \/>\n<meta name=\"twitter:card\" content=\"summary_large_image\" \/>\n<meta name=\"twitter:label1\" content=\"Estimated reading time\" \/>\n\t<meta name=\"twitter:data1\" content=\"3 minutes\" \/>\n<script type=\"application\/ld+json\" class=\"yoast-schema-graph\">{\"@context\":\"https:\/\/schema.org\",\"@graph\":[{\"@type\":\"WebPage\",\"@id\":\"https:\/\/jogapiekna.com\/produkt\/grzebien-masazer-joga-piekna\/\",\"url\":\"https:\/\/jogapiekna.com\/produkt\/grzebien-masazer-joga-piekna\/\",\"name\":\"Grzebie\u0144 do masa\u017cu sk\u00f3ry g\u0142owy z kwarcu JOGA PI\u0118KNA\",\"isPartOf\":{\"@id\":\"https:\/\/jogapiekna.com\/#website\"},\"primaryImageOfPage\":{\"@id\":\"https:\/\/jogapiekna.com\/produkt\/grzebien-masazer-joga-piekna\/#primaryimage\"},\"image\":{\"@id\":\"https:\/\/jogapiekna.com\/produkt\/grzebien-masazer-joga-piekna\/#primaryimage\"},\"thumbnailUrl\":\"https:\/\/jogapiekna.com\/wp-content\/uploads\/2022\/06\/Grzebien-do-masazu-skory-glowy-z-rozowego-kwarcu-joga-piekna.jpg\",\"datePublished\":\"2022-06-08T15:40:08+00:00\",\"dateModified\":\"2026-03-12T12:48:53+00:00\",\"description\":\"Kwarcowy grzebie\u0144 do masa\u017cu sk\u00f3ry g\u0142owy, twarzy oraz cia\u0142a pobudza kr\u0105\u017cenie krwi i limfy. Ju\u017c jedna sesja pozwoli Ci na g\u0142\u0119boki relaks, kt\u00f3ry niesie ze sob\u0105 ogrom korzy\u015bci estetycznych: zdrowy wygl\u0105d w\u0142os\u00f3w, ich blask, szybki porost, a tak\u017ce silne uj\u0119drnienie i wyg\u0142adzenie sk\u00f3ry.\u00a0\",\"breadcrumb\":{\"@id\":\"https:\/\/jogapiekna.com\/produkt\/grzebien-masazer-joga-piekna\/#breadcrumb\"},\"inLanguage\":\"en-GB\",\"potentialAction\":[{\"@type\":\"ReadAction\",\"target\":[\"https:\/\/jogapiekna.com\/produkt\/grzebien-masazer-joga-piekna\/\"]}]},{\"@type\":\"ImageObject\",\"inLanguage\":\"en-GB\",\"@id\":\"https:\/\/jogapiekna.com\/produkt\/grzebien-masazer-joga-piekna\/#primaryimage\",\"url\":\"https:\/\/jogapiekna.com\/wp-content\/uploads\/2022\/06\/Grzebien-do-masazu-skory-glowy-z-rozowego-kwarcu-joga-piekna.jpg\",\"contentUrl\":\"https:\/\/jogapiekna.com\/wp-content\/uploads\/2022\/06\/Grzebien-do-masazu-skory-glowy-z-rozowego-kwarcu-joga-piekna.jpg\",\"width\":1000,\"height\":1000,\"caption\":\"Grzebie\u0144 do masa\u017cu sk\u00f3ry g\u0142owy z r\u00f3\u017cowego kwarcu\"},{\"@type\":\"BreadcrumbList\",\"@id\":\"https:\/\/jogapiekna.com\/produkt\/grzebien-masazer-joga-piekna\/#breadcrumb\",\"itemListElement\":[{\"@type\":\"ListItem\",\"position\":1,\"name\":\"Strona g\u0142\u00f3wna\",\"item\":\"https:\/\/jogapiekna.com\/\"},{\"@type\":\"ListItem\",\"position\":2,\"name\":\"Sklep\",\"item\":\"https:\/\/jogapiekna.com\/sklep\/\"},{\"@type\":\"ListItem\",\"position\":3,\"name\":\"Grzebie\u0144 do masa\u017cu sk\u00f3ry g\u0142owy z r\u00f3\u017cowego kwarcu\"}]},{\"@type\":\"WebSite\",\"@id\":\"https:\/\/jogapiekna.com\/#website\",\"url\":\"https:\/\/jogapiekna.com\/\",\"name\":\"Joga Pi\u0119kna Marta Kuci\u0144ska\",\"description\":\"Joga Pi\u0119kna pomaga kobietom zachowa\u0107 urod\u0119, cofn\u0105\u0107 oznaki up\u0142ywaj\u0105cego czasu i zm\u0119czenia, odzyska\u0107 promienny wygl\u0105d, naturalny u\u015bmiech i popraw\u0119 w\u0142asnej samooceny.\",\"publisher\":{\"@id\":\"https:\/\/jogapiekna.com\/#organization\"},\"potentialAction\":[{\"@type\":\"SearchAction\",\"target\":{\"@type\":\"EntryPoint\",\"urlTemplate\":\"https:\/\/jogapiekna.com\/?s={search_term_string}\"},\"query-input\":{\"@type\":\"PropertyValueSpecification\",\"valueRequired\":true,\"valueName\":\"search_term_string\"}}],\"inLanguage\":\"en-GB\"},{\"@type\":\"Organization\",\"@id\":\"https:\/\/jogapiekna.com\/#organization\",\"name\":\"Joga Pi\u0119kna Marta Kuci\u0144ska\",\"url\":\"https:\/\/jogapiekna.com\/\",\"logo\":{\"@type\":\"ImageObject\",\"inLanguage\":\"en-GB\",\"@id\":\"https:\/\/jogapiekna.com\/#\/schema\/logo\/image\/\",\"url\":\"https:\/\/jogapiekna.com\/wp-content\/uploads\/2022\/09\/joga-piekna-logo_Rka.png\",\"contentUrl\":\"https:\/\/jogapiekna.com\/wp-content\/uploads\/2022\/09\/joga-piekna-logo_Rka.png\",\"width\":231,\"height\":124,\"caption\":\"Joga Pi\u0119kna Marta Kuci\u0144ska\"},\"image\":{\"@id\":\"https:\/\/jogapiekna.com\/#\/schema\/logo\/image\/\"},\"sameAs\":[\"https:\/\/www.facebook.com\/JogaPieknaCom\/\",\"https:\/\/www.instagram.com\/jogapieknacom\/\"]}]}<\/script>\n<!-- \/ Yoast SEO plugin. -->","yoast_head_json":{"title":"Grzebie\u0144 do masa\u017cu sk\u00f3ry g\u0142owy z kwarcu JOGA PI\u0118KNA","description":"Kwarcowy grzebie\u0144 do masa\u017cu sk\u00f3ry g\u0142owy, twarzy oraz cia\u0142a pobudza kr\u0105\u017cenie krwi i limfy. Ju\u017c jedna sesja pozwoli Ci na g\u0142\u0119boki relaks, kt\u00f3ry niesie ze sob\u0105 ogrom korzy\u015bci estetycznych: zdrowy wygl\u0105d w\u0142os\u00f3w, ich blask, szybki porost, a tak\u017ce silne uj\u0119drnienie i wyg\u0142adzenie sk\u00f3ry.\u00a0","robots":{"index":"index","follow":"follow","max-snippet":"max-snippet:-1","max-image-preview":"max-image-preview:large","max-video-preview":"max-video-preview:-1"},"canonical":"https:\/\/jogapiekna.com\/en\/product\/grzebien-masazer-joga-piekna\/","og_locale":"en_GB","og_type":"article","og_title":"Grzebie\u0144 do masa\u017cu sk\u00f3ry g\u0142owy z kwarcu JOGA PI\u0118KNA","og_description":"Kwarcowy grzebie\u0144 do masa\u017cu sk\u00f3ry g\u0142owy, twarzy oraz cia\u0142a pobudza kr\u0105\u017cenie krwi i limfy. Ju\u017c jedna sesja pozwoli Ci na g\u0142\u0119boki relaks, kt\u00f3ry niesie ze sob\u0105 ogrom korzy\u015bci estetycznych: zdrowy wygl\u0105d w\u0142os\u00f3w, ich blask, szybki porost, a tak\u017ce silne uj\u0119drnienie i wyg\u0142adzenie sk\u00f3ry.\u00a0","og_url":"https:\/\/jogapiekna.com\/en\/product\/grzebien-masazer-joga-piekna\/","og_site_name":"JOGA PI\u0118KNA | Joga Twarzy","article_publisher":"https:\/\/www.facebook.com\/JogaPieknaCom\/","article_modified_time":"2026-03-12T12:48:53+00:00","og_image":[{"width":1000,"height":1000,"url":"https:\/\/jogapiekna.com\/wp-content\/uploads\/2022\/06\/Grzebien-do-masazu-skory-glowy-z-rozowego-kwarcu-joga-piekna.jpg","type":"image\/jpeg"}],"twitter_card":"summary_large_image","twitter_misc":{"Estimated reading time":"3 minutes"},"schema":{"@context":"https:\/\/schema.org","@graph":[{"@type":"WebPage","@id":"https:\/\/jogapiekna.com\/produkt\/grzebien-masazer-joga-piekna\/","url":"https:\/\/jogapiekna.com\/produkt\/grzebien-masazer-joga-piekna\/","name":"Grzebie\u0144 do masa\u017cu sk\u00f3ry g\u0142owy z kwarcu JOGA PI\u0118KNA","isPartOf":{"@id":"https:\/\/jogapiekna.com\/#website"},"primaryImageOfPage":{"@id":"https:\/\/jogapiekna.com\/produkt\/grzebien-masazer-joga-piekna\/#primaryimage"},"image":{"@id":"https:\/\/jogapiekna.com\/produkt\/grzebien-masazer-joga-piekna\/#primaryimage"},"thumbnailUrl":"https:\/\/jogapiekna.com\/wp-content\/uploads\/2022\/06\/Grzebien-do-masazu-skory-glowy-z-rozowego-kwarcu-joga-piekna.jpg","datePublished":"2022-06-08T15:40:08+00:00","dateModified":"2026-03-12T12:48:53+00:00","description":"Kwarcowy grzebie\u0144 do masa\u017cu sk\u00f3ry g\u0142owy, twarzy oraz cia\u0142a pobudza kr\u0105\u017cenie krwi i limfy. Ju\u017c jedna sesja pozwoli Ci na g\u0142\u0119boki relaks, kt\u00f3ry niesie ze sob\u0105 ogrom korzy\u015bci estetycznych: zdrowy wygl\u0105d w\u0142os\u00f3w, ich blask, szybki porost, a tak\u017ce silne uj\u0119drnienie i wyg\u0142adzenie sk\u00f3ry.\u00a0","breadcrumb":{"@id":"https:\/\/jogapiekna.com\/produkt\/grzebien-masazer-joga-piekna\/#breadcrumb"},"inLanguage":"en-GB","potentialAction":[{"@type":"ReadAction","target":["https:\/\/jogapiekna.com\/produkt\/grzebien-masazer-joga-piekna\/"]}]},{"@type":"ImageObject","inLanguage":"en-GB","@id":"https:\/\/jogapiekna.com\/produkt\/grzebien-masazer-joga-piekna\/#primaryimage","url":"https:\/\/jogapiekna.com\/wp-content\/uploads\/2022\/06\/Grzebien-do-masazu-skory-glowy-z-rozowego-kwarcu-joga-piekna.jpg","contentUrl":"https:\/\/jogapiekna.com\/wp-content\/uploads\/2022\/06\/Grzebien-do-masazu-skory-glowy-z-rozowego-kwarcu-joga-piekna.jpg","width":1000,"height":1000,"caption":"Grzebie\u0144 do masa\u017cu sk\u00f3ry g\u0142owy z r\u00f3\u017cowego kwarcu"},{"@type":"BreadcrumbList","@id":"https:\/\/jogapiekna.com\/produkt\/grzebien-masazer-joga-piekna\/#breadcrumb","itemListElement":[{"@type":"ListItem","position":1,"name":"Strona g\u0142\u00f3wna","item":"https:\/\/jogapiekna.com\/"},{"@type":"ListItem","position":2,"name":"Sklep","item":"https:\/\/jogapiekna.com\/sklep\/"},{"@type":"ListItem","position":3,"name":"Grzebie\u0144 do masa\u017cu sk\u00f3ry g\u0142owy z r\u00f3\u017cowego kwarcu"}]},{"@type":"WebSite","@id":"https:\/\/jogapiekna.com\/#website","url":"https:\/\/jogapiekna.com\/","name":"Yoga Beauty Marta Kuci\u0144ska","description":"Beauty Yoga helps women to maintain their beauty, reverse the signs of passing time and fatigue, regain a radiant appearance, natural smile and improve their self-esteem.","publisher":{"@id":"https:\/\/jogapiekna.com\/#organization"},"potentialAction":[{"@type":"SearchAction","target":{"@type":"EntryPoint","urlTemplate":"https:\/\/jogapiekna.com\/?s={search_term_string}"},"query-input":{"@type":"PropertyValueSpecification","valueRequired":true,"valueName":"search_term_string"}}],"inLanguage":"en-GB"},{"@type":"Organization","@id":"https:\/\/jogapiekna.com\/#organization","name":"Yoga Beauty Marta Kuci\u0144ska","url":"https:\/\/jogapiekna.com\/","logo":{"@type":"ImageObject","inLanguage":"en-GB","@id":"https:\/\/jogapiekna.com\/#\/schema\/logo\/image\/","url":"https:\/\/jogapiekna.com\/wp-content\/uploads\/2022\/09\/joga-piekna-logo_Rka.png","contentUrl":"https:\/\/jogapiekna.com\/wp-content\/uploads\/2022\/09\/joga-piekna-logo_Rka.png","width":231,"height":124,"caption":"Joga Pi\u0119kna Marta Kuci\u0144ska"},"image":{"@id":"https:\/\/jogapiekna.com\/#\/schema\/logo\/image\/"},"sameAs":["https:\/\/www.facebook.com\/JogaPieknaCom\/","https:\/\/www.instagram.com\/jogapieknacom\/"]}]}},"_links":{"self":[{"href":"https:\/\/jogapiekna.com\/en\/wp-json\/wp\/v2\/product\/85244","targetHints":{"allow":["GET"]}}],"collection":[{"href":"https:\/\/jogapiekna.com\/en\/wp-json\/wp\/v2\/product"}],"about":[{"href":"https:\/\/jogapiekna.com\/en\/wp-json\/wp\/v2\/types\/product"}],"replies":[{"embeddable":true,"href":"https:\/\/jogapiekna.com\/en\/wp-json\/wp\/v2\/comments?post=85244"}],"version-history":[{"count":2,"href":"https:\/\/jogapiekna.com\/en\/wp-json\/wp\/v2\/product\/85244\/revisions"}],"predecessor-version":[{"id":211187,"href":"https:\/\/jogapiekna.com\/en\/wp-json\/wp\/v2\/product\/85244\/revisions\/211187"}],"wp:featuredmedia":[{"embeddable":true,"href":"https:\/\/jogapiekna.com\/en\/wp-json\/wp\/v2\/media\/94526"}],"wp:attachment":[{"href":"https:\/\/jogapiekna.com\/en\/wp-json\/wp\/v2\/media?parent=85244"}],"wp:term":[{"taxonomy":"product_brand","embeddable":true,"href":"https:\/\/jogapiekna.com\/en\/wp-json\/wp\/v2\/product_brand?post=85244"},{"taxonomy":"product_cat","embeddable":true,"href":"https:\/\/jogapiekna.com\/en\/wp-json\/wp\/v2\/product_cat?post=85244"},{"taxonomy":"product_tag","embeddable":true,"href":"https:\/\/jogapiekna.com\/en\/wp-json\/wp\/v2\/product_tag?post=85244"}],"curies":[{"name":"wp","href":"https:\/\/api.w.org\/{rel}","templated":true}]}}