{"id":87640,"date":"2022-06-26T21:33:53","date_gmt":"2022-06-26T19:33:53","guid":{"rendered":"https:\/\/jogapiekna.com\/?post_type=product&#038;p=87640"},"modified":"2026-04-06T18:54:54","modified_gmt":"2026-04-06T16:54:54","slug":"poszewka-travel-na-poduszke-bye-bye-wrinkles-dwustronna","status":"publish","type":"product","link":"https:\/\/jogapiekna.com\/en\/product\/poszewka-travel-na-poduszke-bye-bye-wrinkles-dwustronna\/","title":{"rendered":"MINKY travel pillowcase Bye Bye Wrinkles - reversible"},"content":{"rendered":"<h2>Pillowcase in double-sided MINKY fabric - ideal for any journey<\/h2>\n<p>If you already own our cushion and can't imagine having to part with it for a trip, for example, we come up with a brilliant solution!<\/p>\n<p>The Minky Travel pillowcase is shaped like a butterfly and has been designed with Bye Bye Wrinkles anti-wrinkle pillows in mind, which take care of the condition of your skin while you sleep. In this way, you combine two interests - on the one hand, you take care of your comfort while travelling and staying away from home, and on the other hand, you take care of the condition of your skin, waking up in the morning rested with a radiant complexion, without puffiness or creases.<\/p>\n<p>The special Minky Travel pillow cover is a combination of two types of fabric - the <strong>cotton satin<\/strong> and <strong>soft touch polyester fabric called \"minky\".<\/strong>which is ideal for travelling as well as everyday use. You decide which side of the pillowcase is comfortable for you at any given time.<\/p>\n<p>&nbsp;<\/p>\n<h3>Minky Travel pillowcase - who is it ideal for?<\/h3>\n<ul>\n<li>for people who travel a lot<\/li>\n<li>for children<\/li>\n<li>for lovers of soft, plush pillowcases that are pleasant to the touch<\/li>\n<li>for people who value high comfort<\/li>\n<\/ul>\n<p>&nbsp;<\/p>\n<h2>Anti-wrinkle Pillow <em>Bye Bye Wrinkles<\/em> - what is it?<\/h2>\n<p><a href=\"https:\/\/jogapiekna.com\/en\/product-category\/poduszki-antyzmarszczkowe\/\">Pillow <em>Bye Bye Wrinkles<\/em><\/a> this <strong>guarantee a wrinkle-free sleep experience<\/strong>. A unique product that minimises the folds of skin on the face during sleep, thus reducing wrinkles that develop during the night, including under the eyes, on the temples, between the eyebrows, on the chin and on the cheeks. The winged cut-outs help to reduce contact between delicate facial tissues and the pillow, and provide comfortable support for the forehead and jaw.<\/p>\n<p>The Bye Bye Wrinkles pillow will appeal to those who sleep on their side and on their back-the comfortable ergonomic shape allows you to properly support the cervical region, while maintaining the correct position of this part of the spine. At the same time, the optimal size ensures that the face does not move to another place during sleep, and when turning the head to the side, the face is constantly protected from creases.<\/p>\n<p>&nbsp;<\/p>\n<h2>Minky pillowcase - fabric properties<\/h2>\n<ul>\n<li>The minky fabric is very soft and feels good until you want to stroke it. This, of course, affects the comfort of sleep.<\/li>\n<li>The minky material has the ability to retain heat, making the pillow ideal for cold evenings.<\/li>\n<li>This is an extremely strong and wear-resistant fabric that will suit you if you travel a lot.<\/li>\n<\/ul>\n<p>&nbsp;<\/p>\n<h2>Cotton satin pillowcase - fabric properties<\/h2>\n<ul>\n<li>Sateen cotton is a natural vegetable fiber.<\/li>\n<li>It is also pleasant and soft to the touch-it does not cause irritation.<\/li>\n<li>It has breathable properties, which means it allows air to circulate freely.<\/li>\n<li>It is suitable for warm days when you do not want to &#034;cuddle&#034; with plush.<\/li>\n<\/ul>\n<p>&nbsp;<\/p>\n<h2>Travel Minky pillowcase care<\/h2>\n<p>Double-sided Anti-wrinkle pillow Cover <strong>it is equipped with a zipper closure<\/strong>so you can remove it easily and quickly. The cotton and Minky fabric pillowcase is very easy to use and care for.<\/p>\n<p>Use mild detergents that do not contain bleach or strong chemicals. It is a good idea to wash your pillowcase with similar colours to avoid discolouration. Air drying your pillowcase is most recommended, but if you use a tumble dryer, set it on a low temperature to avoid damaging the fabric.<\/p>\n<p>Please refer to the care instructions included with the pillowcase for details.<\/p>\n<p>&nbsp;<\/p>\n<h3>Additional information<\/h3>\n<ul>\n<li>The pillowcase is a hygienic product and is not returnable.<\/li>\n<li>A patented and legally protected design (Article 26027).<\/li>\n<\/ul>","protected":false},"excerpt":{"rendered":"<p><strong>Minky Travel pillowcase<\/strong> is the best choice if you are going on a trip and want to take your beloved Bye Bye Wrinkles anti-wrinkle pillow with you. It combines two types of fabric: soft polyester Minky fabric and cotton satin, ideal for those who appreciate natural fibres. This guarantees a comfortable sleep, whatever the conditions.<\/p>\n<ul>\n<li>Side number 1: 97% polyester, 3% elastane (minky)<\/li>\n<li>Side number 2: 100% cotton<\/li>\n<li>The pillowcase is fitted with a zip<\/li>\n<\/ul>","protected":false},"featured_media":202170,"comment_status":"closed","ping_status":"closed","template":"","meta":{"_acf_changed":false,"site-sidebar-layout":"default","site-content-layout":"","ast-site-content-layout":"default","site-content-style":"default","site-sidebar-style":"default","ast-global-header-display":"","ast-banner-title-visibility":"","ast-main-header-display":"","ast-hfb-above-header-display":"","ast-hfb-below-header-display":"","ast-hfb-mobile-header-display":"","site-post-title":"","ast-breadcrumbs-content":"","ast-featured-img":"","footer-sml-layout":"","ast-disable-related-posts":"","theme-transparent-header-meta":"default","adv-header-id-meta":"","stick-header-meta":"","header-above-stick-meta":"","header-main-stick-meta":"","header-below-stick-meta":"","astra-migrate-meta-layouts":"set","ast-page-background-enabled":"default","ast-page-background-meta":{"desktop":{"background-color":"var(--ast-global-color-5)","background-image":"","background-repeat":"repeat","background-position":"center center","background-size":"auto","background-attachment":"scroll","background-type":"","background-media":"","overlay-type":"","overlay-color":"","overlay-opacity":"","overlay-gradient":""},"tablet":{"background-color":"","background-image":"","background-repeat":"repeat","background-position":"center center","background-size":"auto","background-attachment":"scroll","background-type":"","background-media":"","overlay-type":"","overlay-color":"","overlay-opacity":"","overlay-gradient":""},"mobile":{"background-color":"","background-image":"","background-repeat":"repeat","background-position":"center center","background-size":"auto","background-attachment":"scroll","background-type":"","background-media":"","overlay-type":"","overlay-color":"","overlay-opacity":"","overlay-gradient":""}},"ast-content-background-meta":{"desktop":{"background-color":"var(--ast-global-color-4)","background-image":"","background-repeat":"repeat","background-position":"center center","background-size":"auto","background-attachment":"scroll","background-type":"","background-media":"","overlay-type":"","overlay-color":"","overlay-opacity":"","overlay-gradient":""},"tablet":{"background-color":"var(--ast-global-color-4)","background-image":"","background-repeat":"repeat","background-position":"center center","background-size":"auto","background-attachment":"scroll","background-type":"","background-media":"","overlay-type":"","overlay-color":"","overlay-opacity":"","overlay-gradient":""},"mobile":{"background-color":"var(--ast-global-color-4)","background-image":"","background-repeat":"repeat","background-position":"center center","background-size":"auto","background-attachment":"scroll","background-type":"","background-media":"","overlay-type":"","overlay-color":"","overlay-opacity":"","overlay-gradient":""}}},"product_brand":[],"product_cat":[695,117],"product_tag":[174,262,256,255,568,173,264,263],"class_list":{"0":"post-87640","1":"product","2":"type-product","3":"status-publish","4":"has-post-thumbnail","6":"product_cat-do-poduszek-classic-natural-travel","7":"product_cat-poszewki-do-poduszek","8":"product_tag-byebyewrinkles","9":"product_tag-likwidowanie-zmarszczek","10":"product_tag-pielegnacja-skory","11":"product_tag-pielegnacja-twarzy","12":"product_tag-podroz","13":"product_tag-poduszka-antyzmarszczkowa","14":"product_tag-zapobieganie-zmarszczkom","15":"product_tag-zdrowy-sen","16":"desktop-align-left","17":"tablet-align-left","18":"mobile-align-left","20":"first","21":"instock","22":"taxable","23":"shipping-taxable","24":"purchasable","25":"product-type-variable"},"acf":[],"yoast_head":"<!-- This site is optimized with the Yoast SEO plugin v27.2 - https:\/\/yoast.com\/product\/yoast-seo-wordpress\/ -->\n<title>Poszewka MINKY na poduszk\u0119 Bye Bye Wrinkles<\/title>\n<meta name=\"description\" content=\"Poszewka na poduszk\u0119 podr\u00f3\u017cn\u0105 Bye Bye Wrinkles z dwustronnego materia\u0142u Minky to wyb\u00f3r dla mi\u0142o\u015bnik\u00f3w wygody w podr\u00f3\u017cy. Zam\u00f3w online.\" \/>\n<meta name=\"robots\" content=\"index, follow, max-snippet:-1, max-image-preview:large, max-video-preview:-1\" \/>\n<link rel=\"canonical\" href=\"https:\/\/jogapiekna.com\/en\/product\/poszewka-travel-na-poduszke-bye-bye-wrinkles-dwustronna\/\" \/>\n<meta property=\"og:locale\" content=\"en_GB\" \/>\n<meta property=\"og:type\" content=\"article\" \/>\n<meta property=\"og:title\" content=\"Poszewka MINKY na poduszk\u0119 Bye Bye Wrinkles\" \/>\n<meta property=\"og:description\" content=\"Poszewka na poduszk\u0119 podr\u00f3\u017cn\u0105 Bye Bye Wrinkles z dwustronnego materia\u0142u Minky to wyb\u00f3r dla mi\u0142o\u015bnik\u00f3w wygody w podr\u00f3\u017cy. Zam\u00f3w online.\" \/>\n<meta property=\"og:url\" content=\"https:\/\/jogapiekna.com\/en\/product\/poszewka-travel-na-poduszke-bye-bye-wrinkles-dwustronna\/\" \/>\n<meta property=\"og:site_name\" content=\"JOGA PI\u0118KNA | Joga Twarzy\" \/>\n<meta property=\"article:publisher\" content=\"https:\/\/www.facebook.com\/JogaPieknaCom\/\" \/>\n<meta property=\"article:modified_time\" content=\"2026-04-06T16:54:54+00:00\" \/>\n<meta property=\"og:image\" content=\"https:\/\/jogapiekna.com\/wp-content\/uploads\/2022\/06\/poszewka-TRAVEL-do-poduszki-antyzmarszczkowej-ByeByeWrinkles-kolory_2025.jpg\" \/>\n\t<meta property=\"og:image:width\" content=\"1000\" \/>\n\t<meta property=\"og:image:height\" content=\"1000\" \/>\n\t<meta property=\"og:image:type\" content=\"image\/jpeg\" \/>\n<meta name=\"twitter:card\" content=\"summary_large_image\" \/>\n<meta name=\"twitter:label1\" content=\"Estimated reading time\" \/>\n\t<meta name=\"twitter:data1\" content=\"4 minutes\" \/>\n<script type=\"application\/ld+json\" class=\"yoast-schema-graph\">{\"@context\":\"https:\/\/schema.org\",\"@graph\":[{\"@type\":\"WebPage\",\"@id\":\"https:\/\/jogapiekna.com\/produkt\/poszewka-travel-na-poduszke-bye-bye-wrinkles-dwustronna\/\",\"url\":\"https:\/\/jogapiekna.com\/produkt\/poszewka-travel-na-poduszke-bye-bye-wrinkles-dwustronna\/\",\"name\":\"Poszewka MINKY na poduszk\u0119 Bye Bye Wrinkles\",\"isPartOf\":{\"@id\":\"https:\/\/jogapiekna.com\/#website\"},\"primaryImageOfPage\":{\"@id\":\"https:\/\/jogapiekna.com\/produkt\/poszewka-travel-na-poduszke-bye-bye-wrinkles-dwustronna\/#primaryimage\"},\"image\":{\"@id\":\"https:\/\/jogapiekna.com\/produkt\/poszewka-travel-na-poduszke-bye-bye-wrinkles-dwustronna\/#primaryimage\"},\"thumbnailUrl\":\"https:\/\/jogapiekna.com\/wp-content\/uploads\/2022\/06\/poszewka-TRAVEL-do-poduszki-antyzmarszczkowej-ByeByeWrinkles-kolory_2025.jpg\",\"datePublished\":\"2022-06-26T19:33:53+00:00\",\"dateModified\":\"2026-04-06T16:54:54+00:00\",\"description\":\"Poszewka na poduszk\u0119 podr\u00f3\u017cn\u0105 Bye Bye Wrinkles z dwustronnego materia\u0142u Minky to wyb\u00f3r dla mi\u0142o\u015bnik\u00f3w wygody w podr\u00f3\u017cy. Zam\u00f3w online.\",\"breadcrumb\":{\"@id\":\"https:\/\/jogapiekna.com\/produkt\/poszewka-travel-na-poduszke-bye-bye-wrinkles-dwustronna\/#breadcrumb\"},\"inLanguage\":\"en-GB\",\"potentialAction\":[{\"@type\":\"ReadAction\",\"target\":[\"https:\/\/jogapiekna.com\/produkt\/poszewka-travel-na-poduszke-bye-bye-wrinkles-dwustronna\/\"]}]},{\"@type\":\"ImageObject\",\"inLanguage\":\"en-GB\",\"@id\":\"https:\/\/jogapiekna.com\/produkt\/poszewka-travel-na-poduszke-bye-bye-wrinkles-dwustronna\/#primaryimage\",\"url\":\"https:\/\/jogapiekna.com\/wp-content\/uploads\/2022\/06\/poszewka-TRAVEL-do-poduszki-antyzmarszczkowej-ByeByeWrinkles-kolory_2025.jpg\",\"contentUrl\":\"https:\/\/jogapiekna.com\/wp-content\/uploads\/2022\/06\/poszewka-TRAVEL-do-poduszki-antyzmarszczkowej-ByeByeWrinkles-kolory_2025.jpg\",\"width\":1000,\"height\":1000,\"caption\":\"Poszewka podr\u00f3\u017cna do poduszki antyzmarszczkowej Bye Bye Wrinkles\"},{\"@type\":\"BreadcrumbList\",\"@id\":\"https:\/\/jogapiekna.com\/produkt\/poszewka-travel-na-poduszke-bye-bye-wrinkles-dwustronna\/#breadcrumb\",\"itemListElement\":[{\"@type\":\"ListItem\",\"position\":1,\"name\":\"Strona g\u0142\u00f3wna\",\"item\":\"https:\/\/jogapiekna.com\/\"},{\"@type\":\"ListItem\",\"position\":2,\"name\":\"Sklep\",\"item\":\"https:\/\/jogapiekna.com\/sklep\/\"},{\"@type\":\"ListItem\",\"position\":3,\"name\":\"Poszewka MINKY travel na poduszk\u0119 Bye Bye Wrinkles \u2013 dwustronna\"}]},{\"@type\":\"WebSite\",\"@id\":\"https:\/\/jogapiekna.com\/#website\",\"url\":\"https:\/\/jogapiekna.com\/\",\"name\":\"Joga Pi\u0119kna Marta Kuci\u0144ska\",\"description\":\"Joga Pi\u0119kna pomaga kobietom zachowa\u0107 urod\u0119, cofn\u0105\u0107 oznaki up\u0142ywaj\u0105cego czasu i zm\u0119czenia, odzyska\u0107 promienny wygl\u0105d, naturalny u\u015bmiech i popraw\u0119 w\u0142asnej samooceny.\",\"publisher\":{\"@id\":\"https:\/\/jogapiekna.com\/#organization\"},\"potentialAction\":[{\"@type\":\"SearchAction\",\"target\":{\"@type\":\"EntryPoint\",\"urlTemplate\":\"https:\/\/jogapiekna.com\/?s={search_term_string}\"},\"query-input\":{\"@type\":\"PropertyValueSpecification\",\"valueRequired\":true,\"valueName\":\"search_term_string\"}}],\"inLanguage\":\"en-GB\"},{\"@type\":\"Organization\",\"@id\":\"https:\/\/jogapiekna.com\/#organization\",\"name\":\"Joga Pi\u0119kna Marta Kuci\u0144ska\",\"url\":\"https:\/\/jogapiekna.com\/\",\"logo\":{\"@type\":\"ImageObject\",\"inLanguage\":\"en-GB\",\"@id\":\"https:\/\/jogapiekna.com\/#\/schema\/logo\/image\/\",\"url\":\"https:\/\/jogapiekna.com\/wp-content\/uploads\/2022\/09\/joga-piekna-logo_Rka.png\",\"contentUrl\":\"https:\/\/jogapiekna.com\/wp-content\/uploads\/2022\/09\/joga-piekna-logo_Rka.png\",\"width\":231,\"height\":124,\"caption\":\"Joga Pi\u0119kna Marta Kuci\u0144ska\"},\"image\":{\"@id\":\"https:\/\/jogapiekna.com\/#\/schema\/logo\/image\/\"},\"sameAs\":[\"https:\/\/www.facebook.com\/JogaPieknaCom\/\",\"https:\/\/www.instagram.com\/jogapieknacom\/\"]}]}<\/script>\n<!-- \/ Yoast SEO plugin. -->","yoast_head_json":{"title":"Poszewka MINKY na poduszk\u0119 Bye Bye Wrinkles","description":"Poszewka na poduszk\u0119 podr\u00f3\u017cn\u0105 Bye Bye Wrinkles z dwustronnego materia\u0142u Minky to wyb\u00f3r dla mi\u0142o\u015bnik\u00f3w wygody w podr\u00f3\u017cy. Zam\u00f3w online.","robots":{"index":"index","follow":"follow","max-snippet":"max-snippet:-1","max-image-preview":"max-image-preview:large","max-video-preview":"max-video-preview:-1"},"canonical":"https:\/\/jogapiekna.com\/en\/product\/poszewka-travel-na-poduszke-bye-bye-wrinkles-dwustronna\/","og_locale":"en_GB","og_type":"article","og_title":"Poszewka MINKY na poduszk\u0119 Bye Bye Wrinkles","og_description":"Poszewka na poduszk\u0119 podr\u00f3\u017cn\u0105 Bye Bye Wrinkles z dwustronnego materia\u0142u Minky to wyb\u00f3r dla mi\u0142o\u015bnik\u00f3w wygody w podr\u00f3\u017cy. Zam\u00f3w online.","og_url":"https:\/\/jogapiekna.com\/en\/product\/poszewka-travel-na-poduszke-bye-bye-wrinkles-dwustronna\/","og_site_name":"JOGA PI\u0118KNA | Joga Twarzy","article_publisher":"https:\/\/www.facebook.com\/JogaPieknaCom\/","article_modified_time":"2026-04-06T16:54:54+00:00","og_image":[{"width":1000,"height":1000,"url":"https:\/\/jogapiekna.com\/wp-content\/uploads\/2022\/06\/poszewka-TRAVEL-do-poduszki-antyzmarszczkowej-ByeByeWrinkles-kolory_2025.jpg","type":"image\/jpeg"}],"twitter_card":"summary_large_image","twitter_misc":{"Estimated reading time":"4 minutes"},"schema":{"@context":"https:\/\/schema.org","@graph":[{"@type":"WebPage","@id":"https:\/\/jogapiekna.com\/produkt\/poszewka-travel-na-poduszke-bye-bye-wrinkles-dwustronna\/","url":"https:\/\/jogapiekna.com\/produkt\/poszewka-travel-na-poduszke-bye-bye-wrinkles-dwustronna\/","name":"Poszewka MINKY na poduszk\u0119 Bye Bye Wrinkles","isPartOf":{"@id":"https:\/\/jogapiekna.com\/#website"},"primaryImageOfPage":{"@id":"https:\/\/jogapiekna.com\/produkt\/poszewka-travel-na-poduszke-bye-bye-wrinkles-dwustronna\/#primaryimage"},"image":{"@id":"https:\/\/jogapiekna.com\/produkt\/poszewka-travel-na-poduszke-bye-bye-wrinkles-dwustronna\/#primaryimage"},"thumbnailUrl":"https:\/\/jogapiekna.com\/wp-content\/uploads\/2022\/06\/poszewka-TRAVEL-do-poduszki-antyzmarszczkowej-ByeByeWrinkles-kolory_2025.jpg","datePublished":"2022-06-26T19:33:53+00:00","dateModified":"2026-04-06T16:54:54+00:00","description":"Poszewka na poduszk\u0119 podr\u00f3\u017cn\u0105 Bye Bye Wrinkles z dwustronnego materia\u0142u Minky to wyb\u00f3r dla mi\u0142o\u015bnik\u00f3w wygody w podr\u00f3\u017cy. Zam\u00f3w online.","breadcrumb":{"@id":"https:\/\/jogapiekna.com\/produkt\/poszewka-travel-na-poduszke-bye-bye-wrinkles-dwustronna\/#breadcrumb"},"inLanguage":"en-GB","potentialAction":[{"@type":"ReadAction","target":["https:\/\/jogapiekna.com\/produkt\/poszewka-travel-na-poduszke-bye-bye-wrinkles-dwustronna\/"]}]},{"@type":"ImageObject","inLanguage":"en-GB","@id":"https:\/\/jogapiekna.com\/produkt\/poszewka-travel-na-poduszke-bye-bye-wrinkles-dwustronna\/#primaryimage","url":"https:\/\/jogapiekna.com\/wp-content\/uploads\/2022\/06\/poszewka-TRAVEL-do-poduszki-antyzmarszczkowej-ByeByeWrinkles-kolory_2025.jpg","contentUrl":"https:\/\/jogapiekna.com\/wp-content\/uploads\/2022\/06\/poszewka-TRAVEL-do-poduszki-antyzmarszczkowej-ByeByeWrinkles-kolory_2025.jpg","width":1000,"height":1000,"caption":"Poszewka podr\u00f3\u017cna do poduszki antyzmarszczkowej Bye Bye Wrinkles"},{"@type":"BreadcrumbList","@id":"https:\/\/jogapiekna.com\/produkt\/poszewka-travel-na-poduszke-bye-bye-wrinkles-dwustronna\/#breadcrumb","itemListElement":[{"@type":"ListItem","position":1,"name":"Strona g\u0142\u00f3wna","item":"https:\/\/jogapiekna.com\/"},{"@type":"ListItem","position":2,"name":"Sklep","item":"https:\/\/jogapiekna.com\/sklep\/"},{"@type":"ListItem","position":3,"name":"Poszewka MINKY travel na poduszk\u0119 Bye Bye Wrinkles \u2013 dwustronna"}]},{"@type":"WebSite","@id":"https:\/\/jogapiekna.com\/#website","url":"https:\/\/jogapiekna.com\/","name":"Yoga Beauty Marta Kuci\u0144ska","description":"Beauty Yoga helps women to maintain their beauty, reverse the signs of passing time and fatigue, regain a radiant appearance, natural smile and improve their self-esteem.","publisher":{"@id":"https:\/\/jogapiekna.com\/#organization"},"potentialAction":[{"@type":"SearchAction","target":{"@type":"EntryPoint","urlTemplate":"https:\/\/jogapiekna.com\/?s={search_term_string}"},"query-input":{"@type":"PropertyValueSpecification","valueRequired":true,"valueName":"search_term_string"}}],"inLanguage":"en-GB"},{"@type":"Organization","@id":"https:\/\/jogapiekna.com\/#organization","name":"Yoga Beauty Marta Kuci\u0144ska","url":"https:\/\/jogapiekna.com\/","logo":{"@type":"ImageObject","inLanguage":"en-GB","@id":"https:\/\/jogapiekna.com\/#\/schema\/logo\/image\/","url":"https:\/\/jogapiekna.com\/wp-content\/uploads\/2022\/09\/joga-piekna-logo_Rka.png","contentUrl":"https:\/\/jogapiekna.com\/wp-content\/uploads\/2022\/09\/joga-piekna-logo_Rka.png","width":231,"height":124,"caption":"Joga Pi\u0119kna Marta Kuci\u0144ska"},"image":{"@id":"https:\/\/jogapiekna.com\/#\/schema\/logo\/image\/"},"sameAs":["https:\/\/www.facebook.com\/JogaPieknaCom\/","https:\/\/www.instagram.com\/jogapieknacom\/"]}]}},"_links":{"self":[{"href":"https:\/\/jogapiekna.com\/en\/wp-json\/wp\/v2\/product\/87640","targetHints":{"allow":["GET"]}}],"collection":[{"href":"https:\/\/jogapiekna.com\/en\/wp-json\/wp\/v2\/product"}],"about":[{"href":"https:\/\/jogapiekna.com\/en\/wp-json\/wp\/v2\/types\/product"}],"replies":[{"embeddable":true,"href":"https:\/\/jogapiekna.com\/en\/wp-json\/wp\/v2\/comments?post=87640"}],"version-history":[{"count":2,"href":"https:\/\/jogapiekna.com\/en\/wp-json\/wp\/v2\/product\/87640\/revisions"}],"predecessor-version":[{"id":211170,"href":"https:\/\/jogapiekna.com\/en\/wp-json\/wp\/v2\/product\/87640\/revisions\/211170"}],"wp:featuredmedia":[{"embeddable":true,"href":"https:\/\/jogapiekna.com\/en\/wp-json\/wp\/v2\/media\/202170"}],"wp:attachment":[{"href":"https:\/\/jogapiekna.com\/en\/wp-json\/wp\/v2\/media?parent=87640"}],"wp:term":[{"taxonomy":"product_brand","embeddable":true,"href":"https:\/\/jogapiekna.com\/en\/wp-json\/wp\/v2\/product_brand?post=87640"},{"taxonomy":"product_cat","embeddable":true,"href":"https:\/\/jogapiekna.com\/en\/wp-json\/wp\/v2\/product_cat?post=87640"},{"taxonomy":"product_tag","embeddable":true,"href":"https:\/\/jogapiekna.com\/en\/wp-json\/wp\/v2\/product_tag?post=87640"}],"curies":[{"name":"wp","href":"https:\/\/api.w.org\/{rel}","templated":true}]}}